{"id":13227,"date":"2024-06-16T14:24:16","date_gmt":"2024-06-16T14:24:16","guid":{"rendered":"https:\/\/starlediluminacion.com\/?post_type=product&#038;p=13227"},"modified":"2024-09-15T11:49:57","modified_gmt":"2024-09-15T11:49:57","slug":"regulador-led-triac-15-1000w-dimmer-ac-220v","status":"publish","type":"product","link":"https:\/\/starlediluminacion.com\/fr\/product\/regulador-led-triac-15-1000w-dimmer-ac-220v\/","title":{"rendered":"<p>Variateur LED Triac 15-1000W Variateur AC 220V<\/p>"},"content":{"rendered":"<h1>Variateur LED Triac 15-1000W Variateur AC 220V<p>Le Triac 1000W Dimmer LED Wall Dimmer 220V AC est un produit exceptionnel con\u00e7u pour vous donner un contr\u00f4le total sur l'\u00e9clairage de votre maison ou de votre bureau. Fabriqu\u00e9 avec des mat\u00e9riaux de haute qualit\u00e9, ce variateur se distingue par sa durabilit\u00e9 et sa fonctionnalit\u00e9.<\/p><p>Le d\u00e9tendeur est fabriqu\u00e9 en thermoplastique ignifuge, ce qui garantit sa s\u00e9curit\u00e9 et sa r\u00e9sistance \u00e0 la chaleur. Avec un niveau de protection IP20, il est prot\u00e9g\u00e9 contre la poussi\u00e8re et les objets solides de plus de 12 mm, ce qui vous garantit des performances fiables m\u00eame dans des conditions d\u00e9favorables.<\/p><p>Ce variateur mural est compatible avec une large gamme d'ampoules LED, ce qui vous permet de r\u00e9gler l'intensit\u00e9 lumineuse en fonction de vos pr\u00e9f\u00e9rences et de vos besoins. Que vous souhaitiez cr\u00e9er une ambiance chaleureuse ou que vous ayez besoin d'un \u00e9clairage intense pour des t\u00e2ches sp\u00e9cifiques, le variateur Triac 1000W LED vous permet de contr\u00f4ler votre \u00e9clairage avec pr\u00e9cision et souplesse.<\/p><p>Gr\u00e2ce \u00e0 son design \u00e9l\u00e9gant et discret, ce variateur s'int\u00e8gre parfaitement \u00e0 tous les styles de d\u00e9coration int\u00e9rieure. Facile \u00e0 installer et d'une utilisation intuitive, il permet de r\u00e9gler l'intensit\u00e9 lumineuse en un tour de main.<\/p><p>Profitez de la polyvalence et de la commodit\u00e9 du gradateur mural \u00e0 LED Triac 1000W Dimmer 220V AC. Cr\u00e9ez des ambiances personnalis\u00e9es, \u00e9conomisez de l'\u00e9nergie et am\u00e9liorez l'\u00e9clairage de votre maison ou de votre bureau. Avec ce variateur, le contr\u00f4le de l'\u00e9clairage est litt\u00e9ralement entre vos mains.<\/p><p>Le variateur de lumi\u00e8re Triac 1000W Triac LED Dimmer 220V AC Wall Dimmer est utilis\u00e9 dans une vari\u00e9t\u00e9 d'environnements o\u00f9 le contr\u00f4le de l'intensit\u00e9 de l'\u00e9clairage LED est n\u00e9cessaire. Parmi les endroits o\u00f9 il peut \u00eatre utilis\u00e9, on peut citer<\/p><ol>\n<li>Maisons : Vous pouvez installer ce variateur dans les salons, les chambres \u00e0 coucher, les salles \u00e0 manger et d'autres zones r\u00e9sidentielles pour ajuster l'intensit\u00e9 de la lumi\u00e8re selon vos pr\u00e9f\u00e9rences et cr\u00e9er diff\u00e9rentes ambiances en fonction de l'occasion.<\/li>\n<li>Bureaux : dans les bureaux, le variateur peut \u00eatre utilis\u00e9 pour contr\u00f4ler l'\u00e9clairage des espaces de travail, des salles de conf\u00e9rence ou des zones communes. La luminosit\u00e9 peut ainsi \u00eatre ajust\u00e9e en fonction des besoins sp\u00e9cifiques de chaque t\u00e2che ou pour cr\u00e9er un environnement plus confortable et plus productif.<\/li>\n<li>Restaurants et caf\u00e9s : dans les \u00e9tablissements de restauration, le variateur peut aider \u00e0 cr\u00e9er l'atmosph\u00e8re parfaite pour chaque occasion. Qu'il s'agisse d'une ambiance intime pour un d\u00eener romantique ou d'un \u00e9clairage vif et \u00e9nergique pour un d\u00e9jeuner, ce variateur vous permet d'ajuster la lumi\u00e8re avec pr\u00e9cision.<\/li>\n<li>Magasins de d\u00e9tail et boutiques : Les variateurs LED Triac sont largement utilis\u00e9s dans les magasins de d\u00e9tail et les boutiques pour mettre en valeur des produits sp\u00e9cifiques ou cr\u00e9er une exp\u00e9rience d'achat agr\u00e9able en contr\u00f4lant l'\u00e9clairage des vitrines, des vitrines d'exposition et des zones d'exposition.<\/li>\n<li>Espaces publics : les lieux tels que les salles d'exposition, les galeries d'art, les mus\u00e9es et autres espaces publics peuvent b\u00e9n\u00e9ficier de l'utilisation de ce contr\u00f4leur pour mettre en valeur des \u0153uvres d'art ou des \u00e9l\u00e9ments architecturaux, cr\u00e9ant ainsi une exp\u00e9rience visuelle plus captivante pour les visiteurs.<\/li>\n<\/ol><h3 class=\"h6\">Fiche technique du produit<\/h3><dl class=\"data-sheet\">\n<dt class=\"name\"><img loading=\"lazy\" decoding=\"async\" src=\"https:\/\/www.factorled.com\/modules\/oa_features\/img\/2-default.jpg\" width=\"32\" height=\"32\">&nbsp;R\u00c9F\u00c9RENCE<\/dt>\n<dd class=\"value\">1272PRO<\/dd>\n<dt class=\"name\"><img loading=\"lazy\" decoding=\"async\" src=\"https:\/\/www.factorled.com\/modules\/oa_features\/img\/3-default.jpg\" width=\"32\" height=\"32\">&nbsp;Puissance nominale<\/dt>\n<dd class=\"value\">15W - 1000W<\/dd>\n<dt class=\"name\"><img loading=\"lazy\" decoding=\"async\" src=\"https:\/\/www.factorled.com\/modules\/oa_features\/img\/4-default.jpg\" width=\"32\" height=\"32\">&nbsp;Tension nominale<\/dt>\n<dd class=\"value\">220V-240V<\/dd>\n<dt class=\"name\"><img loading=\"lazy\" decoding=\"async\" src=\"https:\/\/www.factorled.com\/modules\/oa_features\/img\/25-default.jpg\" width=\"32\" height=\"32\">&nbsp;Mat\u00e9riaux de construction<\/dt>\n<dd class=\"value\">Thermoplastique ignifuge<\/dd>\n<dt class=\"name\"><img loading=\"lazy\" decoding=\"async\" src=\"https:\/\/www.factorled.com\/modules\/oa_features\/img\/11-default.jpg\" width=\"32\" height=\"32\">&nbsp;Dimable<\/dt>\n<dd class=\"value\">TRIAC<\/dd>\n<dt class=\"name\"><img loading=\"lazy\" decoding=\"async\" src=\"https:\/\/www.factorled.com\/modules\/oa_features\/img\/15-default.jpg\" width=\"32\" height=\"32\">&nbsp;Certificats<\/dt>\n<dd class=\"value\">CE - ROHS<\/dd>\n<dt class=\"name\"><img loading=\"lazy\" decoding=\"async\" src=\"https:\/\/www.factorled.com\/modules\/oa_features\/img\/16-default.jpg\" width=\"32\" height=\"32\">&nbsp;Indice IP<\/dt>\n<dd class=\"value\">IP20<\/dd>\n<dt class=\"name\"><img loading=\"lazy\" decoding=\"async\" src=\"https:\/\/www.factorled.com\/modules\/oa_features\/img\/18-default.jpg\" width=\"32\" height=\"32\">&nbsp;Mesures (Mm)<\/dt>\n<dd class=\"value\">L85 x L85 x H46<\/dd>\n<dt class=\"name\"><img loading=\"lazy\" decoding=\"async\" src=\"https:\/\/www.factorled.com\/modules\/oa_features\/img\/21-default.jpg\" width=\"32\" height=\"32\">&nbsp;Fr\u00e9quence de travail (Hz)<\/dt>\n<dd class=\"value\">50\/60Hz<\/dd>\n<dt class=\"name\"><img loading=\"lazy\" decoding=\"async\" src=\"https:\/\/www.factorled.com\/modules\/oa_features\/img\/22-default.jpg\" width=\"32\" height=\"32\">&nbsp;Plage de temp\u00e9rature (\u00baC)<\/dt>\n<dd class=\"value\">-20\u00b0C ~ +55\u00b0C<\/dd>\n<dt class=\"name\"><img loading=\"lazy\" decoding=\"async\" src=\"https:\/\/www.factorled.com\/modules\/oa_features\/img\/23-default.jpg\" width=\"32\" height=\"32\">&nbsp;Cycles d'allumage<\/dt>\n<dd class=\"value\">100.000<\/dd>\n<dt class=\"name\"><img loading=\"lazy\" decoding=\"async\" src=\"https:\/\/www.factorled.com\/modules\/oa_features\/img\/24-default.jpg\" width=\"32\" height=\"32\">&nbsp;Temps de d\u00e9marrage (S)<\/dt>\n<dd class=\"value\">0,2s<\/dd>\n<dt class=\"name\"><img loading=\"lazy\" decoding=\"async\" src=\"https:\/\/www.factorled.com\/modules\/oa_features\/img\/7-default.jpg\" width=\"32\" height=\"32\">&nbsp;Classe \u00e9nerg\u00e9tique (2021-UE-2019\/2015)<\/dt>\n<dd class=\"value\">A+<\/dd>\n<dt class=\"name\"><img loading=\"lazy\" decoding=\"async\" src=\"https:\/\/www.factorled.com\/modules\/oa_features\/img\/75-default.jpg\" width=\"32\" height=\"32\">&nbsp;Ann\u00e9es de garantie<\/dt>\n<dd class=\"value\">3<\/dd>\n<\/dl><\/h1>","protected":false},"excerpt":{"rendered":"<div class=\"product-reference\"><strong><label class=\"label\">R\u00e9f\u00e9rence :<\/label> SL1272PRO<\/strong>\n<div><\/div>\n<div class=\"product-description-short\">\n<div id=\"product-description-short-3564\">\n<p>Variateur LED Triac de 15W \u00e0 1000W, votre solution ultime de contr\u00f4le de l'\u00e9clairage. Con\u00e7u pour fonctionner avec des lampes LED et incandescentes, ce variateur AC 220V vous permet d'ajuster la luminosit\u00e9 avec pr\u00e9cision, cr\u00e9ant ainsi l'ambiance parfaite dans n'importe quel environnement. Son design compact et son installation facile le rendent id\u00e9al pour les maisons, les bureaux, les restaurants et tout espace n\u00e9cessitant une touche de sophistication et d'efficacit\u00e9 \u00e9nerg\u00e9tique. Avec le variateur LED Triac, vous am\u00e9liorez non seulement l'esth\u00e9tique de votre \u00e9clairage, mais vous contribuez \u00e9galement aux \u00e9conomies d'\u00e9nergie.<\/p>\n<\/div>\n<\/div><\/div>","protected":false},"featured_media":13230,"template":"","meta":{"site-sidebar-layout":"default","site-content-layout":"default","ast-global-header-display":"","ast-main-header-display":"","ast-hfb-above-header-display":"","ast-hfb-below-header-display":"","ast-hfb-mobile-header-display":"","site-post-title":"","ast-breadcrumbs-content":"","ast-featured-img":"","footer-sml-layout":"","theme-transparent-header-meta":"default","adv-header-id-meta":"","stick-header-meta":"","header-above-stick-meta":"","header-main-stick-meta":"","header-below-stick-meta":""},"product_cat":[92,45],"product_tag":[],"class_list":["post-13227","product","type-product","status-publish","has-post-thumbnail","hentry","product_cat-accesorios-tiras-led","product_cat-tiras-led-y-neon-flexible"],"_links":{"self":[{"href":"https:\/\/starlediluminacion.com\/fr\/wp-json\/wp\/v3\/product\/13227","targetHints":{"allow":["GET"]}}],"collection":[{"href":"https:\/\/starlediluminacion.com\/fr\/wp-json\/wp\/v3\/product"}],"about":[{"href":"https:\/\/starlediluminacion.com\/fr\/wp-json\/wp\/v2\/types\/product"}],"wp:featuredmedia":[{"embeddable":true,"href":"https:\/\/starlediluminacion.com\/fr\/wp-json\/wp\/v2\/media\/13230"}],"wp:attachment":[{"href":"https:\/\/starlediluminacion.com\/fr\/wp-json\/wp\/v2\/media?parent=13227"}],"wp:term":[{"taxonomy":"product_cat","embeddable":true,"href":"https:\/\/starlediluminacion.com\/fr\/wp-json\/wp\/v2\/product_cat?post=13227"},{"taxonomy":"product_tag","embeddable":true,"href":"https:\/\/starlediluminacion.com\/fr\/wp-json\/wp\/v2\/product_tag?post=13227"}],"curies":[{"name":"wp","href":"https:\/\/api.w.org\/{rel}","templated":true}]}}