{"id":13183,"date":"2024-06-16T13:58:31","date_gmt":"2024-06-16T13:58:31","guid":{"rendered":"https:\/\/starlediluminacion.com\/?post_type=product&#038;p=13183"},"modified":"2024-10-27T10:20:18","modified_gmt":"2024-10-27T10:20:18","slug":"ventilador-led-de-techo-creta-negro-30w-6cct-ip20-50cm","status":"publish","type":"product","link":"https:\/\/starlediluminacion.com\/fr\/product\/ventilador-led-de-techo-creta-negro-30w-6cct-ip20-50cm\/","title":{"rendered":"<p>Ventilateur de plafond \u00e0 LED noir CRETA - 30W 6CCT - IP20 - 50cm<\/p>"},"content":{"rendered":"<h1>Ventilador LED de techo CRETA Negro &ndash; 30W 6CCT &ndash; IP20 &ndash; 50cm<p>D\u00e9couvrez nos&nbsp;<strong>Ventilateur de plafond moderne et minimaliste<\/strong>Parfait pour rehausser tout style de d\u00e9coration, que ce soit \u00e0 l'int\u00e9rieur ou \u00e0 l'ext\u00e9rieur ! Ce ventilateur est con\u00e7u pour s'int\u00e9grer parfaitement dans n'importe quel espace. Il fonctionne avec un&nbsp;<strong>tension d'entr\u00e9e 230V<\/strong>&nbsp;<strong>et est aliment\u00e9 par un moteur 20W\/BLDC, garantissant une performance efficace et durable.<\/strong><\/p><p>Construit avec&nbsp;<strong>5 pales de ventilateur en ABS transparent<\/strong>Ce ventilateur fonctionne silencieusement, avec une&nbsp;<strong>niveau de bruit aussi bas que 50 dB maximum<\/strong>. En outre, son syst\u00e8me d'\u00e9clairage int\u00e9gr\u00e9&nbsp;<strong>offre une puissance de 30W, avec un rendement lumineux de 3000lm, temp\u00e9rature de couleur s\u00e9lectionnable (CCT),<\/strong>&nbsp;et un indice de rendu des couleurs (IRC) de 80, garantissant un \u00e9clairage lumineux et de haute qualit\u00e9.<\/p><p>Gr\u00e2ce \u00e0 la t\u00e9l\u00e9commande incluse, vous pouvez facilement r\u00e9gler la vitesse du ventilateur, ce qui vous permet d'\u00e9conomiser du temps et de l'argent.&nbsp;<strong>offre 6 vitesses diff\u00e9rentes avec une vitesse maximale de 850 tr\/min.<\/strong>&nbsp;Certifi\u00e9 ETL, ce ventilateur r\u00e9pond aux normes les plus strictes en mati\u00e8re de qualit\u00e9 et de s\u00e9curit\u00e9. D\u00e9couvrez la combinaison parfaite de style, de performance et de fonctionnalit\u00e9 avec notre ventilateur de plafond !<\/p><h3>Donn\u00e9es techniques<\/h3><p><b>Sp\u00e9cifications de la lumi\u00e8re :&nbsp;<\/b>30w 2600lm\u00b110%\/CRI80 3CCT<br>\n<b><br>\nCouleur de la carrosserie :<\/b>&nbsp;Blanc<\/p><p><strong>Couleur de la lame :<\/strong>&nbsp;Blanc<\/p><p><b>Pente maximale du toit<\/b>&nbsp;25\u00ba<\/p><p><strong>Nombre de lames :<\/strong>&nbsp;5<\/p><p><strong>Donn\u00e9es de contr\u00f4le :<\/strong>&nbsp;850 tr\/min, t\u00e9l\u00e9commande \u00e0 6 vitesses<\/p><p><strong>Finition :<\/strong>&nbsp;Compagnon<\/p><p><strong>IP :<\/strong>&nbsp;44<\/p><p><strong>Mat\u00e9riau :<\/strong>&nbsp;ABS<\/p><p><strong>Classe :<\/strong>&nbsp;Classe I<\/p><p><strong>Mat\u00e9riau de la lame :<\/strong>&nbsp;ABS<\/p><p><strong>Tension :<\/strong>&nbsp;AC 220-240 V<\/p><p><strong>Type de moteur :<\/strong>&nbsp;BLDC<\/p><p><strong>Fr\u00e9quence :<\/strong>&nbsp;50-60 Hz<\/p><p><strong>Diam\u00e8tre du ventilateur :<\/strong>&nbsp;30 pouces, 500mm<\/p><p><strong>Garantie du moteur :<\/strong>&nbsp;3 ans<\/p><p><strong>Commandement :<\/strong>&nbsp;Oui<\/p><p>Ce ventilateur de plafond moderne et polyvalent convient \u00e0 une vari\u00e9t\u00e9 d'utilisations et d'applications dans diff\u00e9rents environnements. En voici quelques exemples :<\/p><p><strong>1. accueil :<\/strong>&nbsp;Parfait pour les salons, les chambres \u00e0 coucher, les cuisines ou d'autres pi\u00e8ces de la maison o\u00f9 l'on souhaite combiner ventilation et \u00e9clairage \u00e9l\u00e9gant.<\/p><p><strong>2. Espaces commerciaux :<\/strong>&nbsp;Id\u00e9al pour les restaurants, les magasins de d\u00e9tail, les bureaux et les espaces commerciaux o\u00f9 un design contemporain et fonctionnel est recherch\u00e9 pour am\u00e9liorer le confort et l'esth\u00e9tique de l'espace.<\/p><p><strong>3. Ext\u00e9rieurs couverts :<\/strong>&nbsp;Il peut \u00eatre install\u00e9 sur les terrasses, les porches ou les espaces de divertissement ext\u00e9rieurs qui sont prot\u00e9g\u00e9s des intemp\u00e9ries, en apportant une brise rafra\u00eechissante et un \u00e9clairage doux.<\/p><p><strong>4. les zones d'attente :<\/strong>&nbsp;Dans des environnements tels que les salles d'attente d'h\u00f4tels, les cliniques ou les cabinets m\u00e9dicaux, ce ventilateur peut am\u00e9liorer le confort des clients tout en fournissant un \u00e9clairage agr\u00e9able.<\/p><p><strong>5. Restaurants et caf\u00e9s en plein air :<\/strong>&nbsp;Pour les salles \u00e0 manger ext\u00e9rieures ou les patios des restaurants et des caf\u00e9s, ce ventilateur de plafond peut aider \u00e0 garder les clients au frais et \u00e0 l'aise pendant qu'ils d\u00e9gustent leurs repas.<\/p><p><strong>6. les zones de travail :<\/strong>&nbsp;Dans les espaces de travail tels que les studios d'art, les ateliers ou les garages, ce ventilateur peut fournir une ventilation suppl\u00e9mentaire ainsi qu'un \u00e9clairage efficace pour les t\u00e2ches minutieuses.<\/p><p>&nbsp;<\/p><p>En bref, le ventilateur de plafond offre polyvalence et fonctionnalit\u00e9 dans une vari\u00e9t\u00e9 d'environnements, am\u00e9liorant \u00e0 la fois le confort et l'esth\u00e9tique de l'espace. Le paquet comprend une unit\u00e9 soigneusement emball\u00e9e dans du papier bulle pour garantir sa s\u00e9curit\u00e9 pendant le transport.<\/p><h3 class=\"h6\">Fiche technique du produit<\/h3><dl class=\"data-sheet\">\n<dt class=\"name\"><img loading=\"lazy\" decoding=\"async\" src=\"https:\/\/www.factorled.com\/modules\/oa_features\/img\/2-default.jpg\" width=\"32\" height=\"32\">&nbsp;R\u00c9F\u00c9RENCE<\/dt>\n<dd class=\"value\">FNB30W-6CCT-91910<\/dd>\n<dt class=\"name\"><img loading=\"lazy\" decoding=\"async\" src=\"https:\/\/www.factorled.com\/modules\/oa_features\/img\/3-default.jpg\" width=\"32\" height=\"32\">&nbsp;Puissance nominale<\/dt>\n<dd class=\"value\">30<\/dd>\n<dt class=\"name\"><img loading=\"lazy\" decoding=\"async\" src=\"https:\/\/www.factorled.com\/modules\/oa_features\/img\/4-default.jpg\" width=\"32\" height=\"32\">&nbsp;Tension nominale<\/dt>\n<dd class=\"value\">AC 220-240V<\/dd>\n<dt class=\"name\"><img loading=\"lazy\" decoding=\"async\" src=\"https:\/\/www.factorled.com\/modules\/oa_features\/img\/5-default.jpg\" width=\"32\" height=\"32\">&nbsp;Temp\u00e9rature de la lumi\u00e8re<\/dt>\n<dd class=\"value\">COULEUR S\u00c9LECTIONNABLE : 3000K-4000K-6000K<\/dd>\n<dt class=\"name\"><img loading=\"lazy\" decoding=\"async\" src=\"https:\/\/www.factorled.com\/modules\/oa_features\/img\/6-default.jpg\" width=\"32\" height=\"32\">&nbsp;CRI - Indice de rendu des couleurs<\/dt>\n<dd class=\"value\">80<\/dd>\n<dt class=\"name\"><img loading=\"lazy\" decoding=\"async\" src=\"https:\/\/www.factorled.com\/modules\/oa_features\/img\/8-default.jpg\" width=\"32\" height=\"32\">&nbsp;Luminosit\u00e9-Lm<\/dt>\n<dd class=\"value\">3000<\/dd>\n<dt class=\"name\"><img loading=\"lazy\" decoding=\"async\" src=\"https:\/\/www.factorled.com\/modules\/oa_features\/img\/13-default.jpg\" width=\"32\" height=\"32\">&nbsp;Efficacit\u00e9 lumineuse (Lm\/W)<\/dt>\n<dd class=\"value\">110 Lm\/W<\/dd>\n<dt class=\"name\"><img loading=\"lazy\" decoding=\"async\" src=\"https:\/\/www.factorled.com\/modules\/oa_features\/img\/15-default.jpg\" width=\"32\" height=\"32\">&nbsp;Certificats<\/dt>\n<dd class=\"value\">ETL<\/dd>\n<dt class=\"name\"><img loading=\"lazy\" decoding=\"async\" src=\"https:\/\/www.factorled.com\/modules\/oa_features\/img\/16-default.jpg\" width=\"32\" height=\"32\">&nbsp;Indice IP<\/dt>\n<dd class=\"value\">IP20<\/dd>\n<dt class=\"name\"><img loading=\"lazy\" decoding=\"async\" src=\"https:\/\/www.factorled.com\/modules\/oa_features\/img\/17-default.jpg\" width=\"32\" height=\"32\">&nbsp;Dur\u00e9e de vie estim\u00e9e Diode LED (H)<\/dt>\n<dd class=\"value\">30.000<\/dd>\n<dt class=\"name\"><img loading=\"lazy\" decoding=\"async\" src=\"https:\/\/www.factorled.com\/modules\/oa_features\/img\/18-default.jpg\" width=\"32\" height=\"32\">&nbsp;Mesures (Mm)<\/dt>\n<dd class=\"value\">500xH150mm<\/dd>\n<dt class=\"name\"><img loading=\"lazy\" decoding=\"async\" src=\"https:\/\/www.factorled.com\/modules\/oa_features\/img\/21-default.jpg\" width=\"32\" height=\"32\">&nbsp;Fr\u00e9quence de travail (Hz)<\/dt>\n<dd class=\"value\">50\/60Hz<\/dd>\n<dt class=\"name\"><img loading=\"lazy\" decoding=\"async\" src=\"https:\/\/www.factorled.com\/modules\/oa_features\/img\/22-default.jpg\" width=\"32\" height=\"32\">&nbsp;Plage de temp\u00e9rature (\u00baC)<\/dt>\n<dd class=\"value\">+45\u00baC ~ -30\u00baC<\/dd>\n<dt class=\"name\"><img loading=\"lazy\" decoding=\"async\" src=\"https:\/\/www.factorled.com\/modules\/oa_features\/img\/37-default.jpg\" width=\"32\" height=\"32\">&nbsp;Modes de contr\u00f4le<\/dt>\n<dd class=\"value\">T\u00c9L\u00c9COMMANDE<\/dd>\n<dt class=\"name\"><img loading=\"lazy\" decoding=\"async\" src=\"https:\/\/www.factorled.com\/modules\/oa_features\/img\/75-default.jpg\" width=\"32\" height=\"32\">&nbsp;Ann\u00e9es de garantie<\/dt>\n<dd class=\"value\">3<\/dd>\n<dt class=\"name\"><img loading=\"lazy\" decoding=\"async\" src=\"https:\/\/www.factorled.com\/modules\/oa_features\/img\/103-default.jpg\" width=\"32\" height=\"32\">&nbsp;Couleur du corps<\/dt>\n<dd class=\"value\">Noir<\/dd>\n<dt class=\"name\"><img loading=\"lazy\" decoding=\"async\" src=\"https:\/\/www.factorled.com\/modules\/oa_features\/img\/105-default.jpg\" width=\"32\" height=\"32\">&nbsp;Couleur de la lame<\/dt>\n<dd class=\"value\">Transparent<\/dd>\n<dt class=\"name\"><img loading=\"lazy\" decoding=\"async\" src=\"https:\/\/www.factorled.com\/modules\/oa_features\/img\/106-default.jpg\" width=\"32\" height=\"32\">&nbsp;Mat\u00e9riau de la lame<\/dt>\n<dd class=\"value\">ABS<\/dd>\n<dt class=\"name\"><img loading=\"lazy\" decoding=\"async\" src=\"https:\/\/www.factorled.com\/modules\/oa_features\/img\/108-default.jpg\" width=\"32\" height=\"32\">&nbsp;Nombre de lames<\/dt>\n<dd class=\"value\">3<\/dd>\n<dt class=\"name\"><img loading=\"lazy\" decoding=\"async\" src=\"https:\/\/www.factorled.com\/modules\/oa_features\/img\/112-default.jpg\" width=\"32\" height=\"32\">&nbsp;Type de moteur<\/dt>\n<dd class=\"value\">DC<\/dd>\n<dt class=\"name\"><img loading=\"lazy\" decoding=\"async\" src=\"https:\/\/www.factorled.com\/modules\/oa_features\/img\/116-default.jpg\" width=\"32\" height=\"32\">&nbsp;Pente maximale du toit<\/dt>\n<dd class=\"value\">25\u00ba<\/dd>\n<dt class=\"name\"><img loading=\"lazy\" decoding=\"async\" src=\"https:\/\/www.factorled.com\/modules\/oa_features\/img\/119-default.jpg\" width=\"32\" height=\"32\">&nbsp;RPM<\/dt>\n<dd class=\"value\">850 RPM<\/dd>\n<dt class=\"name\"><img loading=\"lazy\" decoding=\"async\" src=\"https:\/\/www.factorled.com\/modules\/oa_features\/img\/121-default.jpg\" width=\"32\" height=\"32\">&nbsp;Niveau de bruit<\/dt>\n<dd class=\"value\">50 Db<\/dd>\n<\/dl><\/h1>","protected":false},"excerpt":{"rendered":"<div class=\"product-reference\"><strong><label class=\"label\">R\u00e9f\u00e9rence :<\/label> SLFNB30W-6CCT-91910<\/strong>\n<div><\/div>\n<div class=\"product-description-short\">\n<div id=\"product-description-short-3540\">\n<p>D\u00e9couvrez nos&nbsp;<strong>Ventilateur de plafond au design moderne et minimaliste,<\/strong>&nbsp;id\u00e9al pour compl\u00e9ter tout style de d\u00e9coration, \u00e0 l'int\u00e9rieur comme \u00e0 l'ext\u00e9rieur ! \u00c9quip\u00e9 d'un puissant&nbsp;<strong>Moteur 20W\/BLDC<\/strong>t\u00e9l\u00e9commande de&nbsp;<strong>6 vitesses<\/strong>&nbsp;et un fonctionnement silencieux, n'\u00e9mettant que 50 dB de bruit.<\/p>\n<p>Il dispose \u00e9galement d'un&nbsp;<strong>lampe<\/strong>&nbsp;de&nbsp;<strong>30W<\/strong>&nbsp;qui offre une&nbsp;<strong>temp\u00e9rature de couleur s\u00e9lectionnable (6CCT)<\/strong>&nbsp;et un indice de rendu des couleurs (IRC) sup\u00e9rieur \u00e0 80.<\/p>\n<\/div>\n<\/div><\/div>","protected":false},"featured_media":13189,"template":"","meta":{"site-sidebar-layout":"default","site-content-layout":"default","ast-global-header-display":"","ast-main-header-display":"","ast-hfb-above-header-display":"","ast-hfb-below-header-display":"","ast-hfb-mobile-header-display":"","site-post-title":"","ast-breadcrumbs-content":"","ast-featured-img":"","footer-sml-layout":"","theme-transparent-header-meta":"default","adv-header-id-meta":"","stick-header-meta":"","header-above-stick-meta":"","header-main-stick-meta":"","header-below-stick-meta":""},"product_cat":[36,67],"product_tag":[],"class_list":["post-13183","product","type-product","status-publish","has-post-thumbnail","hentry","product_cat-apliques-led-y-decoracion","product_cat-ventiladores-techo-led"],"_links":{"self":[{"href":"https:\/\/starlediluminacion.com\/fr\/wp-json\/wp\/v3\/product\/13183","targetHints":{"allow":["GET"]}}],"collection":[{"href":"https:\/\/starlediluminacion.com\/fr\/wp-json\/wp\/v3\/product"}],"about":[{"href":"https:\/\/starlediluminacion.com\/fr\/wp-json\/wp\/v2\/types\/product"}],"wp:featuredmedia":[{"embeddable":true,"href":"https:\/\/starlediluminacion.com\/fr\/wp-json\/wp\/v2\/media\/13189"}],"wp:attachment":[{"href":"https:\/\/starlediluminacion.com\/fr\/wp-json\/wp\/v2\/media?parent=13183"}],"wp:term":[{"taxonomy":"product_cat","embeddable":true,"href":"https:\/\/starlediluminacion.com\/fr\/wp-json\/wp\/v2\/product_cat?post=13183"},{"taxonomy":"product_tag","embeddable":true,"href":"https:\/\/starlediluminacion.com\/fr\/wp-json\/wp\/v2\/product_tag?post=13183"}],"curies":[{"name":"wp","href":"https:\/\/api.w.org\/{rel}","templated":true}]}}