{"id":13142,"date":"2024-06-16T13:24:52","date_gmt":"2024-06-16T13:24:52","guid":{"rendered":"https:\/\/starlediluminacion.com\/?post_type=product&#038;p=13142"},"modified":"2024-09-15T11:49:02","modified_gmt":"2024-09-15T11:49:02","slug":"lampara-led-colgante-multiformas-flexi-neon-leoben","status":"publish","type":"product","link":"https:\/\/starlediluminacion.com\/fr\/product\/lampe-led-pendant-multiform-flexi-neon-leoben-2\/","title":{"rendered":"<p>L&aacute;mpara LED Colgante &ndash; Multiformas FLEXI NEON &ndash; LEOBEN<\/p>"},"content":{"rendered":"<h1>L&aacute;mpara LED Colgante &ndash; Multiformas FLEXI NEON &ndash; LEOBEN<p style=\"font-weight: 400;\">Notre&nbsp;<strong style=\"font-weight: 600;\">Luminaire LED Multiform<\/strong>&nbsp;- La conception personnalis\u00e9e offre de nombreuses possibilit\u00e9s de choisir parmi une large gamme d'options d'\u00e9clairage.&nbsp;<strong style=\"font-weight: 600;\">chaud et neutre<\/strong>.<\/p><p style=\"font-weight: 400;\"><strong style=\"font-weight: 600;\">Le luminaire est fabriqu\u00e9 \u00e0 la taille souhait\u00e9e par le client. Ce produit n'est donc pas retournable, puisqu'il s'agit d'un produit sur mesure.&nbsp;<\/strong><\/p><p style=\"font-weight: 400;\"><strong style=\"font-weight: 600;\">Luminaire fabriqu\u00e9 sur mesure en Europe.<\/strong>&nbsp;&nbsp;<strong style=\"font-weight: 600;\">D\u00e9lai de production : 5 \u00e0 7 jours ouvrables.<\/strong><\/p><p style=\"font-weight: 400;\">D\u00e9couvrez la r\u00e9volution de l'\u00e9clairage avec notre extraordinaire&nbsp;<strong style=\"font-weight: 600;\">Lampe LED<\/strong>&nbsp;\u00e0 la pointe de la technologie ! Ce prodige technologique ne se contente pas d'\u00e9clairer vos espaces, il transforme compl\u00e8tement votre perception de la lumi\u00e8re. Con\u00e7ue de main de ma\u00eetre dans un souci de polyvalence, notre lampe \u00e0 LED avec<strong style=\"font-weight: 600;\">&nbsp;cordon lumineux<\/strong>&nbsp;y&nbsp;<strong style=\"font-weight: 600;\">tube flexible<\/strong>&nbsp;Le silicone vous plonge dans un monde de possibilit\u00e9s lumineuses in\u00e9gal\u00e9es.<\/p><p style=\"font-weight: 400;\">Imaginez que vous puissiez contr\u00f4ler totalement l'\u00e9clairage de vos pi\u00e8ces. Avec une puissance \u00e9tonnante de<strong style=\"font-weight: 600;\">&nbsp;17 watts par m\u00e8tre<\/strong>Cette lampe LED est le phare de l'innovation que nous attendions tous. Son design unique et avant-gardiste ne se contente pas d'\u00e9clairer votre espace, il le transforme en un chef-d'\u0153uvre de lumi\u00e8re et de couleur. Oubliez les limites conventionnelles de l'\u00e9clairage et accueillez la cr\u00e9ativit\u00e9 gr\u00e2ce \u00e0 notre tube en silicone flexible, qui vous permet de donner \u00e0 la lumi\u00e8re les formes que vous souhaitez.<\/p><p style=\"font-weight: 400;\">Mais ce n'est pas tout. Notre&nbsp;<strong style=\"font-weight: 600;\">Lampe suspendue LED<\/strong>&nbsp;n'est pas seulement un prodige esth\u00e9tique, mais aussi un champion de l'efficacit\u00e9 \u00e9nerg\u00e9tique. Avec la puissance dont vous avez besoin et le respect de l'environnement que vous m\u00e9ritez, cet appareil innovant vous offre une exp\u00e9rience d'\u00e9clairage in\u00e9gal\u00e9e sans sacrifier la durabilit\u00e9.<\/p><p style=\"font-weight: 400;\">Vous vous demandez o\u00f9 vous pouvez exploiter tout le potentiel de cette merveille d'\u00e9clairage ? La r\u00e9ponse est simple : partout ! Du salon au bureau, de la chambre \u00e0 coucher au bureau, cette lampe LED s'adapte \u00e0 n'importe quel espace et en am\u00e9liore instantan\u00e9ment l'atmosph\u00e8re. Cr\u00e9ez une ambiance chaleureuse dans votre maison ou augmentez votre productivit\u00e9 sur votre lieu de travail. La lampe \u00e0 LED s'adapte \u00e0 tous les espaces et rehausse instantan\u00e9ment leur atmosph\u00e8re.&nbsp;<strong style=\"font-weight: 600;\">polyvalence<\/strong>&nbsp;de ce produit vous permet de d\u00e9couvrir la lumi\u00e8re d'une mani\u00e8re totalement nouvelle.<\/p><p style=\"font-weight: 400;\">Ne vous contentez pas d'un \u00e9clairage conventionnel. Transformez chaque espace en un chef-d'\u0153uvre lumineux gr\u00e2ce \u00e0 notre lampe LED avec cordon lumineux et tube en silicone flexible. Laissez la lumi\u00e8re \u00eatre votre toile et donnez vie \u00e0 votre imagination - n'attendez plus pour transformer vos espaces ! Cliquez maintenant et d\u00e9couvrez l'avenir de l'\u00e9clairage avec notre lampe LED de pointe - illuminez votre monde avec style et fonctionnalit\u00e9 !<\/p><h2>Usos de la&nbsp;L&aacute;mpara LED Colgante &ndash; Multiformas FLEXI NEON &ndash; LEOBEN<\/h2><p style=\"font-weight: 400;\">Les lampes suspendues design modernes peuvent \u00eatre utilis\u00e9es dans une grande vari\u00e9t\u00e9 d'endroits, tant dans les espaces r\u00e9sidentiels que commerciaux. Voici quelques-uns des endroits les plus courants o\u00f9 elles sont utilis\u00e9es :<\/p><h3><strong style=\"font-weight: 600;\">A la maison :<\/strong><\/h3><ul>\n<li><strong style=\"font-weight: 600;\">Salle \u00e0 manger :&nbsp;<\/strong>Au-dessus de la table \u00e0 manger, une lampe suspendue moderne peut cr\u00e9er un point focal impressionnant et fournir un \u00e9clairage d'ambiance chaleureux.<\/li>\n<li><strong style=\"font-weight: 600;\">Salle de s\u00e9jour :&nbsp;<\/strong>Suspendue au-dessus de la table basse ou dans un coin du salon, une lampe suspendue moderne peut ajouter une touche de style et de personnalit\u00e9 au d\u00e9cor.<\/li>\n<li><strong style=\"font-weight: 600;\">Chambre \u00e0 coucher :&nbsp;<\/strong>Au-dessus de la table de chevet ou suspendue au plafond, une lampe suspendue moderne peut fournir un \u00e9clairage doux et relaxant \u00e0 la chambre \u00e0 coucher.<\/li>\n<li><strong style=\"font-weight: 600;\">Cuisine :&nbsp;<\/strong>Au-dessus de l'\u00eelot ou du comptoir de la cuisine, une lampe suspendue moderne peut ajouter une touche de style et de fonctionnalit\u00e9 \u00e0 la cuisine.<\/li>\n<li><strong style=\"font-weight: 600;\">Corridor :&nbsp;<\/strong>Une rang\u00e9e de lampes suspendues modernes le long d'un long couloir peut cr\u00e9er un effet \u00e9l\u00e9gant et accrocheur.<\/li>\n<\/ul><h3><strong style=\"font-weight: 600;\">Dans les espaces commerciaux :<\/strong><\/h3><ul>\n<li><strong style=\"font-weight: 600;\">Restaurants :&nbsp;<\/strong>Les lampes suspendues modernes peuvent cr\u00e9er une atmosph\u00e8re \u00e9l\u00e9gante et chaleureuse dans les restaurants, les bars et les caf\u00e9s.<\/li>\n<li><strong style=\"font-weight: 600;\">Magasins :&nbsp;<\/strong>Dans les magasins de d\u00e9tail, les lampes suspendues modernes permettent de mettre en valeur des produits sp\u00e9cifiques et de cr\u00e9er une ambiance attrayante pour les clients.<\/li>\n<li><strong style=\"font-weight: 600;\">Bureaux :&nbsp;<\/strong>Dans les bureaux, les lampes suspendues modernes peuvent ajouter une touche de style et de sophistication au d\u00e9cor et contribuer \u00e0 cr\u00e9er un environnement de travail plus agr\u00e9able.<\/li>\n<li><strong style=\"font-weight: 600;\">H\u00f4tels :&nbsp;<\/strong>Dans les h\u00f4tels et les centres de vill\u00e9giature, les lampes suspendues modernes peuvent contribuer \u00e0 cr\u00e9er une atmosph\u00e8re luxueuse et accueillante pour les clients.<\/li>\n<li><strong style=\"font-weight: 600;\">Mus\u00e9es et galeries d'art :&nbsp;<\/strong>Dans les mus\u00e9es et les galeries d'art, les lampes suspendues modernes permettent d'\u00e9clairer avec pr\u00e9cision les \u0153uvres d'art et les objets et de cr\u00e9er une atmosph\u00e8re attrayante pour les visiteurs.<\/li>\n<\/ul><p>Nos lampes offrent une haute performance et peuvent faire la couverture de n'importe quel magazine de d\u00e9coration, n'attendez plus pour acheter votre lampe.<strong style=\"font-weight: 600;\">&nbsp;lampe design<\/strong>&nbsp;et obtenir un \u00e9clairage unique !<\/p><h3 class=\"h6\">Fiche technique du produit<\/h3><dl class=\"data-sheet\">\n<dt class=\"name\"><img loading=\"lazy\" decoding=\"async\" src=\"https:\/\/www.factorled.com\/modules\/oa_features\/img\/2-default.jpg\" width=\"32\" height=\"32\">&nbsp;R\u00c9F\u00c9RENCE<\/dt>\n<dd class=\"value\">10234-N360<\/dd>\n<dt class=\"name\"><img loading=\"lazy\" decoding=\"async\" src=\"https:\/\/www.factorled.com\/modules\/oa_features\/img\/4-default.jpg\" width=\"32\" height=\"32\">&nbsp;Tension nominale<\/dt>\n<dd class=\"value\">85-265V<\/dd>\n<dt class=\"name\"><img loading=\"lazy\" decoding=\"async\" src=\"https:\/\/www.factorled.com\/modules\/oa_features\/img\/5-default.jpg\" width=\"32\" height=\"32\">&nbsp;Temp\u00e9rature de la lumi\u00e8re<\/dt>\n<dd class=\"value\">3000K - 4000K<\/dd>\n<dt class=\"name\"><img loading=\"lazy\" decoding=\"async\" src=\"https:\/\/www.factorled.com\/modules\/oa_features\/img\/6-default.jpg\" width=\"32\" height=\"32\">&nbsp;CRI - Indice de rendu des couleurs<\/dt>\n<dd class=\"value\">80<\/dd>\n<dt class=\"name\"><img loading=\"lazy\" decoding=\"async\" src=\"https:\/\/www.factorled.com\/modules\/oa_features\/img\/25-default.jpg\" width=\"32\" height=\"32\">&nbsp;Mat\u00e9riaux de construction<\/dt>\n<dd class=\"value\">Silicone<\/dd>\n<dt class=\"name\"><img loading=\"lazy\" decoding=\"async\" src=\"https:\/\/www.factorled.com\/modules\/oa_features\/img\/10-default.jpg\" width=\"32\" height=\"32\">&nbsp;Angle d'ouverture (\u00ba)<\/dt>\n<dd class=\"value\">360\u00ba<\/dd>\n<dt class=\"name\"><img loading=\"lazy\" decoding=\"async\" src=\"https:\/\/www.factorled.com\/modules\/oa_features\/img\/15-default.jpg\" width=\"32\" height=\"32\">&nbsp;Certificats<\/dt>\n<dd class=\"value\">CE - ROHS<\/dd>\n<dt class=\"name\"><img loading=\"lazy\" decoding=\"async\" src=\"https:\/\/www.factorled.com\/modules\/oa_features\/img\/16-default.jpg\" width=\"32\" height=\"32\">&nbsp;Indice IP<\/dt>\n<dd class=\"value\">IP20<\/dd>\n<dt class=\"name\"><img loading=\"lazy\" decoding=\"async\" src=\"https:\/\/www.factorled.com\/modules\/oa_features\/img\/21-default.jpg\" width=\"32\" height=\"32\">&nbsp;Fr\u00e9quence de travail (Hz)<\/dt>\n<dd class=\"value\">50\/60Hz<\/dd>\n<dt class=\"name\"><img loading=\"lazy\" decoding=\"async\" src=\"https:\/\/www.factorled.com\/modules\/oa_features\/img\/22-default.jpg\" width=\"32\" height=\"32\">&nbsp;Plage de temp\u00e9rature (\u00baC)<\/dt>\n<dd class=\"value\">-20\u00b0C ~ +55\u00b0C<\/dd>\n<dt class=\"name\"><img loading=\"lazy\" decoding=\"async\" src=\"https:\/\/www.factorled.com\/modules\/oa_features\/img\/24-default.jpg\" width=\"32\" height=\"32\">&nbsp;Temps de d\u00e9marrage (S)<\/dt>\n<dd class=\"value\">0,2s<\/dd>\n<dt class=\"name\"><img loading=\"lazy\" decoding=\"async\" src=\"https:\/\/www.factorled.com\/modules\/oa_features\/img\/7-default.jpg\" width=\"32\" height=\"32\">&nbsp;Classe \u00e9nerg\u00e9tique (2021-UE-2019\/2015)<\/dt>\n<dd class=\"value\">A+<\/dd>\n<dt class=\"name\"><img loading=\"lazy\" decoding=\"async\" src=\"https:\/\/www.factorled.com\/modules\/oa_features\/img\/101-default.jpg\" width=\"32\" height=\"32\">&nbsp;Classe \u00e9nerg\u00e9tique (2023 - EU-2019\/2015)<\/dt>\n<dd class=\"value\">F<\/dd>\n<dt class=\"name\"><img loading=\"lazy\" decoding=\"async\" src=\"https:\/\/www.factorled.com\/modules\/oa_features\/img\/75-default.jpg\" width=\"32\" height=\"32\">&nbsp;Ann\u00e9es de garantie<\/dt>\n<dd class=\"value\">3<\/dd>\n<\/dl><\/h1>","protected":false},"excerpt":{"rendered":"<p style=\"font-weight: 400;\"><strong>Referencia: SL10234-N360<\/strong><p>D\u00e9couvrez la r\u00e9volution de l'\u00e9clairage avec notre extraordinaire&nbsp;<strong style=\"font-weight: 600;\">Lampe LED<\/strong>&nbsp;\u00e0 la pointe de la technologie ! Ce prodige technologique ne se contente pas d'\u00e9clairer vos espaces, il transforme compl\u00e8tement votre perception de la lumi\u00e8re. Con\u00e7u de main de ma\u00eetre dans un souci de polyvalence, notre&nbsp;<strong style=\"font-weight: 600;\">Lampe LED<\/strong>&nbsp;avec&nbsp;<strong style=\"font-weight: 600;\">cordon lumineux et tube flexible<\/strong>&nbsp;Le silicone vous plonge dans un monde de possibilit\u00e9s lumineuses in\u00e9gal\u00e9es.<\/p><p>Les&nbsp;<strong style=\"font-weight: 600;\">lampe suspendue<\/strong>&nbsp;La corde lumineuse est une innovation technologique qui se distingue par son \u00e9l\u00e9gance et sa polyvalence dans divers environnements. Sa source lumineuse avanc\u00e9e dissipe tr\u00e8s bien la chaleur et permet d'obtenir un \u00e9clairage uniforme, doux et non \u00e9blouissant.<\/p><p><strong style=\"font-weight: 600;\">Luminaire fabriqu\u00e9 sur mesure en Europe.<\/strong>&nbsp;&nbsp;<strong style=\"font-weight: 600;\">D\u00e9lai de production : 5 \u00e0 7 jours ouvrables.<\/strong><\/p><p><strong>Temp\u00e9rature de couleur : 3000K\/4000K<\/strong><\/p><p><strong>Medida: 2.5M\/5M<\/strong><\/p><\/p>","protected":false},"featured_media":13143,"template":"","meta":{"site-sidebar-layout":"default","site-content-layout":"default","ast-global-header-display":"","ast-main-header-display":"","ast-hfb-above-header-display":"","ast-hfb-below-header-display":"","ast-hfb-mobile-header-display":"","site-post-title":"","ast-breadcrumbs-content":"","ast-featured-img":"","footer-sml-layout":"","theme-transparent-header-meta":"default","adv-header-id-meta":"","stick-header-meta":"","header-above-stick-meta":"","header-main-stick-meta":"","header-below-stick-meta":""},"product_cat":[36,66],"product_tag":[],"class_list":["post-13142","product","type-product","status-publish","has-post-thumbnail","hentry","product_cat-apliques-led-y-decoracion","product_cat-lamparas-colgantes-led"],"_links":{"self":[{"href":"https:\/\/starlediluminacion.com\/fr\/wp-json\/wp\/v3\/product\/13142","targetHints":{"allow":["GET"]}}],"collection":[{"href":"https:\/\/starlediluminacion.com\/fr\/wp-json\/wp\/v3\/product"}],"about":[{"href":"https:\/\/starlediluminacion.com\/fr\/wp-json\/wp\/v2\/types\/product"}],"wp:featuredmedia":[{"embeddable":true,"href":"https:\/\/starlediluminacion.com\/fr\/wp-json\/wp\/v2\/media\/13143"}],"wp:attachment":[{"href":"https:\/\/starlediluminacion.com\/fr\/wp-json\/wp\/v2\/media?parent=13142"}],"wp:term":[{"taxonomy":"product_cat","embeddable":true,"href":"https:\/\/starlediluminacion.com\/fr\/wp-json\/wp\/v2\/product_cat?post=13142"},{"taxonomy":"product_tag","embeddable":true,"href":"https:\/\/starlediluminacion.com\/fr\/wp-json\/wp\/v2\/product_tag?post=13142"}],"curies":[{"name":"wp","href":"https:\/\/api.w.org\/{rel}","templated":true}]}}