{"id":12993,"date":"2024-05-05T10:36:04","date_gmt":"2024-05-05T10:36:04","guid":{"rendered":"https:\/\/starlediluminacion.com\/?post_type=product&#038;p=12993"},"modified":"2024-05-05T10:38:29","modified_gmt":"2024-05-05T10:38:29","slug":"downlight-plafon-led-cuadrado-moss-negro-lumileds-18w-ajustable-cct-color-seleccionable","status":"publish","type":"product","link":"https:\/\/starlediluminacion.com\/fr\/product\/downlight-plafon-led-carre-mousse-noir-lumileds-18w-ajustable-cct-couleur-selectionnable-2\/","title":{"rendered":"<p>Downlight + Plaf&oacute;n LED &ndash; Cuadrado- MOSS NEGRO LUMILEDS &ndash; 18W AJUSTABLE &ndash; CCT Color Seleccionable<\/p>"},"content":{"rendered":"<h1>Downlight + Plaf&oacute;n LED &ndash; Cuadrado- MOSS NEGRO LUMILEDS &ndash; 18W AJUSTABLE&nbsp; &ndash; CCT Color Seleccionable<p>&nbsp;<\/p><p>Bienvenue dans l'avenir de l'\u00e9clairage avec le&nbsp;<strong>Downlight + plafonnier LED MOSS ADJUSTABLE<\/strong>&nbsp;avec&nbsp;<strong>Couleur CCT s\u00e9lectionnable<\/strong>! Pr\u00e9parez-vous \u00e0 d\u00e9couvrir une solution innovante qui r\u00e9volutionnera vos espaces et vous offrira une exp\u00e9rience lumineuse exceptionnelle.<\/p><p>&nbsp;<\/p><p>1. un \u00e9clairage personnalis\u00e9 au bout des doigts<\/p><p>Avez-vous d\u00e9j\u00e0 \u00e9t\u00e9 confront\u00e9 au dilemme suivant : le trou est trop grand ou trop petit pour installer votre downlight LED ? Ne vous inqui\u00e9tez plus ! Avec notre MOSS ADJUSTABLE LED Downlight + LED Ceiling Light, nous avons r\u00e9solu ce probl\u00e8me pour de bon. Fabriqu\u00e9e en polycarbonate (PC) de haute qualit\u00e9, cette merveille de technologie est con\u00e7ue pour s'adapter parfaitement \u00e0 votre espace.<\/p><p>Notre luminaire LED ADJUSTABLE - MOSS - est la solution ultime \u00e0 tous vos probl\u00e8mes d'installation. Votre luminaire&nbsp;<strong>syst\u00e8me<\/strong>&nbsp;de&nbsp;<strong>glissement<\/strong>&nbsp;de la&nbsp;<strong>fixation<\/strong>&nbsp;vous permet de l'ajuster pr\u00e9cis\u00e9ment au diam\u00e8tre du trou existant dans le plafond, qu'il soit grand ou petit. Une installation sans souci et sans stress !<\/p><p>&nbsp;<\/p><p>2. Des couleurs pour toutes les occasions<\/p><p>La polyvalence est essentielle, et notre produit a tout pour plaire. Gr\u00e2ce \u00e0 son&nbsp;<strong>Couleur CCT s\u00e9lectionnable<\/strong>vous avez le choix entre trois teintes diff\u00e9rentes :&nbsp;<strong>Blanc froid, blanc neutre et blanc chaud<\/strong>Vous souhaitez cr\u00e9er une atmosph\u00e8re chaleureuse dans votre salon ? Vous avez besoin d'une lumi\u00e8re vive et \u00e9nergique dans votre bureau ? Optez pour Cool White. Le choix vous appartient et MOSS vous donne la libert\u00e9 de personnaliser chaque espace \u00e0 votre guise. Le luminaire est dot\u00e9 d'un s\u00e9lecteur de temp\u00e9rature de couleur \u00e0 l'arri\u00e8re.<\/p><p>&nbsp;<\/p><p>3. Puce Lumileds<\/p><p>Ce plafonnier est dot\u00e9 d'un&nbsp;<strong>diodes<\/strong>&nbsp;de la marque&nbsp;<strong>Lumileds<\/strong>&nbsp;dont la puissance, la qualit\u00e9 des couleurs, la coh\u00e9rence, l'efficacit\u00e9 et la long\u00e9vit\u00e9 la distinguent des autres types de diodes. La puce&nbsp;<strong>SMD2835<\/strong>&nbsp;se caract\u00e9rise par son architecture CCT et ses performances CRI \u00e9lev\u00e9es, de sorte que la lumi\u00e8re \u00e9mise est d'une grande luminosit\u00e9 et d'une qualit\u00e9 sup\u00e9rieure.<\/p><p>&nbsp;<\/p><p>4. Adaptabilit\u00e9 illimit\u00e9e<\/p><p>Fabriqu\u00e9e en polycarbonate (PC) de haute qualit\u00e9, cette merveille technologique est con\u00e7ue pour s'int\u00e9grer parfaitement dans votre espace. Et avec un indice de rendu des couleurs (IRC) de plus de 80, vous profiterez de couleurs plus \u00e9clatantes et plus vraies que nature.<\/p><p>&nbsp;<\/p><p>5. Conception \u00e9l\u00e9gante et fonctionnelle<\/p><p>Les&nbsp;<strong>Downlight + plafonnier \u00e0 LED -MOSS-<\/strong>&nbsp;n'est pas seulement une merveille de technologie, mais aussi une pi\u00e8ce de design \u00e9l\u00e9gante. Son look moderne et minimaliste s'int\u00e8gre parfaitement \u00e0 tous les styles de d\u00e9coration, que ce soit en downlight ou en applique murale.&nbsp;<strong>encastr\u00e9<\/strong>&nbsp;ou comme soffite pour&nbsp;<strong>surface<\/strong>. Il ne se contente pas d'\u00e9clairer vos espaces, il les embellit \u00e9galement.<\/p><p>&nbsp;<\/p><h2>Usos del Downlight + Plaf&oacute;n LED &ndash; Cuadrado- MOSS NEGRO LUMILEDS &ndash; 18W AJUSTABLE&nbsp; &ndash; CCT Color Seleccionable<\/h2><ul>\n<li>Dans votre maison, pour cr\u00e9er des atmosph\u00e8res chaleureuses et agr\u00e9ables dans les salons, les chambres et les couloirs.<\/li>\n<li>Dans votre bureau, pour fournir un \u00e9clairage clair et cibl\u00e9 dans les zones de travail.<\/li>\n<li>Dans les magasins et les espaces de vente, pour mettre en valeur les produits et attirer les clients avec la meilleure qualit\u00e9 de lumi\u00e8re.<\/li>\n<li>Dans les h\u00f4tels et les restaurants, pour cr\u00e9er des atmosph\u00e8res \u00e9l\u00e9gantes et agr\u00e9ables \u00e0 tout moment.<\/li>\n<li>Partout o\u00f9 vous souhaitez b\u00e9n\u00e9ficier de la polyvalence et de la qualit\u00e9 exceptionnelle de l'\u00e9clairage MOSS.<\/li>\n<\/ul><p>&nbsp;<\/p><p>&nbsp;<\/p><p>Ne laissez pas l'\u00e9clairage \u00eatre un obstacle dans votre vie quotidienne. Avec le MOSS ADJUSTABLE LED Downlight + Ceiling avec CCT Colour Selectable, vous vous rapprocherez de la cr\u00e9ation de l'ambiance parfaite partout. Commandez maintenant et d\u00e9couvrez la diff\u00e9rence qu'un \u00e9clairage de qualit\u00e9 peut faire dans votre vie !<\/p><h3 class=\"h6\">Fiche technique du produit<\/h3><dl class=\"data-sheet\">\n<dt class=\"name\"><img loading=\"lazy\" decoding=\"async\" src=\"https:\/\/www.factorled.com\/modules\/oa_features\/img\/2-default.jpg\" width=\"32\" height=\"32\">&nbsp;R\u00c9F\u00c9RENCE<\/dt>\n<dd class=\"value\">LPN18W-CCT-91264<\/dd>\n<dt class=\"name\"><img loading=\"lazy\" decoding=\"async\" src=\"https:\/\/www.factorled.com\/modules\/oa_features\/img\/3-default.jpg\" width=\"32\" height=\"32\">&nbsp;Puissance nominale<\/dt>\n<dd class=\"value\">18w<\/dd>\n<dt class=\"name\"><img loading=\"lazy\" decoding=\"async\" src=\"https:\/\/www.factorled.com\/modules\/oa_features\/img\/4-default.jpg\" width=\"32\" height=\"32\">&nbsp;Tension nominale<\/dt>\n<dd class=\"value\">220V-240V<\/dd>\n<dt class=\"name\"><img loading=\"lazy\" decoding=\"async\" src=\"https:\/\/www.factorled.com\/modules\/oa_features\/img\/5-default.jpg\" width=\"32\" height=\"32\">&nbsp;Temp\u00e9rature de la lumi\u00e8re<\/dt>\n<dd class=\"value\">COULEUR S\u00c9LECTIONNABLE : 3000K-4000K-6000K<\/dd>\n<dt class=\"name\"><img loading=\"lazy\" decoding=\"async\" src=\"https:\/\/www.factorled.com\/modules\/oa_features\/img\/6-default.jpg\" width=\"32\" height=\"32\">&nbsp;CRI - Indice de rendu des couleurs<\/dt>\n<dd class=\"value\">80<\/dd>\n<dt class=\"name\"><img loading=\"lazy\" decoding=\"async\" src=\"https:\/\/www.factorled.com\/modules\/oa_features\/img\/25-default.jpg\" width=\"32\" height=\"32\">&nbsp;Mat\u00e9riaux de construction<\/dt>\n<dd class=\"value\">PC Retardateur de flammes<\/dd>\n<dt class=\"name\"><img loading=\"lazy\" decoding=\"async\" src=\"https:\/\/www.factorled.com\/modules\/oa_features\/img\/8-default.jpg\" width=\"32\" height=\"32\">&nbsp;Luminosit\u00e9-Lm<\/dt>\n<dd class=\"value\">1800<\/dd>\n<dt class=\"name\"><img loading=\"lazy\" decoding=\"async\" src=\"https:\/\/www.factorled.com\/modules\/oa_features\/img\/9-default.jpg\" width=\"32\" height=\"32\">&nbsp;Type de LED<\/dt>\n<dd class=\"value\">SMD 2835<\/dd>\n<dt class=\"name\"><img loading=\"lazy\" decoding=\"async\" src=\"https:\/\/www.factorled.com\/modules\/oa_features\/img\/10-default.jpg\" width=\"32\" height=\"32\">&nbsp;Angle d'ouverture (\u00ba)<\/dt>\n<dd class=\"value\">120\u00ba<\/dd>\n<dt class=\"name\"><img loading=\"lazy\" decoding=\"async\" src=\"https:\/\/www.factorled.com\/modules\/oa_features\/img\/12-default.jpg\" width=\"32\" height=\"32\">&nbsp;Efficacit\u00e9 de la diode LED (Lm\/W)<\/dt>\n<dd class=\"value\">130Lm\/W<\/dd>\n<dt class=\"name\"><img loading=\"lazy\" decoding=\"async\" src=\"https:\/\/www.factorled.com\/modules\/oa_features\/img\/13-default.jpg\" width=\"32\" height=\"32\">&nbsp;Efficacit\u00e9 lumineuse (Lm\/W)<\/dt>\n<dd class=\"value\">100 Lm\/W<\/dd>\n<dt class=\"name\"><img loading=\"lazy\" decoding=\"async\" src=\"https:\/\/www.factorled.com\/modules\/oa_features\/img\/15-default.jpg\" width=\"32\" height=\"32\">&nbsp;Certificats<\/dt>\n<dd class=\"value\">CE - ROHS<\/dd>\n<dt class=\"name\"><img loading=\"lazy\" decoding=\"async\" src=\"https:\/\/www.factorled.com\/modules\/oa_features\/img\/16-default.jpg\" width=\"32\" height=\"32\">&nbsp;Indice IP<\/dt>\n<dd class=\"value\">IP20<\/dd>\n<dt class=\"name\"><img loading=\"lazy\" decoding=\"async\" src=\"https:\/\/www.factorled.com\/modules\/oa_features\/img\/18-default.jpg\" width=\"32\" height=\"32\">&nbsp;Mesures (Mm)<\/dt>\n<dd class=\"value\">217 mm x H 17mm<\/dd>\n<dt class=\"name\"><img loading=\"lazy\" decoding=\"async\" src=\"https:\/\/www.factorled.com\/modules\/oa_features\/img\/21-default.jpg\" width=\"32\" height=\"32\">&nbsp;Fr\u00e9quence de travail (Hz)<\/dt>\n<dd class=\"value\">50\/60Hz<\/dd>\n<dt class=\"name\"><img loading=\"lazy\" decoding=\"async\" src=\"https:\/\/www.factorled.com\/modules\/oa_features\/img\/22-default.jpg\" width=\"32\" height=\"32\">&nbsp;Plage de temp\u00e9rature (\u00baC)<\/dt>\n<dd class=\"value\">-20\u00b0C ~ +55\u00b0C<\/dd>\n<dt class=\"name\"><img loading=\"lazy\" decoding=\"async\" src=\"https:\/\/www.factorled.com\/modules\/oa_features\/img\/23-default.jpg\" width=\"32\" height=\"32\">&nbsp;Cycles d'allumage<\/dt>\n<dd class=\"value\">100.000<\/dd>\n<dt class=\"name\"><img loading=\"lazy\" decoding=\"async\" src=\"https:\/\/www.factorled.com\/modules\/oa_features\/img\/24-default.jpg\" width=\"32\" height=\"32\">&nbsp;Temps de d\u00e9marrage (S)<\/dt>\n<dd class=\"value\">0,2s<\/dd>\n<dt class=\"name\"><img loading=\"lazy\" decoding=\"async\" src=\"https:\/\/www.factorled.com\/modules\/oa_features\/img\/27-default.jpg\" width=\"32\" height=\"32\">&nbsp;Coupe au plafond (Mm)<\/dt>\n<dd class=\"value\">Min. ?50mm - Max 180mm<\/dd>\n<dt class=\"name\"><img loading=\"lazy\" decoding=\"async\" src=\"https:\/\/www.factorled.com\/modules\/oa_features\/img\/7-default.jpg\" width=\"32\" height=\"32\">&nbsp;Classe \u00e9nerg\u00e9tique (2021-UE-2019\/2015)<\/dt>\n<dd class=\"value\">A+<\/dd>\n<dt class=\"name\"><img loading=\"lazy\" decoding=\"async\" src=\"https:\/\/www.factorled.com\/modules\/oa_features\/img\/75-default.jpg\" width=\"32\" height=\"32\">&nbsp;Ann\u00e9es de garantie<\/dt>\n<dd class=\"value\">3<\/dd>\n<\/dl><\/h1>","protected":false},"excerpt":{"rendered":"<div class=\"product-reference\"><label class=\"label\">R\u00e9f\u00e9rence :<\/label> SLLPN18W-CCT-91264\n<div><\/div>\n<div class=\"product-description-short\">\n<div id=\"product-description-short-3029\">\n<p dir=\"ltr\">Vous avez des probl\u00e8mes parce que le trou est trop grand ou trop petit pour installer votre downlight ou votre plafonnier LED ? La solution ! Avec le nouveau mod\u00e8le de&nbsp;<strong>Luminaire MOSS<\/strong>&nbsp;avec&nbsp;<strong>18W<\/strong>&nbsp;puissance,<strong>&nbsp; ADJUSTABLE<\/strong>&nbsp;\u00e0<strong>&nbsp;DIAM\u00c8TRE DE COUPE<\/strong>&nbsp;(diam\u00e8tre des trous de 50 mm \u00e0 180 mm) et<strong>&nbsp;couleur s\u00e9lectionnable<\/strong>Vous n'aurez aucun mal \u00e0 l'installer, car il s'adapte au diam\u00e8tre du trou gr\u00e2ce au syst\u00e8me coulissant de la fixation.<strong>&nbsp;PROFITEZ DE VOTRE DOWNLIGHT + PLAFONNIER + CCT + R\u00c9GLABLE !&nbsp;<\/strong>6 OPTIONS DE PRODUITS EN 1 SEULE !<\/p>\n<p dir=\"ltr\">Fabriqu\u00e9 avec des diodes SMD2835 \u00e0 haute luminance de la marque&nbsp;<strong>Lumileds<\/strong>Cela permet d'am\u00e9liorer les performances et la fiabilit\u00e9 de ce syst\u00e8me.&nbsp;<strong>lampe de plafond.<\/strong><\/p>\n<p dir=\"ltr\"><i class=\"fa fa-truck\"><\/i>&nbsp;<span class=\"text-muted textprop\">Livraison dans les 24\/48 heures<\/span><\/p>\n<\/div>\n<\/div><\/div>","protected":false},"featured_media":13001,"template":"","meta":{"site-sidebar-layout":"default","site-content-layout":"default","ast-global-header-display":"","ast-main-header-display":"","ast-hfb-above-header-display":"","ast-hfb-below-header-display":"","ast-hfb-mobile-header-display":"","site-post-title":"","ast-breadcrumbs-content":"","ast-featured-img":"","footer-sml-layout":"","theme-transparent-header-meta":"default","adv-header-id-meta":"","stick-header-meta":"","header-above-stick-meta":"","header-main-stick-meta":"","header-below-stick-meta":""},"product_cat":[68,27],"product_tag":[],"class_list":["post-12993","product","type-product","status-publish","has-post-thumbnail","hentry","product_cat-downlight-extraplano-slim-led","product_cat-downlight-plafones-y-placas-led"],"yoast_head":"<!-- This site is optimized with the Yoast SEO plugin v27.4 - https:\/\/yoast.com\/product\/yoast-seo-wordpress\/ -->\n<title>Downlight + Plaf\u00f3n LED - Cuadrado- MOSS NEGRO LUMILEDS - 18W AJUSTABLE - CCT Color Seleccionable - STARLED Iluminacion<\/title>\n<meta name=\"robots\" content=\"index, follow, max-snippet:-1, max-image-preview:large, max-video-preview:-1\" \/>\n<link rel=\"canonical\" href=\"https:\/\/starlediluminacion.com\/fr\/product\/downlight-plafon-led-carre-mousse-noir-lumileds-18w-ajustable-cct-couleur-selectionnable-2\/\" \/>\n<meta property=\"og:locale\" content=\"fr_FR\" \/>\n<meta property=\"og:type\" content=\"article\" \/>\n<meta property=\"og:title\" content=\"Downlight + Plaf\u00f3n LED - Cuadrado- MOSS NEGRO LUMILEDS - 18W AJUSTABLE - CCT Color Seleccionable - STARLED Iluminacion\" \/>\n<meta property=\"og:description\" content=\"Referencia: SLLPN18W-CCT-91264     \u00bfTienes problemas porque el agujero es muy grande o muy peque\u00f1o para instalar el downlight o\u00a0tu plaf\u00f3n LED? \u00a1La soluci\u00f3n!\u00a0Con el nuevo modelo de\u00a0Luminaria\u00a0MOSS\u00a0con\u00a018W\u00a0de potencia,\u00a0 AJUSTABLE\u00a0en\u00a0DIAMETRO DE CORTE\u00a0(Di\u00e1metro de hueco de 50mm a 180mm) y\u00a0color seleccionable, no tendr\u00e1s ning\u00fan problema en instalarlo, ya que \u00a0se ajusta al di\u00e1metro del agujero gracias al sistema de deslizamiento de la fijaci\u00f3n.\u00a0DISFRUTA YA DE TU\u00a0DOWNLIGHT + PLAF\u00d3N + CCT + AJUSTABLE!.\u00a06 OPCIONES DE PRODUCTO EN\u00a0 SOLO 1! Fabricada con diodos SMD2835 de alta luminosidad de la marca\u00a0Lumileds, lo que garantiza un mayor rendimiento y fiabilidad de esta\u00a0l\u00e1mpara de techo. \u00a0Entrega en 24\/48 horas\" \/>\n<meta property=\"og:url\" content=\"https:\/\/starlediluminacion.com\/fr\/product\/downlight-plafon-led-carre-mousse-noir-lumileds-18w-ajustable-cct-couleur-selectionnable-2\/\" \/>\n<meta property=\"og:site_name\" content=\"STARLED Iluminacion\" \/>\n<meta property=\"article:modified_time\" content=\"2024-05-05T10:38:29+00:00\" \/>\n<meta property=\"og:image\" content=\"https:\/\/starlediluminacion.com\/wp-content\/uploads\/2024\/05\/downlight-plafon-led-cuadrado-moss-negro-lumileds-18w-ajustable-cct-color-seleccionable.jpg\" \/>\n\t<meta property=\"og:image:width\" content=\"744\" \/>\n\t<meta property=\"og:image:height\" content=\"800\" \/>\n\t<meta property=\"og:image:type\" content=\"image\/jpeg\" \/>\n<meta name=\"twitter:card\" content=\"summary_large_image\" \/>\n<meta name=\"twitter:label1\" content=\"Dur\u00e9e de lecture estim\u00e9e\" \/>\n\t<meta name=\"twitter:data1\" content=\"4 minutes\" \/>\n<script type=\"application\/ld+json\" class=\"yoast-schema-graph\">{\"@context\":\"https:\\\/\\\/schema.org\",\"@graph\":[{\"@type\":\"WebPage\",\"@id\":\"https:\\\/\\\/starlediluminacion.com\\\/producto\\\/downlight-plafon-led-cuadrado-moss-negro-lumileds-18w-ajustable-cct-color-seleccionable\\\/\",\"url\":\"https:\\\/\\\/starlediluminacion.com\\\/producto\\\/downlight-plafon-led-cuadrado-moss-negro-lumileds-18w-ajustable-cct-color-seleccionable\\\/\",\"name\":\"Downlight + Plaf\u00f3n LED - Cuadrado- MOSS NEGRO LUMILEDS - 18W AJUSTABLE - CCT Color Seleccionable - STARLED Iluminacion\",\"isPartOf\":{\"@id\":\"https:\\\/\\\/starlediluminacion.com\\\/#website\"},\"primaryImageOfPage\":{\"@id\":\"https:\\\/\\\/starlediluminacion.com\\\/producto\\\/downlight-plafon-led-cuadrado-moss-negro-lumileds-18w-ajustable-cct-color-seleccionable\\\/#primaryimage\"},\"image\":{\"@id\":\"https:\\\/\\\/starlediluminacion.com\\\/producto\\\/downlight-plafon-led-cuadrado-moss-negro-lumileds-18w-ajustable-cct-color-seleccionable\\\/#primaryimage\"},\"thumbnailUrl\":\"https:\\\/\\\/starlediluminacion.com\\\/wp-content\\\/uploads\\\/2024\\\/05\\\/downlight-plafon-led-cuadrado-moss-negro-lumileds-18w-ajustable-cct-color-seleccionable.jpg\",\"datePublished\":\"2024-05-05T10:36:04+00:00\",\"dateModified\":\"2024-05-05T10:38:29+00:00\",\"breadcrumb\":{\"@id\":\"https:\\\/\\\/starlediluminacion.com\\\/producto\\\/downlight-plafon-led-cuadrado-moss-negro-lumileds-18w-ajustable-cct-color-seleccionable\\\/#breadcrumb\"},\"inLanguage\":\"fr-FR\",\"potentialAction\":[{\"@type\":\"ReadAction\",\"target\":[\"https:\\\/\\\/starlediluminacion.com\\\/producto\\\/downlight-plafon-led-cuadrado-moss-negro-lumileds-18w-ajustable-cct-color-seleccionable\\\/\"]}]},{\"@type\":\"ImageObject\",\"inLanguage\":\"fr-FR\",\"@id\":\"https:\\\/\\\/starlediluminacion.com\\\/producto\\\/downlight-plafon-led-cuadrado-moss-negro-lumileds-18w-ajustable-cct-color-seleccionable\\\/#primaryimage\",\"url\":\"https:\\\/\\\/starlediluminacion.com\\\/wp-content\\\/uploads\\\/2024\\\/05\\\/downlight-plafon-led-cuadrado-moss-negro-lumileds-18w-ajustable-cct-color-seleccionable.jpg\",\"contentUrl\":\"https:\\\/\\\/starlediluminacion.com\\\/wp-content\\\/uploads\\\/2024\\\/05\\\/downlight-plafon-led-cuadrado-moss-negro-lumileds-18w-ajustable-cct-color-seleccionable.jpg\",\"width\":744,\"height\":800},{\"@type\":\"BreadcrumbList\",\"@id\":\"https:\\\/\\\/starlediluminacion.com\\\/producto\\\/downlight-plafon-led-cuadrado-moss-negro-lumileds-18w-ajustable-cct-color-seleccionable\\\/#breadcrumb\",\"itemListElement\":[{\"@type\":\"ListItem\",\"position\":1,\"name\":\"Portada\",\"item\":\"https:\\\/\\\/starlediluminacion.com\\\/\"},{\"@type\":\"ListItem\",\"position\":2,\"name\":\"Shop\",\"item\":\"https:\\\/\\\/starlediluminacion.com\\\/shop-2\\\/\"},{\"@type\":\"ListItem\",\"position\":3,\"name\":\"Downlight + Plaf\u00f3n LED &#8211; Cuadrado- MOSS NEGRO LUMILEDS &#8211; 18W AJUSTABLE &#8211; CCT Color Seleccionable\"}]},{\"@type\":\"WebSite\",\"@id\":\"https:\\\/\\\/starlediluminacion.com\\\/#website\",\"url\":\"https:\\\/\\\/starlediluminacion.com\\\/\",\"name\":\"STARLED Iluminacion\",\"description\":\"\",\"potentialAction\":[{\"@type\":\"SearchAction\",\"target\":{\"@type\":\"EntryPoint\",\"urlTemplate\":\"https:\\\/\\\/starlediluminacion.com\\\/?s={search_term_string}\"},\"query-input\":{\"@type\":\"PropertyValueSpecification\",\"valueRequired\":true,\"valueName\":\"search_term_string\"}}],\"inLanguage\":\"fr-FR\"}]}<\/script>\n<!-- \/ Yoast SEO plugin. -->","yoast_head_json":{"title":"Downlight + Plaf\u00f3n LED - Cuadrado- MOSS NEGRO LUMILEDS - 18W AJUSTABLE - CCT Color Seleccionable - STARLED Iluminacion","robots":{"index":"index","follow":"follow","max-snippet":"max-snippet:-1","max-image-preview":"max-image-preview:large","max-video-preview":"max-video-preview:-1"},"canonical":"https:\/\/starlediluminacion.com\/fr\/product\/downlight-plafon-led-carre-mousse-noir-lumileds-18w-ajustable-cct-couleur-selectionnable-2\/","og_locale":"fr_FR","og_type":"article","og_title":"Downlight + Plaf\u00f3n LED - Cuadrado- MOSS NEGRO LUMILEDS - 18W AJUSTABLE - CCT Color Seleccionable - STARLED Iluminacion","og_description":"Referencia: SLLPN18W-CCT-91264     \u00bfTienes problemas porque el agujero es muy grande o muy peque\u00f1o para instalar el downlight o\u00a0tu plaf\u00f3n LED? \u00a1La soluci\u00f3n!\u00a0Con el nuevo modelo de\u00a0Luminaria\u00a0MOSS\u00a0con\u00a018W\u00a0de potencia,\u00a0 AJUSTABLE\u00a0en\u00a0DIAMETRO DE CORTE\u00a0(Di\u00e1metro de hueco de 50mm a 180mm) y\u00a0color seleccionable, no tendr\u00e1s ning\u00fan problema en instalarlo, ya que \u00a0se ajusta al di\u00e1metro del agujero gracias al sistema de deslizamiento de la fijaci\u00f3n.\u00a0DISFRUTA YA DE TU\u00a0DOWNLIGHT + PLAF\u00d3N + CCT + AJUSTABLE!.\u00a06 OPCIONES DE PRODUCTO EN\u00a0 SOLO 1! Fabricada con diodos SMD2835 de alta luminosidad de la marca\u00a0Lumileds, lo que garantiza un mayor rendimiento y fiabilidad de esta\u00a0l\u00e1mpara de techo. \u00a0Entrega en 24\/48 horas","og_url":"https:\/\/starlediluminacion.com\/fr\/product\/downlight-plafon-led-carre-mousse-noir-lumileds-18w-ajustable-cct-couleur-selectionnable-2\/","og_site_name":"STARLED Iluminacion","article_modified_time":"2024-05-05T10:38:29+00:00","og_image":[{"width":744,"height":800,"url":"https:\/\/starlediluminacion.com\/wp-content\/uploads\/2024\/05\/downlight-plafon-led-cuadrado-moss-negro-lumileds-18w-ajustable-cct-color-seleccionable.jpg","type":"image\/jpeg"}],"twitter_card":"summary_large_image","twitter_misc":{"Dur\u00e9e de lecture estim\u00e9e":"4 minutes"},"schema":{"@context":"https:\/\/schema.org","@graph":[{"@type":"WebPage","@id":"https:\/\/starlediluminacion.com\/producto\/downlight-plafon-led-cuadrado-moss-negro-lumileds-18w-ajustable-cct-color-seleccionable\/","url":"https:\/\/starlediluminacion.com\/producto\/downlight-plafon-led-cuadrado-moss-negro-lumileds-18w-ajustable-cct-color-seleccionable\/","name":"Downlight + Plaf\u00f3n LED - Cuadrado- MOSS NEGRO LUMILEDS - 18W AJUSTABLE - CCT Color Seleccionable - STARLED Iluminacion","isPartOf":{"@id":"https:\/\/starlediluminacion.com\/#website"},"primaryImageOfPage":{"@id":"https:\/\/starlediluminacion.com\/producto\/downlight-plafon-led-cuadrado-moss-negro-lumileds-18w-ajustable-cct-color-seleccionable\/#primaryimage"},"image":{"@id":"https:\/\/starlediluminacion.com\/producto\/downlight-plafon-led-cuadrado-moss-negro-lumileds-18w-ajustable-cct-color-seleccionable\/#primaryimage"},"thumbnailUrl":"https:\/\/starlediluminacion.com\/wp-content\/uploads\/2024\/05\/downlight-plafon-led-cuadrado-moss-negro-lumileds-18w-ajustable-cct-color-seleccionable.jpg","datePublished":"2024-05-05T10:36:04+00:00","dateModified":"2024-05-05T10:38:29+00:00","breadcrumb":{"@id":"https:\/\/starlediluminacion.com\/producto\/downlight-plafon-led-cuadrado-moss-negro-lumileds-18w-ajustable-cct-color-seleccionable\/#breadcrumb"},"inLanguage":"fr-FR","potentialAction":[{"@type":"ReadAction","target":["https:\/\/starlediluminacion.com\/producto\/downlight-plafon-led-cuadrado-moss-negro-lumileds-18w-ajustable-cct-color-seleccionable\/"]}]},{"@type":"ImageObject","inLanguage":"fr-FR","@id":"https:\/\/starlediluminacion.com\/producto\/downlight-plafon-led-cuadrado-moss-negro-lumileds-18w-ajustable-cct-color-seleccionable\/#primaryimage","url":"https:\/\/starlediluminacion.com\/wp-content\/uploads\/2024\/05\/downlight-plafon-led-cuadrado-moss-negro-lumileds-18w-ajustable-cct-color-seleccionable.jpg","contentUrl":"https:\/\/starlediluminacion.com\/wp-content\/uploads\/2024\/05\/downlight-plafon-led-cuadrado-moss-negro-lumileds-18w-ajustable-cct-color-seleccionable.jpg","width":744,"height":800},{"@type":"BreadcrumbList","@id":"https:\/\/starlediluminacion.com\/producto\/downlight-plafon-led-cuadrado-moss-negro-lumileds-18w-ajustable-cct-color-seleccionable\/#breadcrumb","itemListElement":[{"@type":"ListItem","position":1,"name":"Portada","item":"https:\/\/starlediluminacion.com\/"},{"@type":"ListItem","position":2,"name":"Shop","item":"https:\/\/starlediluminacion.com\/shop-2\/"},{"@type":"ListItem","position":3,"name":"Downlight + Plaf\u00f3n LED &#8211; Cuadrado- MOSS NEGRO LUMILEDS &#8211; 18W AJUSTABLE &#8211; CCT Color Seleccionable"}]},{"@type":"WebSite","@id":"https:\/\/starlediluminacion.com\/#website","url":"https:\/\/starlediluminacion.com\/","name":"STARLED Iluminacion","description":"","potentialAction":[{"@type":"SearchAction","target":{"@type":"EntryPoint","urlTemplate":"https:\/\/starlediluminacion.com\/?s={search_term_string}"},"query-input":{"@type":"PropertyValueSpecification","valueRequired":true,"valueName":"search_term_string"}}],"inLanguage":"fr-FR"}]}},"_links":{"self":[{"href":"https:\/\/starlediluminacion.com\/fr\/wp-json\/wp\/v3\/product\/12993","targetHints":{"allow":["GET"]}}],"collection":[{"href":"https:\/\/starlediluminacion.com\/fr\/wp-json\/wp\/v3\/product"}],"about":[{"href":"https:\/\/starlediluminacion.com\/fr\/wp-json\/wp\/v2\/types\/product"}],"wp:featuredmedia":[{"embeddable":true,"href":"https:\/\/starlediluminacion.com\/fr\/wp-json\/wp\/v2\/media\/13001"}],"wp:attachment":[{"href":"https:\/\/starlediluminacion.com\/fr\/wp-json\/wp\/v2\/media?parent=12993"}],"wp:term":[{"taxonomy":"product_cat","embeddable":true,"href":"https:\/\/starlediluminacion.com\/fr\/wp-json\/wp\/v2\/product_cat?post=12993"},{"taxonomy":"product_tag","embeddable":true,"href":"https:\/\/starlediluminacion.com\/fr\/wp-json\/wp\/v2\/product_tag?post=12993"}],"curies":[{"name":"wp","href":"https:\/\/api.w.org\/{rel}","templated":true}]}}