{"id":12880,"date":"2024-05-05T09:46:50","date_gmt":"2024-05-05T09:46:50","guid":{"rendered":"https:\/\/starlediluminacion.com\/?post_type=product&#038;p=12880"},"modified":"2024-05-05T09:50:08","modified_gmt":"2024-05-05T09:50:08","slug":"empotrable-led-6w-periscopico-direccionable-cuadrado-cct-color-seleccionable","status":"publish","type":"product","link":"https:\/\/starlediluminacion.com\/fr\/product\/encastre-led-6w-periscopique-directionnel-carre-cct-couleur-selectionnable-2\/","title":{"rendered":"<p>Empotrable LED 6W &ndash; PERISC&Oacute;PICO DIRECCIONABLE &ndash; Cuadrado &ndash; CCT Color Seleccionable<\/p>"},"content":{"rendered":"<h1>Downlight&nbsp;LED 6W &ndash; PERISC&Oacute;PICO DIRECCIONABLE &ndash; Cuadrado &ndash;&nbsp; CCT Color Color Seleccionable<p>&nbsp;<\/p><p>\u00cates-vous pr\u00eat \u00e0 transformer votre environnement en un paradis de lumi\u00e8re et de sophistication ? Voici le&nbsp;<strong>LED encastr\u00e9e 6W<\/strong>un v\u00e9ritable chef-d'\u0153uvre d'\u00e9clairage qui embellira vos moments de mani\u00e8re incomparable. Il transforme chaque coin de votre maison ou de votre bureau en une sc\u00e8ne o\u00f9 la lumi\u00e8re s'adapte \u00e0 vos besoins et \u00e0 vos pr\u00e9f\u00e9rences. D\u00e9couvrez pourquoi ce&nbsp;<strong>LED encastr\u00e9es R\u00e9glable<\/strong>&nbsp;a conquis le c\u0153ur de ceux qui recherchent l'excellence en mati\u00e8re d'\u00e9clairage.<\/p><p>&nbsp;<\/p><p>Luminosit\u00e9 et direction parfaites :<\/p><p>Nuestro Empotrable LED 6W no es uno m&aacute;s en el mercado. Su dise&ntilde;o&nbsp;<strong>p\u00e9riscopique directionnel<\/strong>&nbsp;vous permet de diriger la lumi\u00e8re exactement l\u00e0 o\u00f9 vous en avez besoin,&nbsp;<strong>Rotation de 360<\/strong>&nbsp;et dispose d'un&nbsp;<strong>Rotation de 90<\/strong>&nbsp;pour l'ajuster en fonction des besoins de chaque espace. Finies les ombres inconfortables et les zones mal \u00e9clair\u00e9es - cr\u00e9ez l'atmosph\u00e8re parfaite en ajustant simplement la direction de la lumi\u00e8re !<\/p><p>&nbsp;<\/p><p><strong>Angle de lumi\u00e8re<\/strong>&nbsp;parfait pour&nbsp;<strong>30\u00ba<\/strong>&nbsp;et l'orientation totale :<\/p><p>Si vous souhaitez mettre en valeur des \u00e9l\u00e9ments particuliers dans une pi\u00e8ce ou une zone, tels qu'une \u0153uvre d'art, une vitrine ou une zone de travail, un angle de 30 degr\u00e9s vous permet de concentrer la lumi\u00e8re sur cet objet, cr\u00e9ant ainsi un effet de mise en valeur.<\/p><p>L'orientation compl\u00e8te vous permet de personnaliser la direction et l'angle de la lumi\u00e8re en fonction de vos pr\u00e9f\u00e9rences personnelles. Cette fonction est particuli\u00e8rement utile dans les espaces o\u00f9 se d\u00e9roulent de multiples activit\u00e9s. En orientant la lumi\u00e8re directement vers des zones ou des \u00e9l\u00e9ments sp\u00e9cifiques, vous pouvez \u00e9liminer les ombres ind\u00e9sirables et vous assurer que la lumi\u00e8re est dirig\u00e9e vers le bon angle.&nbsp;<strong>l'\u00e9clairage<\/strong>&nbsp;\u00eatre&nbsp;<strong>uniforme et efficace<\/strong>.<\/p><p>Dans les espaces polyvalents ou \u00e0 usages multiples, comme un salon qui sert aussi de bureau, l'orientation compl\u00e8te permet d'adapter l'\u00e9clairage aux diff\u00e9rents besoins.<\/p><p>&nbsp;<\/p><p>Des couleurs \u00e0 votre go\u00fbt :<\/p><p>Vous en avez assez de la lumi\u00e8re froide ou chaude ? Notre downlight LED vous permet de choisir la couleur de lumi\u00e8re qui vous convient le mieux. Gr\u00e2ce \u00e0 la technologie<strong>&nbsp;Couleur CCT s\u00e9lectionnable<\/strong>vous pouvez choisir entre&nbsp;<strong>lumi\u00e8re chaude, lumi\u00e8re froide ou lumi\u00e8re naturelle.<\/strong>&nbsp;Qu'il s'agisse d'une lumi\u00e8re agr\u00e9able pour un d\u00eener romantique ou d'une lumi\u00e8re vive pour le travail, ce luminaire encastr\u00e9 s'adapte \u00e0 vos besoins en un instant.<\/p><p>&nbsp;<\/p><p>Efficacit\u00e9 \u00e9nerg\u00e9tique exceptionnelle :<\/p><p>Avec une puissance de seulement&nbsp;<strong>6W<\/strong>cette&nbsp;<strong>LED encastr\u00e9e<\/strong>&nbsp;est un concentr\u00e9 d'efficacit\u00e9 \u00e9nerg\u00e9tique. Malgr\u00e9 sa faible consommation d'\u00e9nergie, elle fournit un \u00e9clairage clair et net avec un angle d'\u00e9clairage de 30 degr\u00e9s. Adieu les co\u00fbts d'\u00e9lectricit\u00e9 \u00e9lev\u00e9s, bonjour une facture d'\u00e9nergie plus respectueuse de l'environnement.<\/p><p>&nbsp;<\/p><p>Durabilit\u00e9 in\u00e9gal\u00e9e :<\/p><p>Fabriqu\u00e9 en polycarbonate (PC), ce downlight LED est solide et durable. Sa construction de haute qualit\u00e9 garantit qu'il durera des ann\u00e9es sans perdre de sa splendeur. Vous n'aurez plus \u00e0 vous soucier de remplacer fr\u00e9quemment les ampoules ou les luminaires.<\/p><p>&nbsp;<\/p><p>Installation simple :<\/p><p>L'installation de ce downlight encastr\u00e9 \u00e0 LED est un jeu d'enfant.&nbsp;<strong>essentiel<\/strong>&nbsp;est de mettre en \u0153uvre la&nbsp;<strong>couper<\/strong>&nbsp;dans le&nbsp;<strong>toit<\/strong>&nbsp;si vous ne l'avez pas d\u00e9j\u00e0 avec les mesures indiqu\u00e9es pour pouvoir l'encastrer. Il est livr\u00e9 avec toutes les instructions et pi\u00e8ces n\u00e9cessaires, de sorte que vous pouvez le mettre en place en quelques minutes, sans avoir besoin d'engager un \u00e9lectricien, nous vous rappelons simplement que vous devez \u00e9teindre le courant chaque fois que vous effectuez un montage \u00e9lectrique !<\/p><p>&nbsp;<\/p><h2>Usos del&nbsp;Empotrable LED 6W &ndash; PERISC&Oacute;PICO DIRECCIONABLE &ndash; Cuadrado &ndash; CCT<\/h2><p>El Empotrable LED 6W&nbsp;es tan vers&aacute;til como potente. Puedes utilizarlo en una variedad de entornos:<\/p><p>&nbsp;<\/p><ul>\n<li>Dans votre maison : embellissez votre salon, votre cuisine, votre chambre ou tout autre espace gr\u00e2ce \u00e0 ce luminaire \u00e9l\u00e9gant et fonctionnel. R\u00e9glez la couleur de la lumi\u00e8re pour cr\u00e9er l'atmosph\u00e8re id\u00e9ale \u00e0 tout moment.<\/li>\n<\/ul><ul>\n<li>Au bureau : Augmentez votre productivit\u00e9 et cr\u00e9ez un environnement de travail optimal gr\u00e2ce \u00e0 une lumi\u00e8re blanche brillante sur votre bureau ou votre espace de travail.<\/li>\n<\/ul><ul>\n<li>Dans les magasins et les boutiques : mettez vos produits en valeur et attirez les clients gr\u00e2ce \u00e0 un \u00e9clairage clair et attrayant.<\/li>\n<\/ul><ul>\n<li>Dans les restaurants et les bars : cr\u00e9ez une atmosph\u00e8re chaleureuse ou anim\u00e9e selon l'occasion, le tout avec un seul downlight LED.<\/li>\n<\/ul><ul>\n<li>Dans les espaces commerciaux : qu'il s'agisse d'une salle d'exposition, d'une galerie d'art ou de tout autre lieu, ce luminaire ajoutera une touche sp\u00e9ciale \u00e0 votre espace.<\/li>\n<\/ul><p>&nbsp;<\/p><p>En bref, le&nbsp;<strong>Empotrable LED&nbsp;6W<\/strong>&nbsp;avec&nbsp;<strong>TDC<\/strong>&nbsp;est le compagnon d'\u00e9clairage id\u00e9al qui vous offre contr\u00f4le, efficacit\u00e9 et durabilit\u00e9. Ajoutez une touche de style \u00e0 votre environnement et d\u00e9couvrez la nouvelle g\u00e9n\u00e9ration d'\u00e9clairage - n'attendez plus pour vous approprier cette merveille de la technologie de l'\u00e9clairage ! Transformez vos espaces et cr\u00e9ez l'ambiance parfaite en un seul clic.<\/p><h3 class=\"h6\">Fiche technique du produit<\/h3><dl class=\"data-sheet\">\n<dt class=\"name\"><img loading=\"lazy\" decoding=\"async\" src=\"https:\/\/www.factorled.com\/modules\/oa_features\/img\/2-default.jpg\" width=\"32\" height=\"32\">&nbsp;R\u00c9F\u00c9RENCE<\/dt>\n<dd class=\"value\">LSPL6W-CCT-91267<\/dd>\n<dt class=\"name\"><img loading=\"lazy\" decoding=\"async\" src=\"https:\/\/www.factorled.com\/modules\/oa_features\/img\/3-default.jpg\" width=\"32\" height=\"32\">&nbsp;Puissance nominale<\/dt>\n<dd class=\"value\">6w<\/dd>\n<dt class=\"name\"><img loading=\"lazy\" decoding=\"async\" src=\"https:\/\/www.factorled.com\/modules\/oa_features\/img\/4-default.jpg\" width=\"32\" height=\"32\">&nbsp;Tension nominale<\/dt>\n<dd class=\"value\">220-240V<\/dd>\n<dt class=\"name\"><img loading=\"lazy\" decoding=\"async\" src=\"https:\/\/www.factorled.com\/modules\/oa_features\/img\/5-default.jpg\" width=\"32\" height=\"32\">&nbsp;Temp\u00e9rature de la lumi\u00e8re<\/dt>\n<dd class=\"value\">3000K-4200K-6500K<\/dd>\n<dt class=\"name\"><img loading=\"lazy\" decoding=\"async\" src=\"https:\/\/www.factorled.com\/modules\/oa_features\/img\/6-default.jpg\" width=\"32\" height=\"32\">&nbsp;CRI - Indice de rendu des couleurs<\/dt>\n<dd class=\"value\">80<\/dd>\n<dt class=\"name\"><img loading=\"lazy\" decoding=\"async\" src=\"https:\/\/www.factorled.com\/modules\/oa_features\/img\/25-default.jpg\" width=\"32\" height=\"32\">&nbsp;Mat\u00e9riaux de construction<\/dt>\n<dd class=\"value\">PC Retardateur de flammes<\/dd>\n<dt class=\"name\"><img loading=\"lazy\" decoding=\"async\" src=\"https:\/\/www.factorled.com\/modules\/oa_features\/img\/8-default.jpg\" width=\"32\" height=\"32\">&nbsp;Luminosit\u00e9-Lm<\/dt>\n<dd class=\"value\">600 Lm<\/dd>\n<dt class=\"name\"><img loading=\"lazy\" decoding=\"async\" src=\"https:\/\/www.factorled.com\/modules\/oa_features\/img\/9-default.jpg\" width=\"32\" height=\"32\">&nbsp;Type de LED<\/dt>\n<dd class=\"value\">COB<\/dd>\n<dt class=\"name\"><img loading=\"lazy\" decoding=\"async\" src=\"https:\/\/www.factorled.com\/modules\/oa_features\/img\/10-default.jpg\" width=\"32\" height=\"32\">&nbsp;Angle d'ouverture (\u00ba)<\/dt>\n<dd class=\"value\">30\u00b0<\/dd>\n<dt class=\"name\"><img loading=\"lazy\" decoding=\"async\" src=\"https:\/\/www.factorled.com\/modules\/oa_features\/img\/11-default.jpg\" width=\"32\" height=\"32\">&nbsp;Dimable<\/dt>\n<dd class=\"value\">Non<\/dd>\n<dt class=\"name\"><img loading=\"lazy\" decoding=\"async\" src=\"https:\/\/www.factorled.com\/modules\/oa_features\/img\/15-default.jpg\" width=\"32\" height=\"32\">&nbsp;Certificats<\/dt>\n<dd class=\"value\">CE - ROHS<\/dd>\n<dt class=\"name\"><img loading=\"lazy\" decoding=\"async\" src=\"https:\/\/www.factorled.com\/modules\/oa_features\/img\/16-default.jpg\" width=\"32\" height=\"32\">&nbsp;Indice IP<\/dt>\n<dd class=\"value\">IP40<\/dd>\n<dt class=\"name\"><img loading=\"lazy\" decoding=\"async\" src=\"https:\/\/www.factorled.com\/modules\/oa_features\/img\/17-default.jpg\" width=\"32\" height=\"32\">&nbsp;Dur\u00e9e de vie estim\u00e9e Diode LED (H)<\/dt>\n<dd class=\"value\">25000<\/dd>\n<dt class=\"name\"><img loading=\"lazy\" decoding=\"async\" src=\"https:\/\/www.factorled.com\/modules\/oa_features\/img\/18-default.jpg\" width=\"32\" height=\"32\">&nbsp;Mesures (Mm)<\/dt>\n<dd class=\"value\">&Oslash;90xH70mm<\/dd>\n<dt class=\"name\"><img loading=\"lazy\" decoding=\"async\" src=\"https:\/\/www.factorled.com\/modules\/oa_features\/img\/21-default.jpg\" width=\"32\" height=\"32\">&nbsp;Fr\u00e9quence de travail (Hz)<\/dt>\n<dd class=\"value\">50\/60Hz<\/dd>\n<dt class=\"name\"><img loading=\"lazy\" decoding=\"async\" src=\"https:\/\/www.factorled.com\/modules\/oa_features\/img\/22-default.jpg\" width=\"32\" height=\"32\">&nbsp;Plage de temp\u00e9rature (\u00baC)<\/dt>\n<dd class=\"value\">-20\u00baC ~ +50\u00baC<\/dd>\n<dt class=\"name\"><img loading=\"lazy\" decoding=\"async\" src=\"https:\/\/www.factorled.com\/modules\/oa_features\/img\/23-default.jpg\" width=\"32\" height=\"32\">&nbsp;Cycles d'allumage<\/dt>\n<dd class=\"value\">100.000<\/dd>\n<dt class=\"name\"><img loading=\"lazy\" decoding=\"async\" src=\"https:\/\/www.factorled.com\/modules\/oa_features\/img\/24-default.jpg\" width=\"32\" height=\"32\">&nbsp;Temps de d\u00e9marrage (S)<\/dt>\n<dd class=\"value\">0,2s<\/dd>\n<dt class=\"name\"><img loading=\"lazy\" decoding=\"async\" src=\"https:\/\/www.factorled.com\/modules\/oa_features\/img\/27-default.jpg\" width=\"32\" height=\"32\">&nbsp;Coupe au plafond (Mm)<\/dt>\n<dd class=\"value\">70 mm<\/dd>\n<dt class=\"name\"><img loading=\"lazy\" decoding=\"async\" src=\"https:\/\/www.factorled.com\/modules\/oa_features\/img\/72-default.jpg\" width=\"32\" height=\"32\">&nbsp;Indice d'\u00e9blouissement (UGR)<\/dt>\n<dd class=\"value\">19<\/dd>\n<dt class=\"name\"><img loading=\"lazy\" decoding=\"async\" src=\"https:\/\/www.factorled.com\/modules\/oa_features\/img\/74-default.jpg\" width=\"32\" height=\"32\">&nbsp;Conducteur inclus<\/dt>\n<dd class=\"value\">OUI<\/dd>\n<dt class=\"name\"><img loading=\"lazy\" decoding=\"async\" src=\"https:\/\/www.factorled.com\/modules\/oa_features\/img\/7-default.jpg\" width=\"32\" height=\"32\">&nbsp;Classe \u00e9nerg\u00e9tique (2021-UE-2019\/2015)<\/dt>\n<dd class=\"value\">A+<\/dd>\n<dt class=\"name\"><img loading=\"lazy\" decoding=\"async\" src=\"https:\/\/www.factorled.com\/modules\/oa_features\/img\/101-default.jpg\" width=\"32\" height=\"32\">&nbsp;Classe \u00e9nerg\u00e9tique (2023 - EU-2019\/2015)<\/dt>\n<dd class=\"value\">F<\/dd>\n<dt class=\"name\"><img loading=\"lazy\" decoding=\"async\" src=\"https:\/\/www.factorled.com\/modules\/oa_features\/img\/75-default.jpg\" width=\"32\" height=\"32\">&nbsp;Ann\u00e9es de garantie<\/dt>\n<dd class=\"value\">3<\/dd>\n<\/dl><\/h1>","protected":false},"excerpt":{"rendered":"<div class=\"product-reference\"><label class=\"label\">R\u00e9f\u00e9rence :<\/label> SLLSPL6W-CCT-91267\n<div><\/div>\n<div class=\"product-description-short\">\n<div id=\"product-description-short-3022\">\n<p>\u00cates-vous pr\u00eat \u00e0 transformer votre espace en une oasis de lumi\u00e8re et d'\u00e9l\u00e9gance ? Voici le&nbsp;<strong>LED encastr\u00e9e 6W&nbsp;<\/strong><strong>ADRESSABLE PAR P\u00c9RISCOPIE,<\/strong>&nbsp;un bijou d'\u00e9clairage qui illuminera vos moments de mani\u00e8re unique. Transformez chaque coin de votre maison ou de votre bureau en une sc\u00e8ne o\u00f9 la lumi\u00e8re s'adapte \u00e0 vos besoins et \u00e0 vos envies. D\u00e9couvrez pourquoi ce&nbsp;<strong>LED encastr\u00e9es R\u00e9glable<\/strong>&nbsp;est devenu le choix num\u00e9ro un pour ceux qui recherchent la perfection en mati\u00e8re d'\u00e9clairage et il est \u00e9galement enti\u00e8rement r\u00e9glable !<\/p>\n<p>Il se distingue par le fait qu'il peut<strong>&nbsp;rotation de 360\u00ba et rotation de 90\u00ba.<\/strong>&nbsp;\u00e9clairer tout espace d'int\u00e9r\u00eat. Technologie&nbsp;<strong>TDC<\/strong>les&nbsp;<strong>lumi\u00e8re<\/strong>&nbsp;Le blanc peut \u00eatre s\u00e9lectionn\u00e9 dans<strong>&nbsp;Chaud, neutre et froid.&nbsp;<\/strong>Assemblage et installation faciles.<\/p>\n<p><i class=\"fa fa-truck\"><\/i>&nbsp;<span class=\"text-muted textprop\">Livraison dans les 24\/48 heures<\/span><\/p>\n<\/div>\n<\/div><\/div>","protected":false},"featured_media":12886,"template":"","meta":{"site-sidebar-layout":"default","site-content-layout":"default","ast-global-header-display":"","ast-main-header-display":"","ast-hfb-above-header-display":"","ast-hfb-below-header-display":"","ast-hfb-mobile-header-display":"","site-post-title":"","ast-breadcrumbs-content":"","ast-featured-img":"","footer-sml-layout":"","theme-transparent-header-meta":"default","adv-header-id-meta":"","stick-header-meta":"","header-above-stick-meta":"","header-main-stick-meta":"","header-below-stick-meta":""},"product_cat":[27,70],"product_tag":[],"class_list":["post-12880","product","type-product","status-publish","has-post-thumbnail","hentry","product_cat-downlight-plafones-y-placas-led","product_cat-focos-downlight-led"],"yoast_head":"<!-- This site is optimized with the Yoast SEO plugin v27.4 - https:\/\/yoast.com\/product\/yoast-seo-wordpress\/ -->\n<title>Empotrable LED 6W - PERISC\u00d3PICO DIRECCIONABLE - Cuadrado - CCT Color Seleccionable - STARLED Iluminacion<\/title>\n<meta name=\"robots\" content=\"index, follow, max-snippet:-1, max-image-preview:large, max-video-preview:-1\" \/>\n<link rel=\"canonical\" href=\"https:\/\/starlediluminacion.com\/fr\/product\/incasso-led-6w-periscopico-direzionale-quadrato-cct-colore-selezionabile-2\/\" \/>\n<meta property=\"og:locale\" content=\"fr_FR\" \/>\n<meta property=\"og:type\" content=\"article\" \/>\n<meta property=\"og:title\" content=\"Empotrable LED 6W - PERISC\u00d3PICO DIRECCIONABLE - Cuadrado - CCT Color Seleccionable - STARLED Iluminacion\" \/>\n<meta property=\"og:description\" content=\"Referencia: SLLSPL6W-CCT-91267      \u00bfEst\u00e1s listo para transformar tu espacio en un oasis de luz y elegancia? Presentamos el\u00a0Empotrable LED 6W\u00a0PERISC\u00d3PICO DIRECCIONABLE,\u00a0una joya de la iluminaci\u00f3n que iluminar\u00e1 tus momentos de manera \u00fanica. Convierte cada rinc\u00f3n de tu hogar u oficina en un escenario donde la luz se adapta a tus necesidades y deseos. Descubre por qu\u00e9 este\u00a0Empotrable LED Ajustable\u00a0se ha convertido en la elecci\u00f3n n\u00famero uno de aquellos que buscan la perfecci\u00f3n en iluminaci\u00f3n y adem\u00e1s es totalmente orientable!  Destaca por que puede\u00a0girar 360\u00ba y rotar 90\u00ba\u00a0consiguiendo dar una iluminaci\u00f3n a cualquier espacio que interese. Tecnolog\u00eda\u00a0CCT, la\u00a0luz\u00a0blanca se puede seleccionar en\u00a0C\u00e1lida, Neutra y Fr\u00eda.\u00a0F\u00e1cil montaje e instalaci\u00f3n.  \u00a0Entrega en 24\/48 horas\" \/>\n<meta property=\"og:url\" content=\"https:\/\/starlediluminacion.com\/fr\/product\/incasso-led-6w-periscopico-direzionale-quadrato-cct-colore-selezionabile-2\/\" \/>\n<meta property=\"og:site_name\" content=\"STARLED Iluminacion\" \/>\n<meta property=\"article:modified_time\" content=\"2024-05-05T09:50:08+00:00\" \/>\n<meta property=\"og:image\" content=\"https:\/\/starlediluminacion.com\/wp-content\/uploads\/2024\/05\/empotrable-led-6w-periscopico-direccionable-cuadrado-cct-color-seleccionable.jpg\" \/>\n\t<meta property=\"og:image:width\" content=\"744\" \/>\n\t<meta property=\"og:image:height\" content=\"800\" \/>\n\t<meta property=\"og:image:type\" content=\"image\/jpeg\" \/>\n<meta name=\"twitter:card\" content=\"summary_large_image\" \/>\n<meta name=\"twitter:label1\" content=\"Dur\u00e9e de lecture estim\u00e9e\" \/>\n\t<meta name=\"twitter:data1\" content=\"5 minutes\" \/>\n<script type=\"application\/ld+json\" class=\"yoast-schema-graph\">{\"@context\":\"https:\\\/\\\/schema.org\",\"@graph\":[{\"@type\":\"WebPage\",\"@id\":\"https:\\\/\\\/starlediluminacion.com\\\/it\\\/product\\\/incasso-led-6w-periscopico-direzionale-quadrato-cct-colore-selezionabile-2\\\/\",\"url\":\"https:\\\/\\\/starlediluminacion.com\\\/it\\\/product\\\/incasso-led-6w-periscopico-direzionale-quadrato-cct-colore-selezionabile-2\\\/\",\"name\":\"Empotrable LED 6W - PERISC\u00d3PICO DIRECCIONABLE - Cuadrado - CCT Color Seleccionable - STARLED Iluminacion\",\"isPartOf\":{\"@id\":\"https:\\\/\\\/starlediluminacion.com\\\/#website\"},\"primaryImageOfPage\":{\"@id\":\"https:\\\/\\\/starlediluminacion.com\\\/it\\\/product\\\/incasso-led-6w-periscopico-direzionale-quadrato-cct-colore-selezionabile-2\\\/#primaryimage\"},\"image\":{\"@id\":\"https:\\\/\\\/starlediluminacion.com\\\/it\\\/product\\\/incasso-led-6w-periscopico-direzionale-quadrato-cct-colore-selezionabile-2\\\/#primaryimage\"},\"thumbnailUrl\":\"https:\\\/\\\/starlediluminacion.com\\\/wp-content\\\/uploads\\\/2024\\\/05\\\/empotrable-led-6w-periscopico-direccionable-cuadrado-cct-color-seleccionable.jpg\",\"datePublished\":\"2024-05-05T09:46:50+00:00\",\"dateModified\":\"2024-05-05T09:50:08+00:00\",\"breadcrumb\":{\"@id\":\"https:\\\/\\\/starlediluminacion.com\\\/it\\\/product\\\/incasso-led-6w-periscopico-direzionale-quadrato-cct-colore-selezionabile-2\\\/#breadcrumb\"},\"inLanguage\":\"fr-FR\",\"potentialAction\":[{\"@type\":\"ReadAction\",\"target\":[\"https:\\\/\\\/starlediluminacion.com\\\/it\\\/product\\\/incasso-led-6w-periscopico-direzionale-quadrato-cct-colore-selezionabile-2\\\/\"]}]},{\"@type\":\"ImageObject\",\"inLanguage\":\"fr-FR\",\"@id\":\"https:\\\/\\\/starlediluminacion.com\\\/it\\\/product\\\/incasso-led-6w-periscopico-direzionale-quadrato-cct-colore-selezionabile-2\\\/#primaryimage\",\"url\":\"https:\\\/\\\/starlediluminacion.com\\\/wp-content\\\/uploads\\\/2024\\\/05\\\/empotrable-led-6w-periscopico-direccionable-cuadrado-cct-color-seleccionable.jpg\",\"contentUrl\":\"https:\\\/\\\/starlediluminacion.com\\\/wp-content\\\/uploads\\\/2024\\\/05\\\/empotrable-led-6w-periscopico-direccionable-cuadrado-cct-color-seleccionable.jpg\",\"width\":744,\"height\":800},{\"@type\":\"BreadcrumbList\",\"@id\":\"https:\\\/\\\/starlediluminacion.com\\\/it\\\/product\\\/incasso-led-6w-periscopico-direzionale-quadrato-cct-colore-selezionabile-2\\\/#breadcrumb\",\"itemListElement\":[{\"@type\":\"ListItem\",\"position\":1,\"name\":\"Portada\",\"item\":\"https:\\\/\\\/starlediluminacion.com\\\/\"},{\"@type\":\"ListItem\",\"position\":2,\"name\":\"Shop\",\"item\":\"https:\\\/\\\/starlediluminacion.com\\\/shop-2\\\/\"},{\"@type\":\"ListItem\",\"position\":3,\"name\":\"Empotrable LED 6W &#8211; PERISC\u00d3PICO DIRECCIONABLE &#8211; Cuadrado &#8211; CCT Color Seleccionable\"}]},{\"@type\":\"WebSite\",\"@id\":\"https:\\\/\\\/starlediluminacion.com\\\/#website\",\"url\":\"https:\\\/\\\/starlediluminacion.com\\\/\",\"name\":\"STARLED Iluminacion\",\"description\":\"\",\"potentialAction\":[{\"@type\":\"SearchAction\",\"target\":{\"@type\":\"EntryPoint\",\"urlTemplate\":\"https:\\\/\\\/starlediluminacion.com\\\/?s={search_term_string}\"},\"query-input\":{\"@type\":\"PropertyValueSpecification\",\"valueRequired\":true,\"valueName\":\"search_term_string\"}}],\"inLanguage\":\"fr-FR\"}]}<\/script>\n<!-- \/ Yoast SEO plugin. -->","yoast_head_json":{"title":"Empotrable LED 6W - PERISC\u00d3PICO DIRECCIONABLE - Cuadrado - CCT Color Seleccionable - STARLED Iluminacion","robots":{"index":"index","follow":"follow","max-snippet":"max-snippet:-1","max-image-preview":"max-image-preview:large","max-video-preview":"max-video-preview:-1"},"canonical":"https:\/\/starlediluminacion.com\/fr\/product\/incasso-led-6w-periscopico-direzionale-quadrato-cct-colore-selezionabile-2\/","og_locale":"fr_FR","og_type":"article","og_title":"Empotrable LED 6W - PERISC\u00d3PICO DIRECCIONABLE - Cuadrado - CCT Color Seleccionable - STARLED Iluminacion","og_description":"Referencia: SLLSPL6W-CCT-91267      \u00bfEst\u00e1s listo para transformar tu espacio en un oasis de luz y elegancia? Presentamos el\u00a0Empotrable LED 6W\u00a0PERISC\u00d3PICO DIRECCIONABLE,\u00a0una joya de la iluminaci\u00f3n que iluminar\u00e1 tus momentos de manera \u00fanica. Convierte cada rinc\u00f3n de tu hogar u oficina en un escenario donde la luz se adapta a tus necesidades y deseos. Descubre por qu\u00e9 este\u00a0Empotrable LED Ajustable\u00a0se ha convertido en la elecci\u00f3n n\u00famero uno de aquellos que buscan la perfecci\u00f3n en iluminaci\u00f3n y adem\u00e1s es totalmente orientable!  Destaca por que puede\u00a0girar 360\u00ba y rotar 90\u00ba\u00a0consiguiendo dar una iluminaci\u00f3n a cualquier espacio que interese. Tecnolog\u00eda\u00a0CCT, la\u00a0luz\u00a0blanca se puede seleccionar en\u00a0C\u00e1lida, Neutra y Fr\u00eda.\u00a0F\u00e1cil montaje e instalaci\u00f3n.  \u00a0Entrega en 24\/48 horas","og_url":"https:\/\/starlediluminacion.com\/fr\/product\/incasso-led-6w-periscopico-direzionale-quadrato-cct-colore-selezionabile-2\/","og_site_name":"STARLED Iluminacion","article_modified_time":"2024-05-05T09:50:08+00:00","og_image":[{"width":744,"height":800,"url":"https:\/\/starlediluminacion.com\/wp-content\/uploads\/2024\/05\/empotrable-led-6w-periscopico-direccionable-cuadrado-cct-color-seleccionable.jpg","type":"image\/jpeg"}],"twitter_card":"summary_large_image","twitter_misc":{"Dur\u00e9e de lecture estim\u00e9e":"5 minutes"},"schema":{"@context":"https:\/\/schema.org","@graph":[{"@type":"WebPage","@id":"https:\/\/starlediluminacion.com\/it\/product\/incasso-led-6w-periscopico-direzionale-quadrato-cct-colore-selezionabile-2\/","url":"https:\/\/starlediluminacion.com\/it\/product\/incasso-led-6w-periscopico-direzionale-quadrato-cct-colore-selezionabile-2\/","name":"Empotrable LED 6W - PERISC\u00d3PICO DIRECCIONABLE - Cuadrado - CCT Color Seleccionable - STARLED Iluminacion","isPartOf":{"@id":"https:\/\/starlediluminacion.com\/#website"},"primaryImageOfPage":{"@id":"https:\/\/starlediluminacion.com\/it\/product\/incasso-led-6w-periscopico-direzionale-quadrato-cct-colore-selezionabile-2\/#primaryimage"},"image":{"@id":"https:\/\/starlediluminacion.com\/it\/product\/incasso-led-6w-periscopico-direzionale-quadrato-cct-colore-selezionabile-2\/#primaryimage"},"thumbnailUrl":"https:\/\/starlediluminacion.com\/wp-content\/uploads\/2024\/05\/empotrable-led-6w-periscopico-direccionable-cuadrado-cct-color-seleccionable.jpg","datePublished":"2024-05-05T09:46:50+00:00","dateModified":"2024-05-05T09:50:08+00:00","breadcrumb":{"@id":"https:\/\/starlediluminacion.com\/it\/product\/incasso-led-6w-periscopico-direzionale-quadrato-cct-colore-selezionabile-2\/#breadcrumb"},"inLanguage":"fr-FR","potentialAction":[{"@type":"ReadAction","target":["https:\/\/starlediluminacion.com\/it\/product\/incasso-led-6w-periscopico-direzionale-quadrato-cct-colore-selezionabile-2\/"]}]},{"@type":"ImageObject","inLanguage":"fr-FR","@id":"https:\/\/starlediluminacion.com\/it\/product\/incasso-led-6w-periscopico-direzionale-quadrato-cct-colore-selezionabile-2\/#primaryimage","url":"https:\/\/starlediluminacion.com\/wp-content\/uploads\/2024\/05\/empotrable-led-6w-periscopico-direccionable-cuadrado-cct-color-seleccionable.jpg","contentUrl":"https:\/\/starlediluminacion.com\/wp-content\/uploads\/2024\/05\/empotrable-led-6w-periscopico-direccionable-cuadrado-cct-color-seleccionable.jpg","width":744,"height":800},{"@type":"BreadcrumbList","@id":"https:\/\/starlediluminacion.com\/it\/product\/incasso-led-6w-periscopico-direzionale-quadrato-cct-colore-selezionabile-2\/#breadcrumb","itemListElement":[{"@type":"ListItem","position":1,"name":"Portada","item":"https:\/\/starlediluminacion.com\/"},{"@type":"ListItem","position":2,"name":"Shop","item":"https:\/\/starlediluminacion.com\/shop-2\/"},{"@type":"ListItem","position":3,"name":"Empotrable LED 6W &#8211; PERISC\u00d3PICO DIRECCIONABLE &#8211; Cuadrado &#8211; CCT Color Seleccionable"}]},{"@type":"WebSite","@id":"https:\/\/starlediluminacion.com\/#website","url":"https:\/\/starlediluminacion.com\/","name":"STARLED Iluminacion","description":"","potentialAction":[{"@type":"SearchAction","target":{"@type":"EntryPoint","urlTemplate":"https:\/\/starlediluminacion.com\/?s={search_term_string}"},"query-input":{"@type":"PropertyValueSpecification","valueRequired":true,"valueName":"search_term_string"}}],"inLanguage":"fr-FR"}]}},"_links":{"self":[{"href":"https:\/\/starlediluminacion.com\/fr\/wp-json\/wp\/v3\/product\/12880","targetHints":{"allow":["GET"]}}],"collection":[{"href":"https:\/\/starlediluminacion.com\/fr\/wp-json\/wp\/v3\/product"}],"about":[{"href":"https:\/\/starlediluminacion.com\/fr\/wp-json\/wp\/v2\/types\/product"}],"wp:featuredmedia":[{"embeddable":true,"href":"https:\/\/starlediluminacion.com\/fr\/wp-json\/wp\/v2\/media\/12886"}],"wp:attachment":[{"href":"https:\/\/starlediluminacion.com\/fr\/wp-json\/wp\/v2\/media?parent=12880"}],"wp:term":[{"taxonomy":"product_cat","embeddable":true,"href":"https:\/\/starlediluminacion.com\/fr\/wp-json\/wp\/v2\/product_cat?post=12880"},{"taxonomy":"product_tag","embeddable":true,"href":"https:\/\/starlediluminacion.com\/fr\/wp-json\/wp\/v2\/product_tag?post=12880"}],"curies":[{"name":"wp","href":"https:\/\/api.w.org\/{rel}","templated":true}]}}