{"id":12817,"date":"2024-05-01T08:37:02","date_gmt":"2024-05-01T08:37:02","guid":{"rendered":"https:\/\/starlediluminacion.com\/?post_type=product&#038;p=12817"},"modified":"2024-09-15T11:47:22","modified_gmt":"2024-09-15T11:47:22","slug":"farola-led-100w-halley-bridgelux-chip-150lm-w-con-sensor-crepuscular","status":"publish","type":"product","link":"https:\/\/starlediluminacion.com\/fr\/product\/lampadaire-led-100w-halley-bridgelux-chip-150lm-w-w-with-crepuscular-sensor\/","title":{"rendered":"<p>100W HALLEY BRIDGELUX LED Streetlight HALLEY BRIDGELUX Chip 150lm\/W - Avec d\u00e9tecteur cr\u00e9pusculaire<\/p>"},"content":{"rendered":"<h1>HALLEY BRIDGELUX 100W LED Streetlight HALLEY BRIDGELUX Chip 150lm\/W - Twilight Sensor<p><strong>HALLEY Projecteur LED 100W avec d\u00e9tecteur de cr\u00e9puscularit\u00e9,<\/strong>&nbsp;qui s'allume et s'\u00e9teint automatiquement en fonction de l'intensit\u00e9 de la lumi\u00e8re naturelle. Ce capteur permet d'allumer automatiquement l'\u00e9clairage, tant \u00e0 l'int\u00e9rieur qu'\u00e0 l'ext\u00e9rieur, \u00e0 la tomb\u00e9e de la nuit et de l'\u00e9teindre automatiquement \u00e0 l'aube. Cela permet \u00e0 votre installation de savoir s'il n'y a pas de lumi\u00e8re \u00e0 l'ext\u00e9rieur et de pouvoir automatiser davantage l'\u00e9clairage de votre installation. La plage de r\u00e9glage de la sensibilit\u00e9 qu'il admet va de 6 lux \u00e0 50 lux.<\/p><p>&nbsp;<\/p><p><strong>Fonctionnement :<\/strong><\/p><p>Le capteur d\u00e9tecte l'heure du coucher du soleil ou du cr\u00e9puscule (r\u00e9duction du niveau de lumi\u00e8re) et fournit une alimentation (phase 220Vac) \u00e0 la sortie pour allumer les lampes LED. De la m\u00eame mani\u00e8re, le lever du soleil interrompt la connexion \u00e0 la sortie de l'alimentation et \u00e9teint par cons\u00e9quent les lampes LED.<\/p><p>Ce produit est con\u00e7u avec un circuit \u00e9lectronique dot\u00e9 d'un capteur photodiode et d'un parafoudre (MOV). Sa r\u00e9ponse rapide avec un d\u00e9lai de 3 \u00e0 20 secondes offre une fonction facile \u00e0 tester.<\/p><p>&nbsp;<\/p><p>\u00c9quip\u00e9 de&nbsp;<strong>3030 diodes SMD Bridgelux<\/strong>&nbsp;D'une grande luminosit\u00e9, il fournit un \u00e9clairage puissant et uniforme dans les espaces d'\u00e9clairage public ext\u00e9rieurs. Certifi\u00e9 ENEC 05, il garantit la qualit\u00e9 et la s\u00e9curit\u00e9. Apportez efficacit\u00e9 et fiabilit\u00e9 \u00e0 vos projets d'\u00e9clairage ext\u00e9rieur avec HALLEY.<\/p><p>Il se distingue par sa grande r\u00e9sistance aux chocs, avec un grade IK10.<\/p><p>&nbsp;<\/p><p>De plus, gr\u00e2ce \u00e0 sa protection IP66, il est prot\u00e9g\u00e9 contre toutes les conditions m\u00e9t\u00e9orologiques, sans affecter sa fonction d'\u00e9clairage.<\/p><p>&nbsp;<\/p><p>Le luminaire d'\u00e9clairage public \u00e0 LED HALLEY vous permet de maintenir un bon \u00e9clairage avec une faible consommation d'\u00e9nergie. Le co\u00fbt d'exploitation est plus faible car il n'y a pas de d\u00e9marreur ou d'\u00e9lectronique \u00e0 remplacer.<\/p><p>&nbsp;<\/p><p>Con\u00e7u pour une longue dur\u00e9e de vie de plus de 50 000 heures, le lampadaire HALLEY 100W LED est assorti d'une garantie de 5 ans sur son alimentation \u00e9lectrique de haute qualit\u00e9, sa durabilit\u00e9 et son design.<\/p><p>&nbsp;<\/p><p>Il est \u00e9quip\u00e9 d'un connecteur pivotant rond de 60 mm de diam\u00e8tre, avec 2 vis de pression pour le fixer \u00e0 la colonne.<\/p><p>&nbsp;<\/p><h2>Utilisations du lampadaire 100W HALLEY BRIDGELUX LED HALLEY BRIDGELUX Chip 150lm\/W - Twilight Sensor :<\/h2><p>- Eclairage public<\/p><p>- Jardins et sentiers<\/p><p>- Parcs et places<\/p><p>- Centre sportif<\/p><p>- Parking<\/p><h3 class=\"h6\">Fiche technique du produit<\/h3><dl class=\"data-sheet\">\n<dt class=\"name\"><img loading=\"lazy\" decoding=\"async\" src=\"https:\/\/www.factorled.com\/modules\/oa_features\/img\/2-default.jpg\" width=\"32\" height=\"32\">&nbsp;R\u00c9F\u00c9RENCE<\/dt>\n<dd class=\"value\">SP3100W-SENSOR<\/dd>\n<dt class=\"name\"><img loading=\"lazy\" decoding=\"async\" src=\"https:\/\/www.factorled.com\/modules\/oa_features\/img\/3-default.jpg\" width=\"32\" height=\"32\">&nbsp;Puissance nominale<\/dt>\n<dd class=\"value\">100w<\/dd>\n<dt class=\"name\"><img loading=\"lazy\" decoding=\"async\" src=\"https:\/\/www.factorled.com\/modules\/oa_features\/img\/4-default.jpg\" width=\"32\" height=\"32\">&nbsp;Tension nominale<\/dt>\n<dd class=\"value\">85-265V<\/dd>\n<dt class=\"name\"><img loading=\"lazy\" decoding=\"async\" src=\"https:\/\/www.factorled.com\/modules\/oa_features\/img\/5-default.jpg\" width=\"32\" height=\"32\">&nbsp;Temp\u00e9rature de la lumi\u00e8re<\/dt>\n<dd class=\"value\">3000K - 4000K<\/dd>\n<dt class=\"name\"><img loading=\"lazy\" decoding=\"async\" src=\"https:\/\/www.factorled.com\/modules\/oa_features\/img\/6-default.jpg\" width=\"32\" height=\"32\">&nbsp;CRI - Indice de rendu des couleurs<\/dt>\n<dd class=\"value\">70<\/dd>\n<dt class=\"name\"><img loading=\"lazy\" decoding=\"async\" src=\"https:\/\/www.factorled.com\/modules\/oa_features\/img\/25-default.jpg\" width=\"32\" height=\"32\">&nbsp;Mat\u00e9riaux de construction<\/dt>\n<dd class=\"value\">Aluminium<\/dd>\n<dt class=\"name\"><img loading=\"lazy\" decoding=\"async\" src=\"https:\/\/www.factorled.com\/modules\/oa_features\/img\/8-default.jpg\" width=\"32\" height=\"32\">&nbsp;Luminosit\u00e9-Lm<\/dt>\n<dd class=\"value\">15000Lm<\/dd>\n<dt class=\"name\"><img loading=\"lazy\" decoding=\"async\" src=\"https:\/\/www.factorled.com\/modules\/oa_features\/img\/9-default.jpg\" width=\"32\" height=\"32\">&nbsp;Type de LED<\/dt>\n<dd class=\"value\">SMD3030 Bridgelux<\/dd>\n<dt class=\"name\"><img loading=\"lazy\" decoding=\"async\" src=\"https:\/\/www.factorled.com\/modules\/oa_features\/img\/10-default.jpg\" width=\"32\" height=\"32\">&nbsp;Angle d'ouverture (\u00ba)<\/dt>\n<dd class=\"value\">150\u00ba x 90\u00ba.<\/dd>\n<dt class=\"name\"><img loading=\"lazy\" decoding=\"async\" src=\"https:\/\/www.factorled.com\/modules\/oa_features\/img\/12-default.jpg\" width=\"32\" height=\"32\">&nbsp;Efficacit\u00e9 de la diode LED (Lm\/W)<\/dt>\n<dd class=\"value\">160 Lm\/w<\/dd>\n<dt class=\"name\"><img loading=\"lazy\" decoding=\"async\" src=\"https:\/\/www.factorled.com\/modules\/oa_features\/img\/13-default.jpg\" width=\"32\" height=\"32\">&nbsp;Efficacit\u00e9 lumineuse (Lm\/W)<\/dt>\n<dd class=\"value\">150 Lm\/W<\/dd>\n<dt class=\"name\"><img loading=\"lazy\" decoding=\"async\" src=\"https:\/\/www.factorled.com\/modules\/oa_features\/img\/15-default.jpg\" width=\"32\" height=\"32\">&nbsp;Certificats<\/dt>\n<dd class=\"value\">CE-RoSH-T\u00dcV-ENEC<\/dd>\n<dt class=\"name\"><img loading=\"lazy\" decoding=\"async\" src=\"https:\/\/www.factorled.com\/modules\/oa_features\/img\/16-default.jpg\" width=\"32\" height=\"32\">&nbsp;Indice IP<\/dt>\n<dd class=\"value\">IP66<\/dd>\n<dt class=\"name\"><img loading=\"lazy\" decoding=\"async\" src=\"https:\/\/www.factorled.com\/modules\/oa_features\/img\/18-default.jpg\" width=\"32\" height=\"32\">&nbsp;Mesures (Mm)<\/dt>\n<dd class=\"value\">623mmx200mm - Trou de tube 63\u00d8mm<\/dd>\n<dt class=\"name\"><img loading=\"lazy\" decoding=\"async\" src=\"https:\/\/www.factorled.com\/modules\/oa_features\/img\/20-default.jpg\" width=\"32\" height=\"32\">&nbsp;Facteur de puissance (PF)<\/dt>\n<dd class=\"value\">0,95<\/dd>\n<dt class=\"name\"><img loading=\"lazy\" decoding=\"async\" src=\"https:\/\/www.factorled.com\/modules\/oa_features\/img\/21-default.jpg\" width=\"32\" height=\"32\">&nbsp;Fr\u00e9quence de travail (Hz)<\/dt>\n<dd class=\"value\">50\/60Hz<\/dd>\n<dt class=\"name\"><img loading=\"lazy\" decoding=\"async\" src=\"https:\/\/www.factorled.com\/modules\/oa_features\/img\/22-default.jpg\" width=\"32\" height=\"32\">&nbsp;Plage de temp\u00e9rature (\u00baC)<\/dt>\n<dd class=\"value\">-20\u00b0C ~ +55\u00b0C<\/dd>\n<dt class=\"name\"><img loading=\"lazy\" decoding=\"async\" src=\"https:\/\/www.factorled.com\/modules\/oa_features\/img\/24-default.jpg\" width=\"32\" height=\"32\">&nbsp;Temps de d\u00e9marrage (S)<\/dt>\n<dd class=\"value\">0,2s<\/dd>\n<dt class=\"name\"><img loading=\"lazy\" decoding=\"async\" src=\"https:\/\/www.factorled.com\/modules\/oa_features\/img\/73-default.jpg\" width=\"32\" height=\"32\">&nbsp;Protection contre les chocs (IK)<\/dt>\n<dd class=\"value\">IK10<\/dd>\n<dt class=\"name\"><img loading=\"lazy\" decoding=\"async\" src=\"https:\/\/www.factorled.com\/modules\/oa_features\/img\/74-default.jpg\" width=\"32\" height=\"32\">&nbsp;Conducteur inclus<\/dt>\n<dd class=\"value\">EDISON<\/dd>\n<dt class=\"name\"><img loading=\"lazy\" decoding=\"async\" src=\"https:\/\/www.factorled.com\/modules\/oa_features\/img\/7-default.jpg\" width=\"32\" height=\"32\">&nbsp;Classe \u00e9nerg\u00e9tique (2021-UE-2019\/2015)<\/dt>\n<dd class=\"value\">A<\/dd>\n<dt class=\"name\"><img loading=\"lazy\" decoding=\"async\" src=\"https:\/\/www.factorled.com\/modules\/oa_features\/img\/101-default.jpg\" width=\"32\" height=\"32\">&nbsp;Classe \u00e9nerg\u00e9tique (2023 - EU-2019\/2015)<\/dt>\n<dd class=\"value\">C<\/dd>\n<dt class=\"name\"><img loading=\"lazy\" decoding=\"async\" src=\"https:\/\/www.factorled.com\/modules\/oa_features\/img\/75-default.jpg\" width=\"32\" height=\"32\">&nbsp;Ann\u00e9es de garantie<\/dt>\n<dd class=\"value\">5<\/dd>\n<dt class=\"name\"><img loading=\"lazy\" decoding=\"async\" src=\"https:\/\/www.factorled.com\/modules\/oa_features\/img\/76-default.jpg\" width=\"32\" height=\"32\">&nbsp;Accessoires et compl\u00e9ments<\/dt>\n<dd class=\"value\">Capteur cr\u00e9pusculaire<\/dd>\n<\/dl><\/h1>","protected":false},"excerpt":{"rendered":"<div class=\"product-reference\"><strong><label class=\"label\">R\u00e9f\u00e9rence :<\/label> SLSP3100W-CAPTEUR-4K<\/strong>\n<div><\/div>\n<div class=\"product-description-short\">\n<div id=\"product-description-short-3532\">\n<p>D\u00e9couvrez les&nbsp;<strong>HALLEY Projecteur LED 100W avec d\u00e9tecteur de cr\u00e9puscularit\u00e9,<\/strong>&nbsp;qui s'allume et s'\u00e9teint automatiquement en fonction de l'intensit\u00e9 de la lumi\u00e8re naturelle. \u00c9quip\u00e9 de LED&nbsp;<strong>SMD 3030 Bridgelux<\/strong>&nbsp;L'intensit\u00e9 lumineuse \u00e9lev\u00e9e de la lampe permet d'obtenir un \u00e9clairage puissant et uniforme dans les espaces publics ext\u00e9rieurs. Avec la certification&nbsp;<strong>ENEC 05<\/strong>garantit la qualit\u00e9 et la s\u00e9curit\u00e9. Apportez efficacit\u00e9 et fiabilit\u00e9 \u00e0 vos projets d'\u00e9clairage ext\u00e9rieur avec HALLEY.<\/p>\n<h3>Le d\u00e9lai de production est de 5 \u00e0 7 jours ouvrables.<\/h3>\n<p>&nbsp;<\/p>\n<p><strong>Temp\u00e9rature de couleur : 3000K\/4000K<\/strong><\/p>\n<p>&nbsp;<\/p>\n<\/div>\n<\/div><\/div>","protected":false},"featured_media":12832,"template":"","meta":{"site-sidebar-layout":"default","site-content-layout":"default","ast-global-header-display":"","ast-main-header-display":"","ast-hfb-above-header-display":"","ast-hfb-below-header-display":"","ast-hfb-mobile-header-display":"","site-post-title":"","ast-breadcrumbs-content":"","ast-featured-img":"","footer-sml-layout":"","theme-transparent-header-meta":"default","adv-header-id-meta":"","stick-header-meta":"","header-above-stick-meta":"","header-main-stick-meta":"","header-below-stick-meta":""},"product_cat":[95,30],"product_tag":[],"class_list":["post-12817","product","type-product","status-publish","has-post-thumbnail","hentry","product_cat-farolas-led-urbanas","product_cat-iluminacion-publica-y-vial"],"_links":{"self":[{"href":"https:\/\/starlediluminacion.com\/fr\/wp-json\/wp\/v3\/product\/12817","targetHints":{"allow":["GET"]}}],"collection":[{"href":"https:\/\/starlediluminacion.com\/fr\/wp-json\/wp\/v3\/product"}],"about":[{"href":"https:\/\/starlediluminacion.com\/fr\/wp-json\/wp\/v2\/types\/product"}],"wp:featuredmedia":[{"embeddable":true,"href":"https:\/\/starlediluminacion.com\/fr\/wp-json\/wp\/v2\/media\/12832"}],"wp:attachment":[{"href":"https:\/\/starlediluminacion.com\/fr\/wp-json\/wp\/v2\/media?parent=12817"}],"wp:term":[{"taxonomy":"product_cat","embeddable":true,"href":"https:\/\/starlediluminacion.com\/fr\/wp-json\/wp\/v2\/product_cat?post=12817"},{"taxonomy":"product_tag","embeddable":true,"href":"https:\/\/starlediluminacion.com\/fr\/wp-json\/wp\/v2\/product_tag?post=12817"}],"curies":[{"name":"wp","href":"https:\/\/api.w.org\/{rel}","templated":true}]}}