{"id":12803,"date":"2024-05-01T08:30:47","date_gmt":"2024-05-01T08:30:47","guid":{"rendered":"https:\/\/starlediluminacion.com\/?post_type=product&#038;p=12803"},"modified":"2024-09-15T11:47:03","modified_gmt":"2024-09-15T11:47:03","slug":"sensor-de-movimiento-estatico-para-perfiles-led-12v-24v","status":"publish","type":"product","link":"https:\/\/starlediluminacion.com\/fr\/product\/detecteur-de-mouvement-statique-pour-perfils-led-12v-24v\/","title":{"rendered":"<p>D\u00e9tecteur de mouvement statique - Pour profil\u00e9s LED - 12V - 24V<\/p>"},"content":{"rendered":"<h1>D\u00e9tecteur de mouvement - Statique - pour profil\u00e9s LED - 12V - 24V<h1><\/h1><p>D\u00e9couvrez notre d\u00e9tecteur de mouvement innovant con\u00e7u sp\u00e9cialement pour les profils de bandes LED unicolores 12V-24V ! Ce capteur permet d'allumer automatiquement les lumi\u00e8res lorsqu'il d\u00e9tecte un mouvement, offrant ainsi une solution efficace et pratique \u00e0 vos besoins d'\u00e9clairage.<\/p><p>L'un des principaux avantages de ce mod\u00e8le est sa conception compacte et polyvalente, il s'adapte facilement \u00e0 une grande vari\u00e9t\u00e9 de profils, offrant une installation simple et discr\u00e8te.<\/p><p>L'installation est simple : il suffit de percer un trou dans le diffuseur opale du profil\u00e9 pour y loger le capteur, ce qui garantit une int\u00e9gration discr\u00e8te et efficace. Une fois install\u00e9, le capteur activera la bande LED d\u00e8s qu'il d\u00e9tectera un mouvement et la maintiendra allum\u00e9e pendant 40 secondes apr\u00e8s l'arr\u00eat du mouvement, fournissant ainsi la quantit\u00e9 de lumi\u00e8re parfaite au moment o\u00f9 elle est le plus n\u00e9cessaire.<\/p><p>Gr\u00e2ce \u00e0 notre d\u00e9tecteur de mouvement, profitez d'un \u00e9clairage intelligent et efficace qui s'adapte \u00e0 vos besoins et vous apporte confort et commodit\u00e9 dans votre maison ou votre bureau.<\/p><h3 class=\"h6\">Fiche technique du produit<\/h3><dl class=\"data-sheet\">\n<dt class=\"name\"><img loading=\"lazy\" decoding=\"async\" src=\"https:\/\/www.factorled.com\/modules\/oa_features\/img\/2-default.jpg\" width=\"32\" height=\"32\">&nbsp;R\u00c9F\u00c9RENCE<\/dt>\n<dd class=\"value\">2680<\/dd>\n<dt class=\"name\"><img loading=\"lazy\" decoding=\"async\" src=\"https:\/\/www.factorled.com\/modules\/oa_features\/img\/4-default.jpg\" width=\"32\" height=\"32\">&nbsp;Tension nominale<\/dt>\n<dd class=\"value\">DC 12-24V<\/dd>\n<dt class=\"name\"><img loading=\"lazy\" decoding=\"async\" src=\"https:\/\/www.factorled.com\/modules\/oa_features\/img\/25-default.jpg\" width=\"32\" height=\"32\">&nbsp;Mat\u00e9riaux de construction<\/dt>\n<dd class=\"value\">Aluminium +PC<\/dd>\n<dt class=\"name\"><img loading=\"lazy\" decoding=\"async\" src=\"https:\/\/www.factorled.com\/modules\/oa_features\/img\/10-default.jpg\" width=\"32\" height=\"32\">&nbsp;Angle d'ouverture (\u00ba)<\/dt>\n<dd class=\"value\">180\u00ba<\/dd>\n<dt class=\"name\"><img loading=\"lazy\" decoding=\"async\" src=\"https:\/\/www.factorled.com\/modules\/oa_features\/img\/15-default.jpg\" width=\"32\" height=\"32\">&nbsp;Certificats<\/dt>\n<dd class=\"value\">CE - ROHS<\/dd>\n<dt class=\"name\"><img loading=\"lazy\" decoding=\"async\" src=\"https:\/\/www.factorled.com\/modules\/oa_features\/img\/16-default.jpg\" width=\"32\" height=\"32\">&nbsp;Indice IP<\/dt>\n<dd class=\"value\">IP20<\/dd>\n<dt class=\"name\"><img loading=\"lazy\" decoding=\"async\" src=\"https:\/\/www.factorled.com\/modules\/oa_features\/img\/17-default.jpg\" width=\"32\" height=\"32\">&nbsp;Dur\u00e9e de vie estim\u00e9e Diode LED (H)<\/dt>\n<dd class=\"value\">20.000<\/dd>\n<dt class=\"name\"><img loading=\"lazy\" decoding=\"async\" src=\"https:\/\/www.factorled.com\/modules\/oa_features\/img\/18-default.jpg\" width=\"32\" height=\"32\">&nbsp;Mesures (Mm)<\/dt>\n<dd class=\"value\">36x10x11 mm<\/dd>\n<dt class=\"name\"><img loading=\"lazy\" decoding=\"async\" src=\"https:\/\/www.factorled.com\/modules\/oa_features\/img\/21-default.jpg\" width=\"32\" height=\"32\">&nbsp;Fr\u00e9quence de travail (Hz)<\/dt>\n<dd class=\"value\">50\/60Hz<\/dd>\n<dt class=\"name\"><img loading=\"lazy\" decoding=\"async\" src=\"https:\/\/www.factorled.com\/modules\/oa_features\/img\/23-default.jpg\" width=\"32\" height=\"32\">&nbsp;Cycles d'allumage<\/dt>\n<dd class=\"value\">100.000<\/dd>\n<dt class=\"name\"><img loading=\"lazy\" decoding=\"async\" src=\"https:\/\/www.factorled.com\/modules\/oa_features\/img\/37-default.jpg\" width=\"32\" height=\"32\">&nbsp;Modes de contr\u00f4le<\/dt>\n<dd class=\"value\">INFRAROUGE<\/dd>\n<dt class=\"name\"><img loading=\"lazy\" decoding=\"async\" src=\"https:\/\/www.factorled.com\/modules\/oa_features\/img\/7-default.jpg\" width=\"32\" height=\"32\">&nbsp;Classe \u00e9nerg\u00e9tique (2021-UE-2019\/2015)<\/dt>\n<dd class=\"value\">A+<\/dd>\n<dt class=\"name\"><img loading=\"lazy\" decoding=\"async\" src=\"https:\/\/www.factorled.com\/modules\/oa_features\/img\/75-default.jpg\" width=\"32\" height=\"32\">&nbsp;Ann\u00e9es de garantie<\/dt>\n<dd class=\"value\">3<\/dd>\n<dt class=\"name\"><img loading=\"lazy\" decoding=\"async\" src=\"https:\/\/www.factorled.com\/modules\/oa_features\/img\/77-default.jpg\" width=\"32\" height=\"32\">&nbsp;Port\u00e9e (M)<\/dt>\n<dd class=\"value\">8 m.<\/dd>\n<dt class=\"name\"><img loading=\"lazy\" decoding=\"async\" src=\"https:\/\/www.factorled.com\/modules\/oa_features\/img\/78-default.jpg\" width=\"32\" height=\"32\">&nbsp;Temps de mise sous tension<\/dt>\n<dd class=\"value\">40 sec.<\/dd>\n<\/dl><\/h1>","protected":false},"excerpt":{"rendered":"<div class=\"product-reference\"><strong><label class=\"label\">R\u00e9f\u00e9rence :<\/label> SL2680<\/strong><div><\/div><div class=\"product-description-short\">\n<div id=\"product-description-short-3529\">\n<p><strong>D\u00e9tecteur de mouvement<\/strong>&nbsp;con\u00e7u&nbsp;<strong>pour les profils<\/strong>&nbsp;de bandes&nbsp;<strong>LED unicolore 12V-24V.<\/strong>&nbsp;Il active automatiquement l'\u00e9clairage lorsqu'il d\u00e9tecte un mouvement, offrant une solution pratique et efficace pour garder vos espaces \u00e9clair\u00e9s lorsque vous en avez le plus besoin.&nbsp;<strong>Sa conception compacte permet une installation polyvalente dans diff\u00e9rents profils.<\/strong>&nbsp;Gardez vos espaces lumineux avec facilit\u00e9 et commodit\u00e9 !<\/p>\n<p><i class=\"fa fa-truck\"><\/i>&nbsp;<span class=\"text-muted textprop\">Livraison dans les 24\/48 heures<\/span><\/p>\n<\/div>\n<\/div><\/div>","protected":false},"featured_media":12809,"template":"","meta":{"site-sidebar-layout":"default","site-content-layout":"default","ast-global-header-display":"","ast-main-header-display":"","ast-hfb-above-header-display":"","ast-hfb-below-header-display":"","ast-hfb-mobile-header-display":"","site-post-title":"","ast-breadcrumbs-content":"","ast-featured-img":"","footer-sml-layout":"","theme-transparent-header-meta":"default","adv-header-id-meta":"","stick-header-meta":"","header-above-stick-meta":"","header-main-stick-meta":"","header-below-stick-meta":""},"product_cat":[92,45],"product_tag":[],"class_list":["post-12803","product","type-product","status-publish","has-post-thumbnail","hentry","product_cat-accesorios-tiras-led","product_cat-tiras-led-y-neon-flexible"],"_links":{"self":[{"href":"https:\/\/starlediluminacion.com\/fr\/wp-json\/wp\/v3\/product\/12803","targetHints":{"allow":["GET"]}}],"collection":[{"href":"https:\/\/starlediluminacion.com\/fr\/wp-json\/wp\/v3\/product"}],"about":[{"href":"https:\/\/starlediluminacion.com\/fr\/wp-json\/wp\/v2\/types\/product"}],"wp:featuredmedia":[{"embeddable":true,"href":"https:\/\/starlediluminacion.com\/fr\/wp-json\/wp\/v2\/media\/12809"}],"wp:attachment":[{"href":"https:\/\/starlediluminacion.com\/fr\/wp-json\/wp\/v2\/media?parent=12803"}],"wp:term":[{"taxonomy":"product_cat","embeddable":true,"href":"https:\/\/starlediluminacion.com\/fr\/wp-json\/wp\/v2\/product_cat?post=12803"},{"taxonomy":"product_tag","embeddable":true,"href":"https:\/\/starlediluminacion.com\/fr\/wp-json\/wp\/v2\/product_tag?post=12803"}],"curies":[{"name":"wp","href":"https:\/\/api.w.org\/{rel}","templated":true}]}}