{"id":12766,"date":"2024-05-01T08:16:19","date_gmt":"2024-05-01T08:16:19","guid":{"rendered":"https:\/\/starlediluminacion.com\/?post_type=product&#038;p=12766"},"modified":"2025-10-18T08:11:45","modified_gmt":"2025-10-18T08:11:45","slug":"pack-panel-led-60x60-40w-ip65-philips-certa-driver","status":"publish","type":"product","link":"https:\/\/starlediluminacion.com\/fr\/product\/pack-panel-led-60x60-40w-ip65-philips-certa-driver\/","title":{"rendered":"<p>pack led panel 60\u00d760 40w - ip65 - certa driver<\/p>"},"content":{"rendered":"<h1>pack - led panel 60\u00d760 40w - ip65 - certa driver<p>\u00e9gayez votre espace avec notre incroyable&nbsp;<strong>pack de 6 panneaux led 60\u00d760 40w<\/strong>Con\u00e7u pour une efficacit\u00e9 et une durabilit\u00e9 maximales, cet ensemble de panneaux LED est le choix parfait pour un \u00e9clairage lumineux et \u00e9conome en \u00e9nergie.<\/p><p>sur&nbsp;<strong>panneau led 60\u00d760<\/strong>&nbsp;avec protection&nbsp;<strong>ip65<\/strong>&nbsp;y&nbsp;<strong> conducteur certa<\/strong>&nbsp;repr\u00e9sente une solution d'\u00e9clairage moderne, durable et hautement efficace, id\u00e9ale pour ceux qui recherchent la qualit\u00e9, la performance et la polyvalence dans leurs projets d'\u00e9clairage, tant \u00e0 l'int\u00e9rieur qu'\u00e0 l'ext\u00e9rieur, dans des conditions prot\u00e9g\u00e9es.<\/p><p>&nbsp;<\/p><h3>caract\u00e9ristiques saillantes :<\/h3><ol>\n<li><strong>la puissance et l'efficacit\u00e9 :<\/strong>&nbsp;Chaque panneau a une puissance de 40w, fournissant un \u00e9clairage lumineux et uniforme dans des espaces de 60\u00d760 cm. De plus, son efficacit\u00e9 \u00e9nerg\u00e9tique vous permettra d'\u00e9conomiser sur les co\u00fbts d'\u00e9lectricit\u00e9 au fil du temps.<\/li>\n<li><strong>Certification ip65 :<\/strong>&nbsp;Ce pack est conforme \u00e0 la norme ip65, ce qui signifie que les panneaux sont r\u00e9sistants \u00e0 la poussi\u00e8re et \u00e0 l'eau. Vous pouvez les installer dans une grande vari\u00e9t\u00e9 d'environnements, qu'il s'agisse de bureaux, de maisons ou d'environnements industriels ou ext\u00e9rieurs, sans vous soucier de l'exposition \u00e0 des \u00e9l\u00e9ments agressifs.<\/li>\n<li><strong>certaines technologies de conduite :<\/strong>&nbsp;\u00e9quip\u00e9 de contr\u00f4leurs certa driver, ce pack garantit des performances stables et une longue dur\u00e9e de vie. la qualit\u00e9 des composants assure un fonctionnement fiable et constant dans le temps.<\/li>\n<li><strong>installation facile :<\/strong>&nbsp;avec un design modulaire et un syst\u00e8me d'installation simple, ce pack de panneaux led est facile \u00e0 installer dans n'importe quel espace. au plafond ou au mur, ces panneaux s'int\u00e8grent parfaitement dans n'importe quel environnement.<\/li>\n<li><strong>longue dur\u00e9e de vie :<\/strong>&nbsp;Gr\u00e2ce \u00e0 la qualit\u00e9 des mat\u00e9riaux et \u00e0 une technologie d'\u00e9clairage avanc\u00e9e, ces panneaux LED ont une longue dur\u00e9e de vie, ce qui signifie moins d'entretien et de remplacement au fil du temps.<\/li>\n<li><strong>la polyvalence de l'application :<\/strong>&nbsp;id\u00e9al pour une vari\u00e9t\u00e9 d'applications, des environnements commerciaux et de bureaux aux zones industrielles et aux zones ext\u00e9rieures couvertes. son design \u00e9l\u00e9gant et moderne s'adapte \u00e0 tous les styles de d\u00e9cors.<\/li>\n<li><strong>des \u00e9conomies \u00e0 long terme :<\/strong>&nbsp;Gr\u00e2ce \u00e0 l'efficacit\u00e9 \u00e9nerg\u00e9tique de ces panneaux LED et \u00e0 leur durabilit\u00e9, vous r\u00e9aliserez des \u00e9conomies significatives en termes de co\u00fbts \u00e9nerg\u00e9tiques et de remplacement des luminaires, ce qui en fait un investissement intelligent pour l'avenir.<\/li>\n<\/ol><p>&nbsp;<\/p><p>a une&nbsp;<strong>soupape anti-condensation<\/strong>&nbsp;Ce composant est particuli\u00e8rement utile dans les applications d'\u00e9clairage LED en ext\u00e9rieur ou dans les environnements o\u00f9 les conditions de temp\u00e9rature et d'humidit\u00e9 varient consid\u00e9rablement. il est important d'\u00e9viter l'accumulation de condensation \u00e0 l'int\u00e9rieur du corps du luminaire :<\/p><ul>\n<li>pr\u00e9vention de la condensation<\/li>\n<li>protection du syst\u00e8me d'\u00e9clairage<\/li>\n<li>maintien de la clart\u00e9 optique<\/li>\n<li>l'adaptabilit\u00e9 aux diff\u00e9rentes conditions environnementales<\/li>\n<li>contribution \u00e0 la long\u00e9vit\u00e9 du luminaire<\/li>\n<\/ul><p>&nbsp;<\/p><p>dispose \u00e9galement d'un&nbsp;<strong>c\u00e2ble de s\u00e9curit\u00e9&nbsp;<\/strong>qui remplit plusieurs fonctions importantes pour garantir la s\u00e9curit\u00e9 et la durabilit\u00e9 de ces syst\u00e8mes d'\u00e9clairage, ce qui permet d'\u00e9viter les accidents tout en respectant les r\u00e9glementations relatives \u00e0 l'utilisation des luminaires \u00e0 LED, telles qu'elles sont dict\u00e9es par les codes du b\u00e2timent et les r\u00e9glementations locales ou internationales en mati\u00e8re de s\u00e9curit\u00e9.<\/p><p>ne faites pas de compromis sur la qualit\u00e9 de l'\u00e9clairage de votre espace. avec notre&nbsp;<strong>panneau led 60\u00d760 40w<\/strong>Vous obtiendrez des performances exceptionnelles soutenues par des marques de premier plan et con\u00e7ues pour r\u00e9pondre \u00e0 vos besoins d'\u00e9clairage sur le long terme. Faites briller votre espace avec une lumi\u00e8re brillante et efficace d\u00e8s aujourd'hui !<\/p><h3 class=\"h6\">fiche technique du produit<\/h3><dl class=\"data-sheet\">\n<dt class=\"name\"><img loading=\"lazy\" decoding=\"async\" src=\"https:\/\/www.factorled.com\/modules\/oa_features\/img\/2-default.jpg\" width=\"32\" height=\"32\">&nbsp;r\u00e9f\u00e9rence<\/dt>\n<dd class=\"value\">phpn40wip65<\/dd>\n<dt class=\"name\"><img loading=\"lazy\" decoding=\"async\" src=\"https:\/\/www.factorled.com\/modules\/oa_features\/img\/3-default.jpg\" width=\"32\" height=\"32\">&nbsp;puissance nominale<\/dt>\n<dd class=\"value\">40w<\/dd>\n<dt class=\"name\"><img loading=\"lazy\" decoding=\"async\" src=\"https:\/\/www.factorled.com\/modules\/oa_features\/img\/4-default.jpg\" width=\"32\" height=\"32\">&nbsp;tension nominale<\/dt>\n<dd class=\"value\">220-240v<\/dd>\n<dt class=\"name\"><img loading=\"lazy\" decoding=\"async\" src=\"https:\/\/www.factorled.com\/modules\/oa_features\/img\/5-default.jpg\" width=\"32\" height=\"32\">&nbsp;temp\u00e9rature de la lumi\u00e8re<\/dt>\n<dd class=\"value\">4000k - 5700k<\/dd>\n<dt class=\"name\"><img loading=\"lazy\" decoding=\"async\" src=\"https:\/\/www.factorled.com\/modules\/oa_features\/img\/6-default.jpg\" width=\"32\" height=\"32\">&nbsp;cri - indice de rendu des couleurs<\/dt>\n<dd class=\"value\">82<\/dd>\n<dt class=\"name\"><img loading=\"lazy\" decoding=\"async\" src=\"https:\/\/www.factorled.com\/modules\/oa_features\/img\/25-default.jpg\" width=\"32\" height=\"32\">&nbsp;mat\u00e9riaux de construction<\/dt>\n<dd class=\"value\">aluminium +pc<\/dd>\n<dt class=\"name\"><img loading=\"lazy\" decoding=\"async\" src=\"https:\/\/www.factorled.com\/modules\/oa_features\/img\/8-default.jpg\" width=\"32\" height=\"32\">&nbsp;luminosit\u00e9-lm<\/dt>\n<dd class=\"value\">4400 lm<\/dd>\n<dt class=\"name\"><img loading=\"lazy\" decoding=\"async\" src=\"https:\/\/www.factorled.com\/modules\/oa_features\/img\/9-default.jpg\" width=\"32\" height=\"32\">&nbsp;type de leds<\/dt>\n<dd class=\"value\">smd 2835<\/dd>\n<dt class=\"name\"><img loading=\"lazy\" decoding=\"async\" src=\"https:\/\/www.factorled.com\/modules\/oa_features\/img\/10-default.jpg\" width=\"32\" height=\"32\">&nbsp;angle d'ouverture (\u00ba)<\/dt>\n<dd class=\"value\">120\u00ba<\/dd>\n<dt class=\"name\"><img loading=\"lazy\" decoding=\"async\" src=\"https:\/\/www.factorled.com\/modules\/oa_features\/img\/12-default.jpg\" width=\"32\" height=\"32\">&nbsp;efficacit\u00e9 des diodes LED (lm\/w)<\/dt>\n<dd class=\"value\">130 lm\/w<\/dd>\n<dt class=\"name\"><img loading=\"lazy\" decoding=\"async\" src=\"https:\/\/www.factorled.com\/modules\/oa_features\/img\/13-default.jpg\" width=\"32\" height=\"32\">&nbsp;efficacit\u00e9 lumineuse (lm\/w)<\/dt>\n<dd class=\"value\">110 lm\/w<\/dd>\n<dt class=\"name\"><img loading=\"lazy\" decoding=\"async\" src=\"https:\/\/www.factorled.com\/modules\/oa_features\/img\/15-default.jpg\" width=\"32\" height=\"32\">&nbsp;certificats<\/dt>\n<dd class=\"value\">ce - rohs<\/dd>\n<dt class=\"name\"><img loading=\"lazy\" decoding=\"async\" src=\"https:\/\/www.factorled.com\/modules\/oa_features\/img\/16-default.jpg\" width=\"32\" height=\"32\">&nbsp;degr\u00e9 de l'ip<\/dt>\n<dd class=\"value\">panneau ip65 - conducteur ip20<\/dd>\n<dt class=\"name\"><img loading=\"lazy\" decoding=\"async\" src=\"https:\/\/www.factorled.com\/modules\/oa_features\/img\/17-default.jpg\" width=\"32\" height=\"32\">&nbsp;dur\u00e9e de vie estim\u00e9e de la diode LED (h)<\/dt>\n<dd class=\"value\">50.000<\/dd>\n<dt class=\"name\"><img loading=\"lazy\" decoding=\"async\" src=\"https:\/\/www.factorled.com\/modules\/oa_features\/img\/18-default.jpg\" width=\"32\" height=\"32\">&nbsp;dimensions (mm)<\/dt>\n<dd class=\"value\">595 x 595 x h34mm<\/dd>\n<dt class=\"name\"><img loading=\"lazy\" decoding=\"async\" src=\"https:\/\/www.factorled.com\/modules\/oa_features\/img\/20-default.jpg\" width=\"32\" height=\"32\">&nbsp;facteur de puissance (pf)<\/dt>\n<dd class=\"value\">0.9<\/dd>\n<dt class=\"name\"><img loading=\"lazy\" decoding=\"async\" src=\"https:\/\/www.factorled.com\/modules\/oa_features\/img\/21-default.jpg\" width=\"32\" height=\"32\">&nbsp;fr\u00e9quence de travail (hz)<\/dt>\n<dd class=\"value\">50\/60hz<\/dd>\n<dt class=\"name\"><img loading=\"lazy\" decoding=\"async\" src=\"https:\/\/www.factorled.com\/modules\/oa_features\/img\/22-default.jpg\" width=\"32\" height=\"32\">&nbsp;plage de temp\u00e9rature (\u00bac)<\/dt>\n<dd class=\"value\">-10\u00bac ~ +40\u00bac<\/dd>\n<dt class=\"name\"><img loading=\"lazy\" decoding=\"async\" src=\"https:\/\/www.factorled.com\/modules\/oa_features\/img\/23-default.jpg\" width=\"32\" height=\"32\">&nbsp;cycles d'allumage<\/dt>\n<dd class=\"value\">100.000<\/dd>\n<dt class=\"name\"><img loading=\"lazy\" decoding=\"async\" src=\"https:\/\/www.factorled.com\/modules\/oa_features\/img\/24-default.jpg\" width=\"32\" height=\"32\">&nbsp;temps de d\u00e9marrage (s)<\/dt>\n<dd class=\"value\">0,2s<\/dd>\n<dt class=\"name\"><img loading=\"lazy\" decoding=\"async\" src=\"https:\/\/www.factorled.com\/modules\/oa_features\/img\/74-default.jpg\" width=\"32\" height=\"32\">&nbsp;pilote inclus<\/dt>\n<dd class=\"value\"> certadrive - pas de flick<\/dd>\n<dt class=\"name\"><img loading=\"lazy\" decoding=\"async\" src=\"https:\/\/www.factorled.com\/modules\/oa_features\/img\/7-default.jpg\" width=\"32\" height=\"32\">&nbsp;classe \u00e9nerg\u00e9tique (2021-UE-2019\/2015)<\/dt>\n<dd class=\"value\">a+<\/dd>\n<dt class=\"name\"><img loading=\"lazy\" decoding=\"async\" src=\"https:\/\/www.factorled.com\/modules\/oa_features\/img\/101-default.jpg\" width=\"32\" height=\"32\">&nbsp;classe \u00e9nerg\u00e9tique (2023 - eu-2019\/2015)<\/dt>\n<dd class=\"value\">f<\/dd>\n<dt class=\"name\"><img loading=\"lazy\" decoding=\"async\" src=\"https:\/\/www.factorled.com\/modules\/oa_features\/img\/75-default.jpg\" width=\"32\" height=\"32\">&nbsp;ann\u00e9es de garantie<\/dt>\n<dd class=\"value\">5<\/dd>\n<\/dl><\/h1>","protected":false},"excerpt":{"rendered":"<div class=\"product-reference\">\n<p><strong><label class=\"label\">R\u00e9f\u00e9rence :<\/label> SLPACK2-PHPN40W-IP65-91279<\/strong><\/p>\n<div><\/div>\n<div class=\"product-description-short\">\n<div id=\"product-description-short-3319\">\n<p>Egayez votre espace avec notre&nbsp;<strong>Panneau LED 40W 60\u00d760<\/strong>! Con\u00e7u avec les derni\u00e8res technologies, il comprend&nbsp;<strong>Conducteur CERTA PHILIPS<\/strong>&nbsp;Cela garantit une durabilit\u00e9 et une efficacit\u00e9 accrue. Ce panneau n'offre pas seulement une luminosit\u00e9 puissante, mais pr\u00e9sente \u00e9galement les caract\u00e9ristiques suivantes&nbsp;<strong>Certification IP65<\/strong>&nbsp;pour la r\u00e9sistance \u00e0 l'eau et \u00e0 la poussi\u00e8re, ce qui garantit la durabilit\u00e9 et la fiabilit\u00e9 dans n'importe quel environnement. Comprend&nbsp;<strong>soupape anti-condensation et c\u00e2ble de s\u00e9curit\u00e9<\/strong>.<\/p>\n<p>Avec son design fin et \u00e9l\u00e9gant, le panneau LED 60\u00d760 s'int\u00e8gre parfaitement dans n'importe quel endroit, offrant une esth\u00e9tique moderne et attrayante. Optez pour l'efficacit\u00e9 \u00e9nerg\u00e9tique et la qualit\u00e9 sup\u00e9rieure avec notre panneau LED soutenu par les plus grandes marques de l'industrie de l'\u00e9clairage !<\/p>\n<p><strong>Temp\u00e9rature de couleur : 4000K\/5700K<\/strong><\/p>\n<p><i class=\"fa fa-truck\"><\/i>&nbsp;<span class=\"text-muted textprop\">Livraison dans les 24\/48 heures<\/span><\/p>\n<\/div>\n<\/div><\/div>","protected":false},"featured_media":0,"template":"","meta":{"site-sidebar-layout":"default","site-content-layout":"default","ast-global-header-display":"","ast-main-header-display":"","ast-hfb-above-header-display":"","ast-hfb-below-header-display":"","ast-hfb-mobile-header-display":"","site-post-title":"","ast-breadcrumbs-content":"","ast-featured-img":"","footer-sml-layout":"","theme-transparent-header-meta":"default","adv-header-id-meta":"","stick-header-meta":"","header-above-stick-meta":"","header-main-stick-meta":"","header-below-stick-meta":""},"product_cat":[31,104],"product_tag":[],"class_list":["post-12766","product","type-product","status-publish","hentry","product_cat-paneles-led","product_cat-paneles-led-paneles-led"],"yoast_head":"<!-- This site is optimized with the Yoast SEO plugin v27.4 - https:\/\/yoast.com\/product\/yoast-seo-wordpress\/ -->\n<title>pack panel led 60x60 40w - ip65 - certa driver - STARLED Iluminacion<\/title>\n<meta name=\"robots\" content=\"index, follow, max-snippet:-1, max-image-preview:large, max-video-preview:-1\" \/>\n<link rel=\"canonical\" href=\"https:\/\/starlediluminacion.com\/fr\/product\/pack-panel-led-60x60-40w-ip65-philips-certa-driver\/\" \/>\n<meta property=\"og:locale\" content=\"fr_FR\" \/>\n<meta property=\"og:type\" content=\"article\" \/>\n<meta property=\"og:title\" content=\"pack panel led 60x60 40w - ip65 - certa driver - STARLED Iluminacion\" \/>\n<meta property=\"og:description\" content=\"Referencia: SLPACK2-PHPN40W-IP65-91279      \u00a1Ilumina tu espacio con nuestro\u00a0Panel LED 60x60 de 40W! Dise\u00f1ado con la \u00faltima tecnolog\u00eda, incluye\u00a0CERTA Driver PHILIPS\u00a0consiguiente garant\u00edas de durabilidad y mayor eficiencia. Este panel no solo ofrece una potente luminosidad, sino que tambi\u00e9n cuenta con\u00a0certificaci\u00f3n IP65\u00a0para resistencia al agua y polvo, brindando durabilidad y confiabilidad en cualquier entorno. Incluye\u00a0v\u00e1lvula anti-condensaci\u00f3n y cable de seguridad.  Con su dise\u00f1o delgado y elegante, el Panel LED 60x60 se integra perfectamente en cualquier lugar, proporcionando una est\u00e9tica moderna y atractiva. \u00a1Opta por la eficiencia energ\u00e9tica y la calidad superior con nuestro panel LED respaldado por marcas l\u00edderes en la industria de la iluminaci\u00f3n!  Temperatura de Color: 4000K\/5700K  \u00a0Entrega en 24\/48 horas\" \/>\n<meta property=\"og:url\" content=\"https:\/\/starlediluminacion.com\/fr\/product\/pack-panel-led-60x60-40w-ip65-philips-certa-driver\/\" \/>\n<meta property=\"og:site_name\" content=\"STARLED Iluminacion\" \/>\n<meta property=\"article:modified_time\" content=\"2025-10-18T08:11:45+00:00\" \/>\n<meta property=\"og:image\" content=\"https:\/\/www.factorled.com\/modules\/oa_features\/img\/2-default.jpg\" \/>\n<meta name=\"twitter:card\" content=\"summary_large_image\" \/>\n<meta name=\"twitter:label1\" content=\"Dur\u00e9e de lecture estim\u00e9e\" \/>\n\t<meta name=\"twitter:data1\" content=\"4 minutes\" \/>\n<script type=\"application\/ld+json\" class=\"yoast-schema-graph\">{\"@context\":\"https:\\\/\\\/schema.org\",\"@graph\":[{\"@type\":\"WebPage\",\"@id\":\"https:\\\/\\\/starlediluminacion.com\\\/en\\\/product\\\/pack-panel-led-60x60-40w-ip65-philips-certa-driver\\\/\",\"url\":\"https:\\\/\\\/starlediluminacion.com\\\/en\\\/product\\\/pack-panel-led-60x60-40w-ip65-philips-certa-driver\\\/\",\"name\":\"pack panel led 60x60 40w - ip65 - certa driver - STARLED Iluminacion\",\"isPartOf\":{\"@id\":\"https:\\\/\\\/starlediluminacion.com\\\/#website\"},\"primaryImageOfPage\":{\"@id\":\"https:\\\/\\\/starlediluminacion.com\\\/en\\\/product\\\/pack-panel-led-60x60-40w-ip65-philips-certa-driver\\\/#primaryimage\"},\"image\":{\"@id\":\"https:\\\/\\\/starlediluminacion.com\\\/en\\\/product\\\/pack-panel-led-60x60-40w-ip65-philips-certa-driver\\\/#primaryimage\"},\"thumbnailUrl\":\"https:\\\/\\\/www.factorled.com\\\/modules\\\/oa_features\\\/img\\\/2-default.jpg\",\"datePublished\":\"2024-05-01T08:16:19+00:00\",\"dateModified\":\"2025-10-18T08:11:45+00:00\",\"breadcrumb\":{\"@id\":\"https:\\\/\\\/starlediluminacion.com\\\/en\\\/product\\\/pack-panel-led-60x60-40w-ip65-philips-certa-driver\\\/#breadcrumb\"},\"inLanguage\":\"fr-FR\",\"potentialAction\":[{\"@type\":\"ReadAction\",\"target\":[\"https:\\\/\\\/starlediluminacion.com\\\/en\\\/product\\\/pack-panel-led-60x60-40w-ip65-philips-certa-driver\\\/\"]}]},{\"@type\":\"ImageObject\",\"inLanguage\":\"fr-FR\",\"@id\":\"https:\\\/\\\/starlediluminacion.com\\\/en\\\/product\\\/pack-panel-led-60x60-40w-ip65-philips-certa-driver\\\/#primaryimage\",\"url\":\"https:\\\/\\\/www.factorled.com\\\/modules\\\/oa_features\\\/img\\\/2-default.jpg\",\"contentUrl\":\"https:\\\/\\\/www.factorled.com\\\/modules\\\/oa_features\\\/img\\\/2-default.jpg\"},{\"@type\":\"BreadcrumbList\",\"@id\":\"https:\\\/\\\/starlediluminacion.com\\\/en\\\/product\\\/pack-panel-led-60x60-40w-ip65-philips-certa-driver\\\/#breadcrumb\",\"itemListElement\":[{\"@type\":\"ListItem\",\"position\":1,\"name\":\"Portada\",\"item\":\"https:\\\/\\\/starlediluminacion.com\\\/\"},{\"@type\":\"ListItem\",\"position\":2,\"name\":\"Shop\",\"item\":\"https:\\\/\\\/starlediluminacion.com\\\/shop-2\\\/\"},{\"@type\":\"ListItem\",\"position\":3,\"name\":\"pack panel led 60&#215;60 40w &#8211; ip65 &#8211; certa driver\"}]},{\"@type\":\"WebSite\",\"@id\":\"https:\\\/\\\/starlediluminacion.com\\\/#website\",\"url\":\"https:\\\/\\\/starlediluminacion.com\\\/\",\"name\":\"STARLED Iluminacion\",\"description\":\"\",\"potentialAction\":[{\"@type\":\"SearchAction\",\"target\":{\"@type\":\"EntryPoint\",\"urlTemplate\":\"https:\\\/\\\/starlediluminacion.com\\\/?s={search_term_string}\"},\"query-input\":{\"@type\":\"PropertyValueSpecification\",\"valueRequired\":true,\"valueName\":\"search_term_string\"}}],\"inLanguage\":\"fr-FR\"}]}<\/script>\n<!-- \/ Yoast SEO plugin. -->","yoast_head_json":{"title":"pack panel led 60x60 40w - ip65 - certa driver - STARLED Iluminacion","robots":{"index":"index","follow":"follow","max-snippet":"max-snippet:-1","max-image-preview":"max-image-preview:large","max-video-preview":"max-video-preview:-1"},"canonical":"https:\/\/starlediluminacion.com\/fr\/product\/pack-panel-led-60x60-40w-ip65-philips-certa-driver\/","og_locale":"fr_FR","og_type":"article","og_title":"pack panel led 60x60 40w - ip65 - certa driver - STARLED Iluminacion","og_description":"Referencia: SLPACK2-PHPN40W-IP65-91279      \u00a1Ilumina tu espacio con nuestro\u00a0Panel LED 60x60 de 40W! Dise\u00f1ado con la \u00faltima tecnolog\u00eda, incluye\u00a0CERTA Driver PHILIPS\u00a0consiguiente garant\u00edas de durabilidad y mayor eficiencia. Este panel no solo ofrece una potente luminosidad, sino que tambi\u00e9n cuenta con\u00a0certificaci\u00f3n IP65\u00a0para resistencia al agua y polvo, brindando durabilidad y confiabilidad en cualquier entorno. Incluye\u00a0v\u00e1lvula anti-condensaci\u00f3n y cable de seguridad.  Con su dise\u00f1o delgado y elegante, el Panel LED 60x60 se integra perfectamente en cualquier lugar, proporcionando una est\u00e9tica moderna y atractiva. \u00a1Opta por la eficiencia energ\u00e9tica y la calidad superior con nuestro panel LED respaldado por marcas l\u00edderes en la industria de la iluminaci\u00f3n!  Temperatura de Color: 4000K\/5700K  \u00a0Entrega en 24\/48 horas","og_url":"https:\/\/starlediluminacion.com\/fr\/product\/pack-panel-led-60x60-40w-ip65-philips-certa-driver\/","og_site_name":"STARLED Iluminacion","article_modified_time":"2025-10-18T08:11:45+00:00","og_image":[{"url":"https:\/\/www.factorled.com\/modules\/oa_features\/img\/2-default.jpg","type":"","width":"","height":""}],"twitter_card":"summary_large_image","twitter_misc":{"Dur\u00e9e de lecture estim\u00e9e":"4 minutes"},"schema":{"@context":"https:\/\/schema.org","@graph":[{"@type":"WebPage","@id":"https:\/\/starlediluminacion.com\/en\/product\/pack-panel-led-60x60-40w-ip65-philips-certa-driver\/","url":"https:\/\/starlediluminacion.com\/en\/product\/pack-panel-led-60x60-40w-ip65-philips-certa-driver\/","name":"pack panel led 60x60 40w - ip65 - certa driver - STARLED Iluminacion","isPartOf":{"@id":"https:\/\/starlediluminacion.com\/#website"},"primaryImageOfPage":{"@id":"https:\/\/starlediluminacion.com\/en\/product\/pack-panel-led-60x60-40w-ip65-philips-certa-driver\/#primaryimage"},"image":{"@id":"https:\/\/starlediluminacion.com\/en\/product\/pack-panel-led-60x60-40w-ip65-philips-certa-driver\/#primaryimage"},"thumbnailUrl":"https:\/\/www.factorled.com\/modules\/oa_features\/img\/2-default.jpg","datePublished":"2024-05-01T08:16:19+00:00","dateModified":"2025-10-18T08:11:45+00:00","breadcrumb":{"@id":"https:\/\/starlediluminacion.com\/en\/product\/pack-panel-led-60x60-40w-ip65-philips-certa-driver\/#breadcrumb"},"inLanguage":"fr-FR","potentialAction":[{"@type":"ReadAction","target":["https:\/\/starlediluminacion.com\/en\/product\/pack-panel-led-60x60-40w-ip65-philips-certa-driver\/"]}]},{"@type":"ImageObject","inLanguage":"fr-FR","@id":"https:\/\/starlediluminacion.com\/en\/product\/pack-panel-led-60x60-40w-ip65-philips-certa-driver\/#primaryimage","url":"https:\/\/www.factorled.com\/modules\/oa_features\/img\/2-default.jpg","contentUrl":"https:\/\/www.factorled.com\/modules\/oa_features\/img\/2-default.jpg"},{"@type":"BreadcrumbList","@id":"https:\/\/starlediluminacion.com\/en\/product\/pack-panel-led-60x60-40w-ip65-philips-certa-driver\/#breadcrumb","itemListElement":[{"@type":"ListItem","position":1,"name":"Portada","item":"https:\/\/starlediluminacion.com\/"},{"@type":"ListItem","position":2,"name":"Shop","item":"https:\/\/starlediluminacion.com\/shop-2\/"},{"@type":"ListItem","position":3,"name":"pack panel led 60&#215;60 40w &#8211; ip65 &#8211; certa driver"}]},{"@type":"WebSite","@id":"https:\/\/starlediluminacion.com\/#website","url":"https:\/\/starlediluminacion.com\/","name":"STARLED Iluminacion","description":"","potentialAction":[{"@type":"SearchAction","target":{"@type":"EntryPoint","urlTemplate":"https:\/\/starlediluminacion.com\/?s={search_term_string}"},"query-input":{"@type":"PropertyValueSpecification","valueRequired":true,"valueName":"search_term_string"}}],"inLanguage":"fr-FR"}]}},"_links":{"self":[{"href":"https:\/\/starlediluminacion.com\/fr\/wp-json\/wp\/v3\/product\/12766","targetHints":{"allow":["GET"]}}],"collection":[{"href":"https:\/\/starlediluminacion.com\/fr\/wp-json\/wp\/v3\/product"}],"about":[{"href":"https:\/\/starlediluminacion.com\/fr\/wp-json\/wp\/v2\/types\/product"}],"wp:attachment":[{"href":"https:\/\/starlediluminacion.com\/fr\/wp-json\/wp\/v2\/media?parent=12766"}],"wp:term":[{"taxonomy":"product_cat","embeddable":true,"href":"https:\/\/starlediluminacion.com\/fr\/wp-json\/wp\/v2\/product_cat?post=12766"},{"taxonomy":"product_tag","embeddable":true,"href":"https:\/\/starlediluminacion.com\/fr\/wp-json\/wp\/v2\/product_tag?post=12766"}],"curies":[{"name":"wp","href":"https:\/\/api.w.org\/{rel}","templated":true}]}}