{"id":12428,"date":"2024-01-07T12:28:13","date_gmt":"2024-01-07T12:28:13","guid":{"rendered":"https:\/\/starlediluminacion.com\/?post_type=product&#038;p=12428"},"modified":"2024-06-16T14:50:31","modified_gmt":"2024-06-16T14:50:31","slug":"aro-fijo-estanco-circular-efecto-curvo-gu10-mr16-ip65-negro","status":"publish","type":"product","link":"https:\/\/starlediluminacion.com\/fr\/product\/anneau-fixe-anneau-circulaire-bend-effect-gu10-mr16-ip65-noir\/","title":{"rendered":"<p>Lunette \u00e9tanche circulaire fixe - EFFET COURBE - GU10-MR16 - IP65 - NOIR<\/p>"},"content":{"rendered":"<h1>Lunette \u00e9tanche circulaire fixe - EFFET COURBE - GU10-MR16 - IP65<p>D\u00e9couvrez la combinaison parfaite de la force et de la performance avec notre cerceau fixe.&nbsp;<strong>\u00c9tanch\u00e9it\u00e9<\/strong>&nbsp;L'anneau circulaire GU10-MR16 est une solution d'\u00e9clairage con\u00e7ue pour se d\u00e9marquer dans n'importe quel environnement. Certifi\u00e9 IP65, cet anneau offre non seulement une protection compl\u00e8te contre l'humidit\u00e9 et la poussi\u00e8re, mais garantit \u00e9galement un fonctionnement fiable et durable, m\u00eame dans des conditions difficiles.<\/p><p>&nbsp;<\/p><h2><strong>Caract\u00e9ristiques exceptionnelles :<\/strong><\/h2><p>&nbsp;<\/p><p><strong>1) Certification IP65 pour une protection totale :<\/strong>&nbsp;L'indice IP65 garantit que cet anneau est totalement \u00e9tanche \u00e0 l'humidit\u00e9 et \u00e0 la poussi\u00e8re, ce qui vous permet de l'installer dans divers environnements sans craindre une usure pr\u00e9matur\u00e9e.<\/p><p>&nbsp;<\/p><p><strong>2. Lentille translucide pour un \u00e9clairage parfait :<\/strong>&nbsp;Dot\u00e9 d'une lentille translucide, cet anneau ajoute non seulement une touche esth\u00e9tique \u00e0 votre \u00e9clairage, mais \u00e9limine \u00e9galement les \u00e9blouissements, offrant un \u00e9clairage doux et enveloppant. Profitez d'environnements lumineux sans g\u00eane visuelle.<\/p><p>&nbsp;<\/p><p><strong>3. Conception durable et esth\u00e9tique :<\/strong>&nbsp;L'anneau est con\u00e7u avec des mat\u00e9riaux de haute qualit\u00e9 qui garantissent sa durabilit\u00e9 et sa solidit\u00e9. Son esth\u00e9tique polie rehausse l'aspect de tout espace, ce qui en fait un ajout \u00e9l\u00e9gant et fonctionnel.<\/p><p>&nbsp;<\/p><p><strong>4. Des performances fiables dans tous les environnements :<\/strong>&nbsp;Que ce soit \u00e0 l'int\u00e9rieur ou \u00e0 l'ext\u00e9rieur, cet anneau circulaire fixe et \u00e9tanche est con\u00e7u pour r\u00e9pondre aux d\u00e9fis environnementaux. Des salles de s\u00e9jour aux environnements industriels, il fournit un \u00e9clairage constant et fiable.<\/p><p>&nbsp;<\/p><p><strong>5. Installation et entretien faciles :<\/strong>&nbsp;Sa conception intuitive facilite l'installation, ce qui permet d'\u00e9conomiser du temps et des efforts. En outre, la maintenance est minimale, ce qui garantit des performances optimales au fil du temps.<\/p><p>&nbsp;<\/p><h2><strong>Applications polyvalentes :<\/strong><\/h2><p>- Salons et espaces de vie<\/p><p>- Ext\u00e9rieurs et jardins<\/p><p>- Espaces commerciaux<\/p><p>- Environnements industriels<\/p><p>- Bureaux et espaces de travail<\/p><p>&nbsp;<\/p><p><strong>Garantit la durabilit\u00e9 et am\u00e9liore l'esth\u00e9tique :<\/strong><\/p><p>&nbsp;<\/p><p>Cet anneau circulaire fixe GU10-MR16 \u00e9tanche n'est pas seulement une solution d'\u00e9clairage robuste, mais aussi une d\u00e9claration esth\u00e9tique. Il rehausse l'exp\u00e9rience de l'\u00e9clairage dans vos espaces, en offrant une combinaison parfaite de fonctionnalit\u00e9 et de style. D\u00e9couvrez comment l'excellence de l'\u00e9clairage peut transformer vos environnements gr\u00e2ce \u00e0 cet anneau \u00e9tanche haut de gamme.<\/p><h3 class=\"h6\">Fiche technique du produit<\/h3><dl class=\"data-sheet\">\n<dt class=\"name\"><img loading=\"lazy\" decoding=\"async\" src=\"https:\/\/www.factorled.com\/modules\/oa_features\/img\/2-default.jpg\" width=\"32\" height=\"32\">&nbsp;R\u00c9F\u00c9RENCE<\/dt>\n<dd class=\"value\">91816<\/dd>\n<dt class=\"name\"><img loading=\"lazy\" decoding=\"async\" src=\"https:\/\/www.factorled.com\/modules\/oa_features\/img\/25-default.jpg\" width=\"32\" height=\"32\">&nbsp;Mat\u00e9riaux de construction<\/dt>\n<dd class=\"value\">Aluminium<\/dd>\n<dt class=\"name\"><img loading=\"lazy\" decoding=\"async\" src=\"https:\/\/www.factorled.com\/modules\/oa_features\/img\/15-default.jpg\" width=\"32\" height=\"32\">&nbsp;Certificats<\/dt>\n<dd class=\"value\">CE - ROHS<\/dd>\n<dt class=\"name\"><img loading=\"lazy\" decoding=\"async\" src=\"https:\/\/www.factorled.com\/modules\/oa_features\/img\/18-default.jpg\" width=\"32\" height=\"32\">&nbsp;Mesures (Mm)<\/dt>\n<dd class=\"value\">\u00d885mm x H45mm<\/dd>\n<dt class=\"name\"><img loading=\"lazy\" decoding=\"async\" src=\"https:\/\/www.factorled.com\/modules\/oa_features\/img\/27-default.jpg\" width=\"32\" height=\"32\">&nbsp;Coupe au plafond (Mm)<\/dt>\n<dd class=\"value\">\u00d872mm<\/dd>\n<dt class=\"name\"><img loading=\"lazy\" decoding=\"async\" src=\"https:\/\/www.factorled.com\/modules\/oa_features\/img\/76-default.jpg\" width=\"32\" height=\"32\">&nbsp;Accessoires et compl\u00e9ments<\/dt>\n<dd class=\"value\">Support de lampe GU10<\/dd>\n<dt class=\"name\"><img loading=\"lazy\" decoding=\"async\" src=\"https:\/\/www.factorled.com\/modules\/oa_features\/img\/104-default.jpg\" width=\"32\" height=\"32\">&nbsp;Finition<\/dt>\n<dd class=\"value\">Compagnon<\/dd>\n<dt class=\"name\"><img loading=\"lazy\" decoding=\"async\" src=\"https:\/\/www.factorled.com\/modules\/oa_features\/img\/128-default.jpg\" width=\"32\" height=\"32\">&nbsp;Ampoule incluse<\/dt>\n<dd class=\"value\">Non<\/dd>\n<\/dl><\/h1>","protected":false},"excerpt":{"rendered":"<div class=\"product-reference\"><strong><label class=\"label\">R\u00e9f\u00e9rence :<\/label> SL91816<\/strong>\n<div>\n<div><\/div>\n<\/div>\n<div class=\"product-description-short\">\n<div id=\"product-description-short-3250\">\n<p>D\u00e9couvrez l'endurance et la performance de vos lumi\u00e8res avec notre&nbsp;<strong>Anneau circulaire fixe \u00e9tanche GU10-MR16.<\/strong>&nbsp;Cette bague, avec certification&nbsp;<strong>IP65<\/strong>Le nouveau mod\u00e8le, enti\u00e8rement \u00e9tanche \u00e0 la poussi\u00e8re et \u00e0 l'humidit\u00e9, offre une protection compl\u00e8te contre l'humidit\u00e9 et la poussi\u00e8re, garantissant un fonctionnement fiable dans n'importe quel environnement. Ses&nbsp;<strong>lentille translucide<\/strong>&nbsp;non seulement ajoute une touche esth\u00e9tique, mais \u00e9limine \u00e9galement les reflets, offrant un \u00e9clairage doux et enveloppant. Garantissez la durabilit\u00e9 et am\u00e9liorez l'esth\u00e9tique de vos espaces gr\u00e2ce \u00e0 cet anneau \u00e9tanche de premi\u00e8re qualit\u00e9.<\/p>\n<div class=\"col-md-12\"><i class=\"fa fa-truck\"><\/i>&nbsp;<span class=\"text-muted textprop\">Livraison dans les 24\/48 heures<\/span><\/div>\n<div class=\"col-md-12\"><span style=\"font-size: 16px;\">&nbsp;<\/span><span class=\"text-muted textprop\" style=\"font-size: 16px;\">Garantie de produit assur\u00e9e<\/span><\/div>\n<div class=\"col-md-12 certificados\">\n<hr>\n<p><img decoding=\"async\" class=\"cert\" title=\"Certifi\u00e9 CE\" src=\"https:\/\/www.factorled.com\/img\/icono-sello-ce.jpg\" alt=\"Certifi\u00e9 CE\">&nbsp;<img decoding=\"async\" class=\"cert\" title=\"Certificat ROHS\" src=\"https:\/\/www.factorled.com\/img\/icono-sello-rosh.jpg\" alt=\"Certificat ROHS\"><\/p><\/div>\n<\/div>\n<\/div><\/div>","protected":false},"featured_media":12433,"template":"","meta":{"site-sidebar-layout":"default","site-content-layout":"default","ast-global-header-display":"","ast-main-header-display":"","ast-hfb-above-header-display":"","ast-hfb-below-header-display":"","ast-hfb-mobile-header-display":"","site-post-title":"","ast-breadcrumbs-content":"","ast-featured-img":"","footer-sml-layout":"","theme-transparent-header-meta":"default","adv-header-id-meta":"","stick-header-meta":"","header-above-stick-meta":"","header-main-stick-meta":"","header-below-stick-meta":""},"product_cat":[62,23],"product_tag":[],"class_list":["post-12428","product","type-product","status-publish","has-post-thumbnail","hentry","product_cat-accesorios-lamparas-led","product_cat-bombillas-y-lamparas-led"],"yoast_head":"<!-- This site is optimized with the Yoast SEO plugin v27.4 - https:\/\/yoast.com\/product\/yoast-seo-wordpress\/ -->\n<title>Aro Fijo Estanco Circular - EFECTO CURVO - GU10-MR16 - IP65 - NEGRO - STARLED Iluminacion<\/title>\n<meta name=\"robots\" content=\"index, follow, max-snippet:-1, max-image-preview:large, max-video-preview:-1\" \/>\n<link rel=\"canonical\" href=\"https:\/\/starlediluminacion.com\/fr\/product\/anneau-fixe-anneau-circulaire-bend-effect-gu10-mr16-ip65-noir\/\" \/>\n<meta property=\"og:locale\" content=\"fr_FR\" \/>\n<meta property=\"og:type\" content=\"article\" \/>\n<meta property=\"og:title\" content=\"Aro Fijo Estanco Circular - EFECTO CURVO - GU10-MR16 - IP65 - NEGRO - STARLED Iluminacion\" \/>\n<meta property=\"og:description\" content=\"Referencia: SL91816        Descubre la\u00a0resistencia y el rendimiento de tus luces con nuestro\u00a0Aro Fijo Estanco Circular GU10-MR16.\u00a0Este aro, con certificaci\u00f3n\u00a0IP65, brinda una protecci\u00f3n completa contra la humedad y el polvo, asegurando un funcionamiento fiable en cualquier entorno. Su\u00a0lente transl\u00facida\u00a0no solo agrega un toque est\u00e9tico, sino que tambi\u00e9n elimina deslumbramientos, ofreciendo una iluminaci\u00f3n suave y envolvente. Asegura la durabilidad y mejora la est\u00e9tica de tus espacios con este aro estanco de primera calidad. \u00a0Entrega en 24\/48 horas \u00a0Garant\u00eda de producto asegurada     \u00a0\" \/>\n<meta property=\"og:url\" content=\"https:\/\/starlediluminacion.com\/fr\/product\/anneau-fixe-anneau-circulaire-bend-effect-gu10-mr16-ip65-noir\/\" \/>\n<meta property=\"og:site_name\" content=\"STARLED Iluminacion\" \/>\n<meta property=\"article:modified_time\" content=\"2024-06-16T14:50:31+00:00\" \/>\n<meta property=\"og:image\" content=\"https:\/\/starlediluminacion.com\/wp-content\/uploads\/2024\/01\/aro-fijo-para-dicroica-circular-gu10-mr16-negro-8.jpg\" \/>\n\t<meta property=\"og:image:width\" content=\"744\" \/>\n\t<meta property=\"og:image:height\" content=\"800\" \/>\n\t<meta property=\"og:image:type\" content=\"image\/jpeg\" \/>\n<meta name=\"twitter:card\" content=\"summary_large_image\" \/>\n<meta name=\"twitter:label1\" content=\"Dur\u00e9e de lecture estim\u00e9e\" \/>\n\t<meta name=\"twitter:data1\" content=\"2 minutes\" \/>\n<script type=\"application\/ld+json\" class=\"yoast-schema-graph\">{\"@context\":\"https:\\\/\\\/schema.org\",\"@graph\":[{\"@type\":\"WebPage\",\"@id\":\"https:\\\/\\\/starlediluminacion.com\\\/producto\\\/aro-fijo-estanco-circular-efecto-curvo-gu10-mr16-ip65-negro\\\/\",\"url\":\"https:\\\/\\\/starlediluminacion.com\\\/producto\\\/aro-fijo-estanco-circular-efecto-curvo-gu10-mr16-ip65-negro\\\/\",\"name\":\"Aro Fijo Estanco Circular - EFECTO CURVO - GU10-MR16 - IP65 - NEGRO - STARLED Iluminacion\",\"isPartOf\":{\"@id\":\"https:\\\/\\\/starlediluminacion.com\\\/#website\"},\"primaryImageOfPage\":{\"@id\":\"https:\\\/\\\/starlediluminacion.com\\\/producto\\\/aro-fijo-estanco-circular-efecto-curvo-gu10-mr16-ip65-negro\\\/#primaryimage\"},\"image\":{\"@id\":\"https:\\\/\\\/starlediluminacion.com\\\/producto\\\/aro-fijo-estanco-circular-efecto-curvo-gu10-mr16-ip65-negro\\\/#primaryimage\"},\"thumbnailUrl\":\"https:\\\/\\\/starlediluminacion.com\\\/wp-content\\\/uploads\\\/2024\\\/01\\\/aro-fijo-para-dicroica-circular-gu10-mr16-negro-8.jpg\",\"datePublished\":\"2024-01-07T12:28:13+00:00\",\"dateModified\":\"2024-06-16T14:50:31+00:00\",\"breadcrumb\":{\"@id\":\"https:\\\/\\\/starlediluminacion.com\\\/producto\\\/aro-fijo-estanco-circular-efecto-curvo-gu10-mr16-ip65-negro\\\/#breadcrumb\"},\"inLanguage\":\"fr-FR\",\"potentialAction\":[{\"@type\":\"ReadAction\",\"target\":[\"https:\\\/\\\/starlediluminacion.com\\\/producto\\\/aro-fijo-estanco-circular-efecto-curvo-gu10-mr16-ip65-negro\\\/\"]}]},{\"@type\":\"ImageObject\",\"inLanguage\":\"fr-FR\",\"@id\":\"https:\\\/\\\/starlediluminacion.com\\\/producto\\\/aro-fijo-estanco-circular-efecto-curvo-gu10-mr16-ip65-negro\\\/#primaryimage\",\"url\":\"https:\\\/\\\/starlediluminacion.com\\\/wp-content\\\/uploads\\\/2024\\\/01\\\/aro-fijo-para-dicroica-circular-gu10-mr16-negro-8.jpg\",\"contentUrl\":\"https:\\\/\\\/starlediluminacion.com\\\/wp-content\\\/uploads\\\/2024\\\/01\\\/aro-fijo-para-dicroica-circular-gu10-mr16-negro-8.jpg\",\"width\":744,\"height\":800},{\"@type\":\"BreadcrumbList\",\"@id\":\"https:\\\/\\\/starlediluminacion.com\\\/producto\\\/aro-fijo-estanco-circular-efecto-curvo-gu10-mr16-ip65-negro\\\/#breadcrumb\",\"itemListElement\":[{\"@type\":\"ListItem\",\"position\":1,\"name\":\"Portada\",\"item\":\"https:\\\/\\\/starlediluminacion.com\\\/\"},{\"@type\":\"ListItem\",\"position\":2,\"name\":\"Shop\",\"item\":\"https:\\\/\\\/starlediluminacion.com\\\/shop-2\\\/\"},{\"@type\":\"ListItem\",\"position\":3,\"name\":\"Aro Fijo Estanco Circular &#8211; EFECTO CURVO &#8211; GU10-MR16 &#8211; IP65 &#8211; NEGRO\"}]},{\"@type\":\"WebSite\",\"@id\":\"https:\\\/\\\/starlediluminacion.com\\\/#website\",\"url\":\"https:\\\/\\\/starlediluminacion.com\\\/\",\"name\":\"STARLED Iluminacion\",\"description\":\"\",\"potentialAction\":[{\"@type\":\"SearchAction\",\"target\":{\"@type\":\"EntryPoint\",\"urlTemplate\":\"https:\\\/\\\/starlediluminacion.com\\\/?s={search_term_string}\"},\"query-input\":{\"@type\":\"PropertyValueSpecification\",\"valueRequired\":true,\"valueName\":\"search_term_string\"}}],\"inLanguage\":\"fr-FR\"}]}<\/script>\n<!-- \/ Yoast SEO plugin. -->","yoast_head_json":{"title":"Aro Fijo Estanco Circular - EFECTO CURVO - GU10-MR16 - IP65 - NEGRO - STARLED Iluminacion","robots":{"index":"index","follow":"follow","max-snippet":"max-snippet:-1","max-image-preview":"max-image-preview:large","max-video-preview":"max-video-preview:-1"},"canonical":"https:\/\/starlediluminacion.com\/fr\/product\/anneau-fixe-anneau-circulaire-bend-effect-gu10-mr16-ip65-noir\/","og_locale":"fr_FR","og_type":"article","og_title":"Aro Fijo Estanco Circular - EFECTO CURVO - GU10-MR16 - IP65 - NEGRO - STARLED Iluminacion","og_description":"Referencia: SL91816        Descubre la\u00a0resistencia y el rendimiento de tus luces con nuestro\u00a0Aro Fijo Estanco Circular GU10-MR16.\u00a0Este aro, con certificaci\u00f3n\u00a0IP65, brinda una protecci\u00f3n completa contra la humedad y el polvo, asegurando un funcionamiento fiable en cualquier entorno. Su\u00a0lente transl\u00facida\u00a0no solo agrega un toque est\u00e9tico, sino que tambi\u00e9n elimina deslumbramientos, ofreciendo una iluminaci\u00f3n suave y envolvente. Asegura la durabilidad y mejora la est\u00e9tica de tus espacios con este aro estanco de primera calidad. \u00a0Entrega en 24\/48 horas \u00a0Garant\u00eda de producto asegurada     \u00a0","og_url":"https:\/\/starlediluminacion.com\/fr\/product\/anneau-fixe-anneau-circulaire-bend-effect-gu10-mr16-ip65-noir\/","og_site_name":"STARLED Iluminacion","article_modified_time":"2024-06-16T14:50:31+00:00","og_image":[{"width":744,"height":800,"url":"https:\/\/starlediluminacion.com\/wp-content\/uploads\/2024\/01\/aro-fijo-para-dicroica-circular-gu10-mr16-negro-8.jpg","type":"image\/jpeg"}],"twitter_card":"summary_large_image","twitter_misc":{"Dur\u00e9e de lecture estim\u00e9e":"2 minutes"},"schema":{"@context":"https:\/\/schema.org","@graph":[{"@type":"WebPage","@id":"https:\/\/starlediluminacion.com\/producto\/aro-fijo-estanco-circular-efecto-curvo-gu10-mr16-ip65-negro\/","url":"https:\/\/starlediluminacion.com\/producto\/aro-fijo-estanco-circular-efecto-curvo-gu10-mr16-ip65-negro\/","name":"Aro Fijo Estanco Circular - EFECTO CURVO - GU10-MR16 - IP65 - NEGRO - STARLED Iluminacion","isPartOf":{"@id":"https:\/\/starlediluminacion.com\/#website"},"primaryImageOfPage":{"@id":"https:\/\/starlediluminacion.com\/producto\/aro-fijo-estanco-circular-efecto-curvo-gu10-mr16-ip65-negro\/#primaryimage"},"image":{"@id":"https:\/\/starlediluminacion.com\/producto\/aro-fijo-estanco-circular-efecto-curvo-gu10-mr16-ip65-negro\/#primaryimage"},"thumbnailUrl":"https:\/\/starlediluminacion.com\/wp-content\/uploads\/2024\/01\/aro-fijo-para-dicroica-circular-gu10-mr16-negro-8.jpg","datePublished":"2024-01-07T12:28:13+00:00","dateModified":"2024-06-16T14:50:31+00:00","breadcrumb":{"@id":"https:\/\/starlediluminacion.com\/producto\/aro-fijo-estanco-circular-efecto-curvo-gu10-mr16-ip65-negro\/#breadcrumb"},"inLanguage":"fr-FR","potentialAction":[{"@type":"ReadAction","target":["https:\/\/starlediluminacion.com\/producto\/aro-fijo-estanco-circular-efecto-curvo-gu10-mr16-ip65-negro\/"]}]},{"@type":"ImageObject","inLanguage":"fr-FR","@id":"https:\/\/starlediluminacion.com\/producto\/aro-fijo-estanco-circular-efecto-curvo-gu10-mr16-ip65-negro\/#primaryimage","url":"https:\/\/starlediluminacion.com\/wp-content\/uploads\/2024\/01\/aro-fijo-para-dicroica-circular-gu10-mr16-negro-8.jpg","contentUrl":"https:\/\/starlediluminacion.com\/wp-content\/uploads\/2024\/01\/aro-fijo-para-dicroica-circular-gu10-mr16-negro-8.jpg","width":744,"height":800},{"@type":"BreadcrumbList","@id":"https:\/\/starlediluminacion.com\/producto\/aro-fijo-estanco-circular-efecto-curvo-gu10-mr16-ip65-negro\/#breadcrumb","itemListElement":[{"@type":"ListItem","position":1,"name":"Portada","item":"https:\/\/starlediluminacion.com\/"},{"@type":"ListItem","position":2,"name":"Shop","item":"https:\/\/starlediluminacion.com\/shop-2\/"},{"@type":"ListItem","position":3,"name":"Aro Fijo Estanco Circular &#8211; EFECTO CURVO &#8211; GU10-MR16 &#8211; IP65 &#8211; NEGRO"}]},{"@type":"WebSite","@id":"https:\/\/starlediluminacion.com\/#website","url":"https:\/\/starlediluminacion.com\/","name":"STARLED Iluminacion","description":"","potentialAction":[{"@type":"SearchAction","target":{"@type":"EntryPoint","urlTemplate":"https:\/\/starlediluminacion.com\/?s={search_term_string}"},"query-input":{"@type":"PropertyValueSpecification","valueRequired":true,"valueName":"search_term_string"}}],"inLanguage":"fr-FR"}]}},"_links":{"self":[{"href":"https:\/\/starlediluminacion.com\/fr\/wp-json\/wp\/v3\/product\/12428","targetHints":{"allow":["GET"]}}],"collection":[{"href":"https:\/\/starlediluminacion.com\/fr\/wp-json\/wp\/v3\/product"}],"about":[{"href":"https:\/\/starlediluminacion.com\/fr\/wp-json\/wp\/v2\/types\/product"}],"wp:featuredmedia":[{"embeddable":true,"href":"https:\/\/starlediluminacion.com\/fr\/wp-json\/wp\/v2\/media\/12433"}],"wp:attachment":[{"href":"https:\/\/starlediluminacion.com\/fr\/wp-json\/wp\/v2\/media?parent=12428"}],"wp:term":[{"taxonomy":"product_cat","embeddable":true,"href":"https:\/\/starlediluminacion.com\/fr\/wp-json\/wp\/v2\/product_cat?post=12428"},{"taxonomy":"product_tag","embeddable":true,"href":"https:\/\/starlediluminacion.com\/fr\/wp-json\/wp\/v2\/product_tag?post=12428"}],"curies":[{"name":"wp","href":"https:\/\/api.w.org\/{rel}","templated":true}]}}