{"id":12403,"date":"2024-01-07T12:17:14","date_gmt":"2024-01-07T12:17:14","guid":{"rendered":"https:\/\/starlediluminacion.com\/?post_type=product&#038;p=12403"},"modified":"2024-06-16T14:50:14","modified_gmt":"2024-06-16T14:50:14","slug":"aro-fijo-circular-para-gu10-mr16-blanco","status":"publish","type":"product","link":"https:\/\/starlediluminacion.com\/fr\/product\/aro-fijo-circular-para-gu10-mr16-blanco\/","title":{"rendered":"<p>Anneau circulaire fixe pour GU10-MR16 - BLANC<\/p>"},"content":{"rendered":"<h1>Anneau circulaire fixe pour GU10-MR16 - BLANC<p><strong>Anneau encastr\u00e9<\/strong>&nbsp;pour&nbsp;<strong>LED dichro\u00efque<\/strong>\u00e0 la fois&nbsp;<strong>MR16<\/strong>&nbsp;comme&nbsp;<strong>GU10<\/strong>est con\u00e7u pour obtenir une d\u00e9coration attrayante et raffin\u00e9e, gr\u00e2ce \u00e0 sa forme.&nbsp;<strong>circulaire<\/strong>&nbsp;des atmosph\u00e8res tr\u00e8s exclusives peuvent \u00eatre cr\u00e9\u00e9es.<\/p><p>Tout son mat\u00e9riel est en aluminium avec une finition noire, ce qui fait de ce cerceau un produit tr\u00e8s r\u00e9sistant et donc d'une grande durabilit\u00e9, ce qui en fait un produit tr\u00e8s durable.&nbsp;<strong>anneau en acier inoxydable<\/strong>.<\/p><p>&nbsp;<\/p><h2>Aplicaciones del&nbsp;Aro Aro Fijo Circular Para GU10-MR16 &ndash; BLANCO<\/h2><ul>\n<li>Cuisine<\/li>\n<li>Bain<\/li>\n<li>Porches<\/li>\n<li>Bureaux<\/li>\n<li>Hypermarch\u00e9s<\/li>\n<\/ul><p>Il est id\u00e9al pour tout espace \u00e9v\u00e9nementiel o\u00f9 il est n\u00e9cessaire de recr\u00e9er des ambiances particuli\u00e8res. Gr\u00e2ce \u00e0 son mat\u00e9riau, il est \u00e9galement capable de r\u00e9sister aux espaces ext\u00e9rieurs.<\/p><h3 class=\"h6\">Fiche technique du produit<\/h3><dl class=\"data-sheet\">\n<dt class=\"name\"><img loading=\"lazy\" decoding=\"async\" src=\"https:\/\/www.factorled.com\/modules\/oa_features\/img\/2-default.jpg\" width=\"32\" height=\"32\">&nbsp;R\u00c9F\u00c9RENCE<\/dt>\n<dd class=\"value\">91823<\/dd>\n<dt class=\"name\"><img loading=\"lazy\" decoding=\"async\" src=\"https:\/\/www.factorled.com\/modules\/oa_features\/img\/25-default.jpg\" width=\"32\" height=\"32\">&nbsp;Mat\u00e9riaux de construction<\/dt>\n<dd class=\"value\">Aluminium<\/dd>\n<dt class=\"name\"><img loading=\"lazy\" decoding=\"async\" src=\"https:\/\/www.factorled.com\/modules\/oa_features\/img\/15-default.jpg\" width=\"32\" height=\"32\">&nbsp;Certificats<\/dt>\n<dd class=\"value\">CE - ROHS<\/dd>\n<dt class=\"name\"><img loading=\"lazy\" decoding=\"async\" src=\"https:\/\/www.factorled.com\/modules\/oa_features\/img\/18-default.jpg\" width=\"32\" height=\"32\">&nbsp;Mesures (Mm)<\/dt>\n<dd class=\"value\">&Oslash;85mm x H40mm<\/dd>\n<dt class=\"name\"><img loading=\"lazy\" decoding=\"async\" src=\"https:\/\/www.factorled.com\/modules\/oa_features\/img\/27-default.jpg\" width=\"32\" height=\"32\">&nbsp;Coupe au plafond (Mm)<\/dt>\n<dd class=\"value\">\u00d875mm<\/dd>\n<dt class=\"name\"><img loading=\"lazy\" decoding=\"async\" src=\"https:\/\/www.factorled.com\/modules\/oa_features\/img\/76-default.jpg\" width=\"32\" height=\"32\">&nbsp;Accessoires et compl\u00e9ments<\/dt>\n<dd class=\"value\">Support de lampe GU10<\/dd>\n<dt class=\"name\"><img loading=\"lazy\" decoding=\"async\" src=\"https:\/\/www.factorled.com\/modules\/oa_features\/img\/104-default.jpg\" width=\"32\" height=\"32\">&nbsp;Finition<\/dt>\n<dd class=\"value\">Compagnon<\/dd>\n<dt class=\"name\"><img loading=\"lazy\" decoding=\"async\" src=\"https:\/\/www.factorled.com\/modules\/oa_features\/img\/128-default.jpg\" width=\"32\" height=\"32\">&nbsp;Ampoule incluse<\/dt>\n<dd class=\"value\">Non<\/dd>\n<\/dl><\/h1>","protected":false},"excerpt":{"rendered":"<div class=\"product-reference\"><strong><label class=\"label\">R\u00e9f\u00e9rence :<\/label> SL91823<\/strong><div><\/div><div class=\"product-description-short\">\n<div id=\"product-description-short-3247\">\n<p>Transforma tus espacios con nuestro Aro Circular Fijo, un dise&ntilde;o elegante y exclusivo que agrega un toque contempor&aacute;neo a tu iluminaci&oacute;n. Compatible con focos LED GU10 o MR16, es ideal tanto para nuevas instalaciones como para actualizar tus focos existentes. Fabricado para adaptarse a cualquier tipo de ambiente o decoraci&oacute;n, este aro circular fijo es la elecci&oacute;n perfecta para realzar la est&eacute;tica de tus espacios con estilo y funcionalidad. Renueva tu iluminaci&oacute;n con este accesorio de calidad.<\/p>\n<div class=\"col-md-12\"><i class=\"fa fa-truck\"><\/i>&nbsp;<span class=\"text-muted textprop\">Livraison dans les 24\/48 heures<\/span><\/div>\n<div class=\"col-md-12\"><i class=\"fa fa-exchange\"><\/i>&nbsp;<span class=\"text-muted textprop\">Garantie de produit assur\u00e9e<\/span><\/div>\n<div class=\"col-md-12 certificados\">\n<hr>\n<p><img decoding=\"async\" class=\"cert\" title=\"Certifi\u00e9 CE\" src=\"https:\/\/www.factorled.com\/img\/icono-sello-ce.jpg\" alt=\"Certifi\u00e9 CE\">&nbsp;<img decoding=\"async\" class=\"cert\" title=\"Certificat ROHS\" src=\"https:\/\/www.factorled.com\/img\/icono-sello-rosh.jpg\" alt=\"Certificat ROHS\"><\/p><\/div>\n<\/div>\n<\/div><\/div>","protected":false},"featured_media":12408,"template":"","meta":{"site-sidebar-layout":"default","site-content-layout":"default","ast-global-header-display":"","ast-main-header-display":"","ast-hfb-above-header-display":"","ast-hfb-below-header-display":"","ast-hfb-mobile-header-display":"","site-post-title":"","ast-breadcrumbs-content":"","ast-featured-img":"","footer-sml-layout":"","theme-transparent-header-meta":"default","adv-header-id-meta":"","stick-header-meta":"","header-above-stick-meta":"","header-main-stick-meta":"","header-below-stick-meta":""},"product_cat":[62,23],"product_tag":[],"class_list":["post-12403","product","type-product","status-publish","has-post-thumbnail","hentry","product_cat-accesorios-lamparas-led","product_cat-bombillas-y-lamparas-led"],"_links":{"self":[{"href":"https:\/\/starlediluminacion.com\/fr\/wp-json\/wp\/v3\/product\/12403","targetHints":{"allow":["GET"]}}],"collection":[{"href":"https:\/\/starlediluminacion.com\/fr\/wp-json\/wp\/v3\/product"}],"about":[{"href":"https:\/\/starlediluminacion.com\/fr\/wp-json\/wp\/v2\/types\/product"}],"wp:featuredmedia":[{"embeddable":true,"href":"https:\/\/starlediluminacion.com\/fr\/wp-json\/wp\/v2\/media\/12408"}],"wp:attachment":[{"href":"https:\/\/starlediluminacion.com\/fr\/wp-json\/wp\/v2\/media?parent=12403"}],"wp:term":[{"taxonomy":"product_cat","embeddable":true,"href":"https:\/\/starlediluminacion.com\/fr\/wp-json\/wp\/v2\/product_cat?post=12403"},{"taxonomy":"product_tag","embeddable":true,"href":"https:\/\/starlediluminacion.com\/fr\/wp-json\/wp\/v2\/product_tag?post=12403"}],"curies":[{"name":"wp","href":"https:\/\/api.w.org\/{rel}","templated":true}]}}