{"id":12359,"date":"2024-01-04T15:48:21","date_gmt":"2024-01-04T15:48:21","guid":{"rendered":"https:\/\/starlediluminacion.com\/?post_type=product&#038;p=12359"},"modified":"2024-06-16T14:38:52","modified_gmt":"2024-06-16T14:38:52","slug":"aro-redondo-orientable-para-dicroica-led-gu10-mr16-aluminio","status":"publish","type":"product","link":"https:\/\/starlediluminacion.com\/fr\/product\/aro-redondo-orientable-para-dicroica-led-gu10-mr16-aluminio\/","title":{"rendered":"<p>Aro Redondo Orientable Para Dicroica LED GU10 MR16 &ndash; Aluminio<\/p>"},"content":{"rendered":"<h1>Aro redondo orientable para dicroica LED GU10 MR16 &ndash; Aluminio<p><strong>Anneau encastr\u00e9<\/strong>&nbsp;pour&nbsp;<strong>LED dichro\u00efque<\/strong>\u00e0 la fois&nbsp;<strong>MR16<\/strong>&nbsp;comme&nbsp;<strong>GU10<\/strong>, esta dise&ntilde;ado para obtener una decoraci&oacute;n atractiva y refinada, gracias a su forma orientable se podr&aacute;n crear ambientes muy exclusivos.<\/p><p>Todo su material esta fabricado en aluminio con acabado en color blanco lo que hace de este aro un producto muy resistente por lo que&nbsp;tiene una gran durabilidad, lo convierte en un&nbsp;<strong>anneau en acier inoxydable<\/strong>.<\/p><p>Il est id\u00e9al pour les espaces domestiques tels que les cuisines, les salles de bains, les v\u00e9randas, mais aussi pour les bureaux, les hypermarch\u00e9s ou tout espace \u00e9v\u00e9nementiel o\u00f9 il est n\u00e9cessaire de recr\u00e9er des atmosph\u00e8res particuli\u00e8res.<\/p><h3 class=\"h6\">Fiche technique du produit<\/h3><dl class=\"data-sheet\">\n<dt class=\"name\"><img loading=\"lazy\" decoding=\"async\" src=\"https:\/\/www.factorled.com\/modules\/oa_features\/img\/2-default.jpg\" width=\"32\" height=\"32\">&nbsp;R\u00c9F\u00c9RENCE<\/dt>\n<dd class=\"value\">91813<\/dd>\n<dt class=\"name\"><img loading=\"lazy\" decoding=\"async\" src=\"https:\/\/www.factorled.com\/modules\/oa_features\/img\/25-default.jpg\" width=\"32\" height=\"32\">&nbsp;Mat\u00e9riaux de construction<\/dt>\n<dd class=\"value\">Aluminium<\/dd>\n<dt class=\"name\"><img loading=\"lazy\" decoding=\"async\" src=\"https:\/\/www.factorled.com\/modules\/oa_features\/img\/15-default.jpg\" width=\"32\" height=\"32\">&nbsp;Certificats<\/dt>\n<dd class=\"value\">CE<\/dd>\n<dt class=\"name\"><img loading=\"lazy\" decoding=\"async\" src=\"https:\/\/www.factorled.com\/modules\/oa_features\/img\/16-default.jpg\" width=\"32\" height=\"32\">&nbsp;Indice IP<\/dt>\n<dd class=\"value\">IP20<\/dd>\n<dt class=\"name\"><img loading=\"lazy\" decoding=\"async\" src=\"https:\/\/www.factorled.com\/modules\/oa_features\/img\/18-default.jpg\" width=\"32\" height=\"32\">&nbsp;Mesures (Mm)<\/dt>\n<dd class=\"value\">&Oslash;90mm<\/dd>\n<dt class=\"name\"><img loading=\"lazy\" decoding=\"async\" src=\"https:\/\/www.factorled.com\/modules\/oa_features\/img\/27-default.jpg\" width=\"32\" height=\"32\">&nbsp;Coupe au plafond (Mm)<\/dt>\n<dd class=\"value\">\u00d875mm<\/dd>\n<\/dl><\/h1>","protected":false},"excerpt":{"rendered":"<div class=\"product-reference\"><strong><label class=\"label\">R\u00e9f\u00e9rence :<\/label> SL91813<\/strong>\n<div><\/div>\n<div class=\"product-description-short\">\n<div id=\"product-description-short-3237\">\n<p><strong>Cerceau<\/strong>&nbsp;<strong>orientable<\/strong>&nbsp;con acabado blanco, dise&ntilde;o elegante y exclusivo. Se aconseja su uso para las l&aacute;mparas&nbsp;<strong>dicroicas<\/strong>&nbsp;<strong>GU10<\/strong>&nbsp;o&nbsp;<strong>MR16<\/strong>. Es perfecto para una nueva obra o para cambiar los focos.<\/p>\n<\/div>\n<\/div><\/div>","protected":false},"featured_media":12364,"template":"","meta":{"site-sidebar-layout":"default","site-content-layout":"default","ast-global-header-display":"","ast-main-header-display":"","ast-hfb-above-header-display":"","ast-hfb-below-header-display":"","ast-hfb-mobile-header-display":"","site-post-title":"","ast-breadcrumbs-content":"","ast-featured-img":"","footer-sml-layout":"","theme-transparent-header-meta":"default","adv-header-id-meta":"","stick-header-meta":"","header-above-stick-meta":"","header-main-stick-meta":"","header-below-stick-meta":""},"product_cat":[62,23],"product_tag":[],"class_list":["post-12359","product","type-product","status-publish","has-post-thumbnail","hentry","product_cat-accesorios-lamparas-led","product_cat-bombillas-y-lamparas-led"],"_links":{"self":[{"href":"https:\/\/starlediluminacion.com\/fr\/wp-json\/wp\/v3\/product\/12359","targetHints":{"allow":["GET"]}}],"collection":[{"href":"https:\/\/starlediluminacion.com\/fr\/wp-json\/wp\/v3\/product"}],"about":[{"href":"https:\/\/starlediluminacion.com\/fr\/wp-json\/wp\/v2\/types\/product"}],"wp:featuredmedia":[{"embeddable":true,"href":"https:\/\/starlediluminacion.com\/fr\/wp-json\/wp\/v2\/media\/12364"}],"wp:attachment":[{"href":"https:\/\/starlediluminacion.com\/fr\/wp-json\/wp\/v2\/media?parent=12359"}],"wp:term":[{"taxonomy":"product_cat","embeddable":true,"href":"https:\/\/starlediluminacion.com\/fr\/wp-json\/wp\/v2\/product_cat?post=12359"},{"taxonomy":"product_tag","embeddable":true,"href":"https:\/\/starlediluminacion.com\/fr\/wp-json\/wp\/v2\/product_tag?post=12359"}],"curies":[{"name":"wp","href":"https:\/\/api.w.org\/{rel}","templated":true}]}}