{"id":12305,"date":"2024-01-04T15:06:47","date_gmt":"2024-01-04T15:06:47","guid":{"rendered":"https:\/\/starlediluminacion.com\/?post_type=product&#038;p=12305"},"modified":"2024-06-16T14:49:18","modified_gmt":"2024-06-16T14:49:18","slug":"tira-led-220v-120xled-m-20m-smd2835-1540lm-m-14w-m-ip67-corte-cada-10cm-2","status":"publish","type":"product","link":"https:\/\/starlediluminacion.com\/fr\/product\/tira-led-220v-120xled-m-20m-smd2835-1540lm-m-14w-m-ip67-corte-cada-10cm-2\/","title":{"rendered":"<p>Bande LED 220V | 120xLED\/M | 20m | SMD2835 | 1540Lm\/M | 14W\/M | IP67 | Coupe tous les 10cm | Coupe tous les 10cm<\/p>"},"content":{"rendered":"<h1>Bande LED 220V | 120xLED\/m | 20m | SMD2835 | 1450Lm\/M | 14W\/M | IP67 | Coupe tous les 10cm | 10cm<p>Le pr\u00e9sent&nbsp;<strong>Bande LED 220V<\/strong>&nbsp;DC 120LED\/m<strong>&nbsp;IP67<\/strong>&nbsp;a une longueur de&nbsp;<strong>20 m\u00e8tres<\/strong>&nbsp;et int\u00e8gre&nbsp;<b>120&nbsp;<\/b><strong>LED<\/strong>&nbsp;de la technologie&nbsp;<strong>SMD2835<\/strong>&nbsp;qui ne consomment qu'une faible quantit\u00e9 d'\u00e9nergie.&nbsp;<strong>14w&nbsp;<\/strong>par m\u00e8tre. La lumi\u00e8re vive et color\u00e9e qu'il \u00e9met est diffus\u00e9e sur un angle de 120\u00b0.<\/p><p>Notre bande LED est autocollante pour une installation facile. Elle peut \u00eatre&nbsp;<strong>r\u00e9guli\u00e8re<\/strong>&nbsp;l'intensit\u00e9 des bandes LED<\/p><p>Cette bande LED SMD2835 est \u00e9quip\u00e9e de&nbsp;<strong>120 copeaux par m\u00e8tre<\/strong>avec son&nbsp;<b>IRC &gt;82<\/b>&nbsp;nous obtenons des couleurs tr\u00e8s r\u00e9alistes. Cette bande LED est donc parfaite pour \u00e9clairer des espaces o\u00f9 les couleurs doivent \u00eatre parfaites.<\/p><p>Les&nbsp;<strong>Bande LED<\/strong>&nbsp;peuvent \u00eatre coup\u00e9s et assembl\u00e9s aux endroits indiqu\u00e9s sur la bande (zone de jonction du cuivre), en suivant toujours les instructions correspondantes (veillez \u00e0 ce que le fer \u00e0 souder reste bri\u00e8vement en contact avec la bande lors de la soudure, car une chaleur excessive endommagerait le conducteur).<\/p><p>Afin d'augmenter la dur\u00e9e de vie de la bande LED, il est recommand\u00e9 de ne pas l'endommager.&nbsp;<strong>recommand\u00e9<\/strong>&nbsp;utiliser le ruban adh\u00e9sif double face pour dissipateur thermique, et le placer sur le dessus du&nbsp;<strong>profil\u00e9 en aluminium<\/strong>pour une gestion correcte de la chaleur de la bande LED elle-m\u00eame.<\/p><p>Les bandes LED sont id\u00e9ales pour \u00e9clairer n'importe quel coin ou \u00e9l\u00e9ment de votre entreprise ou de votre maison, gr\u00e2ce \u00e0 leur flexibilit\u00e9. On peut dire que l'un de leurs principaux avantages est leur grande flexibilit\u00e9.&nbsp;<strong>polyvalence d'utilisation<\/strong>&nbsp;Ils peuvent \u00eatre install\u00e9s dans n'importe quelle zone et s'adapter \u00e0 n'importe quel coin, et peuvent donc \u00eatre plac\u00e9s dans n'importe quelle position, gr\u00e2ce \u00e0 leurs caract\u00e9ristiques.&nbsp;<strong>conception lin\u00e9aire adaptable.<\/strong><\/p><h2>\n<strong>Utilisations de la bande LED 220V | 120xLED\/m | 20m | SMD2835 | 1450Lm\/M | 14W\/M | IP67 | Coupure tous les 10cm | 10cm<\/strong><\/h2><ul>\n<li>&nbsp;&nbsp;&nbsp; Dans les biblioth\u00e8ques<\/li>\n<li>&nbsp;&nbsp;&nbsp; Barres<\/li>\n<li>&nbsp;&nbsp;&nbsp; Accueil<\/li>\n<li>&nbsp;&nbsp;&nbsp; Restaurants<\/li>\n<li>&nbsp;&nbsp;&nbsp; Couvertures<\/li>\n<\/ul><h3 class=\"h6\">Fiche technique du produit<\/h3><dl class=\"data-sheet\">\n<dt class=\"name\"><img loading=\"lazy\" decoding=\"async\" src=\"https:\/\/www.factorled.com\/modules\/oa_features\/img\/2-default.jpg\" width=\"32\" height=\"32\">&nbsp;R\u00c9F\u00c9RENCE<\/dt>\n<dd class=\"value\">SP120D14W<\/dd>\n<dt class=\"name\"><img loading=\"lazy\" decoding=\"async\" src=\"https:\/\/www.factorled.com\/modules\/oa_features\/img\/3-default.jpg\" width=\"32\" height=\"32\">&nbsp;Puissance nominale<\/dt>\n<dd class=\"value\">14W<\/dd>\n<dt class=\"name\"><img loading=\"lazy\" decoding=\"async\" src=\"https:\/\/www.factorled.com\/modules\/oa_features\/img\/4-default.jpg\" width=\"32\" height=\"32\">&nbsp;Tension nominale<\/dt>\n<dd class=\"value\">220-240 V AC<\/dd>\n<dt class=\"name\"><img loading=\"lazy\" decoding=\"async\" src=\"https:\/\/www.factorled.com\/modules\/oa_features\/img\/5-default.jpg\" width=\"32\" height=\"32\">&nbsp;Temp\u00e9rature de la lumi\u00e8re<\/dt>\n<dd class=\"value\">2300K - 2700K - 4000K - 6000K<\/dd>\n<dt class=\"name\"><img loading=\"lazy\" decoding=\"async\" src=\"https:\/\/www.factorled.com\/modules\/oa_features\/img\/6-default.jpg\" width=\"32\" height=\"32\">&nbsp;CRI - Indice de rendu des couleurs<\/dt>\n<dd class=\"value\">82<\/dd>\n<dt class=\"name\"><img loading=\"lazy\" decoding=\"async\" src=\"https:\/\/www.factorled.com\/modules\/oa_features\/img\/25-default.jpg\" width=\"32\" height=\"32\">&nbsp;Mat\u00e9riaux de construction<\/dt>\n<dd class=\"value\">Silicone<\/dd>\n<dt class=\"name\"><img loading=\"lazy\" decoding=\"async\" src=\"https:\/\/www.factorled.com\/modules\/oa_features\/img\/8-default.jpg\" width=\"32\" height=\"32\">&nbsp;Luminosit\u00e9-Lm<\/dt>\n<dd class=\"value\">1M : 1540Lm -10M : 15400 Lm - 20M : 30800Lm<\/dd>\n<dt class=\"name\"><img loading=\"lazy\" decoding=\"async\" src=\"https:\/\/www.factorled.com\/modules\/oa_features\/img\/9-default.jpg\" width=\"32\" height=\"32\">&nbsp;Type de LED<\/dt>\n<dd class=\"value\">140 LEDs\/M - SMD2835 BRIDGELUX CHIP<\/dd>\n<dt class=\"name\"><img loading=\"lazy\" decoding=\"async\" src=\"https:\/\/www.factorled.com\/modules\/oa_features\/img\/10-default.jpg\" width=\"32\" height=\"32\">&nbsp;Angle d'ouverture (\u00ba)<\/dt>\n<dd class=\"value\">120\u00ba<\/dd>\n<dt class=\"name\"><img loading=\"lazy\" decoding=\"async\" src=\"https:\/\/www.factorled.com\/modules\/oa_features\/img\/12-default.jpg\" width=\"32\" height=\"32\">&nbsp;Efficacit\u00e9 de la diode LED (Lm\/W)<\/dt>\n<dd class=\"value\">155 Lm\/W<\/dd>\n<dt class=\"name\"><img loading=\"lazy\" decoding=\"async\" src=\"https:\/\/www.factorled.com\/modules\/oa_features\/img\/13-default.jpg\" width=\"32\" height=\"32\">&nbsp;Efficacit\u00e9 lumineuse (Lm\/W)<\/dt>\n<dd class=\"value\">135 Lm\/W<\/dd>\n<dt class=\"name\"><img loading=\"lazy\" decoding=\"async\" src=\"https:\/\/www.factorled.com\/modules\/oa_features\/img\/11-default.jpg\" width=\"32\" height=\"32\">&nbsp;Dimable<\/dt>\n<dd class=\"value\">TRIAC<\/dd>\n<dt class=\"name\"><img loading=\"lazy\" decoding=\"async\" src=\"https:\/\/www.factorled.com\/modules\/oa_features\/img\/15-default.jpg\" width=\"32\" height=\"32\">&nbsp;Certificats<\/dt>\n<dd class=\"value\">CE - ROHS<\/dd>\n<dt class=\"name\"><img loading=\"lazy\" decoding=\"async\" src=\"https:\/\/www.factorled.com\/modules\/oa_features\/img\/16-default.jpg\" width=\"32\" height=\"32\">&nbsp;Indice IP<\/dt>\n<dd class=\"value\">IP67-Ext\u00e9rieur<\/dd>\n<dt class=\"name\"><img loading=\"lazy\" decoding=\"async\" src=\"https:\/\/www.factorled.com\/modules\/oa_features\/img\/17-default.jpg\" width=\"32\" height=\"32\">&nbsp;Dur\u00e9e de vie estim\u00e9e Diode LED (H)<\/dt>\n<dd class=\"value\">100.000<\/dd>\n<dt class=\"name\"><img loading=\"lazy\" decoding=\"async\" src=\"https:\/\/www.factorled.com\/modules\/oa_features\/img\/18-default.jpg\" width=\"32\" height=\"32\">&nbsp;Mesures (Mm)<\/dt>\n<dd class=\"value\">L20m x 12mm x H4,2mm<\/dd>\n<dt class=\"name\"><img loading=\"lazy\" decoding=\"async\" src=\"https:\/\/www.factorled.com\/modules\/oa_features\/img\/20-default.jpg\" width=\"32\" height=\"32\">&nbsp;Facteur de puissance (PF)<\/dt>\n<dd class=\"value\">0,91<\/dd>\n<dt class=\"name\"><img loading=\"lazy\" decoding=\"async\" src=\"https:\/\/www.factorled.com\/modules\/oa_features\/img\/21-default.jpg\" width=\"32\" height=\"32\">&nbsp;Fr\u00e9quence de travail (Hz)<\/dt>\n<dd class=\"value\">50\/60Hz<\/dd>\n<dt class=\"name\"><img loading=\"lazy\" decoding=\"async\" src=\"https:\/\/www.factorled.com\/modules\/oa_features\/img\/22-default.jpg\" width=\"32\" height=\"32\">&nbsp;Plage de temp\u00e9rature (\u00baC)<\/dt>\n<dd class=\"value\">-20\u00b0C ~ +55\u00b0C<\/dd>\n<dt class=\"name\"><img loading=\"lazy\" decoding=\"async\" src=\"https:\/\/www.factorled.com\/modules\/oa_features\/img\/23-default.jpg\" width=\"32\" height=\"32\">&nbsp;Cycles d'allumage<\/dt>\n<dd class=\"value\">100.000<\/dd>\n<dt class=\"name\"><img loading=\"lazy\" decoding=\"async\" src=\"https:\/\/www.factorled.com\/modules\/oa_features\/img\/7-default.jpg\" width=\"32\" height=\"32\">&nbsp;Classe \u00e9nerg\u00e9tique (2021-UE-2019\/2015)<\/dt>\n<dd class=\"value\">A+<\/dd>\n<dt class=\"name\"><img loading=\"lazy\" decoding=\"async\" src=\"https:\/\/www.factorled.com\/modules\/oa_features\/img\/75-default.jpg\" width=\"32\" height=\"32\">&nbsp;Ann\u00e9es de garantie<\/dt>\n<dd class=\"value\">3<\/dd>\n<\/dl><\/h1>","protected":false},"excerpt":{"rendered":"<div class=\"product-reference\"><strong><label class=\"label\">R\u00e9f\u00e9rence :<\/label> SLSP120D14W-91833<\/strong>\n<div><\/div>\n<div class=\"product-description-short\">\n<div id=\"product-description-short-3226\">\n<p><strong>Bande LED<\/strong>&nbsp;<strong>PROFESSIONNELS<\/strong>&nbsp;<strong>14W<\/strong>&nbsp;par m\u00e8tre<strong>,&nbsp;<\/strong>de&nbsp;<strong>220V<\/strong>&nbsp;avec une longueur&nbsp;<strong>20<\/strong>&nbsp;<strong>m\u00e8tres<\/strong>. Con\u00e7u pour une installation \u00e0 l'int\u00e9rieur. Parfait pour \u00e9clairer tous les types d'espaces. Il ne n\u00e9cessite PAS d'alimentation \u00e9lectrique et il est conseill\u00e9 de l'installer sur un profil\u00e9 en aluminium pour une bonne dissipation de la chaleur.<b>&nbsp;10 mm<\/b><\/p>\n<p><b>120 Leds\/m\u00e8tre SMD2835 CHIP haute puissance.<\/b><\/p>\n<p><strong>Temp\u00e9rature de couleur : 2300K\/2<span style=\"font-size: 16px; font-style: normal;\">700K<\/span><span style=\"font-size: 16px;\">\/4000K\/5700K<\/span><\/strong><\/p>\n<\/div>\n<\/div><\/div>","protected":false},"featured_media":12317,"template":"","meta":{"site-sidebar-layout":"default","site-content-layout":"default","ast-global-header-display":"","ast-main-header-display":"","ast-hfb-above-header-display":"","ast-hfb-below-header-display":"","ast-hfb-mobile-header-display":"","site-post-title":"","ast-breadcrumbs-content":"","ast-featured-img":"","footer-sml-layout":"","theme-transparent-header-meta":"default","adv-header-id-meta":"","stick-header-meta":"","header-above-stick-meta":"","header-main-stick-meta":"","header-below-stick-meta":""},"product_cat":[90,45],"product_tag":[],"class_list":["post-12305","product","type-product","status-publish","has-post-thumbnail","hentry","product_cat-tiras-led-220v-240v-ac","product_cat-tiras-led-y-neon-flexible"],"yoast_head":"<!-- This site is optimized with the Yoast SEO plugin v27.4 - https:\/\/yoast.com\/product\/yoast-seo-wordpress\/ -->\n<title>Tira LED 220V | 120xLED\/M | 20m | SMD2835 | 1540Lm\/M | 14W\/M | IP67 | Corte Cada 10cm - STARLED Iluminacion<\/title>\n<meta name=\"robots\" content=\"index, follow, max-snippet:-1, max-image-preview:large, max-video-preview:-1\" \/>\n<link rel=\"canonical\" href=\"https:\/\/starlediluminacion.com\/fr\/product\/tira-led-220v-120xled-m-20m-smd2835-1540lm-m-14w-m-ip67-corte-cada-10cm-2\/\" \/>\n<meta property=\"og:locale\" content=\"fr_FR\" \/>\n<meta property=\"og:type\" content=\"article\" \/>\n<meta property=\"og:title\" content=\"Tira LED 220V | 120xLED\/M | 20m | SMD2835 | 1540Lm\/M | 14W\/M | IP67 | Corte Cada 10cm - STARLED Iluminacion\" \/>\n<meta property=\"og:description\" content=\"Referencia: SLSP120D14W-91833      Tira led\u00a0PROFESIONAL\u00a014W\u00a0por metro,\u00a0de\u00a0220V\u00a0con una longitud\u00a020\u00a0metros.\u00a0Dise\u00f1ada para su colocaci\u00f3n en interior. Perfecta para ILUMINAR todo tipo de espacios. NO requiere de fuente de alimentaci\u00f3n y es conveniente instalarla sobre un perfil de aluminio para conseguir una buena disipaci\u00f3n del calor.\u00a010mm  120 Leds\/metro SMD2835 CHIP de alta potencia.  Temperatura de Color: 2300K\/2700K\/4000K\/5700K\" \/>\n<meta property=\"og:url\" content=\"https:\/\/starlediluminacion.com\/fr\/product\/tira-led-220v-120xled-m-20m-smd2835-1540lm-m-14w-m-ip67-corte-cada-10cm-2\/\" \/>\n<meta property=\"og:site_name\" content=\"STARLED Iluminacion\" \/>\n<meta property=\"article:modified_time\" content=\"2024-06-16T14:49:18+00:00\" \/>\n<meta property=\"og:image\" content=\"https:\/\/starlediluminacion.com\/wp-content\/uploads\/2024\/01\/tira-led-220v-20m-smd2835-1540lmm-14wm-ip67-corte-cada-10cm.jpg\" \/>\n\t<meta property=\"og:image:width\" content=\"744\" \/>\n\t<meta property=\"og:image:height\" content=\"800\" \/>\n\t<meta property=\"og:image:type\" content=\"image\/jpeg\" \/>\n<meta name=\"twitter:card\" content=\"summary_large_image\" \/>\n<meta name=\"twitter:label1\" content=\"Dur\u00e9e de lecture estim\u00e9e\" \/>\n\t<meta name=\"twitter:data1\" content=\"2 minutes\" \/>\n<script type=\"application\/ld+json\" class=\"yoast-schema-graph\">{\"@context\":\"https:\\\/\\\/schema.org\",\"@graph\":[{\"@type\":\"WebPage\",\"@id\":\"https:\\\/\\\/starlediluminacion.com\\\/pt\\\/product\\\/tira-led-220v-120xled-m-20m-smd2835-1540lm-m-14w-m-ip67-corte-cada-10cm-2\\\/\",\"url\":\"https:\\\/\\\/starlediluminacion.com\\\/pt\\\/product\\\/tira-led-220v-120xled-m-20m-smd2835-1540lm-m-14w-m-ip67-corte-cada-10cm-2\\\/\",\"name\":\"Tira LED 220V | 120xLED\\\/M | 20m | SMD2835 | 1540Lm\\\/M | 14W\\\/M | IP67 | Corte Cada 10cm - STARLED Iluminacion\",\"isPartOf\":{\"@id\":\"https:\\\/\\\/starlediluminacion.com\\\/#website\"},\"primaryImageOfPage\":{\"@id\":\"https:\\\/\\\/starlediluminacion.com\\\/pt\\\/product\\\/tira-led-220v-120xled-m-20m-smd2835-1540lm-m-14w-m-ip67-corte-cada-10cm-2\\\/#primaryimage\"},\"image\":{\"@id\":\"https:\\\/\\\/starlediluminacion.com\\\/pt\\\/product\\\/tira-led-220v-120xled-m-20m-smd2835-1540lm-m-14w-m-ip67-corte-cada-10cm-2\\\/#primaryimage\"},\"thumbnailUrl\":\"https:\\\/\\\/starlediluminacion.com\\\/wp-content\\\/uploads\\\/2024\\\/01\\\/tira-led-220v-20m-smd2835-1540lmm-14wm-ip67-corte-cada-10cm.jpg\",\"datePublished\":\"2024-01-04T15:06:47+00:00\",\"dateModified\":\"2024-06-16T14:49:18+00:00\",\"breadcrumb\":{\"@id\":\"https:\\\/\\\/starlediluminacion.com\\\/pt\\\/product\\\/tira-led-220v-120xled-m-20m-smd2835-1540lm-m-14w-m-ip67-corte-cada-10cm-2\\\/#breadcrumb\"},\"inLanguage\":\"fr-FR\",\"potentialAction\":[{\"@type\":\"ReadAction\",\"target\":[\"https:\\\/\\\/starlediluminacion.com\\\/pt\\\/product\\\/tira-led-220v-120xled-m-20m-smd2835-1540lm-m-14w-m-ip67-corte-cada-10cm-2\\\/\"]}]},{\"@type\":\"ImageObject\",\"inLanguage\":\"fr-FR\",\"@id\":\"https:\\\/\\\/starlediluminacion.com\\\/pt\\\/product\\\/tira-led-220v-120xled-m-20m-smd2835-1540lm-m-14w-m-ip67-corte-cada-10cm-2\\\/#primaryimage\",\"url\":\"https:\\\/\\\/starlediluminacion.com\\\/wp-content\\\/uploads\\\/2024\\\/01\\\/tira-led-220v-20m-smd2835-1540lmm-14wm-ip67-corte-cada-10cm.jpg\",\"contentUrl\":\"https:\\\/\\\/starlediluminacion.com\\\/wp-content\\\/uploads\\\/2024\\\/01\\\/tira-led-220v-20m-smd2835-1540lmm-14wm-ip67-corte-cada-10cm.jpg\",\"width\":744,\"height\":800},{\"@type\":\"BreadcrumbList\",\"@id\":\"https:\\\/\\\/starlediluminacion.com\\\/pt\\\/product\\\/tira-led-220v-120xled-m-20m-smd2835-1540lm-m-14w-m-ip67-corte-cada-10cm-2\\\/#breadcrumb\",\"itemListElement\":[{\"@type\":\"ListItem\",\"position\":1,\"name\":\"Portada\",\"item\":\"https:\\\/\\\/starlediluminacion.com\\\/\"},{\"@type\":\"ListItem\",\"position\":2,\"name\":\"Shop\",\"item\":\"https:\\\/\\\/starlediluminacion.com\\\/shop-2\\\/\"},{\"@type\":\"ListItem\",\"position\":3,\"name\":\"Tira LED 220V | 120xLED\\\/M | 20m | SMD2835 | 1540Lm\\\/M | 14W\\\/M | IP67 | Corte Cada 10cm\"}]},{\"@type\":\"WebSite\",\"@id\":\"https:\\\/\\\/starlediluminacion.com\\\/#website\",\"url\":\"https:\\\/\\\/starlediluminacion.com\\\/\",\"name\":\"STARLED Iluminacion\",\"description\":\"\",\"potentialAction\":[{\"@type\":\"SearchAction\",\"target\":{\"@type\":\"EntryPoint\",\"urlTemplate\":\"https:\\\/\\\/starlediluminacion.com\\\/?s={search_term_string}\"},\"query-input\":{\"@type\":\"PropertyValueSpecification\",\"valueRequired\":true,\"valueName\":\"search_term_string\"}}],\"inLanguage\":\"fr-FR\"}]}<\/script>\n<!-- \/ Yoast SEO plugin. -->","yoast_head_json":{"title":"Tira LED 220V | 120xLED\/M | 20m | SMD2835 | 1540Lm\/M | 14W\/M | IP67 | Corte Cada 10cm - STARLED Iluminacion","robots":{"index":"index","follow":"follow","max-snippet":"max-snippet:-1","max-image-preview":"max-image-preview:large","max-video-preview":"max-video-preview:-1"},"canonical":"https:\/\/starlediluminacion.com\/fr\/product\/tira-led-220v-120xled-m-20m-smd2835-1540lm-m-14w-m-ip67-corte-cada-10cm-2\/","og_locale":"fr_FR","og_type":"article","og_title":"Tira LED 220V | 120xLED\/M | 20m | SMD2835 | 1540Lm\/M | 14W\/M | IP67 | Corte Cada 10cm - STARLED Iluminacion","og_description":"Referencia: SLSP120D14W-91833      Tira led\u00a0PROFESIONAL\u00a014W\u00a0por metro,\u00a0de\u00a0220V\u00a0con una longitud\u00a020\u00a0metros.\u00a0Dise\u00f1ada para su colocaci\u00f3n en interior. Perfecta para ILUMINAR todo tipo de espacios. NO requiere de fuente de alimentaci\u00f3n y es conveniente instalarla sobre un perfil de aluminio para conseguir una buena disipaci\u00f3n del calor.\u00a010mm  120 Leds\/metro SMD2835 CHIP de alta potencia.  Temperatura de Color: 2300K\/2700K\/4000K\/5700K","og_url":"https:\/\/starlediluminacion.com\/fr\/product\/tira-led-220v-120xled-m-20m-smd2835-1540lm-m-14w-m-ip67-corte-cada-10cm-2\/","og_site_name":"STARLED Iluminacion","article_modified_time":"2024-06-16T14:49:18+00:00","og_image":[{"width":744,"height":800,"url":"https:\/\/starlediluminacion.com\/wp-content\/uploads\/2024\/01\/tira-led-220v-20m-smd2835-1540lmm-14wm-ip67-corte-cada-10cm.jpg","type":"image\/jpeg"}],"twitter_card":"summary_large_image","twitter_misc":{"Dur\u00e9e de lecture estim\u00e9e":"2 minutes"},"schema":{"@context":"https:\/\/schema.org","@graph":[{"@type":"WebPage","@id":"https:\/\/starlediluminacion.com\/pt\/product\/tira-led-220v-120xled-m-20m-smd2835-1540lm-m-14w-m-ip67-corte-cada-10cm-2\/","url":"https:\/\/starlediluminacion.com\/pt\/product\/tira-led-220v-120xled-m-20m-smd2835-1540lm-m-14w-m-ip67-corte-cada-10cm-2\/","name":"Tira LED 220V | 120xLED\/M | 20m | SMD2835 | 1540Lm\/M | 14W\/M | IP67 | Corte Cada 10cm - STARLED Iluminacion","isPartOf":{"@id":"https:\/\/starlediluminacion.com\/#website"},"primaryImageOfPage":{"@id":"https:\/\/starlediluminacion.com\/pt\/product\/tira-led-220v-120xled-m-20m-smd2835-1540lm-m-14w-m-ip67-corte-cada-10cm-2\/#primaryimage"},"image":{"@id":"https:\/\/starlediluminacion.com\/pt\/product\/tira-led-220v-120xled-m-20m-smd2835-1540lm-m-14w-m-ip67-corte-cada-10cm-2\/#primaryimage"},"thumbnailUrl":"https:\/\/starlediluminacion.com\/wp-content\/uploads\/2024\/01\/tira-led-220v-20m-smd2835-1540lmm-14wm-ip67-corte-cada-10cm.jpg","datePublished":"2024-01-04T15:06:47+00:00","dateModified":"2024-06-16T14:49:18+00:00","breadcrumb":{"@id":"https:\/\/starlediluminacion.com\/pt\/product\/tira-led-220v-120xled-m-20m-smd2835-1540lm-m-14w-m-ip67-corte-cada-10cm-2\/#breadcrumb"},"inLanguage":"fr-FR","potentialAction":[{"@type":"ReadAction","target":["https:\/\/starlediluminacion.com\/pt\/product\/tira-led-220v-120xled-m-20m-smd2835-1540lm-m-14w-m-ip67-corte-cada-10cm-2\/"]}]},{"@type":"ImageObject","inLanguage":"fr-FR","@id":"https:\/\/starlediluminacion.com\/pt\/product\/tira-led-220v-120xled-m-20m-smd2835-1540lm-m-14w-m-ip67-corte-cada-10cm-2\/#primaryimage","url":"https:\/\/starlediluminacion.com\/wp-content\/uploads\/2024\/01\/tira-led-220v-20m-smd2835-1540lmm-14wm-ip67-corte-cada-10cm.jpg","contentUrl":"https:\/\/starlediluminacion.com\/wp-content\/uploads\/2024\/01\/tira-led-220v-20m-smd2835-1540lmm-14wm-ip67-corte-cada-10cm.jpg","width":744,"height":800},{"@type":"BreadcrumbList","@id":"https:\/\/starlediluminacion.com\/pt\/product\/tira-led-220v-120xled-m-20m-smd2835-1540lm-m-14w-m-ip67-corte-cada-10cm-2\/#breadcrumb","itemListElement":[{"@type":"ListItem","position":1,"name":"Portada","item":"https:\/\/starlediluminacion.com\/"},{"@type":"ListItem","position":2,"name":"Shop","item":"https:\/\/starlediluminacion.com\/shop-2\/"},{"@type":"ListItem","position":3,"name":"Tira LED 220V | 120xLED\/M | 20m | SMD2835 | 1540Lm\/M | 14W\/M | IP67 | Corte Cada 10cm"}]},{"@type":"WebSite","@id":"https:\/\/starlediluminacion.com\/#website","url":"https:\/\/starlediluminacion.com\/","name":"STARLED Iluminacion","description":"","potentialAction":[{"@type":"SearchAction","target":{"@type":"EntryPoint","urlTemplate":"https:\/\/starlediluminacion.com\/?s={search_term_string}"},"query-input":{"@type":"PropertyValueSpecification","valueRequired":true,"valueName":"search_term_string"}}],"inLanguage":"fr-FR"}]}},"_links":{"self":[{"href":"https:\/\/starlediluminacion.com\/fr\/wp-json\/wp\/v3\/product\/12305","targetHints":{"allow":["GET"]}}],"collection":[{"href":"https:\/\/starlediluminacion.com\/fr\/wp-json\/wp\/v3\/product"}],"about":[{"href":"https:\/\/starlediluminacion.com\/fr\/wp-json\/wp\/v2\/types\/product"}],"wp:featuredmedia":[{"embeddable":true,"href":"https:\/\/starlediluminacion.com\/fr\/wp-json\/wp\/v2\/media\/12317"}],"wp:attachment":[{"href":"https:\/\/starlediluminacion.com\/fr\/wp-json\/wp\/v2\/media?parent=12305"}],"wp:term":[{"taxonomy":"product_cat","embeddable":true,"href":"https:\/\/starlediluminacion.com\/fr\/wp-json\/wp\/v2\/product_cat?post=12305"},{"taxonomy":"product_tag","embeddable":true,"href":"https:\/\/starlediluminacion.com\/fr\/wp-json\/wp\/v2\/product_tag?post=12305"}],"curies":[{"name":"wp","href":"https:\/\/api.w.org\/{rel}","templated":true}]}}