{"id":12283,"date":"2024-01-04T14:50:40","date_gmt":"2024-01-04T14:50:40","guid":{"rendered":"https:\/\/starlediluminacion.com\/?post_type=product&#038;p=12283"},"modified":"2024-03-28T12:45:23","modified_gmt":"2024-03-28T12:45:23","slug":"farola-led-solar-3x1-500lm-con-sensor-de-movimiento","status":"publish","type":"product","link":"https:\/\/starlediluminacion.com\/fr\/product\/lampadaire-led-solaire-3x1-500lm-avec-detecteur-de-motion\/","title":{"rendered":"<p>Lampadaire solaire \u00e0 LED 3X1 - 500Lm - Avec d\u00e9tecteur de mouvement<\/p>"},"content":{"rendered":"<h1>Lampadaire solaire LED 3X1 - 500Lm - avec d\u00e9tecteur de mouvement<p>Le lampadaire 3\u00d71 Solar LED est une solution innovante et durable qui fournit un \u00e9clairage efficace et respectueux de l'environnement. Con\u00e7u pour s'adapter \u00e0 une grande vari\u00e9t\u00e9 d'installations, ce luminaire polyvalent peut \u00eatre mont\u00e9 de trois mani\u00e8res diff\u00e9rentes : sur le mur, sur une colonne de lampadaire \u00e0 LED ou sur un support de lampadaire \u00e0 LED avec d\u00e9tecteur de mouvement.<\/p><p>Sa source d'\u00e9nergie provient de panneaux solaires int\u00e9gr\u00e9s, ce qui en fait une option \u00e9cologique en exploitant l'\u00e9nergie solaire pour alimenter ses LED \u00e0 haute efficacit\u00e9. Cela contribue non seulement \u00e0 la conservation des ressources, mais aussi \u00e0 une r\u00e9duction significative des co\u00fbts \u00e9nerg\u00e9tiques au fil du temps.<\/p><p>La conception modulaire et robuste du lampadaire Solar LED garantit une installation facile et une durabilit\u00e9 \u00e0 long terme. Sa capacit\u00e9 \u00e0 s'adapter \u00e0 diff\u00e9rents emplacements en fait un choix polyvalent pour l'\u00e9clairage des rues, des parcs, des jardins et des zones r\u00e9sidentielles.<\/p><p>Le d\u00e9tecteur de mouvement int\u00e9gr\u00e9 ajoute un niveau d'efficacit\u00e9 suppl\u00e9mentaire en n'activant l'\u00e9clairage que lorsqu'un mouvement est d\u00e9tect\u00e9, ce qui permet non seulement d'\u00e9conomiser de l'\u00e9nergie, mais aussi de renforcer la s\u00e9curit\u00e9 en \u00e9clairant automatiquement les zones en cas de besoin.<\/p><p>Avec son style moderne et attrayant, ce lampadaire Solar LED r\u00e9pond non seulement aux normes d'efficacit\u00e9 \u00e9nerg\u00e9tique, mais ajoute \u00e9galement une touche esth\u00e9tique \u00e0 tout environnement. D\u00e9couvrez la combinaison parfaite entre fonctionnalit\u00e9, durabilit\u00e9 et design avec le lampadaire Solar LED qui s'adapte \u00e0 vos besoins d'\u00e9clairage.<\/p><p>En outre, vous pouvez b\u00e9n\u00e9ficier des avantages de la&nbsp;<strong>Lampadaire 3X1<\/strong>&nbsp;Gr\u00e2ce \u00e0 sa technologie LED avanc\u00e9e, vous obtiendrez une grande luminosit\u00e9.<\/p><ol>\n<li>\u00c9conomies sur les co\u00fbts de maintenance.<\/li>\n<li>Id\u00e9al pour remplacer les anciens lampadaires.<\/li>\n<li>Il dispose d'une protection&nbsp;<strong>IP65.<\/strong><\/li>\n<li>Aucune alimentation externe n'est n\u00e9cessaire.<\/li>\n<li>Aucun c\u00e2blage n'est n\u00e9cessaire.<\/li>\n<\/ol><p>Utiliser un&nbsp;<strong>l'\u00e9nergie<\/strong>&nbsp;propre et&nbsp;<strong>renouvelable<\/strong>&nbsp;car ce panneau capte la chaleur produite par le soleil pendant la journ\u00e9e et la convertit en \u00e9nergie, chargeant ainsi sa batterie, et la nuit, le module LED s'allume en utilisant l'\u00e9nergie stock\u00e9e.<\/p><p>L'installation est tr\u00e8s simple.<\/p><p>La polyvalence de l'installation permet \u00e0 la lanterne de s'int\u00e9grer parfaitement dans n'importe quel environnement. Elle peut \u00eatre fix\u00e9e au mur pour \u00e9clairer des zones sp\u00e9cifiques, sur une colonne pour un \u00e9clairage plus large et plus cibl\u00e9, ou sur un support de lanterne LED pour mettre en valeur les all\u00e9es et les zones ext\u00e9rieures.<\/p><p>Une fois install\u00e9, il suffit d'attendre que le soleil charge ses batteries et la nuit, il s'allume automatiquement, afin de vous offrir la lumi\u00e8re dont vous avez besoin \u00e0 l'endroit o\u00f9 vous l'avez install\u00e9. Il s'\u00e9teint \u00e9galement automatiquement lorsqu'il d\u00e9tecte le lever du soleil.<\/p><p>Achetez-le d\u00e8s maintenant dans notre boutique en ligne, ne le manquez pas et commencez \u00e0 vous faire plaisir.&nbsp;<strong>SAUVEGARDE !<\/strong><\/p><h3><strong>Fonctionnement du lampadaire solaire :<\/strong><\/h3><ul>\n<li>Fonctionnement normal \u00e0 20% et, en cas de d\u00e9tection de pr\u00e9sence, fonctionnement \u00e0 100% pendant environ 15 secondes.<\/li>\n<\/ul><h2>Utilisations du produit<\/h2><ul>\n<li>Jardins<\/li>\n<li>Parcs publics<\/li>\n<li>Routes<\/li>\n<li>Rues<\/li>\n<li>Lieux ?<\/li>\n<\/ul><h3 class=\"h6\">Fiche technique du produit<\/h3><dl class=\"data-sheet\">\n<dt class=\"name\"><img loading=\"lazy\" decoding=\"async\" src=\"https:\/\/www.factorled.com\/modules\/oa_features\/img\/2-default.jpg\" width=\"32\" height=\"32\">&nbsp;R\u00c9F\u00c9RENCE<\/dt>\n<dd class=\"value\">SL-CW-91798<\/dd>\n<dt class=\"name\"><img loading=\"lazy\" decoding=\"async\" src=\"https:\/\/www.factorled.com\/modules\/oa_features\/img\/3-default.jpg\" width=\"32\" height=\"32\">&nbsp;Puissance nominale<\/dt>\n<dd class=\"value\">4W<\/dd>\n<dt class=\"name\"><img loading=\"lazy\" decoding=\"async\" src=\"https:\/\/www.factorled.com\/modules\/oa_features\/img\/4-default.jpg\" width=\"32\" height=\"32\">&nbsp;Tension nominale<\/dt>\n<dd class=\"value\">3,7V 6A Li-ion<\/dd>\n<dt class=\"name\"><img loading=\"lazy\" decoding=\"async\" src=\"https:\/\/www.factorled.com\/modules\/oa_features\/img\/5-default.jpg\" width=\"32\" height=\"32\">&nbsp;Temp\u00e9rature de la lumi\u00e8re<\/dt>\n<dd class=\"value\">6000K<\/dd>\n<dt class=\"name\"><img loading=\"lazy\" decoding=\"async\" src=\"https:\/\/www.factorled.com\/modules\/oa_features\/img\/6-default.jpg\" width=\"32\" height=\"32\">&nbsp;CRI - Indice de rendu des couleurs<\/dt>\n<dd class=\"value\">72<\/dd>\n<dt class=\"name\"><img loading=\"lazy\" decoding=\"async\" src=\"https:\/\/www.factorled.com\/modules\/oa_features\/img\/25-default.jpg\" width=\"32\" height=\"32\">&nbsp;Mat\u00e9riaux de construction<\/dt>\n<dd class=\"value\">Aluminium +PC<\/dd>\n<dt class=\"name\"><img loading=\"lazy\" decoding=\"async\" src=\"https:\/\/www.factorled.com\/modules\/oa_features\/img\/8-default.jpg\" width=\"32\" height=\"32\">&nbsp;Luminosit\u00e9-Lm<\/dt>\n<dd class=\"value\">520Lm<\/dd>\n<dt class=\"name\"><img loading=\"lazy\" decoding=\"async\" src=\"https:\/\/www.factorled.com\/modules\/oa_features\/img\/9-default.jpg\" width=\"32\" height=\"32\">&nbsp;Type de LED<\/dt>\n<dd class=\"value\">SMD 2835<\/dd>\n<dt class=\"name\"><img loading=\"lazy\" decoding=\"async\" src=\"https:\/\/www.factorled.com\/modules\/oa_features\/img\/10-default.jpg\" width=\"32\" height=\"32\">&nbsp;Angle d'ouverture (\u00ba)<\/dt>\n<dd class=\"value\">90\u00ba x 110\u00ba.<\/dd>\n<dt class=\"name\"><img loading=\"lazy\" decoding=\"async\" src=\"https:\/\/www.factorled.com\/modules\/oa_features\/img\/15-default.jpg\" width=\"32\" height=\"32\">&nbsp;Certificats<\/dt>\n<dd class=\"value\">CE - ROHS<\/dd>\n<dt class=\"name\"><img loading=\"lazy\" decoding=\"async\" src=\"https:\/\/www.factorled.com\/modules\/oa_features\/img\/16-default.jpg\" width=\"32\" height=\"32\">&nbsp;Indice IP<\/dt>\n<dd class=\"value\">IP65-Ext\u00e9rieur<\/dd>\n<dt class=\"name\"><img loading=\"lazy\" decoding=\"async\" src=\"https:\/\/www.factorled.com\/modules\/oa_features\/img\/17-default.jpg\" width=\"32\" height=\"32\">&nbsp;Dur\u00e9e de vie estim\u00e9e Diode LED (H)<\/dt>\n<dd class=\"value\">100.000<\/dd>\n<dt class=\"name\"><img loading=\"lazy\" decoding=\"async\" src=\"https:\/\/www.factorled.com\/modules\/oa_features\/img\/18-default.jpg\" width=\"32\" height=\"32\">&nbsp;Mesures (Mm)<\/dt>\n<dd class=\"value\">430x195x70mm<\/dd>\n<dt class=\"name\"><img loading=\"lazy\" decoding=\"async\" src=\"https:\/\/www.factorled.com\/modules\/oa_features\/img\/22-default.jpg\" width=\"32\" height=\"32\">&nbsp;Plage de temp\u00e9rature (\u00baC)<\/dt>\n<dd class=\"value\">-20\u00baC - +40\u00baC<\/dd>\n<dt class=\"name\"><img loading=\"lazy\" decoding=\"async\" src=\"https:\/\/www.factorled.com\/modules\/oa_features\/img\/24-default.jpg\" width=\"32\" height=\"32\">&nbsp;Temps de d\u00e9marrage (S)<\/dt>\n<dd class=\"value\">0,2s<\/dd>\n<dt class=\"name\"><img loading=\"lazy\" decoding=\"async\" src=\"https:\/\/www.factorled.com\/modules\/oa_features\/img\/26-default.jpg\" width=\"32\" height=\"32\">&nbsp;Informations compl\u00e9mentaires<\/dt>\n<dd class=\"value\">Panneau solaire : Monocristallin Classe : A - 9V 20W<\/dd>\n<dt class=\"name\"><img loading=\"lazy\" decoding=\"async\" src=\"https:\/\/www.factorled.com\/modules\/oa_features\/img\/28-default.jpg\" width=\"32\" height=\"32\">&nbsp;Mat\u00e9riau de la batterie<\/dt>\n<dd class=\"value\">LiFePO4 - Lithium-Ferrophosphate -LPF 16AH 6.4V<\/dd>\n<dt class=\"name\"><img loading=\"lazy\" decoding=\"async\" src=\"https:\/\/www.factorled.com\/modules\/oa_features\/img\/29-default.jpg\" width=\"32\" height=\"32\">&nbsp;Temps de d\u00e9charge (H)<\/dt>\n<dd class=\"value\">24h (2 jours)<\/dd>\n<dt class=\"name\"><img loading=\"lazy\" decoding=\"async\" src=\"https:\/\/www.factorled.com\/modules\/oa_features\/img\/37-default.jpg\" width=\"32\" height=\"32\">&nbsp;Modes de contr\u00f4le<\/dt>\n<dd class=\"value\">RADAR<\/dd>\n<dt class=\"name\"><img loading=\"lazy\" decoding=\"async\" src=\"https:\/\/www.factorled.com\/modules\/oa_features\/img\/73-default.jpg\" width=\"32\" height=\"32\">&nbsp;Protection contre les chocs (IK)<\/dt>\n<dd class=\"value\">IK10<\/dd>\n<dt class=\"name\"><img loading=\"lazy\" decoding=\"async\" src=\"https:\/\/www.factorled.com\/modules\/oa_features\/img\/101-default.jpg\" width=\"32\" height=\"32\">&nbsp;Classe \u00e9nerg\u00e9tique (2023 - EU-2019\/2015)<\/dt>\n<dd class=\"value\">A<\/dd>\n<dt class=\"name\"><img loading=\"lazy\" decoding=\"async\" src=\"https:\/\/www.factorled.com\/modules\/oa_features\/img\/75-default.jpg\" width=\"32\" height=\"32\">&nbsp;Ann\u00e9es de garantie<\/dt>\n<dd class=\"value\">3 ans<\/dd>\n<dt class=\"name\"><img loading=\"lazy\" decoding=\"async\" src=\"https:\/\/www.factorled.com\/modules\/oa_features\/img\/78-default.jpg\" width=\"32\" height=\"32\">&nbsp;Temps de mise sous tension<\/dt>\n<dd class=\"value\">D\u00e9tecteur Normal : 20% - Avec des personnes : 100% 15s.<\/dd>\n<\/dl><\/h1>","protected":false},"excerpt":{"rendered":"<div class=\"product-reference\"><strong><label class=\"label\">R\u00e9f\u00e9rence :<\/label> SLSL-CW-91798<\/strong>\n<div><\/div>\n<div class=\"product-description-short\">\n<div id=\"product-description-short-3220\">\n<p>Notre&nbsp;<strong>Lampadaire solaire 3X1<\/strong>&nbsp;La polyvalence de l'installation permet \u00e0 la lanterne de s'int\u00e9grer parfaitement dans n'importe quel environnement. Elle peut \u00eatre fix\u00e9e au mur pour \u00e9clairer des zones sp\u00e9cifiques, sur une colonne pour un \u00e9clairage plus large et plus cibl\u00e9, ou sur un support de lanterne LED pour mettre en valeur les all\u00e9es et les zones ext\u00e9rieures. Fabriqu\u00e9e \u00e0 partir de mat\u00e9riaux r\u00e9sistants aux intemp\u00e9ries, cette lanterne pr\u00e9sente un design \u00e9l\u00e9gant qui allie fonctionnalit\u00e9 et esth\u00e9tique. Sa construction robuste garantit une longue dur\u00e9e de vie et une r\u00e9sistance aux conditions m\u00e9t\u00e9orologiques d\u00e9favorables.<\/p>\n<\/div>\n<\/div><\/div>","protected":false},"featured_media":12289,"template":"","meta":{"site-sidebar-layout":"default","site-content-layout":"default","ast-global-header-display":"","ast-main-header-display":"","ast-hfb-above-header-display":"","ast-hfb-below-header-display":"","ast-hfb-mobile-header-display":"","site-post-title":"","ast-breadcrumbs-content":"","ast-featured-img":"","footer-sml-layout":"","theme-transparent-header-meta":"default","adv-header-id-meta":"","stick-header-meta":"","header-above-stick-meta":"","header-main-stick-meta":"","header-below-stick-meta":""},"product_cat":[97,30],"product_tag":[],"class_list":["post-12283","product","type-product","status-publish","has-post-thumbnail","hentry","product_cat-farolas-led-solares","product_cat-iluminacion-publica-y-vial"],"yoast_head":"<!-- This site is optimized with the Yoast SEO plugin v27.4 - https:\/\/yoast.com\/product\/yoast-seo-wordpress\/ -->\n<title>Farola LED Solar 3X1 - 500Lm - Con Sensor De Movimiento - STARLED Iluminacion<\/title>\n<meta name=\"robots\" content=\"index, follow, max-snippet:-1, max-image-preview:large, max-video-preview:-1\" \/>\n<link rel=\"canonical\" href=\"https:\/\/starlediluminacion.com\/fr\/product\/lampadaire-led-solaire-3x1-500lm-avec-detecteur-de-motion\/\" \/>\n<meta property=\"og:locale\" content=\"fr_FR\" \/>\n<meta property=\"og:type\" content=\"article\" \/>\n<meta property=\"og:title\" content=\"Farola LED Solar 3X1 - 500Lm - Con Sensor De Movimiento - STARLED Iluminacion\" \/>\n<meta property=\"og:description\" content=\"Referencia: SLSL-CW-91798      Nuestra\u00a0Farola Solar 3X1\u00a0tiene la versatilidad de instalaci\u00f3n permite que la farola se adapte perfectamente a cualquier entorno. Puede ser montada en la pared para iluminar \u00e1reas espec\u00edficas, en una columna para una iluminaci\u00f3n m\u00e1s amplia y focalizada, o en un soporte para farola LED para destacar caminos y \u00e1reas al aire libre.\u00a0Fabricada con materiales resistentes a la intemperie, esta farola presenta un dise\u00f1o estilizado que combina funcionalidad y est\u00e9tica. Su construcci\u00f3n robusta garantiza una larga vida \u00fatil y resistencia a las condiciones clim\u00e1ticas adversas.\" \/>\n<meta property=\"og:url\" content=\"https:\/\/starlediluminacion.com\/fr\/product\/lampadaire-led-solaire-3x1-500lm-avec-detecteur-de-motion\/\" \/>\n<meta property=\"og:site_name\" content=\"STARLED Iluminacion\" \/>\n<meta property=\"article:modified_time\" content=\"2024-03-28T12:45:23+00:00\" \/>\n<meta property=\"og:image\" content=\"https:\/\/starlediluminacion.com\/wp-content\/uploads\/2024\/01\/farola-led-4w-solar-3x1-con-sensor-de-movimiento.jpg\" \/>\n\t<meta property=\"og:image:width\" content=\"744\" \/>\n\t<meta property=\"og:image:height\" content=\"800\" \/>\n\t<meta property=\"og:image:type\" content=\"image\/jpeg\" \/>\n<meta name=\"twitter:card\" content=\"summary_large_image\" \/>\n<meta name=\"twitter:label1\" content=\"Dur\u00e9e de lecture estim\u00e9e\" \/>\n\t<meta name=\"twitter:data1\" content=\"3 minutes\" \/>\n<script type=\"application\/ld+json\" class=\"yoast-schema-graph\">{\"@context\":\"https:\\\/\\\/schema.org\",\"@graph\":[{\"@type\":\"WebPage\",\"@id\":\"https:\\\/\\\/starlediluminacion.com\\\/producto\\\/farola-led-solar-3x1-500lm-con-sensor-de-movimiento\\\/\",\"url\":\"https:\\\/\\\/starlediluminacion.com\\\/producto\\\/farola-led-solar-3x1-500lm-con-sensor-de-movimiento\\\/\",\"name\":\"Farola LED Solar 3X1 - 500Lm - Con Sensor De Movimiento - STARLED Iluminacion\",\"isPartOf\":{\"@id\":\"https:\\\/\\\/starlediluminacion.com\\\/#website\"},\"primaryImageOfPage\":{\"@id\":\"https:\\\/\\\/starlediluminacion.com\\\/producto\\\/farola-led-solar-3x1-500lm-con-sensor-de-movimiento\\\/#primaryimage\"},\"image\":{\"@id\":\"https:\\\/\\\/starlediluminacion.com\\\/producto\\\/farola-led-solar-3x1-500lm-con-sensor-de-movimiento\\\/#primaryimage\"},\"thumbnailUrl\":\"https:\\\/\\\/starlediluminacion.com\\\/wp-content\\\/uploads\\\/2024\\\/01\\\/farola-led-4w-solar-3x1-con-sensor-de-movimiento.jpg\",\"datePublished\":\"2024-01-04T14:50:40+00:00\",\"dateModified\":\"2024-03-28T12:45:23+00:00\",\"breadcrumb\":{\"@id\":\"https:\\\/\\\/starlediluminacion.com\\\/producto\\\/farola-led-solar-3x1-500lm-con-sensor-de-movimiento\\\/#breadcrumb\"},\"inLanguage\":\"fr-FR\",\"potentialAction\":[{\"@type\":\"ReadAction\",\"target\":[\"https:\\\/\\\/starlediluminacion.com\\\/producto\\\/farola-led-solar-3x1-500lm-con-sensor-de-movimiento\\\/\"]}]},{\"@type\":\"ImageObject\",\"inLanguage\":\"fr-FR\",\"@id\":\"https:\\\/\\\/starlediluminacion.com\\\/producto\\\/farola-led-solar-3x1-500lm-con-sensor-de-movimiento\\\/#primaryimage\",\"url\":\"https:\\\/\\\/starlediluminacion.com\\\/wp-content\\\/uploads\\\/2024\\\/01\\\/farola-led-4w-solar-3x1-con-sensor-de-movimiento.jpg\",\"contentUrl\":\"https:\\\/\\\/starlediluminacion.com\\\/wp-content\\\/uploads\\\/2024\\\/01\\\/farola-led-4w-solar-3x1-con-sensor-de-movimiento.jpg\",\"width\":744,\"height\":800},{\"@type\":\"BreadcrumbList\",\"@id\":\"https:\\\/\\\/starlediluminacion.com\\\/producto\\\/farola-led-solar-3x1-500lm-con-sensor-de-movimiento\\\/#breadcrumb\",\"itemListElement\":[{\"@type\":\"ListItem\",\"position\":1,\"name\":\"Portada\",\"item\":\"https:\\\/\\\/starlediluminacion.com\\\/\"},{\"@type\":\"ListItem\",\"position\":2,\"name\":\"Shop\",\"item\":\"https:\\\/\\\/starlediluminacion.com\\\/shop-2\\\/\"},{\"@type\":\"ListItem\",\"position\":3,\"name\":\"Farola LED Solar 3X1 &#8211; 500Lm &#8211; Con Sensor De Movimiento\"}]},{\"@type\":\"WebSite\",\"@id\":\"https:\\\/\\\/starlediluminacion.com\\\/#website\",\"url\":\"https:\\\/\\\/starlediluminacion.com\\\/\",\"name\":\"STARLED Iluminacion\",\"description\":\"\",\"potentialAction\":[{\"@type\":\"SearchAction\",\"target\":{\"@type\":\"EntryPoint\",\"urlTemplate\":\"https:\\\/\\\/starlediluminacion.com\\\/?s={search_term_string}\"},\"query-input\":{\"@type\":\"PropertyValueSpecification\",\"valueRequired\":true,\"valueName\":\"search_term_string\"}}],\"inLanguage\":\"fr-FR\"}]}<\/script>\n<!-- \/ Yoast SEO plugin. -->","yoast_head_json":{"title":"Farola LED Solar 3X1 - 500Lm - Con Sensor De Movimiento - STARLED Iluminacion","robots":{"index":"index","follow":"follow","max-snippet":"max-snippet:-1","max-image-preview":"max-image-preview:large","max-video-preview":"max-video-preview:-1"},"canonical":"https:\/\/starlediluminacion.com\/fr\/product\/lampadaire-led-solaire-3x1-500lm-avec-detecteur-de-motion\/","og_locale":"fr_FR","og_type":"article","og_title":"Farola LED Solar 3X1 - 500Lm - Con Sensor De Movimiento - STARLED Iluminacion","og_description":"Referencia: SLSL-CW-91798      Nuestra\u00a0Farola Solar 3X1\u00a0tiene la versatilidad de instalaci\u00f3n permite que la farola se adapte perfectamente a cualquier entorno. Puede ser montada en la pared para iluminar \u00e1reas espec\u00edficas, en una columna para una iluminaci\u00f3n m\u00e1s amplia y focalizada, o en un soporte para farola LED para destacar caminos y \u00e1reas al aire libre.\u00a0Fabricada con materiales resistentes a la intemperie, esta farola presenta un dise\u00f1o estilizado que combina funcionalidad y est\u00e9tica. Su construcci\u00f3n robusta garantiza una larga vida \u00fatil y resistencia a las condiciones clim\u00e1ticas adversas.","og_url":"https:\/\/starlediluminacion.com\/fr\/product\/lampadaire-led-solaire-3x1-500lm-avec-detecteur-de-motion\/","og_site_name":"STARLED Iluminacion","article_modified_time":"2024-03-28T12:45:23+00:00","og_image":[{"width":744,"height":800,"url":"https:\/\/starlediluminacion.com\/wp-content\/uploads\/2024\/01\/farola-led-4w-solar-3x1-con-sensor-de-movimiento.jpg","type":"image\/jpeg"}],"twitter_card":"summary_large_image","twitter_misc":{"Dur\u00e9e de lecture estim\u00e9e":"3 minutes"},"schema":{"@context":"https:\/\/schema.org","@graph":[{"@type":"WebPage","@id":"https:\/\/starlediluminacion.com\/producto\/farola-led-solar-3x1-500lm-con-sensor-de-movimiento\/","url":"https:\/\/starlediluminacion.com\/producto\/farola-led-solar-3x1-500lm-con-sensor-de-movimiento\/","name":"Farola LED Solar 3X1 - 500Lm - Con Sensor De Movimiento - STARLED Iluminacion","isPartOf":{"@id":"https:\/\/starlediluminacion.com\/#website"},"primaryImageOfPage":{"@id":"https:\/\/starlediluminacion.com\/producto\/farola-led-solar-3x1-500lm-con-sensor-de-movimiento\/#primaryimage"},"image":{"@id":"https:\/\/starlediluminacion.com\/producto\/farola-led-solar-3x1-500lm-con-sensor-de-movimiento\/#primaryimage"},"thumbnailUrl":"https:\/\/starlediluminacion.com\/wp-content\/uploads\/2024\/01\/farola-led-4w-solar-3x1-con-sensor-de-movimiento.jpg","datePublished":"2024-01-04T14:50:40+00:00","dateModified":"2024-03-28T12:45:23+00:00","breadcrumb":{"@id":"https:\/\/starlediluminacion.com\/producto\/farola-led-solar-3x1-500lm-con-sensor-de-movimiento\/#breadcrumb"},"inLanguage":"fr-FR","potentialAction":[{"@type":"ReadAction","target":["https:\/\/starlediluminacion.com\/producto\/farola-led-solar-3x1-500lm-con-sensor-de-movimiento\/"]}]},{"@type":"ImageObject","inLanguage":"fr-FR","@id":"https:\/\/starlediluminacion.com\/producto\/farola-led-solar-3x1-500lm-con-sensor-de-movimiento\/#primaryimage","url":"https:\/\/starlediluminacion.com\/wp-content\/uploads\/2024\/01\/farola-led-4w-solar-3x1-con-sensor-de-movimiento.jpg","contentUrl":"https:\/\/starlediluminacion.com\/wp-content\/uploads\/2024\/01\/farola-led-4w-solar-3x1-con-sensor-de-movimiento.jpg","width":744,"height":800},{"@type":"BreadcrumbList","@id":"https:\/\/starlediluminacion.com\/producto\/farola-led-solar-3x1-500lm-con-sensor-de-movimiento\/#breadcrumb","itemListElement":[{"@type":"ListItem","position":1,"name":"Portada","item":"https:\/\/starlediluminacion.com\/"},{"@type":"ListItem","position":2,"name":"Shop","item":"https:\/\/starlediluminacion.com\/shop-2\/"},{"@type":"ListItem","position":3,"name":"Farola LED Solar 3X1 &#8211; 500Lm &#8211; Con Sensor De Movimiento"}]},{"@type":"WebSite","@id":"https:\/\/starlediluminacion.com\/#website","url":"https:\/\/starlediluminacion.com\/","name":"STARLED Iluminacion","description":"","potentialAction":[{"@type":"SearchAction","target":{"@type":"EntryPoint","urlTemplate":"https:\/\/starlediluminacion.com\/?s={search_term_string}"},"query-input":{"@type":"PropertyValueSpecification","valueRequired":true,"valueName":"search_term_string"}}],"inLanguage":"fr-FR"}]}},"_links":{"self":[{"href":"https:\/\/starlediluminacion.com\/fr\/wp-json\/wp\/v3\/product\/12283","targetHints":{"allow":["GET"]}}],"collection":[{"href":"https:\/\/starlediluminacion.com\/fr\/wp-json\/wp\/v3\/product"}],"about":[{"href":"https:\/\/starlediluminacion.com\/fr\/wp-json\/wp\/v2\/types\/product"}],"wp:featuredmedia":[{"embeddable":true,"href":"https:\/\/starlediluminacion.com\/fr\/wp-json\/wp\/v2\/media\/12289"}],"wp:attachment":[{"href":"https:\/\/starlediluminacion.com\/fr\/wp-json\/wp\/v2\/media?parent=12283"}],"wp:term":[{"taxonomy":"product_cat","embeddable":true,"href":"https:\/\/starlediluminacion.com\/fr\/wp-json\/wp\/v2\/product_cat?post=12283"},{"taxonomy":"product_tag","embeddable":true,"href":"https:\/\/starlediluminacion.com\/fr\/wp-json\/wp\/v2\/product_tag?post=12283"}],"curies":[{"name":"wp","href":"https:\/\/api.w.org\/{rel}","templated":true}]}}