{"id":12253,"date":"2024-01-04T14:39:25","date_gmt":"2024-01-04T14:39:25","guid":{"rendered":"https:\/\/starlediluminacion.com\/?post_type=product&#038;p=12253"},"modified":"2024-06-16T14:37:37","modified_gmt":"2024-06-16T14:37:37","slug":"aplique-solar-led-3x1-1w-cct-ip54","status":"publish","type":"product","link":"https:\/\/starlediluminacion.com\/fr\/product\/aplique-solar-led-3x1-1w-cct-ip54\/","title":{"rendered":"<p>Applique solaire LED 3X1 - 1W - CCT - IP54<\/p>"},"content":{"rendered":"<h1>COFFEE Applique solaire LED 1,5W - CCT - IP54<p>L'applique solaire \u00e0 LED de 1,5 W est une solution d'\u00e9clairage innovante et efficace qui associe la technologie LED \u00e9conome en \u00e9nergie \u00e0 l'\u00e9nergie solaire renouvelable. Con\u00e7ue pour fournir un \u00e9clairage ext\u00e9rieur fiable et durable, cette applique est id\u00e9ale pour les patios, les jardins, les all\u00e9es et autres espaces ext\u00e9rieurs.<\/p><p>&nbsp;<\/p><h2>Caract\u00e9ristiques principales :<\/h2><p><strong>Efficacit\u00e9 \u00e9nerg\u00e9tique :<\/strong><\/p><p>Il int\u00e8gre un panneau solaire \u00e0 haut rendement qui capte l'\u00e9nergie solaire pendant la journ\u00e9e et alimente la lumi\u00e8re LED de 1,5 W pendant la nuit, r\u00e9duisant ainsi de mani\u00e8re significative la consommation d'\u00e9nergie conventionnelle.<\/p><p><strong>\u00c9clairage LED r\u00e9glable :<\/strong><\/p><p>Le luminaire LED de 1,5 W offre un \u00e9clairage clair et lumineux, fournissant la quantit\u00e9 de lumi\u00e8re parfaite pour mettre en valeur des zones sp\u00e9cifiques ou cr\u00e9er une ambiance chaleureuse. Il est \u00e9galement possible de r\u00e9gler la temp\u00e9rature de couleur (CCT), ce qui permet d'adapter l'\u00e9clairage aux pr\u00e9f\u00e9rences personnelles.<\/p><p><strong>Durabilit\u00e9 et r\u00e9sistance :<\/strong><\/p><p>Fabriqu\u00e9e \u00e0 partir de mat\u00e9riaux r\u00e9sistants aux intemp\u00e9ries et dot\u00e9e d'un indice de protection IP54, cette applique solaire est con\u00e7ue pour r\u00e9sister aux conditions m\u00e9t\u00e9orologiques difficiles, garantissant ainsi des performances durables et fiables au fil du temps.<\/p><p><strong>Installation facile :<\/strong><\/p><p>Sa conception compacte et l\u00e9g\u00e8re permet de l'installer facilement dans une vari\u00e9t\u00e9 d'endroits ext\u00e9rieurs sans avoir besoin d'un c\u00e2blage \u00e9lectrique compliqu\u00e9. L'\u00e9nergie solaire \u00e9limine la d\u00e9pendance \u00e0 l'\u00e9gard des sources d'\u00e9nergie externes.<\/p><p><strong>Capteur de lumi\u00e8re int\u00e9gr\u00e9 :<\/strong><\/p><p>\u00c9quip\u00e9e d'un capteur de lumi\u00e8re int\u00e9gr\u00e9, l'applique murale s'allume automatiquement \u00e0 la tomb\u00e9e de la nuit et s'\u00e9teint \u00e0 l'aube, maximisant ainsi l'efficacit\u00e9 \u00e9nerg\u00e9tique et garantissant un \u00e9clairage sans effort.<\/p><p><strong>Esth\u00e9tique moderne :<\/strong><\/p><p>Le design \u00e9l\u00e9gant et moderne de l'applique solaire remplit non seulement des fonctions pratiques, mais ajoute \u00e9galement une touche contemporaine \u00e0 l'esth\u00e9tique de tout espace ext\u00e9rieur.<\/p><p>Avec l'applique solaire LED 1,5W - CCT - IP54, profitez d'un \u00e9clairage ext\u00e9rieur durable, efficace et esth\u00e9tique, tout en contribuant \u00e0 la r\u00e9duction de votre empreinte carbone.<\/p><h3 class=\"h6\">Fiche technique du produit<\/h3><dl class=\"data-sheet\">\n<dt class=\"name\"><img loading=\"lazy\" decoding=\"async\" src=\"https:\/\/www.factorled.com\/modules\/oa_features\/img\/2-default.jpg\" width=\"32\" height=\"32\">&nbsp;R\u00c9F\u00c9RENCE<\/dt>\n<dd class=\"value\">SG-3CCT91795<\/dd>\n<dt class=\"name\"><img loading=\"lazy\" decoding=\"async\" src=\"https:\/\/www.factorled.com\/modules\/oa_features\/img\/4-default.jpg\" width=\"32\" height=\"32\">&nbsp;Tension nominale<\/dt>\n<dd class=\"value\">3.7V<\/dd>\n<dt class=\"name\"><img loading=\"lazy\" decoding=\"async\" src=\"https:\/\/www.factorled.com\/modules\/oa_features\/img\/5-default.jpg\" width=\"32\" height=\"32\">&nbsp;Temp\u00e9rature de la lumi\u00e8re<\/dt>\n<dd class=\"value\">COULEUR S\u00c9LECTIONNABLE : 3000K-4000K-6000K<\/dd>\n<dt class=\"name\"><img loading=\"lazy\" decoding=\"async\" src=\"https:\/\/www.factorled.com\/modules\/oa_features\/img\/6-default.jpg\" width=\"32\" height=\"32\">&nbsp;CRI - Indice de rendu des couleurs<\/dt>\n<dd class=\"value\">70<\/dd>\n<dt class=\"name\"><img loading=\"lazy\" decoding=\"async\" src=\"https:\/\/www.factorled.com\/modules\/oa_features\/img\/25-default.jpg\" width=\"32\" height=\"32\">&nbsp;Mat\u00e9riaux de construction<\/dt>\n<dd class=\"value\">ABS+PC<\/dd>\n<dt class=\"name\"><img loading=\"lazy\" decoding=\"async\" src=\"https:\/\/www.factorled.com\/modules\/oa_features\/img\/8-default.jpg\" width=\"32\" height=\"32\">&nbsp;Luminosit\u00e9-Lm<\/dt>\n<dd class=\"value\">130Lm<\/dd>\n<dt class=\"name\"><img loading=\"lazy\" decoding=\"async\" src=\"https:\/\/www.factorled.com\/modules\/oa_features\/img\/9-default.jpg\" width=\"32\" height=\"32\">&nbsp;Type de LED<\/dt>\n<dd class=\"value\">SMD 2835<\/dd>\n<dt class=\"name\"><img loading=\"lazy\" decoding=\"async\" src=\"https:\/\/www.factorled.com\/modules\/oa_features\/img\/10-default.jpg\" width=\"32\" height=\"32\">&nbsp;Angle d'ouverture (\u00ba)<\/dt>\n<dd class=\"value\">120\u00b0<\/dd>\n<dt class=\"name\"><img loading=\"lazy\" decoding=\"async\" src=\"https:\/\/www.factorled.com\/modules\/oa_features\/img\/15-default.jpg\" width=\"32\" height=\"32\">&nbsp;Certificats<\/dt>\n<dd class=\"value\">CE - ROHS<\/dd>\n<dt class=\"name\"><img loading=\"lazy\" decoding=\"async\" src=\"https:\/\/www.factorled.com\/modules\/oa_features\/img\/16-default.jpg\" width=\"32\" height=\"32\">&nbsp;Indice IP<\/dt>\n<dd class=\"value\">IP54<\/dd>\n<dt class=\"name\"><img loading=\"lazy\" decoding=\"async\" src=\"https:\/\/www.factorled.com\/modules\/oa_features\/img\/17-default.jpg\" width=\"32\" height=\"32\">&nbsp;Dur\u00e9e de vie estim\u00e9e Diode LED (H)<\/dt>\n<dd class=\"value\">35.000<\/dd>\n<dt class=\"name\"><img loading=\"lazy\" decoding=\"async\" src=\"https:\/\/www.factorled.com\/modules\/oa_features\/img\/22-default.jpg\" width=\"32\" height=\"32\">&nbsp;Plage de temp\u00e9rature (\u00baC)<\/dt>\n<dd class=\"value\">-20\u00b0C ~ +55\u00b0C<\/dd>\n<dt class=\"name\"><img loading=\"lazy\" decoding=\"async\" src=\"https:\/\/www.factorled.com\/modules\/oa_features\/img\/24-default.jpg\" width=\"32\" height=\"32\">&nbsp;Temps de d\u00e9marrage (S)<\/dt>\n<dd class=\"value\">0,2s<\/dd>\n<dt class=\"name\"><img loading=\"lazy\" decoding=\"async\" src=\"https:\/\/www.factorled.com\/modules\/oa_features\/img\/26-default.jpg\" width=\"32\" height=\"32\">&nbsp;Informations compl\u00e9mentaires<\/dt>\n<dd class=\"value\">Batterie 3,7V 1.2A Li-ion<\/dd>\n<dt class=\"name\"><img loading=\"lazy\" decoding=\"async\" src=\"https:\/\/www.factorled.com\/modules\/oa_features\/img\/29-default.jpg\" width=\"32\" height=\"32\">&nbsp;Temps de d\u00e9charge (H)<\/dt>\n<dd class=\"value\">4-5h<\/dd>\n<dt class=\"name\"><img loading=\"lazy\" decoding=\"async\" src=\"https:\/\/www.factorled.com\/modules\/oa_features\/img\/7-default.jpg\" width=\"32\" height=\"32\">&nbsp;Classe \u00e9nerg\u00e9tique (2021-UE-2019\/2015)<\/dt>\n<dd class=\"value\">A++<\/dd>\n<dt class=\"name\"><img loading=\"lazy\" decoding=\"async\" src=\"https:\/\/www.factorled.com\/modules\/oa_features\/img\/75-default.jpg\" width=\"32\" height=\"32\">&nbsp;Ann\u00e9es de garantie<\/dt>\n<dd class=\"value\">3<\/dd>\n<dt class=\"name\"><img loading=\"lazy\" decoding=\"async\" src=\"https:\/\/www.factorled.com\/modules\/oa_features\/img\/78-default.jpg\" width=\"32\" height=\"32\">&nbsp;Temps de mise sous tension<\/dt>\n<dd class=\"value\">8-12h<\/dd>\n<\/dl><\/h1>","protected":false},"excerpt":{"rendered":"<div class=\"product-reference\"><strong><label class=\"label\">R<\/label><label class=\"label\">eference :<\/label> SLSG-3CCT91795<\/strong><div><\/div><div class=\"product-description-short\">\n<div id=\"product-description-short-3216\">\n<p>Illuminez vos ext\u00e9rieurs avec l'applique murale solaire \u00e0 LED 1W, une solution \u00e9cologique et efficace. Son design moderne et r\u00e9sistant int\u00e8gre un panneau solaire haute performance pour charger la lumi\u00e8re LED, offrant un \u00e9clairage r\u00e9glable en temp\u00e9rature de couleur (CCT). Facile \u00e0 installer, r\u00e9sistante aux intemp\u00e9ries (IP54) et dot\u00e9e d'un capteur de lumi\u00e8re int\u00e9gr\u00e9, cette applique allie fonctionnalit\u00e9, durabilit\u00e9 et esth\u00e9tique contemporaine pour embellir tout espace ext\u00e9rieur. Faites l'exp\u00e9rience d'un \u00e9clairage durable avec style.<\/p>\n<\/div>\n<\/div><\/div>","protected":false},"featured_media":12259,"template":"","meta":{"site-sidebar-layout":"default","site-content-layout":"default","ast-global-header-display":"","ast-main-header-display":"","ast-hfb-above-header-display":"","ast-hfb-below-header-display":"","ast-hfb-mobile-header-display":"","site-post-title":"","ast-breadcrumbs-content":"","ast-featured-img":"","footer-sml-layout":"","theme-transparent-header-meta":"default","adv-header-id-meta":"","stick-header-meta":"","header-above-stick-meta":"","header-main-stick-meta":"","header-below-stick-meta":""},"product_cat":[64,36,37],"product_tag":[],"class_list":["post-12253","product","type-product","status-publish","has-post-thumbnail","hentry","product_cat-apliques-led","product_cat-apliques-led-y-decoracion","product_cat-iluminacion-solar-led"],"_links":{"self":[{"href":"https:\/\/starlediluminacion.com\/fr\/wp-json\/wp\/v3\/product\/12253","targetHints":{"allow":["GET"]}}],"collection":[{"href":"https:\/\/starlediluminacion.com\/fr\/wp-json\/wp\/v3\/product"}],"about":[{"href":"https:\/\/starlediluminacion.com\/fr\/wp-json\/wp\/v2\/types\/product"}],"wp:featuredmedia":[{"embeddable":true,"href":"https:\/\/starlediluminacion.com\/fr\/wp-json\/wp\/v2\/media\/12259"}],"wp:attachment":[{"href":"https:\/\/starlediluminacion.com\/fr\/wp-json\/wp\/v2\/media?parent=12253"}],"wp:term":[{"taxonomy":"product_cat","embeddable":true,"href":"https:\/\/starlediluminacion.com\/fr\/wp-json\/wp\/v2\/product_cat?post=12253"},{"taxonomy":"product_tag","embeddable":true,"href":"https:\/\/starlediluminacion.com\/fr\/wp-json\/wp\/v2\/product_tag?post=12253"}],"curies":[{"name":"wp","href":"https:\/\/api.w.org\/{rel}","templated":true}]}}