{"id":12205,"date":"2024-01-04T14:15:18","date_gmt":"2024-01-04T14:15:18","guid":{"rendered":"https:\/\/starlediluminacion.com\/?post_type=product&#038;p=12205"},"modified":"2024-06-16T14:48:17","modified_gmt":"2024-06-16T14:48:17","slug":"conector-rapido-3-entradas-kv221-415-para-cable-electrico","status":"publish","type":"product","link":"https:\/\/starlediluminacion.com\/fr\/product\/3-in-3-input-kv221-415-rapid-connector-for-electrical-cable\/","title":{"rendered":"<p>Connecteur rapide - 3 entr\u00e9es - KV221-415 - Pour c\u00e2ble \u00e9lectrique<\/p>"},"content":{"rendered":"<h1>Connecteur rapide - 3 entr\u00e9es - KV221-415 - pour c\u00e2ble \u00e9lectrique<p>Le connecteur rapide \u00e0 3 entr\u00e9es KV221-415 est con\u00e7u pour faciliter les connexions \u00e9lectriques rapides et s\u00fbres dans une grande vari\u00e9t\u00e9 de syst\u00e8mes d'\u00e9clairage, ainsi que dans les installations \u00e9lectriques temporaires et permanentes. Ces connecteurs offrent une solution efficace et fiable permettant de r\u00e9aliser des \u00e9conomies significatives sur les co\u00fbts d'assemblage.<\/p><p>La possibilit\u00e9 de pr\u00e9-assembler des ensembles de c\u00e2bles \u00e0 l'avance rationalise le processus d'assemblage, ce qui constitue un avantage suppl\u00e9mentaire en termes de gain de temps. En outre, la mise en \u0153uvre de ces connecteurs rapides et s\u00fbrs garantit non seulement une connexion robuste, mais contribue \u00e9galement de mani\u00e8re significative \u00e0 l'optimisation des ressources et \u00e0 la r\u00e9duction des co\u00fbts au cours de la phase d'installation.<\/p><h3 class=\"h6\">Fiche technique du produit<\/h3><dl class=\"data-sheet\">\n<dt class=\"name\"><img loading=\"lazy\" decoding=\"async\" src=\"https:\/\/www.factorled.com\/modules\/oa_features\/img\/2-default.jpg\" width=\"32\" height=\"32\">&nbsp;R\u00c9F\u00c9RENCE<\/dt>\n<dd class=\"value\">CNT-91174<\/dd>\n<dt class=\"name\"><img loading=\"lazy\" decoding=\"async\" src=\"https:\/\/www.factorled.com\/modules\/oa_features\/img\/3-default.jpg\" width=\"32\" height=\"32\">&nbsp;Puissance nominale<\/dt>\n<dd class=\"value\">Max : 250V\/4KV AC - 32A<\/dd>\n<dt class=\"name\"><img loading=\"lazy\" decoding=\"async\" src=\"https:\/\/www.factorled.com\/modules\/oa_features\/img\/25-default.jpg\" width=\"32\" height=\"32\">&nbsp;Mat\u00e9riaux de construction<\/dt>\n<dd class=\"value\">Thermoplastique ignifuge<\/dd>\n<dt class=\"name\"><img loading=\"lazy\" decoding=\"async\" src=\"https:\/\/www.factorled.com\/modules\/oa_features\/img\/15-default.jpg\" width=\"32\" height=\"32\">&nbsp;Certificats<\/dt>\n<dd class=\"value\">CE - ROHS<\/dd>\n<dt class=\"name\"><img loading=\"lazy\" decoding=\"async\" src=\"https:\/\/www.factorled.com\/modules\/oa_features\/img\/16-default.jpg\" width=\"32\" height=\"32\">&nbsp;Indice IP<\/dt>\n<dd class=\"value\">IP20<\/dd>\n<dt class=\"name\"><img loading=\"lazy\" decoding=\"async\" src=\"https:\/\/www.factorled.com\/modules\/oa_features\/img\/18-default.jpg\" width=\"32\" height=\"32\">&nbsp;Mesures (Mm)<\/dt>\n<dd class=\"value\">18,5\u00d720,5 mm<\/dd>\n<dt class=\"name\"><img loading=\"lazy\" decoding=\"async\" src=\"https:\/\/www.factorled.com\/modules\/oa_features\/img\/75-default.jpg\" width=\"32\" height=\"32\">&nbsp;Ann\u00e9es de garantie<\/dt>\n<dd class=\"value\">5<\/dd>\n<\/dl><\/h1>","protected":false},"excerpt":{"rendered":"<div class=\"product-reference\"><strong><label class=\"label\">R\u00e9f\u00e9rence :<\/label> SLCNT-91174<\/strong>\n<div>\n<div><\/div>\n<\/div>\n<div class=\"product-description-short\">\n<div id=\"product-description-short-3209\">\n<p><strong>Vous voulez gagner du temps et de l'argent ?<\/strong>&nbsp;Le connecteur rapide 3-in - KV221-415 - pour c\u00e2ble \u00e9lectrique est utilis\u00e9 pour des connexions rapides et s\u00fbres dans tous les types d'\u00e9clairage ainsi que dans les installations \u00e9lectriques temporaires et permanentes. Avec ces connecteurs rapides et s\u00fbrs, vous obtenez<strong>&nbsp;une r\u00e9duction importante des co\u00fbts d'assemblage<\/strong>.<\/p>\n<\/div>\n<\/div><\/div>","protected":false},"featured_media":12216,"template":"","meta":{"site-sidebar-layout":"default","site-content-layout":"default","ast-global-header-display":"","ast-main-header-display":"","ast-hfb-above-header-display":"","ast-hfb-below-header-display":"","ast-hfb-mobile-header-display":"","site-post-title":"","ast-breadcrumbs-content":"","ast-featured-img":"","footer-sml-layout":"","theme-transparent-header-meta":"default","adv-header-id-meta":"","stick-header-meta":"","header-above-stick-meta":"","header-main-stick-meta":"","header-below-stick-meta":""},"product_cat":[92,45],"product_tag":[],"class_list":["post-12205","product","type-product","status-publish","has-post-thumbnail","hentry","product_cat-accesorios-tiras-led","product_cat-tiras-led-y-neon-flexible"],"_links":{"self":[{"href":"https:\/\/starlediluminacion.com\/fr\/wp-json\/wp\/v3\/product\/12205","targetHints":{"allow":["GET"]}}],"collection":[{"href":"https:\/\/starlediluminacion.com\/fr\/wp-json\/wp\/v3\/product"}],"about":[{"href":"https:\/\/starlediluminacion.com\/fr\/wp-json\/wp\/v2\/types\/product"}],"wp:featuredmedia":[{"embeddable":true,"href":"https:\/\/starlediluminacion.com\/fr\/wp-json\/wp\/v2\/media\/12216"}],"wp:attachment":[{"href":"https:\/\/starlediluminacion.com\/fr\/wp-json\/wp\/v2\/media?parent=12205"}],"wp:term":[{"taxonomy":"product_cat","embeddable":true,"href":"https:\/\/starlediluminacion.com\/fr\/wp-json\/wp\/v2\/product_cat?post=12205"},{"taxonomy":"product_tag","embeddable":true,"href":"https:\/\/starlediluminacion.com\/fr\/wp-json\/wp\/v2\/product_tag?post=12205"}],"curies":[{"name":"wp","href":"https:\/\/api.w.org\/{rel}","templated":true}]}}