{"id":12174,"date":"2024-01-04T14:01:58","date_gmt":"2024-01-04T14:01:58","guid":{"rendered":"https:\/\/starlediluminacion.com\/?post_type=product&#038;p=12174"},"modified":"2024-06-16T14:47:40","modified_gmt":"2024-06-16T14:47:40","slug":"pack-5-bombillas-led-rgb-sumergible-36w-par56-dc12v-ip68-acero316-ik10-controladora-mando-control-remoto-piscina","status":"publish","type":"product","link":"https:\/\/starlediluminacion.com\/fr\/product\/pack-5-bombillas-led-rgb-sumergible-36w-par56-dc12v-ip68-acero316-ik10-controladora-mando-control-remoto-piscina\/","title":{"rendered":"<p>Pack 5 Bombillas LED RGB Sumergible 36W PAR56 &ndash; DC12V &ndash; IP68 &ndash; Acero316 &ndash; IK10 + CONTROLADORA + MANDO CONTROL REMOTO &ndash; Piscina<\/p>"},"content":{"rendered":"<h1>PACK 5- Bombillas LED RGB Sumergible 36W PAR56 &ndash; DC12V &ndash; IP68 &ndash; Acero316 &ndash; IK10<p style=\"font-weight: 400;\">Les&nbsp;<strong style=\"font-weight: 600;\">bulbe<\/strong>&nbsp;LED<strong style=\"font-weight: 600;\">&nbsp;&ndash;&nbsp;RGB &ndash;&nbsp;para piscina<\/strong>&nbsp;de&nbsp;<strong style=\"font-weight: 600;\">36w<\/strong>&nbsp;de potencia se caracteriza por&nbsp;su lente de &oacute;ptica soldada por fricci&oacute;n, especialmente desarrollada para la&nbsp;<strong style=\"font-weight: 600;\">iluminaci&oacute;n subacu&aacute;tica<\/strong>, distribuye la luz alrededor de la piscina de manera uniforme y excelente sin deslumbrar a los ba&ntilde;istas, lo que hace de la l&aacute;mpara un luz fiable y eficiente para su funcionamiento.<\/p><p style=\"font-weight: 400;\">L'un des probl\u00e8mes qui se posent souvent avec les luminaires mont\u00e9s en surface en plastique ou en verre est qu'ils ont tendance \u00e0 se briser lorsqu'ils sont renvers\u00e9s sous l'eau dans les piscines.&nbsp;<strong style=\"font-weight: 600;\">IK10<\/strong>&nbsp;fabriqu\u00e9 en&nbsp;<strong style=\"font-weight: 600;\">acier<\/strong>Le probl\u00e8me de la rupture due aux chocs est r\u00e9solu.<\/p><p style=\"font-weight: 400;\">Avec un corps en acier inoxydable 316 \u00e0 haute r\u00e9sistance qui supporte la salinit\u00e9. L'acier 316 est un type d'acier inoxydable aust\u00e9nitique contenant du chrome, du nickel et du molybd\u00e8ne comme principaux \u00e9l\u00e9ments d'alliage. Ce type d'acier inoxydable est tr\u00e8s r\u00e9sistant \u00e0 la corrosion et \u00e0 l'oxydation dans des environnements tr\u00e8s agressifs, chlor\u00e9s et salins. L'acier 316 pr\u00e9sente des avantages par rapport \u00e0 d'autres types d'acier dans les applications d'eau saline ou chlor\u00e9e :<\/p><ul style=\"font-weight: 400;\">\n<li>R\u00e9sistance \u00e0 la corrosion : l'acier 316 contient du molybd\u00e8ne, ce qui le rend tr\u00e8s r\u00e9sistant \u00e0 la corrosion dans les environnements d'eau sal\u00e9e. Il est donc id\u00e9al pour les \u00e9quipements marins et autres composants expos\u00e9s \u00e0 la corrosion.<\/li>\n<li>R\u00e9sistance \u00e0 l'oxydation : L'acier 316 est tr\u00e8s r\u00e9sistant \u00e0 la rouille dans les environnements d'eau sal\u00e9e en raison de sa teneur en chrome. Cela signifie qu'il ne rouille pas et ne se corrode pas facilement, ce qui prolonge la dur\u00e9e de vie du mat\u00e9riau.<\/li>\n<li>Entretien facile : l'acier 316 est facile \u00e0 nettoyer et \u00e0 entretenir, ce qui le rend id\u00e9al pour les applications en milieu marin. La surface de l'acier 316 est lisse, ce qui emp\u00eache l'accumulation de salet\u00e9s et d'autres contaminants.<\/li>\n<li>Haute r\u00e9sistance m\u00e9canique : l'acier 316 est tr\u00e8s r\u00e9sistant \u00e0 la d\u00e9formation et \u00e0 la rupture gr\u00e2ce \u00e0 sa haute r\u00e9sistance m\u00e9canique. Il est donc id\u00e9al pour les applications o\u00f9 il peut \u00eatre soumis \u00e0 des chocs, comme les piscines.<\/li>\n<\/ul><p style=\"font-weight: 400;\"><strong style=\"font-weight: 600;\">Controladora RGB + Control Remoto<\/strong>&nbsp;inclus dans chaque lampe :<\/p><ul style=\"font-weight: 400;\">\n<li>Chaque ampoule est livr\u00e9e avec son propre contr\u00f4leur, vous n'avez donc pas \u00e0 vous soucier de quoi que ce soit. Il suffit de la brancher sur 12V DC.<\/li>\n<li>Chaque ampoule est \u00e9quip\u00e9e d'une t\u00e9l\u00e9commande int\u00e9gr\u00e9e, qui a la m\u00eame fr\u00e9quence que les ampoules. Une seule t\u00e9l\u00e9commande permet donc de contr\u00f4ler et de programmer les diff\u00e9rentes lampes RVB \u00e0 distance.<\/li>\n<\/ul><p style=\"font-weight: 400;\"><strong style=\"font-weight: 600;\">Instructions d'installation :<\/strong><\/p><p style=\"font-weight: 400;\">S'assurer que le syst\u00e8me \u00e9lectrique de la piscine r\u00e9pond \u00e0 toutes les exigences des codes locaux, des r\u00e9glementations et des normes juridiques applicables.<\/p><ol style=\"font-weight: 400;\">\n<li>Retirez les vis et enlevez l'assemblage de la paroi de la piscine.<\/li>\n<li>Retirer les vis et s\u00e9parer les pi\u00e8ces de l'assemblage<\/li>\n<li>Retirer l'ancien luminaire en coupant les c\u00e2bles d'alimentation, en respectant toujours la polarit\u00e9. Prot\u00e9ger et imperm\u00e9abiliser la connexion<\/li>\n<li>Enroulez l'exc\u00e9dent de c\u00e2ble dans la niche et placez le projecteur dans la niche, en veillant \u00e0 ce que toutes les parties s'embo\u00eetent uniform\u00e9ment.<\/li>\n<li>Remplacer les vis<\/li>\n<li>Replacer la niche dans le mur, en v\u00e9rifiant l'\u00e9tanch\u00e9it\u00e9 en fonction de l'installation que vous avez.<\/li>\n<li>Remettre le couvercle en place et resserrer les vis.<\/li>\n<\/ol><p style=\"font-weight: 400;\">AVERTISSEMENT : Ne branchez pas votre nouvelle lampe sous-marine \u00e0 la mauvaise tension, vous pourriez perdre votre garantie et endommager votre syst\u00e8me \u00e9lectrique. Cette lampe fonctionne sur DC12V et n\u00e9cessite une alimentation minimale de 60W. N'allumez pas la lampe sous-marine sans l'avoir compl\u00e8tement immerg\u00e9e dans l'eau, cette lampe est con\u00e7ue pour fonctionner uniquement lorsqu'elle est immerg\u00e9e dans l'eau.<\/p><p style=\"font-weight: 400;\">Le luminaire \u00e0 LED est class\u00e9&nbsp;<strong style=\"font-weight: 600;\">IP68<\/strong>Il est donc totalement \u00e9tanche \u00e0 l'eau et \u00e0 la poussi\u00e8re et peut \u00eatre immerg\u00e9 dans l'eau pendant de longues p\u00e9riodes.<\/p><p style=\"font-weight: 400;\"><strong style=\"font-weight: 600;\">Technologie LED de pointe<\/strong>&nbsp;qui offrent un excellent \u00e9clairage et permettent d'\u00e9conomiser jusqu'\u00e0 90% de consommation d'\u00e9lectricit\u00e9.<\/p><p style=\"font-weight: 400;\">Elles offrent une atmosph\u00e8re lumineuse extraordinaire et constituent le choix id\u00e9al pour remplacer les ampoules \u00e0 incandescence traditionnelles dans les piscines, les fontaines et autres lieux similaires.<\/p><ul style=\"font-weight: 400;\">\n<li>Efficacit\u00e9 \u00e9nerg\u00e9tique sup\u00e9rieure \u00e0 celle de n'importe quel halog\u00e8ne \u00e0 incandescence traditionnel.<\/li>\n<li>Faisceau lumineux exempt de rayons UV et IR.<\/li>\n<li>Faible temp\u00e9rature de fonctionnement.<\/li>\n<li>Am\u00e9liorez la s\u00e9curit\u00e9 de votre piscine en la rendant plus visible la nuit ou dans des conditions de faible luminosit\u00e9.<\/li>\n<li>Aider les nageurs \u00e0 mieux voir dans la piscine, ce qui peut r\u00e9duire le risque d'accidents ou de blessures.<\/li>\n<li>Son utilisation d\u00e9corative rehaussera la valeur et le statut de la propri\u00e9t\u00e9.<\/li>\n<\/ul><p style=\"font-weight: 400;\">Besoin de nourriture&nbsp;<strong style=\"font-weight: 600;\">DC12V<\/strong>&nbsp;non inclus dans le produit.<\/p><h4><strong style=\"font-weight: 600;\">L'APPAIRAGE DU LUMINAIRE ET DU CONTR\u00d4LEUR \u00c0 L'AIDE D'UNE T\u00c9L\u00c9COMMANDE.<\/strong><\/h4><p style=\"font-weight: 400;\">1.- Installez les piles dans la t\u00e9l\u00e9commande.<\/p><p style=\"font-weight: 400;\">2.- Effectuer les connexions du contr\u00f4leur selon l'image indiqu\u00e9e dans le manuel d'instructions.<\/p><p style=\"font-weight: 400;\">3.- Mettre le luminaire sous tension \u00e0 l'aide de l'interrupteur d'alimentation.<\/p><p style=\"font-weight: 400;\">4.- Dans les 3 secondes qui suivent la mise en marche, appuyez sur le bouton d'alimentation de la t\u00e9l\u00e9commande pendant 15 secondes.<\/p><p style=\"font-weight: 400;\">5 - Rel\u00e2cher le bouton d'alimentation.<\/p><p style=\"font-weight: 400;\">Si la reconnaissance a r\u00e9ussi, le luminaire doit r\u00e9pondre aux commandes de la t\u00e9l\u00e9commande. Si ce n'est pas le cas, avant une nouvelle tentative, il convient d'effacer la reconnaissance du luminaire par la t\u00e9l\u00e9commande, comme indiqu\u00e9 ci-dessous :<\/p><h4><strong style=\"font-weight: 600;\">Suppression de l'appairage par la t\u00e9l\u00e9commande<\/strong><\/h4><p style=\"font-weight: 400;\">1.- Couper l'alimentation \u00e9lectrique de la source d'alimentation.<\/p><p style=\"font-weight: 400;\">2.- Mettez l'appareil sous tension \u00e0 partir du r\u00e9seau \u00e9lectrique.<\/p><p style=\"font-weight: 400;\">3.- Dans les 3 secondes qui suivent la mise en marche, appuyez sur la touche OFF de la t\u00e9l\u00e9commande et maintenez-la enfonc\u00e9e.<\/p><p style=\"font-weight: 400;\">4.- Le luminaire s'\u00e9teint et s'allume, indiquant que l'accus\u00e9 de r\u00e9ception a \u00e9t\u00e9 effac\u00e9. Rel\u00e2cher le bouton OFF.<\/p><p style=\"font-weight: 400;\">5.-Si l'effacement a r\u00e9ussi, le luminaire ne r\u00e9pond pas aux commandes de la t\u00e9l\u00e9commande.<\/p><h4><strong style=\"font-weight: 600;\">AJOUT DU LUMINAIRE \u00c0 L'APPLICATION (TUYA SMART \/ SMART LIFE).<\/strong><\/h4><p style=\"font-weight: 400;\">1.- V\u00e9rifier que la fonction Bluetooth est activ\u00e9e sur le t\u00e9l\u00e9phone portable.<\/p><p style=\"font-weight: 400;\">2 - T\u00e9l\u00e9chargez et installez l'application que vous avez choisie pour faire fonctionner le luminaire (Tuya Smart ou Smart Life) sur votre t\u00e9l\u00e9phone portable.<\/p><p style=\"font-weight: 400;\">3 - Allumer et \u00e9teindre le luminaire \u00e0 partir de la t\u00e9l\u00e9commande.<\/p><p style=\"font-weight: 400;\">4.- Couper l'alimentation \u00e9lectrique du luminaire \u00e0 l'aide de l'interrupteur. R\u00e9tablir l'alimentation \u00e9lectrique du luminaire \u00e0 l'aide de l'interrupteur.<\/p><p style=\"font-weight: 400;\">5.- Dans les 3 secondes qui suivent la mise en marche, appuyez simultan\u00e9ment sur les touches ON et OFF de la t\u00e9l\u00e9commande.<\/p><p style=\"font-weight: 400;\">6 - Maintenir la pression jusqu'\u00e0 ce que le luminaire clignote, ce qui devrait se produire dans les 10 \u00e0 15 secondes. R\u00e9p\u00e9ter les \u00e9tapes 3, 4 et 5 si n\u00e9cessaire.<\/p><p style=\"font-weight: 400;\">7 - Rel\u00e2chez les boutons et entrez dans l'application Tuya Smart ou Smart Life (celle que vous avez choisie pour g\u00e9rer le luminaire) sur votre t\u00e9l\u00e9phone portable.<\/p><p style=\"font-weight: 400;\">8.- Le luminaire clignotant, ex\u00e9cuter \"Ajouter un dispositif\" ou \"+\".<\/p><p style=\"font-weight: 400;\">9 - Attendez que l'application d\u00e9tecte l'appareil.<\/p><p style=\"font-weight: 400;\">10 - Lorsqu'il le d\u00e9tecte, il vous demande d'appuyer sur \"Ajouter\". Une fois l'appareil ajout\u00e9, l'application indique qu'il a \u00e9t\u00e9 ajout\u00e9 avec succ\u00e8s. Appuyez sur \"Terminer\" et l'appareil est maintenant ajout\u00e9 \u00e0 l'application pour \u00eatre g\u00e9r\u00e9.<\/p><p style=\"font-weight: 400;\">Pour ajouter manuellement le luminaire, vous devez s\u00e9lectionner \"\u00e9clairage\" et \"prise (BLE)\" et suivre les instructions de l'application.<\/p><h4><strong style=\"font-weight: 600;\">INFORMATIONS IMPORTANTES<\/strong><\/h4><p style=\"font-weight: 400;\">1.- Un contr\u00f4leur peut prendre en charge et faire fonctionner jusqu'\u00e0 5 luminaires en m\u00eame temps.<\/p><p style=\"font-weight: 400;\">2 - Cet ensemble luminaire et contr\u00f4leur NE PERMET PAS L'UTILISATION D'AMPLIFICATEURS.<\/p><p style=\"font-weight: 400;\">3 - Si vous devez g\u00e9rer plus de 5 luminaires, vous devez installer des contr\u00f4leurs suppl\u00e9mentaires pour distribuer les luminaires (jusqu'\u00e0 5 par contr\u00f4leur).<\/p><p style=\"font-weight: 400;\">4.- . En cas d'installation de plus d'un contr\u00f4leur, nous recommandons l'utilisation d'une alimentation pour chaque contr\u00f4leur.<\/p><p style=\"font-weight: 400;\">5.- La m\u00eame t\u00e9l\u00e9commande peut commander plus d'un contr\u00f4leur.<\/p><p style=\"font-weight: 400;\">6.- Un contr\u00f4leur peut \u00eatre pilot\u00e9 par plusieurs t\u00e9l\u00e9commandes.<\/p><p style=\"font-weight: 400;\">7 - Vous pouvez rechercher des applications dans le magasin, le contr\u00f4leur prend en charge les applications \" TuyaSmart \" et \" SmartLife \".<\/p><p style=\"font-weight: 400;\">8.- Il faut d'abord appairer le contr\u00f4leur avec la t\u00e9l\u00e9commande, puis ajouter le luminaire \u00e0 l'application.<\/p><p style=\"font-weight: 400;\">Avant de placer le luminaire, il faut coupler le luminaire et le contr\u00f4leur \u00e0 l'aide de la t\u00e9l\u00e9commande, puis ajouter le luminaire \u00e0 l'application Install\u00e9 sur le t\u00e9l\u00e9phone portable.<\/p><p style=\"font-weight: 400;\">Pour effectuer ces t\u00e2ches, le luminaire doit \u00eatre immerg\u00e9 dans l'eau \u00e0 l'aide de tout r\u00e9cipient permettant de remplir cette condition.<\/p><h2>Applications de l'ampoule submersible LED RGB 36W PAR56 - IP68<\/h2><ul style=\"font-weight: 400;\">\n<li>Piscines<\/li>\n<li>Jacuzzi<\/li>\n<li>\u00c9tangs<\/li>\n<li>Sources d'information<\/li>\n<li>Aquariums<\/li>\n<\/ul><h3 class=\"h6\">Fiche technique du produit<\/h3><dl class=\"data-sheet\">\n<dt class=\"name\"><img loading=\"lazy\" decoding=\"async\" src=\"https:\/\/www.factorled.com\/modules\/oa_features\/img\/2-default.jpg\" width=\"32\" height=\"32\">&nbsp;R\u00c9F\u00c9RENCE<\/dt>\n<dd class=\"value\">PACK5-POOL12-RGB<\/dd>\n<dt class=\"name\"><img loading=\"lazy\" decoding=\"async\" src=\"https:\/\/www.factorled.com\/modules\/oa_features\/img\/3-default.jpg\" width=\"32\" height=\"32\">&nbsp;Puissance nominale<\/dt>\n<dd class=\"value\">36w<\/dd>\n<dt class=\"name\"><img loading=\"lazy\" decoding=\"async\" src=\"https:\/\/www.factorled.com\/modules\/oa_features\/img\/4-default.jpg\" width=\"32\" height=\"32\">&nbsp;Tension nominale<\/dt>\n<dd class=\"value\">12V DC<\/dd>\n<dt class=\"name\"><img loading=\"lazy\" decoding=\"async\" src=\"https:\/\/www.factorled.com\/modules\/oa_features\/img\/5-default.jpg\" width=\"32\" height=\"32\">&nbsp;Temp\u00e9rature de la lumi\u00e8re<\/dt>\n<dd class=\"value\">RGB (12x3W)<\/dd>\n<dt class=\"name\"><img loading=\"lazy\" decoding=\"async\" src=\"https:\/\/www.factorled.com\/modules\/oa_features\/img\/6-default.jpg\" width=\"32\" height=\"32\">&nbsp;CRI - Indice de rendu des couleurs<\/dt>\n<dd class=\"value\">70<\/dd>\n<dt class=\"name\"><img loading=\"lazy\" decoding=\"async\" src=\"https:\/\/www.factorled.com\/modules\/oa_features\/img\/25-default.jpg\" width=\"32\" height=\"32\">&nbsp;Mat\u00e9riaux de construction<\/dt>\n<dd class=\"value\">Acier + PMMA<\/dd>\n<dt class=\"name\"><img loading=\"lazy\" decoding=\"async\" src=\"https:\/\/www.factorled.com\/modules\/oa_features\/img\/8-default.jpg\" width=\"32\" height=\"32\">&nbsp;Luminosit\u00e9-Lm<\/dt>\n<dd class=\"value\">3600<\/dd>\n<dt class=\"name\"><img loading=\"lazy\" decoding=\"async\" src=\"https:\/\/www.factorled.com\/modules\/oa_features\/img\/9-default.jpg\" width=\"32\" height=\"32\">&nbsp;Type de LED<\/dt>\n<dd class=\"value\">SMD<\/dd>\n<dt class=\"name\"><img loading=\"lazy\" decoding=\"async\" src=\"https:\/\/www.factorled.com\/modules\/oa_features\/img\/10-default.jpg\" width=\"32\" height=\"32\">&nbsp;Angle d'ouverture (\u00ba)<\/dt>\n<dd class=\"value\">120\u00b0<\/dd>\n<dt class=\"name\"><img loading=\"lazy\" decoding=\"async\" src=\"https:\/\/www.factorled.com\/modules\/oa_features\/img\/12-default.jpg\" width=\"32\" height=\"32\">&nbsp;Efficacit\u00e9 de la diode LED (Lm\/W)<\/dt>\n<dd class=\"value\">140 Lm\/W<\/dd>\n<dt class=\"name\"><img loading=\"lazy\" decoding=\"async\" src=\"https:\/\/www.factorled.com\/modules\/oa_features\/img\/13-default.jpg\" width=\"32\" height=\"32\">&nbsp;Efficacit\u00e9 lumineuse (Lm\/W)<\/dt>\n<dd class=\"value\">100 Lm\/W<\/dd>\n<dt class=\"name\"><img loading=\"lazy\" decoding=\"async\" src=\"https:\/\/www.factorled.com\/modules\/oa_features\/img\/15-default.jpg\" width=\"32\" height=\"32\">&nbsp;Certificats<\/dt>\n<dd class=\"value\">CE - ROHS<\/dd>\n<dt class=\"name\"><img loading=\"lazy\" decoding=\"async\" src=\"https:\/\/www.factorled.com\/modules\/oa_features\/img\/16-default.jpg\" width=\"32\" height=\"32\">&nbsp;Indice IP<\/dt>\n<dd class=\"value\">IP68-Ext\u00e9rieur<\/dd>\n<dt class=\"name\"><img loading=\"lazy\" decoding=\"async\" src=\"https:\/\/www.factorled.com\/modules\/oa_features\/img\/18-default.jpg\" width=\"32\" height=\"32\">&nbsp;Mesures (Mm)<\/dt>\n<dd class=\"value\">\u00d8177x13mm<\/dd>\n<dt class=\"name\"><img loading=\"lazy\" decoding=\"async\" src=\"https:\/\/www.factorled.com\/modules\/oa_features\/img\/26-default.jpg\" width=\"32\" height=\"32\">&nbsp;Informations compl\u00e9mentaires<\/dt>\n<dd class=\"value\">Fil 2M.<\/dd>\n<dt class=\"name\"><img loading=\"lazy\" decoding=\"async\" src=\"https:\/\/www.factorled.com\/modules\/oa_features\/img\/7-default.jpg\" width=\"32\" height=\"32\">&nbsp;Classe \u00e9nerg\u00e9tique (2021-UE-2019\/2015)<\/dt>\n<dd class=\"value\">A+<\/dd>\n<dt class=\"name\"><img loading=\"lazy\" decoding=\"async\" src=\"https:\/\/www.factorled.com\/modules\/oa_features\/img\/101-default.jpg\" width=\"32\" height=\"32\">&nbsp;Classe \u00e9nerg\u00e9tique (2023 - EU-2019\/2015)<\/dt>\n<dd class=\"value\">F<\/dd>\n<dt class=\"name\"><img loading=\"lazy\" decoding=\"async\" src=\"https:\/\/www.factorled.com\/modules\/oa_features\/img\/75-default.jpg\" width=\"32\" height=\"32\">&nbsp;Ann\u00e9es de garantie<\/dt>\n<dd class=\"value\">3<\/dd>\n<\/dl><\/h1>","protected":false},"excerpt":{"rendered":"<div class=\"product-reference\"><strong><label class=\"label\">R\u00e9f\u00e9rence :<\/label> SLPACK5-POOL36W-RGB-RC<\/strong>\n<div>\n<div><\/div>\n<\/div>\n<div class=\"product-description-short\">\n<div id=\"product-description-short-3206\">\n<p><strong>PACK DE 5 BOMBILLAS DE ACERO SUMERGIBLES RGB + 1 CONTROLADORA + 1 MANDO DE CONTROL.<\/strong><\/p>\n<p>Imagina relajarte en tu piscina despu&eacute;s de un largo d&iacute;a de trabajo, rodeado de una iluminaci&oacute;n suave y c&aacute;lida que crea un ambiente &uacute;nico y acogedor. Con nuestra&nbsp;<strong>Ampoule<\/strong>&nbsp;de&nbsp;<strong>Acero inoxidable LED PAR56<\/strong>&nbsp;pour&nbsp;<strong>piscine<\/strong>, puedes crear ese ambiente de ensue&ntilde;o en tu propio patio trasero. Adem&aacute;s, no solo se ven incre&iacute;bles, sino que tambi&eacute;n son altamente eficientes energ&eacute;ticamente, lo que te permitir&aacute; ahorrar dinero en facturas de energ&iacute;a.<\/p>\n<\/div>\n<\/div><\/div>","protected":false},"featured_media":12192,"template":"","meta":{"site-sidebar-layout":"default","site-content-layout":"default","ast-global-header-display":"","ast-main-header-display":"","ast-hfb-above-header-display":"","ast-hfb-below-header-display":"","ast-hfb-mobile-header-display":"","site-post-title":"","ast-breadcrumbs-content":"","ast-featured-img":"","footer-sml-layout":"","theme-transparent-header-meta":"default","adv-header-id-meta":"","stick-header-meta":"","header-above-stick-meta":"","header-main-stick-meta":"","header-below-stick-meta":""},"product_cat":[23],"product_tag":[],"class_list":["post-12174","product","type-product","status-publish","has-post-thumbnail","hentry","product_cat-bombillas-y-lamparas-led"],"_links":{"self":[{"href":"https:\/\/starlediluminacion.com\/fr\/wp-json\/wp\/v3\/product\/12174","targetHints":{"allow":["GET"]}}],"collection":[{"href":"https:\/\/starlediluminacion.com\/fr\/wp-json\/wp\/v3\/product"}],"about":[{"href":"https:\/\/starlediluminacion.com\/fr\/wp-json\/wp\/v2\/types\/product"}],"wp:featuredmedia":[{"embeddable":true,"href":"https:\/\/starlediluminacion.com\/fr\/wp-json\/wp\/v2\/media\/12192"}],"wp:attachment":[{"href":"https:\/\/starlediluminacion.com\/fr\/wp-json\/wp\/v2\/media?parent=12174"}],"wp:term":[{"taxonomy":"product_cat","embeddable":true,"href":"https:\/\/starlediluminacion.com\/fr\/wp-json\/wp\/v2\/product_cat?post=12174"},{"taxonomy":"product_tag","embeddable":true,"href":"https:\/\/starlediluminacion.com\/fr\/wp-json\/wp\/v2\/product_tag?post=12174"}],"curies":[{"name":"wp","href":"https:\/\/api.w.org\/{rel}","templated":true}]}}