{"id":11934,"date":"2023-12-05T15:26:38","date_gmt":"2023-12-05T15:26:38","guid":{"rendered":"https:\/\/starlediluminacion.com\/?post_type=product&#038;p=11934"},"modified":"2024-06-16T14:41:27","modified_gmt":"2024-06-16T14:41:27","slug":"aro-marco-cuadrado-negro-orientable-para-gu10","status":"publish","type":"product","link":"https:\/\/starlediluminacion.com\/fr\/product\/aro-marco-cuadrado-negro-orientable-para-gu10\/","title":{"rendered":"<p>Aro Marco Cuadrado NEGRO Orientable Para GU10<\/p>"},"content":{"rendered":"<h1>Aro Cuadrado NEGRO Orientable para GU10<p>Les&nbsp;<strong>aro negro orientable<\/strong>&nbsp;pour&nbsp;<strong>GU10&nbsp;<\/strong>&nbsp;es un accesorio de iluminaci&oacute;n elegante y funcional, dise&ntilde;ado para ofrecer una soluci&oacute;n de iluminaci&oacute;n flexible y precisa en interiores.<\/p><p>Les&nbsp;<strong>marco&nbsp;cuadrado negro&nbsp;<\/strong>para GU10 y m&oacute;dulos LED tipo dicroicos, tiene un acabado elegante que se integra perfectamente en cualquier decoraci&oacute;n de interiores y aporta un toque de sofisticaci&oacute;n. Adem&aacute;s, su tama&ntilde;o compacto y peso ligero facilitan su instalaci&oacute;n y manejo.<\/p><p>El Aro&nbsp;est&aacute;&nbsp;fabricado en PC (Policarbonato) y presenta varias ventajas en su uso en zonas h&uacute;medas o costeras:<\/p><ol>\n<li>R\u00e9sistance \u00e0 l'humidit\u00e9 : le mat\u00e9riau PC utilis\u00e9 dans la fabrication de l'arceau poss\u00e8de des propri\u00e9t\u00e9s de r\u00e9sistance \u00e0 l'humidit\u00e9. Cela signifie qu'il peut r\u00e9sister \u00e0 des conditions d'humidit\u00e9 \u00e9lev\u00e9e sans \u00eatre endommag\u00e9 ou corrod\u00e9, ce qui permet de l'utiliser dans des zones o\u00f9 le taux d'humidit\u00e9 est \u00e9lev\u00e9.<\/li>\n<li>Protecci&oacute;n contra la corrosi&oacute;n: Al estar fabricado en PC, el aro Marco NEGRO&nbsp;es resistente a la corrosi&oacute;n causada por la exposici&oacute;n al agua salada en zonas costeras. Esto le permite mantener su apariencia y funcionalidad incluso en entornos marinos agresivos.<\/li>\n<li>Durabilit\u00e9 : le mat\u00e9riau PC utilis\u00e9 pour sa fabrication est connu pour sa durabilit\u00e9 et sa r\u00e9sistance aux chocs. La jante peut ainsi r\u00e9sister \u00e0 des conditions d\u00e9favorables, telles que des vents violents, des projections d'eau ou de sable, typiques des zones c\u00f4ti\u00e8res.<\/li>\n<\/ol><p>&nbsp;<\/p><p>Le pr\u00e9sent&nbsp;<strong>marco<\/strong>&nbsp;est&aacute; dise&ntilde;ado espec&iacute;ficamente para alojar bombillas&nbsp;<strong>GU10 &nbsp;<\/strong>y m&oacute;dulos LED tipo dicroicos, que se pueden instalar y reemplazar f&aacute;cilmente gracias a su mecanismo de sujeci&oacute;n sencillo y seguro.<\/p><h3 class=\"h6\">Fiche technique du produit<\/h3><dl class=\"data-sheet\">\n<dt class=\"name\"><img loading=\"lazy\" decoding=\"async\" src=\"https:\/\/www.factorled.com\/modules\/oa_features\/img\/2-default.jpg\" width=\"32\" height=\"32\">&nbsp;R\u00c9F\u00c9RENCE<\/dt>\n<dd class=\"value\">91802<\/dd>\n<dt class=\"name\"><img loading=\"lazy\" decoding=\"async\" src=\"https:\/\/www.factorled.com\/modules\/oa_features\/img\/25-default.jpg\" width=\"32\" height=\"32\">&nbsp;Mat\u00e9riaux de construction<\/dt>\n<dd class=\"value\">Polycarbonate<\/dd>\n<dt class=\"name\"><img loading=\"lazy\" decoding=\"async\" src=\"https:\/\/www.factorled.com\/modules\/oa_features\/img\/15-default.jpg\" width=\"32\" height=\"32\">&nbsp;Certificats<\/dt>\n<dd class=\"value\">CE<\/dd>\n<dt class=\"name\"><img loading=\"lazy\" decoding=\"async\" src=\"https:\/\/www.factorled.com\/modules\/oa_features\/img\/18-default.jpg\" width=\"32\" height=\"32\">&nbsp;Mesures (Mm)<\/dt>\n<dd class=\"value\">93x93xH29mm<\/dd>\n<dt class=\"name\"><img loading=\"lazy\" decoding=\"async\" src=\"https:\/\/www.factorled.com\/modules\/oa_features\/img\/27-default.jpg\" width=\"32\" height=\"32\">&nbsp;Coupe au plafond (Mm)<\/dt>\n<dd class=\"value\">&Oslash;75 mm<\/dd>\n<dt class=\"name\"><img loading=\"lazy\" decoding=\"async\" src=\"https:\/\/www.factorled.com\/modules\/oa_features\/img\/75-default.jpg\" width=\"32\" height=\"32\">&nbsp;Ann\u00e9es de garantie<\/dt>\n<dd class=\"value\">3<\/dd>\n<\/dl><\/h1>","protected":false},"excerpt":{"rendered":"<div class=\"product-reference\">\n<p><label class=\"label\">R\u00e9f\u00e9rence :<\/label> <strong>SL91802<\/strong><\/p>\n<div><\/div>\n<div class=\"product-description-short\">\n<div id=\"product-description-short-3170\">\n<p>Les&nbsp;<strong>aro cuadrado<\/strong>&nbsp;<strong>NEGRO&nbsp;orientable&nbsp;<\/strong>pour<strong>&nbsp;GU10&nbsp;<\/strong>en Policarbonato,<strong>&nbsp;<\/strong>es una soluci&oacute;n elegante y funcional para iluminaci&oacute;n de interiores, al mismo tiempo que permite su colocaci&oacute;n en zonas de alta humedad y zonas de costa salinas, ya que no se deterioran como los metales.<\/p>\n<p>El dise&ntilde;o permite ajustar la direcci&oacute;n de la luz, lo que lo hace ideal para resaltar elementos espec&iacute;ficos de una habitaci&oacute;n o para crear un ambiente agradable en cualquier espacio.&nbsp;Super&nbsp;f&aacute;cil instalaci&oacute;n. Soporta las zonas costeras y zonas de alta humedad sin deteriorarse al estar fabricado en PC.<\/p>\n<div class=\"col-md-12\"><i class=\"fa fa-truck\"><\/i>&nbsp;<span class=\"text-muted textprop\">Livraison dans les 24\/48 heures<\/span><\/div>\n<div class=\"col-md-12\"><i class=\"fa fa-exchange\"><\/i>&nbsp;<span class=\"text-muted textprop\">Garantie de produit assur\u00e9e<\/span><\/div>\n<div class=\"col-md-12 certificados\">\n<hr>\n<p><img decoding=\"async\" class=\"cert\" title=\"Classe \u00e9nerg\u00e9tique A++.\" src=\"https:\/\/www.factorled.com\/img\/icono-sello-ce.jpg\" alt=\"Certifi\u00e9 CE\"><\/p>\n<\/div>\n<\/div>\n<\/div><\/div>","protected":false},"featured_media":12114,"template":"","meta":{"site-sidebar-layout":"default","site-content-layout":"default","ast-global-header-display":"","ast-main-header-display":"","ast-hfb-above-header-display":"","ast-hfb-below-header-display":"","ast-hfb-mobile-header-display":"","site-post-title":"","ast-breadcrumbs-content":"","ast-featured-img":"","footer-sml-layout":"","theme-transparent-header-meta":"default","adv-header-id-meta":"","stick-header-meta":"","header-above-stick-meta":"","header-main-stick-meta":"","header-below-stick-meta":""},"product_cat":[62,23],"product_tag":[],"class_list":["post-11934","product","type-product","status-publish","has-post-thumbnail","hentry","product_cat-accesorios-lamparas-led","product_cat-bombillas-y-lamparas-led"],"_links":{"self":[{"href":"https:\/\/starlediluminacion.com\/fr\/wp-json\/wp\/v3\/product\/11934","targetHints":{"allow":["GET"]}}],"collection":[{"href":"https:\/\/starlediluminacion.com\/fr\/wp-json\/wp\/v3\/product"}],"about":[{"href":"https:\/\/starlediluminacion.com\/fr\/wp-json\/wp\/v2\/types\/product"}],"wp:featuredmedia":[{"embeddable":true,"href":"https:\/\/starlediluminacion.com\/fr\/wp-json\/wp\/v2\/media\/12114"}],"wp:attachment":[{"href":"https:\/\/starlediluminacion.com\/fr\/wp-json\/wp\/v2\/media?parent=11934"}],"wp:term":[{"taxonomy":"product_cat","embeddable":true,"href":"https:\/\/starlediluminacion.com\/fr\/wp-json\/wp\/v2\/product_cat?post=11934"},{"taxonomy":"product_tag","embeddable":true,"href":"https:\/\/starlediluminacion.com\/fr\/wp-json\/wp\/v2\/product_tag?post=11934"}],"curies":[{"name":"wp","href":"https:\/\/api.w.org\/{rel}","templated":true}]}}