{"id":11906,"date":"2023-12-05T14:36:34","date_gmt":"2023-12-05T14:36:34","guid":{"rendered":"https:\/\/starlediluminacion.com\/?post_type=product&#038;p=11906"},"modified":"2024-06-16T14:42:14","modified_gmt":"2024-06-16T14:42:14","slug":"bombilla-led-modern-metal-4w-e27-negro-big-o220mm","status":"publish","type":"product","link":"https:\/\/starlediluminacion.com\/fr\/product\/bombilla-led-modern-metal-4w-e27-negro-big-o220mm\/","title":{"rendered":"<p>Bombilla LED &ndash; Modern Metal &ndash; 4W E27 &ndash; Negro &ndash; BIG &Oslash;220mm<\/p>"},"content":{"rendered":"<h1>Bombilla Decorativa Modern Metal Negro 4W E27<h2>Un \u00e9clairage \u00e9l\u00e9gant et chaleureux pour tous les espaces<\/h2><p>Les&nbsp;<strong>grande ampoule d\u00e9corative 4W<\/strong>aluminium, finition blanche, avec capuchon blanc&nbsp;<strong>E27<\/strong>&nbsp;est une option \u00e9l\u00e9gante et chaleureuse pour tout espace int\u00e9rieur. Son design simple et minimaliste s'adapte \u00e0 tous les styles de d\u00e9coration, du plus classique au plus moderne.<\/p><p>L'ampoule est fabriqu\u00e9e en aluminium de haute qualit\u00e9, avec une finition de haute qualit\u00e9.&nbsp;<strong>noir mat<\/strong>&nbsp;ce qui lui conf\u00e8re un aspect moderne et sophistiqu\u00e9. L'ampoule a une puissance de 4 W, ce qui la rend \u00e9conome en \u00e9nergie. Elle produit une lumi\u00e8re chaude de 2200K ou 4000K, id\u00e9ale pour cr\u00e9er une atmosph\u00e8re chaleureuse et d\u00e9tendue.<\/p><p>Caract\u00e9ristiques :<\/p><ul>\n<li>Design simple et minimaliste<\/li>\n<li>Fabriqu\u00e9 en aluminium de haute qualit\u00e9<\/li>\n<li>Finition noire mate<\/li>\n<li>Filament expos\u00e9<\/li>\n<li>Puissance de 4W<\/li>\n<li>Temp\u00e9rature de la lumi\u00e8re : 2200K et 4000K<\/li>\n<\/ul><p>Avantages :<\/p><ul>\n<li>Un \u00e9clairage \u00e9l\u00e9gant et chaleureux<\/li>\n<li>S'adapte \u00e0 tous les styles de d\u00e9coration<\/li>\n<li>Facile \u00e0 installer<\/li>\n<li>\u00c9conomies d'\u00e9nergie<\/li>\n<li>Cr\u00e9e une atmosph\u00e8re chaleureuse et d\u00e9tendue<\/li>\n<\/ul><p>&nbsp;<\/p><h2>Utilisations de l'ampoule d\u00e9corative moderne m\u00e9tal noir 4W E27<\/h2><ul>\n<li>\u00c9clairage g\u00e9n\u00e9ral dans les maisons, les bureaux et les \u00e9tablissements commerciaux.<\/li>\n<li>\u00c9clairage d\u00e9coratif dans les salons, les chambres \u00e0 coucher, les salles \u00e0 manger et les autres parties communes de la maison.<\/li>\n<li>\u00c9clairage d'accentuation dans les couloirs, les escaliers, les armoires et autres lieux de passage dans la maison.<\/li>\n<li>\u00c9clairage de travail dans les bureaux, les tables et autres postes de travail.<\/li>\n<li>L'\u00e9clairage des espaces de lecture, qu'il s'agisse de maisons ou de biblioth\u00e8ques.<\/li>\n<li>\u00c9clairage de magasins et d'expositions dans les magasins et les salles d'exposition.<\/li>\n<\/ul><h3 class=\"h6\">Fiche technique du produit<\/h3><dl class=\"data-sheet\">\n<dt class=\"name\"><img loading=\"lazy\" decoding=\"async\" src=\"https:\/\/www.factorled.com\/modules\/oa_features\/img\/3-default.jpg\" width=\"32\" height=\"32\">&nbsp;Puissance nominale<\/dt>\n<dd class=\"value\">4W<\/dd>\n<dt class=\"name\"><img loading=\"lazy\" decoding=\"async\" src=\"https:\/\/www.factorled.com\/modules\/oa_features\/img\/4-default.jpg\" width=\"32\" height=\"32\">&nbsp;Tension nominale<\/dt>\n<dd class=\"value\">220-240 V AC<\/dd>\n<dt class=\"name\"><img loading=\"lazy\" decoding=\"async\" src=\"https:\/\/www.factorled.com\/modules\/oa_features\/img\/5-default.jpg\" width=\"32\" height=\"32\">&nbsp;Temp\u00e9rature de la lumi\u00e8re<\/dt>\n<dd class=\"value\">2200K - 4000K<\/dd>\n<dt class=\"name\"><img loading=\"lazy\" decoding=\"async\" src=\"https:\/\/www.factorled.com\/modules\/oa_features\/img\/6-default.jpg\" width=\"32\" height=\"32\">&nbsp;CRI - Indice de rendu des couleurs<\/dt>\n<dd class=\"value\">85<\/dd>\n<dt class=\"name\"><img loading=\"lazy\" decoding=\"async\" src=\"https:\/\/www.factorled.com\/modules\/oa_features\/img\/8-default.jpg\" width=\"32\" height=\"32\">&nbsp;Luminosit\u00e9-Lm<\/dt>\n<dd class=\"value\">400<\/dd>\n<dt class=\"name\"><img loading=\"lazy\" decoding=\"async\" src=\"https:\/\/www.factorled.com\/modules\/oa_features\/img\/10-default.jpg\" width=\"32\" height=\"32\">&nbsp;Angle d'ouverture (\u00ba)<\/dt>\n<dd class=\"value\">360\u00ba<\/dd>\n<dt class=\"name\"><img loading=\"lazy\" decoding=\"async\" src=\"https:\/\/www.factorled.com\/modules\/oa_features\/img\/14-default.jpg\" width=\"32\" height=\"32\">&nbsp;Capuchon<\/dt>\n<dd class=\"value\">E27<\/dd>\n<dt class=\"name\"><img loading=\"lazy\" decoding=\"async\" src=\"https:\/\/www.factorled.com\/modules\/oa_features\/img\/15-default.jpg\" width=\"32\" height=\"32\">&nbsp;Certificats<\/dt>\n<dd class=\"value\">CE - ROHS<\/dd>\n<dt class=\"name\"><img loading=\"lazy\" decoding=\"async\" src=\"https:\/\/www.factorled.com\/modules\/oa_features\/img\/16-default.jpg\" width=\"32\" height=\"32\">&nbsp;Indice IP<\/dt>\n<dd class=\"value\">IP20<\/dd>\n<dt class=\"name\"><img loading=\"lazy\" decoding=\"async\" src=\"https:\/\/www.factorled.com\/modules\/oa_features\/img\/21-default.jpg\" width=\"32\" height=\"32\">&nbsp;Fr\u00e9quence de travail (Hz)<\/dt>\n<dd class=\"value\">50\/60Hz<\/dd>\n<dt class=\"name\"><img loading=\"lazy\" decoding=\"async\" src=\"https:\/\/www.factorled.com\/modules\/oa_features\/img\/22-default.jpg\" width=\"32\" height=\"32\">&nbsp;Plage de temp\u00e9rature (\u00baC)<\/dt>\n<dd class=\"value\">-20?C ~ +55?C<\/dd>\n<dt class=\"name\"><img loading=\"lazy\" decoding=\"async\" src=\"https:\/\/www.factorled.com\/modules\/oa_features\/img\/23-default.jpg\" width=\"32\" height=\"32\">&nbsp;Cycles d'allumage<\/dt>\n<dd class=\"value\">100.000<\/dd>\n<dt class=\"name\"><img loading=\"lazy\" decoding=\"async\" src=\"https:\/\/www.factorled.com\/modules\/oa_features\/img\/24-default.jpg\" width=\"32\" height=\"32\">&nbsp;Temps de d\u00e9marrage (S)<\/dt>\n<dd class=\"value\">0,2s<\/dd>\n<dt class=\"name\"><img loading=\"lazy\" decoding=\"async\" src=\"https:\/\/www.factorled.com\/modules\/oa_features\/img\/26-default.jpg\" width=\"32\" height=\"32\">&nbsp;Informations compl\u00e9mentaires<\/dt>\n<dd class=\"value\">NO FLICK<\/dd>\n<dt class=\"name\"><img loading=\"lazy\" decoding=\"async\" src=\"https:\/\/www.factorled.com\/modules\/oa_features\/img\/7-default.jpg\" width=\"32\" height=\"32\">&nbsp;Classe \u00e9nerg\u00e9tique (2021-UE-2019\/2015)<\/dt>\n<dd class=\"value\">A+<\/dd>\n<dt class=\"name\"><img loading=\"lazy\" decoding=\"async\" src=\"https:\/\/www.factorled.com\/modules\/oa_features\/img\/101-default.jpg\" width=\"32\" height=\"32\">&nbsp;Classe \u00e9nerg\u00e9tique (2023 - EU-2019\/2015)<\/dt>\n<dd class=\"value\">F<\/dd>\n<dt class=\"name\"><img loading=\"lazy\" decoding=\"async\" src=\"https:\/\/www.factorled.com\/modules\/oa_features\/img\/75-default.jpg\" width=\"32\" height=\"32\">&nbsp;Ann\u00e9es de garantie<\/dt>\n<dd class=\"value\">3<\/dd>\n<\/dl><\/h1>","protected":false},"excerpt":{"rendered":"<div class=\"product-reference\"><label class=\"label\">R\u00e9f\u00e9rence :<\/label><strong> SL91755<\/strong>\n<div><\/div>\n<div class=\"product-description-short\">\n<div id=\"product-description-short-3160\">\n<p>Le pr\u00e9sent&nbsp;<strong>grande ampoule d\u00e9corative<\/strong>Il est dot\u00e9 d'un filament interne en PMMA et est \u00e9galement respectueux de l'environnement gr\u00e2ce \u00e0 son efficacit\u00e9 \u00e9nerg\u00e9tique, avec un syst\u00e8me d'alimentation en \u00e9nergie \u00e0 haut rendement.&nbsp;<strong>E27<\/strong>. Id\u00e9al pour l'\u00e9clairage d\u00e9coratif, la mise en valeur des espaces int\u00e9rieurs et l'originalit\u00e9 nocturne.<\/p>\n<p>L'ampoule est fabriqu\u00e9e en aluminium de haute qualit\u00e9, ce qui lui conf\u00e8re un aspect vintage et r\u00e9tro. Sa puissance de&nbsp;<strong>4W<\/strong>&nbsp;est parfait pour les espaces cosy et d\u00e9contract\u00e9s.<\/p>\n<div class=\"col-md-12\"><i class=\"fa fa-truck\"><\/i>&nbsp;<span class=\"text-muted textprop\">Livraison dans les 24\/48 heures<\/span><\/div>\n<div class=\"col-md-12\"><i class=\"fa fa-exchange\"><\/i>&nbsp;<span class=\"text-muted textprop\">Garantie de produit assur\u00e9e<\/span><\/div>\n<div class=\"col-md-12 certificados\">\n<hr>\n<p><img decoding=\"async\" class=\"cert\" title=\"Certifi\u00e9 CE\" src=\"https:\/\/www.factorled.com\/img\/icono-sello-ce.jpg\" alt=\"Certifi\u00e9 CE\">&nbsp;<img decoding=\"async\" class=\"cert\" title=\"Certificat ROHS\" src=\"https:\/\/www.factorled.com\/img\/icono-sello-rosh.jpg\" alt=\"Certificat ROHS\">&nbsp;<img decoding=\"async\" class=\"cert\" title=\"Classe \u00e9nerg\u00e9tique A+\" src=\"https:\/\/www.factorled.com\/img\/icono-sello-a+.jpg\" alt=\"Classe \u00e9nerg\u00e9tique A+\"><\/p><\/div>\n<\/div>\n<\/div><\/div>","protected":false},"featured_media":11913,"template":"","meta":{"site-sidebar-layout":"default","site-content-layout":"default","ast-global-header-display":"","ast-main-header-display":"","ast-hfb-above-header-display":"","ast-hfb-below-header-display":"","ast-hfb-mobile-header-display":"","site-post-title":"","ast-breadcrumbs-content":"","ast-featured-img":"","footer-sml-layout":"","theme-transparent-header-meta":"default","adv-header-id-meta":"","stick-header-meta":"","header-above-stick-meta":"","header-main-stick-meta":"","header-below-stick-meta":""},"product_cat":[46,23],"product_tag":[],"class_list":["post-11906","product","type-product","status-publish","has-post-thumbnail","hentry","product_cat-bombillas-led-e27","product_cat-bombillas-y-lamparas-led"],"_links":{"self":[{"href":"https:\/\/starlediluminacion.com\/fr\/wp-json\/wp\/v3\/product\/11906","targetHints":{"allow":["GET"]}}],"collection":[{"href":"https:\/\/starlediluminacion.com\/fr\/wp-json\/wp\/v3\/product"}],"about":[{"href":"https:\/\/starlediluminacion.com\/fr\/wp-json\/wp\/v2\/types\/product"}],"wp:featuredmedia":[{"embeddable":true,"href":"https:\/\/starlediluminacion.com\/fr\/wp-json\/wp\/v2\/media\/11913"}],"wp:attachment":[{"href":"https:\/\/starlediluminacion.com\/fr\/wp-json\/wp\/v2\/media?parent=11906"}],"wp:term":[{"taxonomy":"product_cat","embeddable":true,"href":"https:\/\/starlediluminacion.com\/fr\/wp-json\/wp\/v2\/product_cat?post=11906"},{"taxonomy":"product_tag","embeddable":true,"href":"https:\/\/starlediluminacion.com\/fr\/wp-json\/wp\/v2\/product_tag?post=11906"}],"curies":[{"name":"wp","href":"https:\/\/api.w.org\/{rel}","templated":true}]}}