{"id":11427,"date":"2023-12-04T11:23:18","date_gmt":"2023-12-04T11:23:18","guid":{"rendered":"https:\/\/starlediluminacion.com\/?post_type=product&#038;p=11427"},"modified":"2024-01-29T12:31:26","modified_gmt":"2024-01-29T12:31:26","slug":"bombilla-led-filamento-conica-decorativa-6w-e27-ambar-big-o120mm","status":"publish","type":"product","link":"https:\/\/starlediluminacion.com\/fr\/product\/bombilla-led-filamento-conica-decorativa-6w-e27-ambar-big-o120mm\/","title":{"rendered":"<p>Bombilla LED Filamento -CONICA- Decorativa 6W E27 &ndash; Ambar &ndash; BIG &Oslash;120mm<\/p>"},"content":{"rendered":"<h1>Bombilla LED Filamento -CONICA- Decorativa 6W E27 &ndash; Ambar<p>Le pr\u00e9sent&nbsp;<strong>ampoule d\u00e9corative<\/strong>&nbsp;de&nbsp;<strong>6W<\/strong>&nbsp;avec&nbsp;<strong>Socle E27<\/strong>&nbsp;offre une alternative \u00e0 haut rendement \u00e9nerg\u00e9tique pour embellir votre maison et votre entreprise.<\/p><p>Esta joya de iluminaci&oacute;n, en forma c&oacute;nica y equipada con tecnolog&iacute;a&nbsp;<strong>Filament LED<\/strong>La nouvelle ampoule allie un design sophistiqu\u00e9 \u00e0 une approche \u00e9cologique. Fabriqu\u00e9e avec soin \u00e0 partir de mat\u00e9riaux de premi\u00e8re qualit\u00e9 et d'un verre aux motifs exceptionnels, cette ampoule ne se contente pas d'\u00e9clairer vos espaces avec une efficacit\u00e9 exceptionnelle, elle s'associe \u00e9galement \u00e0 la cause de la protection de la plan\u00e8te gr\u00e2ce \u00e0 ses extraordinaires \u00e9conomies d'\u00e9nergie.<\/p><p>Su dise&ntilde;o moderno y elegante, caracterizado por una elegante carcasa de vidrio con forma de cono, se integra a la perfecci&oacute;n en cualquier esquema de decoraci&oacute;n de interiores. Esta adici&oacute;n no solo ilumina tus espacios, sino que tambi&eacute;n agrega un toque de encanto y estilo sin igual a tu entorno.<\/p><p>Outre son esth\u00e9tique remarquable, cette ampoule a \u00e9t\u00e9 m\u00e9ticuleusement con\u00e7ue pour une durabilit\u00e9 exceptionnelle, ce qui en fait un investissement intelligent \u00e0 long terme. Avec une dur\u00e9e de vie prolong\u00e9e et une consommation d'\u00e9nergie minimale, cette ampoule vous permet de b\u00e9n\u00e9ficier d'un \u00e9clairage efficace et durable sans compromis sur le style ou la performance.<\/p><h2>Usos de la&nbsp;Bombilla LED Filamento -CONICA- Decorativa 6W E27 &ndash; Ambar<\/h2><ul>\n<li>\u00c9clairage d\u00e9coratif<\/li>\n<li>Lampes suspendues<\/li>\n<li>Appliques industrielles<\/li>\n<li>Lampes de bureau ou de chevet<\/li>\n<\/ul><h3 class=\"h6\">Fiche technique du produit<\/h3><dl class=\"data-sheet\">\n<dt class=\"name\"><img loading=\"lazy\" decoding=\"async\" src=\"https:\/\/www.factorled.com\/modules\/oa_features\/img\/2-default.jpg\" width=\"32\" height=\"32\">&nbsp;R\u00c9F\u00c9RENCE<\/dt>\n<dd class=\"value\">DL6W-GW-91182<\/dd>\n<dt class=\"name\"><img loading=\"lazy\" decoding=\"async\" src=\"https:\/\/www.factorled.com\/modules\/oa_features\/img\/3-default.jpg\" width=\"32\" height=\"32\">&nbsp;Puissance nominale<\/dt>\n<dd class=\"value\">6w<\/dd>\n<dt class=\"name\"><img loading=\"lazy\" decoding=\"async\" src=\"https:\/\/www.factorled.com\/modules\/oa_features\/img\/4-default.jpg\" width=\"32\" height=\"32\">&nbsp;Tension nominale<\/dt>\n<dd class=\"value\">220-240V<\/dd>\n<dt class=\"name\"><img loading=\"lazy\" decoding=\"async\" src=\"https:\/\/www.factorled.com\/modules\/oa_features\/img\/5-default.jpg\" width=\"32\" height=\"32\">&nbsp;Temp\u00e9rature de la lumi\u00e8re<\/dt>\n<dd class=\"value\">1800K<\/dd>\n<dt class=\"name\"><img loading=\"lazy\" decoding=\"async\" src=\"https:\/\/www.factorled.com\/modules\/oa_features\/img\/6-default.jpg\" width=\"32\" height=\"32\">&nbsp;CRI - Indice de rendu des couleurs<\/dt>\n<dd class=\"value\">80<\/dd>\n<dt class=\"name\"><img loading=\"lazy\" decoding=\"async\" src=\"https:\/\/www.factorled.com\/modules\/oa_features\/img\/25-default.jpg\" width=\"32\" height=\"32\">&nbsp;Mat\u00e9riaux de construction<\/dt>\n<dd class=\"value\">PMMA + acier<\/dd>\n<dt class=\"name\"><img loading=\"lazy\" decoding=\"async\" src=\"https:\/\/www.factorled.com\/modules\/oa_features\/img\/8-default.jpg\" width=\"32\" height=\"32\">&nbsp;Luminosit\u00e9-Lm<\/dt>\n<dd class=\"value\">85<\/dd>\n<dt class=\"name\"><img loading=\"lazy\" decoding=\"async\" src=\"https:\/\/www.factorled.com\/modules\/oa_features\/img\/10-default.jpg\" width=\"32\" height=\"32\">&nbsp;Angle d'ouverture (\u00ba)<\/dt>\n<dd class=\"value\">360\u00ba<\/dd>\n<dt class=\"name\"><img loading=\"lazy\" decoding=\"async\" src=\"https:\/\/www.factorled.com\/modules\/oa_features\/img\/14-default.jpg\" width=\"32\" height=\"32\">&nbsp;Capuchon<\/dt>\n<dd class=\"value\">E27<\/dd>\n<dt class=\"name\"><img loading=\"lazy\" decoding=\"async\" src=\"https:\/\/www.factorled.com\/modules\/oa_features\/img\/15-default.jpg\" width=\"32\" height=\"32\">&nbsp;Certificats<\/dt>\n<dd class=\"value\">CE - ROHS<\/dd>\n<dt class=\"name\"><img loading=\"lazy\" decoding=\"async\" src=\"https:\/\/www.factorled.com\/modules\/oa_features\/img\/16-default.jpg\" width=\"32\" height=\"32\">&nbsp;Indice IP<\/dt>\n<dd class=\"value\">IP20<\/dd>\n<dt class=\"name\"><img loading=\"lazy\" decoding=\"async\" src=\"https:\/\/www.factorled.com\/modules\/oa_features\/img\/18-default.jpg\" width=\"32\" height=\"32\">&nbsp;Mesures (Mm)<\/dt>\n<dd class=\"value\">120x195mm<\/dd>\n<dt class=\"name\"><img loading=\"lazy\" decoding=\"async\" src=\"https:\/\/www.factorled.com\/modules\/oa_features\/img\/21-default.jpg\" width=\"32\" height=\"32\">&nbsp;Fr\u00e9quence de travail (Hz)<\/dt>\n<dd class=\"value\">50\/60Hz<\/dd>\n<dt class=\"name\"><img loading=\"lazy\" decoding=\"async\" src=\"https:\/\/www.factorled.com\/modules\/oa_features\/img\/22-default.jpg\" width=\"32\" height=\"32\">&nbsp;Plage de temp\u00e9rature (\u00baC)<\/dt>\n<dd class=\"value\">-20?C ~ +55?C<\/dd>\n<dt class=\"name\"><img loading=\"lazy\" decoding=\"async\" src=\"https:\/\/www.factorled.com\/modules\/oa_features\/img\/23-default.jpg\" width=\"32\" height=\"32\">&nbsp;Cycles d'allumage<\/dt>\n<dd class=\"value\">100.000<\/dd>\n<dt class=\"name\"><img loading=\"lazy\" decoding=\"async\" src=\"https:\/\/www.factorled.com\/modules\/oa_features\/img\/24-default.jpg\" width=\"32\" height=\"32\">&nbsp;Temps de d\u00e9marrage (S)<\/dt>\n<dd class=\"value\">0,2s<\/dd>\n<dt class=\"name\"><img loading=\"lazy\" decoding=\"async\" src=\"https:\/\/www.factorled.com\/modules\/oa_features\/img\/7-default.jpg\" width=\"32\" height=\"32\">&nbsp;Classe \u00e9nerg\u00e9tique (2021-UE-2019\/2015)<\/dt>\n<dd class=\"value\">A+<\/dd>\n<dt class=\"name\"><img loading=\"lazy\" decoding=\"async\" src=\"https:\/\/www.factorled.com\/modules\/oa_features\/img\/101-default.jpg\" width=\"32\" height=\"32\">&nbsp;Classe \u00e9nerg\u00e9tique (2023 - EU-2019\/2015)<\/dt>\n<dd class=\"value\">F<\/dd>\n<dt class=\"name\"><img loading=\"lazy\" decoding=\"async\" src=\"https:\/\/www.factorled.com\/modules\/oa_features\/img\/75-default.jpg\" width=\"32\" height=\"32\">&nbsp;Ann\u00e9es de garantie<\/dt>\n<dd class=\"value\">3<\/dd>\n<\/dl><\/h1>","protected":false},"excerpt":{"rendered":"<div class=\"product-reference\"><label class=\"label\">R\u00e9f\u00e9rence :<\/label> <strong>SLDL6W-GW-91182<\/strong>\n<div><\/div>\n<div class=\"product-description-short\">\n<div id=\"product-description-short-3084\">\n<p>Le pr\u00e9sent&nbsp;<strong>Ampoule LED \u00e0 filament<\/strong>&nbsp;<strong>6W<\/strong>&nbsp;con un dise&ntilde;o tipo c&oacute;nica, fabricada en vidrio estampado y con un&nbsp;<strong>Prise E27<\/strong>, es una elecci&oacute;n respetuosa con el medio ambiente gracias a su eficiencia energ&eacute;tica. Su atractivo dise&ntilde;o moderno y elegante, caracterizado por su carcasa de vidrio estampado en forma de cono, complementar&aacute; con estilo cualquier decoraci&oacute;n de interiores.<\/p>\n<div class=\"col-md-12\"><i class=\"fa fa-truck\"><\/i>&nbsp;<span class=\"text-muted textprop\">Livraison dans les 24\/48 heures<\/span><\/div>\n<div class=\"col-md-12\"><i class=\"fa fa-exchange\"><\/i>&nbsp;<span class=\"text-muted textprop\">Garantie de produit assur\u00e9e<\/span><\/div>\n<div><img decoding=\"async\" class=\"cert\" title=\"Certifi\u00e9 CE\" src=\"https:\/\/www.factorled.com\/img\/icono-sello-ce.jpg\" alt=\"Certifi\u00e9 CE\">&nbsp;<img decoding=\"async\" class=\"cert\" title=\"Certificat ROHS\" src=\"https:\/\/www.factorled.com\/img\/icono-sello-rosh.jpg\" alt=\"Certificat ROHS\">&nbsp;<img decoding=\"async\" class=\"cert\" title=\"Classe \u00e9nerg\u00e9tique A+\" src=\"https:\/\/www.factorled.com\/img\/icono-sello-a+.jpg\" alt=\"Classe \u00e9nerg\u00e9tique A+\"><\/div>\n<\/div>\n<\/div><\/div>","protected":false},"featured_media":11432,"template":"","meta":{"site-sidebar-layout":"default","site-content-layout":"default","ast-global-header-display":"","ast-main-header-display":"","ast-hfb-above-header-display":"","ast-hfb-below-header-display":"","ast-hfb-mobile-header-display":"","site-post-title":"","ast-breadcrumbs-content":"","ast-featured-img":"","footer-sml-layout":"","theme-transparent-header-meta":"default","adv-header-id-meta":"","stick-header-meta":"","header-above-stick-meta":"","header-main-stick-meta":"","header-below-stick-meta":""},"product_cat":[46,23],"product_tag":[],"class_list":["post-11427","product","type-product","status-publish","has-post-thumbnail","hentry","product_cat-bombillas-led-e27","product_cat-bombillas-y-lamparas-led"],"_links":{"self":[{"href":"https:\/\/starlediluminacion.com\/fr\/wp-json\/wp\/v3\/product\/11427","targetHints":{"allow":["GET"]}}],"collection":[{"href":"https:\/\/starlediluminacion.com\/fr\/wp-json\/wp\/v3\/product"}],"about":[{"href":"https:\/\/starlediluminacion.com\/fr\/wp-json\/wp\/v2\/types\/product"}],"wp:featuredmedia":[{"embeddable":true,"href":"https:\/\/starlediluminacion.com\/fr\/wp-json\/wp\/v2\/media\/11432"}],"wp:attachment":[{"href":"https:\/\/starlediluminacion.com\/fr\/wp-json\/wp\/v2\/media?parent=11427"}],"wp:term":[{"taxonomy":"product_cat","embeddable":true,"href":"https:\/\/starlediluminacion.com\/fr\/wp-json\/wp\/v2\/product_cat?post=11427"},{"taxonomy":"product_tag","embeddable":true,"href":"https:\/\/starlediluminacion.com\/fr\/wp-json\/wp\/v2\/product_tag?post=11427"}],"curies":[{"name":"wp","href":"https:\/\/api.w.org\/{rel}","templated":true}]}}