{"id":11403,"date":"2023-12-04T11:00:39","date_gmt":"2023-12-04T11:00:39","guid":{"rendered":"https:\/\/starlediluminacion.com\/?post_type=product&#038;p=11403"},"modified":"2024-01-29T12:32:07","modified_gmt":"2024-01-29T12:32:07","slug":"bombilla-led-filamento-decorativa-7w-e27-ambar","status":"publish","type":"product","link":"https:\/\/starlediluminacion.com\/fr\/product\/ampoule-led-filament-decorative-7w-e27-ambar\/","title":{"rendered":"<p>Ampoule d\u00e9corative \u00e0 filament LED 7W E27 - Ambre<\/p>"},"content":{"rendered":"<h1>Ampoule d\u00e9corative \u00e0 filament LED 7W E27 - Ambre<p>Le pr\u00e9sent&nbsp;<strong>ampoule d\u00e9corative&nbsp;<\/strong>de<strong>&nbsp;7W<\/strong>&nbsp;avec&nbsp;<strong>Socle E27<\/strong>&nbsp;offre une alternative \u00e0 haut rendement \u00e9nerg\u00e9tique pour embellir votre maison et votre entreprise.<\/p><p>Ce bijou lumineux en forme de citrouille, \u00e9quip\u00e9 des derni\u00e8res technologies&nbsp;<strong>Filament LED<\/strong>La nouvelle ampoule allie un design sophistiqu\u00e9 \u00e0 une approche \u00e9cologique. Fabriqu\u00e9e avec soin \u00e0 partir de mat\u00e9riaux de premi\u00e8re qualit\u00e9 et d'un verre aux motifs exceptionnels, cette ampoule ne se contente pas d'\u00e9clairer vos espaces avec une efficacit\u00e9 exceptionnelle, elle s'associe \u00e9galement \u00e0 la cause de la protection de la plan\u00e8te gr\u00e2ce \u00e0 ses extraordinaires \u00e9conomies d'\u00e9nergie.<\/p><p>Son design \u00e9l\u00e9gant et moderne, caract\u00e9ris\u00e9 par un \u00e9l\u00e9gant bo\u00eetier en verre en forme de citrouille, s'int\u00e8gre parfaitement \u00e0 tout type de d\u00e9coration int\u00e9rieure. Ce compl\u00e9ment ne se contente pas d'\u00e9clairer vos espaces, il ajoute \u00e9galement une touche de charme et de style incomparable \u00e0 votre environnement.<\/p><p>Outre son esth\u00e9tique remarquable, cette ampoule a \u00e9t\u00e9 m\u00e9ticuleusement con\u00e7ue pour une durabilit\u00e9 exceptionnelle, ce qui en fait un investissement intelligent \u00e0 long terme. Avec une dur\u00e9e de vie prolong\u00e9e et une consommation d'\u00e9nergie minimale, cette ampoule vous permet de b\u00e9n\u00e9ficier d'un \u00e9clairage efficace et durable sans compromis sur le style ou la performance.<\/p><h2>Utilisations de l'ampoule d\u00e9corative \u00e0 filament LED 7W E27 - Ambre<\/h2><ul>\n<li>\u00c9clairage d\u00e9coratif<\/li>\n<li>Lampes suspendues<\/li>\n<li>Appliques industrielles<\/li>\n<li>Lampes de bureau ou de chevet<\/li>\n<\/ul><h3 class=\"h6\">Fiche technique du produit<\/h3><dl class=\"data-sheet\">\n<dt class=\"name\"><img loading=\"lazy\" decoding=\"async\" src=\"https:\/\/www.factorled.com\/modules\/oa_features\/img\/2-default.jpg\" width=\"32\" height=\"32\">&nbsp;R\u00c9F\u00c9RENCE<\/dt>\n<dd class=\"value\">DL7W-GW-91178<\/dd>\n<dt class=\"name\"><img loading=\"lazy\" decoding=\"async\" src=\"https:\/\/www.factorled.com\/modules\/oa_features\/img\/3-default.jpg\" width=\"32\" height=\"32\">&nbsp;Puissance nominale<\/dt>\n<dd class=\"value\">7W<\/dd>\n<dt class=\"name\"><img loading=\"lazy\" decoding=\"async\" src=\"https:\/\/www.factorled.com\/modules\/oa_features\/img\/4-default.jpg\" width=\"32\" height=\"32\">&nbsp;Tension nominale<\/dt>\n<dd class=\"value\">220-240V<\/dd>\n<dt class=\"name\"><img loading=\"lazy\" decoding=\"async\" src=\"https:\/\/www.factorled.com\/modules\/oa_features\/img\/5-default.jpg\" width=\"32\" height=\"32\">&nbsp;Temp\u00e9rature de la lumi\u00e8re<\/dt>\n<dd class=\"value\">1800K<\/dd>\n<dt class=\"name\"><img loading=\"lazy\" decoding=\"async\" src=\"https:\/\/www.factorled.com\/modules\/oa_features\/img\/6-default.jpg\" width=\"32\" height=\"32\">&nbsp;CRI - Indice de rendu des couleurs<\/dt>\n<dd class=\"value\">80<\/dd>\n<dt class=\"name\"><img loading=\"lazy\" decoding=\"async\" src=\"https:\/\/www.factorled.com\/modules\/oa_features\/img\/25-default.jpg\" width=\"32\" height=\"32\">&nbsp;Mat\u00e9riaux de construction<\/dt>\n<dd class=\"value\">PMMA + acier<\/dd>\n<dt class=\"name\"><img loading=\"lazy\" decoding=\"async\" src=\"https:\/\/www.factorled.com\/modules\/oa_features\/img\/8-default.jpg\" width=\"32\" height=\"32\">&nbsp;Luminosit\u00e9-Lm<\/dt>\n<dd class=\"value\">85<\/dd>\n<dt class=\"name\"><img loading=\"lazy\" decoding=\"async\" src=\"https:\/\/www.factorled.com\/modules\/oa_features\/img\/10-default.jpg\" width=\"32\" height=\"32\">&nbsp;Angle d'ouverture (\u00ba)<\/dt>\n<dd class=\"value\">360\u00ba<\/dd>\n<dt class=\"name\"><img loading=\"lazy\" decoding=\"async\" src=\"https:\/\/www.factorled.com\/modules\/oa_features\/img\/14-default.jpg\" width=\"32\" height=\"32\">&nbsp;Capuchon<\/dt>\n<dd class=\"value\">E27<\/dd>\n<dt class=\"name\"><img loading=\"lazy\" decoding=\"async\" src=\"https:\/\/www.factorled.com\/modules\/oa_features\/img\/15-default.jpg\" width=\"32\" height=\"32\">&nbsp;Certificats<\/dt>\n<dd class=\"value\">CE - ROHS<\/dd>\n<dt class=\"name\"><img loading=\"lazy\" decoding=\"async\" src=\"https:\/\/www.factorled.com\/modules\/oa_features\/img\/16-default.jpg\" width=\"32\" height=\"32\">&nbsp;Indice IP<\/dt>\n<dd class=\"value\">IP20<\/dd>\n<dt class=\"name\"><img loading=\"lazy\" decoding=\"async\" src=\"https:\/\/www.factorled.com\/modules\/oa_features\/img\/18-default.jpg\" width=\"32\" height=\"32\">&nbsp;Mesures (Mm)<\/dt>\n<dd class=\"value\">130x166mm<\/dd>\n<dt class=\"name\"><img loading=\"lazy\" decoding=\"async\" src=\"https:\/\/www.factorled.com\/modules\/oa_features\/img\/21-default.jpg\" width=\"32\" height=\"32\">&nbsp;Fr\u00e9quence de travail (Hz)<\/dt>\n<dd class=\"value\">50\/60Hz<\/dd>\n<dt class=\"name\"><img loading=\"lazy\" decoding=\"async\" src=\"https:\/\/www.factorled.com\/modules\/oa_features\/img\/22-default.jpg\" width=\"32\" height=\"32\">&nbsp;Plage de temp\u00e9rature (\u00baC)<\/dt>\n<dd class=\"value\">-20?C ~ +55?C<\/dd>\n<dt class=\"name\"><img loading=\"lazy\" decoding=\"async\" src=\"https:\/\/www.factorled.com\/modules\/oa_features\/img\/23-default.jpg\" width=\"32\" height=\"32\">&nbsp;Cycles d'allumage<\/dt>\n<dd class=\"value\">100.000<\/dd>\n<dt class=\"name\"><img loading=\"lazy\" decoding=\"async\" src=\"https:\/\/www.factorled.com\/modules\/oa_features\/img\/24-default.jpg\" width=\"32\" height=\"32\">&nbsp;Temps de d\u00e9marrage (S)<\/dt>\n<dd class=\"value\">0,2s<\/dd>\n<dt class=\"name\"><img loading=\"lazy\" decoding=\"async\" src=\"https:\/\/www.factorled.com\/modules\/oa_features\/img\/7-default.jpg\" width=\"32\" height=\"32\">&nbsp;Classe \u00e9nerg\u00e9tique (2021-UE-2019\/2015)<\/dt>\n<dd class=\"value\">A+<\/dd>\n<dt class=\"name\"><img loading=\"lazy\" decoding=\"async\" src=\"https:\/\/www.factorled.com\/modules\/oa_features\/img\/101-default.jpg\" width=\"32\" height=\"32\">&nbsp;Classe \u00e9nerg\u00e9tique (2023 - EU-2019\/2015)<\/dt>\n<dd class=\"value\">F<\/dd>\n<dt class=\"name\"><img loading=\"lazy\" decoding=\"async\" src=\"https:\/\/www.factorled.com\/modules\/oa_features\/img\/75-default.jpg\" width=\"32\" height=\"32\">&nbsp;Ann\u00e9es de garantie<\/dt>\n<dd class=\"value\">3<\/dd>\n<\/dl><\/h1>","protected":false},"excerpt":{"rendered":"<div class=\"product-reference\"><label class=\"label\">R\u00e9f\u00e9rence :<\/label><strong> SLDL7W-GW-91178<\/strong>\n<div><\/div>\n<div class=\"product-description-short\">\n<div id=\"product-description-short-3080\">\n<p>Le pr\u00e9sent&nbsp;<strong>Ampoule LED \u00e0 filament<\/strong>&nbsp;<strong>7W<\/strong>&nbsp;avec un motif en forme de citrouille, en verre \u00e0 motifs et avec une&nbsp;<strong>Prise E27<\/strong>est un choix respectueux de l'environnement gr\u00e2ce \u00e0 son efficacit\u00e9 \u00e9nerg\u00e9tique. Son design attrayant, moderne et \u00e9l\u00e9gant, caract\u00e9ris\u00e9 par son bo\u00eetier en verre \u00e0 motif de citrouille, s'int\u00e9grera avec style \u00e0 tout d\u00e9cor int\u00e9rieur.<\/p>\n<div class=\"col-md-12\"><i class=\"fa fa-truck\"><\/i>&nbsp;<span class=\"text-muted textprop\">Livraison dans les 24\/48 heures<\/span><\/div>\n<div class=\"col-md-12\"><i class=\"fa fa-exchange\"><\/i>&nbsp;<span class=\"text-muted textprop\">Garantie de produit assur\u00e9e<\/span><\/div>\n<\/div>\n<\/div><\/div>","protected":false},"featured_media":11408,"template":"","meta":{"site-sidebar-layout":"default","site-content-layout":"default","ast-global-header-display":"","ast-main-header-display":"","ast-hfb-above-header-display":"","ast-hfb-below-header-display":"","ast-hfb-mobile-header-display":"","site-post-title":"","ast-breadcrumbs-content":"","ast-featured-img":"","footer-sml-layout":"","theme-transparent-header-meta":"default","adv-header-id-meta":"","stick-header-meta":"","header-above-stick-meta":"","header-main-stick-meta":"","header-below-stick-meta":""},"product_cat":[46,23],"product_tag":[],"class_list":["post-11403","product","type-product","status-publish","has-post-thumbnail","hentry","product_cat-bombillas-led-e27","product_cat-bombillas-y-lamparas-led"],"_links":{"self":[{"href":"https:\/\/starlediluminacion.com\/fr\/wp-json\/wp\/v3\/product\/11403","targetHints":{"allow":["GET"]}}],"collection":[{"href":"https:\/\/starlediluminacion.com\/fr\/wp-json\/wp\/v3\/product"}],"about":[{"href":"https:\/\/starlediluminacion.com\/fr\/wp-json\/wp\/v2\/types\/product"}],"wp:featuredmedia":[{"embeddable":true,"href":"https:\/\/starlediluminacion.com\/fr\/wp-json\/wp\/v2\/media\/11408"}],"wp:attachment":[{"href":"https:\/\/starlediluminacion.com\/fr\/wp-json\/wp\/v2\/media?parent=11403"}],"wp:term":[{"taxonomy":"product_cat","embeddable":true,"href":"https:\/\/starlediluminacion.com\/fr\/wp-json\/wp\/v2\/product_cat?post=11403"},{"taxonomy":"product_tag","embeddable":true,"href":"https:\/\/starlediluminacion.com\/fr\/wp-json\/wp\/v2\/product_tag?post=11403"}],"curies":[{"name":"wp","href":"https:\/\/api.w.org\/{rel}","templated":true}]}}