{"id":11096,"date":"2023-09-26T08:59:37","date_gmt":"2023-09-26T08:59:37","guid":{"rendered":"https:\/\/starlediluminacion.com\/?post_type=product&#038;p=11096"},"modified":"2024-01-07T13:22:05","modified_gmt":"2024-01-07T13:22:05","slug":"cable-de-alimentacion-para-tira-de-led-220v-spsmd120d10w","status":"publish","type":"product","link":"https:\/\/starlediluminacion.com\/fr\/product\/cable-de-alimentacion-para-tira-de-led-220v-spsmd120d10w\/","title":{"rendered":"<p>Cable de alimentaci&oacute;n para Tira de LED 220V SPSMD120D10W<\/p>"},"content":{"rendered":"<h1>Cable de alimentaci&oacute;n para Tira de LED 220V SPSMD120D10W<p>Los cables de alimentaci&oacute;n para tira de LED de 220V son componentes esenciales para la instalaci&oacute;n y funcionamiento de sistemas de iluminaci&oacute;n LED de alta tensi&oacute;n. Est&aacute;n dise&ntilde;ados para proporcionar la conexi&oacute;n el&eacute;ctrica segura y confiable entre la fuente de alimentaci&oacute;n y la tira de LED.<\/p><p>Estos cables son especialmente ideales para aplicaciones en las que se requiere una mayor potencia, como la iluminaci&oacute;n de exteriores o espacios m&aacute;s grandes. Su construcci&oacute;n robusta y aislamiento adecuado garantiza un rendimiento estable y duradero.<\/p><h3 class=\"page-product-heading\">DONN\u00c9ES TECHNIQUES<\/h3><div class=\"col-xs-12 col-md-6\">\n<table class=\"table table-data-sheet 1\">\n<tbody>\n<tr class=\"odd\">\n<td valign=\"middle\" width=\"32\"><img decoding=\"async\" title=\"r\u00e9f\u00e9rence\" src=\"https:\/\/www.factorled.com\/modules\/oa_features\/img\/2-default.jpg\" alt=\"r\u00e9f\u00e9rence\"><\/td>\n<td valign=\"middle\">REFERENCE :<\/td>\n<td valign=\"middle\">SL91673<\/td>\n<\/tr>\n<tr class=\"even\">\n<td valign=\"middle\" width=\"32\"><img decoding=\"async\" title=\"Tension nominale\" src=\"https:\/\/www.factorled.com\/modules\/oa_features\/img\/4-default.jpg\" alt=\"Tension nominale\"><\/td>\n<td valign=\"middle\">Tension nominale :<\/td>\n<td valign=\"middle\">220V-240V<\/td>\n<\/tr>\n<tr class=\"odd\">\n<td valign=\"middle\" width=\"32\"><img decoding=\"async\" title=\"Mat\u00e9riaux de construction\" src=\"https:\/\/www.factorled.com\/modules\/oa_features\/img\/25-default.jpg\" alt=\"Mat\u00e9riaux de construction\"><\/td>\n<td valign=\"middle\">Mat\u00e9riaux de construction :<\/td>\n<td valign=\"middle\">Thermoplastique ignifuge<\/td>\n<\/tr>\n<tr class=\"even\">\n<td valign=\"middle\" width=\"32\"><img decoding=\"async\" title=\"Certificats\" src=\"https:\/\/www.factorled.com\/modules\/oa_features\/img\/15-default.jpg\" alt=\"Certificats\"><\/td>\n<td valign=\"middle\">Certificats :<\/td>\n<td valign=\"middle\">CE - ROHS<\/td>\n<\/tr>\n<tr class=\"odd\">\n<td valign=\"middle\" width=\"32\"><img decoding=\"async\" title=\"Classe IP\" src=\"https:\/\/www.factorled.com\/modules\/oa_features\/img\/16-default.jpg\" alt=\"Classe IP\"><\/td>\n<td valign=\"middle\">Indice de protection IP :<\/td>\n<td valign=\"middle\">IP20<\/td>\n<\/tr>\n<\/tbody>\n<\/table>\n<\/div><div class=\"col-xs-12 col-md-6 2\">\n<table class=\"table table-data-sheet 2\">\n<tbody>\n<tr class=\"odd\">\n<td valign=\"middle\" width=\"32\"><img decoding=\"async\" title=\"Mesures \" src=\"https:\/\/www.factorled.com\/modules\/oa_features\/img\/18-default.jpg\" alt=\"Mesures \"><\/td>\n<td valign=\"middle\">Dimensions (mm) :<\/td>\n<td valign=\"middle\">L: 31cm<\/td>\n<\/tr>\n<tr class=\"even\">\n<td valign=\"middle\" width=\"32\"><img decoding=\"async\" title=\"Fr\u00e9quence de travail \" src=\"https:\/\/www.factorled.com\/modules\/oa_features\/img\/21-default.jpg\" alt=\"Fr\u00e9quence de travail \"><\/td>\n<td valign=\"middle\">Fr\u00e9quence de travail (Hz) :<\/td>\n<td valign=\"middle\">50\/60Hz<\/td>\n<\/tr>\n<tr class=\"odd\">\n<td valign=\"middle\" width=\"32\"><img decoding=\"async\" title=\"Plage de temp\u00e9rature \" src=\"https:\/\/www.factorled.com\/modules\/oa_features\/img\/22-default.jpg\" alt=\"Plage de temp\u00e9rature \"><\/td>\n<td valign=\"middle\">Plage de temp\u00e9rature (\u00baC) :<\/td>\n<td valign=\"middle\">-20\u00b0C ~ +55\u00b0C<\/td>\n<\/tr>\n<tr class=\"even\">\n<td valign=\"middle\" width=\"32\"><img decoding=\"async\" title=\"Classe \u00e9nergie\" src=\"https:\/\/www.factorled.com\/modules\/oa_features\/img\/7-default.jpg\" alt=\"Classe \u00e9nergie\"><\/td>\n<td valign=\"middle\">Classe \u00e9nerg\u00e9tique (2021-EU-2019\/2015) :<\/td>\n<td valign=\"middle\">A+<\/td>\n<\/tr>\n<tr class=\"odd\">\n<td valign=\"middle\" width=\"32\"><img decoding=\"async\" title=\"Garantie\" src=\"https:\/\/www.factorled.com\/modules\/oa_features\/img\/75-default.jpg\" alt=\"Garantie\"><\/td>\n<td valign=\"middle\">Ann\u00e9es de garantie :<\/td>\n<td valign=\"middle\">3<\/td>\n<\/tr>\n<\/tbody>\n<\/table>\n<\/div><p>&nbsp;<\/p><\/h1>","protected":false},"excerpt":{"rendered":"<p>REFERENCIA: SL91673<p>Los cables de alimentaci&oacute;n para tira de LED de 220V son componentes esenciales para la instalaci&oacute;n y funcionamiento de sistemas de iluminaci&oacute;n LED de alta tensi&oacute;n. Est&aacute;n dise&ntilde;ados para proporcionar la conexi&oacute;n el&eacute;ctrica segura y confiable entre la fuente de alimentaci&oacute;n y la tira de LED.<\/p><p>Debes adquirir un cable de conexi&oacute;n por cada tramo de tira led que compres<\/p><div class=\"col-md-12\"><i class=\"fa fa-truck\"><\/i>&nbsp;<span class=\"text-muted textprop\">Livraison dans les 24\/48 heures<\/span><\/div><div class=\"col-md-12\"><i class=\"fa fa-exchange\"><\/i>&nbsp;<span class=\"text-muted textprop\">Garantie assur\u00e9e<\/span><\/div><div class=\"col-md-12\"><i class=\"fa fa-box\"><\/i>&nbsp;<span class=\"text-muted textprop\">50 unit\u00e9(s) par bo\u00eete \u00e0 outils<\/span><\/div><\/p>","protected":false},"featured_media":11097,"template":"","meta":{"site-sidebar-layout":"default","site-content-layout":"default","ast-global-header-display":"","ast-main-header-display":"","ast-hfb-above-header-display":"","ast-hfb-below-header-display":"","ast-hfb-mobile-header-display":"","site-post-title":"","ast-breadcrumbs-content":"","ast-featured-img":"","footer-sml-layout":"","theme-transparent-header-meta":"default","adv-header-id-meta":"","stick-header-meta":"","header-above-stick-meta":"","header-main-stick-meta":"","header-below-stick-meta":""},"product_cat":[92,45],"product_tag":[],"class_list":["post-11096","product","type-product","status-publish","has-post-thumbnail","hentry","product_cat-accesorios-tiras-led","product_cat-tiras-led-y-neon-flexible"],"_links":{"self":[{"href":"https:\/\/starlediluminacion.com\/fr\/wp-json\/wp\/v3\/product\/11096","targetHints":{"allow":["GET"]}}],"collection":[{"href":"https:\/\/starlediluminacion.com\/fr\/wp-json\/wp\/v3\/product"}],"about":[{"href":"https:\/\/starlediluminacion.com\/fr\/wp-json\/wp\/v2\/types\/product"}],"wp:featuredmedia":[{"embeddable":true,"href":"https:\/\/starlediluminacion.com\/fr\/wp-json\/wp\/v2\/media\/11097"}],"wp:attachment":[{"href":"https:\/\/starlediluminacion.com\/fr\/wp-json\/wp\/v2\/media?parent=11096"}],"wp:term":[{"taxonomy":"product_cat","embeddable":true,"href":"https:\/\/starlediluminacion.com\/fr\/wp-json\/wp\/v2\/product_cat?post=11096"},{"taxonomy":"product_tag","embeddable":true,"href":"https:\/\/starlediluminacion.com\/fr\/wp-json\/wp\/v2\/product_tag?post=11096"}],"curies":[{"name":"wp","href":"https:\/\/api.w.org\/{rel}","templated":true}]}}