{"id":10921,"date":"2023-09-25T15:16:36","date_gmt":"2023-09-25T15:16:36","guid":{"rendered":"https:\/\/starlediluminacion.com\/?post_type=product&#038;p=10921"},"modified":"2024-01-07T13:25:41","modified_gmt":"2024-01-07T13:25:41","slug":"neon-led-5-metros-blanco-frio-6000k-led-6mm-12v-corte-25cm","status":"publish","type":"product","link":"https:\/\/starlediluminacion.com\/fr\/product\/neon-led-5-metros-blanco-frio-6000k-led-6mm-12v-corte-25cm\/","title":{"rendered":"<p>N\u00e9on LED - 5 m\u00e8tres - Blanc froid - 6000K - LED 6mm- 12V - Coupe 2,5cm<\/p>"},"content":{"rendered":"<h1>N\u00e9on LED - 5 m\u00e8tres - Blanc froid - 6000K - LED 6mm- 12V - Coupe 2,5cm<p>Pr\u00eat \u00e0 transformer votre monde en un paradis de lumi\u00e8re et de cr\u00e9ativit\u00e9, d\u00e9couvrez le n\u00e9on LED 5m qui changera votre fa\u00e7on de voir l'\u00e9clairage ! Ce produit n'est pas seulement une source de lumi\u00e8re, c'est un chef-d'\u0153uvre qui ajoutera une touche unique et excitante \u00e0 votre environnement.<\/p><p>&nbsp;<\/p><p>Avantages in\u00e9gal\u00e9s des n\u00e9ons LED :<\/p><p>&nbsp;<\/p><p><em>1. l'\u00e9clat \u00e9blouissant<\/em>Notre n\u00e9on LED de 6 mm utilise la technologie SMD2835 pour vous offrir une luminosit\u00e9 impressionnante. Finis les espaces sombres et les \u00e9clairages faibles. Ce n\u00e9on LED vous plonge dans une lumi\u00e8re captivante et uniforme.<\/p><p><em>2. la polyvalence \u00e0 son meilleur<\/em>Le silicone flexible vous permet de mouler et de plier le n\u00e9on LED selon vos souhaits. Donnez forme \u00e0 vos id\u00e9es sans limites et cr\u00e9ez des designs uniques qui refl\u00e8tent votre style et votre personnalit\u00e9.<\/p><p><em>3. Efficacit\u00e9 \u00e9nerg\u00e9tique<\/em>Avec une consommation d'\u00e9nergie de seulement 7 watts par m\u00e8tre, le LED Neon est respectueux de l'environnement et de votre portefeuille. Profitez d'une illumination \u00e9tonnante sans vous soucier de votre facture d'\u00e9lectricit\u00e9.<\/p><p><em>4. Facile \u00e0 installer<\/em>Avec une tension de 12 V et la possibilit\u00e9 de couper tous les 2,5 cm, l'installation est un jeu d'enfant. Vous n'avez pas besoin d'\u00eatre un expert en \u00e9lectricit\u00e9 pour donner vie \u00e0 vos id\u00e9es d'\u00e9clairage. Si vous devez couper notre N\u00e9on LED 12Volt, pour l'utiliser \u00e0 l'ext\u00e9rieur, vous devrez n\u00e9cessairement l'isoler avec de la colle silicone pour rendre le produit IP65.  Nous vous recommandons d'utiliser notre colle code 3565.<\/p><p>&nbsp;<\/p><p>O\u00f9 utiliser les n\u00e9ons LED :<\/p><p>&nbsp;<\/p><ul>\n<li>D\u00e9coration int\u00e9rieure innovante : ajoutez une touche de magie \u00e0 votre int\u00e9rieur. Illuminez les couloirs, les salons, les chambres \u00e0 coucher et cr\u00e9ez une atmosph\u00e8re chaleureuse et moderne.<\/li>\n<li>Espaces commerciaux attrayants : mettez en valeur votre entreprise avec une enseigne lumineuse attrayante ou mettez en valeur les produits expos\u00e9s.<\/li>\n<li>\u00c9v\u00e9nements m\u00e9morables : donnez vie \u00e0 vos f\u00eates et c\u00e9l\u00e9brations gr\u00e2ce \u00e0 un \u00e9clairage spectaculaire. Mariages, anniversaires, \u00e9v\u00e9nements d'entreprise, le n\u00e9on LED volera toujours la vedette !<\/li>\n<li>Projets artistiques et cr\u00e9atifs : Inspirez votre c\u00f4t\u00e9 artistique. Utilisez les LED N\u00e9on dans des installations artistiques, des sculptures lumineuses et des projets de design qui laisseront tout le monde bouche b\u00e9e.<\/li>\n<\/ul><p>&nbsp;<\/p><p>N'attendez plus pour transformer votre environnement en quelque chose de vraiment extraordinaire. Le N\u00e9on LED - 5 m\u00e8tres - Silicone - LED 6mm - 12V - Coupe tous les 2,5cm ; SMD2835 ; 7 Watts\/M\u00e8tre est le choix ultime pour ceux qui recherchent la qualit\u00e9, la polyvalence et une touche d'avant-garde dans leur \u00e9clairage.<\/p><p>Cliquez maintenant et ajoutez ce tr\u00e9sor d'\u00e9clairage \u00e0 votre vie ! Votre maison, votre entreprise et vos \u00e9v\u00e9nements ne seront plus jamais les m\u00eames.<\/p><p><em>Note : L'installation par un professionnel est recommand\u00e9e pour garantir des performances et une s\u00e9curit\u00e9 optimales.<\/em><\/p><h3 class=\"page-product-heading\">DONN\u00c9ES TECHNIQUES<\/h3><div class=\"col-xs-12 col-md-6\">\n<table class=\"table table-data-sheet 1\">\n<tbody>\n<tr class=\"odd\">\n<td valign=\"middle\" width=\"32\"><img decoding=\"async\" title=\"r\u00e9f\u00e9rence\" src=\"https:\/\/www.factorled.com\/modules\/oa_features\/img\/2-default.jpg\" alt=\"r\u00e9f\u00e9rence\"><\/td>\n<td valign=\"middle\">REFERENCE :<\/td>\n<td valign=\"middle\">SLFL95100<\/td>\n<\/tr>\n<tr class=\"even\">\n<td valign=\"middle\" width=\"32\"><img decoding=\"async\" title=\"Puissance nominale \" src=\"https:\/\/www.factorled.com\/modules\/oa_features\/img\/3-default.jpg\" alt=\"Puissance nominale \"><\/td>\n<td valign=\"middle\">Puissance nominale :<\/td>\n<td valign=\"middle\">7W\/M<\/td>\n<\/tr>\n<tr class=\"odd\">\n<td valign=\"middle\" width=\"32\"><img decoding=\"async\" title=\"Tension nominale\" src=\"https:\/\/www.factorled.com\/modules\/oa_features\/img\/4-default.jpg\" alt=\"Tension nominale\"><\/td>\n<td valign=\"middle\">Tension nominale :<\/td>\n<td valign=\"middle\">12V DC<\/td>\n<\/tr>\n<tr class=\"even\">\n<td valign=\"middle\" width=\"32\"><img decoding=\"async\" title=\"Temp\u00e9rature de la lumi\u00e8re\" src=\"https:\/\/www.factorled.com\/modules\/oa_features\/img\/5-default.jpg\" alt=\"Temp\u00e9rature de la lumi\u00e8re\"><\/td>\n<td valign=\"middle\">Temp\u00e9rature de la lumi\u00e8re :<\/td>\n<td valign=\"middle\">6000K<\/td>\n<\/tr>\n<tr class=\"odd\">\n<td valign=\"middle\" width=\"32\"><img decoding=\"async\" title=\"Mat\u00e9riaux de construction\" src=\"https:\/\/www.factorled.com\/modules\/oa_features\/img\/25-default.jpg\" alt=\"Mat\u00e9riaux de construction\"><\/td>\n<td valign=\"middle\">Mat\u00e9riaux de construction :<\/td>\n<td valign=\"middle\">Silicone<\/td>\n<\/tr>\n<tr class=\"even\">\n<td valign=\"middle\" width=\"32\"><img decoding=\"async\" title=\"Type de LED\" src=\"https:\/\/www.factorled.com\/modules\/oa_features\/img\/9-default.jpg\" alt=\"Type de LED\"><\/td>\n<td valign=\"middle\">Type de DEL :<\/td>\n<td valign=\"middle\">SMD 2835<\/td>\n<\/tr>\n<tr class=\"odd\">\n<td valign=\"middle\" width=\"32\"><img decoding=\"async\" title=\"Angle d&#039;ouverture\" src=\"https:\/\/www.factorled.com\/modules\/oa_features\/img\/10-default.jpg\" alt=\"Angle d&#039;ouverture\"><\/td>\n<td valign=\"middle\">Angle d'ouverture (\u00ba) :<\/td>\n<td valign=\"middle\">180\u00ba<\/td>\n<\/tr>\n<tr class=\"even\">\n<td valign=\"middle\" width=\"32\"><img decoding=\"async\" title=\"Efficacit\u00e9 Diode LED\" src=\"https:\/\/www.factorled.com\/modules\/oa_features\/img\/12-default.jpg\" alt=\"Efficacit\u00e9 Diode LED\"><\/td>\n<td valign=\"middle\">Efficacit\u00e9 de la diode LED (Lm\/W) :<\/td>\n<td valign=\"middle\">110 Lm\/W<\/td>\n<\/tr>\n<tr class=\"odd\">\n<td valign=\"middle\" width=\"32\"><img decoding=\"async\" title=\"Efficacit\u00e9 lumineuse\" src=\"https:\/\/www.factorled.com\/modules\/oa_features\/img\/13-default.jpg\" alt=\"Efficacit\u00e9 lumineuse\"><\/td>\n<td valign=\"middle\">Efficacit\u00e9 lumineuse (Lm\/W) :<\/td>\n<td valign=\"middle\">80Lm\/W<\/td>\n<\/tr>\n<tr class=\"even\">\n<td valign=\"middle\" width=\"32\"><img decoding=\"async\" title=\"Dimable\" src=\"https:\/\/www.factorled.com\/modules\/oa_features\/img\/11-default.jpg\" alt=\"Dimable\"><\/td>\n<td valign=\"middle\">Dimmable :<\/td>\n<td valign=\"middle\">TRIAC<\/td>\n<\/tr>\n<\/tbody>\n<\/table>\n<\/div><div class=\"col-xs-12 col-md-6 2\">\n<table class=\"table table-data-sheet 2\">\n<tbody>\n<tr class=\"odd\">\n<td valign=\"middle\" width=\"32\"><img decoding=\"async\" title=\"Certificats\" src=\"https:\/\/www.factorled.com\/modules\/oa_features\/img\/15-default.jpg\" alt=\"Certificats\"><\/td>\n<td valign=\"middle\">Certificats :<\/td>\n<td valign=\"middle\">CE - ROHS<\/td>\n<\/tr>\n<tr class=\"even\">\n<td valign=\"middle\" width=\"32\"><img decoding=\"async\" title=\"Classe IP\" src=\"https:\/\/www.factorled.com\/modules\/oa_features\/img\/16-default.jpg\" alt=\"Classe IP\"><\/td>\n<td valign=\"middle\">Indice de protection IP :<\/td>\n<td valign=\"middle\">IP65-Ext\u00e9rieur<\/td>\n<\/tr>\n<tr class=\"odd\">\n<td valign=\"middle\" width=\"32\"><img decoding=\"async\" title=\"Dur\u00e9e de vie estim\u00e9e \" src=\"https:\/\/www.factorled.com\/modules\/oa_features\/img\/17-default.jpg\" alt=\"Dur\u00e9e de vie estim\u00e9e \"><\/td>\n<td valign=\"middle\">Dur\u00e9e de vie estim\u00e9e de la diode LED (H) :<\/td>\n<td valign=\"middle\">30.000<\/td>\n<\/tr>\n<tr class=\"even\">\n<td valign=\"middle\" width=\"32\"><img decoding=\"async\" title=\"Mesures \" src=\"https:\/\/www.factorled.com\/modules\/oa_features\/img\/18-default.jpg\" alt=\"Mesures \"><\/td>\n<td valign=\"middle\">Dimensions (mm) :<\/td>\n<td valign=\"middle\">L5000x6x12mm<\/td>\n<\/tr>\n<tr class=\"odd\">\n<td valign=\"middle\" width=\"32\"><img decoding=\"async\" title=\"Fr\u00e9quence de travail \" src=\"https:\/\/www.factorled.com\/modules\/oa_features\/img\/21-default.jpg\" alt=\"Fr\u00e9quence de travail \"><\/td>\n<td valign=\"middle\">Fr\u00e9quence de travail (Hz) :<\/td>\n<td valign=\"middle\">50\/60Hz<\/td>\n<\/tr>\n<tr class=\"even\">\n<td valign=\"middle\" width=\"32\"><img decoding=\"async\" title=\"Plage de temp\u00e9rature \" src=\"https:\/\/www.factorled.com\/modules\/oa_features\/img\/22-default.jpg\" alt=\"Plage de temp\u00e9rature \"><\/td>\n<td valign=\"middle\">Plage de temp\u00e9rature (\u00baC) :<\/td>\n<td valign=\"middle\">-20\u00b0C ~ +55\u00b0C<\/td>\n<\/tr>\n<tr class=\"odd\">\n<td valign=\"middle\" width=\"32\"><img decoding=\"async\" title=\"Cycles d&#039;allumage\" src=\"https:\/\/www.factorled.com\/modules\/oa_features\/img\/23-default.jpg\" alt=\"Cycles d&#039;allumage\"><\/td>\n<td valign=\"middle\">Cycles d'allumage :<\/td>\n<td valign=\"middle\">100.000<\/td>\n<\/tr>\n<tr class=\"even\">\n<td valign=\"middle\" width=\"32\"><img decoding=\"async\" title=\"Classe \u00e9nergie\" src=\"https:\/\/www.factorled.com\/modules\/oa_features\/img\/7-default.jpg\" alt=\"Classe \u00e9nergie\"><\/td>\n<td valign=\"middle\">Classe \u00e9nerg\u00e9tique (2021-EU-2019\/2015) :<\/td>\n<td valign=\"middle\">A+<\/td>\n<\/tr>\n<tr class=\"odd\">\n<td valign=\"middle\" width=\"32\"><img decoding=\"async\" title=\"Garantie\" src=\"https:\/\/www.factorled.com\/modules\/oa_features\/img\/75-default.jpg\" alt=\"Garantie\"><\/td>\n<td valign=\"middle\">Ann\u00e9es de garantie :<\/td>\n<td valign=\"middle\">3<\/td>\n<\/tr>\n<\/tbody>\n<\/table>\n<\/div><\/h1>","protected":false},"excerpt":{"rendered":"<div class=\"product-info-line\">\n<div class=\"product-info-line\">\n<p id=\"product_reference\"><label>R\u00c9F\u00c9RENCE : SL<span style=\"font-size: 16px;\">FL95100<\/span><\/label><\/p>\n<div class=\"hidden-xs parrafo\">\n<p>\u00c9levez votre espace avec le N\u00e9on LED de 5 m\u00e8tres. Une luminosit\u00e9 \u00e9blouissante, la polyvalence et l'efficacit\u00e9 \u00e9nerg\u00e9tique en un. Parfait pour la maison, l'entreprise et les \u00e9v\u00e9nements, cliquez et transformez votre \u00e9clairage aujourd'hui, l'installation est un jeu d'enfant. Utilisation int\u00e9rieure et ext\u00e9rieure IP65.<strong>&nbsp;Peut \u00eatre coup\u00e9 tous les 2,5 cm.<br>\n<\/strong><\/p>\n<\/div>\n<div id=\"views_block-1\" class=\"clearfix\">\n<div id=\"thumbs_list\">\n<div class=\"col-md-12\"><i class=\"fa fa-truck\"><\/i>&nbsp;<span class=\"text-muted textprop\">Livraison dans les 24\/48 heures<\/span><\/div>\n<div class=\"col-md-12\"><i class=\"fa fa-exchange\"><\/i>&nbsp;<span class=\"text-muted textprop\">Garantie assur\u00e9e<\/span><\/div>\n<div class=\"col-md-12\"><i class=\"fa fa-box\"><\/i>&nbsp;<span class=\"text-muted textprop\">20 unit\u00e9(s) par bo\u00eete \u00e0 outils<\/span><\/div>\n<\/div>\n<\/div>\n<\/div>\n<p id=\"product_reference\"><label>&nbsp;<\/label><\/p>\n<\/div>","protected":false},"featured_media":10929,"template":"","meta":{"site-sidebar-layout":"default","site-content-layout":"default","ast-global-header-display":"","ast-main-header-display":"","ast-hfb-above-header-display":"","ast-hfb-below-header-display":"","ast-hfb-mobile-header-display":"","site-post-title":"","ast-breadcrumbs-content":"","ast-featured-img":"","footer-sml-layout":"","theme-transparent-header-meta":"default","adv-header-id-meta":"","stick-header-meta":"","header-above-stick-meta":"","header-main-stick-meta":"","header-below-stick-meta":""},"product_cat":[91,45],"product_tag":[],"class_list":["post-10921","product","type-product","status-publish","has-post-thumbnail","hentry","product_cat-neon-led-flexible-12v","product_cat-tiras-led-y-neon-flexible"],"yoast_head":"<!-- This site is optimized with the Yoast SEO plugin v27.4 - https:\/\/yoast.com\/product\/yoast-seo-wordpress\/ -->\n<title>Ne\u00f3n LED - 5 metros - Blanco Fr\u00edo - 6000K - LED 6mm- 12V - Corte 2,5cm - STARLED Iluminacion<\/title>\n<meta name=\"robots\" content=\"index, follow, max-snippet:-1, max-image-preview:large, max-video-preview:-1\" \/>\n<link rel=\"canonical\" href=\"https:\/\/starlediluminacion.com\/fr\/product\/neon-led-5-metros-blanco-frio-6000k-led-6mm-12v-corte-25cm\/\" \/>\n<meta property=\"og:locale\" content=\"fr_FR\" \/>\n<meta property=\"og:type\" content=\"article\" \/>\n<meta property=\"og:title\" content=\"Ne\u00f3n LED - 5 metros - Blanco Fr\u00edo - 6000K - LED 6mm- 12V - Corte 2,5cm - STARLED Iluminacion\" \/>\n<meta property=\"og:description\" content=\"REFERENCIA: SLFL95100    \u00a1Eleva tu espacio con el Ne\u00f3n LED de 5 metros. Brillantez deslumbrante, versatilidad y eficiencia energ\u00e9tica en uno. Perfecto para hogar, negocios y eventos. \u00a1Haz clic y transforma tu iluminaci\u00f3n hoy mismo!, la instalaci\u00f3n muy sencilla. Uso interior y exterior IP65.\u00a0Se puede cortar cada 2.5cm.      \u00a0Entrega en 24\/48 horas \u00a0Garant\u00eda asegurada \u00a020 unidad(es) por Masterbox    \u00a0\" \/>\n<meta property=\"og:url\" content=\"https:\/\/starlediluminacion.com\/fr\/product\/neon-led-5-metros-blanco-frio-6000k-led-6mm-12v-corte-25cm\/\" \/>\n<meta property=\"og:site_name\" content=\"STARLED Iluminacion\" \/>\n<meta property=\"article:modified_time\" content=\"2024-01-07T13:25:41+00:00\" \/>\n<meta property=\"og:image\" content=\"https:\/\/starlediluminacion.com\/wp-content\/uploads\/2023\/09\/neon-led-5-metros-blanco-frio-6000k-led-6mm-12v-corte-25cm-factorled.jpg\" \/>\n\t<meta property=\"og:image:width\" content=\"1000\" \/>\n\t<meta property=\"og:image:height\" content=\"1000\" \/>\n\t<meta property=\"og:image:type\" content=\"image\/jpeg\" \/>\n<meta name=\"twitter:card\" content=\"summary_large_image\" \/>\n<meta name=\"twitter:label1\" content=\"Dur\u00e9e de lecture estim\u00e9e\" \/>\n\t<meta name=\"twitter:data1\" content=\"3 minutes\" \/>\n<script type=\"application\/ld+json\" class=\"yoast-schema-graph\">{\"@context\":\"https:\\\/\\\/schema.org\",\"@graph\":[{\"@type\":\"WebPage\",\"@id\":\"https:\\\/\\\/starlediluminacion.com\\\/producto\\\/neon-led-5-metros-blanco-frio-6000k-led-6mm-12v-corte-25cm\\\/\",\"url\":\"https:\\\/\\\/starlediluminacion.com\\\/producto\\\/neon-led-5-metros-blanco-frio-6000k-led-6mm-12v-corte-25cm\\\/\",\"name\":\"Ne\u00f3n LED - 5 metros - Blanco Fr\u00edo - 6000K - LED 6mm- 12V - Corte 2,5cm - STARLED Iluminacion\",\"isPartOf\":{\"@id\":\"https:\\\/\\\/starlediluminacion.com\\\/#website\"},\"primaryImageOfPage\":{\"@id\":\"https:\\\/\\\/starlediluminacion.com\\\/producto\\\/neon-led-5-metros-blanco-frio-6000k-led-6mm-12v-corte-25cm\\\/#primaryimage\"},\"image\":{\"@id\":\"https:\\\/\\\/starlediluminacion.com\\\/producto\\\/neon-led-5-metros-blanco-frio-6000k-led-6mm-12v-corte-25cm\\\/#primaryimage\"},\"thumbnailUrl\":\"https:\\\/\\\/starlediluminacion.com\\\/wp-content\\\/uploads\\\/2023\\\/09\\\/neon-led-5-metros-blanco-frio-6000k-led-6mm-12v-corte-25cm-factorled.jpg\",\"datePublished\":\"2023-09-25T15:16:36+00:00\",\"dateModified\":\"2024-01-07T13:25:41+00:00\",\"breadcrumb\":{\"@id\":\"https:\\\/\\\/starlediluminacion.com\\\/producto\\\/neon-led-5-metros-blanco-frio-6000k-led-6mm-12v-corte-25cm\\\/#breadcrumb\"},\"inLanguage\":\"fr-FR\",\"potentialAction\":[{\"@type\":\"ReadAction\",\"target\":[\"https:\\\/\\\/starlediluminacion.com\\\/producto\\\/neon-led-5-metros-blanco-frio-6000k-led-6mm-12v-corte-25cm\\\/\"]}]},{\"@type\":\"ImageObject\",\"inLanguage\":\"fr-FR\",\"@id\":\"https:\\\/\\\/starlediluminacion.com\\\/producto\\\/neon-led-5-metros-blanco-frio-6000k-led-6mm-12v-corte-25cm\\\/#primaryimage\",\"url\":\"https:\\\/\\\/starlediluminacion.com\\\/wp-content\\\/uploads\\\/2023\\\/09\\\/neon-led-5-metros-blanco-frio-6000k-led-6mm-12v-corte-25cm-factorled.jpg\",\"contentUrl\":\"https:\\\/\\\/starlediluminacion.com\\\/wp-content\\\/uploads\\\/2023\\\/09\\\/neon-led-5-metros-blanco-frio-6000k-led-6mm-12v-corte-25cm-factorled.jpg\",\"width\":1000,\"height\":1000},{\"@type\":\"BreadcrumbList\",\"@id\":\"https:\\\/\\\/starlediluminacion.com\\\/producto\\\/neon-led-5-metros-blanco-frio-6000k-led-6mm-12v-corte-25cm\\\/#breadcrumb\",\"itemListElement\":[{\"@type\":\"ListItem\",\"position\":1,\"name\":\"Portada\",\"item\":\"https:\\\/\\\/starlediluminacion.com\\\/\"},{\"@type\":\"ListItem\",\"position\":2,\"name\":\"Shop\",\"item\":\"https:\\\/\\\/starlediluminacion.com\\\/shop-2\\\/\"},{\"@type\":\"ListItem\",\"position\":3,\"name\":\"Ne\u00f3n LED &#8211; 5 metros &#8211; Blanco Fr\u00edo &#8211; 6000K &#8211; LED 6mm- 12V &#8211; Corte 2,5cm\"}]},{\"@type\":\"WebSite\",\"@id\":\"https:\\\/\\\/starlediluminacion.com\\\/#website\",\"url\":\"https:\\\/\\\/starlediluminacion.com\\\/\",\"name\":\"STARLED Iluminacion\",\"description\":\"\",\"potentialAction\":[{\"@type\":\"SearchAction\",\"target\":{\"@type\":\"EntryPoint\",\"urlTemplate\":\"https:\\\/\\\/starlediluminacion.com\\\/?s={search_term_string}\"},\"query-input\":{\"@type\":\"PropertyValueSpecification\",\"valueRequired\":true,\"valueName\":\"search_term_string\"}}],\"inLanguage\":\"fr-FR\"}]}<\/script>\n<!-- \/ Yoast SEO plugin. -->","yoast_head_json":{"title":"Ne\u00f3n LED - 5 metros - Blanco Fr\u00edo - 6000K - LED 6mm- 12V - Corte 2,5cm - STARLED Iluminacion","robots":{"index":"index","follow":"follow","max-snippet":"max-snippet:-1","max-image-preview":"max-image-preview:large","max-video-preview":"max-video-preview:-1"},"canonical":"https:\/\/starlediluminacion.com\/fr\/product\/neon-led-5-metros-blanco-frio-6000k-led-6mm-12v-corte-25cm\/","og_locale":"fr_FR","og_type":"article","og_title":"Ne\u00f3n LED - 5 metros - Blanco Fr\u00edo - 6000K - LED 6mm- 12V - Corte 2,5cm - STARLED Iluminacion","og_description":"REFERENCIA: SLFL95100    \u00a1Eleva tu espacio con el Ne\u00f3n LED de 5 metros. Brillantez deslumbrante, versatilidad y eficiencia energ\u00e9tica en uno. Perfecto para hogar, negocios y eventos. \u00a1Haz clic y transforma tu iluminaci\u00f3n hoy mismo!, la instalaci\u00f3n muy sencilla. Uso interior y exterior IP65.\u00a0Se puede cortar cada 2.5cm.      \u00a0Entrega en 24\/48 horas \u00a0Garant\u00eda asegurada \u00a020 unidad(es) por Masterbox    \u00a0","og_url":"https:\/\/starlediluminacion.com\/fr\/product\/neon-led-5-metros-blanco-frio-6000k-led-6mm-12v-corte-25cm\/","og_site_name":"STARLED Iluminacion","article_modified_time":"2024-01-07T13:25:41+00:00","og_image":[{"width":1000,"height":1000,"url":"https:\/\/starlediluminacion.com\/wp-content\/uploads\/2023\/09\/neon-led-5-metros-blanco-frio-6000k-led-6mm-12v-corte-25cm-factorled.jpg","type":"image\/jpeg"}],"twitter_card":"summary_large_image","twitter_misc":{"Dur\u00e9e de lecture estim\u00e9e":"3 minutes"},"schema":{"@context":"https:\/\/schema.org","@graph":[{"@type":"WebPage","@id":"https:\/\/starlediluminacion.com\/producto\/neon-led-5-metros-blanco-frio-6000k-led-6mm-12v-corte-25cm\/","url":"https:\/\/starlediluminacion.com\/producto\/neon-led-5-metros-blanco-frio-6000k-led-6mm-12v-corte-25cm\/","name":"Ne\u00f3n LED - 5 metros - Blanco Fr\u00edo - 6000K - LED 6mm- 12V - Corte 2,5cm - STARLED Iluminacion","isPartOf":{"@id":"https:\/\/starlediluminacion.com\/#website"},"primaryImageOfPage":{"@id":"https:\/\/starlediluminacion.com\/producto\/neon-led-5-metros-blanco-frio-6000k-led-6mm-12v-corte-25cm\/#primaryimage"},"image":{"@id":"https:\/\/starlediluminacion.com\/producto\/neon-led-5-metros-blanco-frio-6000k-led-6mm-12v-corte-25cm\/#primaryimage"},"thumbnailUrl":"https:\/\/starlediluminacion.com\/wp-content\/uploads\/2023\/09\/neon-led-5-metros-blanco-frio-6000k-led-6mm-12v-corte-25cm-factorled.jpg","datePublished":"2023-09-25T15:16:36+00:00","dateModified":"2024-01-07T13:25:41+00:00","breadcrumb":{"@id":"https:\/\/starlediluminacion.com\/producto\/neon-led-5-metros-blanco-frio-6000k-led-6mm-12v-corte-25cm\/#breadcrumb"},"inLanguage":"fr-FR","potentialAction":[{"@type":"ReadAction","target":["https:\/\/starlediluminacion.com\/producto\/neon-led-5-metros-blanco-frio-6000k-led-6mm-12v-corte-25cm\/"]}]},{"@type":"ImageObject","inLanguage":"fr-FR","@id":"https:\/\/starlediluminacion.com\/producto\/neon-led-5-metros-blanco-frio-6000k-led-6mm-12v-corte-25cm\/#primaryimage","url":"https:\/\/starlediluminacion.com\/wp-content\/uploads\/2023\/09\/neon-led-5-metros-blanco-frio-6000k-led-6mm-12v-corte-25cm-factorled.jpg","contentUrl":"https:\/\/starlediluminacion.com\/wp-content\/uploads\/2023\/09\/neon-led-5-metros-blanco-frio-6000k-led-6mm-12v-corte-25cm-factorled.jpg","width":1000,"height":1000},{"@type":"BreadcrumbList","@id":"https:\/\/starlediluminacion.com\/producto\/neon-led-5-metros-blanco-frio-6000k-led-6mm-12v-corte-25cm\/#breadcrumb","itemListElement":[{"@type":"ListItem","position":1,"name":"Portada","item":"https:\/\/starlediluminacion.com\/"},{"@type":"ListItem","position":2,"name":"Shop","item":"https:\/\/starlediluminacion.com\/shop-2\/"},{"@type":"ListItem","position":3,"name":"Ne\u00f3n LED &#8211; 5 metros &#8211; Blanco Fr\u00edo &#8211; 6000K &#8211; LED 6mm- 12V &#8211; Corte 2,5cm"}]},{"@type":"WebSite","@id":"https:\/\/starlediluminacion.com\/#website","url":"https:\/\/starlediluminacion.com\/","name":"STARLED Iluminacion","description":"","potentialAction":[{"@type":"SearchAction","target":{"@type":"EntryPoint","urlTemplate":"https:\/\/starlediluminacion.com\/?s={search_term_string}"},"query-input":{"@type":"PropertyValueSpecification","valueRequired":true,"valueName":"search_term_string"}}],"inLanguage":"fr-FR"}]}},"_links":{"self":[{"href":"https:\/\/starlediluminacion.com\/fr\/wp-json\/wp\/v3\/product\/10921","targetHints":{"allow":["GET"]}}],"collection":[{"href":"https:\/\/starlediluminacion.com\/fr\/wp-json\/wp\/v3\/product"}],"about":[{"href":"https:\/\/starlediluminacion.com\/fr\/wp-json\/wp\/v2\/types\/product"}],"wp:featuredmedia":[{"embeddable":true,"href":"https:\/\/starlediluminacion.com\/fr\/wp-json\/wp\/v2\/media\/10929"}],"wp:attachment":[{"href":"https:\/\/starlediluminacion.com\/fr\/wp-json\/wp\/v2\/media?parent=10921"}],"wp:term":[{"taxonomy":"product_cat","embeddable":true,"href":"https:\/\/starlediluminacion.com\/fr\/wp-json\/wp\/v2\/product_cat?post=10921"},{"taxonomy":"product_tag","embeddable":true,"href":"https:\/\/starlediluminacion.com\/fr\/wp-json\/wp\/v2\/product_tag?post=10921"}],"curies":[{"name":"wp","href":"https:\/\/api.w.org\/{rel}","templated":true}]}}