{"id":10607,"date":"2023-09-19T09:00:25","date_gmt":"2023-09-19T09:00:25","guid":{"rendered":"https:\/\/starlediluminacion.com\/?post_type=product&#038;p=10607"},"modified":"2024-01-07T13:32:20","modified_gmt":"2024-01-07T13:32:20","slug":"floron-de-superficie-para-lamparas-de-techo-blanco-negro-plata","status":"publish","type":"product","link":"https:\/\/starlediluminacion.com\/fr\/product\/floron-de-superficie-para-lamparas-de-techo-blanco-negro-plata\/","title":{"rendered":"<p>Flor&oacute;n de superficie para l&aacute;mparas de techo &ndash; Blanco &ndash; Negro &ndash; Plata<\/p>"},"content":{"rendered":"<h1>Flor&oacute;n de superficie para l&aacute;mparas de techo &ndash; Blanco &ndash; Negro &ndash; Plata<p>&nbsp;<\/p><p>Descubre el Flor&oacute;n de superficie para l&aacute;mparas de techo: la soluci&oacute;n perfecta para realzar tus espacios con estilo y funcionalidad. Disponible en tres elegantes colores &ndash; Blanco, Negro y Plata &ndash; este vers&aacute;til accesorio te permite instalar l&aacute;mparas colgantes y apliques con facilidad.<\/p><p>Se utiliza para cubrir la conexi&oacute;n el&eacute;ctrica en el techo y proporcionar un soporte s&oacute;lido para colgar l&aacute;mparas decorativas. Tambi&eacute;n puede servir como base para apliques de pared, brindando una soluci&oacute;n est&eacute;tica y funcional para la instalaci&oacute;n de l&aacute;mparas en distintos espacios interiores.<\/p><p>Fabricado con materiales de alta calidad, el flor&oacute;n est&aacute; compuesto por una s&oacute;lida base de acero, un resistente puente met&aacute;lico trasero y dos tornillos para una sujeci&oacute;n impecable. Adem&aacute;s, su dise&ntilde;o inteligente incorpora un pr&aacute;ctico orificio que permite pasar cables el&eacute;ctricos decorativos de hasta 2&times;1,5mm de secci&oacute;n, as&iacute; como prisioneros o prensa cables.<\/p><p>No solo eso, tambi&eacute;n sirve como base para apliques de pared, brindando una opci&oacute;n vers&aacute;til para la decoraci&oacute;n de interiores. &iexcl;Adi&oacute;s a las antiest&eacute;ticas conexiones el&eacute;ctricas! Este flor&oacute;n es la soluci&oacute;n ideal para ocultarlas y dar un acabado decorativo a tus luminarias.<\/p><p>Montarlo y ensamblarlo es pan comido. Olv&iacute;date de complicadas instalaciones, gracias a su f&aacute;cil montaje, estar&aacute;s disfrutando de una iluminaci&oacute;n exquisita en poco tiempo.<\/p><p>Este tipo de flor&oacute;n se utiliza en hogares, oficinas, tiendas, restaurantes, hoteles y otros lugares donde se requiere una instalaci&oacute;n elegante y segura para l&aacute;mparas colgantes o apliques de pared.<\/p><p>Haz que tus l&aacute;mparas destaquen con el Flor&oacute;n de superficie para l&aacute;mparas de techo. Eleva el nivel de tu decoraci&oacute;n y disfruta de una iluminaci&oacute;n perfecta y elegante. &iexcl;Dale un toque de sofisticaci&oacute;n a tus espacios con este imprescindible accesorio!<\/p><h3 class=\"page-product-heading\">DONN\u00c9ES TECHNIQUES<\/h3><div class=\"col-xs-12 col-md-6\">\n<table class=\"table table-data-sheet 1\">\n<tbody>\n<tr class=\"odd\">\n<td valign=\"middle\" width=\"32\"><\/td>\n<td valign=\"middle\">REFERENCE :<\/td>\n<td valign=\"middle\">SLFL5042-N\n<p>SLFL5042-B<\/p>\n<p>SLFL5042-P<\/p><\/td>\n<\/tr>\n<tr class=\"even\">\n<td valign=\"middle\" width=\"32\"><\/td>\n<td valign=\"middle\">Mat\u00e9riaux de construction :<\/td>\n<td valign=\"middle\">Acier<\/td>\n<\/tr>\n<\/tbody>\n<\/table>\n<\/div><div class=\"col-xs-12 col-md-6 2\">\n<table class=\"table table-data-sheet 2\">\n<tbody>\n<tr class=\"odd\">\n<td valign=\"middle\" width=\"32\"><\/td>\n<td valign=\"middle\">Certificats :<\/td>\n<td valign=\"middle\">CE - ROHS<\/td>\n<\/tr>\n<tr class=\"even\">\n<td valign=\"middle\" width=\"32\"><\/td>\n<td valign=\"middle\">Ann\u00e9es de garantie :<\/td>\n<td valign=\"middle\">5<\/td>\n<\/tr>\n<\/tbody>\n<\/table>\n<p>&nbsp;<\/p>\n<\/div><\/h1>","protected":false},"excerpt":{"rendered":"<p><strong><label>R\u00c9F\u00c9RENCE : <\/label><\/strong><p><strong><label><span style=\"font-size: 16px;\">SLFL5042-N \/ <\/span><span style=\"font-size: 16px;\">SLFL5042-B \/ <\/span><span style=\"font-size: 16px;\">SLFL5042-P<\/span><\/label><\/strong><\/p><p>Soporte de techo, roset&oacute;n de pared y techo, para l&aacute;mparas colgantes y apliques. Fabricado en acero. Compuesto por la base, un puente met&aacute;lico trasero y dos tornillos para una correcta sujeci&oacute;n. Incorpora un orificio que permite pasar cables el&eacute;ctricos decorativos de secci&oacute;n m&aacute;xima de 2&times;1,5mm, as&iacute; como prisioneros o prensa cables.<\/p><p>V&aacute;lido tambi&eacute;n como base para un aplique de pared Ideal para ocultar las conexiones el&eacute;ctricas y dar un acabado decorativo a las luminarias.&nbsp; F&aacute;cil montaje y ensamblaje.<\/p><div class=\"col-md-12\"><i class=\"fa fa-truck\"><\/i>&nbsp;<span class=\"text-muted textprop\">Livraison dans les 24\/48 heures<\/span><\/div><div class=\"col-md-12\"><i class=\"fa fa-exchange\"><\/i>&nbsp;<span class=\"text-muted textprop\">Garantie assur\u00e9e<\/span><\/div><div class=\"col-md-12\"><i class=\"fa fa-box\"><\/i>&nbsp;<span class=\"text-muted textprop\">100 unit\u00e9(s) par bo\u00eete \u00e0 outils<\/span><\/div><\/p>","protected":false},"featured_media":10634,"template":"","meta":{"site-sidebar-layout":"default","site-content-layout":"default","ast-global-header-display":"","ast-main-header-display":"","ast-hfb-above-header-display":"","ast-hfb-below-header-display":"","ast-hfb-mobile-header-display":"","site-post-title":"","ast-breadcrumbs-content":"","ast-featured-img":"","footer-sml-layout":"","theme-transparent-header-meta":"default","adv-header-id-meta":"","stick-header-meta":"","header-above-stick-meta":"","header-main-stick-meta":"","header-below-stick-meta":""},"product_cat":[62,23],"product_tag":[],"class_list":["post-10607","product","type-product","status-publish","has-post-thumbnail","hentry","product_cat-accesorios-lamparas-led","product_cat-bombillas-y-lamparas-led"],"_links":{"self":[{"href":"https:\/\/starlediluminacion.com\/fr\/wp-json\/wp\/v3\/product\/10607","targetHints":{"allow":["GET"]}}],"collection":[{"href":"https:\/\/starlediluminacion.com\/fr\/wp-json\/wp\/v3\/product"}],"about":[{"href":"https:\/\/starlediluminacion.com\/fr\/wp-json\/wp\/v2\/types\/product"}],"wp:featuredmedia":[{"embeddable":true,"href":"https:\/\/starlediluminacion.com\/fr\/wp-json\/wp\/v2\/media\/10634"}],"wp:attachment":[{"href":"https:\/\/starlediluminacion.com\/fr\/wp-json\/wp\/v2\/media?parent=10607"}],"wp:term":[{"taxonomy":"product_cat","embeddable":true,"href":"https:\/\/starlediluminacion.com\/fr\/wp-json\/wp\/v2\/product_cat?post=10607"},{"taxonomy":"product_tag","embeddable":true,"href":"https:\/\/starlediluminacion.com\/fr\/wp-json\/wp\/v2\/product_tag?post=10607"}],"curies":[{"name":"wp","href":"https:\/\/api.w.org\/{rel}","templated":true}]}}