{"id":10358,"date":"2023-09-14T10:58:44","date_gmt":"2023-09-14T10:58:44","guid":{"rendered":"https:\/\/starlediluminacion.com\/?post_type=product&#038;p=10358"},"modified":"2023-12-01T11:05:29","modified_gmt":"2023-12-01T11:05:29","slug":"foco-proyector-led-30w-new-action-osram-chip-duris-e2835","status":"publish","type":"product","link":"https:\/\/starlediluminacion.com\/fr\/product\/spotlight-projecteur-led-30nouvelle-action-osram-chip-duris-e2835\/","title":{"rendered":"<p>Projecteur LED 30W - Nouvelle ACTION - OSRAM CHIP DURIS E2835<\/p>"},"content":{"rendered":"<h1>Projecteur LED 30W - Nouvelle ACTION - OSRAM CHIP DURIS E2835<p>Les&nbsp;<strong>Projecteur LED<\/strong>&nbsp;&nbsp;-&nbsp;<strong>Nouvelle ACTION<\/strong>&nbsp;-&nbsp;<strong>OSRAM CHIP DURIS E2835<\/strong>- est un appareil d'\u00e9clairage impressionnant fabriqu\u00e9 \u00e0 partir de mat\u00e9riaux de haute qualit\u00e9, tels que l'aluminium et le verre, garantissant durabilit\u00e9 et solidit\u00e9. Avec sa puissance de&nbsp;<strong>30W ,<\/strong>&nbsp;ce projecteur LED offre un \u00e9clairage puissant et efficace, parfait pour une large gamme d'applications.<\/p><p>L'une des caract\u00e9ristiques exceptionnelles de ce projecteur est sa diode SMD2835 Osram Duris de haute qualit\u00e9, qui garantit des performances optimales et un rendu pr\u00e9cis des couleurs avec un indice de rendu des couleurs (IRC) de plus de 80. Cela signifie que les couleurs sont rendues vibrantes et r\u00e9alistes, offrant une exp\u00e9rience visuelle exceptionnelle.<\/p><p>En plus de sa puissance lumineuse, le&nbsp;<strong>Projecteur LED 30W&nbsp;<\/strong>- La nouvelle ACTION se distingue \u00e9galement par sa polyvalence en termes de lieu d'utilisation. Gr\u00e2ce \u00e0 sa classification&nbsp;<strong>IP65<\/strong>Gr\u00e2ce \u00e0 sa conception \u00e9tanche et r\u00e9sistante \u00e0 la poussi\u00e8re, ce projecteur est un choix id\u00e9al pour les applications int\u00e9rieures et ext\u00e9rieures. Qu'il s'agisse d'\u00e9clairer un jardin, une fa\u00e7ade, une vitrine ou tout autre espace, ce projecteur est pr\u00eat \u00e0 relever les d\u00e9fis de l'environnement ext\u00e9rieur sans compromettre les performances.<\/p><p>La peinture \u00e9poxy cuite au four de haute r\u00e9sistance de ce projecteur ne donne pas seulement une apparence \u00e9l\u00e9gante, mais fournit \u00e9galement une protection suppl\u00e9mentaire contre la corrosion et les agents atmosph\u00e9riques, garantissant une longue dur\u00e9e de vie et un aspect impeccable m\u00eame dans des conditions environnementales difficiles.<\/p><p>&nbsp;<\/p><p>Le projecteur LED 30W - New ACTION - OSRAM CHIP DURIS E2835- IP65 se caract\u00e9rise par sa facilit\u00e9 d'installation, ce qui en fait un choix pratique pour les utilisateurs de tous niveaux.  Gr\u00e2ce \u00e0 son design bien pens\u00e9 et \u00e0 sa structure compacte, ce projecteur LED peut \u00eatre install\u00e9 rapidement et facilement dans diff\u00e9rents environnements. Il est livr\u00e9 avec tous les composants n\u00e9cessaires, tels que les c\u00e2bles et les supports, pour faciliter le processus d'installation.<\/p><p>Les&nbsp;<strong>Projecteur LED<\/strong>&nbsp;- Nouvelle ACTION -&nbsp;<strong>OSRAM CHIP DURIS E2835-<\/strong>&nbsp;<strong>IP65<\/strong>&nbsp;a un large \u00e9ventail d'utilisations en raison de sa puissance, de sa durabilit\u00e9 et de sa r\u00e9sistance aux \u00e9l\u00e9ments. Les utilisations les plus courantes de ce projecteur sont les suivantes :<\/p><ul>\n<li>\u00c9clairage ext\u00e9rieur : Gr\u00e2ce \u00e0 son indice de protection IP65, ce projecteur est parfait pour \u00e9clairer les espaces ext\u00e9rieurs tels que les jardins, les terrasses, les fa\u00e7ades de b\u00e2timents, les parcs, les parkings, etc. Il fournit un \u00e9clairage lumineux et uniforme qui am\u00e9liore la s\u00e9curit\u00e9, l'esth\u00e9tique et la visibilit\u00e9 dans les environnements ext\u00e9rieurs.<\/li>\n<li>Eclairage de s\u00e9curit\u00e9 : Le projecteur LED 30W est id\u00e9al pour renforcer la s\u00e9curit\u00e9 dans les zones \u00e0 risque telles que les entr\u00e9es, les couloirs sombres ou les garages. Sa lumi\u00e8re puissante \u00e9claire efficacement les espaces, dissuadant les intrus et assurant la tranquillit\u00e9 d'esprit.<\/li>\n<li>\u00c9clairage d'\u00e9v\u00e9nements et de spectacles : en raison de sa capacit\u00e9 \u00e0 cr\u00e9er un \u00e9clairage intense et cibl\u00e9, ce projecteur est couramment utilis\u00e9 pour les \u00e9v\u00e9nements en plein air, les concerts, les festivals, les expositions et les spectacles sur sc\u00e8ne. Il fournit un \u00e9clairage saisissant qui met en valeur des \u00e9l\u00e9ments sp\u00e9cifiques et cr\u00e9e une ambiance dynamique.<\/li>\n<li>\u00c9clairage de vitrines et d'\u00e9talages : Le projecteur LED 30W est un choix populaire pour mettre en valeur les produits, les pr\u00e9sentoirs et les vitrines dans les magasins, les mus\u00e9es et les galeries. Sa lumi\u00e8re vive et concentr\u00e9e met en valeur les d\u00e9tails et cr\u00e9e un impact visuel pour attirer l'attention des visiteurs.<\/li>\n<li>\u00c9clairage int\u00e9rieur : bien que sp\u00e9cialement con\u00e7u pour l'ext\u00e9rieur, ce projecteur peut \u00e9galement \u00eatre utilis\u00e9 \u00e0 l'int\u00e9rieur pour \u00e9clairer des zones sp\u00e9cifiques telles que les salles d'exposition, les couloirs, les salles d'\u00e9v\u00e9nements, etc.<\/li>\n<\/ul><h3 class=\"page-product-heading\">DONN\u00c9ES TECHNIQUES<\/h3><div class=\"col-xs-12 col-md-6\">\n<table class=\"table table-data-sheet 1\">\n<tbody>\n<tr class=\"odd\">\n<td valign=\"middle\" width=\"32\"><\/td>\n<td valign=\"middle\">REFERENCE :<\/td>\n<td valign=\"middle\">SLFA30WACT<\/td>\n<\/tr>\n<tr class=\"even\">\n<td valign=\"middle\" width=\"32\"><\/td>\n<td valign=\"middle\">Puissance nominale :<\/td>\n<td valign=\"middle\">30W<\/td>\n<\/tr>\n<tr class=\"odd\">\n<td valign=\"middle\" width=\"32\"><\/td>\n<td valign=\"middle\">Tension nominale :<\/td>\n<td valign=\"middle\">220-240V<\/td>\n<\/tr>\n<tr class=\"even\">\n<td valign=\"middle\" width=\"32\"><\/td>\n<td valign=\"middle\">Temp\u00e9rature de la lumi\u00e8re :<\/td>\n<td valign=\"middle\">3000K - 4000K - 6000K<\/td>\n<\/tr>\n<tr class=\"odd\">\n<td valign=\"middle\" width=\"32\"><\/td>\n<td valign=\"middle\">CRI - Indice de rendu des couleurs :<\/td>\n<td valign=\"middle\">80<\/td>\n<\/tr>\n<tr class=\"even\">\n<td valign=\"middle\" width=\"32\"><\/td>\n<td valign=\"middle\">Mat\u00e9riaux de construction :<\/td>\n<td valign=\"middle\">Aluminium + verre<\/td>\n<\/tr>\n<tr class=\"odd\">\n<td valign=\"middle\" width=\"32\"><\/td>\n<td valign=\"middle\">Luminosit\u00e9-Lm :<\/td>\n<td valign=\"middle\">3600Lm<\/td>\n<\/tr>\n<tr class=\"even\">\n<td valign=\"middle\" width=\"32\"><\/td>\n<td valign=\"middle\">Type de DEL :<\/td>\n<td valign=\"middle\">SMD 2835 OSRAM CHIP<\/td>\n<\/tr>\n<tr class=\"odd\">\n<td valign=\"middle\" width=\"32\"><\/td>\n<td valign=\"middle\">Angle d'ouverture (\u00ba) :<\/td>\n<td valign=\"middle\">120\u00ba<\/td>\n<\/tr>\n<tr class=\"even\">\n<td valign=\"middle\" width=\"32\"><\/td>\n<td valign=\"middle\">Efficacit\u00e9 de la diode LED (Lm\/W) :<\/td>\n<td valign=\"middle\">145Lm\/W<\/td>\n<\/tr>\n<tr class=\"odd\">\n<td valign=\"middle\" width=\"32\"><\/td>\n<td valign=\"middle\">Efficacit\u00e9 lumineuse (Lm\/W) :<\/td>\n<td valign=\"middle\">120 Lm\/W<\/td>\n<\/tr>\n<tr class=\"even\">\n<td valign=\"middle\" width=\"32\"><\/td>\n<td valign=\"middle\">Certificats :<\/td>\n<td valign=\"middle\">CE - ROHS<\/td>\n<\/tr>\n<\/tbody>\n<\/table>\n<\/div><div class=\"col-xs-12 col-md-6 2\">\n<table class=\"table table-data-sheet 2\">\n<tbody>\n<tr class=\"odd\">\n<td valign=\"middle\" width=\"32\"><\/td>\n<td valign=\"middle\">Indice de protection IP :<\/td>\n<td valign=\"middle\">IP65-Ext\u00e9rieur<\/td>\n<\/tr>\n<tr class=\"even\">\n<td valign=\"middle\" width=\"32\"><\/td>\n<td valign=\"middle\">Dur\u00e9e de vie estim\u00e9e de la diode LED (H) :<\/td>\n<td valign=\"middle\">25000h<\/td>\n<\/tr>\n<tr class=\"odd\">\n<td valign=\"middle\" width=\"32\"><\/td>\n<td valign=\"middle\">Dimensions (mm) :<\/td>\n<td valign=\"middle\">164x139x29mm<\/td>\n<\/tr>\n<tr class=\"even\">\n<td valign=\"middle\" width=\"32\"><\/td>\n<td valign=\"middle\">Facteur de puissance (PF) :<\/td>\n<td valign=\"middle\">0.91<\/td>\n<\/tr>\n<tr class=\"odd\">\n<td valign=\"middle\" width=\"32\"><\/td>\n<td valign=\"middle\">Fr\u00e9quence de travail (Hz) :<\/td>\n<td valign=\"middle\">50\/60Hz<\/td>\n<\/tr>\n<tr class=\"even\">\n<td valign=\"middle\" width=\"32\"><\/td>\n<td valign=\"middle\">Plage de temp\u00e9rature (\u00baC) :<\/td>\n<td valign=\"middle\">-20\u00b0C ~ +55\u00b0C<\/td>\n<\/tr>\n<tr class=\"odd\">\n<td valign=\"middle\" width=\"32\"><\/td>\n<td valign=\"middle\">Cycles d'allumage :<\/td>\n<td valign=\"middle\">100.000<\/td>\n<\/tr>\n<tr class=\"even\">\n<td valign=\"middle\" width=\"32\"><\/td>\n<td valign=\"middle\">Temps de d\u00e9marrage (s) :<\/td>\n<td valign=\"middle\">0,2s<\/td>\n<\/tr>\n<tr class=\"odd\">\n<td valign=\"middle\" width=\"32\"><\/td>\n<td valign=\"middle\">Informations compl\u00e9mentaires :<\/td>\n<td valign=\"middle\">Protecteur de surtension 2K<\/td>\n<\/tr>\n<tr class=\"even\">\n<td valign=\"middle\" width=\"32\"><\/td>\n<td valign=\"middle\">Classe \u00e9nerg\u00e9tique (2021-EU-2019\/2015) :<\/td>\n<td valign=\"middle\">A+<\/td>\n<\/tr>\n<tr class=\"odd\">\n<td valign=\"middle\" width=\"32\"><\/td>\n<td valign=\"middle\">Classe \u00e9nerg\u00e9tique (2023 - EU-2019\/2015) :<\/td>\n<td valign=\"middle\">F<\/td>\n<\/tr>\n<tr class=\"even\">\n<td valign=\"middle\" width=\"32\"><\/td>\n<td valign=\"middle\">Ann\u00e9es de garantie :<\/td>\n<td valign=\"middle\">3<\/td>\n<\/tr>\n<\/tbody>\n<\/table>\n<p>&nbsp;<\/p>\n<\/div><\/h1>","protected":false},"excerpt":{"rendered":"<p><strong>REFERENCIA: SLFA30WACT-91631-4K<\/strong><p><strong>Projecteur LED 30W<\/strong>&nbsp; - Nouvelle ACTION -&nbsp;<strong>OSRAM CHIP DURIS E2835- IP65<\/strong>Le choix parfait pour un \u00e9clairage puissant et durable. Ce projecteur LED 30W, \u00e9quip\u00e9 de la technologie de pointe OSRAM CHIP DURIS E2835, fournit un \u00e9clairage lumineux et efficace. Avec son indice de protection IP65, il est r\u00e9sistant \u00e0 l'eau et \u00e0 la poussi\u00e8re, ce qui le rend id\u00e9al pour une utilisation en int\u00e9rieur comme en ext\u00e9rieur.<\/p><p>D\u00e9couvrez la qualit\u00e9 et les performances exceptionnelles de ce projecteur leader de sa cat\u00e9gorie !<\/p><p><strong>TEMP\u00c9RATURE DE COULEUR : 3000K\/4000K\/6000K<\/strong><\/p><p><strong> Livraison dans les 24\/48 heures<\/strong><br>\n<strong>Garantie assur\u00e9e<\/strong><br>\n<strong>20 unit\u00e9(s) par bo\u00eete \u00e0 outils<\/strong><\/p><\/p>","protected":false},"featured_media":10374,"template":"","meta":{"site-sidebar-layout":"default","site-content-layout":"default","ast-global-header-display":"","ast-main-header-display":"","ast-hfb-above-header-display":"","ast-hfb-below-header-display":"","ast-hfb-mobile-header-display":"","site-post-title":"","ast-breadcrumbs-content":"","ast-featured-img":"","footer-sml-layout":"","theme-transparent-header-meta":"default","adv-header-id-meta":"","stick-header-meta":"","header-above-stick-meta":"","header-main-stick-meta":"","header-below-stick-meta":""},"product_cat":[109,28],"product_tag":[],"class_list":["post-10358","product","type-product","status-publish","has-post-thumbnail","hentry","product_cat-foco-proyector-led-action","product_cat-proyectores-led-exterior-y-jardin"],"yoast_head":"<!-- This site is optimized with the Yoast SEO plugin v27.4 - https:\/\/yoast.com\/product\/yoast-seo-wordpress\/ -->\n<title>Foco Proyector LED 30W - New ACTION - OSRAM CHIP DURIS E2835 - STARLED Iluminacion<\/title>\n<meta name=\"robots\" content=\"index, follow, max-snippet:-1, max-image-preview:large, max-video-preview:-1\" \/>\n<link rel=\"canonical\" href=\"https:\/\/starlediluminacion.com\/fr\/product\/proiettore-spotlight-led-30w-new-action-osram-chip-duris-e2835\/\" \/>\n<meta property=\"og:locale\" content=\"fr_FR\" \/>\n<meta property=\"og:type\" content=\"article\" \/>\n<meta property=\"og:title\" content=\"Foco Proyector LED 30W - New ACTION - OSRAM CHIP DURIS E2835 - STARLED Iluminacion\" \/>\n<meta property=\"og:description\" content=\"REFERENCIA: SLFA30WACT-91631-4K  Foco Proyector LED\u00a030W\u00a0 - New ACTION -\u00a0OSRAM CHIP DURIS E2835- IP65: La elecci\u00f3n perfecta para iluminaci\u00f3n potente y duradera. Este proyector LED de 30W\u00a0, equipado con la tecnolog\u00eda de vanguardia de OSRAM CHIP DURIS E2835, ofrece una iluminaci\u00f3n brillante y eficiente. Con su clasificaci\u00f3n IP65, es resistente al agua y al polvo, lo que lo hace ideal tanto para uso interior como exterior.  \u00a1Experimenta la calidad y rendimiento excepcionales de este foco proyector l\u00edder en su categor\u00eda!  TEMPERATURA DE COLOR:\u00a0 3000K\/4000K\/6000K   Entrega en 24\/48 horas Garant\u00eda asegurada 20 unidad(es) por Masterbox\" \/>\n<meta property=\"og:url\" content=\"https:\/\/starlediluminacion.com\/fr\/product\/proiettore-spotlight-led-30w-new-action-osram-chip-duris-e2835\/\" \/>\n<meta property=\"og:site_name\" content=\"STARLED Iluminacion\" \/>\n<meta property=\"article:modified_time\" content=\"2023-12-01T11:05:29+00:00\" \/>\n<meta property=\"og:image\" content=\"https:\/\/starlediluminacion.com\/wp-content\/uploads\/2023\/09\/foco-proyector-led-30w-new-action-osram-chip-duris-e2835-factorled-8.jpg\" \/>\n\t<meta property=\"og:image:width\" content=\"1000\" \/>\n\t<meta property=\"og:image:height\" content=\"1000\" \/>\n\t<meta property=\"og:image:type\" content=\"image\/jpeg\" \/>\n<meta name=\"twitter:card\" content=\"summary_large_image\" \/>\n<meta name=\"twitter:label1\" content=\"Dur\u00e9e de lecture estim\u00e9e\" \/>\n\t<meta name=\"twitter:data1\" content=\"4 minutes\" \/>\n<script type=\"application\/ld+json\" class=\"yoast-schema-graph\">{\"@context\":\"https:\\\/\\\/schema.org\",\"@graph\":[{\"@type\":\"WebPage\",\"@id\":\"https:\\\/\\\/starlediluminacion.com\\\/it\\\/product\\\/proiettore-spotlight-led-30w-new-action-osram-chip-duris-e2835\\\/\",\"url\":\"https:\\\/\\\/starlediluminacion.com\\\/it\\\/product\\\/proiettore-spotlight-led-30w-new-action-osram-chip-duris-e2835\\\/\",\"name\":\"Foco Proyector LED 30W - New ACTION - OSRAM CHIP DURIS E2835 - STARLED Iluminacion\",\"isPartOf\":{\"@id\":\"https:\\\/\\\/starlediluminacion.com\\\/#website\"},\"primaryImageOfPage\":{\"@id\":\"https:\\\/\\\/starlediluminacion.com\\\/it\\\/product\\\/proiettore-spotlight-led-30w-new-action-osram-chip-duris-e2835\\\/#primaryimage\"},\"image\":{\"@id\":\"https:\\\/\\\/starlediluminacion.com\\\/it\\\/product\\\/proiettore-spotlight-led-30w-new-action-osram-chip-duris-e2835\\\/#primaryimage\"},\"thumbnailUrl\":\"https:\\\/\\\/starlediluminacion.com\\\/wp-content\\\/uploads\\\/2023\\\/09\\\/foco-proyector-led-30w-new-action-osram-chip-duris-e2835-factorled-8.jpg\",\"datePublished\":\"2023-09-14T10:58:44+00:00\",\"dateModified\":\"2023-12-01T11:05:29+00:00\",\"breadcrumb\":{\"@id\":\"https:\\\/\\\/starlediluminacion.com\\\/it\\\/product\\\/proiettore-spotlight-led-30w-new-action-osram-chip-duris-e2835\\\/#breadcrumb\"},\"inLanguage\":\"fr-FR\",\"potentialAction\":[{\"@type\":\"ReadAction\",\"target\":[\"https:\\\/\\\/starlediluminacion.com\\\/it\\\/product\\\/proiettore-spotlight-led-30w-new-action-osram-chip-duris-e2835\\\/\"]}]},{\"@type\":\"ImageObject\",\"inLanguage\":\"fr-FR\",\"@id\":\"https:\\\/\\\/starlediluminacion.com\\\/it\\\/product\\\/proiettore-spotlight-led-30w-new-action-osram-chip-duris-e2835\\\/#primaryimage\",\"url\":\"https:\\\/\\\/starlediluminacion.com\\\/wp-content\\\/uploads\\\/2023\\\/09\\\/foco-proyector-led-30w-new-action-osram-chip-duris-e2835-factorled-8.jpg\",\"contentUrl\":\"https:\\\/\\\/starlediluminacion.com\\\/wp-content\\\/uploads\\\/2023\\\/09\\\/foco-proyector-led-30w-new-action-osram-chip-duris-e2835-factorled-8.jpg\",\"width\":1000,\"height\":1000},{\"@type\":\"BreadcrumbList\",\"@id\":\"https:\\\/\\\/starlediluminacion.com\\\/it\\\/product\\\/proiettore-spotlight-led-30w-new-action-osram-chip-duris-e2835\\\/#breadcrumb\",\"itemListElement\":[{\"@type\":\"ListItem\",\"position\":1,\"name\":\"Portada\",\"item\":\"https:\\\/\\\/starlediluminacion.com\\\/\"},{\"@type\":\"ListItem\",\"position\":2,\"name\":\"Shop\",\"item\":\"https:\\\/\\\/starlediluminacion.com\\\/shop-2\\\/\"},{\"@type\":\"ListItem\",\"position\":3,\"name\":\"Foco Proyector LED 30W &#8211; New ACTION &#8211; OSRAM CHIP DURIS E2835\"}]},{\"@type\":\"WebSite\",\"@id\":\"https:\\\/\\\/starlediluminacion.com\\\/#website\",\"url\":\"https:\\\/\\\/starlediluminacion.com\\\/\",\"name\":\"STARLED Iluminacion\",\"description\":\"\",\"potentialAction\":[{\"@type\":\"SearchAction\",\"target\":{\"@type\":\"EntryPoint\",\"urlTemplate\":\"https:\\\/\\\/starlediluminacion.com\\\/?s={search_term_string}\"},\"query-input\":{\"@type\":\"PropertyValueSpecification\",\"valueRequired\":true,\"valueName\":\"search_term_string\"}}],\"inLanguage\":\"fr-FR\"}]}<\/script>\n<!-- \/ Yoast SEO plugin. -->","yoast_head_json":{"title":"Foco Proyector LED 30W - New ACTION - OSRAM CHIP DURIS E2835 - STARLED Iluminacion","robots":{"index":"index","follow":"follow","max-snippet":"max-snippet:-1","max-image-preview":"max-image-preview:large","max-video-preview":"max-video-preview:-1"},"canonical":"https:\/\/starlediluminacion.com\/fr\/product\/proiettore-spotlight-led-30w-new-action-osram-chip-duris-e2835\/","og_locale":"fr_FR","og_type":"article","og_title":"Foco Proyector LED 30W - New ACTION - OSRAM CHIP DURIS E2835 - STARLED Iluminacion","og_description":"REFERENCIA: SLFA30WACT-91631-4K  Foco Proyector LED\u00a030W\u00a0 - New ACTION -\u00a0OSRAM CHIP DURIS E2835- IP65: La elecci\u00f3n perfecta para iluminaci\u00f3n potente y duradera. Este proyector LED de 30W\u00a0, equipado con la tecnolog\u00eda de vanguardia de OSRAM CHIP DURIS E2835, ofrece una iluminaci\u00f3n brillante y eficiente. Con su clasificaci\u00f3n IP65, es resistente al agua y al polvo, lo que lo hace ideal tanto para uso interior como exterior.  \u00a1Experimenta la calidad y rendimiento excepcionales de este foco proyector l\u00edder en su categor\u00eda!  TEMPERATURA DE COLOR:\u00a0 3000K\/4000K\/6000K   Entrega en 24\/48 horas Garant\u00eda asegurada 20 unidad(es) por Masterbox","og_url":"https:\/\/starlediluminacion.com\/fr\/product\/proiettore-spotlight-led-30w-new-action-osram-chip-duris-e2835\/","og_site_name":"STARLED Iluminacion","article_modified_time":"2023-12-01T11:05:29+00:00","og_image":[{"width":1000,"height":1000,"url":"https:\/\/starlediluminacion.com\/wp-content\/uploads\/2023\/09\/foco-proyector-led-30w-new-action-osram-chip-duris-e2835-factorled-8.jpg","type":"image\/jpeg"}],"twitter_card":"summary_large_image","twitter_misc":{"Dur\u00e9e de lecture estim\u00e9e":"4 minutes"},"schema":{"@context":"https:\/\/schema.org","@graph":[{"@type":"WebPage","@id":"https:\/\/starlediluminacion.com\/it\/product\/proiettore-spotlight-led-30w-new-action-osram-chip-duris-e2835\/","url":"https:\/\/starlediluminacion.com\/it\/product\/proiettore-spotlight-led-30w-new-action-osram-chip-duris-e2835\/","name":"Foco Proyector LED 30W - New ACTION - OSRAM CHIP DURIS E2835 - STARLED Iluminacion","isPartOf":{"@id":"https:\/\/starlediluminacion.com\/#website"},"primaryImageOfPage":{"@id":"https:\/\/starlediluminacion.com\/it\/product\/proiettore-spotlight-led-30w-new-action-osram-chip-duris-e2835\/#primaryimage"},"image":{"@id":"https:\/\/starlediluminacion.com\/it\/product\/proiettore-spotlight-led-30w-new-action-osram-chip-duris-e2835\/#primaryimage"},"thumbnailUrl":"https:\/\/starlediluminacion.com\/wp-content\/uploads\/2023\/09\/foco-proyector-led-30w-new-action-osram-chip-duris-e2835-factorled-8.jpg","datePublished":"2023-09-14T10:58:44+00:00","dateModified":"2023-12-01T11:05:29+00:00","breadcrumb":{"@id":"https:\/\/starlediluminacion.com\/it\/product\/proiettore-spotlight-led-30w-new-action-osram-chip-duris-e2835\/#breadcrumb"},"inLanguage":"fr-FR","potentialAction":[{"@type":"ReadAction","target":["https:\/\/starlediluminacion.com\/it\/product\/proiettore-spotlight-led-30w-new-action-osram-chip-duris-e2835\/"]}]},{"@type":"ImageObject","inLanguage":"fr-FR","@id":"https:\/\/starlediluminacion.com\/it\/product\/proiettore-spotlight-led-30w-new-action-osram-chip-duris-e2835\/#primaryimage","url":"https:\/\/starlediluminacion.com\/wp-content\/uploads\/2023\/09\/foco-proyector-led-30w-new-action-osram-chip-duris-e2835-factorled-8.jpg","contentUrl":"https:\/\/starlediluminacion.com\/wp-content\/uploads\/2023\/09\/foco-proyector-led-30w-new-action-osram-chip-duris-e2835-factorled-8.jpg","width":1000,"height":1000},{"@type":"BreadcrumbList","@id":"https:\/\/starlediluminacion.com\/it\/product\/proiettore-spotlight-led-30w-new-action-osram-chip-duris-e2835\/#breadcrumb","itemListElement":[{"@type":"ListItem","position":1,"name":"Portada","item":"https:\/\/starlediluminacion.com\/"},{"@type":"ListItem","position":2,"name":"Shop","item":"https:\/\/starlediluminacion.com\/shop-2\/"},{"@type":"ListItem","position":3,"name":"Foco Proyector LED 30W &#8211; New ACTION &#8211; OSRAM CHIP DURIS E2835"}]},{"@type":"WebSite","@id":"https:\/\/starlediluminacion.com\/#website","url":"https:\/\/starlediluminacion.com\/","name":"STARLED Iluminacion","description":"","potentialAction":[{"@type":"SearchAction","target":{"@type":"EntryPoint","urlTemplate":"https:\/\/starlediluminacion.com\/?s={search_term_string}"},"query-input":{"@type":"PropertyValueSpecification","valueRequired":true,"valueName":"search_term_string"}}],"inLanguage":"fr-FR"}]}},"_links":{"self":[{"href":"https:\/\/starlediluminacion.com\/fr\/wp-json\/wp\/v3\/product\/10358","targetHints":{"allow":["GET"]}}],"collection":[{"href":"https:\/\/starlediluminacion.com\/fr\/wp-json\/wp\/v3\/product"}],"about":[{"href":"https:\/\/starlediluminacion.com\/fr\/wp-json\/wp\/v2\/types\/product"}],"wp:featuredmedia":[{"embeddable":true,"href":"https:\/\/starlediluminacion.com\/fr\/wp-json\/wp\/v2\/media\/10374"}],"wp:attachment":[{"href":"https:\/\/starlediluminacion.com\/fr\/wp-json\/wp\/v2\/media?parent=10358"}],"wp:term":[{"taxonomy":"product_cat","embeddable":true,"href":"https:\/\/starlediluminacion.com\/fr\/wp-json\/wp\/v2\/product_cat?post=10358"},{"taxonomy":"product_tag","embeddable":true,"href":"https:\/\/starlediluminacion.com\/fr\/wp-json\/wp\/v2\/product_tag?post=10358"}],"curies":[{"name":"wp","href":"https:\/\/api.w.org\/{rel}","templated":true}]}}