{"id":10235,"date":"2023-07-27T16:31:51","date_gmt":"2023-07-27T16:31:51","guid":{"rendered":"https:\/\/starlediluminacion.com\/?post_type=product&#038;p=10235"},"modified":"2023-09-14T09:04:16","modified_gmt":"2023-09-14T09:04:16","slug":"tira-led-cob-24v-480-led-m-30m-flip-chip-1200lm-12w-m-cri90-ip67","status":"publish","type":"product","link":"https:\/\/starlediluminacion.com\/fr\/product\/tira-led-cob-24v-480-led-m-30m-flip-chip-1200lm-12w-m-cri90-ip67\/","title":{"rendered":"<p>Bande LED COB 24V | 480 LED\/m | 30m | FLIP CHIP | 1200Lm | 12W\/M | CRI90 | IP67<\/p>"},"content":{"rendered":"<h1>Bande LED COB 24V | 480 LED\/m | 30m | FLIP CHIP | 1200Lm | 12W\/M | CRI90 | IP67<p>Notre&nbsp;<strong>Bande LED COB 24 Volt 12W<\/strong>&nbsp;est autocollante pour une installation facile. La bande de LED n\u00e9cessite une alimentation en courant continu constant pour l'alimenter.  Les bandes de LED peuvent \u00eatre grad\u00e9es (-<strong>Dimmables<\/strong>-).<\/p><p>Cette bande de LED COB comporte 480 puces FLIPCHIP par m\u00e8tre, ce qui permet d'obtenir une lumi\u00e8re uniforme sur l'ensemble de la bande, en plus d'une performance Lm \/ W sup\u00e9rieure \u00e0 celle des LED SMD traditionnelles.<\/p><p>Avec son&nbsp;<strong>IRC &gt;90<\/strong>&nbsp;nous obtenons des couleurs tr\u00e8s r\u00e9alistes. Cette bande LED est donc parfaite pour \u00e9clairer des espaces o\u00f9 les couleurs doivent \u00eatre parfaites.<\/p><p>La bande LED peut \u00eatre coup\u00e9e et raccord\u00e9e aux endroits indiqu\u00e9s sur la bande (zone de jonction du cuivre), en suivant toujours les instructions correspondantes (veillez \u00e0 ce que le fer \u00e0 souder reste bri\u00e8vement en contact avec la bande lors de la soudure, car une chaleur excessive endommagerait le conducteur).<br>\nIl est recommand\u00e9 que tout type d'installation de ce type ne d\u00e9passe pas 10 m\u00e8tres afin d'\u00e9viter les chutes de tension dans le courant continu qui alimente les bandes de LED, bien que vous ayez \u00e9galement la possibilit\u00e9 d'alimenter la bande aux deux extr\u00e9mit\u00e9s, une option plus recommandable si vous allez installer 20 m\u00e8tres continus.  Pour l'installation de plus de m\u00e8tres continus, il est n\u00e9cessaire d'installer des amplificateurs de signal pour la bande de LED.<\/p><p>Afin d'augmenter la dur\u00e9e de vie de la bande LED, il est recommand\u00e9 de ne pas l'endommager.&nbsp;<strong>recommand\u00e9<\/strong>&nbsp;utiliser le&nbsp;<strong>ruban pour dissipateur thermique<\/strong>&nbsp;recto-verso, ainsi que pour le placer sur&nbsp;<strong>profil\u00e9 en aluminium<\/strong>pour une gestion correcte de la chaleur de la bande LED elle-m\u00eame.<\/p><p>Vous trouverez sur notre site des amplificateurs de signaux, des bandes dissipatives, des accessoires de collage, des alimentations 12-24v ainsi que des profil\u00e9s en aluminium.<\/p><p>Les&nbsp;<strong>Bandes LED<\/strong>&nbsp;sont id\u00e9ales pour \u00e9clairer tout type de coin ou d'\u00e9l\u00e9ment de votre entreprise ou de votre maison, gr\u00e2ce \u00e0 leur flexibilit\u00e9. On peut dire que l'un de leurs principaux avantages est la grande polyvalence d'utilisation qui peut leur \u00eatre donn\u00e9e, car ils peuvent \u00eatre install\u00e9s dans n'importe quelle zone et s'adapter \u00e0 n'importe quel coin, et peuvent \u00eatre plac\u00e9s dans n'importe quelle position, gr\u00e2ce \u00e0 leur conception lin\u00e9aire adaptable.<\/p><p>&nbsp;<\/p><h2 dir=\"ltr\">Utilisations de la bande LED COB 24V | 480 LED\/m | 30m | FLIP CHIP | 1200Lm |12W\/M | CRI90 | IP67<\/h2><ul>\n<li>Dans les biblioth\u00e8ques<\/li>\n<li>Barres<\/li>\n<li>Accueil<\/li>\n<li>Restaurants<\/li>\n<li>Couvertures<\/li>\n<li>Magasins<\/li>\n<\/ul><h3 class=\"page-product-heading\">DONN\u00c9ES TECHNIQUES<\/h3><div class=\"col-xs-12 col-md-6\">\n<table class=\"table table-data-sheet 1\">\n<tbody>\n<tr class=\"odd\">\n<td valign=\"middle\" width=\"32\"><\/td>\n<td valign=\"middle\">REFERENCE :<\/td>\n<td valign=\"middle\">SLSP480D12W30M<\/td>\n<\/tr>\n<tr class=\"even\">\n<td valign=\"middle\" width=\"32\"><\/td>\n<td valign=\"middle\">Puissance nominale :<\/td>\n<td valign=\"middle\">12w*30m<\/td>\n<\/tr>\n<tr class=\"odd\">\n<td valign=\"middle\" width=\"32\"><\/td>\n<td valign=\"middle\">Tension nominale :<\/td>\n<td valign=\"middle\">24V DC<\/td>\n<\/tr>\n<tr class=\"even\">\n<td valign=\"middle\" width=\"32\"><\/td>\n<td valign=\"middle\">Temp\u00e9rature de la lumi\u00e8re :<\/td>\n<td valign=\"middle\">2700K - 4000K - 5700K<\/td>\n<\/tr>\n<tr class=\"odd\">\n<td valign=\"middle\" width=\"32\"><\/td>\n<td valign=\"middle\">CRI - Indice de rendu des couleurs :<\/td>\n<td valign=\"middle\">90<\/td>\n<\/tr>\n<tr class=\"even\">\n<td valign=\"middle\" width=\"32\"><\/td>\n<td valign=\"middle\">Luminosit\u00e9-Lm :<\/td>\n<td valign=\"middle\">1 m\u00e8tre : 1200Lm\/W - 30 m\u00e8tres : 36000Lm<\/td>\n<\/tr>\n<tr class=\"odd\">\n<td valign=\"middle\" width=\"32\"><\/td>\n<td valign=\"middle\">Type de DEL :<\/td>\n<td valign=\"middle\">COB<\/td>\n<\/tr>\n<tr class=\"even\">\n<td valign=\"middle\" width=\"32\"><\/td>\n<td valign=\"middle\">Angle d'ouverture (\u00ba) :<\/td>\n<td valign=\"middle\">180\u00ba<\/td>\n<\/tr>\n<tr class=\"odd\">\n<td valign=\"middle\" width=\"32\"><\/td>\n<td valign=\"middle\">Efficacit\u00e9 de la diode LED (Lm\/W) :<\/td>\n<td valign=\"middle\">240 Lm\/W<\/td>\n<\/tr>\n<tr class=\"even\">\n<td valign=\"middle\" width=\"32\"><\/td>\n<td valign=\"middle\">Efficacit\u00e9 lumineuse (Lm\/W) :<\/td>\n<td valign=\"middle\">200<\/td>\n<\/tr>\n<tr class=\"odd\">\n<td valign=\"middle\" width=\"32\"><\/td>\n<td valign=\"middle\">Dimmable :<\/td>\n<td valign=\"middle\">OUI<\/td>\n<\/tr>\n<\/tbody>\n<\/table>\n<\/div><div class=\"col-xs-12 col-md-6 2\">\n<table class=\"table table-data-sheet 2\">\n<tbody>\n<tr class=\"odd\">\n<td valign=\"middle\" width=\"32\"><\/td>\n<td valign=\"middle\">Certificats :<\/td>\n<td valign=\"middle\">CE - ROHS<\/td>\n<\/tr>\n<tr class=\"even\">\n<td valign=\"middle\" width=\"32\"><\/td>\n<td valign=\"middle\">Indice de protection IP :<\/td>\n<td valign=\"middle\">IP67-Ext\u00e9rieur<\/td>\n<\/tr>\n<tr class=\"odd\">\n<td valign=\"middle\" width=\"32\"><\/td>\n<td valign=\"middle\">Dur\u00e9e de vie estim\u00e9e de la diode LED (H) :<\/td>\n<td valign=\"middle\">100.000<\/td>\n<\/tr>\n<tr class=\"even\">\n<td valign=\"middle\" width=\"32\"><\/td>\n<td valign=\"middle\">Dimensions (mm) :<\/td>\n<td valign=\"middle\">5m. x 8mm<\/td>\n<\/tr>\n<tr class=\"odd\">\n<td valign=\"middle\" width=\"32\"><\/td>\n<td valign=\"middle\">Plage de temp\u00e9rature (\u00baC) :<\/td>\n<td valign=\"middle\">-20\u00b0C ~ +55\u00b0C<\/td>\n<\/tr>\n<tr class=\"even\">\n<td valign=\"middle\" width=\"32\"><\/td>\n<td valign=\"middle\">Cycles d'allumage :<\/td>\n<td valign=\"middle\">100.000<\/td>\n<\/tr>\n<tr class=\"odd\">\n<td valign=\"middle\" width=\"32\"><\/td>\n<td valign=\"middle\">Informations compl\u00e9mentaires :<\/td>\n<td valign=\"middle\">Coupe : 50 mm<\/td>\n<\/tr>\n<tr class=\"even\">\n<td valign=\"middle\" width=\"32\"><\/td>\n<td valign=\"middle\">Classe \u00e9nerg\u00e9tique (2021-EU-2019\/2015) :<\/td>\n<td valign=\"middle\">A+<\/td>\n<\/tr>\n<tr class=\"odd\">\n<td valign=\"middle\" width=\"32\"><\/td>\n<td valign=\"middle\">Classe \u00e9nerg\u00e9tique (2023 - EU-2019\/2015) :<\/td>\n<td valign=\"middle\">F<\/td>\n<\/tr>\n<tr class=\"even\">\n<td valign=\"middle\" width=\"32\"><\/td>\n<td valign=\"middle\">Ann\u00e9es de garantie :<\/td>\n<td valign=\"middle\">3<\/td>\n<\/tr>\n<\/tbody>\n<\/table>\n<p>&nbsp;<\/p>\n<\/div><\/h1>","protected":false},"excerpt":{"rendered":"<p><strong><label>R\u00c9F\u00c9RENCE :<\/label>&nbsp;SL<span class=\"editable\">SP480D12W30M-91021-4K<\/span><\/strong><p><strong>Bobine de 30 m\u00e8tres de bande LED COB<\/strong>&nbsp;de&nbsp;<strong>12W&nbsp;<\/strong>a&nbsp;<strong>24V<\/strong><strong>&nbsp;<\/strong>avec ruban adh\u00e9sif pour une installation facile. Con\u00e7u pour une installation \u00e0 l'int\u00e9rieur. Parfait pour \u00c9CLAIRER tous les types d'espaces. Il n\u00e9cessite une alimentation \u00e9lectrique et il est conseill\u00e9 de l'installer sur un profil\u00e9 en aluminium pour une bonne dissipation de la chaleur.<strong>&nbsp;<\/strong><\/p><p><strong>480 Leds\/m\u00e8tre de haute puissance FLIP CHIP.<\/strong><\/p><p>TEMP\u00c9RATURE DE COULEUR : <strong>2700K\/4000K\/5700K<\/strong><\/p><div class=\"col-md-12\"><i class=\"fa fa-truck\"><\/i>&nbsp;<span class=\"text-muted textprop\">Livraison dans les 24\/48 heures<\/span><\/div><div class=\"col-md-12\"><i class=\"fa fa-exchange\"><\/i>&nbsp;<span class=\"text-muted textprop\">Garantie assur\u00e9e<\/span><\/div><div class=\"col-md-12\"><i class=\"fa fa-box\"><\/i>&nbsp;<span class=\"text-muted textprop\">50 unit\u00e9(s) par bo\u00eete \u00e0 outils<\/span><\/div><\/p>","protected":false},"featured_media":10248,"template":"","meta":{"site-sidebar-layout":"default","site-content-layout":"default","ast-global-header-display":"","ast-main-header-display":"","ast-hfb-above-header-display":"","ast-hfb-below-header-display":"","ast-hfb-mobile-header-display":"","site-post-title":"","ast-breadcrumbs-content":"","ast-featured-img":"","footer-sml-layout":"","theme-transparent-header-meta":"default","adv-header-id-meta":"","stick-header-meta":"","header-above-stick-meta":"","header-main-stick-meta":"","header-below-stick-meta":""},"product_cat":[89,45],"product_tag":[],"class_list":["post-10235","product","type-product","status-publish","has-post-thumbnail","hentry","product_cat-tiras-led-24v-dc","product_cat-tiras-led-y-neon-flexible"],"yoast_head":"<!-- This site is optimized with the Yoast SEO plugin v27.4 - https:\/\/yoast.com\/product\/yoast-seo-wordpress\/ -->\n<title>Tira LED COB 24V | 480 LED\/m | 30m | FLIP CHIP | 1200Lm |12W\/M | CRI90 | IP67 - STARLED Iluminacion<\/title>\n<meta name=\"robots\" content=\"index, follow, max-snippet:-1, max-image-preview:large, max-video-preview:-1\" \/>\n<link rel=\"canonical\" href=\"https:\/\/starlediluminacion.com\/fr\/product\/tira-led-cob-24v-480-led-m-30m-flip-chip-1200lm-12w-m-cri90-ip67\/\" \/>\n<meta property=\"og:locale\" content=\"fr_FR\" \/>\n<meta property=\"og:type\" content=\"article\" \/>\n<meta property=\"og:title\" content=\"Tira LED COB 24V | 480 LED\/m | 30m | FLIP CHIP | 1200Lm |12W\/M | CRI90 | IP67 - STARLED Iluminacion\" \/>\n<meta property=\"og:description\" content=\"REFERENCIA:\u00a0SLSP480D12W30M-91021-4K  Bobina de 30 metros de Tira led COB\u00a0de\u00a012W\u00a0a\u00a024V\u00a0con cinta adhesiva para facilitar su instalaci\u00f3n. Dise\u00f1ada para su colocaci\u00f3n en interior. Perfecta para\u00a0ILUMINAR\u00a0todo tipo de espacios. Requiere de fuente de alimentaci\u00f3n y es conveniente instalarla sobre un perfil de aluminio para conseguir una buena disipaci\u00f3n del calor.\u00a0  480\u00a0Leds\/metro FLIP CHIP de alta potencia.  TEMPERATURA DE COLOR: 2700K\/4000K\/5700K \u00a0Entrega en 24\/48 horas \u00a0Garant\u00eda asegurada \u00a050 unidad(es) por Masterbox\" \/>\n<meta property=\"og:url\" content=\"https:\/\/starlediluminacion.com\/fr\/product\/tira-led-cob-24v-480-led-m-30m-flip-chip-1200lm-12w-m-cri90-ip67\/\" \/>\n<meta property=\"og:site_name\" content=\"STARLED Iluminacion\" \/>\n<meta property=\"article:modified_time\" content=\"2023-09-14T09:04:16+00:00\" \/>\n<meta property=\"og:image\" content=\"https:\/\/starlediluminacion.com\/wp-content\/uploads\/2023\/07\/tira-led-cob-24v-480-ledm-30m-flip-chip-1200lm-12wm-cri90-ip20-factorled.jpg\" \/>\n\t<meta property=\"og:image:width\" content=\"1000\" \/>\n\t<meta property=\"og:image:height\" content=\"1000\" \/>\n\t<meta property=\"og:image:type\" content=\"image\/jpeg\" \/>\n<meta name=\"twitter:card\" content=\"summary_large_image\" \/>\n<meta name=\"twitter:label1\" content=\"Dur\u00e9e de lecture estim\u00e9e\" \/>\n\t<meta name=\"twitter:data1\" content=\"3 minutes\" \/>\n<script type=\"application\/ld+json\" class=\"yoast-schema-graph\">{\"@context\":\"https:\\\/\\\/schema.org\",\"@graph\":[{\"@type\":\"WebPage\",\"@id\":\"https:\\\/\\\/starlediluminacion.com\\\/producto\\\/tira-led-cob-24v-480-led-m-30m-flip-chip-1200lm-12w-m-cri90-ip67\\\/\",\"url\":\"https:\\\/\\\/starlediluminacion.com\\\/producto\\\/tira-led-cob-24v-480-led-m-30m-flip-chip-1200lm-12w-m-cri90-ip67\\\/\",\"name\":\"Tira LED COB 24V | 480 LED\\\/m | 30m | FLIP CHIP | 1200Lm |12W\\\/M | CRI90 | IP67 - STARLED Iluminacion\",\"isPartOf\":{\"@id\":\"https:\\\/\\\/starlediluminacion.com\\\/#website\"},\"primaryImageOfPage\":{\"@id\":\"https:\\\/\\\/starlediluminacion.com\\\/producto\\\/tira-led-cob-24v-480-led-m-30m-flip-chip-1200lm-12w-m-cri90-ip67\\\/#primaryimage\"},\"image\":{\"@id\":\"https:\\\/\\\/starlediluminacion.com\\\/producto\\\/tira-led-cob-24v-480-led-m-30m-flip-chip-1200lm-12w-m-cri90-ip67\\\/#primaryimage\"},\"thumbnailUrl\":\"https:\\\/\\\/starlediluminacion.com\\\/wp-content\\\/uploads\\\/2023\\\/07\\\/tira-led-cob-24v-480-ledm-30m-flip-chip-1200lm-12wm-cri90-ip20-factorled.jpg\",\"datePublished\":\"2023-07-27T16:31:51+00:00\",\"dateModified\":\"2023-09-14T09:04:16+00:00\",\"breadcrumb\":{\"@id\":\"https:\\\/\\\/starlediluminacion.com\\\/producto\\\/tira-led-cob-24v-480-led-m-30m-flip-chip-1200lm-12w-m-cri90-ip67\\\/#breadcrumb\"},\"inLanguage\":\"fr-FR\",\"potentialAction\":[{\"@type\":\"ReadAction\",\"target\":[\"https:\\\/\\\/starlediluminacion.com\\\/producto\\\/tira-led-cob-24v-480-led-m-30m-flip-chip-1200lm-12w-m-cri90-ip67\\\/\"]}]},{\"@type\":\"ImageObject\",\"inLanguage\":\"fr-FR\",\"@id\":\"https:\\\/\\\/starlediluminacion.com\\\/producto\\\/tira-led-cob-24v-480-led-m-30m-flip-chip-1200lm-12w-m-cri90-ip67\\\/#primaryimage\",\"url\":\"https:\\\/\\\/starlediluminacion.com\\\/wp-content\\\/uploads\\\/2023\\\/07\\\/tira-led-cob-24v-480-ledm-30m-flip-chip-1200lm-12wm-cri90-ip20-factorled.jpg\",\"contentUrl\":\"https:\\\/\\\/starlediluminacion.com\\\/wp-content\\\/uploads\\\/2023\\\/07\\\/tira-led-cob-24v-480-ledm-30m-flip-chip-1200lm-12wm-cri90-ip20-factorled.jpg\",\"width\":1000,\"height\":1000},{\"@type\":\"BreadcrumbList\",\"@id\":\"https:\\\/\\\/starlediluminacion.com\\\/producto\\\/tira-led-cob-24v-480-led-m-30m-flip-chip-1200lm-12w-m-cri90-ip67\\\/#breadcrumb\",\"itemListElement\":[{\"@type\":\"ListItem\",\"position\":1,\"name\":\"Portada\",\"item\":\"https:\\\/\\\/starlediluminacion.com\\\/\"},{\"@type\":\"ListItem\",\"position\":2,\"name\":\"Shop\",\"item\":\"https:\\\/\\\/starlediluminacion.com\\\/shop-2\\\/\"},{\"@type\":\"ListItem\",\"position\":3,\"name\":\"Tira LED COB 24V | 480 LED\\\/m | 30m | FLIP CHIP | 1200Lm |12W\\\/M | CRI90 | IP67\"}]},{\"@type\":\"WebSite\",\"@id\":\"https:\\\/\\\/starlediluminacion.com\\\/#website\",\"url\":\"https:\\\/\\\/starlediluminacion.com\\\/\",\"name\":\"STARLED Iluminacion\",\"description\":\"\",\"potentialAction\":[{\"@type\":\"SearchAction\",\"target\":{\"@type\":\"EntryPoint\",\"urlTemplate\":\"https:\\\/\\\/starlediluminacion.com\\\/?s={search_term_string}\"},\"query-input\":{\"@type\":\"PropertyValueSpecification\",\"valueRequired\":true,\"valueName\":\"search_term_string\"}}],\"inLanguage\":\"fr-FR\"}]}<\/script>\n<!-- \/ Yoast SEO plugin. -->","yoast_head_json":{"title":"Tira LED COB 24V | 480 LED\/m | 30m | FLIP CHIP | 1200Lm |12W\/M | CRI90 | IP67 - STARLED Iluminacion","robots":{"index":"index","follow":"follow","max-snippet":"max-snippet:-1","max-image-preview":"max-image-preview:large","max-video-preview":"max-video-preview:-1"},"canonical":"https:\/\/starlediluminacion.com\/fr\/product\/tira-led-cob-24v-480-led-m-30m-flip-chip-1200lm-12w-m-cri90-ip67\/","og_locale":"fr_FR","og_type":"article","og_title":"Tira LED COB 24V | 480 LED\/m | 30m | FLIP CHIP | 1200Lm |12W\/M | CRI90 | IP67 - STARLED Iluminacion","og_description":"REFERENCIA:\u00a0SLSP480D12W30M-91021-4K  Bobina de 30 metros de Tira led COB\u00a0de\u00a012W\u00a0a\u00a024V\u00a0con cinta adhesiva para facilitar su instalaci\u00f3n. Dise\u00f1ada para su colocaci\u00f3n en interior. Perfecta para\u00a0ILUMINAR\u00a0todo tipo de espacios. Requiere de fuente de alimentaci\u00f3n y es conveniente instalarla sobre un perfil de aluminio para conseguir una buena disipaci\u00f3n del calor.\u00a0  480\u00a0Leds\/metro FLIP CHIP de alta potencia.  TEMPERATURA DE COLOR: 2700K\/4000K\/5700K \u00a0Entrega en 24\/48 horas \u00a0Garant\u00eda asegurada \u00a050 unidad(es) por Masterbox","og_url":"https:\/\/starlediluminacion.com\/fr\/product\/tira-led-cob-24v-480-led-m-30m-flip-chip-1200lm-12w-m-cri90-ip67\/","og_site_name":"STARLED Iluminacion","article_modified_time":"2023-09-14T09:04:16+00:00","og_image":[{"width":1000,"height":1000,"url":"https:\/\/starlediluminacion.com\/wp-content\/uploads\/2023\/07\/tira-led-cob-24v-480-ledm-30m-flip-chip-1200lm-12wm-cri90-ip20-factorled.jpg","type":"image\/jpeg"}],"twitter_card":"summary_large_image","twitter_misc":{"Dur\u00e9e de lecture estim\u00e9e":"3 minutes"},"schema":{"@context":"https:\/\/schema.org","@graph":[{"@type":"WebPage","@id":"https:\/\/starlediluminacion.com\/producto\/tira-led-cob-24v-480-led-m-30m-flip-chip-1200lm-12w-m-cri90-ip67\/","url":"https:\/\/starlediluminacion.com\/producto\/tira-led-cob-24v-480-led-m-30m-flip-chip-1200lm-12w-m-cri90-ip67\/","name":"Tira LED COB 24V | 480 LED\/m | 30m | FLIP CHIP | 1200Lm |12W\/M | CRI90 | IP67 - STARLED Iluminacion","isPartOf":{"@id":"https:\/\/starlediluminacion.com\/#website"},"primaryImageOfPage":{"@id":"https:\/\/starlediluminacion.com\/producto\/tira-led-cob-24v-480-led-m-30m-flip-chip-1200lm-12w-m-cri90-ip67\/#primaryimage"},"image":{"@id":"https:\/\/starlediluminacion.com\/producto\/tira-led-cob-24v-480-led-m-30m-flip-chip-1200lm-12w-m-cri90-ip67\/#primaryimage"},"thumbnailUrl":"https:\/\/starlediluminacion.com\/wp-content\/uploads\/2023\/07\/tira-led-cob-24v-480-ledm-30m-flip-chip-1200lm-12wm-cri90-ip20-factorled.jpg","datePublished":"2023-07-27T16:31:51+00:00","dateModified":"2023-09-14T09:04:16+00:00","breadcrumb":{"@id":"https:\/\/starlediluminacion.com\/producto\/tira-led-cob-24v-480-led-m-30m-flip-chip-1200lm-12w-m-cri90-ip67\/#breadcrumb"},"inLanguage":"fr-FR","potentialAction":[{"@type":"ReadAction","target":["https:\/\/starlediluminacion.com\/producto\/tira-led-cob-24v-480-led-m-30m-flip-chip-1200lm-12w-m-cri90-ip67\/"]}]},{"@type":"ImageObject","inLanguage":"fr-FR","@id":"https:\/\/starlediluminacion.com\/producto\/tira-led-cob-24v-480-led-m-30m-flip-chip-1200lm-12w-m-cri90-ip67\/#primaryimage","url":"https:\/\/starlediluminacion.com\/wp-content\/uploads\/2023\/07\/tira-led-cob-24v-480-ledm-30m-flip-chip-1200lm-12wm-cri90-ip20-factorled.jpg","contentUrl":"https:\/\/starlediluminacion.com\/wp-content\/uploads\/2023\/07\/tira-led-cob-24v-480-ledm-30m-flip-chip-1200lm-12wm-cri90-ip20-factorled.jpg","width":1000,"height":1000},{"@type":"BreadcrumbList","@id":"https:\/\/starlediluminacion.com\/producto\/tira-led-cob-24v-480-led-m-30m-flip-chip-1200lm-12w-m-cri90-ip67\/#breadcrumb","itemListElement":[{"@type":"ListItem","position":1,"name":"Portada","item":"https:\/\/starlediluminacion.com\/"},{"@type":"ListItem","position":2,"name":"Shop","item":"https:\/\/starlediluminacion.com\/shop-2\/"},{"@type":"ListItem","position":3,"name":"Tira LED COB 24V | 480 LED\/m | 30m | FLIP CHIP | 1200Lm |12W\/M | CRI90 | IP67"}]},{"@type":"WebSite","@id":"https:\/\/starlediluminacion.com\/#website","url":"https:\/\/starlediluminacion.com\/","name":"STARLED Iluminacion","description":"","potentialAction":[{"@type":"SearchAction","target":{"@type":"EntryPoint","urlTemplate":"https:\/\/starlediluminacion.com\/?s={search_term_string}"},"query-input":{"@type":"PropertyValueSpecification","valueRequired":true,"valueName":"search_term_string"}}],"inLanguage":"fr-FR"}]}},"_links":{"self":[{"href":"https:\/\/starlediluminacion.com\/fr\/wp-json\/wp\/v3\/product\/10235","targetHints":{"allow":["GET"]}}],"collection":[{"href":"https:\/\/starlediluminacion.com\/fr\/wp-json\/wp\/v3\/product"}],"about":[{"href":"https:\/\/starlediluminacion.com\/fr\/wp-json\/wp\/v2\/types\/product"}],"wp:featuredmedia":[{"embeddable":true,"href":"https:\/\/starlediluminacion.com\/fr\/wp-json\/wp\/v2\/media\/10248"}],"wp:attachment":[{"href":"https:\/\/starlediluminacion.com\/fr\/wp-json\/wp\/v2\/media?parent=10235"}],"wp:term":[{"taxonomy":"product_cat","embeddable":true,"href":"https:\/\/starlediluminacion.com\/fr\/wp-json\/wp\/v2\/product_cat?post=10235"},{"taxonomy":"product_tag","embeddable":true,"href":"https:\/\/starlediluminacion.com\/fr\/wp-json\/wp\/v2\/product_tag?post=10235"}],"curies":[{"name":"wp","href":"https:\/\/api.w.org\/{rel}","templated":true}]}}