{"id":10222,"date":"2023-07-27T16:24:22","date_gmt":"2023-07-27T16:24:22","guid":{"rendered":"https:\/\/starlediluminacion.com\/?post_type=product&#038;p=10222"},"modified":"2023-12-01T10:55:02","modified_gmt":"2023-12-01T10:55:02","slug":"tira-led-220v-flicker-free-corte-a-medida-120-led-m50m-smd2835-1800lm-w14w-mip67-corte-cada-10cm","status":"publish","type":"product","link":"https:\/\/starlediluminacion.com\/fr\/product\/tira-led-220v-flicker-free-corte-a-medida-120-led-m50m-smd2835-1800lm-w14w-mip67-corte-cada-10cm\/","title":{"rendered":"<p>Bande LED 220V | FLICKER FREE | COUPE A LA TAILLE |120 LED\/m|50m| SMD2835 |1800Lm\/W|14W\/M|IP67 | Coupe tous les 10cm<\/p>"},"content":{"rendered":"<h1>Bande LED 220V | COUPE A LA TAILLE | 120 LED\/m | 50m | SMD2835 | 1800Lm\/W | 14W\/M | CRI80 | IP67 | Coupe tous les 10cm | Coupe tous les 10cm<p>Notre&nbsp;<strong>Bande LED SMD2835&nbsp;&nbsp;<\/strong>direct \u00e0&nbsp;<strong>220V&nbsp;<\/strong>avec ruban adh\u00e9sif pour une installation facile PAS de c\u00e2ble d'alimentation ou de redresseur de puissance n\u00e9cessaire.<strong>. DIRECT \u00c0 220V.<\/strong><\/p><p>Cette bande LED comporte 120 puces FLIPCHIP par m\u00e8tre, ce qui permet d'obtenir une lumi\u00e8re uniforme sur l'ensemble de la bande, en plus d'une performance Lm\/W sup\u00e9rieure \u00e0 celle des LED SMD traditionnelles.<\/p><p>Avec son&nbsp;<strong>IRC &gt;80<\/strong>&nbsp;nous obtenons des couleurs tr\u00e8s r\u00e9alistes. Cette bande LED est donc parfaite pour \u00e9clairer des espaces o\u00f9 les couleurs doivent \u00eatre parfaites.<\/p><p>Pour faciliter son fonctionnement, cette bande peut \u00eatre coup\u00e9e et reli\u00e9e par les espaces indiqu\u00e9s sur la bande (zone de jonction du cuivre), toujours en suivant les instructions correspondantes (attention \u00e0 ce que le fer \u00e0 souder maintienne un bref contact avec la bande lors de la soudure, car une chaleur excessive endommagerait le conducteur).<\/p><p><strong>Cette bobine LED n'est PAS submersible, la connexion se fait \u00e0 une extr\u00e9mit\u00e9 directement au courant avec un maximum de 50m par connexion.<\/strong><\/p><p>Afin d'augmenter la dur\u00e9e de vie de la bande LED, il est recommand\u00e9 de ne pas l'endommager.&nbsp;<strong>recommand\u00e9<\/strong>&nbsp;utiliser le&nbsp;<strong>ruban pour dissipateur thermique<\/strong>&nbsp;recto-verso, ainsi que pour le placer sur&nbsp;<strong>profil\u00e9 en aluminium<\/strong>pour une gestion correcte de la chaleur de la bande LED elle-m\u00eame. Gr\u00e2ce \u00e0 sa protection, il peut \u00eatre plac\u00e9 aussi bien \u00e0 l'ext\u00e9rieur qu'\u00e0 l'int\u00e9rieur.&nbsp;<strong>IP67<\/strong>.<\/p><p>Les&nbsp;<strong>Bandes LED<\/strong>&nbsp;sont id\u00e9ales pour \u00e9clairer tout type de coin ou d'\u00e9l\u00e9ment de votre entreprise ou de votre maison, gr\u00e2ce \u00e0 leur flexibilit\u00e9. On peut dire que l'un de leurs principaux avantages est la grande polyvalence d'utilisation qui peut leur \u00eatre donn\u00e9e, car ils peuvent \u00eatre install\u00e9s dans n'importe quelle zone et s'adapter \u00e0 n'importe quel coin, et peuvent \u00eatre plac\u00e9s dans n'importe quelle position, gr\u00e2ce \u00e0 leur conception lin\u00e9aire adaptable.<\/p><p>&nbsp;<\/p><h2 dir=\"ltr\">Utilisations de la bande LED 220V | COUPE A LA TAILLE | 120 LED\/m | 50m | SMD2835 | 1800Lm\/W | 14W\/M | CRI80 | IP67 | Coupe tous les 10cm | Coupe tous les 10cm<\/h2><ul>\n<li>Dans les biblioth\u00e8ques<\/li>\n<li>Barres<\/li>\n<li>Accueil<\/li>\n<li>Restaurants<\/li>\n<li>Couvertures<\/li>\n<li>Magasins<\/li>\n<\/ul><h3 class=\"page-product-heading\">DONN\u00c9ES TECHNIQUES<\/h3><div class=\"col-xs-12 col-md-6\">\n<table class=\"table table-data-sheet 1\">\n<tbody>\n<tr class=\"odd\">\n<td valign=\"middle\" width=\"32\"><\/td>\n<td valign=\"middle\">REFERENCE :<\/td>\n<td valign=\"middle\">SLSP120D14W50M<\/td>\n<\/tr>\n<tr class=\"even\">\n<td valign=\"middle\" width=\"32\"><\/td>\n<td valign=\"middle\">Puissance nominale :<\/td>\n<td valign=\"middle\">14W<\/td>\n<\/tr>\n<tr class=\"odd\">\n<td valign=\"middle\" width=\"32\"><\/td>\n<td valign=\"middle\">Tension nominale :<\/td>\n<td valign=\"middle\">220-240V<\/td>\n<\/tr>\n<tr class=\"even\">\n<td valign=\"middle\" width=\"32\"><\/td>\n<td valign=\"middle\">Temp\u00e9rature de la lumi\u00e8re :<\/td>\n<td valign=\"middle\">2700K - 4000K - 5700K<\/td>\n<\/tr>\n<tr class=\"odd\">\n<td valign=\"middle\" width=\"32\"><\/td>\n<td valign=\"middle\">CRI - Indice de rendu des couleurs :<\/td>\n<td valign=\"middle\">80<\/td>\n<\/tr>\n<tr class=\"even\">\n<td valign=\"middle\" width=\"32\"><\/td>\n<td valign=\"middle\">Luminosit\u00e9-Lm :<\/td>\n<td valign=\"middle\">1 m\u00e8tre : 1800Lm\/W<\/td>\n<\/tr>\n<tr class=\"odd\">\n<td valign=\"middle\" width=\"32\"><\/td>\n<td valign=\"middle\">Type de DEL :<\/td>\n<td valign=\"middle\">SMD2835 LUMILEDS<\/td>\n<\/tr>\n<tr class=\"even\">\n<td valign=\"middle\" width=\"32\"><\/td>\n<td valign=\"middle\">Angle d'ouverture (\u00ba) :<\/td>\n<td valign=\"middle\">180\u00ba<\/td>\n<\/tr>\n<tr class=\"odd\">\n<td valign=\"middle\" width=\"32\"><\/td>\n<td valign=\"middle\">Efficacit\u00e9 de la diode LED (Lm\/W) :<\/td>\n<td valign=\"middle\">130 Lm\/w<\/td>\n<\/tr>\n<tr class=\"even\">\n<td valign=\"middle\" width=\"32\"><\/td>\n<td valign=\"middle\">Certificats :<\/td>\n<td valign=\"middle\">CE - ROHS<\/td>\n<\/tr>\n<\/tbody>\n<\/table>\n<\/div><div class=\"col-xs-12 col-md-6 2\">\n<table class=\"table table-data-sheet 2\">\n<tbody>\n<tr class=\"odd\">\n<td valign=\"middle\" width=\"32\"><\/td>\n<td valign=\"middle\">Indice de protection IP :<\/td>\n<td valign=\"middle\">IP67-Ext\u00e9rieur<\/td>\n<\/tr>\n<tr class=\"even\">\n<td valign=\"middle\" width=\"32\"><\/td>\n<td valign=\"middle\">Dur\u00e9e de vie estim\u00e9e de la diode LED (H) :<\/td>\n<td valign=\"middle\">35.000<\/td>\n<\/tr>\n<tr class=\"odd\">\n<td valign=\"middle\" width=\"32\"><\/td>\n<td valign=\"middle\">Dimensions (mm) :<\/td>\n<td valign=\"middle\">50000m * H4.39mm * 12mm<\/td>\n<\/tr>\n<tr class=\"even\">\n<td valign=\"middle\" width=\"32\"><\/td>\n<td valign=\"middle\">Facteur de puissance (PF) :<\/td>\n<td valign=\"middle\">0,91<\/td>\n<\/tr>\n<tr class=\"odd\">\n<td valign=\"middle\" width=\"32\"><\/td>\n<td valign=\"middle\">Plage de temp\u00e9rature (\u00baC) :<\/td>\n<td valign=\"middle\">-20\u00b0C ~ +55\u00b0C<\/td>\n<\/tr>\n<tr class=\"even\">\n<td valign=\"middle\" width=\"32\"><\/td>\n<td valign=\"middle\">Cycles d'allumage :<\/td>\n<td valign=\"middle\">100.000<\/td>\n<\/tr>\n<tr class=\"odd\">\n<td valign=\"middle\" width=\"32\"><\/td>\n<td valign=\"middle\">Informations compl\u00e9mentaires :<\/td>\n<td valign=\"middle\">Coupe : 10cm NO FLick<\/td>\n<\/tr>\n<tr class=\"even\">\n<td valign=\"middle\" width=\"32\"><\/td>\n<td valign=\"middle\">Classe \u00e9nerg\u00e9tique (2021-EU-2019\/2015) :<\/td>\n<td valign=\"middle\">A+<\/td>\n<\/tr>\n<tr class=\"odd\">\n<td valign=\"middle\" width=\"32\"><\/td>\n<td valign=\"middle\">Ann\u00e9es de garantie :<\/td>\n<td valign=\"middle\">3<\/td>\n<\/tr>\n<\/tbody>\n<\/table>\n<p>&nbsp;<\/p>\n<\/div><\/h1>","protected":false},"excerpt":{"rendered":"<p><strong>REFERENCIA: SLSP120D14W50M-91649-4K-UND<\/strong><p><strong>Bande LED FLAWLESS -NO FLICK- SMD2835&nbsp;<\/strong>de&nbsp;<strong>14W&nbsp;<\/strong>a&nbsp;<strong>220V&nbsp;<\/strong>y&nbsp;<strong>50 m\u00e8tres<\/strong>&nbsp;avec ruban adh\u00e9sif pour une installation facile. Con\u00e7u pour une installation \u00e0 l'int\u00e9rieur. Parfait pour \u00c9CLAIRER tous les espaces, avec sa protection.&nbsp;<strong>IP67<\/strong>&nbsp;peut fonctionner aussi bien \u00e0 l'int\u00e9rieur qu'\u00e0 l'ext\u00e9rieur.<\/p><p>DIRECT 220V : PAS besoin d'alimentation ni de pont redresseur.<strong>&nbsp;120 Leds\/m SMD2835 haute puissance.<\/strong><\/p><p><strong>COUPE TOUS LES 1 M\u00c8TRES | BOBINE COMPL\u00c8TE = 50M | PRIX AU M\u00c8TRE<\/strong><\/p><p><strong>1 UNIT\u00c9 = 1 M\u00c8TRE DE BANDE LED (S\u00c9LECTIONNEZ LES M\u00c8TRES DONT VOUS AVEZ BESOIN) MAXIMUM 50 M\u00c8TRES<\/strong><\/p><p>TEMP\u00c9RATURE DE COULEUR : <strong>2700\/4000K\/5700K<\/strong><\/p><div class=\"col-md-12\"><i class=\"fa fa-truck\"><\/i>&nbsp;<span class=\"text-muted textprop\">Livraison dans les 24\/48 heures<\/span><\/div><div class=\"col-md-12\"><i class=\"fa fa-exchange\"><\/i>&nbsp;<span class=\"text-muted textprop\">Garantie assur\u00e9e<\/span><\/div><div class=\"col-md-12\"><i class=\"fa fa-box\"><\/i>&nbsp;<span class=\"text-muted textprop\">1 unit\u00e9(s) par bo\u00eete \u00e0 outils<\/span><\/div><\/p>","protected":false},"featured_media":10233,"template":"","meta":{"site-sidebar-layout":"default","site-content-layout":"default","ast-global-header-display":"","ast-main-header-display":"","ast-hfb-above-header-display":"","ast-hfb-below-header-display":"","ast-hfb-mobile-header-display":"","site-post-title":"","ast-breadcrumbs-content":"","ast-featured-img":"","footer-sml-layout":"","theme-transparent-header-meta":"default","adv-header-id-meta":"","stick-header-meta":"","header-above-stick-meta":"","header-main-stick-meta":"","header-below-stick-meta":""},"product_cat":[90,45],"product_tag":[],"class_list":["post-10222","product","type-product","status-publish","has-post-thumbnail","hentry","product_cat-tiras-led-220v-240v-ac","product_cat-tiras-led-y-neon-flexible"],"yoast_head":"<!-- This site is optimized with the Yoast SEO plugin v27.4 - https:\/\/yoast.com\/product\/yoast-seo-wordpress\/ -->\n<title>Tira LED 220V | FLICKER FREE | CORTE A MEDIDA |120 LED\/m|50m| SMD2835 |1800Lm\/W|14W\/M|IP67 | Corte cada 10cm - STARLED Iluminacion<\/title>\n<meta name=\"robots\" content=\"index, follow, max-snippet:-1, max-image-preview:large, max-video-preview:-1\" \/>\n<link rel=\"canonical\" href=\"https:\/\/starlediluminacion.com\/fr\/product\/tira-led-220v-flicker-free-corte-a-medida-120-led-m50m-smd2835-1800lm-w14w-mip67-corte-cada-10cm\/\" \/>\n<meta property=\"og:locale\" content=\"fr_FR\" \/>\n<meta property=\"og:type\" content=\"article\" \/>\n<meta property=\"og:title\" content=\"Tira LED 220V | FLICKER FREE | CORTE A MEDIDA |120 LED\/m|50m| SMD2835 |1800Lm\/W|14W\/M|IP67 | Corte cada 10cm - STARLED Iluminacion\" \/>\n<meta property=\"og:description\" content=\"REFERENCIA: SLSP120D14W50M-91649-4K-UND  Tira led SIN PARPADEOS -NO FLICK- SMD2835\u00a0de\u00a014W\u00a0a\u00a0220V\u00a0y\u00a050\u00a0metros\u00a0con cinta adhesiva para facilitar su instalaci\u00f3n. Dise\u00f1ada para su colocaci\u00f3n en interior. Perfecta para\u00a0ILUMINAR\u00a0todos los espacios, con su protecci\u00f3n\u00a0IP67\u00a0puede\u00a0funcionar\u00a0tanto en interior como exterior.  DIRECTA 220V: NO requiere de fuente de alimentaci\u00f3n, ni puente rectificador.\u00a0120 Leds\/m SMD2835 de alta potencia.  CORTE CADA 1 METRO | BOBINA COMPLETA = 50M |\u00a0PRECIO POR\u00a0METRO  1 UNIDAD = 1 METRO DE TIRA LED (SELECCIONA LOS METROS QUE NECESITES) MAXIMO 50 METROS  TEMPERATURA DE COLOR: 2700\/4000K\/5700K \u00a0Entrega en 24\/48 horas \u00a0Garant\u00eda asegurada \u00a01 unidad(es) por Masterbox\" \/>\n<meta property=\"og:url\" content=\"https:\/\/starlediluminacion.com\/fr\/product\/tira-led-220v-flicker-free-corte-a-medida-120-led-m50m-smd2835-1800lm-w14w-mip67-corte-cada-10cm\/\" \/>\n<meta property=\"og:site_name\" content=\"STARLED Iluminacion\" \/>\n<meta property=\"article:modified_time\" content=\"2023-12-01T10:55:02+00:00\" \/>\n<meta property=\"og:image\" content=\"https:\/\/starlediluminacion.com\/wp-content\/uploads\/2023\/07\/tira-led-220v-flicker-free-corte-a-medida-120-ledm50m-smd2835-1800lmw14wmip67-corte-cada-10cm-factorled.jpg\" \/>\n\t<meta property=\"og:image:width\" content=\"1000\" \/>\n\t<meta property=\"og:image:height\" content=\"1000\" \/>\n\t<meta property=\"og:image:type\" content=\"image\/jpeg\" \/>\n<meta name=\"twitter:card\" content=\"summary_large_image\" \/>\n<meta name=\"twitter:label1\" content=\"Dur\u00e9e de lecture estim\u00e9e\" \/>\n\t<meta name=\"twitter:data1\" content=\"2 minutes\" \/>\n<script type=\"application\/ld+json\" class=\"yoast-schema-graph\">{\"@context\":\"https:\\\/\\\/schema.org\",\"@graph\":[{\"@type\":\"WebPage\",\"@id\":\"https:\\\/\\\/starlediluminacion.com\\\/producto\\\/tira-led-220v-flicker-free-corte-a-medida-120-led-m50m-smd2835-1800lm-w14w-mip67-corte-cada-10cm\\\/\",\"url\":\"https:\\\/\\\/starlediluminacion.com\\\/producto\\\/tira-led-220v-flicker-free-corte-a-medida-120-led-m50m-smd2835-1800lm-w14w-mip67-corte-cada-10cm\\\/\",\"name\":\"Tira LED 220V | FLICKER FREE | CORTE A MEDIDA |120 LED\\\/m|50m| SMD2835 |1800Lm\\\/W|14W\\\/M|IP67 | Corte cada 10cm - STARLED Iluminacion\",\"isPartOf\":{\"@id\":\"https:\\\/\\\/starlediluminacion.com\\\/#website\"},\"primaryImageOfPage\":{\"@id\":\"https:\\\/\\\/starlediluminacion.com\\\/producto\\\/tira-led-220v-flicker-free-corte-a-medida-120-led-m50m-smd2835-1800lm-w14w-mip67-corte-cada-10cm\\\/#primaryimage\"},\"image\":{\"@id\":\"https:\\\/\\\/starlediluminacion.com\\\/producto\\\/tira-led-220v-flicker-free-corte-a-medida-120-led-m50m-smd2835-1800lm-w14w-mip67-corte-cada-10cm\\\/#primaryimage\"},\"thumbnailUrl\":\"https:\\\/\\\/starlediluminacion.com\\\/wp-content\\\/uploads\\\/2023\\\/07\\\/tira-led-220v-flicker-free-corte-a-medida-120-ledm50m-smd2835-1800lmw14wmip67-corte-cada-10cm-factorled.jpg\",\"datePublished\":\"2023-07-27T16:24:22+00:00\",\"dateModified\":\"2023-12-01T10:55:02+00:00\",\"breadcrumb\":{\"@id\":\"https:\\\/\\\/starlediluminacion.com\\\/producto\\\/tira-led-220v-flicker-free-corte-a-medida-120-led-m50m-smd2835-1800lm-w14w-mip67-corte-cada-10cm\\\/#breadcrumb\"},\"inLanguage\":\"fr-FR\",\"potentialAction\":[{\"@type\":\"ReadAction\",\"target\":[\"https:\\\/\\\/starlediluminacion.com\\\/producto\\\/tira-led-220v-flicker-free-corte-a-medida-120-led-m50m-smd2835-1800lm-w14w-mip67-corte-cada-10cm\\\/\"]}]},{\"@type\":\"ImageObject\",\"inLanguage\":\"fr-FR\",\"@id\":\"https:\\\/\\\/starlediluminacion.com\\\/producto\\\/tira-led-220v-flicker-free-corte-a-medida-120-led-m50m-smd2835-1800lm-w14w-mip67-corte-cada-10cm\\\/#primaryimage\",\"url\":\"https:\\\/\\\/starlediluminacion.com\\\/wp-content\\\/uploads\\\/2023\\\/07\\\/tira-led-220v-flicker-free-corte-a-medida-120-ledm50m-smd2835-1800lmw14wmip67-corte-cada-10cm-factorled.jpg\",\"contentUrl\":\"https:\\\/\\\/starlediluminacion.com\\\/wp-content\\\/uploads\\\/2023\\\/07\\\/tira-led-220v-flicker-free-corte-a-medida-120-ledm50m-smd2835-1800lmw14wmip67-corte-cada-10cm-factorled.jpg\",\"width\":1000,\"height\":1000},{\"@type\":\"BreadcrumbList\",\"@id\":\"https:\\\/\\\/starlediluminacion.com\\\/producto\\\/tira-led-220v-flicker-free-corte-a-medida-120-led-m50m-smd2835-1800lm-w14w-mip67-corte-cada-10cm\\\/#breadcrumb\",\"itemListElement\":[{\"@type\":\"ListItem\",\"position\":1,\"name\":\"Portada\",\"item\":\"https:\\\/\\\/starlediluminacion.com\\\/\"},{\"@type\":\"ListItem\",\"position\":2,\"name\":\"Shop\",\"item\":\"https:\\\/\\\/starlediluminacion.com\\\/shop-2\\\/\"},{\"@type\":\"ListItem\",\"position\":3,\"name\":\"Tira LED 220V | FLICKER FREE | CORTE A MEDIDA |120 LED\\\/m|50m| SMD2835 |1800Lm\\\/W|14W\\\/M|IP67 | Corte cada 10cm\"}]},{\"@type\":\"WebSite\",\"@id\":\"https:\\\/\\\/starlediluminacion.com\\\/#website\",\"url\":\"https:\\\/\\\/starlediluminacion.com\\\/\",\"name\":\"STARLED Iluminacion\",\"description\":\"\",\"potentialAction\":[{\"@type\":\"SearchAction\",\"target\":{\"@type\":\"EntryPoint\",\"urlTemplate\":\"https:\\\/\\\/starlediluminacion.com\\\/?s={search_term_string}\"},\"query-input\":{\"@type\":\"PropertyValueSpecification\",\"valueRequired\":true,\"valueName\":\"search_term_string\"}}],\"inLanguage\":\"fr-FR\"}]}<\/script>\n<!-- \/ Yoast SEO plugin. -->","yoast_head_json":{"title":"Tira LED 220V | FLICKER FREE | CORTE A MEDIDA |120 LED\/m|50m| SMD2835 |1800Lm\/W|14W\/M|IP67 | Corte cada 10cm - STARLED Iluminacion","robots":{"index":"index","follow":"follow","max-snippet":"max-snippet:-1","max-image-preview":"max-image-preview:large","max-video-preview":"max-video-preview:-1"},"canonical":"https:\/\/starlediluminacion.com\/fr\/product\/tira-led-220v-flicker-free-corte-a-medida-120-led-m50m-smd2835-1800lm-w14w-mip67-corte-cada-10cm\/","og_locale":"fr_FR","og_type":"article","og_title":"Tira LED 220V | FLICKER FREE | CORTE A MEDIDA |120 LED\/m|50m| SMD2835 |1800Lm\/W|14W\/M|IP67 | Corte cada 10cm - STARLED Iluminacion","og_description":"REFERENCIA: SLSP120D14W50M-91649-4K-UND  Tira led SIN PARPADEOS -NO FLICK- SMD2835\u00a0de\u00a014W\u00a0a\u00a0220V\u00a0y\u00a050\u00a0metros\u00a0con cinta adhesiva para facilitar su instalaci\u00f3n. Dise\u00f1ada para su colocaci\u00f3n en interior. Perfecta para\u00a0ILUMINAR\u00a0todos los espacios, con su protecci\u00f3n\u00a0IP67\u00a0puede\u00a0funcionar\u00a0tanto en interior como exterior.  DIRECTA 220V: NO requiere de fuente de alimentaci\u00f3n, ni puente rectificador.\u00a0120 Leds\/m SMD2835 de alta potencia.  CORTE CADA 1 METRO | BOBINA COMPLETA = 50M |\u00a0PRECIO POR\u00a0METRO  1 UNIDAD = 1 METRO DE TIRA LED (SELECCIONA LOS METROS QUE NECESITES) MAXIMO 50 METROS  TEMPERATURA DE COLOR: 2700\/4000K\/5700K \u00a0Entrega en 24\/48 horas \u00a0Garant\u00eda asegurada \u00a01 unidad(es) por Masterbox","og_url":"https:\/\/starlediluminacion.com\/fr\/product\/tira-led-220v-flicker-free-corte-a-medida-120-led-m50m-smd2835-1800lm-w14w-mip67-corte-cada-10cm\/","og_site_name":"STARLED Iluminacion","article_modified_time":"2023-12-01T10:55:02+00:00","og_image":[{"width":1000,"height":1000,"url":"https:\/\/starlediluminacion.com\/wp-content\/uploads\/2023\/07\/tira-led-220v-flicker-free-corte-a-medida-120-ledm50m-smd2835-1800lmw14wmip67-corte-cada-10cm-factorled.jpg","type":"image\/jpeg"}],"twitter_card":"summary_large_image","twitter_misc":{"Dur\u00e9e de lecture estim\u00e9e":"2 minutes"},"schema":{"@context":"https:\/\/schema.org","@graph":[{"@type":"WebPage","@id":"https:\/\/starlediluminacion.com\/producto\/tira-led-220v-flicker-free-corte-a-medida-120-led-m50m-smd2835-1800lm-w14w-mip67-corte-cada-10cm\/","url":"https:\/\/starlediluminacion.com\/producto\/tira-led-220v-flicker-free-corte-a-medida-120-led-m50m-smd2835-1800lm-w14w-mip67-corte-cada-10cm\/","name":"Tira LED 220V | FLICKER FREE | CORTE A MEDIDA |120 LED\/m|50m| SMD2835 |1800Lm\/W|14W\/M|IP67 | Corte cada 10cm - STARLED Iluminacion","isPartOf":{"@id":"https:\/\/starlediluminacion.com\/#website"},"primaryImageOfPage":{"@id":"https:\/\/starlediluminacion.com\/producto\/tira-led-220v-flicker-free-corte-a-medida-120-led-m50m-smd2835-1800lm-w14w-mip67-corte-cada-10cm\/#primaryimage"},"image":{"@id":"https:\/\/starlediluminacion.com\/producto\/tira-led-220v-flicker-free-corte-a-medida-120-led-m50m-smd2835-1800lm-w14w-mip67-corte-cada-10cm\/#primaryimage"},"thumbnailUrl":"https:\/\/starlediluminacion.com\/wp-content\/uploads\/2023\/07\/tira-led-220v-flicker-free-corte-a-medida-120-ledm50m-smd2835-1800lmw14wmip67-corte-cada-10cm-factorled.jpg","datePublished":"2023-07-27T16:24:22+00:00","dateModified":"2023-12-01T10:55:02+00:00","breadcrumb":{"@id":"https:\/\/starlediluminacion.com\/producto\/tira-led-220v-flicker-free-corte-a-medida-120-led-m50m-smd2835-1800lm-w14w-mip67-corte-cada-10cm\/#breadcrumb"},"inLanguage":"fr-FR","potentialAction":[{"@type":"ReadAction","target":["https:\/\/starlediluminacion.com\/producto\/tira-led-220v-flicker-free-corte-a-medida-120-led-m50m-smd2835-1800lm-w14w-mip67-corte-cada-10cm\/"]}]},{"@type":"ImageObject","inLanguage":"fr-FR","@id":"https:\/\/starlediluminacion.com\/producto\/tira-led-220v-flicker-free-corte-a-medida-120-led-m50m-smd2835-1800lm-w14w-mip67-corte-cada-10cm\/#primaryimage","url":"https:\/\/starlediluminacion.com\/wp-content\/uploads\/2023\/07\/tira-led-220v-flicker-free-corte-a-medida-120-ledm50m-smd2835-1800lmw14wmip67-corte-cada-10cm-factorled.jpg","contentUrl":"https:\/\/starlediluminacion.com\/wp-content\/uploads\/2023\/07\/tira-led-220v-flicker-free-corte-a-medida-120-ledm50m-smd2835-1800lmw14wmip67-corte-cada-10cm-factorled.jpg","width":1000,"height":1000},{"@type":"BreadcrumbList","@id":"https:\/\/starlediluminacion.com\/producto\/tira-led-220v-flicker-free-corte-a-medida-120-led-m50m-smd2835-1800lm-w14w-mip67-corte-cada-10cm\/#breadcrumb","itemListElement":[{"@type":"ListItem","position":1,"name":"Portada","item":"https:\/\/starlediluminacion.com\/"},{"@type":"ListItem","position":2,"name":"Shop","item":"https:\/\/starlediluminacion.com\/shop-2\/"},{"@type":"ListItem","position":3,"name":"Tira LED 220V | FLICKER FREE | CORTE A MEDIDA |120 LED\/m|50m| SMD2835 |1800Lm\/W|14W\/M|IP67 | Corte cada 10cm"}]},{"@type":"WebSite","@id":"https:\/\/starlediluminacion.com\/#website","url":"https:\/\/starlediluminacion.com\/","name":"STARLED Iluminacion","description":"","potentialAction":[{"@type":"SearchAction","target":{"@type":"EntryPoint","urlTemplate":"https:\/\/starlediluminacion.com\/?s={search_term_string}"},"query-input":{"@type":"PropertyValueSpecification","valueRequired":true,"valueName":"search_term_string"}}],"inLanguage":"fr-FR"}]}},"_links":{"self":[{"href":"https:\/\/starlediluminacion.com\/fr\/wp-json\/wp\/v3\/product\/10222","targetHints":{"allow":["GET"]}}],"collection":[{"href":"https:\/\/starlediluminacion.com\/fr\/wp-json\/wp\/v3\/product"}],"about":[{"href":"https:\/\/starlediluminacion.com\/fr\/wp-json\/wp\/v2\/types\/product"}],"wp:featuredmedia":[{"embeddable":true,"href":"https:\/\/starlediluminacion.com\/fr\/wp-json\/wp\/v2\/media\/10233"}],"wp:attachment":[{"href":"https:\/\/starlediluminacion.com\/fr\/wp-json\/wp\/v2\/media?parent=10222"}],"wp:term":[{"taxonomy":"product_cat","embeddable":true,"href":"https:\/\/starlediluminacion.com\/fr\/wp-json\/wp\/v2\/product_cat?post=10222"},{"taxonomy":"product_tag","embeddable":true,"href":"https:\/\/starlediluminacion.com\/fr\/wp-json\/wp\/v2\/product_tag?post=10222"}],"curies":[{"name":"wp","href":"https:\/\/api.w.org\/{rel}","templated":true}]}}