{"id":10190,"date":"2023-07-27T16:10:27","date_gmt":"2023-07-27T16:10:27","guid":{"rendered":"https:\/\/starlediluminacion.com\/?post_type=product&#038;p=10190"},"modified":"2023-12-01T10:52:23","modified_gmt":"2023-12-01T10:52:23","slug":"tira-led-cob-220v-corte-a-medida-840-led-m-50m-flip-chip-1500lm-16w-m-cri90-ip67-corte-10cm","status":"publish","type":"product","link":"https:\/\/starlediluminacion.com\/fr\/product\/tira-led-cob-220v-corte-a-medida-840-led-m-50m-flip-chip-1500lm-16w-m-cri90-ip67-corte-10cm\/","title":{"rendered":"<p>COB LED Strip 220V | CUT TO SIZE | 840 LED\/m | 50m | FLIP CHIP | 1500Lm | 16W\/M | CRI90 | IP67 | 10cm cut off<\/p>"},"content":{"rendered":"<h1>COB LED Strip 220V | CUT TO SIZE | 840 LED\/m | 50m | FLIP CHIP | 1500Lm | 16W\/M | CRI90 | IP67 | 10cm cut off<p>Notre bande LED COB directe 220V avec ruban adh\u00e9sif pour une installation facile ne n\u00e9cessite PAS d'alimentation \u00e9lectrique, ni de connexion au r\u00e9seau.<\/p><p>Notre bande<strong>&nbsp;LED COB&nbsp;<\/strong>direct \u00e0&nbsp;<strong>&nbsp;220V c<\/strong>avec ruban adh\u00e9sif pour une installation facile PAS de c\u00e2ble d'alimentation ou de redresseur de courant n\u00e9cessaire.<strong>. DIRECT \u00c0 220V.<br>\n<\/strong><\/p><p>Bandes LED<strong>&nbsp;220V<\/strong>&nbsp;peut \u00eatre att\u00e9nu\u00e9e (-Dimmables-) par&nbsp;<strong>TRIAC<\/strong>L'intensit\u00e9 lumineuse peut \u00eatre modul\u00e9e de 30% \u00e0 100%.<\/p><p>Cette bande de LED COB comporte 840 puces FLIPCHIP par m\u00e8tre, ce qui permet d'obtenir une lumi\u00e8re uniforme sur toute la bande, en plus d'une performance Lm\/W sup\u00e9rieure \u00e0 celle des LED SMD traditionnelles.<\/p><p>Avec son&nbsp;<strong>IRC &gt;90<\/strong>&nbsp;nous obtenons des couleurs tr\u00e8s r\u00e9alistes. Cette bande LED est donc parfaite pour \u00e9clairer des espaces o\u00f9 les couleurs doivent \u00eatre parfaites.<\/p><p>La bande LED peut \u00eatre coup\u00e9e et raccord\u00e9e aux endroits indiqu\u00e9s sur la bande (zone de jonction du cuivre), en suivant toujours les instructions correspondantes (veillez \u00e0 ce que le fer \u00e0 souder reste bri\u00e8vement en contact avec la bande lors de la soudure, car une chaleur excessive endommagerait le conducteur).<\/p><p><strong>Cette bobine LED n'est PAS submersible, la connexion se fait \u00e0 une extr\u00e9mit\u00e9 directement au courant avec un maximum de 50m par connexion.<\/strong><\/p><p>Afin d'augmenter la dur\u00e9e de vie de la bande LED, il est recommand\u00e9 de ne pas l'endommager.&nbsp;<strong>recommand\u00e9<\/strong>&nbsp;utiliser le&nbsp;<strong>ruban pour dissipateur thermique<\/strong>&nbsp;recto-verso, ainsi que pour le placer sur&nbsp;<strong>profil\u00e9 en aluminium<\/strong>pour une gestion correcte de la chaleur de la bande LED elle-m\u00eame.<\/p><p>Les&nbsp;<strong>Bandes LED<\/strong>&nbsp;sont id\u00e9ales pour \u00e9clairer tout type de coin ou d'\u00e9l\u00e9ment de votre entreprise ou de votre maison, gr\u00e2ce \u00e0 leur flexibilit\u00e9. On peut dire que l'un de leurs principaux avantages est la grande polyvalence d'utilisation qui peut leur \u00eatre donn\u00e9e, car ils peuvent \u00eatre install\u00e9s dans n'importe quelle zone et s'adapter \u00e0 n'importe quel coin, et peuvent \u00eatre plac\u00e9s dans n'importe quelle position, gr\u00e2ce \u00e0 leur conception lin\u00e9aire adaptable.<\/p><p>&nbsp;<\/p><h2 dir=\"ltr\">Utilisations de la bande LED COB 220V | CUT TO SIZE | 840 LED\/m | 50m | FLIP CHIP | 1500Lm | 16W\/M | CRI90 | IP67 | 10cm Cut-off<\/h2><ul>\n<li>Dans les biblioth\u00e8ques<\/li>\n<li>Barres<\/li>\n<li>Accueil<\/li>\n<li>Restaurants<\/li>\n<li>Couvertures<\/li>\n<li>Magasins<\/li>\n<\/ul><h3 class=\"page-product-heading\">DONN\u00c9ES TECHNIQUES<\/h3><div class=\"col-xs-12 col-md-6\">\n<table class=\"table table-data-sheet 1\">\n<tbody>\n<tr class=\"odd\">\n<td valign=\"middle\" width=\"32\"><\/td>\n<td valign=\"middle\">REFERENCE :<\/td>\n<td valign=\"middle\">SLSP640D15W50M<\/td>\n<\/tr>\n<tr class=\"even\">\n<td valign=\"middle\" width=\"32\"><\/td>\n<td valign=\"middle\">Puissance nominale :<\/td>\n<td valign=\"middle\">15w<\/td>\n<\/tr>\n<tr class=\"odd\">\n<td valign=\"middle\" width=\"32\"><\/td>\n<td valign=\"middle\">Tension nominale :<\/td>\n<td valign=\"middle\">220-240V<\/td>\n<\/tr>\n<tr class=\"even\">\n<td valign=\"middle\" width=\"32\"><\/td>\n<td valign=\"middle\">Temp\u00e9rature de la lumi\u00e8re :<\/td>\n<td valign=\"middle\">2400K - 2700K - 4000K - 5700K<\/td>\n<\/tr>\n<tr class=\"odd\">\n<td valign=\"middle\" width=\"32\"><\/td>\n<td valign=\"middle\">CRI - Indice de rendu des couleurs :<\/td>\n<td valign=\"middle\">90<\/td>\n<\/tr>\n<tr class=\"even\">\n<td valign=\"middle\" width=\"32\"><\/td>\n<td valign=\"middle\">Luminosit\u00e9-Lm :<\/td>\n<td valign=\"middle\">1 m\u00e8tre : 1650Lm - 50 m\u00e8tres : 82500Lm<\/td>\n<\/tr>\n<tr class=\"odd\">\n<td valign=\"middle\" width=\"32\"><\/td>\n<td valign=\"middle\">Type de DEL :<\/td>\n<td valign=\"middle\">SMD 2835<\/td>\n<\/tr>\n<tr class=\"even\">\n<td valign=\"middle\" width=\"32\"><\/td>\n<td valign=\"middle\">Angle d'ouverture (\u00ba) :<\/td>\n<td valign=\"middle\">180\u00ba<\/td>\n<\/tr>\n<tr class=\"odd\">\n<td valign=\"middle\" width=\"32\"><\/td>\n<td valign=\"middle\">Efficacit\u00e9 de la diode LED (Lm\/W) :<\/td>\n<td valign=\"middle\">110 Lm\/W<\/td>\n<\/tr>\n<tr class=\"even\">\n<td valign=\"middle\" width=\"32\"><\/td>\n<td valign=\"middle\">Efficacit\u00e9 lumineuse (Lm\/W) :<\/td>\n<td valign=\"middle\">100Lm\/W<\/td>\n<\/tr>\n<\/tbody>\n<\/table>\n<\/div><div class=\"col-xs-12 col-md-6 2\">\n<table class=\"table table-data-sheet 2\">\n<tbody>\n<tr class=\"odd\">\n<td valign=\"middle\" width=\"32\"><\/td>\n<td valign=\"middle\">Dimmable :<\/td>\n<td valign=\"middle\">TRIAC : 30%-100%<\/td>\n<\/tr>\n<tr class=\"even\">\n<td valign=\"middle\" width=\"32\"><\/td>\n<td valign=\"middle\">Certificats :<\/td>\n<td valign=\"middle\">CE - ROHS<\/td>\n<\/tr>\n<tr class=\"odd\">\n<td valign=\"middle\" width=\"32\"><\/td>\n<td valign=\"middle\">Indice de protection IP :<\/td>\n<td valign=\"middle\">IP67-Ext\u00e9rieur<\/td>\n<\/tr>\n<tr class=\"even\">\n<td valign=\"middle\" width=\"32\"><\/td>\n<td valign=\"middle\">Dur\u00e9e de vie estim\u00e9e de la diode LED (H) :<\/td>\n<td valign=\"middle\">35.000<\/td>\n<\/tr>\n<tr class=\"odd\">\n<td valign=\"middle\" width=\"32\"><\/td>\n<td valign=\"middle\">Dimensions (mm) :<\/td>\n<td valign=\"middle\">50000m * H4.39mm * 9.62mm<\/td>\n<\/tr>\n<tr class=\"even\">\n<td valign=\"middle\" width=\"32\"><\/td>\n<td valign=\"middle\">Plage de temp\u00e9rature (\u00baC) :<\/td>\n<td valign=\"middle\">-20\u00b0C ~ +55\u00b0C<\/td>\n<\/tr>\n<tr class=\"odd\">\n<td valign=\"middle\" width=\"32\"><\/td>\n<td valign=\"middle\">Cycles d'allumage :<\/td>\n<td valign=\"middle\">100.000<\/td>\n<\/tr>\n<tr class=\"even\">\n<td valign=\"middle\" width=\"32\"><\/td>\n<td valign=\"middle\">Classe \u00e9nerg\u00e9tique (2021-EU-2019\/2015) :<\/td>\n<td valign=\"middle\">A+<\/td>\n<\/tr>\n<tr class=\"odd\">\n<td valign=\"middle\" width=\"32\"><\/td>\n<td valign=\"middle\">Ann\u00e9es de garantie :<\/td>\n<td valign=\"middle\">3<\/td>\n<\/tr>\n<\/tbody>\n<\/table>\n<p>&nbsp;<\/p>\n<\/div><\/h1>","protected":false},"excerpt":{"rendered":"<p><strong>REFERENCIA: SLSP840D16W50M-91646-4K-UND<\/strong><p><strong>Bande LED COB<\/strong>&nbsp;de&nbsp;<strong>16W<\/strong>&nbsp;a&nbsp;<strong>220V&nbsp;<\/strong>y&nbsp;<strong>50 m\u00e8tres<\/strong>&nbsp;avec ruban adh\u00e9sif pour une installation facile. Con\u00e7u pour une installation \u00e0 l'int\u00e9rieur. Parfait pour \u00e9clairer tous les types d'espaces. Il ne n\u00e9cessite PAS d'alimentation \u00e9lectrique et il est conseill\u00e9 de l'installer sur un profil\u00e9 en aluminium pour une bonne dissipation de la chaleur.<strong>&nbsp;840 Leds\/m\u00e8tre FLIP CHIP haute puissance.<\/strong><\/p><p><strong>COUPE TOUS LES 1 M\u00c8TRES | BOBINE COMPL\u00c8TE = 50M | PRIX AU M\u00c8TRE<\/strong><\/p><p><strong>1 UNIT\u00c9 = 1 M\u00c8TRE DE BANDE LED (S\u00c9LECTIONNEZ LES M\u00c8TRES DONT VOUS AVEZ BESOIN) MAXIMUM 50 M\u00c8TRES<\/strong><\/p><p><strong>1 CONNECTEUR (KIT42004) PAR COMMANDE. PAS PAR M\u00c8TRE DE COUPE.<\/strong><\/p><p>TEMP\u00c9RATURE DE COULEUR : <strong>2300K\/2700K\/4000K\/5700K<\/strong><\/p><div class=\"col-md-12\"><i class=\"fa fa-truck\"><\/i>&nbsp;<span class=\"text-muted textprop\">Livraison dans les 24\/48 heures<\/span><\/div><div class=\"col-md-12\"><i class=\"fa fa-exchange\"><\/i>&nbsp;<span class=\"text-muted textprop\">Garantie assur\u00e9e<\/span><\/div><div class=\"col-md-12\"><i class=\"fa fa-box\"><\/i>&nbsp;<span class=\"text-muted textprop\">1 unit\u00e9(s) par bo\u00eete \u00e0 outils<\/span><\/div><p>&nbsp;<\/p><\/p>","protected":false},"featured_media":10191,"template":"","meta":{"site-sidebar-layout":"default","site-content-layout":"default","ast-global-header-display":"","ast-main-header-display":"","ast-hfb-above-header-display":"","ast-hfb-below-header-display":"","ast-hfb-mobile-header-display":"","site-post-title":"","ast-breadcrumbs-content":"","ast-featured-img":"","footer-sml-layout":"","theme-transparent-header-meta":"default","adv-header-id-meta":"","stick-header-meta":"","header-above-stick-meta":"","header-main-stick-meta":"","header-below-stick-meta":""},"product_cat":[90,45],"product_tag":[],"class_list":["post-10190","product","type-product","status-publish","has-post-thumbnail","hentry","product_cat-tiras-led-220v-240v-ac","product_cat-tiras-led-y-neon-flexible"],"_links":{"self":[{"href":"https:\/\/starlediluminacion.com\/fr\/wp-json\/wp\/v3\/product\/10190","targetHints":{"allow":["GET"]}}],"collection":[{"href":"https:\/\/starlediluminacion.com\/fr\/wp-json\/wp\/v3\/product"}],"about":[{"href":"https:\/\/starlediluminacion.com\/fr\/wp-json\/wp\/v2\/types\/product"}],"wp:featuredmedia":[{"embeddable":true,"href":"https:\/\/starlediluminacion.com\/fr\/wp-json\/wp\/v2\/media\/10191"}],"wp:attachment":[{"href":"https:\/\/starlediluminacion.com\/fr\/wp-json\/wp\/v2\/media?parent=10190"}],"wp:term":[{"taxonomy":"product_cat","embeddable":true,"href":"https:\/\/starlediluminacion.com\/fr\/wp-json\/wp\/v2\/product_cat?post=10190"},{"taxonomy":"product_tag","embeddable":true,"href":"https:\/\/starlediluminacion.com\/fr\/wp-json\/wp\/v2\/product_tag?post=10190"}],"curies":[{"name":"wp","href":"https:\/\/api.w.org\/{rel}","templated":true}]}}