{"id":10101,"date":"2023-07-27T15:30:11","date_gmt":"2023-07-27T15:30:11","guid":{"rendered":"https:\/\/starlediluminacion.com\/?post_type=product&#038;p=10101"},"modified":"2023-12-01T10:39:01","modified_gmt":"2023-12-01T10:39:01","slug":"downlight-led-6w-rgbcct-control-remoto-chip-lumileds","status":"publish","type":"product","link":"https:\/\/starlediluminacion.com\/fr\/product\/downlight-led-6w-rgbcct-control-remote-chip-lumileds-2\/","title":{"rendered":"<p>Downlight LED 6W RGB+CCT - T\u00e9l\u00e9commande - Puce Lumileds<\/p>"},"content":{"rendered":"<h1>Downlight LED 6W RGB+CCT - T\u00e9l\u00e9commande - Puce Lumileds<p>A&nbsp;<strong>Downlight 6W RGB+CCT<\/strong>&nbsp;avec&nbsp;<strong>t\u00e9l\u00e9commande<\/strong>&nbsp;et des puces Lumileds est une solution d'\u00e9clairage moderne et polyvalente qui allie une technologie de pointe \u00e0 un design \u00e9l\u00e9gant et fonctionnel. Ce type de projecteur est \u00e9quip\u00e9 de&nbsp;<strong>Puces Lumileds<\/strong>&nbsp;Cela garantit un \u00e9clairage puissant, efficace et durable.<\/p><p>La fonction \"RGB+CCT\" fait r\u00e9f\u00e9rence \u00e0 la capacit\u00e9 de ce projecteur \u00e0 produire une large gamme de couleurs et de nuances de lumi\u00e8re. Ce syst\u00e8me permet de s\u00e9lectionner des couleurs individuelles (rouge, vert et bleu) et de les m\u00e9langer pour cr\u00e9er une grande vari\u00e9t\u00e9 de tons. En outre, le downlight permet \u00e9galement de contr\u00f4ler la temp\u00e9rature de couleur (CCT), ce qui vous permet de<strong>&nbsp;r\u00e9glage de la lumi\u00e8re des tons chauds aux tons froids<\/strong>&nbsp;en fonction de vos pr\u00e9f\u00e9rences ou de vos besoins sp\u00e9cifiques.<\/p><p>La t\u00e9l\u00e9commande incluse facilite l'utilisation et la personnalisation de l'\u00e9clairage. Elle permet de changer la couleur, de r\u00e9gler l'intensit\u00e9, de modifier la temp\u00e9rature de couleur et m\u00eame de s\u00e9lectionner diff\u00e9rents modes d'\u00e9clairage, tels que le scintillement, la transition en douceur ou le changement automatique de couleur.<\/p><p>Le design compact et discret de ce downlight en fait un choix id\u00e9al pour les espaces r\u00e9sidentiels et commerciaux. Son installation encastr\u00e9e dans le plafond lui conf\u00e8re une apparence \u00e9l\u00e9gante et discr\u00e8te, permettant un \u00e9clairage uniforme et sans \u00e9blouissement.<\/p><h2>L'utilisation et les avantages d'un Downlight RGB+CCT 6W avec t\u00e9l\u00e9commande et puces Lumileds sont les suivants :<\/h2><ol>\n<li>Un \u00e9clairage polyvalent : Ce downlight vous permet de choisir parmi une large gamme de couleurs et de tons de lumi\u00e8re, ce qui vous donne la possibilit\u00e9 d'adapter l'\u00e9clairage \u00e0 diff\u00e9rents environnements, humeurs ou activit\u00e9s. Vous pouvez opter pour des couleurs douces et chaudes afin de cr\u00e9er une atmosph\u00e8re relaxante, ou pour des couleurs vives et \u00e9clatantes afin de mettre en valeur certains \u00e9l\u00e9ments.<\/li>\n<li>R\u00e9glage de la temp\u00e9rature de couleur : gr\u00e2ce \u00e0 la possibilit\u00e9 de contr\u00f4ler la temp\u00e9rature de couleur, vous pouvez r\u00e9gler l'\u00e9clairage entre des tons chauds semblables \u00e0 la lumi\u00e8re du coucher de soleil et des tons froids semblables \u00e0 la lumi\u00e8re du jour. Cette option est particuli\u00e8rement utile dans les espaces o\u00f9 un \u00e9clairage plus fonctionnel est n\u00e9cessaire, comme les bureaux ou les cuisines.<\/li>\n<li>T\u00e9l\u00e9commande pratique : La t\u00e9l\u00e9commande fournie permet de commander et de personnaliser facilement l'\u00e9clairage depuis n'importe quel endroit de la pi\u00e8ce. Vous pouvez modifier la couleur, l'intensit\u00e9 et la temp\u00e9rature de couleur d'une simple pression sur un bouton, sans avoir \u00e0 vous approcher du downlight ou \u00e0 installer des interrupteurs suppl\u00e9mentaires.<\/li>\n<li>Efficacit\u00e9 \u00e9nerg\u00e9tique : gr\u00e2ce aux puces Lumileds de haute qualit\u00e9, ce downlight offre un \u00e9clairage puissant avec une faible consommation d'\u00e9nergie de seulement 6W. Cela signifie que vous pouvez profiter d'un \u00e9clairage lumineux et \u00e9clatant sans vous soucier d'une consommation d'\u00e9nergie excessive et des co\u00fbts associ\u00e9s.<\/li>\n<li>Durabilit\u00e9 et longue dur\u00e9e de vie : les puces Lumileds sont connues pour leur durabilit\u00e9 et leur longue dur\u00e9e de vie. Cela signifie que le downlight ne n\u00e9cessite qu'un minimum d'entretien et qu'il vous offrira des ann\u00e9es d'\u00e9clairage fiable et de haute qualit\u00e9.<\/li>\n<li>Esth\u00e9tique et design \u00e9l\u00e9gant : le design encastr\u00e9 du downlight lui conf\u00e8re un aspect esth\u00e9tique et discret. Il s'int\u00e8gre parfaitement au plafond sans obstruer la vue ni interrompre la d\u00e9coration de la pi\u00e8ce.<\/li>\n<\/ol><p>Dans notre boutique en ligne, nous garantissons la QUALIT\u00c9 de nos produits et offrons tous les \u00e9l\u00e9ments n\u00e9cessaires pour la DISTRIBUTION, l'IMPORTATION ou la VENTE EN GROS, y compris la fiche technique de chaque produit LED.<\/p><h3 class=\"page-product-heading\">DONN\u00c9ES TECHNIQUES<\/h3><div class=\"col-xs-12 col-md-6\">\n<table class=\"table table-data-sheet 1\">\n<tbody>\n<tr class=\"odd\">\n<td valign=\"middle\" width=\"32\"><\/td>\n<td valign=\"middle\">REFERENCE :<\/td>\n<td valign=\"middle\">SL91129-6W<\/td>\n<\/tr>\n<tr class=\"even\">\n<td valign=\"middle\" width=\"32\"><\/td>\n<td valign=\"middle\">Puissance nominale :<\/td>\n<td valign=\"middle\">6w<\/td>\n<\/tr>\n<tr class=\"odd\">\n<td valign=\"middle\" width=\"32\"><\/td>\n<td valign=\"middle\">Tension nominale :<\/td>\n<td valign=\"middle\">220-240V<\/td>\n<\/tr>\n<tr class=\"even\">\n<td valign=\"middle\" width=\"32\"><\/td>\n<td valign=\"middle\">Temp\u00e9rature de la lumi\u00e8re :<\/td>\n<td valign=\"middle\">RGB+CCT<\/td>\n<\/tr>\n<tr class=\"odd\">\n<td valign=\"middle\" width=\"32\"><\/td>\n<td valign=\"middle\">CRI - Indice de rendu des couleurs :<\/td>\n<td valign=\"middle\">80<\/td>\n<\/tr>\n<tr class=\"even\">\n<td valign=\"middle\" width=\"32\"><\/td>\n<td valign=\"middle\">Mat\u00e9riaux de construction :<\/td>\n<td valign=\"middle\">PMMA<\/td>\n<\/tr>\n<tr class=\"odd\">\n<td valign=\"middle\" width=\"32\"><\/td>\n<td valign=\"middle\">Luminosit\u00e9-Lm :<\/td>\n<td valign=\"middle\">520Lm<\/td>\n<\/tr>\n<tr class=\"even\">\n<td valign=\"middle\" width=\"32\"><\/td>\n<td valign=\"middle\">Type de DEL :<\/td>\n<td valign=\"middle\">COB<\/td>\n<\/tr>\n<tr class=\"odd\">\n<td valign=\"middle\" width=\"32\"><\/td>\n<td valign=\"middle\">Angle d'ouverture (\u00ba) :<\/td>\n<td valign=\"middle\">Primaire -120\u00ba - Secondaire 180\u00ba - Primaire -120\u00ba - Secondaire 180\u00ba<\/td>\n<\/tr>\n<tr class=\"even\">\n<td valign=\"middle\" width=\"32\"><\/td>\n<td valign=\"middle\">Efficacit\u00e9 lumineuse (Lm\/W) :<\/td>\n<td valign=\"middle\">90Lm\/W<\/td>\n<\/tr>\n<tr class=\"odd\">\n<td valign=\"middle\" width=\"32\"><\/td>\n<td valign=\"middle\">Certificats :<\/td>\n<td valign=\"middle\">CE - ROHS<\/td>\n<\/tr>\n<tr class=\"even\">\n<td valign=\"middle\" width=\"32\"><\/td>\n<td valign=\"middle\">Indice de protection IP :<\/td>\n<td valign=\"middle\">IP44<\/td>\n<\/tr>\n<\/tbody>\n<\/table>\n<\/div><div class=\"col-xs-12 col-md-6 2\">\n<table class=\"table table-data-sheet 2\">\n<tbody>\n<tr class=\"odd\">\n<td valign=\"middle\" width=\"32\"><\/td>\n<td valign=\"middle\">Dur\u00e9e de vie estim\u00e9e de la diode LED (H) :<\/td>\n<td valign=\"middle\">100.000<\/td>\n<\/tr>\n<tr class=\"even\">\n<td valign=\"middle\" width=\"32\"><\/td>\n<td valign=\"middle\">Dimensions (mm) :<\/td>\n<td valign=\"middle\">\u00d884 x H34mm<\/td>\n<\/tr>\n<tr class=\"odd\">\n<td valign=\"middle\" width=\"32\"><\/td>\n<td valign=\"middle\">Facteur de puissance (PF) :<\/td>\n<td valign=\"middle\">0.65<\/td>\n<\/tr>\n<tr class=\"even\">\n<td valign=\"middle\" width=\"32\"><\/td>\n<td valign=\"middle\">Fr\u00e9quence de travail (Hz) :<\/td>\n<td valign=\"middle\">50\/60Hz<\/td>\n<\/tr>\n<tr class=\"odd\">\n<td valign=\"middle\" width=\"32\"><\/td>\n<td valign=\"middle\">Plage de temp\u00e9rature (\u00baC) :<\/td>\n<td valign=\"middle\">-20?C ~ +55?C<\/td>\n<\/tr>\n<tr class=\"even\">\n<td valign=\"middle\" width=\"32\"><\/td>\n<td valign=\"middle\">Cycles d'allumage :<\/td>\n<td valign=\"middle\">100.000<\/td>\n<\/tr>\n<tr class=\"odd\">\n<td valign=\"middle\" width=\"32\"><\/td>\n<td valign=\"middle\">Coupe au plafond (mm) :<\/td>\n<td valign=\"middle\">\u00d868mm<\/td>\n<\/tr>\n<tr class=\"even\">\n<td valign=\"middle\" width=\"32\"><\/td>\n<td valign=\"middle\">Modes de contr\u00f4le :<\/td>\n<td valign=\"middle\">UNIT\u00c9 DE CONTR\u00d4LE + INFRAROUGE<\/td>\n<\/tr>\n<tr class=\"odd\">\n<td valign=\"middle\" width=\"32\"><\/td>\n<td valign=\"middle\">Pilote inclus :<\/td>\n<td valign=\"middle\">OUI<\/td>\n<\/tr>\n<tr class=\"even\">\n<td valign=\"middle\" width=\"32\"><\/td>\n<td valign=\"middle\">Classe \u00e9nerg\u00e9tique (2021-EU-2019\/2015) :<\/td>\n<td valign=\"middle\">A+<\/td>\n<\/tr>\n<tr class=\"odd\">\n<td valign=\"middle\" width=\"32\"><\/td>\n<td valign=\"middle\">Classe \u00e9nerg\u00e9tique (2023 - EU-2019\/2015) :<\/td>\n<td valign=\"middle\">F<\/td>\n<\/tr>\n<tr class=\"even\">\n<td valign=\"middle\" width=\"32\"><\/td>\n<td valign=\"middle\">Ann\u00e9es de garantie :<\/td>\n<td valign=\"middle\">3<\/td>\n<\/tr>\n<\/tbody>\n<\/table>\n<p>&nbsp;<\/p>\n<\/div><\/h1>","protected":false},"excerpt":{"rendered":"<p><strong>NUM\u00c9RO DE PI\u00c8CE : SL91129-6W<\/strong><p>A&nbsp;<strong>Downlight 6W RGB+CCT<\/strong>&nbsp;avec&nbsp;<strong>t\u00e9l\u00e9commande<\/strong>&nbsp;et les puces Lumileds est une solution d'\u00e9clairage moderne et polyvalente qui allie une technologie de pointe \u00e0 un design \u00e9l\u00e9gant et fonctionnel.<\/p><p>Ce type de projecteur est \u00e9quip\u00e9 de&nbsp;<strong>Puces Lumileds<\/strong>&nbsp;Cela garantit un \u00e9clairage puissant, efficace et durable.<\/p><div class=\"col-md-12\"><i class=\"fa fa-truck\"><\/i>&nbsp;<span class=\"text-muted textprop\">Livraison dans les 24\/48 heures<\/span><\/div><div class=\"col-md-12\"><i class=\"fa fa-exchange\"><\/i>&nbsp;<span class=\"text-muted textprop\">Garantie assur\u00e9e<\/span><\/div><div class=\"col-md-12\"><i class=\"fa fa-box\"><\/i>&nbsp;<span class=\"text-muted textprop\">50 unit\u00e9(s) par bo\u00eete \u00e0 outils<\/span><\/div><\/p>","protected":false},"featured_media":10113,"template":"","meta":{"site-sidebar-layout":"default","site-content-layout":"default","ast-global-header-display":"","ast-main-header-display":"","ast-hfb-above-header-display":"","ast-hfb-below-header-display":"","ast-hfb-mobile-header-display":"","site-post-title":"","ast-breadcrumbs-content":"","ast-featured-img":"","footer-sml-layout":"","theme-transparent-header-meta":"default","adv-header-id-meta":"","stick-header-meta":"","header-above-stick-meta":"","header-main-stick-meta":"","header-below-stick-meta":""},"product_cat":[27,70],"product_tag":[],"class_list":["post-10101","product","type-product","status-publish","has-post-thumbnail","hentry","product_cat-downlight-plafones-y-placas-led","product_cat-focos-downlight-led"],"_links":{"self":[{"href":"https:\/\/starlediluminacion.com\/fr\/wp-json\/wp\/v3\/product\/10101","targetHints":{"allow":["GET"]}}],"collection":[{"href":"https:\/\/starlediluminacion.com\/fr\/wp-json\/wp\/v3\/product"}],"about":[{"href":"https:\/\/starlediluminacion.com\/fr\/wp-json\/wp\/v2\/types\/product"}],"wp:featuredmedia":[{"embeddable":true,"href":"https:\/\/starlediluminacion.com\/fr\/wp-json\/wp\/v2\/media\/10113"}],"wp:attachment":[{"href":"https:\/\/starlediluminacion.com\/fr\/wp-json\/wp\/v2\/media?parent=10101"}],"wp:term":[{"taxonomy":"product_cat","embeddable":true,"href":"https:\/\/starlediluminacion.com\/fr\/wp-json\/wp\/v2\/product_cat?post=10101"},{"taxonomy":"product_tag","embeddable":true,"href":"https:\/\/starlediluminacion.com\/fr\/wp-json\/wp\/v2\/product_tag?post=10101"}],"curies":[{"name":"wp","href":"https:\/\/api.w.org\/{rel}","templated":true}]}}