{"id":9603,"date":"2023-05-22T10:30:01","date_gmt":"2023-05-22T10:30:01","guid":{"rendered":"https:\/\/starlediluminacion.com\/?post_type=product&#038;p=9603"},"modified":"2023-09-14T09:46:19","modified_gmt":"2023-09-14T09:46:19","slug":"aplique-led-6w-aluminio-evere-negro-doble-luz-exterior-ip44","status":"publish","type":"product","link":"https:\/\/starlediluminacion.com\/en\/product\/wall-light-led-6w-aluminum-evere-black-double-light-outdoor-ip44\/","title":{"rendered":"<p>Wall Lamp LED 6W - Aluminum - EVERE BLACK - Double Light Outdoor IP44<\/p>"},"content":{"rendered":"<h1><strong>Wall Lamp LED 6W EVERE BLACK - Double Light Outdoor- IP44<br>\n<\/strong><p>The \"EVERE\" wall sconce is a stylish and functional lighting solution that will add a touch of style and sophistication to any indoor or outdoor space. With its minimalist and sleek cube design, this wall sconce is perfect for those looking for a versatile and modern lighting solution.<\/p><p>The advantages of baked-on aluminum for exterior use are obvious:<\/p><ul>\n<li><strong>Corrosion protection:<\/strong>&nbsp;baked-on paint provides an additional layer of protection to the aluminum against corrosion, which further increases its service life in outdoor environments.<\/li>\n<li><strong>Resistance:<\/strong>&nbsp;The baked-on paint gives the aluminum high resistance to sunlight which protects the aluminum surface from discoloration and cracking caused by exposure to sunlight.<\/li>\n<li><strong>Durability:<\/strong>&nbsp;baked-on paint creates a harder, more durable surface than conventional paint coatings, reducing wear and tear and the need to repaint luminaires over time.<\/li>\n<\/ul><p>The adjustable light aperture is an outstanding feature of this wall light. With two flaps that are graduated inside, it is possible to adjust the angle of the amount of light to be emitted. The maximum beam angle of 100 degrees ensures even and efficient illumination. In addition, the high quality, high brightness COB chip inside provides a low energy consumption rate, making it an eco-friendly and cost-effective choice.<\/p><p>With an IP44 protection rating, this wall light is waterproof and can be used outdoors, making it ideal for illuminating and decorating walls, facades and passageways. It can also be used indoors, such as in corridors, bathrooms, hotels or hallways. The combination of its design, resistance and functionality make it a highly appreciated element by decoration professionals.<\/p><p>The lamp cover is exposed after installation, which makes it convenient to adjust the beam angle or clean it regularly. The light aperture is adjustable from 0 to 100 degrees inside, allowing you to adjust the tilt to emit the beam to your liking.<\/p><p>In short, the \"EVERE\" wall light is a top quality LED wall light that provides uniform, efficient and dimmable lighting. Its elegant and minimalist design, its resistance and its functionality make it an ideal lighting solution for all types of modern environments. With this wall light, you can enjoy quality lighting anywhere in your home or workspace.<\/p><p>&nbsp;<\/p><p>&nbsp;<\/p><h2>Uses for&nbsp;<strong>Wall Lamp LED 6W EVERE BLACK - Double Light Outdoor- IP44 :&nbsp;<\/strong><\/h2><ul>\n<li>Tickets<\/li>\n<li>Aisles<\/li>\n<li>Hotels<\/li>\n<li>Rooms<\/li>\n<\/ul><h3 class=\"page-product-heading\">TECHNICAL DATA SHEET<\/h3><div class=\"col-xs-12 col-md-6\">\n<table class=\"table table-data-sheet 1\">\n<tbody>\n<tr class=\"odd\">\n<td valign=\"middle\" width=\"32\"><\/td>\n<td valign=\"middle\">REFERENCE :<\/td>\n<td valign=\"middle\">SLAP1515<\/td>\n<\/tr>\n<tr class=\"even\">\n<td valign=\"middle\" width=\"32\"><\/td>\n<td valign=\"middle\">Rated power :<\/td>\n<td valign=\"middle\">6w<\/td>\n<\/tr>\n<tr class=\"odd\">\n<td valign=\"middle\" width=\"32\"><\/td>\n<td valign=\"middle\">Nominal voltage:<\/td>\n<td valign=\"middle\">220-240 V AC<\/td>\n<\/tr>\n<tr class=\"even\">\n<td valign=\"middle\" width=\"32\"><\/td>\n<td valign=\"middle\">Light temperature:<\/td>\n<td valign=\"middle\">3000K<\/td>\n<\/tr>\n<tr class=\"odd\">\n<td valign=\"middle\" width=\"32\"><\/td>\n<td valign=\"middle\">CRI - Color Rendering Index:<\/td>\n<td valign=\"middle\">85<\/td>\n<\/tr>\n<tr class=\"even\">\n<td valign=\"middle\" width=\"32\"><\/td>\n<td valign=\"middle\">Building Material:<\/td>\n<td valign=\"middle\">Aluminum<\/td>\n<\/tr>\n<tr class=\"odd\">\n<td valign=\"middle\" width=\"32\"><\/td>\n<td valign=\"middle\">Luminosity-Lm:<\/td>\n<td valign=\"middle\">570<\/td>\n<\/tr>\n<tr class=\"even\">\n<td valign=\"middle\" width=\"32\"><\/td>\n<td valign=\"middle\">Type of LEDs:<\/td>\n<td valign=\"middle\">COB<\/td>\n<\/tr>\n<tr class=\"odd\">\n<td valign=\"middle\" width=\"32\"><\/td>\n<td valign=\"middle\">Opening Angle (\u00ba):<\/td>\n<td valign=\"middle\">Adjustable<\/td>\n<\/tr>\n<tr class=\"even\">\n<td valign=\"middle\" width=\"32\"><\/td>\n<td valign=\"middle\">LED Diode Efficiency (Lm\/W):<\/td>\n<td valign=\"middle\">120Lm\/W<\/td>\n<\/tr>\n<tr class=\"odd\">\n<td valign=\"middle\" width=\"32\"><\/td>\n<td valign=\"middle\">Luminous efficacy (Lm\/W):<\/td>\n<td valign=\"middle\">95 Lm\/W<\/td>\n<\/tr>\n<\/tbody>\n<\/table>\n<\/div><div class=\"col-xs-12 col-md-6 2\">\n<table class=\"table table-data-sheet 2\">\n<tbody>\n<tr class=\"odd\">\n<td valign=\"middle\" width=\"32\"><\/td>\n<td valign=\"middle\">Certificates:<\/td>\n<td valign=\"middle\">CE - ROHS<\/td>\n<\/tr>\n<tr class=\"even\">\n<td valign=\"middle\" width=\"32\"><\/td>\n<td valign=\"middle\">IP rating:<\/td>\n<td valign=\"middle\">IP44<\/td>\n<\/tr>\n<tr class=\"odd\">\n<td valign=\"middle\" width=\"32\"><\/td>\n<td valign=\"middle\">Dimensions (mm):<\/td>\n<td valign=\"middle\">100x100x100mm<\/td>\n<\/tr>\n<tr class=\"even\">\n<td valign=\"middle\" width=\"32\"><\/td>\n<td valign=\"middle\">Working Frequency (Hz):<\/td>\n<td valign=\"middle\">50\/60Hz<\/td>\n<\/tr>\n<tr class=\"odd\">\n<td valign=\"middle\" width=\"32\"><\/td>\n<td valign=\"middle\">Temperature range (\u00baC):<\/td>\n<td valign=\"middle\">-20\u00b0C ~ +55\u00b0C<\/td>\n<\/tr>\n<tr class=\"even\">\n<td valign=\"middle\" width=\"32\"><\/td>\n<td valign=\"middle\">Ignition Cycles:<\/td>\n<td valign=\"middle\">100.000<\/td>\n<\/tr>\n<tr class=\"odd\">\n<td valign=\"middle\" width=\"32\"><\/td>\n<td valign=\"middle\">Start-up time (s):<\/td>\n<td valign=\"middle\">0,2s<\/td>\n<\/tr>\n<tr class=\"even\">\n<td valign=\"middle\" width=\"32\"><\/td>\n<td valign=\"middle\">Energy Class (2021-EU-2019\/2015):<\/td>\n<td valign=\"middle\">A+<\/td>\n<\/tr>\n<tr class=\"odd\">\n<td valign=\"middle\" width=\"32\"><\/td>\n<td valign=\"middle\">Energy Class (2023 - EU-2019\/2015):<\/td>\n<td valign=\"middle\">F<\/td>\n<\/tr>\n<tr class=\"even\">\n<td valign=\"middle\" width=\"32\"><\/td>\n<td valign=\"middle\">Warranty years:<\/td>\n<td valign=\"middle\">3<\/td>\n<\/tr>\n<\/tbody>\n<\/table>\n<p>&nbsp;<\/p>\n<\/div><\/h1>","protected":false},"excerpt":{"rendered":"<div class=\"hidden-xs parrafo\">\n<div class=\"product-info-line\">\n<p id=\"product_reference\"><label>PART NUMBER: SLAP1515-BK-3K<br>\n<\/label><\/p>\n<\/div>\n<p>Illuminate your spaces with elegance and functionality with the a<strong>EVERE BLACK wall lamp.<\/strong>&nbsp;With a minimalist and adjustable design,&nbsp;<strong>its light aperture can be graduated to emit the amount of light you need.<\/strong>&nbsp;Its IP44 protection rating makes it ideal for outdoor use, but also perfect for indoor use. Its low power consumption and high quality COB chip ensure maximum efficiency and durability - a must-have for decorators and hobbyists alike!<\/p>\n<div class=\"col-md-12\"><i class=\"fa fa-truck\"><\/i>&nbsp;<span class=\"text-muted textprop\">Delivery in 24\/48 hours<\/span><\/div>\n<div class=\"col-md-12\"><i class=\"fa fa-exchange\"><\/i>&nbsp;<span class=\"text-muted textprop\">Insured warranty<\/span><\/div>\n<div class=\"col-md-12\"><i class=\"fa fa-box\"><\/i>&nbsp;<span class=\"text-muted textprop\">30 unit(s) per Masterbox<\/span><\/div>\n<\/div>","protected":false},"featured_media":9614,"template":"","meta":{"site-sidebar-layout":"default","site-content-layout":"default","ast-global-header-display":"","ast-main-header-display":"","ast-hfb-above-header-display":"","ast-hfb-below-header-display":"","ast-hfb-mobile-header-display":"","site-post-title":"","ast-breadcrumbs-content":"","ast-featured-img":"","footer-sml-layout":"","theme-transparent-header-meta":"default","adv-header-id-meta":"","stick-header-meta":"","header-above-stick-meta":"","header-main-stick-meta":"","header-below-stick-meta":""},"product_cat":[64,36],"product_tag":[],"class_list":["post-9603","product","type-product","status-publish","has-post-thumbnail","hentry","product_cat-apliques-led","product_cat-apliques-led-y-decoracion"],"yoast_head":"<!-- This site is optimized with the Yoast SEO plugin v27.4 - https:\/\/yoast.com\/product\/yoast-seo-wordpress\/ -->\n<title>Aplique LED 6W - Aluminio - EVERE NEGRO - Doble Luz Exterior IP44 - STARLED Iluminacion<\/title>\n<meta name=\"robots\" content=\"index, follow, max-snippet:-1, max-image-preview:large, max-video-preview:-1\" \/>\n<link rel=\"canonical\" href=\"https:\/\/starlediluminacion.com\/en\/product\/wall-light-led-6w-aluminum-evere-black-double-light-outdoor-ip44\/\" \/>\n<meta property=\"og:locale\" content=\"en_US\" \/>\n<meta property=\"og:type\" content=\"article\" \/>\n<meta property=\"og:title\" content=\"Aplique LED 6W - Aluminio - EVERE NEGRO - Doble Luz Exterior IP44 - STARLED Iluminacion\" \/>\n<meta property=\"og:description\" content=\"REFERENCIA: SLAP1515-BK-3K    Ilumina tus espacios con elegancia y funcionalidad con el aplique de pared EVERE NEGRO.\u00a0Con un dise\u00f1o minimalista y regulable,\u00a0su apertura de luz puede graduarse para emitir la cantidad de luz que necesites.\u00a0Su grado de protecci\u00f3n IP44 lo hace ideal para exteriores, pero tambi\u00e9n es perfecto para interiores. Su bajo consumo de energ\u00eda y chip COB de alta calidad aseguran la m\u00e1xima eficiencia y durabilidad. \u00a1Un elemento indispensable para decoradores y aficionados por igual! \u00a0Entrega en 24\/48 horas \u00a0Garant\u00eda asegurada \u00a030 unidad(es) por Masterbox\" \/>\n<meta property=\"og:url\" content=\"https:\/\/starlediluminacion.com\/en\/product\/wall-light-led-6w-aluminum-evere-black-double-light-outdoor-ip44\/\" \/>\n<meta property=\"og:site_name\" content=\"STARLED Iluminacion\" \/>\n<meta property=\"article:modified_time\" content=\"2023-09-14T09:46:19+00:00\" \/>\n<meta property=\"og:image\" content=\"https:\/\/starlediluminacion.com\/wp-content\/uploads\/2023\/05\/aplique-lineal-led-oulu-negro-044m-094m-144m-194m-ip54-factorled-13.jpg\" \/>\n\t<meta property=\"og:image:width\" content=\"1000\" \/>\n\t<meta property=\"og:image:height\" content=\"1000\" \/>\n\t<meta property=\"og:image:type\" content=\"image\/jpeg\" \/>\n<meta name=\"twitter:card\" content=\"summary_large_image\" \/>\n<meta name=\"twitter:label1\" content=\"Est. reading time\" \/>\n\t<meta name=\"twitter:data1\" content=\"3 minutes\" \/>\n<script type=\"application\/ld+json\" class=\"yoast-schema-graph\">{\"@context\":\"https:\\\/\\\/schema.org\",\"@graph\":[{\"@type\":\"WebPage\",\"@id\":\"https:\\\/\\\/starlediluminacion.com\\\/producto\\\/aplique-led-6w-aluminio-evere-negro-doble-luz-exterior-ip44\\\/\",\"url\":\"https:\\\/\\\/starlediluminacion.com\\\/producto\\\/aplique-led-6w-aluminio-evere-negro-doble-luz-exterior-ip44\\\/\",\"name\":\"Aplique LED 6W - Aluminio - EVERE NEGRO - Doble Luz Exterior IP44 - STARLED Iluminacion\",\"isPartOf\":{\"@id\":\"https:\\\/\\\/starlediluminacion.com\\\/#website\"},\"primaryImageOfPage\":{\"@id\":\"https:\\\/\\\/starlediluminacion.com\\\/producto\\\/aplique-led-6w-aluminio-evere-negro-doble-luz-exterior-ip44\\\/#primaryimage\"},\"image\":{\"@id\":\"https:\\\/\\\/starlediluminacion.com\\\/producto\\\/aplique-led-6w-aluminio-evere-negro-doble-luz-exterior-ip44\\\/#primaryimage\"},\"thumbnailUrl\":\"https:\\\/\\\/starlediluminacion.com\\\/wp-content\\\/uploads\\\/2023\\\/05\\\/aplique-lineal-led-oulu-negro-044m-094m-144m-194m-ip54-factorled-13.jpg\",\"datePublished\":\"2023-05-22T10:30:01+00:00\",\"dateModified\":\"2023-09-14T09:46:19+00:00\",\"breadcrumb\":{\"@id\":\"https:\\\/\\\/starlediluminacion.com\\\/producto\\\/aplique-led-6w-aluminio-evere-negro-doble-luz-exterior-ip44\\\/#breadcrumb\"},\"inLanguage\":\"en-US\",\"potentialAction\":[{\"@type\":\"ReadAction\",\"target\":[\"https:\\\/\\\/starlediluminacion.com\\\/producto\\\/aplique-led-6w-aluminio-evere-negro-doble-luz-exterior-ip44\\\/\"]}]},{\"@type\":\"ImageObject\",\"inLanguage\":\"en-US\",\"@id\":\"https:\\\/\\\/starlediluminacion.com\\\/producto\\\/aplique-led-6w-aluminio-evere-negro-doble-luz-exterior-ip44\\\/#primaryimage\",\"url\":\"https:\\\/\\\/starlediluminacion.com\\\/wp-content\\\/uploads\\\/2023\\\/05\\\/aplique-lineal-led-oulu-negro-044m-094m-144m-194m-ip54-factorled-13.jpg\",\"contentUrl\":\"https:\\\/\\\/starlediluminacion.com\\\/wp-content\\\/uploads\\\/2023\\\/05\\\/aplique-lineal-led-oulu-negro-044m-094m-144m-194m-ip54-factorled-13.jpg\",\"width\":1000,\"height\":1000},{\"@type\":\"BreadcrumbList\",\"@id\":\"https:\\\/\\\/starlediluminacion.com\\\/producto\\\/aplique-led-6w-aluminio-evere-negro-doble-luz-exterior-ip44\\\/#breadcrumb\",\"itemListElement\":[{\"@type\":\"ListItem\",\"position\":1,\"name\":\"Portada\",\"item\":\"https:\\\/\\\/starlediluminacion.com\\\/\"},{\"@type\":\"ListItem\",\"position\":2,\"name\":\"Shop\",\"item\":\"https:\\\/\\\/starlediluminacion.com\\\/shop-2\\\/\"},{\"@type\":\"ListItem\",\"position\":3,\"name\":\"Aplique LED 6W &#8211; Aluminio &#8211; EVERE NEGRO &#8211; Doble Luz Exterior IP44\"}]},{\"@type\":\"WebSite\",\"@id\":\"https:\\\/\\\/starlediluminacion.com\\\/#website\",\"url\":\"https:\\\/\\\/starlediluminacion.com\\\/\",\"name\":\"STARLED Iluminacion\",\"description\":\"\",\"potentialAction\":[{\"@type\":\"SearchAction\",\"target\":{\"@type\":\"EntryPoint\",\"urlTemplate\":\"https:\\\/\\\/starlediluminacion.com\\\/?s={search_term_string}\"},\"query-input\":{\"@type\":\"PropertyValueSpecification\",\"valueRequired\":true,\"valueName\":\"search_term_string\"}}],\"inLanguage\":\"en-US\"}]}<\/script>\n<!-- \/ Yoast SEO plugin. -->","yoast_head_json":{"title":"Aplique LED 6W - Aluminio - EVERE NEGRO - Doble Luz Exterior IP44 - STARLED Iluminacion","robots":{"index":"index","follow":"follow","max-snippet":"max-snippet:-1","max-image-preview":"max-image-preview:large","max-video-preview":"max-video-preview:-1"},"canonical":"https:\/\/starlediluminacion.com\/en\/product\/wall-light-led-6w-aluminum-evere-black-double-light-outdoor-ip44\/","og_locale":"en_US","og_type":"article","og_title":"Aplique LED 6W - Aluminio - EVERE NEGRO - Doble Luz Exterior IP44 - STARLED Iluminacion","og_description":"REFERENCIA: SLAP1515-BK-3K    Ilumina tus espacios con elegancia y funcionalidad con el aplique de pared EVERE NEGRO.\u00a0Con un dise\u00f1o minimalista y regulable,\u00a0su apertura de luz puede graduarse para emitir la cantidad de luz que necesites.\u00a0Su grado de protecci\u00f3n IP44 lo hace ideal para exteriores, pero tambi\u00e9n es perfecto para interiores. Su bajo consumo de energ\u00eda y chip COB de alta calidad aseguran la m\u00e1xima eficiencia y durabilidad. \u00a1Un elemento indispensable para decoradores y aficionados por igual! \u00a0Entrega en 24\/48 horas \u00a0Garant\u00eda asegurada \u00a030 unidad(es) por Masterbox","og_url":"https:\/\/starlediluminacion.com\/en\/product\/wall-light-led-6w-aluminum-evere-black-double-light-outdoor-ip44\/","og_site_name":"STARLED Iluminacion","article_modified_time":"2023-09-14T09:46:19+00:00","og_image":[{"width":1000,"height":1000,"url":"https:\/\/starlediluminacion.com\/wp-content\/uploads\/2023\/05\/aplique-lineal-led-oulu-negro-044m-094m-144m-194m-ip54-factorled-13.jpg","type":"image\/jpeg"}],"twitter_card":"summary_large_image","twitter_misc":{"Est. reading time":"3 minutes"},"schema":{"@context":"https:\/\/schema.org","@graph":[{"@type":"WebPage","@id":"https:\/\/starlediluminacion.com\/producto\/aplique-led-6w-aluminio-evere-negro-doble-luz-exterior-ip44\/","url":"https:\/\/starlediluminacion.com\/producto\/aplique-led-6w-aluminio-evere-negro-doble-luz-exterior-ip44\/","name":"Aplique LED 6W - Aluminio - EVERE NEGRO - Doble Luz Exterior IP44 - STARLED Iluminacion","isPartOf":{"@id":"https:\/\/starlediluminacion.com\/#website"},"primaryImageOfPage":{"@id":"https:\/\/starlediluminacion.com\/producto\/aplique-led-6w-aluminio-evere-negro-doble-luz-exterior-ip44\/#primaryimage"},"image":{"@id":"https:\/\/starlediluminacion.com\/producto\/aplique-led-6w-aluminio-evere-negro-doble-luz-exterior-ip44\/#primaryimage"},"thumbnailUrl":"https:\/\/starlediluminacion.com\/wp-content\/uploads\/2023\/05\/aplique-lineal-led-oulu-negro-044m-094m-144m-194m-ip54-factorled-13.jpg","datePublished":"2023-05-22T10:30:01+00:00","dateModified":"2023-09-14T09:46:19+00:00","breadcrumb":{"@id":"https:\/\/starlediluminacion.com\/producto\/aplique-led-6w-aluminio-evere-negro-doble-luz-exterior-ip44\/#breadcrumb"},"inLanguage":"en-US","potentialAction":[{"@type":"ReadAction","target":["https:\/\/starlediluminacion.com\/producto\/aplique-led-6w-aluminio-evere-negro-doble-luz-exterior-ip44\/"]}]},{"@type":"ImageObject","inLanguage":"en-US","@id":"https:\/\/starlediluminacion.com\/producto\/aplique-led-6w-aluminio-evere-negro-doble-luz-exterior-ip44\/#primaryimage","url":"https:\/\/starlediluminacion.com\/wp-content\/uploads\/2023\/05\/aplique-lineal-led-oulu-negro-044m-094m-144m-194m-ip54-factorled-13.jpg","contentUrl":"https:\/\/starlediluminacion.com\/wp-content\/uploads\/2023\/05\/aplique-lineal-led-oulu-negro-044m-094m-144m-194m-ip54-factorled-13.jpg","width":1000,"height":1000},{"@type":"BreadcrumbList","@id":"https:\/\/starlediluminacion.com\/producto\/aplique-led-6w-aluminio-evere-negro-doble-luz-exterior-ip44\/#breadcrumb","itemListElement":[{"@type":"ListItem","position":1,"name":"Portada","item":"https:\/\/starlediluminacion.com\/"},{"@type":"ListItem","position":2,"name":"Shop","item":"https:\/\/starlediluminacion.com\/shop-2\/"},{"@type":"ListItem","position":3,"name":"Aplique LED 6W &#8211; Aluminio &#8211; EVERE NEGRO &#8211; Doble Luz Exterior IP44"}]},{"@type":"WebSite","@id":"https:\/\/starlediluminacion.com\/#website","url":"https:\/\/starlediluminacion.com\/","name":"STARLED Iluminacion","description":"","potentialAction":[{"@type":"SearchAction","target":{"@type":"EntryPoint","urlTemplate":"https:\/\/starlediluminacion.com\/?s={search_term_string}"},"query-input":{"@type":"PropertyValueSpecification","valueRequired":true,"valueName":"search_term_string"}}],"inLanguage":"en-US"}]}},"_links":{"self":[{"href":"https:\/\/starlediluminacion.com\/en\/wp-json\/wp\/v3\/product\/9603","targetHints":{"allow":["GET"]}}],"collection":[{"href":"https:\/\/starlediluminacion.com\/en\/wp-json\/wp\/v3\/product"}],"about":[{"href":"https:\/\/starlediluminacion.com\/en\/wp-json\/wp\/v2\/types\/product"}],"wp:featuredmedia":[{"embeddable":true,"href":"https:\/\/starlediluminacion.com\/en\/wp-json\/wp\/v2\/media\/9614"}],"wp:attachment":[{"href":"https:\/\/starlediluminacion.com\/en\/wp-json\/wp\/v2\/media?parent=9603"}],"wp:term":[{"taxonomy":"product_cat","embeddable":true,"href":"https:\/\/starlediluminacion.com\/en\/wp-json\/wp\/v2\/product_cat?post=9603"},{"taxonomy":"product_tag","embeddable":true,"href":"https:\/\/starlediluminacion.com\/en\/wp-json\/wp\/v2\/product_tag?post=9603"}],"curies":[{"name":"wp","href":"https:\/\/api.w.org\/{rel}","templated":true}]}}