{"id":8763,"date":"2023-02-10T12:51:26","date_gmt":"2023-02-10T12:51:26","guid":{"rendered":"https:\/\/starlediluminacion.com\/?post_type=product&#038;p=8763"},"modified":"2023-02-10T12:51:26","modified_gmt":"2023-02-10T12:51:26","slug":"lampara-colgante-negra-1xe27-300300mm","status":"publish","type":"product","link":"https:\/\/starlediluminacion.com\/en\/product\/lampara-colgante-negra-1xe27-300300mm\/","title":{"rendered":"<p>PENDANT LAMP BLACK 1XE27 300*300MM<\/p>"},"content":{"rendered":"<ul class=\"a-unordered-list a-vertical a-spacing-mini\">\n<li><span class=\"a-list-item\">Retro Design: This pendant lamp with a vintage chic and industrial design, metal material, a combination of black and gold, creates a pleasant atmosphere for your room.<\/span><\/li>\n<li><span class=\"a-list-item\">Adjustable Length: The suspension cable can be adjusted up to 1.2 m, you can choose the appropriate suspension length before installation.<\/span><\/li>\n<li><span class=\"a-list-item\">Easy Installation: Well packaged and includes instructions and mounting screws for easy installation.<\/span><\/li>\n<li><span class=\"a-list-item\">Wide Application: Standard E27 bulb base option for your kitchen, dining room, bedroom, bar, bar, hallway, restaurant.<\/span><\/li>\n<\/ul>","protected":false},"excerpt":{"rendered":"<p>Dise&ntilde;o Retro: Esta l&aacute;mpara colgante con un dise&ntilde;o vintage elegante e industrial, material met&aacute;lico, una combinaci&oacute;n de negro y oro, crea un ambiente agradable para su habitaci&oacute;n. Longitud Ajustable: El cable de suspensi&oacute;n se puede ajustar hasta 1,2 m, puede elegir la longitud de suspensi&oacute;n adecuada antes de la instalaci&oacute;n. Instalaci&oacute;n F&aacute;cil: Bien embalado e &hellip;<p class=\"read-more\"> <a class=\"\" href=\"https:\/\/starlediluminacion.com\/en\/product\/lampara-colgante-negra-1xe27-300300mm\/\"> <span class=\"screen-reader-text\">PENDANT LAMP BLACK 1XE27 300*300MM<\/span> Read More \"<\/a><\/p><\/p>","protected":false},"featured_media":8767,"template":"","meta":{"site-sidebar-layout":"default","site-content-layout":"default","ast-global-header-display":"","ast-main-header-display":"","ast-hfb-above-header-display":"","ast-hfb-below-header-display":"","ast-hfb-mobile-header-display":"","site-post-title":"","ast-breadcrumbs-content":"","ast-featured-img":"","footer-sml-layout":"","theme-transparent-header-meta":"default","adv-header-id-meta":"","stick-header-meta":"","header-above-stick-meta":"","header-main-stick-meta":"","header-below-stick-meta":""},"product_cat":[36,65],"product_tag":[],"class_list":["post-8763","product","type-product","status-publish","has-post-thumbnail","hentry","product_cat-apliques-led-y-decoracion","product_cat-decoracion-led"],"yoast_head":"<!-- This site is optimized with the Yoast SEO plugin v27.4 - https:\/\/yoast.com\/product\/yoast-seo-wordpress\/ -->\n<title>L\u00c1MPARA COLGANTE NEGRA 1XE27 300*300MM - STARLED Iluminacion<\/title>\n<meta name=\"robots\" content=\"index, follow, max-snippet:-1, max-image-preview:large, max-video-preview:-1\" \/>\n<link rel=\"canonical\" href=\"https:\/\/starlediluminacion.com\/en\/product\/lampara-colgante-negra-1xe27-300300mm\/\" \/>\n<meta property=\"og:locale\" content=\"en_US\" \/>\n<meta property=\"og:type\" content=\"article\" \/>\n<meta property=\"og:title\" content=\"L\u00c1MPARA COLGANTE NEGRA 1XE27 300*300MM - STARLED Iluminacion\" \/>\n<meta property=\"og:description\" content=\"Dise\u00f1o Retro: Esta l\u00e1mpara colgante con un dise\u00f1o vintage elegante e industrial, material met\u00e1lico, una combinaci\u00f3n de negro y oro, crea un ambiente agradable para su habitaci\u00f3n. Longitud Ajustable: El cable de suspensi\u00f3n se puede ajustar hasta 1,2 m, puede elegir la longitud de suspensi\u00f3n adecuada antes de la instalaci\u00f3n. Instalaci\u00f3n F\u00e1cil: Bien embalado e &hellip; L\u00c1MPARA COLGANTE NEGRA 1XE27 300*300MM Read More &raquo;\" \/>\n<meta property=\"og:url\" content=\"https:\/\/starlediluminacion.com\/en\/product\/lampara-colgante-negra-1xe27-300300mm\/\" \/>\n<meta property=\"og:site_name\" content=\"STARLED Iluminacion\" \/>\n<meta property=\"og:image\" content=\"https:\/\/starlediluminacion.com\/wp-content\/uploads\/2023\/02\/WechatIMG1114-1.jpeg\" \/>\n\t<meta property=\"og:image:width\" content=\"800\" \/>\n\t<meta property=\"og:image:height\" content=\"800\" \/>\n\t<meta property=\"og:image:type\" content=\"image\/jpeg\" \/>\n<meta name=\"twitter:card\" content=\"summary_large_image\" \/>\n<script type=\"application\/ld+json\" class=\"yoast-schema-graph\">{\"@context\":\"https:\\\/\\\/schema.org\",\"@graph\":[{\"@type\":\"WebPage\",\"@id\":\"https:\\\/\\\/starlediluminacion.com\\\/producto\\\/lampara-colgante-negra-1xe27-300300mm\\\/\",\"url\":\"https:\\\/\\\/starlediluminacion.com\\\/producto\\\/lampara-colgante-negra-1xe27-300300mm\\\/\",\"name\":\"L\u00c1MPARA COLGANTE NEGRA 1XE27 300*300MM - STARLED Iluminacion\",\"isPartOf\":{\"@id\":\"https:\\\/\\\/starlediluminacion.com\\\/#website\"},\"primaryImageOfPage\":{\"@id\":\"https:\\\/\\\/starlediluminacion.com\\\/producto\\\/lampara-colgante-negra-1xe27-300300mm\\\/#primaryimage\"},\"image\":{\"@id\":\"https:\\\/\\\/starlediluminacion.com\\\/producto\\\/lampara-colgante-negra-1xe27-300300mm\\\/#primaryimage\"},\"thumbnailUrl\":\"https:\\\/\\\/starlediluminacion.com\\\/wp-content\\\/uploads\\\/2023\\\/02\\\/WechatIMG1114-1.jpeg\",\"datePublished\":\"2023-02-10T12:51:26+00:00\",\"breadcrumb\":{\"@id\":\"https:\\\/\\\/starlediluminacion.com\\\/producto\\\/lampara-colgante-negra-1xe27-300300mm\\\/#breadcrumb\"},\"inLanguage\":\"en-US\",\"potentialAction\":[{\"@type\":\"ReadAction\",\"target\":[\"https:\\\/\\\/starlediluminacion.com\\\/producto\\\/lampara-colgante-negra-1xe27-300300mm\\\/\"]}]},{\"@type\":\"ImageObject\",\"inLanguage\":\"en-US\",\"@id\":\"https:\\\/\\\/starlediluminacion.com\\\/producto\\\/lampara-colgante-negra-1xe27-300300mm\\\/#primaryimage\",\"url\":\"https:\\\/\\\/starlediluminacion.com\\\/wp-content\\\/uploads\\\/2023\\\/02\\\/WechatIMG1114-1.jpeg\",\"contentUrl\":\"https:\\\/\\\/starlediluminacion.com\\\/wp-content\\\/uploads\\\/2023\\\/02\\\/WechatIMG1114-1.jpeg\",\"width\":800,\"height\":800},{\"@type\":\"BreadcrumbList\",\"@id\":\"https:\\\/\\\/starlediluminacion.com\\\/producto\\\/lampara-colgante-negra-1xe27-300300mm\\\/#breadcrumb\",\"itemListElement\":[{\"@type\":\"ListItem\",\"position\":1,\"name\":\"Portada\",\"item\":\"https:\\\/\\\/starlediluminacion.com\\\/\"},{\"@type\":\"ListItem\",\"position\":2,\"name\":\"Shop\",\"item\":\"https:\\\/\\\/starlediluminacion.com\\\/shop-2\\\/\"},{\"@type\":\"ListItem\",\"position\":3,\"name\":\"L\u00c1MPARA COLGANTE NEGRA 1XE27 300*300MM\"}]},{\"@type\":\"WebSite\",\"@id\":\"https:\\\/\\\/starlediluminacion.com\\\/#website\",\"url\":\"https:\\\/\\\/starlediluminacion.com\\\/\",\"name\":\"STARLED Iluminacion\",\"description\":\"\",\"potentialAction\":[{\"@type\":\"SearchAction\",\"target\":{\"@type\":\"EntryPoint\",\"urlTemplate\":\"https:\\\/\\\/starlediluminacion.com\\\/?s={search_term_string}\"},\"query-input\":{\"@type\":\"PropertyValueSpecification\",\"valueRequired\":true,\"valueName\":\"search_term_string\"}}],\"inLanguage\":\"en-US\"}]}<\/script>\n<!-- \/ Yoast SEO plugin. -->","yoast_head_json":{"title":"L\u00c1MPARA COLGANTE NEGRA 1XE27 300*300MM - STARLED Iluminacion","robots":{"index":"index","follow":"follow","max-snippet":"max-snippet:-1","max-image-preview":"max-image-preview:large","max-video-preview":"max-video-preview:-1"},"canonical":"https:\/\/starlediluminacion.com\/en\/product\/lampara-colgante-negra-1xe27-300300mm\/","og_locale":"en_US","og_type":"article","og_title":"L\u00c1MPARA COLGANTE NEGRA 1XE27 300*300MM - STARLED Iluminacion","og_description":"Dise\u00f1o Retro: Esta l\u00e1mpara colgante con un dise\u00f1o vintage elegante e industrial, material met\u00e1lico, una combinaci\u00f3n de negro y oro, crea un ambiente agradable para su habitaci\u00f3n. Longitud Ajustable: El cable de suspensi\u00f3n se puede ajustar hasta 1,2 m, puede elegir la longitud de suspensi\u00f3n adecuada antes de la instalaci\u00f3n. Instalaci\u00f3n F\u00e1cil: Bien embalado e &hellip; L\u00c1MPARA COLGANTE NEGRA 1XE27 300*300MM Read More &raquo;","og_url":"https:\/\/starlediluminacion.com\/en\/product\/lampara-colgante-negra-1xe27-300300mm\/","og_site_name":"STARLED Iluminacion","og_image":[{"width":800,"height":800,"url":"https:\/\/starlediluminacion.com\/wp-content\/uploads\/2023\/02\/WechatIMG1114-1.jpeg","type":"image\/jpeg"}],"twitter_card":"summary_large_image","schema":{"@context":"https:\/\/schema.org","@graph":[{"@type":"WebPage","@id":"https:\/\/starlediluminacion.com\/producto\/lampara-colgante-negra-1xe27-300300mm\/","url":"https:\/\/starlediluminacion.com\/producto\/lampara-colgante-negra-1xe27-300300mm\/","name":"L\u00c1MPARA COLGANTE NEGRA 1XE27 300*300MM - STARLED Iluminacion","isPartOf":{"@id":"https:\/\/starlediluminacion.com\/#website"},"primaryImageOfPage":{"@id":"https:\/\/starlediluminacion.com\/producto\/lampara-colgante-negra-1xe27-300300mm\/#primaryimage"},"image":{"@id":"https:\/\/starlediluminacion.com\/producto\/lampara-colgante-negra-1xe27-300300mm\/#primaryimage"},"thumbnailUrl":"https:\/\/starlediluminacion.com\/wp-content\/uploads\/2023\/02\/WechatIMG1114-1.jpeg","datePublished":"2023-02-10T12:51:26+00:00","breadcrumb":{"@id":"https:\/\/starlediluminacion.com\/producto\/lampara-colgante-negra-1xe27-300300mm\/#breadcrumb"},"inLanguage":"en-US","potentialAction":[{"@type":"ReadAction","target":["https:\/\/starlediluminacion.com\/producto\/lampara-colgante-negra-1xe27-300300mm\/"]}]},{"@type":"ImageObject","inLanguage":"en-US","@id":"https:\/\/starlediluminacion.com\/producto\/lampara-colgante-negra-1xe27-300300mm\/#primaryimage","url":"https:\/\/starlediluminacion.com\/wp-content\/uploads\/2023\/02\/WechatIMG1114-1.jpeg","contentUrl":"https:\/\/starlediluminacion.com\/wp-content\/uploads\/2023\/02\/WechatIMG1114-1.jpeg","width":800,"height":800},{"@type":"BreadcrumbList","@id":"https:\/\/starlediluminacion.com\/producto\/lampara-colgante-negra-1xe27-300300mm\/#breadcrumb","itemListElement":[{"@type":"ListItem","position":1,"name":"Portada","item":"https:\/\/starlediluminacion.com\/"},{"@type":"ListItem","position":2,"name":"Shop","item":"https:\/\/starlediluminacion.com\/shop-2\/"},{"@type":"ListItem","position":3,"name":"L\u00c1MPARA COLGANTE NEGRA 1XE27 300*300MM"}]},{"@type":"WebSite","@id":"https:\/\/starlediluminacion.com\/#website","url":"https:\/\/starlediluminacion.com\/","name":"STARLED Iluminacion","description":"","potentialAction":[{"@type":"SearchAction","target":{"@type":"EntryPoint","urlTemplate":"https:\/\/starlediluminacion.com\/?s={search_term_string}"},"query-input":{"@type":"PropertyValueSpecification","valueRequired":true,"valueName":"search_term_string"}}],"inLanguage":"en-US"}]}},"_links":{"self":[{"href":"https:\/\/starlediluminacion.com\/en\/wp-json\/wp\/v3\/product\/8763","targetHints":{"allow":["GET"]}}],"collection":[{"href":"https:\/\/starlediluminacion.com\/en\/wp-json\/wp\/v3\/product"}],"about":[{"href":"https:\/\/starlediluminacion.com\/en\/wp-json\/wp\/v2\/types\/product"}],"wp:featuredmedia":[{"embeddable":true,"href":"https:\/\/starlediluminacion.com\/en\/wp-json\/wp\/v2\/media\/8767"}],"wp:attachment":[{"href":"https:\/\/starlediluminacion.com\/en\/wp-json\/wp\/v2\/media?parent=8763"}],"wp:term":[{"taxonomy":"product_cat","embeddable":true,"href":"https:\/\/starlediluminacion.com\/en\/wp-json\/wp\/v2\/product_cat?post=8763"},{"taxonomy":"product_tag","embeddable":true,"href":"https:\/\/starlediluminacion.com\/en\/wp-json\/wp\/v2\/product_tag?post=8763"}],"curies":[{"name":"wp","href":"https:\/\/api.w.org\/{rel}","templated":true}]}}