{"id":8680,"date":"2023-02-10T11:46:25","date_gmt":"2023-02-10T11:46:25","guid":{"rendered":"https:\/\/starlediluminacion.com\/?post_type=product&#038;p=8680"},"modified":"2023-02-10T11:46:25","modified_gmt":"2023-02-10T11:46:25","slug":"lampara-de-mesa-ribe-12w","status":"publish","type":"product","link":"https:\/\/starlediluminacion.com\/en\/product\/lampara-de-mesa-ribe-12w\/","title":{"rendered":"<p>RIBE table lamp 12W<\/p>"},"content":{"rendered":"<h1>RIBE table lamp 12W<p>The<strong>&nbsp;L&aacute;mpara de Mesa 12W RIBE cuenta con un dise&ntilde;o sencillo el cual da un toque moderno al lugar.<\/strong>&nbsp;La luz que emite esta L&aacute;mpara de Mesa es de 3000K.<\/p><p>Si est&aacute; buscando una l&aacute;mpara de mesa moderna que llame la atenci&oacute;n de inmediato, &iexcl;esta l&aacute;mpara de mesa&nbsp;RIBE es exactamente lo que necesita! El acabado en blanco&nbsp;le da un toque atemporal.<\/p><h3 class=\"page-product-heading\">TECHNICAL DATA SHEET<\/h3><div class=\"col-xs-12 col-md-6\">\n<table class=\"table table-data-sheet 1\">\n<tbody>\n<tr class=\"odd\">\n<td valign=\"middle\" width=\"32\"><\/td>\n<td valign=\"middle\">REFERENCE :<\/td>\n<td valign=\"middle\">SL8223<\/td>\n<\/tr>\n<tr class=\"even\">\n<td valign=\"middle\" width=\"32\"><\/td>\n<td valign=\"middle\">Rated power :<\/td>\n<td valign=\"middle\">12w<\/td>\n<\/tr>\n<tr class=\"odd\">\n<td valign=\"middle\" width=\"32\"><\/td>\n<td valign=\"middle\">Nominal voltage:<\/td>\n<td valign=\"middle\">85V-265V<\/td>\n<\/tr>\n<tr class=\"even\">\n<td valign=\"middle\" width=\"32\"><\/td>\n<td valign=\"middle\">Light temperature:<\/td>\n<td valign=\"middle\">3000K<\/td>\n<\/tr>\n<tr class=\"odd\">\n<td valign=\"middle\" width=\"32\"><\/td>\n<td valign=\"middle\">CRI - Color Rendering Index:<\/td>\n<td valign=\"middle\">85<\/td>\n<\/tr>\n<tr class=\"even\">\n<td valign=\"middle\" width=\"32\"><\/td>\n<td valign=\"middle\">Building Material:<\/td>\n<td valign=\"middle\">Aluminum<\/td>\n<\/tr>\n<\/tbody>\n<\/table>\n<\/div><div class=\"col-xs-12 col-md-6 2\">\n<table class=\"table table-data-sheet 2\">\n<tbody>\n<tr class=\"odd\">\n<td valign=\"middle\" width=\"32\"><\/td>\n<td valign=\"middle\">Type of LEDs:<\/td>\n<td valign=\"middle\">SMD 2835<\/td>\n<\/tr>\n<tr class=\"even\">\n<td valign=\"middle\" width=\"32\"><\/td>\n<td valign=\"middle\">Luminous efficacy (Lm\/W):<\/td>\n<td valign=\"middle\">140Lm\/W<\/td>\n<\/tr>\n<tr class=\"odd\">\n<td valign=\"middle\" width=\"32\"><\/td>\n<td valign=\"middle\">IP rating:<\/td>\n<td valign=\"middle\">IP20<\/td>\n<\/tr>\n<tr class=\"even\">\n<td valign=\"middle\" width=\"32\"><\/td>\n<td valign=\"middle\">Energy Class (2021-EU-2019\/2015):<\/td>\n<td valign=\"middle\">A+<\/td>\n<\/tr>\n<tr class=\"odd\">\n<td valign=\"middle\" width=\"32\"><\/td>\n<td valign=\"middle\">Warranty years:<\/td>\n<td valign=\"middle\">3<\/td>\n<\/tr>\n<\/tbody>\n<\/table>\n<\/div><\/h1>","protected":false},"excerpt":{"rendered":"<p><strong><label>REFERENCIA: SL8223<\/label><\/strong><p>The&nbsp;<strong>L&aacute;mpara de Mesa 12W RIBE&nbsp;combina un dise&ntilde;o &uacute;nico y elegante con unos acabados de m&aacute;xima calidad.<\/strong>&nbsp;Este tipo de l&aacute;mparas de dise&ntilde;o nos permiten dar ese toque elegante y sencillo que aportar&aacute; personalidad a cualquier espacio convirti&eacute;ndolo en algo &uacute;nico.<\/p><div class=\"col-md-12\"><i class=\"fa fa-truck\"><\/i>&nbsp;<span class=\"text-muted textprop\">Delivery in 24\/48 hours<\/span><\/div><div class=\"col-md-12\"><i class=\"fa fa-exchange\"><\/i>&nbsp;<span class=\"text-muted textprop\">Insured warranty<\/span><\/div><div class=\"col-md-12\"><i class=\"fa fa-box\"><\/i>&nbsp;1<span class=\"text-muted textprop\">&nbsp;unidad(es) por Masterbox<\/span><\/div><\/p>","protected":false},"featured_media":8685,"template":"","meta":{"site-sidebar-layout":"default","site-content-layout":"default","ast-global-header-display":"","ast-main-header-display":"","ast-hfb-above-header-display":"","ast-hfb-below-header-display":"","ast-hfb-mobile-header-display":"","site-post-title":"","ast-breadcrumbs-content":"","ast-featured-img":"","footer-sml-layout":"","theme-transparent-header-meta":"default","adv-header-id-meta":"","stick-header-meta":"","header-above-stick-meta":"","header-main-stick-meta":"","header-below-stick-meta":""},"product_cat":[36,65],"product_tag":[],"class_list":["post-8680","product","type-product","status-publish","has-post-thumbnail","hentry","product_cat-apliques-led-y-decoracion","product_cat-decoracion-led"],"yoast_head":"<!-- This site is optimized with the Yoast SEO plugin v27.4 - https:\/\/yoast.com\/product\/yoast-seo-wordpress\/ -->\n<title>L\u00e1mpara de mesa RIBE 12W - STARLED Iluminacion<\/title>\n<meta name=\"robots\" content=\"index, follow, max-snippet:-1, max-image-preview:large, max-video-preview:-1\" \/>\n<link rel=\"canonical\" href=\"https:\/\/starlediluminacion.com\/en\/product\/lampara-de-mesa-ribe-12w\/\" \/>\n<meta property=\"og:locale\" content=\"en_US\" \/>\n<meta property=\"og:type\" content=\"article\" \/>\n<meta property=\"og:title\" content=\"L\u00e1mpara de mesa RIBE 12W - STARLED Iluminacion\" \/>\n<meta property=\"og:description\" content=\"REFERENCIA: SL8223  La\u00a0L\u00e1mpara de Mesa 12W RIBE\u00a0combina un dise\u00f1o \u00fanico y elegante con unos acabados de m\u00e1xima calidad.\u00a0Este tipo de l\u00e1mparas de dise\u00f1o nos permiten dar ese toque elegante y sencillo que aportar\u00e1 personalidad a cualquier espacio convirti\u00e9ndolo en algo \u00fanico. \u00a0Entrega en 24\/48 horas \u00a0Garant\u00eda asegurada \u00a01\u00a0unidad(es) por Masterbox\" \/>\n<meta property=\"og:url\" content=\"https:\/\/starlediluminacion.com\/en\/product\/lampara-de-mesa-ribe-12w\/\" \/>\n<meta property=\"og:site_name\" content=\"STARLED Iluminacion\" \/>\n<meta property=\"og:image\" content=\"https:\/\/starlediluminacion.com\/wp-content\/uploads\/2023\/02\/lampara-de-mesa-ribe-12w-factorled.jpg\" \/>\n\t<meta property=\"og:image:width\" content=\"1000\" \/>\n\t<meta property=\"og:image:height\" content=\"1000\" \/>\n\t<meta property=\"og:image:type\" content=\"image\/jpeg\" \/>\n<meta name=\"twitter:card\" content=\"summary_large_image\" \/>\n<meta name=\"twitter:label1\" content=\"Est. reading time\" \/>\n\t<meta name=\"twitter:data1\" content=\"1 minute\" \/>\n<script type=\"application\/ld+json\" class=\"yoast-schema-graph\">{\"@context\":\"https:\\\/\\\/schema.org\",\"@graph\":[{\"@type\":\"WebPage\",\"@id\":\"https:\\\/\\\/starlediluminacion.com\\\/producto\\\/lampara-de-mesa-ribe-12w\\\/\",\"url\":\"https:\\\/\\\/starlediluminacion.com\\\/producto\\\/lampara-de-mesa-ribe-12w\\\/\",\"name\":\"L\u00e1mpara de mesa RIBE 12W - STARLED Iluminacion\",\"isPartOf\":{\"@id\":\"https:\\\/\\\/starlediluminacion.com\\\/#website\"},\"primaryImageOfPage\":{\"@id\":\"https:\\\/\\\/starlediluminacion.com\\\/producto\\\/lampara-de-mesa-ribe-12w\\\/#primaryimage\"},\"image\":{\"@id\":\"https:\\\/\\\/starlediluminacion.com\\\/producto\\\/lampara-de-mesa-ribe-12w\\\/#primaryimage\"},\"thumbnailUrl\":\"https:\\\/\\\/starlediluminacion.com\\\/wp-content\\\/uploads\\\/2023\\\/02\\\/lampara-de-mesa-ribe-12w-factorled.jpg\",\"datePublished\":\"2023-02-10T11:46:25+00:00\",\"breadcrumb\":{\"@id\":\"https:\\\/\\\/starlediluminacion.com\\\/producto\\\/lampara-de-mesa-ribe-12w\\\/#breadcrumb\"},\"inLanguage\":\"en-US\",\"potentialAction\":[{\"@type\":\"ReadAction\",\"target\":[\"https:\\\/\\\/starlediluminacion.com\\\/producto\\\/lampara-de-mesa-ribe-12w\\\/\"]}]},{\"@type\":\"ImageObject\",\"inLanguage\":\"en-US\",\"@id\":\"https:\\\/\\\/starlediluminacion.com\\\/producto\\\/lampara-de-mesa-ribe-12w\\\/#primaryimage\",\"url\":\"https:\\\/\\\/starlediluminacion.com\\\/wp-content\\\/uploads\\\/2023\\\/02\\\/lampara-de-mesa-ribe-12w-factorled.jpg\",\"contentUrl\":\"https:\\\/\\\/starlediluminacion.com\\\/wp-content\\\/uploads\\\/2023\\\/02\\\/lampara-de-mesa-ribe-12w-factorled.jpg\",\"width\":1000,\"height\":1000},{\"@type\":\"BreadcrumbList\",\"@id\":\"https:\\\/\\\/starlediluminacion.com\\\/producto\\\/lampara-de-mesa-ribe-12w\\\/#breadcrumb\",\"itemListElement\":[{\"@type\":\"ListItem\",\"position\":1,\"name\":\"Portada\",\"item\":\"https:\\\/\\\/starlediluminacion.com\\\/\"},{\"@type\":\"ListItem\",\"position\":2,\"name\":\"Shop\",\"item\":\"https:\\\/\\\/starlediluminacion.com\\\/shop-2\\\/\"},{\"@type\":\"ListItem\",\"position\":3,\"name\":\"L\u00e1mpara de mesa RIBE 12W\"}]},{\"@type\":\"WebSite\",\"@id\":\"https:\\\/\\\/starlediluminacion.com\\\/#website\",\"url\":\"https:\\\/\\\/starlediluminacion.com\\\/\",\"name\":\"STARLED Iluminacion\",\"description\":\"\",\"potentialAction\":[{\"@type\":\"SearchAction\",\"target\":{\"@type\":\"EntryPoint\",\"urlTemplate\":\"https:\\\/\\\/starlediluminacion.com\\\/?s={search_term_string}\"},\"query-input\":{\"@type\":\"PropertyValueSpecification\",\"valueRequired\":true,\"valueName\":\"search_term_string\"}}],\"inLanguage\":\"en-US\"}]}<\/script>\n<!-- \/ Yoast SEO plugin. -->","yoast_head_json":{"title":"L\u00e1mpara de mesa RIBE 12W - STARLED Iluminacion","robots":{"index":"index","follow":"follow","max-snippet":"max-snippet:-1","max-image-preview":"max-image-preview:large","max-video-preview":"max-video-preview:-1"},"canonical":"https:\/\/starlediluminacion.com\/en\/product\/lampara-de-mesa-ribe-12w\/","og_locale":"en_US","og_type":"article","og_title":"L\u00e1mpara de mesa RIBE 12W - STARLED Iluminacion","og_description":"REFERENCIA: SL8223  La\u00a0L\u00e1mpara de Mesa 12W RIBE\u00a0combina un dise\u00f1o \u00fanico y elegante con unos acabados de m\u00e1xima calidad.\u00a0Este tipo de l\u00e1mparas de dise\u00f1o nos permiten dar ese toque elegante y sencillo que aportar\u00e1 personalidad a cualquier espacio convirti\u00e9ndolo en algo \u00fanico. \u00a0Entrega en 24\/48 horas \u00a0Garant\u00eda asegurada \u00a01\u00a0unidad(es) por Masterbox","og_url":"https:\/\/starlediluminacion.com\/en\/product\/lampara-de-mesa-ribe-12w\/","og_site_name":"STARLED Iluminacion","og_image":[{"width":1000,"height":1000,"url":"https:\/\/starlediluminacion.com\/wp-content\/uploads\/2023\/02\/lampara-de-mesa-ribe-12w-factorled.jpg","type":"image\/jpeg"}],"twitter_card":"summary_large_image","twitter_misc":{"Est. reading time":"1 minute"},"schema":{"@context":"https:\/\/schema.org","@graph":[{"@type":"WebPage","@id":"https:\/\/starlediluminacion.com\/producto\/lampara-de-mesa-ribe-12w\/","url":"https:\/\/starlediluminacion.com\/producto\/lampara-de-mesa-ribe-12w\/","name":"L\u00e1mpara de mesa RIBE 12W - STARLED Iluminacion","isPartOf":{"@id":"https:\/\/starlediluminacion.com\/#website"},"primaryImageOfPage":{"@id":"https:\/\/starlediluminacion.com\/producto\/lampara-de-mesa-ribe-12w\/#primaryimage"},"image":{"@id":"https:\/\/starlediluminacion.com\/producto\/lampara-de-mesa-ribe-12w\/#primaryimage"},"thumbnailUrl":"https:\/\/starlediluminacion.com\/wp-content\/uploads\/2023\/02\/lampara-de-mesa-ribe-12w-factorled.jpg","datePublished":"2023-02-10T11:46:25+00:00","breadcrumb":{"@id":"https:\/\/starlediluminacion.com\/producto\/lampara-de-mesa-ribe-12w\/#breadcrumb"},"inLanguage":"en-US","potentialAction":[{"@type":"ReadAction","target":["https:\/\/starlediluminacion.com\/producto\/lampara-de-mesa-ribe-12w\/"]}]},{"@type":"ImageObject","inLanguage":"en-US","@id":"https:\/\/starlediluminacion.com\/producto\/lampara-de-mesa-ribe-12w\/#primaryimage","url":"https:\/\/starlediluminacion.com\/wp-content\/uploads\/2023\/02\/lampara-de-mesa-ribe-12w-factorled.jpg","contentUrl":"https:\/\/starlediluminacion.com\/wp-content\/uploads\/2023\/02\/lampara-de-mesa-ribe-12w-factorled.jpg","width":1000,"height":1000},{"@type":"BreadcrumbList","@id":"https:\/\/starlediluminacion.com\/producto\/lampara-de-mesa-ribe-12w\/#breadcrumb","itemListElement":[{"@type":"ListItem","position":1,"name":"Portada","item":"https:\/\/starlediluminacion.com\/"},{"@type":"ListItem","position":2,"name":"Shop","item":"https:\/\/starlediluminacion.com\/shop-2\/"},{"@type":"ListItem","position":3,"name":"L\u00e1mpara de mesa RIBE 12W"}]},{"@type":"WebSite","@id":"https:\/\/starlediluminacion.com\/#website","url":"https:\/\/starlediluminacion.com\/","name":"STARLED Iluminacion","description":"","potentialAction":[{"@type":"SearchAction","target":{"@type":"EntryPoint","urlTemplate":"https:\/\/starlediluminacion.com\/?s={search_term_string}"},"query-input":{"@type":"PropertyValueSpecification","valueRequired":true,"valueName":"search_term_string"}}],"inLanguage":"en-US"}]}},"_links":{"self":[{"href":"https:\/\/starlediluminacion.com\/en\/wp-json\/wp\/v3\/product\/8680","targetHints":{"allow":["GET"]}}],"collection":[{"href":"https:\/\/starlediluminacion.com\/en\/wp-json\/wp\/v3\/product"}],"about":[{"href":"https:\/\/starlediluminacion.com\/en\/wp-json\/wp\/v2\/types\/product"}],"wp:featuredmedia":[{"embeddable":true,"href":"https:\/\/starlediluminacion.com\/en\/wp-json\/wp\/v2\/media\/8685"}],"wp:attachment":[{"href":"https:\/\/starlediluminacion.com\/en\/wp-json\/wp\/v2\/media?parent=8680"}],"wp:term":[{"taxonomy":"product_cat","embeddable":true,"href":"https:\/\/starlediluminacion.com\/en\/wp-json\/wp\/v2\/product_cat?post=8680"},{"taxonomy":"product_tag","embeddable":true,"href":"https:\/\/starlediluminacion.com\/en\/wp-json\/wp\/v2\/product_tag?post=8680"}],"curies":[{"name":"wp","href":"https:\/\/api.w.org\/{rel}","templated":true}]}}