{"id":43794,"date":"2025-10-17T14:00:20","date_gmt":"2025-10-17T14:00:20","guid":{"rendered":"https:\/\/starlediluminacion.com\/?post_type=product&#038;p=43794"},"modified":"2025-10-17T14:05:30","modified_gmt":"2025-10-17T14:05:30","slug":"empotrable-led-6w-circular-negro-osram-chip-duris-e-2835-ip65","status":"publish","type":"product","link":"https:\/\/starlediluminacion.com\/en\/product\/recessed-led-6w-circular-circular-black-osram-chip-duris-e-2835-ip65-2\/","title":{"rendered":"<p>Recessed LED 6W Circular Black | OSRAM CHIP DURIS E 2835 | IP65<\/p>"},"content":{"rendered":"<h1>Recessed LED 6W Circular Black | OSRAM CHIP DURIS E 2835 | IP65<p>This&nbsp;<strong>Recessed LED downlight 6W<\/strong>&nbsp;has been designed as an all-in-one solution, combining&nbsp;<strong>efficiency, design and strength<\/strong>&nbsp;in a compact and elegant format. Integrates our&nbsp;<strong>6W GU10 LED bulb 6W with OSRAM SMD2835 chip<\/strong>which offers stable light output, low power consumption and long service life.<\/p><p>The set includes a&nbsp;<strong>IP65 watertight ring<\/strong>&nbsp;in black finish with effect&nbsp;<strong>curved circular<\/strong>ideal for humid areas such as&nbsp;<strong>bathrooms, kitchens, roofed terraces or covered outdoor areas<\/strong>. Thanks to its&nbsp;<strong>translucent lens<\/strong>The light source, which guarantees a soft, glare-free illumination, creates a visually comfortable and aesthetically modern atmosphere.<\/p><p>The&nbsp;<strong>ceramic GU10 socket<\/strong>&nbsp;provides thermal safety and mechanical resistance, completing a professional luminaire that is easy to install and maintain. Manufactured in&nbsp;<strong>high quality aluminum<\/strong>ensures excellent heat dissipation, which translates into greater durability and long-term reliability.<\/p><h3><strong>Outstanding advantages:<\/strong><\/h3><ul>\n<li>Technology&nbsp;<strong>OSRAM SMD2835<\/strong>energy efficiency and reliability guaranteed.<\/li>\n<li><strong>IP65 watertight ring<\/strong>Suitable for wet areas and covered exteriors.<\/li>\n<li><strong>Circular curved design<\/strong>&nbsp;with elegant black finish.<\/li>\n<li><strong>Translucent lens<\/strong>&nbsp;that avoids direct glare.<\/li>\n<li><strong>Ceramic GU10 socket<\/strong>Heat resistant and safe.<\/li>\n<li>Easy and quick ceiling mounting.<\/li>\n<\/ul><h3><strong>Recommended Uses and Applications<\/strong><\/h3><p>&nbsp;<\/p><ul>\n<li><strong>Bathrooms and showers<\/strong>Thanks to its IP65 protection against humidity and water, it is ideal for installation in bathroom ceilings, near sinks or showers.<\/li>\n<li><strong>Kitchens<\/strong>Provides focused lighting in work areas such as countertops or islands, combining aesthetics and functionality.<\/li>\n<li><strong>Covered terraces<\/strong>Perfect for semi-outdoor spaces where a luminaire resistant to splashes and temperature changes is required.<\/li>\n<li><strong>Hallways and foyers<\/strong>Its elegant and discreet design makes it an excellent choice for decorative lighting in transit areas.<\/li>\n<li><strong>Commercial premises and showcases<\/strong>: Its closed opening angle helps to highlight products without dazzling the customer.<\/li>\n<li><strong>Hotels and spas<\/strong>Provides a high quality ambient lighting, with a clean and professional aesthetic, ideal for wellness areas or courtesy bathrooms.<\/li>\n<li><strong>Common areas of residential buildings<\/strong>Perfect for damp indoor areas such as laundry rooms, storage rooms or entryways.<\/li>\n<\/ul><h3 class=\"h6\">Product Data Sheet<\/h3><dl class=\"data-sheet\">\n<dt class=\"name\"><img loading=\"lazy\" decoding=\"async\" src=\"https:\/\/www.factorled.com\/modules\/oa_features\/img\/2-default.jpg\" width=\"32\" height=\"32\">&nbsp;REFERENCE<\/dt>\n<dd class=\"value\">LSPL7W-CCT-91269<\/dd>\n<dt class=\"name\"><img loading=\"lazy\" decoding=\"async\" src=\"https:\/\/www.factorled.com\/modules\/oa_features\/img\/3-default.jpg\" width=\"32\" height=\"32\">&nbsp;Power rating<\/dt>\n<dd class=\"value\">6w<\/dd>\n<dt class=\"name\"><img loading=\"lazy\" decoding=\"async\" src=\"https:\/\/www.factorled.com\/modules\/oa_features\/img\/4-default.jpg\" width=\"32\" height=\"32\">&nbsp;Nominal Voltage<\/dt>\n<dd class=\"value\">220-240 V AC<\/dd>\n<dt class=\"name\"><img loading=\"lazy\" decoding=\"async\" src=\"https:\/\/www.factorled.com\/modules\/oa_features\/img\/5-default.jpg\" width=\"32\" height=\"32\">&nbsp;Light Temperature<\/dt>\n<dd class=\"value\">2700K - 4000K - 5700K<\/dd>\n<dt class=\"name\"><img loading=\"lazy\" decoding=\"async\" src=\"https:\/\/www.factorled.com\/modules\/oa_features\/img\/6-default.jpg\" width=\"32\" height=\"32\">&nbsp;CRI -Cromatic Reproduction Index<\/dt>\n<dd class=\"value\">80<\/dd>\n<dt class=\"name\"><img loading=\"lazy\" decoding=\"async\" src=\"https:\/\/www.factorled.com\/modules\/oa_features\/img\/25-default.jpg\" width=\"32\" height=\"32\">&nbsp;Building Material<\/dt>\n<dd class=\"value\">Aluminum +PC<\/dd>\n<dt class=\"name\"><img loading=\"lazy\" decoding=\"async\" src=\"https:\/\/www.factorled.com\/modules\/oa_features\/img\/8-default.jpg\" width=\"32\" height=\"32\">&nbsp;Luminosity-Lm<\/dt>\n<dd class=\"value\">600 Lm<\/dd>\n<dt class=\"name\"><img loading=\"lazy\" decoding=\"async\" src=\"https:\/\/www.factorled.com\/modules\/oa_features\/img\/9-default.jpg\" width=\"32\" height=\"32\">&nbsp;Type of LEDs<\/dt>\n<dd class=\"value\">SMD 2835 OSRAM CHIP<\/dd>\n<dt class=\"name\"><img loading=\"lazy\" decoding=\"async\" src=\"https:\/\/www.factorled.com\/modules\/oa_features\/img\/10-default.jpg\" width=\"32\" height=\"32\">&nbsp;Opening Angle (\u00ba)<\/dt>\n<dd class=\"value\">60\u00ba<\/dd>\n<dt class=\"name\"><img loading=\"lazy\" decoding=\"async\" src=\"https:\/\/www.factorled.com\/modules\/oa_features\/img\/12-default.jpg\" width=\"32\" height=\"32\">&nbsp;LED Diode Efficiency (Lm\/W)<\/dt>\n<dd class=\"value\">120Lm\/W<\/dd>\n<dt class=\"name\"><img loading=\"lazy\" decoding=\"async\" src=\"https:\/\/www.factorled.com\/modules\/oa_features\/img\/13-default.jpg\" width=\"32\" height=\"32\">&nbsp;Luminous efficacy (Lm\/W)<\/dt>\n<dd class=\"value\">100Lm\/W<\/dd>\n<dt class=\"name\"><img loading=\"lazy\" decoding=\"async\" src=\"https:\/\/www.factorled.com\/modules\/oa_features\/img\/11-default.jpg\" width=\"32\" height=\"32\">&nbsp;Dimable<\/dt>\n<dd class=\"value\">No<\/dd>\n<dt class=\"name\"><img loading=\"lazy\" decoding=\"async\" src=\"https:\/\/www.factorled.com\/modules\/oa_features\/img\/15-default.jpg\" width=\"32\" height=\"32\">&nbsp;Certificates<\/dt>\n<dd class=\"value\">CE - ROHS<\/dd>\n<dt class=\"name\"><img loading=\"lazy\" decoding=\"async\" src=\"https:\/\/www.factorled.com\/modules\/oa_features\/img\/16-default.jpg\" width=\"32\" height=\"32\">&nbsp;IP rating<\/dt>\n<dd class=\"value\">IP65-Outdoor<\/dd>\n<dt class=\"name\"><img loading=\"lazy\" decoding=\"async\" src=\"https:\/\/www.factorled.com\/modules\/oa_features\/img\/17-default.jpg\" width=\"32\" height=\"32\">&nbsp;Estimated Life LED Diode (H)<\/dt>\n<dd class=\"value\">25.000<\/dd>\n<dt class=\"name\"><img loading=\"lazy\" decoding=\"async\" src=\"https:\/\/www.factorled.com\/modules\/oa_features\/img\/17-default.jpg\" width=\"32\" height=\"32\">&nbsp;Estimated Life LED Diode (H)<\/dt>\n<dd class=\"value\">2118T-MBY4H-6W<\/dd>\n<dt class=\"name\"><img loading=\"lazy\" decoding=\"async\" src=\"https:\/\/www.factorled.com\/modules\/oa_features\/img\/18-default.jpg\" width=\"32\" height=\"32\">&nbsp;Dimensions (mm)<\/dt>\n<dd class=\"value\">\u00d890xH44.5mm<\/dd>\n<dt class=\"name\"><img loading=\"lazy\" decoding=\"async\" src=\"https:\/\/www.factorled.com\/modules\/oa_features\/img\/21-default.jpg\" width=\"32\" height=\"32\">&nbsp;Working Frequency (Hz)<\/dt>\n<dd class=\"value\">50\/60Hz<\/dd>\n<dt class=\"name\"><img loading=\"lazy\" decoding=\"async\" src=\"https:\/\/www.factorled.com\/modules\/oa_features\/img\/22-default.jpg\" width=\"32\" height=\"32\">&nbsp;Temperature Range (\u00baC)<\/dt>\n<dd class=\"value\">-25\u00baC ~ +45\u00baC<\/dd>\n<dt class=\"name\"><img loading=\"lazy\" decoding=\"async\" src=\"https:\/\/www.factorled.com\/modules\/oa_features\/img\/23-default.jpg\" width=\"32\" height=\"32\">&nbsp;Ignition Cycles<\/dt>\n<dd class=\"value\">100.000<\/dd>\n<dt class=\"name\"><img loading=\"lazy\" decoding=\"async\" src=\"https:\/\/www.factorled.com\/modules\/oa_features\/img\/24-default.jpg\" width=\"32\" height=\"32\">&nbsp;Start-up time (s)<\/dt>\n<dd class=\"value\">0,2s<\/dd>\n<dt class=\"name\"><img loading=\"lazy\" decoding=\"async\" src=\"https:\/\/www.factorled.com\/modules\/oa_features\/img\/27-default.jpg\" width=\"32\" height=\"32\">&nbsp;Ceiling Cutout (mm)<\/dt>\n<dd class=\"value\">\u00d8 72mm<\/dd>\n<dt class=\"name\"><img loading=\"lazy\" decoding=\"async\" src=\"https:\/\/www.factorled.com\/modules\/oa_features\/img\/74-default.jpg\" width=\"32\" height=\"32\">&nbsp;Driver included<\/dt>\n<dd class=\"value\">YES<\/dd>\n<dt class=\"name\"><img loading=\"lazy\" decoding=\"async\" src=\"https:\/\/www.factorled.com\/modules\/oa_features\/img\/7-default.jpg\" width=\"32\" height=\"32\">&nbsp;Energy Class (2021-UE-2019\/2015)<\/dt>\n<dd class=\"value\">A+<\/dd>\n<dt class=\"name\"><img loading=\"lazy\" decoding=\"async\" src=\"https:\/\/www.factorled.com\/modules\/oa_features\/img\/75-default.jpg\" width=\"32\" height=\"32\">&nbsp;Warranty years<\/dt>\n<dd class=\"value\">3<\/dd>\n<\/dl><\/h1>","protected":false},"excerpt":{"rendered":"<div class=\"product-reference\"><strong><label class=\"label\">Reference:<\/label> SLDL6W-91816<\/strong>\n<div><\/div>\n<div class=\"product-description-short\">\n<div id=\"product-description-short-3966\">\n<p><strong>Recessed LED 6W IP65 Black,&nbsp;<\/strong>Integrate our GU10 LED bulb of<strong>&nbsp;6W with OSRAM SMD2835 chip,<\/strong>&nbsp;watertight ring&nbsp;<strong>IP65<\/strong>&nbsp;circular curved effect and ceramic GU10 socket. Its circular design in&nbsp;<strong>aluminum with translucent lens<\/strong>&nbsp;provides soft, glare-free illumination. Ideal for&nbsp;<strong>bathrooms, kitchens, roofed terraces or covered outdoor areas<\/strong>. combines efficiency, strength and aesthetics. Compact, safe and durable solution.<\/p>\n<p><strong>Color Temperature: 2700K\/4000K\/5700K<\/strong><\/p>\n<\/div>\n<\/div><\/div>","protected":false},"featured_media":43803,"template":"","meta":{"site-sidebar-layout":"default","site-content-layout":"default","ast-global-header-display":"","ast-main-header-display":"","ast-hfb-above-header-display":"","ast-hfb-below-header-display":"","ast-hfb-mobile-header-display":"","site-post-title":"","ast-breadcrumbs-content":"","ast-featured-img":"","footer-sml-layout":"","theme-transparent-header-meta":"default","adv-header-id-meta":"","stick-header-meta":"","header-above-stick-meta":"","header-main-stick-meta":"","header-below-stick-meta":""},"product_cat":[27,70,24],"product_tag":[],"class_list":["post-43794","product","type-product","status-publish","has-post-thumbnail","hentry","product_cat-downlight-plafones-y-placas-led","product_cat-focos-downlight-led","product_cat-novedades"],"yoast_head":"<!-- This site is optimized with the Yoast SEO plugin v27.4 - https:\/\/yoast.com\/product\/yoast-seo-wordpress\/ -->\n<title>Empotrable LED 6W Circular Negro | OSRAM CHIP DURIS E 2835 | IP65 - STARLED Iluminacion<\/title>\n<meta name=\"robots\" content=\"index, follow, max-snippet:-1, max-image-preview:large, max-video-preview:-1\" \/>\n<link rel=\"canonical\" href=\"https:\/\/starlediluminacion.com\/en\/product\/recessed-led-6w-circular-circular-black-osram-chip-duris-e-2835-ip65-2\/\" \/>\n<meta property=\"og:locale\" content=\"en_US\" \/>\n<meta property=\"og:type\" content=\"article\" \/>\n<meta property=\"og:title\" content=\"Empotrable LED 6W Circular Negro | OSRAM CHIP DURIS E 2835 | IP65 - STARLED Iluminacion\" \/>\n<meta property=\"og:description\" content=\"Referencia: SLDL6W-91816      Empotrable LED 6W IP65 Negro,\u00a0Integra nuestra\u00a0bombilla LED GU10 de\u00a06W con chip OSRAM SMD2835,\u00a0aro estanco\u00a0IP65\u00a0efecto curvo circular\u00a0y casquillo GU10 cer\u00e1mico. Su dise\u00f1o circular en\u00a0aluminio con lente transl\u00facida\u00a0ofrece una iluminaci\u00f3n suave y sin deslumbramientos. Ideal para\u00a0ba\u00f1os, cocinas, terrazas techadas o \u00e1reas exteriores cubiertas. , combina eficiencia, resistencia y est\u00e9tica. Soluci\u00f3n compacta, segura y duradera.  Temperatura de Color: 2700K\/4000K\/5700K\" \/>\n<meta property=\"og:url\" content=\"https:\/\/starlediluminacion.com\/en\/product\/recessed-led-6w-circular-circular-black-osram-chip-duris-e-2835-ip65-2\/\" \/>\n<meta property=\"og:site_name\" content=\"STARLED Iluminacion\" \/>\n<meta property=\"article:modified_time\" content=\"2025-10-17T14:05:30+00:00\" \/>\n<meta property=\"og:image\" content=\"https:\/\/starlediluminacion.com\/wp-content\/uploads\/2025\/10\/empotrable-led-6w-circular-negro-osram-chip-duris-e-2835-ip65.jpg\" \/>\n\t<meta property=\"og:image:width\" content=\"744\" \/>\n\t<meta property=\"og:image:height\" content=\"800\" \/>\n\t<meta property=\"og:image:type\" content=\"image\/jpeg\" \/>\n<meta name=\"twitter:card\" content=\"summary_large_image\" \/>\n<meta name=\"twitter:label1\" content=\"Est. reading time\" \/>\n\t<meta name=\"twitter:data1\" content=\"3 minutes\" \/>\n<script type=\"application\/ld+json\" class=\"yoast-schema-graph\">{\"@context\":\"https:\\\/\\\/schema.org\",\"@graph\":[{\"@type\":\"WebPage\",\"@id\":\"https:\\\/\\\/starlediluminacion.com\\\/producto\\\/empotrable-led-6w-circular-negro-osram-chip-duris-e-2835-ip65\\\/\",\"url\":\"https:\\\/\\\/starlediluminacion.com\\\/producto\\\/empotrable-led-6w-circular-negro-osram-chip-duris-e-2835-ip65\\\/\",\"name\":\"Empotrable LED 6W Circular Negro | OSRAM CHIP DURIS E 2835 | IP65 - STARLED Iluminacion\",\"isPartOf\":{\"@id\":\"https:\\\/\\\/starlediluminacion.com\\\/#website\"},\"primaryImageOfPage\":{\"@id\":\"https:\\\/\\\/starlediluminacion.com\\\/producto\\\/empotrable-led-6w-circular-negro-osram-chip-duris-e-2835-ip65\\\/#primaryimage\"},\"image\":{\"@id\":\"https:\\\/\\\/starlediluminacion.com\\\/producto\\\/empotrable-led-6w-circular-negro-osram-chip-duris-e-2835-ip65\\\/#primaryimage\"},\"thumbnailUrl\":\"https:\\\/\\\/starlediluminacion.com\\\/wp-content\\\/uploads\\\/2025\\\/10\\\/empotrable-led-6w-circular-negro-osram-chip-duris-e-2835-ip65.jpg\",\"datePublished\":\"2025-10-17T14:00:20+00:00\",\"dateModified\":\"2025-10-17T14:05:30+00:00\",\"breadcrumb\":{\"@id\":\"https:\\\/\\\/starlediluminacion.com\\\/producto\\\/empotrable-led-6w-circular-negro-osram-chip-duris-e-2835-ip65\\\/#breadcrumb\"},\"inLanguage\":\"en-US\",\"potentialAction\":[{\"@type\":\"ReadAction\",\"target\":[\"https:\\\/\\\/starlediluminacion.com\\\/producto\\\/empotrable-led-6w-circular-negro-osram-chip-duris-e-2835-ip65\\\/\"]}]},{\"@type\":\"ImageObject\",\"inLanguage\":\"en-US\",\"@id\":\"https:\\\/\\\/starlediluminacion.com\\\/producto\\\/empotrable-led-6w-circular-negro-osram-chip-duris-e-2835-ip65\\\/#primaryimage\",\"url\":\"https:\\\/\\\/starlediluminacion.com\\\/wp-content\\\/uploads\\\/2025\\\/10\\\/empotrable-led-6w-circular-negro-osram-chip-duris-e-2835-ip65.jpg\",\"contentUrl\":\"https:\\\/\\\/starlediluminacion.com\\\/wp-content\\\/uploads\\\/2025\\\/10\\\/empotrable-led-6w-circular-negro-osram-chip-duris-e-2835-ip65.jpg\",\"width\":744,\"height\":800},{\"@type\":\"BreadcrumbList\",\"@id\":\"https:\\\/\\\/starlediluminacion.com\\\/producto\\\/empotrable-led-6w-circular-negro-osram-chip-duris-e-2835-ip65\\\/#breadcrumb\",\"itemListElement\":[{\"@type\":\"ListItem\",\"position\":1,\"name\":\"Portada\",\"item\":\"https:\\\/\\\/starlediluminacion.com\\\/\"},{\"@type\":\"ListItem\",\"position\":2,\"name\":\"Shop\",\"item\":\"https:\\\/\\\/starlediluminacion.com\\\/shop-2\\\/\"},{\"@type\":\"ListItem\",\"position\":3,\"name\":\"Empotrable LED 6W Circular Negro | OSRAM CHIP DURIS E 2835 | IP65\"}]},{\"@type\":\"WebSite\",\"@id\":\"https:\\\/\\\/starlediluminacion.com\\\/#website\",\"url\":\"https:\\\/\\\/starlediluminacion.com\\\/\",\"name\":\"STARLED Iluminacion\",\"description\":\"\",\"potentialAction\":[{\"@type\":\"SearchAction\",\"target\":{\"@type\":\"EntryPoint\",\"urlTemplate\":\"https:\\\/\\\/starlediluminacion.com\\\/?s={search_term_string}\"},\"query-input\":{\"@type\":\"PropertyValueSpecification\",\"valueRequired\":true,\"valueName\":\"search_term_string\"}}],\"inLanguage\":\"en-US\"}]}<\/script>\n<!-- \/ Yoast SEO plugin. -->","yoast_head_json":{"title":"Empotrable LED 6W Circular Negro | OSRAM CHIP DURIS E 2835 | IP65 - STARLED Iluminacion","robots":{"index":"index","follow":"follow","max-snippet":"max-snippet:-1","max-image-preview":"max-image-preview:large","max-video-preview":"max-video-preview:-1"},"canonical":"https:\/\/starlediluminacion.com\/en\/product\/recessed-led-6w-circular-circular-black-osram-chip-duris-e-2835-ip65-2\/","og_locale":"en_US","og_type":"article","og_title":"Empotrable LED 6W Circular Negro | OSRAM CHIP DURIS E 2835 | IP65 - STARLED Iluminacion","og_description":"Referencia: SLDL6W-91816      Empotrable LED 6W IP65 Negro,\u00a0Integra nuestra\u00a0bombilla LED GU10 de\u00a06W con chip OSRAM SMD2835,\u00a0aro estanco\u00a0IP65\u00a0efecto curvo circular\u00a0y casquillo GU10 cer\u00e1mico. Su dise\u00f1o circular en\u00a0aluminio con lente transl\u00facida\u00a0ofrece una iluminaci\u00f3n suave y sin deslumbramientos. Ideal para\u00a0ba\u00f1os, cocinas, terrazas techadas o \u00e1reas exteriores cubiertas. , combina eficiencia, resistencia y est\u00e9tica. Soluci\u00f3n compacta, segura y duradera.  Temperatura de Color: 2700K\/4000K\/5700K","og_url":"https:\/\/starlediluminacion.com\/en\/product\/recessed-led-6w-circular-circular-black-osram-chip-duris-e-2835-ip65-2\/","og_site_name":"STARLED Iluminacion","article_modified_time":"2025-10-17T14:05:30+00:00","og_image":[{"width":744,"height":800,"url":"https:\/\/starlediluminacion.com\/wp-content\/uploads\/2025\/10\/empotrable-led-6w-circular-negro-osram-chip-duris-e-2835-ip65.jpg","type":"image\/jpeg"}],"twitter_card":"summary_large_image","twitter_misc":{"Est. reading time":"3 minutes"},"schema":{"@context":"https:\/\/schema.org","@graph":[{"@type":"WebPage","@id":"https:\/\/starlediluminacion.com\/producto\/empotrable-led-6w-circular-negro-osram-chip-duris-e-2835-ip65\/","url":"https:\/\/starlediluminacion.com\/producto\/empotrable-led-6w-circular-negro-osram-chip-duris-e-2835-ip65\/","name":"Empotrable LED 6W Circular Negro | OSRAM CHIP DURIS E 2835 | IP65 - STARLED Iluminacion","isPartOf":{"@id":"https:\/\/starlediluminacion.com\/#website"},"primaryImageOfPage":{"@id":"https:\/\/starlediluminacion.com\/producto\/empotrable-led-6w-circular-negro-osram-chip-duris-e-2835-ip65\/#primaryimage"},"image":{"@id":"https:\/\/starlediluminacion.com\/producto\/empotrable-led-6w-circular-negro-osram-chip-duris-e-2835-ip65\/#primaryimage"},"thumbnailUrl":"https:\/\/starlediluminacion.com\/wp-content\/uploads\/2025\/10\/empotrable-led-6w-circular-negro-osram-chip-duris-e-2835-ip65.jpg","datePublished":"2025-10-17T14:00:20+00:00","dateModified":"2025-10-17T14:05:30+00:00","breadcrumb":{"@id":"https:\/\/starlediluminacion.com\/producto\/empotrable-led-6w-circular-negro-osram-chip-duris-e-2835-ip65\/#breadcrumb"},"inLanguage":"en-US","potentialAction":[{"@type":"ReadAction","target":["https:\/\/starlediluminacion.com\/producto\/empotrable-led-6w-circular-negro-osram-chip-duris-e-2835-ip65\/"]}]},{"@type":"ImageObject","inLanguage":"en-US","@id":"https:\/\/starlediluminacion.com\/producto\/empotrable-led-6w-circular-negro-osram-chip-duris-e-2835-ip65\/#primaryimage","url":"https:\/\/starlediluminacion.com\/wp-content\/uploads\/2025\/10\/empotrable-led-6w-circular-negro-osram-chip-duris-e-2835-ip65.jpg","contentUrl":"https:\/\/starlediluminacion.com\/wp-content\/uploads\/2025\/10\/empotrable-led-6w-circular-negro-osram-chip-duris-e-2835-ip65.jpg","width":744,"height":800},{"@type":"BreadcrumbList","@id":"https:\/\/starlediluminacion.com\/producto\/empotrable-led-6w-circular-negro-osram-chip-duris-e-2835-ip65\/#breadcrumb","itemListElement":[{"@type":"ListItem","position":1,"name":"Portada","item":"https:\/\/starlediluminacion.com\/"},{"@type":"ListItem","position":2,"name":"Shop","item":"https:\/\/starlediluminacion.com\/shop-2\/"},{"@type":"ListItem","position":3,"name":"Empotrable LED 6W Circular Negro | OSRAM CHIP DURIS E 2835 | IP65"}]},{"@type":"WebSite","@id":"https:\/\/starlediluminacion.com\/#website","url":"https:\/\/starlediluminacion.com\/","name":"STARLED Iluminacion","description":"","potentialAction":[{"@type":"SearchAction","target":{"@type":"EntryPoint","urlTemplate":"https:\/\/starlediluminacion.com\/?s={search_term_string}"},"query-input":{"@type":"PropertyValueSpecification","valueRequired":true,"valueName":"search_term_string"}}],"inLanguage":"en-US"}]}},"_links":{"self":[{"href":"https:\/\/starlediluminacion.com\/en\/wp-json\/wp\/v3\/product\/43794","targetHints":{"allow":["GET"]}}],"collection":[{"href":"https:\/\/starlediluminacion.com\/en\/wp-json\/wp\/v3\/product"}],"about":[{"href":"https:\/\/starlediluminacion.com\/en\/wp-json\/wp\/v2\/types\/product"}],"wp:featuredmedia":[{"embeddable":true,"href":"https:\/\/starlediluminacion.com\/en\/wp-json\/wp\/v2\/media\/43803"}],"wp:attachment":[{"href":"https:\/\/starlediluminacion.com\/en\/wp-json\/wp\/v2\/media?parent=43794"}],"wp:term":[{"taxonomy":"product_cat","embeddable":true,"href":"https:\/\/starlediluminacion.com\/en\/wp-json\/wp\/v2\/product_cat?post=43794"},{"taxonomy":"product_tag","embeddable":true,"href":"https:\/\/starlediluminacion.com\/en\/wp-json\/wp\/v2\/product_tag?post=43794"}],"curies":[{"name":"wp","href":"https:\/\/api.w.org\/{rel}","templated":true}]}}