{"id":43769,"date":"2025-10-17T11:13:05","date_gmt":"2025-10-17T11:13:05","guid":{"rendered":"https:\/\/starlediluminacion.com\/?post_type=product&#038;p=43769"},"modified":"2025-10-17T11:16:53","modified_gmt":"2025-10-17T11:16:53","slug":"farola-led-solar-sunlight-pro400-smd5050-160lm-w-control-remoto-70ox140o-ip65","status":"publish","type":"product","link":"https:\/\/starlediluminacion.com\/en\/product\/farola-led-solar-sunlight-pro400-smd5050-160lm-w-control-remoto-70ox140o-ip65\/","title":{"rendered":"<p>SUNLIGHT PRO400 Solar LED Streetlight |SMD5050 160Lm\/W |Remote Control | 70\u00bax140\u00ba |IP65<\/p>"},"content":{"rendered":"<h1>SUNLIGHT PRO400 Solar LED Streetlight |SMD5050 160Lm\/W |Remote Control | 70\u00bax140\u00ba |IP65<p>The&nbsp;<strong>farola LED solar SUNLIGHT PRO400 de GXTronic<\/strong>&nbsp;is a state-of-the-art luminaire, designed to offer a high&nbsp;<strong>autonomous, environmentally friendly and highly efficient street lighting solution<\/strong>made of aluminum, it is perfect for&nbsp;<strong>urban roads, rural roads, parks, residential areas, pedestrian walkways and areas without access to the electrical grid<\/strong>.<\/p><p>This model integrates advanced technology with premium quality components, optimizing light output, durability and energy savings.<\/p><h3><strong>Outstanding technical characteristics:<\/strong><\/h3><ul>\n<li><strong>Light source:<\/strong>&nbsp;High efficiency SMD5050 LED, with a luminous efficacy of&nbsp;<strong>160 lumens per watt<\/strong>The light source is a powerful and uniform illumination.<\/li>\n<li><strong>Color temperature:<\/strong>&nbsp;<strong>6500K<\/strong>cold white light, ideal for outdoor visibility.<\/li>\n<li><strong>Opening angle:<\/strong>&nbsp;<strong>Asymmetric optics 70\u00ba x 140\u00ba.<\/strong>which improves light distribution on horizontal surfaces such as roadways and sidewalks.<\/li>\n<li><strong>Battery:<\/strong>&nbsp;<strong>Litio LiFePO4 de 3.2V y 40.000 mAh<\/strong>The long life and high load capacity, resistant to deep cycling.<\/li>\n<li><strong>Solar panel:<\/strong>&nbsp;<strong>Monocristalino de 6V y 45W<\/strong>, de alta eficiencia, capaz de captar la m&aacute;xima energ&iacute;a solar incluso en d&iacute;as nublados. Medidas de 680*350*16mm.<\/li>\n<li><strong>Automatic on\/off:<\/strong>&nbsp;Intelligent ambient light detection system that&nbsp;<strong>lights the street lamp at dusk<\/strong>&nbsp;and the&nbsp;<strong>off at dawn<\/strong>without manual intervention.<\/li>\n<li>The&nbsp;<strong>SUNLIGHT PRO solar lamp<\/strong>&nbsp;can be installed in a versatile way in both&nbsp;<strong>wall<\/strong>&nbsp;as in&nbsp;<strong>post<\/strong>adapting to different infrastructure and outdoor space needs.\n<ul>\n<li>For installation in&nbsp;<strong>wall<\/strong>is used, a&nbsp;<strong>metal support arm<\/strong>fixed with expansion bolts.<\/li>\n<li>For installation in&nbsp;<strong>post<\/strong>The same arm is easily attached to standard columns, allowing an optimal height for light distribution.<\/li>\n<\/ul>\n<\/li>\n<li><strong>Remote control included:<\/strong>&nbsp;It allows programming different operating modes, intensity settings and customized schedules according to the needs of the environment.<\/li>\n<\/ul><h3><strong>Remote Control Features<\/strong><\/h3><p>&nbsp;<\/p><ul>\n<li><strong>ON \/ OFF:<\/strong><br>\nManually turns the lamp on or off.<\/li>\n<li><strong>AUTO (Automatic mode):<\/strong><br>\nActivates the intelligent mode with automatic programming:\n<ul>\n<li><strong>100% brightness<\/strong>&nbsp;when turning on<\/li>\n<li>Then&nbsp;<strong>70% brightness for 3 hours<\/strong><\/li>\n<li>Subsequently,&nbsp;<strong>30% brightness until dawn<\/strong><\/li>\n<\/ul>\n<\/li>\n<li><strong>Full Power:<\/strong><br>\nThe lamp is kept on when the&nbsp;<strong>100% luminous intensity<\/strong>.<\/li>\n<li><strong>Half Bright (Half Bright):<\/strong><br>\nThe lamp is switched on at&nbsp;<strong>50% intensity<\/strong>&nbsp;for energy savings.<\/li>\n<li><strong>Enhance Brightness:<\/strong><br>\nManually increase the brightness level.<\/li>\n<li><strong>Dim (Reduce brightness):<\/strong><br>\nManually decrease the brightness level.<\/li>\n<li><strong>3H Mode (3-hour mode):<\/strong><br>\nThe lamp remains on for&nbsp;<strong>3 consecutive hours<\/strong>then it shuts off.<\/li>\n<li><strong>5H Mode (5-hour mode):<\/strong><br>\nThe lamp remains on for&nbsp;<strong>5 consecutive hours<\/strong>then it shuts off.<\/li>\n<li><strong>8H Mode:<\/strong><br>\nThe lamp remains on for&nbsp;<strong>8 consecutive hours<\/strong>then it shuts off.<\/li>\n<\/ul><h3><strong>Product advantages:<\/strong><\/h3><ul>\n<li><strong>100% stand-alone<\/strong>No connection to the power grid is required, which reduces installation costs and energy consumption.<\/li>\n<li><strong>Easy installation<\/strong>Can be mounted on a wall or pole by means of a metal arm, ideal for urban and rural projects.<\/li>\n<li><strong>Outdoor resistance<\/strong>Manufactured with high quality materials and protection.&nbsp;<strong>IP65<\/strong>The system guarantees optimum performance in dust, rain and other adverse environmental conditions.<\/li>\n<li><strong>Ideal for sustainable projects<\/strong>Energy efficiency and reduction of carbon emissions.<\/li>\n<\/ul><h3><strong>Recommended applications:<\/strong><\/h3><p>&nbsp;<\/p><ul>\n<li>Streets and highways<\/li>\n<li>Urbanizations and private roads<\/li>\n<li>Parks, gardens and squares<\/li>\n<li>Industrial and rural areas<\/li>\n<li>Temporary installations or without electrical infrastructure<\/li>\n<\/ul><h3 class=\"h6\">Product Data Sheet<\/h3><dl class=\"data-sheet\">\n<dt class=\"name\"><img loading=\"lazy\" decoding=\"async\" src=\"https:\/\/www.factorled.com\/modules\/oa_features\/img\/2-default.jpg\" width=\"32\" height=\"32\">&nbsp;REFERENCE<\/dt>\n<dd class=\"value\">SSL400-CW-91440<\/dd>\n<dt class=\"name\"><img loading=\"lazy\" decoding=\"async\" src=\"https:\/\/www.factorled.com\/modules\/oa_features\/img\/5-default.jpg\" width=\"32\" height=\"32\">&nbsp;Light Temperature<\/dt>\n<dd class=\"value\">6500K<\/dd>\n<dt class=\"name\"><img loading=\"lazy\" decoding=\"async\" src=\"https:\/\/www.factorled.com\/modules\/oa_features\/img\/25-default.jpg\" width=\"32\" height=\"32\">&nbsp;Building Material<\/dt>\n<dd class=\"value\">Aluminum +PC<\/dd>\n<dt class=\"name\"><img loading=\"lazy\" decoding=\"async\" src=\"https:\/\/www.factorled.com\/modules\/oa_features\/img\/8-default.jpg\" width=\"32\" height=\"32\">&nbsp;Luminosity-Lm<\/dt>\n<dd class=\"value\">3744<\/dd>\n<dt class=\"name\"><img loading=\"lazy\" decoding=\"async\" src=\"https:\/\/www.factorled.com\/modules\/oa_features\/img\/9-default.jpg\" width=\"32\" height=\"32\">&nbsp;Type of LEDs<\/dt>\n<dd class=\"value\">SMD 5050<\/dd>\n<dt class=\"name\"><img loading=\"lazy\" decoding=\"async\" src=\"https:\/\/www.factorled.com\/modules\/oa_features\/img\/10-default.jpg\" width=\"32\" height=\"32\">&nbsp;Opening Angle (\u00ba)<\/dt>\n<dd class=\"value\">70\u00baX140\u00ba.<\/dd>\n<dt class=\"name\"><img loading=\"lazy\" decoding=\"async\" src=\"https:\/\/www.factorled.com\/modules\/oa_features\/img\/12-default.jpg\" width=\"32\" height=\"32\">&nbsp;LED Diode Efficiency (Lm\/W)<\/dt>\n<dd class=\"value\">160 Lm\/w<\/dd>\n<dt class=\"name\"><img loading=\"lazy\" decoding=\"async\" src=\"https:\/\/www.factorled.com\/modules\/oa_features\/img\/15-default.jpg\" width=\"32\" height=\"32\">&nbsp;Certificates<\/dt>\n<dd class=\"value\">CE, CMIM, RoHS<\/dd>\n<dt class=\"name\"><img loading=\"lazy\" decoding=\"async\" src=\"https:\/\/www.factorled.com\/modules\/oa_features\/img\/16-default.jpg\" width=\"32\" height=\"32\">&nbsp;IP rating<\/dt>\n<dd class=\"value\">IP65-Outdoor<\/dd>\n<dt class=\"name\"><img loading=\"lazy\" decoding=\"async\" src=\"https:\/\/www.factorled.com\/modules\/oa_features\/img\/17-default.jpg\" width=\"32\" height=\"32\">&nbsp;Estimated Life LED Diode (H)<\/dt>\n<dd class=\"value\">35.000<\/dd>\n<dt class=\"name\"><img loading=\"lazy\" decoding=\"async\" src=\"https:\/\/www.factorled.com\/modules\/oa_features\/img\/22-default.jpg\" width=\"32\" height=\"32\">&nbsp;Temperature Range (\u00baC)<\/dt>\n<dd class=\"value\">+40\u00baC ~ -20\u00baC<\/dd>\n<dt class=\"name\"><img loading=\"lazy\" decoding=\"async\" src=\"https:\/\/www.factorled.com\/modules\/oa_features\/img\/24-default.jpg\" width=\"32\" height=\"32\">&nbsp;Start-up time (s)<\/dt>\n<dd class=\"value\">0,2s<\/dd>\n<dt class=\"name\"><img loading=\"lazy\" decoding=\"async\" src=\"https:\/\/www.factorled.com\/modules\/oa_features\/img\/26-default.jpg\" width=\"32\" height=\"32\">&nbsp;Additional Information<\/dt>\n<dd class=\"value\">Lithium Batery: 3.2V 40000mAh<\/dd>\n<dt class=\"name\"><img loading=\"lazy\" decoding=\"async\" src=\"https:\/\/www.factorled.com\/modules\/oa_features\/img\/26-default.jpg\" width=\"32\" height=\"32\">&nbsp;Additional Information<\/dt>\n<dd class=\"value\">Solar Panel MonoCrystaline 6V 45W<\/dd>\n<dt class=\"name\"><img loading=\"lazy\" decoding=\"async\" src=\"https:\/\/www.factorled.com\/modules\/oa_features\/img\/29-default.jpg\" width=\"32\" height=\"32\">&nbsp;Discharge time (h)<\/dt>\n<dd class=\"value\">20 H.<\/dd>\n<dt class=\"name\"><img loading=\"lazy\" decoding=\"async\" src=\"https:\/\/www.factorled.com\/modules\/oa_features\/img\/37-default.jpg\" width=\"32\" height=\"32\">&nbsp;Control modes<\/dt>\n<dd class=\"value\">CONTROL UNIT + INFRARED<\/dd>\n<dt class=\"name\"><img loading=\"lazy\" decoding=\"async\" src=\"https:\/\/www.factorled.com\/modules\/oa_features\/img\/73-default.jpg\" width=\"32\" height=\"32\">&nbsp;Impact protection (IK)<\/dt>\n<dd class=\"value\">IK08<\/dd>\n<dt class=\"name\"><img loading=\"lazy\" decoding=\"async\" src=\"https:\/\/www.factorled.com\/modules\/oa_features\/img\/75-default.jpg\" width=\"32\" height=\"32\">&nbsp;Warranty years<\/dt>\n<dd class=\"value\">3<\/dd>\n<dt class=\"name\"><img loading=\"lazy\" decoding=\"async\" src=\"https:\/\/www.factorled.com\/modules\/oa_features\/img\/77-default.jpg\" width=\"32\" height=\"32\">&nbsp;Reach (m)<\/dt>\n<dd class=\"value\">10 m.<\/dd>\n<dt class=\"name\"><img loading=\"lazy\" decoding=\"async\" src=\"https:\/\/www.factorled.com\/modules\/oa_features\/img\/78-default.jpg\" width=\"32\" height=\"32\">&nbsp;Ignition time<\/dt>\n<dd class=\"value\">Max 20H. - 50% 40H.<\/dd>\n<\/dl><\/h1>","protected":false},"excerpt":{"rendered":"<div class=\"product-reference\"><strong><label class=\"label\">Reference:<\/label> SLSSL400-CW-91440<\/strong>\n<div><\/div>\n<div class=\"product-description-short\">\n<div id=\"product-description-short-3962\">\n<p>The&nbsp;<strong>Farola LED Solar SUNLIGHT&nbsp;PRO400 GXTronic<\/strong>&nbsp;es la soluci&oacute;n ideal para el alumbrado eficiente de todo tipo de v&iacute;as, sin necesidad de conexi&oacute;n el&eacute;ctrica. Equipada con LED SMD5050 160 lm\/W, un&nbsp;<strong>panel solar monocristalino de 45W<\/strong>&nbsp;and a powerful&nbsp;<strong>bater&iacute;a de litio de 40.000 mAh (3.2V)<\/strong>offers automatic turn-on at dusk and turn-off at dawn.<br>\nYour&nbsp;<strong>70\u00bax140\u00ba asymmetrical optics<\/strong>&nbsp;ensures an even light distribution (6500K), while the&nbsp;<strong>remote control included<\/strong>&nbsp;allows you to program different operating modes.<br>\nA luminaire&nbsp;<strong>autonomous, intelligent and ready to install<\/strong>&nbsp;in streets, roads, parks and areas without access to the power grid.<\/p>\n<\/div>\n<\/div><\/div>","protected":false},"featured_media":43781,"template":"","meta":{"site-sidebar-layout":"default","site-content-layout":"default","ast-global-header-display":"","ast-main-header-display":"","ast-hfb-above-header-display":"","ast-hfb-below-header-display":"","ast-hfb-mobile-header-display":"","site-post-title":"","ast-breadcrumbs-content":"","ast-featured-img":"","footer-sml-layout":"","theme-transparent-header-meta":"default","adv-header-id-meta":"","stick-header-meta":"","header-above-stick-meta":"","header-main-stick-meta":"","header-below-stick-meta":""},"product_cat":[97,30,24],"product_tag":[],"class_list":["post-43769","product","type-product","status-publish","has-post-thumbnail","hentry","product_cat-farolas-led-solares","product_cat-iluminacion-publica-y-vial","product_cat-novedades"],"yoast_head":"<!-- This site is optimized with the Yoast SEO plugin v27.4 - https:\/\/yoast.com\/product\/yoast-seo-wordpress\/ -->\n<title>Farola LED Solar SUNLIGHT PRO400 |SMD5050 160Lm\/W |Control Remoto | 70\u00bax140\u00ba |IP65 - STARLED Iluminacion<\/title>\n<meta name=\"robots\" content=\"index, follow, max-snippet:-1, max-image-preview:large, max-video-preview:-1\" \/>\n<link rel=\"canonical\" href=\"https:\/\/starlediluminacion.com\/en\/product\/farola-led-solar-sunlight-pro400-smd5050-160lm-w-control-remoto-70ox140o-ip65\/\" \/>\n<meta property=\"og:locale\" content=\"en_US\" \/>\n<meta property=\"og:type\" content=\"article\" \/>\n<meta property=\"og:title\" content=\"Farola LED Solar SUNLIGHT PRO400 |SMD5050 160Lm\/W |Control Remoto | 70\u00bax140\u00ba |IP65 - STARLED Iluminacion\" \/>\n<meta property=\"og:description\" content=\"Referencia: SLSSL400-CW-91440      La\u00a0Farola LED Solar SUNLIGHT\u00a0PRO400 GXTronic\u00a0es la soluci\u00f3n ideal para el alumbrado eficiente de todo tipo de v\u00edas, sin necesidad de conexi\u00f3n el\u00e9ctrica. Equipada con LED SMD5050 160 lm\/W, un\u00a0panel solar monocristalino de 45W\u00a0y una potente\u00a0bater\u00eda de litio de 40.000 mAh (3.2V), ofrece encendido autom\u00e1tico al anochecer y apagado al amanecer. Su\u00a0\u00f3ptica asim\u00e9trica de 70\u00bax140\u00ba\u00a0garantiza una distribuci\u00f3n uniforme de la luz (6500K), mientras que el\u00a0control remoto incluido\u00a0permite programar distintos modos de funcionamiento. Una luminaria\u00a0aut\u00f3noma, inteligente y lista para instalar\u00a0en calles, caminos, parques y zonas sin acceso a red el\u00e9ctrica.\" \/>\n<meta property=\"og:url\" content=\"https:\/\/starlediluminacion.com\/en\/product\/farola-led-solar-sunlight-pro400-smd5050-160lm-w-control-remoto-70ox140o-ip65\/\" \/>\n<meta property=\"og:site_name\" content=\"STARLED Iluminacion\" \/>\n<meta property=\"article:modified_time\" content=\"2025-10-17T11:16:53+00:00\" \/>\n<meta property=\"og:image\" content=\"https:\/\/starlediluminacion.com\/wp-content\/uploads\/2025\/10\/farola-led-solar-sunlight-pro400-smd5050-160lmw-control-remoto-70ox140o-ip65.jpg\" \/>\n\t<meta property=\"og:image:width\" content=\"744\" \/>\n\t<meta property=\"og:image:height\" content=\"800\" \/>\n\t<meta property=\"og:image:type\" content=\"image\/jpeg\" \/>\n<meta name=\"twitter:card\" content=\"summary_large_image\" \/>\n<meta name=\"twitter:label1\" content=\"Est. reading time\" \/>\n\t<meta name=\"twitter:data1\" content=\"3 minutes\" \/>\n<script type=\"application\/ld+json\" class=\"yoast-schema-graph\">{\"@context\":\"https:\\\/\\\/schema.org\",\"@graph\":[{\"@type\":\"WebPage\",\"@id\":\"https:\\\/\\\/starlediluminacion.com\\\/producto\\\/farola-led-solar-sunlight-pro400-smd5050-160lm-w-control-remoto-70ox140o-ip65\\\/\",\"url\":\"https:\\\/\\\/starlediluminacion.com\\\/producto\\\/farola-led-solar-sunlight-pro400-smd5050-160lm-w-control-remoto-70ox140o-ip65\\\/\",\"name\":\"Farola LED Solar SUNLIGHT PRO400 |SMD5050 160Lm\\\/W |Control Remoto | 70\u00bax140\u00ba |IP65 - STARLED Iluminacion\",\"isPartOf\":{\"@id\":\"https:\\\/\\\/starlediluminacion.com\\\/#website\"},\"primaryImageOfPage\":{\"@id\":\"https:\\\/\\\/starlediluminacion.com\\\/producto\\\/farola-led-solar-sunlight-pro400-smd5050-160lm-w-control-remoto-70ox140o-ip65\\\/#primaryimage\"},\"image\":{\"@id\":\"https:\\\/\\\/starlediluminacion.com\\\/producto\\\/farola-led-solar-sunlight-pro400-smd5050-160lm-w-control-remoto-70ox140o-ip65\\\/#primaryimage\"},\"thumbnailUrl\":\"https:\\\/\\\/starlediluminacion.com\\\/wp-content\\\/uploads\\\/2025\\\/10\\\/farola-led-solar-sunlight-pro400-smd5050-160lmw-control-remoto-70ox140o-ip65.jpg\",\"datePublished\":\"2025-10-17T11:13:05+00:00\",\"dateModified\":\"2025-10-17T11:16:53+00:00\",\"breadcrumb\":{\"@id\":\"https:\\\/\\\/starlediluminacion.com\\\/producto\\\/farola-led-solar-sunlight-pro400-smd5050-160lm-w-control-remoto-70ox140o-ip65\\\/#breadcrumb\"},\"inLanguage\":\"en-US\",\"potentialAction\":[{\"@type\":\"ReadAction\",\"target\":[\"https:\\\/\\\/starlediluminacion.com\\\/producto\\\/farola-led-solar-sunlight-pro400-smd5050-160lm-w-control-remoto-70ox140o-ip65\\\/\"]}]},{\"@type\":\"ImageObject\",\"inLanguage\":\"en-US\",\"@id\":\"https:\\\/\\\/starlediluminacion.com\\\/producto\\\/farola-led-solar-sunlight-pro400-smd5050-160lm-w-control-remoto-70ox140o-ip65\\\/#primaryimage\",\"url\":\"https:\\\/\\\/starlediluminacion.com\\\/wp-content\\\/uploads\\\/2025\\\/10\\\/farola-led-solar-sunlight-pro400-smd5050-160lmw-control-remoto-70ox140o-ip65.jpg\",\"contentUrl\":\"https:\\\/\\\/starlediluminacion.com\\\/wp-content\\\/uploads\\\/2025\\\/10\\\/farola-led-solar-sunlight-pro400-smd5050-160lmw-control-remoto-70ox140o-ip65.jpg\",\"width\":744,\"height\":800},{\"@type\":\"BreadcrumbList\",\"@id\":\"https:\\\/\\\/starlediluminacion.com\\\/producto\\\/farola-led-solar-sunlight-pro400-smd5050-160lm-w-control-remoto-70ox140o-ip65\\\/#breadcrumb\",\"itemListElement\":[{\"@type\":\"ListItem\",\"position\":1,\"name\":\"Portada\",\"item\":\"https:\\\/\\\/starlediluminacion.com\\\/\"},{\"@type\":\"ListItem\",\"position\":2,\"name\":\"Shop\",\"item\":\"https:\\\/\\\/starlediluminacion.com\\\/shop-2\\\/\"},{\"@type\":\"ListItem\",\"position\":3,\"name\":\"Farola LED Solar SUNLIGHT PRO400 |SMD5050 160Lm\\\/W |Control Remoto | 70\u00bax140\u00ba |IP65\"}]},{\"@type\":\"WebSite\",\"@id\":\"https:\\\/\\\/starlediluminacion.com\\\/#website\",\"url\":\"https:\\\/\\\/starlediluminacion.com\\\/\",\"name\":\"STARLED Iluminacion\",\"description\":\"\",\"potentialAction\":[{\"@type\":\"SearchAction\",\"target\":{\"@type\":\"EntryPoint\",\"urlTemplate\":\"https:\\\/\\\/starlediluminacion.com\\\/?s={search_term_string}\"},\"query-input\":{\"@type\":\"PropertyValueSpecification\",\"valueRequired\":true,\"valueName\":\"search_term_string\"}}],\"inLanguage\":\"en-US\"}]}<\/script>\n<!-- \/ Yoast SEO plugin. -->","yoast_head_json":{"title":"Farola LED Solar SUNLIGHT PRO400 |SMD5050 160Lm\/W |Control Remoto | 70\u00bax140\u00ba |IP65 - STARLED Iluminacion","robots":{"index":"index","follow":"follow","max-snippet":"max-snippet:-1","max-image-preview":"max-image-preview:large","max-video-preview":"max-video-preview:-1"},"canonical":"https:\/\/starlediluminacion.com\/en\/product\/farola-led-solar-sunlight-pro400-smd5050-160lm-w-control-remoto-70ox140o-ip65\/","og_locale":"en_US","og_type":"article","og_title":"Farola LED Solar SUNLIGHT PRO400 |SMD5050 160Lm\/W |Control Remoto | 70\u00bax140\u00ba |IP65 - STARLED Iluminacion","og_description":"Referencia: SLSSL400-CW-91440      La\u00a0Farola LED Solar SUNLIGHT\u00a0PRO400 GXTronic\u00a0es la soluci\u00f3n ideal para el alumbrado eficiente de todo tipo de v\u00edas, sin necesidad de conexi\u00f3n el\u00e9ctrica. Equipada con LED SMD5050 160 lm\/W, un\u00a0panel solar monocristalino de 45W\u00a0y una potente\u00a0bater\u00eda de litio de 40.000 mAh (3.2V), ofrece encendido autom\u00e1tico al anochecer y apagado al amanecer. Su\u00a0\u00f3ptica asim\u00e9trica de 70\u00bax140\u00ba\u00a0garantiza una distribuci\u00f3n uniforme de la luz (6500K), mientras que el\u00a0control remoto incluido\u00a0permite programar distintos modos de funcionamiento. Una luminaria\u00a0aut\u00f3noma, inteligente y lista para instalar\u00a0en calles, caminos, parques y zonas sin acceso a red el\u00e9ctrica.","og_url":"https:\/\/starlediluminacion.com\/en\/product\/farola-led-solar-sunlight-pro400-smd5050-160lm-w-control-remoto-70ox140o-ip65\/","og_site_name":"STARLED Iluminacion","article_modified_time":"2025-10-17T11:16:53+00:00","og_image":[{"width":744,"height":800,"url":"https:\/\/starlediluminacion.com\/wp-content\/uploads\/2025\/10\/farola-led-solar-sunlight-pro400-smd5050-160lmw-control-remoto-70ox140o-ip65.jpg","type":"image\/jpeg"}],"twitter_card":"summary_large_image","twitter_misc":{"Est. reading time":"3 minutes"},"schema":{"@context":"https:\/\/schema.org","@graph":[{"@type":"WebPage","@id":"https:\/\/starlediluminacion.com\/producto\/farola-led-solar-sunlight-pro400-smd5050-160lm-w-control-remoto-70ox140o-ip65\/","url":"https:\/\/starlediluminacion.com\/producto\/farola-led-solar-sunlight-pro400-smd5050-160lm-w-control-remoto-70ox140o-ip65\/","name":"Farola LED Solar SUNLIGHT PRO400 |SMD5050 160Lm\/W |Control Remoto | 70\u00bax140\u00ba |IP65 - STARLED Iluminacion","isPartOf":{"@id":"https:\/\/starlediluminacion.com\/#website"},"primaryImageOfPage":{"@id":"https:\/\/starlediluminacion.com\/producto\/farola-led-solar-sunlight-pro400-smd5050-160lm-w-control-remoto-70ox140o-ip65\/#primaryimage"},"image":{"@id":"https:\/\/starlediluminacion.com\/producto\/farola-led-solar-sunlight-pro400-smd5050-160lm-w-control-remoto-70ox140o-ip65\/#primaryimage"},"thumbnailUrl":"https:\/\/starlediluminacion.com\/wp-content\/uploads\/2025\/10\/farola-led-solar-sunlight-pro400-smd5050-160lmw-control-remoto-70ox140o-ip65.jpg","datePublished":"2025-10-17T11:13:05+00:00","dateModified":"2025-10-17T11:16:53+00:00","breadcrumb":{"@id":"https:\/\/starlediluminacion.com\/producto\/farola-led-solar-sunlight-pro400-smd5050-160lm-w-control-remoto-70ox140o-ip65\/#breadcrumb"},"inLanguage":"en-US","potentialAction":[{"@type":"ReadAction","target":["https:\/\/starlediluminacion.com\/producto\/farola-led-solar-sunlight-pro400-smd5050-160lm-w-control-remoto-70ox140o-ip65\/"]}]},{"@type":"ImageObject","inLanguage":"en-US","@id":"https:\/\/starlediluminacion.com\/producto\/farola-led-solar-sunlight-pro400-smd5050-160lm-w-control-remoto-70ox140o-ip65\/#primaryimage","url":"https:\/\/starlediluminacion.com\/wp-content\/uploads\/2025\/10\/farola-led-solar-sunlight-pro400-smd5050-160lmw-control-remoto-70ox140o-ip65.jpg","contentUrl":"https:\/\/starlediluminacion.com\/wp-content\/uploads\/2025\/10\/farola-led-solar-sunlight-pro400-smd5050-160lmw-control-remoto-70ox140o-ip65.jpg","width":744,"height":800},{"@type":"BreadcrumbList","@id":"https:\/\/starlediluminacion.com\/producto\/farola-led-solar-sunlight-pro400-smd5050-160lm-w-control-remoto-70ox140o-ip65\/#breadcrumb","itemListElement":[{"@type":"ListItem","position":1,"name":"Portada","item":"https:\/\/starlediluminacion.com\/"},{"@type":"ListItem","position":2,"name":"Shop","item":"https:\/\/starlediluminacion.com\/shop-2\/"},{"@type":"ListItem","position":3,"name":"Farola LED Solar SUNLIGHT PRO400 |SMD5050 160Lm\/W |Control Remoto | 70\u00bax140\u00ba |IP65"}]},{"@type":"WebSite","@id":"https:\/\/starlediluminacion.com\/#website","url":"https:\/\/starlediluminacion.com\/","name":"STARLED Iluminacion","description":"","potentialAction":[{"@type":"SearchAction","target":{"@type":"EntryPoint","urlTemplate":"https:\/\/starlediluminacion.com\/?s={search_term_string}"},"query-input":{"@type":"PropertyValueSpecification","valueRequired":true,"valueName":"search_term_string"}}],"inLanguage":"en-US"}]}},"_links":{"self":[{"href":"https:\/\/starlediluminacion.com\/en\/wp-json\/wp\/v3\/product\/43769","targetHints":{"allow":["GET"]}}],"collection":[{"href":"https:\/\/starlediluminacion.com\/en\/wp-json\/wp\/v3\/product"}],"about":[{"href":"https:\/\/starlediluminacion.com\/en\/wp-json\/wp\/v2\/types\/product"}],"wp:featuredmedia":[{"embeddable":true,"href":"https:\/\/starlediluminacion.com\/en\/wp-json\/wp\/v2\/media\/43781"}],"wp:attachment":[{"href":"https:\/\/starlediluminacion.com\/en\/wp-json\/wp\/v2\/media?parent=43769"}],"wp:term":[{"taxonomy":"product_cat","embeddable":true,"href":"https:\/\/starlediluminacion.com\/en\/wp-json\/wp\/v2\/product_cat?post=43769"},{"taxonomy":"product_tag","embeddable":true,"href":"https:\/\/starlediluminacion.com\/en\/wp-json\/wp\/v2\/product_tag?post=43769"}],"curies":[{"name":"wp","href":"https:\/\/api.w.org\/{rel}","templated":true}]}}