{"id":15531,"date":"2025-03-16T18:34:12","date_gmt":"2025-03-16T18:34:12","guid":{"rendered":"https:\/\/starlediluminacion.com\/?post_type=product&#038;p=15531"},"modified":"2025-06-01T08:20:47","modified_gmt":"2025-06-01T08:20:47","slug":"aplique-de-techo-orientable-leiden-blanco-para-1-lampara-gu10","status":"publish","type":"product","link":"https:\/\/starlediluminacion.com\/en\/product\/aplique-de-techo-orientable-leiden-blanco-para-1-lampara-gu10\/","title":{"rendered":"<p>Aplique de techo Orientable &ndash; LEIDEN BLANCO &ndash; para 1 L&aacute;mpara GU10<\/p>"},"content":{"rendered":"<h1>Aplique de techo Orientable &ndash; LEIDEN BLANCO &ndash; para 1 L&aacute;mpara GU10<h1><\/h1><p>The&nbsp;<strong>Adjustable ceiling light for 1 GU10 bulb,&nbsp;<\/strong>made of iron + ABS<strong>,<\/strong>&nbsp;is an elegant and functional lighting solution designed to cover a wide range of needs in commercial, cultural and professional environments. made of high quality iron + ABS, this spotlight combines strength and lightness with a minimalist design that integrates perfectly into any space.<\/p><h3><strong>Main Features<\/strong><\/h3><ul>\n<li><strong>Compatibility with GU10 bulbs:<\/strong>&nbsp;It offers the flexibility to choose the most suitable bulb according to the user's needs. You can choose warm, neutral or cool light to customize the atmosphere (bulb not included).<\/li>\n<li><strong>Variable light angle:<\/strong>&nbsp;Available in models with different opening angles to suit various lighting applications. From narrow angles to highlight specific details to wider angles for uniform general illumination.<\/li>\n<li><strong>Adjustable orientation:<\/strong>&nbsp;This spotlight is fully adjustable, allowing the light to be directed in any direction. This is especially useful for changing the lighting according to the needs of the space or the products on display.<\/li>\n<li><strong>Easy installation:<\/strong>&nbsp;Its single-phase design and lightweight structure facilitate installation and maintenance, making it ideal for modern and functional lighting projects.<\/li>\n<\/ul><h3><strong>Uses and Applications<\/strong><\/h3><p>Thanks to its versatility and professional design, this spotlight is ideal for a wide variety of environments:<\/p><ul>\n<li><strong>Stores:<\/strong>&nbsp;Provides outstanding illumination to highlight products in showcases, shelves or display areas.<\/li>\n<li><strong>Supermarkets:<\/strong>&nbsp;Provides bright and precise illumination in fresh produce areas, aisles or retail outlets.<\/li>\n<li><strong>Shopping malls:<\/strong>&nbsp;It is perfect for illuminating common spaces and shop windows, creating a modern and attractive atmosphere.<\/li>\n<li><strong>Offices:<\/strong>&nbsp;It provides functional and comfortable light, suitable for work areas or meeting rooms.<\/li>\n<li><strong>Art galleries and museums:<\/strong>&nbsp;Ideal for highlighting artistic pieces, sculptures or exhibits with precise and high quality light.<\/li>\n<\/ul><h3><strong>Additional Advantages<\/strong><\/h3><ul>\n<li><strong>Modern style:<\/strong>&nbsp;Its discreet and elegant design makes it an ideal complement to any architectural project.<\/li>\n<li><strong>Durability:<\/strong>&nbsp;made of iron + ABS, ensures wear resistance and a long service life.<\/li>\n<li><strong>Flexibility in lighting projects:<\/strong>&nbsp;It allows to create both cozy atmospheres and high-performance technical lighting.<\/li>\n<\/ul><h3><strong>Important Note<\/strong><\/h3><p>This product&nbsp;<strong>bulb not included<\/strong>This gives the user the freedom to customize the lighting according to their specific preferences and needs.<\/p><h3 class=\"h6\">Product Data Sheet<\/h3><dl class=\"data-sheet\">\n<dt class=\"name\"><img loading=\"lazy\" decoding=\"async\" src=\"https:\/\/www.factorled.com\/modules\/oa_features\/img\/2-default.jpg\" width=\"32\" height=\"32\">&nbsp;REFERENCE<\/dt>\n<dd class=\"value\">SPB-91341<\/dd>\n<dt class=\"name\"><img loading=\"lazy\" decoding=\"async\" src=\"https:\/\/www.factorled.com\/modules\/oa_features\/img\/25-default.jpg\" width=\"32\" height=\"32\">&nbsp;Building Material<\/dt>\n<dd class=\"value\">Steel + ABS<\/dd>\n<dt class=\"name\"><img loading=\"lazy\" decoding=\"async\" src=\"https:\/\/www.factorled.com\/modules\/oa_features\/img\/14-default.jpg\" width=\"32\" height=\"32\">&nbsp;Cap<\/dt>\n<dd class=\"value\">GU10<\/dd>\n<dt class=\"name\"><img loading=\"lazy\" decoding=\"async\" src=\"https:\/\/www.factorled.com\/modules\/oa_features\/img\/15-default.jpg\" width=\"32\" height=\"32\">&nbsp;Certificates<\/dt>\n<dd class=\"value\">CE, CMIM, RoHS<\/dd>\n<dt class=\"name\"><img loading=\"lazy\" decoding=\"async\" src=\"https:\/\/www.factorled.com\/modules\/oa_features\/img\/16-default.jpg\" width=\"32\" height=\"32\">&nbsp;IP rating<\/dt>\n<dd class=\"value\">IP20<\/dd>\n<dt class=\"name\"><img loading=\"lazy\" decoding=\"async\" src=\"https:\/\/www.factorled.com\/modules\/oa_features\/img\/18-default.jpg\" width=\"32\" height=\"32\">&nbsp;Dimensions (mm)<\/dt>\n<dd class=\"value\">54mm x 181mm<\/dd>\n<dt class=\"name\"><img loading=\"lazy\" decoding=\"async\" src=\"https:\/\/www.factorled.com\/modules\/oa_features\/img\/75-default.jpg\" width=\"32\" height=\"32\">&nbsp;Warranty years<\/dt>\n<dd class=\"value\">3<\/dd>\n<dt class=\"name\"><img loading=\"lazy\" decoding=\"async\" src=\"https:\/\/www.factorled.com\/modules\/oa_features\/img\/103-default.jpg\" width=\"32\" height=\"32\">&nbsp;Body color<\/dt>\n<dd class=\"value\">Black<\/dd>\n<dt class=\"name\"><img loading=\"lazy\" decoding=\"async\" src=\"https:\/\/www.factorled.com\/modules\/oa_features\/img\/133-default.jpg\" width=\"32\" height=\"32\">&nbsp;Units per masterbox<\/dt>\n<dd class=\"value\">50<\/dd>\n<\/dl><\/h1>","protected":false},"excerpt":{"rendered":"<div class=\"product-reference\"><strong><label class=\"label\">Reference:<\/label> SLSPW-91342<\/strong>\n<div><\/div>\n<div class=\"product-description-short\">\n<div id=\"product-description-short-3813\">\n<p><b>Adjustable ceiling light for 1 GU10 bulb,&nbsp;<\/b>combines versatility and functional design. Its easy installation and orientable capacity allow you to direct the light in any direction, ideal for adapting the lighting according to your needs. Ideal for reading corners, shop windows or product presentations, a practical and elegant solution to highlight your spaces!<\/p>\n<\/div>\n<\/div><\/div>","protected":false},"featured_media":15539,"template":"","meta":{"site-sidebar-layout":"default","site-content-layout":"default","ast-global-header-display":"","ast-main-header-display":"","ast-hfb-above-header-display":"","ast-hfb-below-header-display":"","ast-hfb-mobile-header-display":"","site-post-title":"","ast-breadcrumbs-content":"","ast-featured-img":"","footer-sml-layout":"","theme-transparent-header-meta":"default","adv-header-id-meta":"","stick-header-meta":"","header-above-stick-meta":"","header-main-stick-meta":"","header-below-stick-meta":""},"product_cat":[36,65],"product_tag":[],"class_list":["post-15531","product","type-product","status-publish","has-post-thumbnail","hentry","product_cat-apliques-led-y-decoracion","product_cat-decoracion-led"],"yoast_head":"<!-- This site is optimized with the Yoast SEO plugin v27.4 - https:\/\/yoast.com\/product\/yoast-seo-wordpress\/ -->\n<title>Aplique de techo Orientable - LEIDEN BLANCO - para 1 L\u00e1mpara GU10 - STARLED Iluminacion<\/title>\n<meta name=\"robots\" content=\"index, follow, max-snippet:-1, max-image-preview:large, max-video-preview:-1\" \/>\n<link rel=\"canonical\" href=\"https:\/\/starlediluminacion.com\/en\/product\/aplique-de-techo-orientable-leiden-blanco-para-1-lampara-gu10\/\" \/>\n<meta property=\"og:locale\" content=\"en_US\" \/>\n<meta property=\"og:type\" content=\"article\" \/>\n<meta property=\"og:title\" content=\"Aplique de techo Orientable - LEIDEN BLANCO - para 1 L\u00e1mpara GU10 - STARLED Iluminacion\" \/>\n<meta property=\"og:description\" content=\"Referencia: SLSPW-91342      Aplique de techo orientable para 1 Bombilla GU10,\u00a0combina versatilidad y dise\u00f1o funcional. Su f\u00e1cil instalaci\u00f3n y capacidad orientable permiten dirigir la luz en cualquier direcci\u00f3n, ideal para adaptar la iluminaci\u00f3n seg\u00fan tus necesidades. Ideal para rincones de lectura, escaparates o presentaciones de productos. \u00a1Una soluci\u00f3n pr\u00e1ctica y elegante para destacar tus espacios!\" \/>\n<meta property=\"og:url\" content=\"https:\/\/starlediluminacion.com\/en\/product\/aplique-de-techo-orientable-leiden-blanco-para-1-lampara-gu10\/\" \/>\n<meta property=\"og:site_name\" content=\"STARLED Iluminacion\" \/>\n<meta property=\"article:modified_time\" content=\"2025-06-01T08:20:47+00:00\" \/>\n<meta property=\"og:image\" content=\"https:\/\/starlediluminacion.com\/wp-content\/uploads\/2025\/03\/aplique-de-techo-orientable-leiden-negro-para-1-lampara-gu10-10.jpg\" \/>\n\t<meta property=\"og:image:width\" content=\"744\" \/>\n\t<meta property=\"og:image:height\" content=\"800\" \/>\n\t<meta property=\"og:image:type\" content=\"image\/jpeg\" \/>\n<meta name=\"twitter:card\" content=\"summary_large_image\" \/>\n<meta name=\"twitter:label1\" content=\"Est. reading time\" \/>\n\t<meta name=\"twitter:data1\" content=\"2 minutes\" \/>\n<script type=\"application\/ld+json\" class=\"yoast-schema-graph\">{\"@context\":\"https:\\\/\\\/schema.org\",\"@graph\":[{\"@type\":\"WebPage\",\"@id\":\"https:\\\/\\\/starlediluminacion.com\\\/producto\\\/aplique-de-techo-orientable-leiden-blanco-para-1-lampara-gu10\\\/\",\"url\":\"https:\\\/\\\/starlediluminacion.com\\\/producto\\\/aplique-de-techo-orientable-leiden-blanco-para-1-lampara-gu10\\\/\",\"name\":\"Aplique de techo Orientable - LEIDEN BLANCO - para 1 L\u00e1mpara GU10 - STARLED Iluminacion\",\"isPartOf\":{\"@id\":\"https:\\\/\\\/starlediluminacion.com\\\/#website\"},\"primaryImageOfPage\":{\"@id\":\"https:\\\/\\\/starlediluminacion.com\\\/producto\\\/aplique-de-techo-orientable-leiden-blanco-para-1-lampara-gu10\\\/#primaryimage\"},\"image\":{\"@id\":\"https:\\\/\\\/starlediluminacion.com\\\/producto\\\/aplique-de-techo-orientable-leiden-blanco-para-1-lampara-gu10\\\/#primaryimage\"},\"thumbnailUrl\":\"https:\\\/\\\/starlediluminacion.com\\\/wp-content\\\/uploads\\\/2025\\\/03\\\/aplique-de-techo-orientable-leiden-negro-para-1-lampara-gu10-10.jpg\",\"datePublished\":\"2025-03-16T18:34:12+00:00\",\"dateModified\":\"2025-06-01T08:20:47+00:00\",\"breadcrumb\":{\"@id\":\"https:\\\/\\\/starlediluminacion.com\\\/producto\\\/aplique-de-techo-orientable-leiden-blanco-para-1-lampara-gu10\\\/#breadcrumb\"},\"inLanguage\":\"en-US\",\"potentialAction\":[{\"@type\":\"ReadAction\",\"target\":[\"https:\\\/\\\/starlediluminacion.com\\\/producto\\\/aplique-de-techo-orientable-leiden-blanco-para-1-lampara-gu10\\\/\"]}]},{\"@type\":\"ImageObject\",\"inLanguage\":\"en-US\",\"@id\":\"https:\\\/\\\/starlediluminacion.com\\\/producto\\\/aplique-de-techo-orientable-leiden-blanco-para-1-lampara-gu10\\\/#primaryimage\",\"url\":\"https:\\\/\\\/starlediluminacion.com\\\/wp-content\\\/uploads\\\/2025\\\/03\\\/aplique-de-techo-orientable-leiden-negro-para-1-lampara-gu10-10.jpg\",\"contentUrl\":\"https:\\\/\\\/starlediluminacion.com\\\/wp-content\\\/uploads\\\/2025\\\/03\\\/aplique-de-techo-orientable-leiden-negro-para-1-lampara-gu10-10.jpg\",\"width\":744,\"height\":800},{\"@type\":\"BreadcrumbList\",\"@id\":\"https:\\\/\\\/starlediluminacion.com\\\/producto\\\/aplique-de-techo-orientable-leiden-blanco-para-1-lampara-gu10\\\/#breadcrumb\",\"itemListElement\":[{\"@type\":\"ListItem\",\"position\":1,\"name\":\"Portada\",\"item\":\"https:\\\/\\\/starlediluminacion.com\\\/\"},{\"@type\":\"ListItem\",\"position\":2,\"name\":\"Shop\",\"item\":\"https:\\\/\\\/starlediluminacion.com\\\/shop-2\\\/\"},{\"@type\":\"ListItem\",\"position\":3,\"name\":\"Aplique de techo Orientable &#8211; LEIDEN BLANCO &#8211; para 1 L\u00e1mpara GU10\"}]},{\"@type\":\"WebSite\",\"@id\":\"https:\\\/\\\/starlediluminacion.com\\\/#website\",\"url\":\"https:\\\/\\\/starlediluminacion.com\\\/\",\"name\":\"STARLED Iluminacion\",\"description\":\"\",\"potentialAction\":[{\"@type\":\"SearchAction\",\"target\":{\"@type\":\"EntryPoint\",\"urlTemplate\":\"https:\\\/\\\/starlediluminacion.com\\\/?s={search_term_string}\"},\"query-input\":{\"@type\":\"PropertyValueSpecification\",\"valueRequired\":true,\"valueName\":\"search_term_string\"}}],\"inLanguage\":\"en-US\"}]}<\/script>\n<!-- \/ Yoast SEO plugin. -->","yoast_head_json":{"title":"Aplique de techo Orientable - LEIDEN BLANCO - para 1 L\u00e1mpara GU10 - STARLED Iluminacion","robots":{"index":"index","follow":"follow","max-snippet":"max-snippet:-1","max-image-preview":"max-image-preview:large","max-video-preview":"max-video-preview:-1"},"canonical":"https:\/\/starlediluminacion.com\/en\/product\/aplique-de-techo-orientable-leiden-blanco-para-1-lampara-gu10\/","og_locale":"en_US","og_type":"article","og_title":"Aplique de techo Orientable - LEIDEN BLANCO - para 1 L\u00e1mpara GU10 - STARLED Iluminacion","og_description":"Referencia: SLSPW-91342      Aplique de techo orientable para 1 Bombilla GU10,\u00a0combina versatilidad y dise\u00f1o funcional. Su f\u00e1cil instalaci\u00f3n y capacidad orientable permiten dirigir la luz en cualquier direcci\u00f3n, ideal para adaptar la iluminaci\u00f3n seg\u00fan tus necesidades. Ideal para rincones de lectura, escaparates o presentaciones de productos. \u00a1Una soluci\u00f3n pr\u00e1ctica y elegante para destacar tus espacios!","og_url":"https:\/\/starlediluminacion.com\/en\/product\/aplique-de-techo-orientable-leiden-blanco-para-1-lampara-gu10\/","og_site_name":"STARLED Iluminacion","article_modified_time":"2025-06-01T08:20:47+00:00","og_image":[{"width":744,"height":800,"url":"https:\/\/starlediluminacion.com\/wp-content\/uploads\/2025\/03\/aplique-de-techo-orientable-leiden-negro-para-1-lampara-gu10-10.jpg","type":"image\/jpeg"}],"twitter_card":"summary_large_image","twitter_misc":{"Est. reading time":"2 minutes"},"schema":{"@context":"https:\/\/schema.org","@graph":[{"@type":"WebPage","@id":"https:\/\/starlediluminacion.com\/producto\/aplique-de-techo-orientable-leiden-blanco-para-1-lampara-gu10\/","url":"https:\/\/starlediluminacion.com\/producto\/aplique-de-techo-orientable-leiden-blanco-para-1-lampara-gu10\/","name":"Aplique de techo Orientable - LEIDEN BLANCO - para 1 L\u00e1mpara GU10 - STARLED Iluminacion","isPartOf":{"@id":"https:\/\/starlediluminacion.com\/#website"},"primaryImageOfPage":{"@id":"https:\/\/starlediluminacion.com\/producto\/aplique-de-techo-orientable-leiden-blanco-para-1-lampara-gu10\/#primaryimage"},"image":{"@id":"https:\/\/starlediluminacion.com\/producto\/aplique-de-techo-orientable-leiden-blanco-para-1-lampara-gu10\/#primaryimage"},"thumbnailUrl":"https:\/\/starlediluminacion.com\/wp-content\/uploads\/2025\/03\/aplique-de-techo-orientable-leiden-negro-para-1-lampara-gu10-10.jpg","datePublished":"2025-03-16T18:34:12+00:00","dateModified":"2025-06-01T08:20:47+00:00","breadcrumb":{"@id":"https:\/\/starlediluminacion.com\/producto\/aplique-de-techo-orientable-leiden-blanco-para-1-lampara-gu10\/#breadcrumb"},"inLanguage":"en-US","potentialAction":[{"@type":"ReadAction","target":["https:\/\/starlediluminacion.com\/producto\/aplique-de-techo-orientable-leiden-blanco-para-1-lampara-gu10\/"]}]},{"@type":"ImageObject","inLanguage":"en-US","@id":"https:\/\/starlediluminacion.com\/producto\/aplique-de-techo-orientable-leiden-blanco-para-1-lampara-gu10\/#primaryimage","url":"https:\/\/starlediluminacion.com\/wp-content\/uploads\/2025\/03\/aplique-de-techo-orientable-leiden-negro-para-1-lampara-gu10-10.jpg","contentUrl":"https:\/\/starlediluminacion.com\/wp-content\/uploads\/2025\/03\/aplique-de-techo-orientable-leiden-negro-para-1-lampara-gu10-10.jpg","width":744,"height":800},{"@type":"BreadcrumbList","@id":"https:\/\/starlediluminacion.com\/producto\/aplique-de-techo-orientable-leiden-blanco-para-1-lampara-gu10\/#breadcrumb","itemListElement":[{"@type":"ListItem","position":1,"name":"Portada","item":"https:\/\/starlediluminacion.com\/"},{"@type":"ListItem","position":2,"name":"Shop","item":"https:\/\/starlediluminacion.com\/shop-2\/"},{"@type":"ListItem","position":3,"name":"Aplique de techo Orientable &#8211; LEIDEN BLANCO &#8211; para 1 L\u00e1mpara GU10"}]},{"@type":"WebSite","@id":"https:\/\/starlediluminacion.com\/#website","url":"https:\/\/starlediluminacion.com\/","name":"STARLED Iluminacion","description":"","potentialAction":[{"@type":"SearchAction","target":{"@type":"EntryPoint","urlTemplate":"https:\/\/starlediluminacion.com\/?s={search_term_string}"},"query-input":{"@type":"PropertyValueSpecification","valueRequired":true,"valueName":"search_term_string"}}],"inLanguage":"en-US"}]}},"_links":{"self":[{"href":"https:\/\/starlediluminacion.com\/en\/wp-json\/wp\/v3\/product\/15531","targetHints":{"allow":["GET"]}}],"collection":[{"href":"https:\/\/starlediluminacion.com\/en\/wp-json\/wp\/v3\/product"}],"about":[{"href":"https:\/\/starlediluminacion.com\/en\/wp-json\/wp\/v2\/types\/product"}],"wp:featuredmedia":[{"embeddable":true,"href":"https:\/\/starlediluminacion.com\/en\/wp-json\/wp\/v2\/media\/15539"}],"wp:attachment":[{"href":"https:\/\/starlediluminacion.com\/en\/wp-json\/wp\/v2\/media?parent=15531"}],"wp:term":[{"taxonomy":"product_cat","embeddable":true,"href":"https:\/\/starlediluminacion.com\/en\/wp-json\/wp\/v2\/product_cat?post=15531"},{"taxonomy":"product_tag","embeddable":true,"href":"https:\/\/starlediluminacion.com\/en\/wp-json\/wp\/v2\/product_tag?post=15531"}],"curies":[{"name":"wp","href":"https:\/\/api.w.org\/{rel}","templated":true}]}}