{"id":14807,"date":"2024-10-27T10:09:03","date_gmt":"2024-10-27T10:09:03","guid":{"rendered":"https:\/\/starlediluminacion.com\/?post_type=product&#038;p=14807"},"modified":"2025-03-16T11:19:41","modified_gmt":"2025-03-16T11:19:41","slug":"plafon-downlight-led-circular-bonn-blanco-potencia-ajustable-18w-16w-14w-12w-5cct-smd2835-140lm-w-ip44","status":"publish","type":"product","link":"https:\/\/starlediluminacion.com\/en\/product\/plafon-downlight-led-circular-bonn-blanco-potencia-ajustable-18w-16w-14w-12w-5cct-smd2835-140lm-w-ip44\/","title":{"rendered":"<p>Ceiling + Downlight LED - Circular - BONN White - Adjustable Power 18W - 16W - 14W - 12W - 5CCT - SMD2835 140Lm\/W - IP44<\/p>"},"content":{"rendered":"<h1>Ceiling + Downlight LED - Circular - BONN White - Adjustable Power 18W - 16W - 14W - 12W - 5CCT - SMD2835 140Lm\/W - IP44<p>&nbsp;<\/p><p>The&nbsp;<strong>Ceiling + Downlight LED Circular BONN<\/strong>&nbsp;is much more than just a luminaire; it is a comprehensive lighting solution designed to meet the highest demands for functionality, energy efficiency and modern design. With its&nbsp;<strong>power adjustability<\/strong>&nbsp;y&nbsp;<strong>color temperature<\/strong>combined with its&nbsp;<strong>high brightness<\/strong>&nbsp;and durability, it is the perfect choice for any space looking for superior quality lighting.<\/p><h3><strong>Adjustability in Power and 5CCT Color Temperature:<\/strong><\/h3><p>One of the most outstanding aspects of this product is its&nbsp;<strong>multi-power and color temperature selection system<\/strong>This makes it an extremely versatile luminaire. The fact that you can choose from several configurations in one fixture allows you to reduce your inventory of different products and have several options available in one fixture.<\/p><p>Thanks to its&nbsp;<strong>selector 5CCT<\/strong>&nbsp;located at the back, you can adjust the shade of the light to perfectly match each space. From the&nbsp;<strong>Warm White<\/strong>&nbsp;(2700K), ideal for creating a cozy atmosphere in living rooms, to the&nbsp;<strong>Cold White<\/strong>&nbsp;(6000K), perfect for spaces where bright, stimulating light is needed, such as offices or work areas. Each color temperature setting provides a visual experience suitable for different lighting needs.<\/p><h3><strong>Exceptional light output:<\/strong><\/h3><p>Equipped with&nbsp;<strong>140Lm\/W SMD2835 diodes<\/strong>this ceiling + downlight guarantees an excellent&nbsp;<strong>luminous efficacy<\/strong>The 120\u00b0 aperture angle is ideal for providing uniform illumination in any environment, from homes to shops and offices, with an outstanding ability to illuminate large areas with a soft but effective light. The 120\u00b0 aperture angle is ideal for providing uniform illumination in any environment, from homes to stores and offices, with an outstanding ability to illuminate large areas with a soft but effective light.<\/p><p>In addition, the&nbsp;<strong>color quality and longevity<\/strong>&nbsp;of these SMD2835 diodes outperform many other types of diodes on the market, ensuring not only high quality light, but also long product life, reducing the need for frequent maintenance and replacement.<\/p><h3><strong>Modern and functional design:<\/strong><\/h3><p>The&nbsp;<strong>elegant and minimalist design<\/strong>&nbsp;BONN makes it a piece that effortlessly adapts to any style of d\u00e9cor. Its versatility allows it to be installed both as a&nbsp;<strong>recessed downlight<\/strong>&nbsp;on the ceiling, providing a clean and unobtrusive appearance, or as a&nbsp;<strong>surface ceiling<\/strong>as a functional decorative element.<\/p><p>Thanks to its&nbsp;<strong>degree of protection IP44<\/strong>BONN is resistant to moisture and dust, making it ideal for a variety of applications, including areas such as bathrooms or kitchens, where long-lasting, quality luminaires are crucial.<\/p><h3><strong>Applications and Uses:<\/strong><\/h3><p>This product can be applied in multiple environments, being a perfect choice for:<\/p><ul>\n<li><strong>Households:<\/strong>&nbsp;Ideal for creating warm and cozy atmospheres in living rooms, bedrooms and hallways.<\/li>\n<li><strong>Offices:<\/strong>&nbsp;Provides bright, concentrated light in work areas, promoting productivity.<\/li>\n<li><strong>Stores and Commercial Spaces:<\/strong>&nbsp;It illuminates products optimally, helping to highlight merchandise and attract customers with high quality light.<\/li>\n<li><strong>Hotels and Restaurants:<\/strong>&nbsp;It creates elegant and comfortable atmospheres that enhance the customer experience in these spaces.<\/li>\n<li><strong>Multipurpose Spaces:<\/strong>&nbsp;Any location requiring flexible, durable, high-performance lighting can benefit from BONN's unique features.<\/li>\n<\/ul><p>The&nbsp;<strong>Ceiling + Downlight LED Circular BONN<\/strong>in addition to all its advanced features, is&nbsp;<strong>available in Black and White colors<\/strong>This allows you to integrate it perfectly into any type of d\u00e9cor. Whether you prefer a clean and minimalist finish in white or a modern and elegant touch in black, this product adapts to your aesthetic needs.<\/p><h3 class=\"h6\">Product Data Sheet<\/h3><dl class=\"data-sheet\">\n<dt class=\"name\"><img loading=\"lazy\" decoding=\"async\" src=\"https:\/\/www.factorled.com\/modules\/oa_features\/img\/2-default.jpg\" width=\"32\" height=\"32\">&nbsp;REFERENCE<\/dt>\n<dd class=\"value\">PNRSW18W-CCT-91723<\/dd>\n<dt class=\"name\"><img loading=\"lazy\" decoding=\"async\" src=\"https:\/\/www.factorled.com\/modules\/oa_features\/img\/3-default.jpg\" width=\"32\" height=\"32\">&nbsp;Power rating<\/dt>\n<dd class=\"value\">18w<\/dd>\n<dt class=\"name\"><img loading=\"lazy\" decoding=\"async\" src=\"https:\/\/www.factorled.com\/modules\/oa_features\/img\/4-default.jpg\" width=\"32\" height=\"32\">&nbsp;Nominal Voltage<\/dt>\n<dd class=\"value\">220V-240V<\/dd>\n<dt class=\"name\"><img loading=\"lazy\" decoding=\"async\" src=\"https:\/\/www.factorled.com\/modules\/oa_features\/img\/5-default.jpg\" width=\"32\" height=\"32\">&nbsp;Light Temperature<\/dt>\n<dd class=\"value\">5CCT - 2700K-3000K-4000K-5000K-6000K<\/dd>\n<dt class=\"name\"><img loading=\"lazy\" decoding=\"async\" src=\"https:\/\/www.factorled.com\/modules\/oa_features\/img\/6-default.jpg\" width=\"32\" height=\"32\">&nbsp;CRI -Cromatic Reproduction Index<\/dt>\n<dd class=\"value\">85<\/dd>\n<dt class=\"name\"><img loading=\"lazy\" decoding=\"async\" src=\"https:\/\/www.factorled.com\/modules\/oa_features\/img\/25-default.jpg\" width=\"32\" height=\"32\">&nbsp;Building Material<\/dt>\n<dd class=\"value\">Fireproof PC<\/dd>\n<dt class=\"name\"><img loading=\"lazy\" decoding=\"async\" src=\"https:\/\/www.factorled.com\/modules\/oa_features\/img\/8-default.jpg\" width=\"32\" height=\"32\">&nbsp;Luminosity-Lm<\/dt>\n<dd class=\"value\">1800<\/dd>\n<dt class=\"name\"><img loading=\"lazy\" decoding=\"async\" src=\"https:\/\/www.factorled.com\/modules\/oa_features\/img\/9-default.jpg\" width=\"32\" height=\"32\">&nbsp;Type of LEDs<\/dt>\n<dd class=\"value\">SMD 2835<\/dd>\n<dt class=\"name\"><img loading=\"lazy\" decoding=\"async\" src=\"https:\/\/www.factorled.com\/modules\/oa_features\/img\/10-default.jpg\" width=\"32\" height=\"32\">&nbsp;Opening Angle (\u00ba)<\/dt>\n<dd class=\"value\">120\u00ba<\/dd>\n<dt class=\"name\"><img loading=\"lazy\" decoding=\"async\" src=\"https:\/\/www.factorled.com\/modules\/oa_features\/img\/12-default.jpg\" width=\"32\" height=\"32\">&nbsp;LED Diode Efficiency (Lm\/W)<\/dt>\n<dd class=\"value\">140 Lm\/W<\/dd>\n<dt class=\"name\"><img loading=\"lazy\" decoding=\"async\" src=\"https:\/\/www.factorled.com\/modules\/oa_features\/img\/13-default.jpg\" width=\"32\" height=\"32\">&nbsp;Luminous efficacy (Lm\/W)<\/dt>\n<dd class=\"value\">100 Lm\/W<\/dd>\n<dt class=\"name\"><img loading=\"lazy\" decoding=\"async\" src=\"https:\/\/www.factorled.com\/modules\/oa_features\/img\/15-default.jpg\" width=\"32\" height=\"32\">&nbsp;Certificates<\/dt>\n<dd class=\"value\">CE, CMIM, RoHS<\/dd>\n<dt class=\"name\"><img loading=\"lazy\" decoding=\"async\" src=\"https:\/\/www.factorled.com\/modules\/oa_features\/img\/16-default.jpg\" width=\"32\" height=\"32\">&nbsp;IP rating<\/dt>\n<dd class=\"value\">IP44<\/dd>\n<dt class=\"name\"><img loading=\"lazy\" decoding=\"async\" src=\"https:\/\/www.factorled.com\/modules\/oa_features\/img\/18-default.jpg\" width=\"32\" height=\"32\">&nbsp;Dimensions (mm)<\/dt>\n<dd class=\"value\">?225xH18mm<\/dd>\n<dt class=\"name\"><img loading=\"lazy\" decoding=\"async\" src=\"https:\/\/www.factorled.com\/modules\/oa_features\/img\/21-default.jpg\" width=\"32\" height=\"32\">&nbsp;Working Frequency (Hz)<\/dt>\n<dd class=\"value\">50\/60Hz<\/dd>\n<dt class=\"name\"><img loading=\"lazy\" decoding=\"async\" src=\"https:\/\/www.factorled.com\/modules\/oa_features\/img\/22-default.jpg\" width=\"32\" height=\"32\">&nbsp;Temperature Range (\u00baC)<\/dt>\n<dd class=\"value\">-20\u00b0C ~ +55\u00b0C<\/dd>\n<dt class=\"name\"><img loading=\"lazy\" decoding=\"async\" src=\"https:\/\/www.factorled.com\/modules\/oa_features\/img\/23-default.jpg\" width=\"32\" height=\"32\">&nbsp;Ignition Cycles<\/dt>\n<dd class=\"value\">100.000<\/dd>\n<dt class=\"name\"><img loading=\"lazy\" decoding=\"async\" src=\"https:\/\/www.factorled.com\/modules\/oa_features\/img\/24-default.jpg\" width=\"32\" height=\"32\">&nbsp;Start-up time (s)<\/dt>\n<dd class=\"value\">0,2s<\/dd>\n<dt class=\"name\"><img loading=\"lazy\" decoding=\"async\" src=\"https:\/\/www.factorled.com\/modules\/oa_features\/img\/27-default.jpg\" width=\"32\" height=\"32\">&nbsp;Ceiling Cutout (mm)<\/dt>\n<dd class=\"value\">?185mm<\/dd>\n<dt class=\"name\"><img loading=\"lazy\" decoding=\"async\" src=\"https:\/\/www.factorled.com\/modules\/oa_features\/img\/74-default.jpg\" width=\"32\" height=\"32\">&nbsp;Driver included<\/dt>\n<dd class=\"value\">NO FLICK DRIVER - NO FLICKER<\/dd>\n<dt class=\"name\"><img loading=\"lazy\" decoding=\"async\" src=\"https:\/\/www.factorled.com\/modules\/oa_features\/img\/7-default.jpg\" width=\"32\" height=\"32\">&nbsp;Energy Class (2021-UE-2019\/2015)<\/dt>\n<dd class=\"value\">A+<\/dd>\n<dt class=\"name\"><img loading=\"lazy\" decoding=\"async\" src=\"https:\/\/www.factorled.com\/modules\/oa_features\/img\/101-default.jpg\" width=\"32\" height=\"32\">&nbsp;Energy Class (2023 - EU-2019\/2015)<\/dt>\n<dd class=\"value\">F<\/dd>\n<dt class=\"name\"><img loading=\"lazy\" decoding=\"async\" src=\"https:\/\/www.factorled.com\/modules\/oa_features\/img\/75-default.jpg\" width=\"32\" height=\"32\">&nbsp;Warranty years<\/dt>\n<dd class=\"value\">3<\/dd>\n<\/dl><\/h1>","protected":false},"excerpt":{"rendered":"<div class=\"product-reference\"><strong><label class=\"label\">Reference:<\/label> SLPNRSW18W-CCT-91723<\/strong>\n<div><\/div>\n<div class=\"product-description-short\">\n<div id=\"product-description-short-3726\">\n<p dir=\"ltr\">The&nbsp;<strong>ceiling + Downlight LED Circular BONN<\/strong>&nbsp;is the versatile and efficient lighting solution your space needs. With&nbsp;<b>adjustable power (18W - 16W - 14W - 12W) and selectable color temperature (2700K, 3000K, 4000K, 5000K and 6000K)<\/b>adapts to any environment. Its high luminosity of&nbsp;<strong>140Lm\/W<\/strong>&nbsp;and 120\u00ba opening angle make it perfect for illuminating homes, offices or stores. In addition, its modern design and IP44 protection rating make it an ideal choice for both recessed and surface mounting, combining style and functionality.<\/p>\n<\/div>\n<\/div><\/div>","protected":false},"featured_media":14815,"template":"","meta":{"site-sidebar-layout":"default","site-content-layout":"default","ast-global-header-display":"","ast-main-header-display":"","ast-hfb-above-header-display":"","ast-hfb-below-header-display":"","ast-hfb-mobile-header-display":"","site-post-title":"","ast-breadcrumbs-content":"","ast-featured-img":"","footer-sml-layout":"","theme-transparent-header-meta":"default","adv-header-id-meta":"","stick-header-meta":"","header-above-stick-meta":"","header-main-stick-meta":"","header-below-stick-meta":""},"product_cat":[68,27],"product_tag":[],"class_list":["post-14807","product","type-product","status-publish","has-post-thumbnail","hentry","product_cat-downlight-extraplano-slim-led","product_cat-downlight-plafones-y-placas-led"],"yoast_head":"<!-- This site is optimized with the Yoast SEO plugin v27.4 - https:\/\/yoast.com\/product\/yoast-seo-wordpress\/ -->\n<title>Plaf\u00f3n + Downlight LED - Circular- BONN Blanco - Potencia Ajustable 18W - 16W - 14W - 12W - 5CCT - SMD2835 140Lm\/W - IP44 - STARLED Iluminacion<\/title>\n<meta name=\"robots\" content=\"index, follow, max-snippet:-1, max-image-preview:large, max-video-preview:-1\" \/>\n<link rel=\"canonical\" href=\"https:\/\/starlediluminacion.com\/en\/product\/plafon-downlight-led-circular-bonn-blanco-potencia-ajustable-18w-16w-14w-12w-5cct-smd2835-140lm-w-ip44\/\" \/>\n<meta property=\"og:locale\" content=\"en_US\" \/>\n<meta property=\"og:type\" content=\"article\" \/>\n<meta property=\"og:title\" content=\"Plaf\u00f3n + Downlight LED - Circular- BONN Blanco - Potencia Ajustable 18W - 16W - 14W - 12W - 5CCT - SMD2835 140Lm\/W - IP44 - STARLED Iluminacion\" \/>\n<meta property=\"og:description\" content=\"Referencia: SLPNRSW18W-CCT-91723     El\u00a0plaf\u00f3n + Downlight LED Circular BONN\u00a0es la soluci\u00f3n de iluminaci\u00f3n vers\u00e1til y eficiente que tu espacio necesita. Con\u00a0potencia ajustable (18W - 16W - 14W - 12W) y temperatura de color seleccionable (2700K,\u00a03000K, 4000K, 5000K\u00a0y 6000K), se adapta a cualquier ambiente. Su alta luminosidad de\u00a0140Lm\/W\u00a0y \u00e1ngulo de apertura de 120\u00ba lo hacen perfecto para iluminar hogares, oficinas o tiendas. Adem\u00e1s, su dise\u00f1o moderno y su grado de protecci\u00f3n IP44 lo convierten en una opci\u00f3n ideal tanto para empotrar como para instalar en superficie, combinando estilo y funcionalidad.\" \/>\n<meta property=\"og:url\" content=\"https:\/\/starlediluminacion.com\/en\/product\/plafon-downlight-led-circular-bonn-blanco-potencia-ajustable-18w-16w-14w-12w-5cct-smd2835-140lm-w-ip44\/\" \/>\n<meta property=\"og:site_name\" content=\"STARLED Iluminacion\" \/>\n<meta property=\"article:modified_time\" content=\"2025-03-16T11:19:41+00:00\" \/>\n<meta property=\"og:image\" content=\"https:\/\/starlediluminacion.com\/wp-content\/uploads\/2024\/10\/plafon-downlight-led-circular-bonn-blanco-potencia-ajustable-18w-16w-14w-12w-5cct-smd2835-140lmw-ip44.jpg\" \/>\n\t<meta property=\"og:image:width\" content=\"744\" \/>\n\t<meta property=\"og:image:height\" content=\"800\" \/>\n\t<meta property=\"og:image:type\" content=\"image\/jpeg\" \/>\n<meta name=\"twitter:card\" content=\"summary_large_image\" \/>\n<meta name=\"twitter:label1\" content=\"Est. reading time\" \/>\n\t<meta name=\"twitter:data1\" content=\"4 minutes\" \/>\n<script type=\"application\/ld+json\" class=\"yoast-schema-graph\">{\"@context\":\"https:\\\/\\\/schema.org\",\"@graph\":[{\"@type\":\"WebPage\",\"@id\":\"https:\\\/\\\/starlediluminacion.com\\\/producto\\\/plafon-downlight-led-circular-bonn-blanco-potencia-ajustable-18w-16w-14w-12w-5cct-smd2835-140lm-w-ip44\\\/\",\"url\":\"https:\\\/\\\/starlediluminacion.com\\\/producto\\\/plafon-downlight-led-circular-bonn-blanco-potencia-ajustable-18w-16w-14w-12w-5cct-smd2835-140lm-w-ip44\\\/\",\"name\":\"Plaf\u00f3n + Downlight LED - Circular- BONN Blanco - Potencia Ajustable 18W - 16W - 14W - 12W - 5CCT - SMD2835 140Lm\\\/W - IP44 - STARLED Iluminacion\",\"isPartOf\":{\"@id\":\"https:\\\/\\\/starlediluminacion.com\\\/#website\"},\"primaryImageOfPage\":{\"@id\":\"https:\\\/\\\/starlediluminacion.com\\\/producto\\\/plafon-downlight-led-circular-bonn-blanco-potencia-ajustable-18w-16w-14w-12w-5cct-smd2835-140lm-w-ip44\\\/#primaryimage\"},\"image\":{\"@id\":\"https:\\\/\\\/starlediluminacion.com\\\/producto\\\/plafon-downlight-led-circular-bonn-blanco-potencia-ajustable-18w-16w-14w-12w-5cct-smd2835-140lm-w-ip44\\\/#primaryimage\"},\"thumbnailUrl\":\"https:\\\/\\\/starlediluminacion.com\\\/wp-content\\\/uploads\\\/2024\\\/10\\\/plafon-downlight-led-circular-bonn-blanco-potencia-ajustable-18w-16w-14w-12w-5cct-smd2835-140lmw-ip44.jpg\",\"datePublished\":\"2024-10-27T10:09:03+00:00\",\"dateModified\":\"2025-03-16T11:19:41+00:00\",\"breadcrumb\":{\"@id\":\"https:\\\/\\\/starlediluminacion.com\\\/producto\\\/plafon-downlight-led-circular-bonn-blanco-potencia-ajustable-18w-16w-14w-12w-5cct-smd2835-140lm-w-ip44\\\/#breadcrumb\"},\"inLanguage\":\"en-US\",\"potentialAction\":[{\"@type\":\"ReadAction\",\"target\":[\"https:\\\/\\\/starlediluminacion.com\\\/producto\\\/plafon-downlight-led-circular-bonn-blanco-potencia-ajustable-18w-16w-14w-12w-5cct-smd2835-140lm-w-ip44\\\/\"]}]},{\"@type\":\"ImageObject\",\"inLanguage\":\"en-US\",\"@id\":\"https:\\\/\\\/starlediluminacion.com\\\/producto\\\/plafon-downlight-led-circular-bonn-blanco-potencia-ajustable-18w-16w-14w-12w-5cct-smd2835-140lm-w-ip44\\\/#primaryimage\",\"url\":\"https:\\\/\\\/starlediluminacion.com\\\/wp-content\\\/uploads\\\/2024\\\/10\\\/plafon-downlight-led-circular-bonn-blanco-potencia-ajustable-18w-16w-14w-12w-5cct-smd2835-140lmw-ip44.jpg\",\"contentUrl\":\"https:\\\/\\\/starlediluminacion.com\\\/wp-content\\\/uploads\\\/2024\\\/10\\\/plafon-downlight-led-circular-bonn-blanco-potencia-ajustable-18w-16w-14w-12w-5cct-smd2835-140lmw-ip44.jpg\",\"width\":744,\"height\":800},{\"@type\":\"BreadcrumbList\",\"@id\":\"https:\\\/\\\/starlediluminacion.com\\\/producto\\\/plafon-downlight-led-circular-bonn-blanco-potencia-ajustable-18w-16w-14w-12w-5cct-smd2835-140lm-w-ip44\\\/#breadcrumb\",\"itemListElement\":[{\"@type\":\"ListItem\",\"position\":1,\"name\":\"Portada\",\"item\":\"https:\\\/\\\/starlediluminacion.com\\\/\"},{\"@type\":\"ListItem\",\"position\":2,\"name\":\"Shop\",\"item\":\"https:\\\/\\\/starlediluminacion.com\\\/shop-2\\\/\"},{\"@type\":\"ListItem\",\"position\":3,\"name\":\"Plaf\u00f3n + Downlight LED &#8211; Circular- BONN Blanco &#8211; Potencia Ajustable 18W &#8211; 16W &#8211; 14W &#8211; 12W &#8211; 5CCT &#8211; SMD2835 140Lm\\\/W &#8211; IP44\"}]},{\"@type\":\"WebSite\",\"@id\":\"https:\\\/\\\/starlediluminacion.com\\\/#website\",\"url\":\"https:\\\/\\\/starlediluminacion.com\\\/\",\"name\":\"STARLED Iluminacion\",\"description\":\"\",\"potentialAction\":[{\"@type\":\"SearchAction\",\"target\":{\"@type\":\"EntryPoint\",\"urlTemplate\":\"https:\\\/\\\/starlediluminacion.com\\\/?s={search_term_string}\"},\"query-input\":{\"@type\":\"PropertyValueSpecification\",\"valueRequired\":true,\"valueName\":\"search_term_string\"}}],\"inLanguage\":\"en-US\"}]}<\/script>\n<!-- \/ Yoast SEO plugin. -->","yoast_head_json":{"title":"Plaf\u00f3n + Downlight LED - Circular- BONN Blanco - Potencia Ajustable 18W - 16W - 14W - 12W - 5CCT - SMD2835 140Lm\/W - IP44 - STARLED Iluminacion","robots":{"index":"index","follow":"follow","max-snippet":"max-snippet:-1","max-image-preview":"max-image-preview:large","max-video-preview":"max-video-preview:-1"},"canonical":"https:\/\/starlediluminacion.com\/en\/product\/plafon-downlight-led-circular-bonn-blanco-potencia-ajustable-18w-16w-14w-12w-5cct-smd2835-140lm-w-ip44\/","og_locale":"en_US","og_type":"article","og_title":"Plaf\u00f3n + Downlight LED - Circular- BONN Blanco - Potencia Ajustable 18W - 16W - 14W - 12W - 5CCT - SMD2835 140Lm\/W - IP44 - STARLED Iluminacion","og_description":"Referencia: SLPNRSW18W-CCT-91723     El\u00a0plaf\u00f3n + Downlight LED Circular BONN\u00a0es la soluci\u00f3n de iluminaci\u00f3n vers\u00e1til y eficiente que tu espacio necesita. Con\u00a0potencia ajustable (18W - 16W - 14W - 12W) y temperatura de color seleccionable (2700K,\u00a03000K, 4000K, 5000K\u00a0y 6000K), se adapta a cualquier ambiente. Su alta luminosidad de\u00a0140Lm\/W\u00a0y \u00e1ngulo de apertura de 120\u00ba lo hacen perfecto para iluminar hogares, oficinas o tiendas. Adem\u00e1s, su dise\u00f1o moderno y su grado de protecci\u00f3n IP44 lo convierten en una opci\u00f3n ideal tanto para empotrar como para instalar en superficie, combinando estilo y funcionalidad.","og_url":"https:\/\/starlediluminacion.com\/en\/product\/plafon-downlight-led-circular-bonn-blanco-potencia-ajustable-18w-16w-14w-12w-5cct-smd2835-140lm-w-ip44\/","og_site_name":"STARLED Iluminacion","article_modified_time":"2025-03-16T11:19:41+00:00","og_image":[{"width":744,"height":800,"url":"https:\/\/starlediluminacion.com\/wp-content\/uploads\/2024\/10\/plafon-downlight-led-circular-bonn-blanco-potencia-ajustable-18w-16w-14w-12w-5cct-smd2835-140lmw-ip44.jpg","type":"image\/jpeg"}],"twitter_card":"summary_large_image","twitter_misc":{"Est. reading time":"4 minutes"},"schema":{"@context":"https:\/\/schema.org","@graph":[{"@type":"WebPage","@id":"https:\/\/starlediluminacion.com\/producto\/plafon-downlight-led-circular-bonn-blanco-potencia-ajustable-18w-16w-14w-12w-5cct-smd2835-140lm-w-ip44\/","url":"https:\/\/starlediluminacion.com\/producto\/plafon-downlight-led-circular-bonn-blanco-potencia-ajustable-18w-16w-14w-12w-5cct-smd2835-140lm-w-ip44\/","name":"Plaf\u00f3n + Downlight LED - Circular- BONN Blanco - Potencia Ajustable 18W - 16W - 14W - 12W - 5CCT - SMD2835 140Lm\/W - IP44 - STARLED Iluminacion","isPartOf":{"@id":"https:\/\/starlediluminacion.com\/#website"},"primaryImageOfPage":{"@id":"https:\/\/starlediluminacion.com\/producto\/plafon-downlight-led-circular-bonn-blanco-potencia-ajustable-18w-16w-14w-12w-5cct-smd2835-140lm-w-ip44\/#primaryimage"},"image":{"@id":"https:\/\/starlediluminacion.com\/producto\/plafon-downlight-led-circular-bonn-blanco-potencia-ajustable-18w-16w-14w-12w-5cct-smd2835-140lm-w-ip44\/#primaryimage"},"thumbnailUrl":"https:\/\/starlediluminacion.com\/wp-content\/uploads\/2024\/10\/plafon-downlight-led-circular-bonn-blanco-potencia-ajustable-18w-16w-14w-12w-5cct-smd2835-140lmw-ip44.jpg","datePublished":"2024-10-27T10:09:03+00:00","dateModified":"2025-03-16T11:19:41+00:00","breadcrumb":{"@id":"https:\/\/starlediluminacion.com\/producto\/plafon-downlight-led-circular-bonn-blanco-potencia-ajustable-18w-16w-14w-12w-5cct-smd2835-140lm-w-ip44\/#breadcrumb"},"inLanguage":"en-US","potentialAction":[{"@type":"ReadAction","target":["https:\/\/starlediluminacion.com\/producto\/plafon-downlight-led-circular-bonn-blanco-potencia-ajustable-18w-16w-14w-12w-5cct-smd2835-140lm-w-ip44\/"]}]},{"@type":"ImageObject","inLanguage":"en-US","@id":"https:\/\/starlediluminacion.com\/producto\/plafon-downlight-led-circular-bonn-blanco-potencia-ajustable-18w-16w-14w-12w-5cct-smd2835-140lm-w-ip44\/#primaryimage","url":"https:\/\/starlediluminacion.com\/wp-content\/uploads\/2024\/10\/plafon-downlight-led-circular-bonn-blanco-potencia-ajustable-18w-16w-14w-12w-5cct-smd2835-140lmw-ip44.jpg","contentUrl":"https:\/\/starlediluminacion.com\/wp-content\/uploads\/2024\/10\/plafon-downlight-led-circular-bonn-blanco-potencia-ajustable-18w-16w-14w-12w-5cct-smd2835-140lmw-ip44.jpg","width":744,"height":800},{"@type":"BreadcrumbList","@id":"https:\/\/starlediluminacion.com\/producto\/plafon-downlight-led-circular-bonn-blanco-potencia-ajustable-18w-16w-14w-12w-5cct-smd2835-140lm-w-ip44\/#breadcrumb","itemListElement":[{"@type":"ListItem","position":1,"name":"Portada","item":"https:\/\/starlediluminacion.com\/"},{"@type":"ListItem","position":2,"name":"Shop","item":"https:\/\/starlediluminacion.com\/shop-2\/"},{"@type":"ListItem","position":3,"name":"Plaf\u00f3n + Downlight LED &#8211; Circular- BONN Blanco &#8211; Potencia Ajustable 18W &#8211; 16W &#8211; 14W &#8211; 12W &#8211; 5CCT &#8211; SMD2835 140Lm\/W &#8211; IP44"}]},{"@type":"WebSite","@id":"https:\/\/starlediluminacion.com\/#website","url":"https:\/\/starlediluminacion.com\/","name":"STARLED Iluminacion","description":"","potentialAction":[{"@type":"SearchAction","target":{"@type":"EntryPoint","urlTemplate":"https:\/\/starlediluminacion.com\/?s={search_term_string}"},"query-input":{"@type":"PropertyValueSpecification","valueRequired":true,"valueName":"search_term_string"}}],"inLanguage":"en-US"}]}},"_links":{"self":[{"href":"https:\/\/starlediluminacion.com\/en\/wp-json\/wp\/v3\/product\/14807","targetHints":{"allow":["GET"]}}],"collection":[{"href":"https:\/\/starlediluminacion.com\/en\/wp-json\/wp\/v3\/product"}],"about":[{"href":"https:\/\/starlediluminacion.com\/en\/wp-json\/wp\/v2\/types\/product"}],"wp:featuredmedia":[{"embeddable":true,"href":"https:\/\/starlediluminacion.com\/en\/wp-json\/wp\/v2\/media\/14815"}],"wp:attachment":[{"href":"https:\/\/starlediluminacion.com\/en\/wp-json\/wp\/v2\/media?parent=14807"}],"wp:term":[{"taxonomy":"product_cat","embeddable":true,"href":"https:\/\/starlediluminacion.com\/en\/wp-json\/wp\/v2\/product_cat?post=14807"},{"taxonomy":"product_tag","embeddable":true,"href":"https:\/\/starlediluminacion.com\/en\/wp-json\/wp\/v2\/product_tag?post=14807"}],"curies":[{"name":"wp","href":"https:\/\/api.w.org\/{rel}","templated":true}]}}