{"id":14581,"date":"2024-10-27T08:48:58","date_gmt":"2024-10-27T08:48:58","guid":{"rendered":"https:\/\/starlediluminacion.com\/?post_type=product&#038;p=14581"},"modified":"2025-03-16T11:16:19","modified_gmt":"2025-03-16T11:16:19","slug":"pack-regulador-triac-220v-rf-control-remoto-24ghz","status":"publish","type":"product","link":"https:\/\/starlediluminacion.com\/en\/product\/pack-regulator-triac-220v-rf-controller-remoto-24ghz\/","title":{"rendered":"<p>Pack Regulator TRIAC 220V RF + Remote Control - 2,4GHz<\/p>"},"content":{"rendered":"<h1>Pack Regulator TRIAC 220V RF + Remote Control - 2,4GHz<p>The&nbsp;<strong>Pack Dimmer TRIAC RF Push Dimmer 220V + RF Remote Control (2,4GHz)<\/strong>&nbsp;offers you total control over the lighting of your spaces. With the capacity to regulate LED luminaires of up to&nbsp;<strong>300W<\/strong>With the remote control, you can adjust the intensity and brightness precisely to create the perfect ambiance, whether in your home, office or business premises. The remote control of&nbsp;<strong>radio frequency (RF)<\/strong>&nbsp;allows you to manage the lighting from anywhere with a range of up to 30 meters. In addition, the system&nbsp;<strong>TRIAC Push Dimmer<\/strong>&nbsp;ensures smooth, flicker-free dimming via a traditional wall-mounted pushbutton.<\/p><p>This regulator is easy to install in electrical systems of&nbsp;<strong>220V<\/strong>&nbsp;and its versatility makes it ideal for upgrading or retrofitting any installation. Its combination of power, efficiency and customization makes it the perfect choice for those looking to optimize their lighting with a smart and convenient system.<\/p><p><strong>Applications and Uses:<\/strong><\/p><p>This pack is ideal for a variety of applications in both residential and commercial environments. It is perfect for those looking for a versatile and efficient lighting solution that allows for detailed control and complete customization. Whether to create a cozy atmosphere in the home, illuminate work areas effectively, or manage lighting in large spaces such as event halls or retail stores.<\/p><p>Transform your space with this advanced lighting control system and enjoy a lighting experience tailored to your needs and preferences.<\/p><h3 class=\"h6\">Product Data Sheet<\/h3><dl class=\"data-sheet\">\n<dt class=\"name\"><img loading=\"lazy\" decoding=\"async\" src=\"https:\/\/www.factorled.com\/modules\/oa_features\/img\/2-default.jpg\" width=\"32\" height=\"32\">&nbsp;REFERENCE<\/dt>\n<dd class=\"value\">PACK-TRI-C1-FUT007<\/dd>\n<dt class=\"name\"><img loading=\"lazy\" decoding=\"async\" src=\"https:\/\/www.factorled.com\/modules\/oa_features\/img\/4-default.jpg\" width=\"32\" height=\"32\">&nbsp;Nominal Voltage<\/dt>\n<dd class=\"value\">TRI-C1: 240V - :FUT007: 3V<\/dd>\n<dt class=\"name\"><img loading=\"lazy\" decoding=\"async\" src=\"https:\/\/www.factorled.com\/modules\/oa_features\/img\/5-default.jpg\" width=\"32\" height=\"32\">&nbsp;Light Temperature<\/dt>\n<dd class=\"value\">Monocolor<\/dd>\n<dt class=\"name\"><img loading=\"lazy\" decoding=\"async\" src=\"https:\/\/www.factorled.com\/modules\/oa_features\/img\/18-default.jpg\" width=\"32\" height=\"32\">&nbsp;Dimensions (mm)<\/dt>\n<dd class=\"value\">TRI-C1: 47x47x14mm | FUT007: 110 x 53 x 22mm<\/dd>\n<dt class=\"name\"><img loading=\"lazy\" decoding=\"async\" src=\"https:\/\/www.factorled.com\/modules\/oa_features\/img\/21-default.jpg\" width=\"32\" height=\"32\">&nbsp;Working Frequency (Hz)<\/dt>\n<dd class=\"value\">2.4GHz<\/dd>\n<dt class=\"name\"><img loading=\"lazy\" decoding=\"async\" src=\"https:\/\/www.factorled.com\/modules\/oa_features\/img\/22-default.jpg\" width=\"32\" height=\"32\">&nbsp;Temperature Range (\u00baC)<\/dt>\n<dd class=\"value\">-10\u00baC - 40\u00baC<\/dd>\n<dt class=\"name\"><img loading=\"lazy\" decoding=\"async\" src=\"https:\/\/www.factorled.com\/modules\/oa_features\/img\/77-default.jpg\" width=\"32\" height=\"32\">&nbsp;Reach (m)<\/dt>\n<dd class=\"value\">30m<\/dd>\n<\/dl><\/h1>","protected":false},"excerpt":{"rendered":"<div class=\"product-reference\"><strong><label class=\"label\">Reference:<\/label> SLPACK-TRI-C1-FUT007<\/strong>\n<div><\/div>\n<div class=\"product-description-short\">\n<div id=\"product-description-short-3732\">\n<p>The&nbsp;<strong>Pack&nbsp;<\/strong><strong>TRIAC RF Push Dimmer 220V TRIAC Regulator Pack<\/strong><strong>&nbsp;+ RF Remote Control (2.4GHz)<\/strong>&nbsp;offers a versatile solution for your lighting needs. The RF remote control allows you to turn lights on and off, adjust brightness and control brightness. In addition, it provides a control range of up to 30 meters, allowing you to manage your lighting fixtures from a considerable distance.<\/p>\n<\/div>\n<\/div><\/div>","protected":false},"featured_media":14588,"template":"","meta":{"site-sidebar-layout":"default","site-content-layout":"default","ast-global-header-display":"","ast-main-header-display":"","ast-hfb-above-header-display":"","ast-hfb-below-header-display":"","ast-hfb-mobile-header-display":"","site-post-title":"","ast-breadcrumbs-content":"","ast-featured-img":"","footer-sml-layout":"","theme-transparent-header-meta":"default","adv-header-id-meta":"","stick-header-meta":"","header-above-stick-meta":"","header-main-stick-meta":"","header-below-stick-meta":""},"product_cat":[93,45],"product_tag":[],"class_list":["post-14581","product","type-product","status-publish","has-post-thumbnail","hentry","product_cat-controladoras-tiras-led","product_cat-tiras-led-y-neon-flexible"],"yoast_head":"<!-- This site is optimized with the Yoast SEO plugin v27.4 - https:\/\/yoast.com\/product\/yoast-seo-wordpress\/ -->\n<title>Pack Regulador TRIAC 220V RF + Control remoto - 2,4GHz - STARLED Iluminacion<\/title>\n<meta name=\"robots\" content=\"index, follow, max-snippet:-1, max-image-preview:large, max-video-preview:-1\" \/>\n<link rel=\"canonical\" href=\"https:\/\/starlediluminacion.com\/en\/product\/pack-regulador-triac-220v-rf-controlador-remoto-24ghz\/\" \/>\n<meta property=\"og:locale\" content=\"en_US\" \/>\n<meta property=\"og:type\" content=\"article\" \/>\n<meta property=\"og:title\" content=\"Pack Regulador TRIAC 220V RF + Control remoto - 2,4GHz - STARLED Iluminacion\" \/>\n<meta property=\"og:description\" content=\"Referencia: SLPACK-TRI-C1-FUT007      El\u00a0Pack\u00a0Pack Regulador TRIAC RF Push Dimmer 220V\u00a0+ Control Remoto RF (2.4GHz)\u00a0ofrece una soluci\u00f3n vers\u00e1til para tus necesidades de iluminaci\u00f3n. El control remoto RF te permite encender y apagar las luces, ajustar la luminosidad y controlar el brillo. Adem\u00e1s, proporciona un rango de control de hasta 30 metros, lo que te permite gestionar tus dispositivos de iluminaci\u00f3n desde una distancia considerable.\" \/>\n<meta property=\"og:url\" content=\"https:\/\/starlediluminacion.com\/en\/product\/pack-regulador-triac-220v-rf-controlador-remoto-24ghz\/\" \/>\n<meta property=\"og:site_name\" content=\"STARLED Iluminacion\" \/>\n<meta property=\"article:modified_time\" content=\"2025-03-16T11:16:19+00:00\" \/>\n<meta property=\"og:image\" content=\"https:\/\/starlediluminacion.com\/wp-content\/uploads\/2024\/10\/pack-regulador-triac-220v-rf-control-remoto-24ghz.jpg\" \/>\n\t<meta property=\"og:image:width\" content=\"744\" \/>\n\t<meta property=\"og:image:height\" content=\"800\" \/>\n\t<meta property=\"og:image:type\" content=\"image\/jpeg\" \/>\n<meta name=\"twitter:card\" content=\"summary_large_image\" \/>\n<meta name=\"twitter:label1\" content=\"Est. reading time\" \/>\n\t<meta name=\"twitter:data1\" content=\"2 minutes\" \/>\n<script type=\"application\/ld+json\" class=\"yoast-schema-graph\">{\"@context\":\"https:\\\/\\\/schema.org\",\"@graph\":[{\"@type\":\"WebPage\",\"@id\":\"https:\\\/\\\/starlediluminacion.com\\\/pt\\\/product\\\/pack-regulador-triac-220v-rf-controlador-remoto-24ghz\\\/\",\"url\":\"https:\\\/\\\/starlediluminacion.com\\\/pt\\\/product\\\/pack-regulador-triac-220v-rf-controlador-remoto-24ghz\\\/\",\"name\":\"Pack Regulador TRIAC 220V RF + Control remoto - 2,4GHz - STARLED Iluminacion\",\"isPartOf\":{\"@id\":\"https:\\\/\\\/starlediluminacion.com\\\/#website\"},\"primaryImageOfPage\":{\"@id\":\"https:\\\/\\\/starlediluminacion.com\\\/pt\\\/product\\\/pack-regulador-triac-220v-rf-controlador-remoto-24ghz\\\/#primaryimage\"},\"image\":{\"@id\":\"https:\\\/\\\/starlediluminacion.com\\\/pt\\\/product\\\/pack-regulador-triac-220v-rf-controlador-remoto-24ghz\\\/#primaryimage\"},\"thumbnailUrl\":\"https:\\\/\\\/starlediluminacion.com\\\/wp-content\\\/uploads\\\/2024\\\/10\\\/pack-regulador-triac-220v-rf-control-remoto-24ghz.jpg\",\"datePublished\":\"2024-10-27T08:48:58+00:00\",\"dateModified\":\"2025-03-16T11:16:19+00:00\",\"breadcrumb\":{\"@id\":\"https:\\\/\\\/starlediluminacion.com\\\/pt\\\/product\\\/pack-regulador-triac-220v-rf-controlador-remoto-24ghz\\\/#breadcrumb\"},\"inLanguage\":\"en-US\",\"potentialAction\":[{\"@type\":\"ReadAction\",\"target\":[\"https:\\\/\\\/starlediluminacion.com\\\/pt\\\/product\\\/pack-regulador-triac-220v-rf-controlador-remoto-24ghz\\\/\"]}]},{\"@type\":\"ImageObject\",\"inLanguage\":\"en-US\",\"@id\":\"https:\\\/\\\/starlediluminacion.com\\\/pt\\\/product\\\/pack-regulador-triac-220v-rf-controlador-remoto-24ghz\\\/#primaryimage\",\"url\":\"https:\\\/\\\/starlediluminacion.com\\\/wp-content\\\/uploads\\\/2024\\\/10\\\/pack-regulador-triac-220v-rf-control-remoto-24ghz.jpg\",\"contentUrl\":\"https:\\\/\\\/starlediluminacion.com\\\/wp-content\\\/uploads\\\/2024\\\/10\\\/pack-regulador-triac-220v-rf-control-remoto-24ghz.jpg\",\"width\":744,\"height\":800},{\"@type\":\"BreadcrumbList\",\"@id\":\"https:\\\/\\\/starlediluminacion.com\\\/pt\\\/product\\\/pack-regulador-triac-220v-rf-controlador-remoto-24ghz\\\/#breadcrumb\",\"itemListElement\":[{\"@type\":\"ListItem\",\"position\":1,\"name\":\"Portada\",\"item\":\"https:\\\/\\\/starlediluminacion.com\\\/\"},{\"@type\":\"ListItem\",\"position\":2,\"name\":\"Shop\",\"item\":\"https:\\\/\\\/starlediluminacion.com\\\/shop-2\\\/\"},{\"@type\":\"ListItem\",\"position\":3,\"name\":\"Pack Regulador TRIAC 220V RF + Control remoto &#8211; 2,4GHz\"}]},{\"@type\":\"WebSite\",\"@id\":\"https:\\\/\\\/starlediluminacion.com\\\/#website\",\"url\":\"https:\\\/\\\/starlediluminacion.com\\\/\",\"name\":\"STARLED Iluminacion\",\"description\":\"\",\"potentialAction\":[{\"@type\":\"SearchAction\",\"target\":{\"@type\":\"EntryPoint\",\"urlTemplate\":\"https:\\\/\\\/starlediluminacion.com\\\/?s={search_term_string}\"},\"query-input\":{\"@type\":\"PropertyValueSpecification\",\"valueRequired\":true,\"valueName\":\"search_term_string\"}}],\"inLanguage\":\"en-US\"}]}<\/script>\n<!-- \/ Yoast SEO plugin. -->","yoast_head_json":{"title":"Pack Regulador TRIAC 220V RF + Control remoto - 2,4GHz - STARLED Iluminacion","robots":{"index":"index","follow":"follow","max-snippet":"max-snippet:-1","max-image-preview":"max-image-preview:large","max-video-preview":"max-video-preview:-1"},"canonical":"https:\/\/starlediluminacion.com\/en\/product\/pack-regulador-triac-220v-rf-controlador-remoto-24ghz\/","og_locale":"en_US","og_type":"article","og_title":"Pack Regulador TRIAC 220V RF + Control remoto - 2,4GHz - STARLED Iluminacion","og_description":"Referencia: SLPACK-TRI-C1-FUT007      El\u00a0Pack\u00a0Pack Regulador TRIAC RF Push Dimmer 220V\u00a0+ Control Remoto RF (2.4GHz)\u00a0ofrece una soluci\u00f3n vers\u00e1til para tus necesidades de iluminaci\u00f3n. El control remoto RF te permite encender y apagar las luces, ajustar la luminosidad y controlar el brillo. Adem\u00e1s, proporciona un rango de control de hasta 30 metros, lo que te permite gestionar tus dispositivos de iluminaci\u00f3n desde una distancia considerable.","og_url":"https:\/\/starlediluminacion.com\/en\/product\/pack-regulador-triac-220v-rf-controlador-remoto-24ghz\/","og_site_name":"STARLED Iluminacion","article_modified_time":"2025-03-16T11:16:19+00:00","og_image":[{"width":744,"height":800,"url":"https:\/\/starlediluminacion.com\/wp-content\/uploads\/2024\/10\/pack-regulador-triac-220v-rf-control-remoto-24ghz.jpg","type":"image\/jpeg"}],"twitter_card":"summary_large_image","twitter_misc":{"Est. reading time":"2 minutes"},"schema":{"@context":"https:\/\/schema.org","@graph":[{"@type":"WebPage","@id":"https:\/\/starlediluminacion.com\/pt\/product\/pack-regulador-triac-220v-rf-controlador-remoto-24ghz\/","url":"https:\/\/starlediluminacion.com\/pt\/product\/pack-regulador-triac-220v-rf-controlador-remoto-24ghz\/","name":"Pack Regulador TRIAC 220V RF + Control remoto - 2,4GHz - STARLED Iluminacion","isPartOf":{"@id":"https:\/\/starlediluminacion.com\/#website"},"primaryImageOfPage":{"@id":"https:\/\/starlediluminacion.com\/pt\/product\/pack-regulador-triac-220v-rf-controlador-remoto-24ghz\/#primaryimage"},"image":{"@id":"https:\/\/starlediluminacion.com\/pt\/product\/pack-regulador-triac-220v-rf-controlador-remoto-24ghz\/#primaryimage"},"thumbnailUrl":"https:\/\/starlediluminacion.com\/wp-content\/uploads\/2024\/10\/pack-regulador-triac-220v-rf-control-remoto-24ghz.jpg","datePublished":"2024-10-27T08:48:58+00:00","dateModified":"2025-03-16T11:16:19+00:00","breadcrumb":{"@id":"https:\/\/starlediluminacion.com\/pt\/product\/pack-regulador-triac-220v-rf-controlador-remoto-24ghz\/#breadcrumb"},"inLanguage":"en-US","potentialAction":[{"@type":"ReadAction","target":["https:\/\/starlediluminacion.com\/pt\/product\/pack-regulador-triac-220v-rf-controlador-remoto-24ghz\/"]}]},{"@type":"ImageObject","inLanguage":"en-US","@id":"https:\/\/starlediluminacion.com\/pt\/product\/pack-regulador-triac-220v-rf-controlador-remoto-24ghz\/#primaryimage","url":"https:\/\/starlediluminacion.com\/wp-content\/uploads\/2024\/10\/pack-regulador-triac-220v-rf-control-remoto-24ghz.jpg","contentUrl":"https:\/\/starlediluminacion.com\/wp-content\/uploads\/2024\/10\/pack-regulador-triac-220v-rf-control-remoto-24ghz.jpg","width":744,"height":800},{"@type":"BreadcrumbList","@id":"https:\/\/starlediluminacion.com\/pt\/product\/pack-regulador-triac-220v-rf-controlador-remoto-24ghz\/#breadcrumb","itemListElement":[{"@type":"ListItem","position":1,"name":"Portada","item":"https:\/\/starlediluminacion.com\/"},{"@type":"ListItem","position":2,"name":"Shop","item":"https:\/\/starlediluminacion.com\/shop-2\/"},{"@type":"ListItem","position":3,"name":"Pack Regulador TRIAC 220V RF + Control remoto &#8211; 2,4GHz"}]},{"@type":"WebSite","@id":"https:\/\/starlediluminacion.com\/#website","url":"https:\/\/starlediluminacion.com\/","name":"STARLED Iluminacion","description":"","potentialAction":[{"@type":"SearchAction","target":{"@type":"EntryPoint","urlTemplate":"https:\/\/starlediluminacion.com\/?s={search_term_string}"},"query-input":{"@type":"PropertyValueSpecification","valueRequired":true,"valueName":"search_term_string"}}],"inLanguage":"en-US"}]}},"_links":{"self":[{"href":"https:\/\/starlediluminacion.com\/en\/wp-json\/wp\/v3\/product\/14581","targetHints":{"allow":["GET"]}}],"collection":[{"href":"https:\/\/starlediluminacion.com\/en\/wp-json\/wp\/v3\/product"}],"about":[{"href":"https:\/\/starlediluminacion.com\/en\/wp-json\/wp\/v2\/types\/product"}],"wp:featuredmedia":[{"embeddable":true,"href":"https:\/\/starlediluminacion.com\/en\/wp-json\/wp\/v2\/media\/14588"}],"wp:attachment":[{"href":"https:\/\/starlediluminacion.com\/en\/wp-json\/wp\/v2\/media?parent=14581"}],"wp:term":[{"taxonomy":"product_cat","embeddable":true,"href":"https:\/\/starlediluminacion.com\/en\/wp-json\/wp\/v2\/product_cat?post=14581"},{"taxonomy":"product_tag","embeddable":true,"href":"https:\/\/starlediluminacion.com\/en\/wp-json\/wp\/v2\/product_tag?post=14581"}],"curies":[{"name":"wp","href":"https:\/\/api.w.org\/{rel}","templated":true}]}}