{"id":13901,"date":"2024-09-15T08:33:15","date_gmt":"2024-09-15T08:33:15","guid":{"rendered":"https:\/\/starlediluminacion.com\/?post_type=product&#038;p=13901"},"modified":"2025-01-05T14:48:15","modified_gmt":"2025-01-05T14:48:15","slug":"foco-led-30w-parma-blanco-carril-monofasico-cct-cri92-48o","status":"publish","type":"product","link":"https:\/\/starlediluminacion.com\/en\/product\/spotlight-led-30w-parma-white-white-rail-monophase-cct-cri92-48o\/","title":{"rendered":"<p>LED Spotlight 30W PARMA White Single Phase Track - CCT - CRI+92 - 48\u00ba.<\/p>"},"content":{"rendered":"<h1>LED Spotlight 30W PARMA White Single Phase Track - CCT - CRI+92 - 48\u00ba.<p>Discover the excellence of&nbsp;<strong>LED Track Spotlight PARMA 30W CCT<\/strong>The new, compact and elegant design is combined with an outstanding performance. This spotlight is designed to offer you flexible lighting tailored to your specific needs. Its key features are detailed below:<\/p><h3><strong>Main Features<\/strong><\/h3><ul>\n<li><strong>Selectable color temperature<\/strong>The spotlight allows you to select the color temperature (CCT) 3000K, 4000K and 5700K. This versatility allows you to adapt the lighting to different environments and specific needs.<\/li>\n<li><strong>High CRI (+92)<\/strong>With a color rendering index (CRI) of +92, the spotlight ensures vibrant, true-to-life colors, which is ideal for highlighting details and creating immersive environments.<\/li>\n<li><strong>Advanced Lens and Reflector<\/strong>The spotlight is equipped with a state-of-the-art hemispherical collimating lens made of PMMA (poly methyl methacrylate) and a curved diamond-polished aluminum reflector, which generates a base light and a concentrated angle of 48\u00ba.<\/li>\n<li><strong>BRIDGELUX COB diode<\/strong>BRIDGELUX COB chip with 2240 DS-C30 cores, providing exceptional light output.<\/li>\n<li><strong>GXtronic NO FLICK Driver<\/strong>Together with our reliable driver, the spotlight guarantees efficiency and durability, with a 3-year warranty.<\/li>\n<li><strong>Energy Saving<\/strong>LED Commercial Spotlight: Enjoy significant energy savings of up to 90% on your electric bill thanks to this high efficiency LED commercial spotlight.<\/li>\n<\/ul><h3><strong>Uses and Applications<\/strong><\/h3><p>The&nbsp;<strong>PARMA 30W CCT LED Spotlight<\/strong>&nbsp;is ideal for a variety of commercial and professional applications:<\/p><ul>\n<li><strong>Showcases<\/strong>Highlight products with bright and attractive illumination.<\/li>\n<li><strong>Offices<\/strong>Provides efficient, glare-free lighting for workspaces.<\/li>\n<li><strong>Art Galleries<\/strong>Illuminates works of art with precision and true colors.<\/li>\n<li><strong>Museums<\/strong>Create immersive environments and highlight exhibits with high quality lighting.<\/li>\n<\/ul><p><strong>Transform your spaces with the LED Track Spotlight PARMA 30W CCT<\/strong>The new lighting solution combines style, efficiency and performance for a high quality lighting experience, illuminating with elegance and efficacy!<\/p><h3 class=\"h6\">Product Data Sheet<\/h3><dl class=\"data-sheet\">\n<dt class=\"name\"><img loading=\"lazy\" decoding=\"async\" src=\"https:\/\/www.factorled.com\/modules\/oa_features\/img\/2-default.jpg\" width=\"32\" height=\"32\">&nbsp;REFERENCE<\/dt>\n<dd class=\"value\">90778-CCT<\/dd>\n<dt class=\"name\"><img loading=\"lazy\" decoding=\"async\" src=\"https:\/\/www.factorled.com\/modules\/oa_features\/img\/3-default.jpg\" width=\"32\" height=\"32\">&nbsp;Nominal Power<\/dt>\n<dd class=\"value\">30W<\/dd>\n<dt class=\"name\"><img loading=\"lazy\" decoding=\"async\" src=\"https:\/\/www.factorled.com\/modules\/oa_features\/img\/4-default.jpg\" width=\"32\" height=\"32\">&nbsp;Nominal Voltage<\/dt>\n<dd class=\"value\">85-265V<\/dd>\n<dt class=\"name\"><img loading=\"lazy\" decoding=\"async\" src=\"https:\/\/www.factorled.com\/modules\/oa_features\/img\/5-default.jpg\" width=\"32\" height=\"32\">&nbsp;Light Temperature<\/dt>\n<dd class=\"value\">3000K - 4000K - 5700K<\/dd>\n<dt class=\"name\"><img loading=\"lazy\" decoding=\"async\" src=\"https:\/\/www.factorled.com\/modules\/oa_features\/img\/6-default.jpg\" width=\"32\" height=\"32\">&nbsp;CRI -Cromatic Reproduction Index<\/dt>\n<dd class=\"value\">92<\/dd>\n<dt class=\"name\"><img loading=\"lazy\" decoding=\"async\" src=\"https:\/\/www.factorled.com\/modules\/oa_features\/img\/25-default.jpg\" width=\"32\" height=\"32\">&nbsp;Building Material<\/dt>\n<dd class=\"value\">Aluminum +PMMA<\/dd>\n<dt class=\"name\"><img loading=\"lazy\" decoding=\"async\" src=\"https:\/\/www.factorled.com\/modules\/oa_features\/img\/8-default.jpg\" width=\"32\" height=\"32\">&nbsp;Luminosity-Lm<\/dt>\n<dd class=\"value\">4000<\/dd>\n<dt class=\"name\"><img loading=\"lazy\" decoding=\"async\" src=\"https:\/\/www.factorled.com\/modules\/oa_features\/img\/9-default.jpg\" width=\"32\" height=\"32\">&nbsp;LED Type<\/dt>\n<dd class=\"value\">COB BRIDGELUX CHIP 2240 DS-C30<\/dd>\n<dt class=\"name\"><img loading=\"lazy\" decoding=\"async\" src=\"https:\/\/www.factorled.com\/modules\/oa_features\/img\/10-default.jpg\" width=\"32\" height=\"32\">&nbsp;Opening Angle (\u00ba)<\/dt>\n<dd class=\"value\">24\u00ba<\/dd>\n<dt class=\"name\"><img loading=\"lazy\" decoding=\"async\" src=\"https:\/\/www.factorled.com\/modules\/oa_features\/img\/12-default.jpg\" width=\"32\" height=\"32\">&nbsp;LED Diode Efficiency (Lm\/W)<\/dt>\n<dd class=\"value\">140 Lm\/W<\/dd>\n<dt class=\"name\"><img loading=\"lazy\" decoding=\"async\" src=\"https:\/\/www.factorled.com\/modules\/oa_features\/img\/13-default.jpg\" width=\"32\" height=\"32\">&nbsp;Luminous Efficacy (Lm\/W)<\/dt>\n<dd class=\"value\">100 Lm\/W<\/dd>\n<dt class=\"name\"><img loading=\"lazy\" decoding=\"async\" src=\"https:\/\/www.factorled.com\/modules\/oa_features\/img\/15-default.jpg\" width=\"32\" height=\"32\">&nbsp;Certificates<\/dt>\n<dd class=\"value\">CE - ROHS<\/dd>\n<dt class=\"name\"><img loading=\"lazy\" decoding=\"async\" src=\"https:\/\/www.factorled.com\/modules\/oa_features\/img\/16-default.jpg\" width=\"32\" height=\"32\">&nbsp;IP Rating<\/dt>\n<dd class=\"value\">IP20<\/dd>\n<dt class=\"name\"><img loading=\"lazy\" decoding=\"async\" src=\"https:\/\/www.factorled.com\/modules\/oa_features\/img\/17-default.jpg\" width=\"32\" height=\"32\">&nbsp;Estimated Life LED Diode (H)<\/dt>\n<dd class=\"value\">35.000<\/dd>\n<dt class=\"name\"><img loading=\"lazy\" decoding=\"async\" src=\"https:\/\/www.factorled.com\/modules\/oa_features\/img\/18-default.jpg\" width=\"32\" height=\"32\">&nbsp;Measurements (Mm)<\/dt>\n<dd class=\"value\">100x175x180mm<\/dd>\n<dt class=\"name\"><img loading=\"lazy\" decoding=\"async\" src=\"https:\/\/www.factorled.com\/modules\/oa_features\/img\/20-default.jpg\" width=\"32\" height=\"32\">&nbsp;Power Factor (PF)<\/dt>\n<dd class=\"value\">0.95<\/dd>\n<dt class=\"name\"><img loading=\"lazy\" decoding=\"async\" src=\"https:\/\/www.factorled.com\/modules\/oa_features\/img\/21-default.jpg\" width=\"32\" height=\"32\">&nbsp;Working Frequency (Hz)<\/dt>\n<dd class=\"value\">50\/60Hz<\/dd>\n<dt class=\"name\"><img loading=\"lazy\" decoding=\"async\" src=\"https:\/\/www.factorled.com\/modules\/oa_features\/img\/22-default.jpg\" width=\"32\" height=\"32\">&nbsp;Temperature Range (\u00baC)<\/dt>\n<dd class=\"value\">-20\u00ba ~ +45\u00ba.<\/dd>\n<dt class=\"name\"><img loading=\"lazy\" decoding=\"async\" src=\"https:\/\/www.factorled.com\/modules\/oa_features\/img\/23-default.jpg\" width=\"32\" height=\"32\">&nbsp;Ignition Cycles<\/dt>\n<dd class=\"value\">100.000<\/dd>\n<dt class=\"name\"><img loading=\"lazy\" decoding=\"async\" src=\"https:\/\/www.factorled.com\/modules\/oa_features\/img\/24-default.jpg\" width=\"32\" height=\"32\">&nbsp;Start-up time (S)<\/dt>\n<dd class=\"value\">0,2s<\/dd>\n<dt class=\"name\"><img loading=\"lazy\" decoding=\"async\" src=\"https:\/\/www.factorled.com\/modules\/oa_features\/img\/26-default.jpg\" width=\"32\" height=\"32\">&nbsp;Additional Information<\/dt>\n<dd class=\"value\">Painting: AkzoNobel Interpon 600 C33883<\/dd>\n<dt class=\"name\"><img loading=\"lazy\" decoding=\"async\" src=\"https:\/\/www.factorled.com\/modules\/oa_features\/img\/73-default.jpg\" width=\"32\" height=\"32\">&nbsp;Impact Protection (IK)<\/dt>\n<dd class=\"value\">IK10<\/dd>\n<dt class=\"name\"><img loading=\"lazy\" decoding=\"async\" src=\"https:\/\/www.factorled.com\/modules\/oa_features\/img\/74-default.jpg\" width=\"32\" height=\"32\">&nbsp;Driver Included<\/dt>\n<dd class=\"value\">NO FLICK DRIVER - NO FLICKER<\/dd>\n<dt class=\"name\"><img loading=\"lazy\" decoding=\"async\" src=\"https:\/\/www.factorled.com\/modules\/oa_features\/img\/7-default.jpg\" width=\"32\" height=\"32\">&nbsp;Energy Class (2021-UE-2019\/2015)<\/dt>\n<dd class=\"value\">A+<\/dd>\n<dt class=\"name\"><img loading=\"lazy\" decoding=\"async\" src=\"https:\/\/www.factorled.com\/modules\/oa_features\/img\/101-default.jpg\" width=\"32\" height=\"32\">&nbsp;Energy Class (2023 - EU-2019\/2015)<\/dt>\n<dd class=\"value\">D<\/dd>\n<dt class=\"name\"><img loading=\"lazy\" decoding=\"async\" src=\"https:\/\/www.factorled.com\/modules\/oa_features\/img\/75-default.jpg\" width=\"32\" height=\"32\">&nbsp;Warranty Years<\/dt>\n<dd class=\"value\">3<\/dd>\n<dt class=\"name\"><img loading=\"lazy\" decoding=\"async\" src=\"https:\/\/www.factorled.com\/modules\/oa_features\/img\/103-default.jpg\" width=\"32\" height=\"32\">&nbsp;Body Color<\/dt>\n<dd class=\"value\">White<\/dd>\n<\/dl><\/h1>","protected":false},"excerpt":{"rendered":"<div class=\"product-reference\"><strong><label class=\"label\">Reference:<\/label> SL90778-CCT<\/strong>\n<div><\/div>\n<div class=\"product-description-short\">\n<div id=\"product-description-short-3639\">\n<p><strong>&nbsp;LED Track Spotlight Parma 30W CCT,<\/strong>&nbsp;equipped with the&nbsp;<strong>Bridgelux chip<\/strong>offers the option of selecting from three color temperatures&nbsp;<strong>(3000K, 4000K, 5700K)<\/strong>The system can be adapted to your specific needs and create the perfect environment.&nbsp;<strong>With a CRI +92<\/strong>The new, vibrant and authentic colors bring out the details and provide an immersive and professional atmosphere. Its opening angle of&nbsp;<strong>48\u00ba<\/strong>&nbsp;allows light to be focused precisely on key elements. Perfect for modern and elegant environments.<\/p>\n<\/div>\n<\/div><\/div>","protected":false},"featured_media":13909,"template":"","meta":{"site-sidebar-layout":"default","site-content-layout":"default","ast-global-header-display":"","ast-main-header-display":"","ast-hfb-above-header-display":"","ast-hfb-below-header-display":"","ast-hfb-mobile-header-display":"","site-post-title":"","ast-breadcrumbs-content":"","ast-featured-img":"","footer-sml-layout":"","theme-transparent-header-meta":"default","adv-header-id-meta":"","stick-header-meta":"","header-above-stick-meta":"","header-main-stick-meta":"","header-below-stick-meta":""},"product_cat":[32,76],"product_tag":[],"class_list":["post-13901","product","type-product","status-publish","has-post-thumbnail","hentry","product_cat-iluminacion-comercial-para-tienda","product_cat-iluminacion-led-carril"],"yoast_head":"<!-- This site is optimized with the Yoast SEO plugin v27.4 - https:\/\/yoast.com\/product\/yoast-seo-wordpress\/ -->\n<title>Foco LED 30W PARMA Blanco Carril Monof\u00e1sico - CCT - CRI+92 - 48\u00ba - STARLED Iluminacion<\/title>\n<meta name=\"robots\" content=\"index, follow, max-snippet:-1, max-image-preview:large, max-video-preview:-1\" \/>\n<link rel=\"canonical\" href=\"https:\/\/starlediluminacion.com\/en\/product\/spotlight-led-30w-parma-branco-branco-rail-monofase-cct-cri92-48o-2\/\" \/>\n<meta property=\"og:locale\" content=\"en_US\" \/>\n<meta property=\"og:type\" content=\"article\" \/>\n<meta property=\"og:title\" content=\"Foco LED 30W PARMA Blanco Carril Monof\u00e1sico - CCT - CRI+92 - 48\u00ba - STARLED Iluminacion\" \/>\n<meta property=\"og:description\" content=\"Referencia: SL90778-CCT      \u00a0Foco de Carril LED Parma 30W CCT,\u00a0equipado con el\u00a0chip Bridgelux, ofrece la opci\u00f3n de seleccionar entre tres temperaturas de color\u00a0(3000K, 4000K, 5700K), adapt\u00e1ndose a tus necesidades espec\u00edficas y creando el ambiente perfecto.\u00a0Con un CRI +92, asegura colores vibrantes y aut\u00e9nticos que resaltan los detalles y aportan una atm\u00f3sfera envolvente y profesional. Su \u00e1ngulo de apertura de\u00a048\u00ba\u00a0permite enfocar la luz de manera precisa en elementos clave. Perfecto para ambientes modernos y elegantes.\" \/>\n<meta property=\"og:url\" content=\"https:\/\/starlediluminacion.com\/en\/product\/spotlight-led-30w-parma-branco-branco-rail-monofase-cct-cri92-48o-2\/\" \/>\n<meta property=\"og:site_name\" content=\"STARLED Iluminacion\" \/>\n<meta property=\"article:modified_time\" content=\"2025-01-05T14:48:15+00:00\" \/>\n<meta property=\"og:image\" content=\"https:\/\/starlediluminacion.com\/wp-content\/uploads\/2024\/09\/foco-led-30w-parma-blanco-carril-monofasico-cct-cri92-48o.jpg\" \/>\n\t<meta property=\"og:image:width\" content=\"744\" \/>\n\t<meta property=\"og:image:height\" content=\"800\" \/>\n\t<meta property=\"og:image:type\" content=\"image\/jpeg\" \/>\n<meta name=\"twitter:card\" content=\"summary_large_image\" \/>\n<meta name=\"twitter:label1\" content=\"Est. reading time\" \/>\n\t<meta name=\"twitter:data1\" content=\"2 minutes\" \/>\n<script type=\"application\/ld+json\" class=\"yoast-schema-graph\">{\"@context\":\"https:\\\/\\\/schema.org\",\"@graph\":[{\"@type\":\"WebPage\",\"@id\":\"https:\\\/\\\/starlediluminacion.com\\\/pt\\\/product\\\/spotlight-led-30w-parma-branco-branco-rail-monofase-cct-cri92-48o-2\\\/\",\"url\":\"https:\\\/\\\/starlediluminacion.com\\\/pt\\\/product\\\/spotlight-led-30w-parma-branco-branco-rail-monofase-cct-cri92-48o-2\\\/\",\"name\":\"Foco LED 30W PARMA Blanco Carril Monof\u00e1sico - CCT - CRI+92 - 48\u00ba - STARLED Iluminacion\",\"isPartOf\":{\"@id\":\"https:\\\/\\\/starlediluminacion.com\\\/#website\"},\"primaryImageOfPage\":{\"@id\":\"https:\\\/\\\/starlediluminacion.com\\\/pt\\\/product\\\/spotlight-led-30w-parma-branco-branco-rail-monofase-cct-cri92-48o-2\\\/#primaryimage\"},\"image\":{\"@id\":\"https:\\\/\\\/starlediluminacion.com\\\/pt\\\/product\\\/spotlight-led-30w-parma-branco-branco-rail-monofase-cct-cri92-48o-2\\\/#primaryimage\"},\"thumbnailUrl\":\"https:\\\/\\\/starlediluminacion.com\\\/wp-content\\\/uploads\\\/2024\\\/09\\\/foco-led-30w-parma-blanco-carril-monofasico-cct-cri92-48o.jpg\",\"datePublished\":\"2024-09-15T08:33:15+00:00\",\"dateModified\":\"2025-01-05T14:48:15+00:00\",\"breadcrumb\":{\"@id\":\"https:\\\/\\\/starlediluminacion.com\\\/pt\\\/product\\\/spotlight-led-30w-parma-branco-branco-rail-monofase-cct-cri92-48o-2\\\/#breadcrumb\"},\"inLanguage\":\"en-US\",\"potentialAction\":[{\"@type\":\"ReadAction\",\"target\":[\"https:\\\/\\\/starlediluminacion.com\\\/pt\\\/product\\\/spotlight-led-30w-parma-branco-branco-rail-monofase-cct-cri92-48o-2\\\/\"]}]},{\"@type\":\"ImageObject\",\"inLanguage\":\"en-US\",\"@id\":\"https:\\\/\\\/starlediluminacion.com\\\/pt\\\/product\\\/spotlight-led-30w-parma-branco-branco-rail-monofase-cct-cri92-48o-2\\\/#primaryimage\",\"url\":\"https:\\\/\\\/starlediluminacion.com\\\/wp-content\\\/uploads\\\/2024\\\/09\\\/foco-led-30w-parma-blanco-carril-monofasico-cct-cri92-48o.jpg\",\"contentUrl\":\"https:\\\/\\\/starlediluminacion.com\\\/wp-content\\\/uploads\\\/2024\\\/09\\\/foco-led-30w-parma-blanco-carril-monofasico-cct-cri92-48o.jpg\",\"width\":744,\"height\":800},{\"@type\":\"BreadcrumbList\",\"@id\":\"https:\\\/\\\/starlediluminacion.com\\\/pt\\\/product\\\/spotlight-led-30w-parma-branco-branco-rail-monofase-cct-cri92-48o-2\\\/#breadcrumb\",\"itemListElement\":[{\"@type\":\"ListItem\",\"position\":1,\"name\":\"Portada\",\"item\":\"https:\\\/\\\/starlediluminacion.com\\\/\"},{\"@type\":\"ListItem\",\"position\":2,\"name\":\"Shop\",\"item\":\"https:\\\/\\\/starlediluminacion.com\\\/shop-2\\\/\"},{\"@type\":\"ListItem\",\"position\":3,\"name\":\"Foco LED 30W PARMA Blanco Carril Monof\u00e1sico &#8211; CCT &#8211; CRI+92 &#8211; 48\u00ba\"}]},{\"@type\":\"WebSite\",\"@id\":\"https:\\\/\\\/starlediluminacion.com\\\/#website\",\"url\":\"https:\\\/\\\/starlediluminacion.com\\\/\",\"name\":\"STARLED Iluminacion\",\"description\":\"\",\"potentialAction\":[{\"@type\":\"SearchAction\",\"target\":{\"@type\":\"EntryPoint\",\"urlTemplate\":\"https:\\\/\\\/starlediluminacion.com\\\/?s={search_term_string}\"},\"query-input\":{\"@type\":\"PropertyValueSpecification\",\"valueRequired\":true,\"valueName\":\"search_term_string\"}}],\"inLanguage\":\"en-US\"}]}<\/script>\n<!-- \/ Yoast SEO plugin. -->","yoast_head_json":{"title":"Foco LED 30W PARMA Blanco Carril Monof\u00e1sico - CCT - CRI+92 - 48\u00ba - STARLED Iluminacion","robots":{"index":"index","follow":"follow","max-snippet":"max-snippet:-1","max-image-preview":"max-image-preview:large","max-video-preview":"max-video-preview:-1"},"canonical":"https:\/\/starlediluminacion.com\/en\/product\/spotlight-led-30w-parma-branco-branco-rail-monofase-cct-cri92-48o-2\/","og_locale":"en_US","og_type":"article","og_title":"Foco LED 30W PARMA Blanco Carril Monof\u00e1sico - CCT - CRI+92 - 48\u00ba - STARLED Iluminacion","og_description":"Referencia: SL90778-CCT      \u00a0Foco de Carril LED Parma 30W CCT,\u00a0equipado con el\u00a0chip Bridgelux, ofrece la opci\u00f3n de seleccionar entre tres temperaturas de color\u00a0(3000K, 4000K, 5700K), adapt\u00e1ndose a tus necesidades espec\u00edficas y creando el ambiente perfecto.\u00a0Con un CRI +92, asegura colores vibrantes y aut\u00e9nticos que resaltan los detalles y aportan una atm\u00f3sfera envolvente y profesional. Su \u00e1ngulo de apertura de\u00a048\u00ba\u00a0permite enfocar la luz de manera precisa en elementos clave. Perfecto para ambientes modernos y elegantes.","og_url":"https:\/\/starlediluminacion.com\/en\/product\/spotlight-led-30w-parma-branco-branco-rail-monofase-cct-cri92-48o-2\/","og_site_name":"STARLED Iluminacion","article_modified_time":"2025-01-05T14:48:15+00:00","og_image":[{"width":744,"height":800,"url":"https:\/\/starlediluminacion.com\/wp-content\/uploads\/2024\/09\/foco-led-30w-parma-blanco-carril-monofasico-cct-cri92-48o.jpg","type":"image\/jpeg"}],"twitter_card":"summary_large_image","twitter_misc":{"Est. reading time":"2 minutes"},"schema":{"@context":"https:\/\/schema.org","@graph":[{"@type":"WebPage","@id":"https:\/\/starlediluminacion.com\/pt\/product\/spotlight-led-30w-parma-branco-branco-rail-monofase-cct-cri92-48o-2\/","url":"https:\/\/starlediluminacion.com\/pt\/product\/spotlight-led-30w-parma-branco-branco-rail-monofase-cct-cri92-48o-2\/","name":"Foco LED 30W PARMA Blanco Carril Monof\u00e1sico - CCT - CRI+92 - 48\u00ba - STARLED Iluminacion","isPartOf":{"@id":"https:\/\/starlediluminacion.com\/#website"},"primaryImageOfPage":{"@id":"https:\/\/starlediluminacion.com\/pt\/product\/spotlight-led-30w-parma-branco-branco-rail-monofase-cct-cri92-48o-2\/#primaryimage"},"image":{"@id":"https:\/\/starlediluminacion.com\/pt\/product\/spotlight-led-30w-parma-branco-branco-rail-monofase-cct-cri92-48o-2\/#primaryimage"},"thumbnailUrl":"https:\/\/starlediluminacion.com\/wp-content\/uploads\/2024\/09\/foco-led-30w-parma-blanco-carril-monofasico-cct-cri92-48o.jpg","datePublished":"2024-09-15T08:33:15+00:00","dateModified":"2025-01-05T14:48:15+00:00","breadcrumb":{"@id":"https:\/\/starlediluminacion.com\/pt\/product\/spotlight-led-30w-parma-branco-branco-rail-monofase-cct-cri92-48o-2\/#breadcrumb"},"inLanguage":"en-US","potentialAction":[{"@type":"ReadAction","target":["https:\/\/starlediluminacion.com\/pt\/product\/spotlight-led-30w-parma-branco-branco-rail-monofase-cct-cri92-48o-2\/"]}]},{"@type":"ImageObject","inLanguage":"en-US","@id":"https:\/\/starlediluminacion.com\/pt\/product\/spotlight-led-30w-parma-branco-branco-rail-monofase-cct-cri92-48o-2\/#primaryimage","url":"https:\/\/starlediluminacion.com\/wp-content\/uploads\/2024\/09\/foco-led-30w-parma-blanco-carril-monofasico-cct-cri92-48o.jpg","contentUrl":"https:\/\/starlediluminacion.com\/wp-content\/uploads\/2024\/09\/foco-led-30w-parma-blanco-carril-monofasico-cct-cri92-48o.jpg","width":744,"height":800},{"@type":"BreadcrumbList","@id":"https:\/\/starlediluminacion.com\/pt\/product\/spotlight-led-30w-parma-branco-branco-rail-monofase-cct-cri92-48o-2\/#breadcrumb","itemListElement":[{"@type":"ListItem","position":1,"name":"Portada","item":"https:\/\/starlediluminacion.com\/"},{"@type":"ListItem","position":2,"name":"Shop","item":"https:\/\/starlediluminacion.com\/shop-2\/"},{"@type":"ListItem","position":3,"name":"Foco LED 30W PARMA Blanco Carril Monof\u00e1sico &#8211; CCT &#8211; CRI+92 &#8211; 48\u00ba"}]},{"@type":"WebSite","@id":"https:\/\/starlediluminacion.com\/#website","url":"https:\/\/starlediluminacion.com\/","name":"STARLED Iluminacion","description":"","potentialAction":[{"@type":"SearchAction","target":{"@type":"EntryPoint","urlTemplate":"https:\/\/starlediluminacion.com\/?s={search_term_string}"},"query-input":{"@type":"PropertyValueSpecification","valueRequired":true,"valueName":"search_term_string"}}],"inLanguage":"en-US"}]}},"_links":{"self":[{"href":"https:\/\/starlediluminacion.com\/en\/wp-json\/wp\/v3\/product\/13901","targetHints":{"allow":["GET"]}}],"collection":[{"href":"https:\/\/starlediluminacion.com\/en\/wp-json\/wp\/v3\/product"}],"about":[{"href":"https:\/\/starlediluminacion.com\/en\/wp-json\/wp\/v2\/types\/product"}],"wp:featuredmedia":[{"embeddable":true,"href":"https:\/\/starlediluminacion.com\/en\/wp-json\/wp\/v2\/media\/13909"}],"wp:attachment":[{"href":"https:\/\/starlediluminacion.com\/en\/wp-json\/wp\/v2\/media?parent=13901"}],"wp:term":[{"taxonomy":"product_cat","embeddable":true,"href":"https:\/\/starlediluminacion.com\/en\/wp-json\/wp\/v2\/product_cat?post=13901"},{"taxonomy":"product_tag","embeddable":true,"href":"https:\/\/starlediluminacion.com\/en\/wp-json\/wp\/v2\/product_tag?post=13901"}],"curies":[{"name":"wp","href":"https:\/\/api.w.org\/{rel}","templated":true}]}}