{"id":13834,"date":"2024-08-04T11:05:31","date_gmt":"2024-08-04T11:05:31","guid":{"rendered":"https:\/\/starlediluminacion.com\/?post_type=product&#038;p=13834"},"modified":"2025-01-05T14:47:32","modified_gmt":"2025-01-05T14:47:32","slug":"foco-led-40w-26w-new-maya-negro-carril-trifasico-cct-cri92-ugr13-high-lumen","status":"publish","type":"product","link":"https:\/\/starlediluminacion.com\/en\/product\/spot-led-40w-26w-new-maya-black-black-rail-triphase-cct-cri92-ugr13-high-lumen-2\/","title":{"rendered":"<p>LED Spotlight 40W - 26W NEW MAYA Black THREE-PHASE Track - CCT - CRI+92 - UGR13 - HIGH LUMEN<\/p>"},"content":{"rendered":"<h1>Foco LED 40W &ndash; 26W NEW MAYA Negro Carril TRIF&Aacute;SICO &ndash; CCT &ndash; CRI+92 &ndash; UGR13<p>&nbsp;<\/p><p>Descubre la versatilidad del&nbsp;<strong>Foco de Carril LED modelo NEW MAYA,<\/strong>&nbsp;una soluci&oacute;n de iluminaci&oacute;n que te brinda el control total sobre tu entorno lum&iacute;nico. Personaliza la Temperatura de Color (<strong>CCT<\/strong>) y elige entre potencias predeterminadas de&nbsp;<strong>40W &ndash; 38W &ndash; 36W &ndash; 34W &ndash; 32W &ndash; 30W &ndash; 28W &ndash; 26W<\/strong>&nbsp;para satisfacer tus necesidades espec&iacute;ficas. Con un impresionante&nbsp;<strong>CRI +92<\/strong>, este foco garantiza colores vibrantes y aut&eacute;nticos, perfectos para resaltar detalles y crear ambientes cautivadores.<\/p><p>Este proyector est&aacute; equipado con una lente colimadora semiesf&eacute;rica de &uacute;ltima generaci&oacute;n en PMMA y un reflector curvo de aluminio pulido especular en rombos. Ofrece una luz base y un &aacute;ngulo m&aacute;s concentrado (24&ordm; primario y 60&ordm; secundario) para destacar objetos sin generar sombras pronunciadas.<\/p><p>Ideal para entornos comerciales, el proyector incluye un reflector de 60&ordm; que ampl&iacute;a el &aacute;ngulo de apertura, perfecto para techos bajos o para resaltar objetos m&aacute;s grandes.<\/p><p>Con un impresionante&nbsp;<strong>CRI +92<\/strong>, nuestro proyector destaca por su excepcional rendimiento crom&aacute;tico, mostrando colores n&iacute;tidos y reales.<\/p><p>Aunque el foco viene preconfigurado con 40W, la tapa del Driver permite ajustar la potencia a 38W, 36W, 34W o 26W al regular los miliamperios de salida.<\/p><p>La reducci&oacute;n del deslumbramiento con un bajo &iacute;ndice&nbsp;<strong>UGR13<\/strong>&nbsp;asegura una iluminaci&oacute;n c&oacute;moda y profesional en cualquier entorno.<\/p><p>Equipado con un potente diodo&nbsp;<strong>COB BRIDGELUX CHIP<\/strong>&nbsp;con n&uacute;cleos 2240 DS-C30, nuestro foco ofrece una extraordinaria potencia lum&iacute;nica. Adem&aacute;s, el Driver con tecnolog&iacute;a<strong>&nbsp;NO FLICK<\/strong>&nbsp;garantiza una iluminaci&oacute;n constante y libre de parpadeos.<\/p><p>&nbsp;<\/p><h2>Usos&nbsp;del&nbsp;Foco LED 40W &ndash; 26W NEW MAYA Negro Carril TRIF&Aacute;SICO &ndash; CCT &ndash; CRI+92 &ndash; UGR13<\/h2><ul>\n<li>Showcases<\/li>\n<li>Offices<\/li>\n<li>Art galleries<\/li>\n<li>Museums<\/li>\n<\/ul><p>Descubre la calidad y versatilidad del Foco de Carril LED NEW MAYA, dise&ntilde;ado para transformar tus espacios con estilo y eficacia.<\/p><h3 class=\"h6\">Product Data Sheet<\/h3><dl class=\"data-sheet\">\n<dt class=\"name\"><img loading=\"lazy\" decoding=\"async\" src=\"https:\/\/www.factorled.com\/modules\/oa_features\/img\/2-default.jpg\" width=\"32\" height=\"32\">&nbsp;REFERENCE<\/dt>\n<dd class=\"value\">90847-CCT<\/dd>\n<dt class=\"name\"><img loading=\"lazy\" decoding=\"async\" src=\"https:\/\/www.factorled.com\/modules\/oa_features\/img\/3-default.jpg\" width=\"32\" height=\"32\">&nbsp;Nominal Power<\/dt>\n<dd class=\"value\">40w<\/dd>\n<dt class=\"name\"><img loading=\"lazy\" decoding=\"async\" src=\"https:\/\/www.factorled.com\/modules\/oa_features\/img\/4-default.jpg\" width=\"32\" height=\"32\">&nbsp;Nominal Voltage<\/dt>\n<dd class=\"value\">85V-265V<\/dd>\n<dt class=\"name\"><img loading=\"lazy\" decoding=\"async\" src=\"https:\/\/www.factorled.com\/modules\/oa_features\/img\/5-default.jpg\" width=\"32\" height=\"32\">&nbsp;Light Temperature<\/dt>\n<dd class=\"value\">3000K - 4000K - 6000K<\/dd>\n<dt class=\"name\"><img loading=\"lazy\" decoding=\"async\" src=\"https:\/\/www.factorled.com\/modules\/oa_features\/img\/6-default.jpg\" width=\"32\" height=\"32\">&nbsp;CRI -Cromatic Reproduction Index<\/dt>\n<dd class=\"value\">92<\/dd>\n<dt class=\"name\"><img loading=\"lazy\" decoding=\"async\" src=\"https:\/\/www.factorled.com\/modules\/oa_features\/img\/25-default.jpg\" width=\"32\" height=\"32\">&nbsp;Building Material<\/dt>\n<dd class=\"value\">Aluminum +PMMA<\/dd>\n<dt class=\"name\"><img loading=\"lazy\" decoding=\"async\" src=\"https:\/\/www.factorled.com\/modules\/oa_features\/img\/8-default.jpg\" width=\"32\" height=\"32\">&nbsp;Luminosity-Lm<\/dt>\n<dd class=\"value\">4800<\/dd>\n<dt class=\"name\"><img loading=\"lazy\" decoding=\"async\" src=\"https:\/\/www.factorled.com\/modules\/oa_features\/img\/9-default.jpg\" width=\"32\" height=\"32\">&nbsp;LED Type<\/dt>\n<dd class=\"value\">COB BRIDGELUX 130 CHIP 2630 DS-C30<\/dd>\n<dt class=\"name\"><img loading=\"lazy\" decoding=\"async\" src=\"https:\/\/www.factorled.com\/modules\/oa_features\/img\/10-default.jpg\" width=\"32\" height=\"32\">&nbsp;Opening Angle (\u00ba)<\/dt>\n<dd class=\"value\">Interchangeable angels: 24\u00b0 - 60\u00b0.<\/dd>\n<dt class=\"name\"><img loading=\"lazy\" decoding=\"async\" src=\"https:\/\/www.factorled.com\/modules\/oa_features\/img\/12-default.jpg\" width=\"32\" height=\"32\">&nbsp;LED Diode Efficiency (Lm\/W)<\/dt>\n<dd class=\"value\">140 Lm\/W<\/dd>\n<dt class=\"name\"><img loading=\"lazy\" decoding=\"async\" src=\"https:\/\/www.factorled.com\/modules\/oa_features\/img\/13-default.jpg\" width=\"32\" height=\"32\">&nbsp;Luminous Efficacy (Lm\/W)<\/dt>\n<dd class=\"value\">120 Lm\/W<\/dd>\n<dt class=\"name\"><img loading=\"lazy\" decoding=\"async\" src=\"https:\/\/www.factorled.com\/modules\/oa_features\/img\/15-default.jpg\" width=\"32\" height=\"32\">&nbsp;Certificates<\/dt>\n<dd class=\"value\">CE - ROHS<\/dd>\n<dt class=\"name\"><img loading=\"lazy\" decoding=\"async\" src=\"https:\/\/www.factorled.com\/modules\/oa_features\/img\/17-default.jpg\" width=\"32\" height=\"32\">&nbsp;Estimated Life LED Diode (H)<\/dt>\n<dd class=\"value\">30.000<\/dd>\n<dt class=\"name\"><img loading=\"lazy\" decoding=\"async\" src=\"https:\/\/www.factorled.com\/modules\/oa_features\/img\/20-default.jpg\" width=\"32\" height=\"32\">&nbsp;Power Factor (PF)<\/dt>\n<dd class=\"value\">0.91<\/dd>\n<dt class=\"name\"><img loading=\"lazy\" decoding=\"async\" src=\"https:\/\/www.factorled.com\/modules\/oa_features\/img\/21-default.jpg\" width=\"32\" height=\"32\">&nbsp;Working Frequency (Hz)<\/dt>\n<dd class=\"value\">50\/60Hz<\/dd>\n<dt class=\"name\"><img loading=\"lazy\" decoding=\"async\" src=\"https:\/\/www.factorled.com\/modules\/oa_features\/img\/22-default.jpg\" width=\"32\" height=\"32\">&nbsp;Temperature Range (\u00baC)<\/dt>\n<dd class=\"value\">-25\u00baC ~ +45\u00baC<\/dd>\n<dt class=\"name\"><img loading=\"lazy\" decoding=\"async\" src=\"https:\/\/www.factorled.com\/modules\/oa_features\/img\/23-default.jpg\" width=\"32\" height=\"32\">&nbsp;Ignition Cycles<\/dt>\n<dd class=\"value\">100.000<\/dd>\n<dt class=\"name\"><img loading=\"lazy\" decoding=\"async\" src=\"https:\/\/www.factorled.com\/modules\/oa_features\/img\/24-default.jpg\" width=\"32\" height=\"32\">&nbsp;Start-up time (S)<\/dt>\n<dd class=\"value\">0,2s<\/dd>\n<dt class=\"name\"><img loading=\"lazy\" decoding=\"async\" src=\"https:\/\/www.factorled.com\/modules\/oa_features\/img\/72-default.jpg\" width=\"32\" height=\"32\">&nbsp;Glare Index (UGR)<\/dt>\n<dd class=\"value\">13<\/dd>\n<dt class=\"name\"><img loading=\"lazy\" decoding=\"async\" src=\"https:\/\/www.factorled.com\/modules\/oa_features\/img\/74-default.jpg\" width=\"32\" height=\"32\">&nbsp;Driver Included<\/dt>\n<dd class=\"value\">Driver No Flick<\/dd>\n<dt class=\"name\"><img loading=\"lazy\" decoding=\"async\" src=\"https:\/\/www.factorled.com\/modules\/oa_features\/img\/7-default.jpg\" width=\"32\" height=\"32\">&nbsp;Energy Class (2021-UE-2019\/2015)<\/dt>\n<dd class=\"value\">A++<\/dd>\n<dt class=\"name\"><img loading=\"lazy\" decoding=\"async\" src=\"https:\/\/www.factorled.com\/modules\/oa_features\/img\/101-default.jpg\" width=\"32\" height=\"32\">&nbsp;Energy Class (2023 - EU-2019\/2015)<\/dt>\n<dd class=\"value\">D<\/dd>\n<dt class=\"name\"><img loading=\"lazy\" decoding=\"async\" src=\"https:\/\/www.factorled.com\/modules\/oa_features\/img\/75-default.jpg\" width=\"32\" height=\"32\">&nbsp;Warranty Years<\/dt>\n<dd class=\"value\">5<\/dd>\n<dt class=\"name\"><img loading=\"lazy\" decoding=\"async\" src=\"https:\/\/www.factorled.com\/modules\/oa_features\/img\/103-default.jpg\" width=\"32\" height=\"32\">&nbsp;Body Color<\/dt>\n<dd class=\"value\">Black<\/dd>\n<\/dl><\/h1>","protected":false},"excerpt":{"rendered":"<div class=\"product-reference\"><strong><label class=\"label\">Reference:<\/label> SL90849-CCT<\/strong><div><\/div><div class=\"product-description-short\">\n<div id=\"product-description-short-3601\">\n<p>Discover the&nbsp;<strong>Foco de Carril LED modelo NEW MAYA Trif&aacute;sico,<\/strong>&nbsp;una soluci&oacute;n vers&aacute;til que te permite personalizar tu experiencia lum&iacute;nica. Ajusta la Temperatura de Color&nbsp;<strong>(CCT)<\/strong>&nbsp;y elige entre potencias de&nbsp;<strong>40W &ndash; 38W &ndash; 36W &ndash; 34W &ndash; 32W &ndash; 30W &ndash; 28W &ndash; 26W<\/strong>&nbsp;para adaptar la iluminaci&oacute;n a tus necesidades espec&iacute;ficas.<\/p>\n<p>Con un impresionante&nbsp;<strong>CRI +92<\/strong>, este foco garantiza colores vivos y aut&eacute;nticos, optimizado con un factor de potencia<strong>&nbsp;FP +0.90<\/strong>, el NEW MAYA no solo ofrece una iluminaci&oacute;n potente, sino tambi&eacute;n eficiente. Adem&aacute;s, cuenta con dos &aacute;ngulos de luz intercambiables,&nbsp;<strong>24&ordm; y 60&ordm;<\/strong>, proporcion&aacute;ndote flexibilidad para resaltar elementos espec&iacute;ficos y adaptar la iluminaci&oacute;n a tus preferencias.<\/p>\n<p>Elimina el deslumbramiento con un bajo &iacute;ndice<strong>&nbsp;UGR13,<\/strong>&nbsp;asegurando una iluminaci&oacute;n c&oacute;moda y profesional en cualquier entorno.<\/p>\n<\/div>\n<\/div><div class=\"product-information\">\n<div class=\"col-md-6\">\n<div class=\"product-oa-features oa-features clearfix\"><\/div>\n<\/div>\n<\/div><\/div>","protected":false},"featured_media":13843,"template":"","meta":{"site-sidebar-layout":"default","site-content-layout":"default","ast-global-header-display":"","ast-main-header-display":"","ast-hfb-above-header-display":"","ast-hfb-below-header-display":"","ast-hfb-mobile-header-display":"","site-post-title":"","ast-breadcrumbs-content":"","ast-featured-img":"","footer-sml-layout":"","theme-transparent-header-meta":"default","adv-header-id-meta":"","stick-header-meta":"","header-above-stick-meta":"","header-main-stick-meta":"","header-below-stick-meta":""},"product_cat":[32,76],"product_tag":[],"class_list":["post-13834","product","type-product","status-publish","has-post-thumbnail","hentry","product_cat-iluminacion-comercial-para-tienda","product_cat-iluminacion-led-carril"],"yoast_head":"<!-- This site is optimized with the Yoast SEO plugin v27.4 - https:\/\/yoast.com\/product\/yoast-seo-wordpress\/ -->\n<title>Foco LED 40W - 26W NEW MAYA Negro Carril TRIF\u00c1SICO - CCT - CRI+92 - UGR13 - HIGH LUMEN - STARLED Iluminacion<\/title>\n<meta name=\"robots\" content=\"index, follow, max-snippet:-1, max-image-preview:large, max-video-preview:-1\" \/>\n<link rel=\"canonical\" href=\"https:\/\/starlediluminacion.com\/en\/product\/lampadina-led-40w-26w-nuovo-maya-nero-rail-trifase-cct-cri92-ugr13-alto-lumen\/\" \/>\n<meta property=\"og:locale\" content=\"en_US\" \/>\n<meta property=\"og:type\" content=\"article\" \/>\n<meta property=\"og:title\" content=\"Foco LED 40W - 26W NEW MAYA Negro Carril TRIF\u00c1SICO - CCT - CRI+92 - UGR13 - HIGH LUMEN - STARLED Iluminacion\" \/>\n<meta property=\"og:description\" content=\"Referencia: SL90849-CCT     Descubre el\u00a0Foco de Carril LED modelo NEW MAYA Trif\u00e1sico,\u00a0una soluci\u00f3n vers\u00e1til que te permite personalizar tu experiencia lum\u00ednica. Ajusta la Temperatura de Color\u00a0(CCT)\u00a0y elige entre potencias de\u00a040W - 38W - 36W - 34W - 32W - 30W - 28W - 26W\u00a0para adaptar la iluminaci\u00f3n a tus necesidades espec\u00edficas.  Con un impresionante\u00a0CRI +92, este foco garantiza colores vivos y aut\u00e9nticos, optimizado con un factor de potencia\u00a0FP +0.90, el NEW MAYA no solo ofrece una iluminaci\u00f3n potente, sino tambi\u00e9n eficiente. Adem\u00e1s, cuenta con dos \u00e1ngulos de luz intercambiables,\u00a024\u00ba y 60\u00ba, proporcion\u00e1ndote flexibilidad para resaltar elementos espec\u00edficos y adaptar la iluminaci\u00f3n a tus preferencias.  Elimina el deslumbramiento con un bajo \u00edndice\u00a0UGR13,\u00a0asegurando una iluminaci\u00f3n c\u00f3moda y profesional en cualquier entorno.\" \/>\n<meta property=\"og:url\" content=\"https:\/\/starlediluminacion.com\/en\/product\/lampadina-led-40w-26w-nuovo-maya-nero-rail-trifase-cct-cri92-ugr13-alto-lumen\/\" \/>\n<meta property=\"og:site_name\" content=\"STARLED Iluminacion\" \/>\n<meta property=\"article:modified_time\" content=\"2025-01-05T14:47:32+00:00\" \/>\n<meta property=\"og:image\" content=\"https:\/\/starlediluminacion.com\/wp-content\/uploads\/2024\/08\/foco-led-40w-26w-new-maya-negro-carril-trifasico-cct-cri92-ugr13-high-lumen.jpg\" \/>\n\t<meta property=\"og:image:width\" content=\"744\" \/>\n\t<meta property=\"og:image:height\" content=\"800\" \/>\n\t<meta property=\"og:image:type\" content=\"image\/jpeg\" \/>\n<meta name=\"twitter:card\" content=\"summary_large_image\" \/>\n<meta name=\"twitter:label1\" content=\"Est. reading time\" \/>\n\t<meta name=\"twitter:data1\" content=\"2 minutes\" \/>\n<script type=\"application\/ld+json\" class=\"yoast-schema-graph\">{\"@context\":\"https:\\\/\\\/schema.org\",\"@graph\":[{\"@type\":\"WebPage\",\"@id\":\"https:\\\/\\\/starlediluminacion.com\\\/it\\\/product\\\/lampadina-led-40w-26w-nuovo-maya-nero-rail-trifase-cct-cri92-ugr13-alto-lumen\\\/\",\"url\":\"https:\\\/\\\/starlediluminacion.com\\\/it\\\/product\\\/lampadina-led-40w-26w-nuovo-maya-nero-rail-trifase-cct-cri92-ugr13-alto-lumen\\\/\",\"name\":\"Foco LED 40W - 26W NEW MAYA Negro Carril TRIF\u00c1SICO - CCT - CRI+92 - UGR13 - HIGH LUMEN - STARLED Iluminacion\",\"isPartOf\":{\"@id\":\"https:\\\/\\\/starlediluminacion.com\\\/#website\"},\"primaryImageOfPage\":{\"@id\":\"https:\\\/\\\/starlediluminacion.com\\\/it\\\/product\\\/lampadina-led-40w-26w-nuovo-maya-nero-rail-trifase-cct-cri92-ugr13-alto-lumen\\\/#primaryimage\"},\"image\":{\"@id\":\"https:\\\/\\\/starlediluminacion.com\\\/it\\\/product\\\/lampadina-led-40w-26w-nuovo-maya-nero-rail-trifase-cct-cri92-ugr13-alto-lumen\\\/#primaryimage\"},\"thumbnailUrl\":\"https:\\\/\\\/starlediluminacion.com\\\/wp-content\\\/uploads\\\/2024\\\/08\\\/foco-led-40w-26w-new-maya-negro-carril-trifasico-cct-cri92-ugr13-high-lumen.jpg\",\"datePublished\":\"2024-08-04T11:05:31+00:00\",\"dateModified\":\"2025-01-05T14:47:32+00:00\",\"breadcrumb\":{\"@id\":\"https:\\\/\\\/starlediluminacion.com\\\/it\\\/product\\\/lampadina-led-40w-26w-nuovo-maya-nero-rail-trifase-cct-cri92-ugr13-alto-lumen\\\/#breadcrumb\"},\"inLanguage\":\"en-US\",\"potentialAction\":[{\"@type\":\"ReadAction\",\"target\":[\"https:\\\/\\\/starlediluminacion.com\\\/it\\\/product\\\/lampadina-led-40w-26w-nuovo-maya-nero-rail-trifase-cct-cri92-ugr13-alto-lumen\\\/\"]}]},{\"@type\":\"ImageObject\",\"inLanguage\":\"en-US\",\"@id\":\"https:\\\/\\\/starlediluminacion.com\\\/it\\\/product\\\/lampadina-led-40w-26w-nuovo-maya-nero-rail-trifase-cct-cri92-ugr13-alto-lumen\\\/#primaryimage\",\"url\":\"https:\\\/\\\/starlediluminacion.com\\\/wp-content\\\/uploads\\\/2024\\\/08\\\/foco-led-40w-26w-new-maya-negro-carril-trifasico-cct-cri92-ugr13-high-lumen.jpg\",\"contentUrl\":\"https:\\\/\\\/starlediluminacion.com\\\/wp-content\\\/uploads\\\/2024\\\/08\\\/foco-led-40w-26w-new-maya-negro-carril-trifasico-cct-cri92-ugr13-high-lumen.jpg\",\"width\":744,\"height\":800},{\"@type\":\"BreadcrumbList\",\"@id\":\"https:\\\/\\\/starlediluminacion.com\\\/it\\\/product\\\/lampadina-led-40w-26w-nuovo-maya-nero-rail-trifase-cct-cri92-ugr13-alto-lumen\\\/#breadcrumb\",\"itemListElement\":[{\"@type\":\"ListItem\",\"position\":1,\"name\":\"Portada\",\"item\":\"https:\\\/\\\/starlediluminacion.com\\\/\"},{\"@type\":\"ListItem\",\"position\":2,\"name\":\"Shop\",\"item\":\"https:\\\/\\\/starlediluminacion.com\\\/shop-2\\\/\"},{\"@type\":\"ListItem\",\"position\":3,\"name\":\"Foco LED 40W &#8211; 26W NEW MAYA Negro Carril TRIF\u00c1SICO &#8211; CCT &#8211; CRI+92 &#8211; UGR13 &#8211; HIGH LUMEN\"}]},{\"@type\":\"WebSite\",\"@id\":\"https:\\\/\\\/starlediluminacion.com\\\/#website\",\"url\":\"https:\\\/\\\/starlediluminacion.com\\\/\",\"name\":\"STARLED Iluminacion\",\"description\":\"\",\"potentialAction\":[{\"@type\":\"SearchAction\",\"target\":{\"@type\":\"EntryPoint\",\"urlTemplate\":\"https:\\\/\\\/starlediluminacion.com\\\/?s={search_term_string}\"},\"query-input\":{\"@type\":\"PropertyValueSpecification\",\"valueRequired\":true,\"valueName\":\"search_term_string\"}}],\"inLanguage\":\"en-US\"}]}<\/script>\n<!-- \/ Yoast SEO plugin. -->","yoast_head_json":{"title":"Foco LED 40W - 26W NEW MAYA Negro Carril TRIF\u00c1SICO - CCT - CRI+92 - UGR13 - HIGH LUMEN - STARLED Iluminacion","robots":{"index":"index","follow":"follow","max-snippet":"max-snippet:-1","max-image-preview":"max-image-preview:large","max-video-preview":"max-video-preview:-1"},"canonical":"https:\/\/starlediluminacion.com\/en\/product\/lampadina-led-40w-26w-nuovo-maya-nero-rail-trifase-cct-cri92-ugr13-alto-lumen\/","og_locale":"en_US","og_type":"article","og_title":"Foco LED 40W - 26W NEW MAYA Negro Carril TRIF\u00c1SICO - CCT - CRI+92 - UGR13 - HIGH LUMEN - STARLED Iluminacion","og_description":"Referencia: SL90849-CCT     Descubre el\u00a0Foco de Carril LED modelo NEW MAYA Trif\u00e1sico,\u00a0una soluci\u00f3n vers\u00e1til que te permite personalizar tu experiencia lum\u00ednica. Ajusta la Temperatura de Color\u00a0(CCT)\u00a0y elige entre potencias de\u00a040W - 38W - 36W - 34W - 32W - 30W - 28W - 26W\u00a0para adaptar la iluminaci\u00f3n a tus necesidades espec\u00edficas.  Con un impresionante\u00a0CRI +92, este foco garantiza colores vivos y aut\u00e9nticos, optimizado con un factor de potencia\u00a0FP +0.90, el NEW MAYA no solo ofrece una iluminaci\u00f3n potente, sino tambi\u00e9n eficiente. Adem\u00e1s, cuenta con dos \u00e1ngulos de luz intercambiables,\u00a024\u00ba y 60\u00ba, proporcion\u00e1ndote flexibilidad para resaltar elementos espec\u00edficos y adaptar la iluminaci\u00f3n a tus preferencias.  Elimina el deslumbramiento con un bajo \u00edndice\u00a0UGR13,\u00a0asegurando una iluminaci\u00f3n c\u00f3moda y profesional en cualquier entorno.","og_url":"https:\/\/starlediluminacion.com\/en\/product\/lampadina-led-40w-26w-nuovo-maya-nero-rail-trifase-cct-cri92-ugr13-alto-lumen\/","og_site_name":"STARLED Iluminacion","article_modified_time":"2025-01-05T14:47:32+00:00","og_image":[{"width":744,"height":800,"url":"https:\/\/starlediluminacion.com\/wp-content\/uploads\/2024\/08\/foco-led-40w-26w-new-maya-negro-carril-trifasico-cct-cri92-ugr13-high-lumen.jpg","type":"image\/jpeg"}],"twitter_card":"summary_large_image","twitter_misc":{"Est. reading time":"2 minutes"},"schema":{"@context":"https:\/\/schema.org","@graph":[{"@type":"WebPage","@id":"https:\/\/starlediluminacion.com\/it\/product\/lampadina-led-40w-26w-nuovo-maya-nero-rail-trifase-cct-cri92-ugr13-alto-lumen\/","url":"https:\/\/starlediluminacion.com\/it\/product\/lampadina-led-40w-26w-nuovo-maya-nero-rail-trifase-cct-cri92-ugr13-alto-lumen\/","name":"Foco LED 40W - 26W NEW MAYA Negro Carril TRIF\u00c1SICO - CCT - CRI+92 - UGR13 - HIGH LUMEN - STARLED Iluminacion","isPartOf":{"@id":"https:\/\/starlediluminacion.com\/#website"},"primaryImageOfPage":{"@id":"https:\/\/starlediluminacion.com\/it\/product\/lampadina-led-40w-26w-nuovo-maya-nero-rail-trifase-cct-cri92-ugr13-alto-lumen\/#primaryimage"},"image":{"@id":"https:\/\/starlediluminacion.com\/it\/product\/lampadina-led-40w-26w-nuovo-maya-nero-rail-trifase-cct-cri92-ugr13-alto-lumen\/#primaryimage"},"thumbnailUrl":"https:\/\/starlediluminacion.com\/wp-content\/uploads\/2024\/08\/foco-led-40w-26w-new-maya-negro-carril-trifasico-cct-cri92-ugr13-high-lumen.jpg","datePublished":"2024-08-04T11:05:31+00:00","dateModified":"2025-01-05T14:47:32+00:00","breadcrumb":{"@id":"https:\/\/starlediluminacion.com\/it\/product\/lampadina-led-40w-26w-nuovo-maya-nero-rail-trifase-cct-cri92-ugr13-alto-lumen\/#breadcrumb"},"inLanguage":"en-US","potentialAction":[{"@type":"ReadAction","target":["https:\/\/starlediluminacion.com\/it\/product\/lampadina-led-40w-26w-nuovo-maya-nero-rail-trifase-cct-cri92-ugr13-alto-lumen\/"]}]},{"@type":"ImageObject","inLanguage":"en-US","@id":"https:\/\/starlediluminacion.com\/it\/product\/lampadina-led-40w-26w-nuovo-maya-nero-rail-trifase-cct-cri92-ugr13-alto-lumen\/#primaryimage","url":"https:\/\/starlediluminacion.com\/wp-content\/uploads\/2024\/08\/foco-led-40w-26w-new-maya-negro-carril-trifasico-cct-cri92-ugr13-high-lumen.jpg","contentUrl":"https:\/\/starlediluminacion.com\/wp-content\/uploads\/2024\/08\/foco-led-40w-26w-new-maya-negro-carril-trifasico-cct-cri92-ugr13-high-lumen.jpg","width":744,"height":800},{"@type":"BreadcrumbList","@id":"https:\/\/starlediluminacion.com\/it\/product\/lampadina-led-40w-26w-nuovo-maya-nero-rail-trifase-cct-cri92-ugr13-alto-lumen\/#breadcrumb","itemListElement":[{"@type":"ListItem","position":1,"name":"Portada","item":"https:\/\/starlediluminacion.com\/"},{"@type":"ListItem","position":2,"name":"Shop","item":"https:\/\/starlediluminacion.com\/shop-2\/"},{"@type":"ListItem","position":3,"name":"Foco LED 40W &#8211; 26W NEW MAYA Negro Carril TRIF\u00c1SICO &#8211; CCT &#8211; CRI+92 &#8211; UGR13 &#8211; HIGH LUMEN"}]},{"@type":"WebSite","@id":"https:\/\/starlediluminacion.com\/#website","url":"https:\/\/starlediluminacion.com\/","name":"STARLED Iluminacion","description":"","potentialAction":[{"@type":"SearchAction","target":{"@type":"EntryPoint","urlTemplate":"https:\/\/starlediluminacion.com\/?s={search_term_string}"},"query-input":{"@type":"PropertyValueSpecification","valueRequired":true,"valueName":"search_term_string"}}],"inLanguage":"en-US"}]}},"_links":{"self":[{"href":"https:\/\/starlediluminacion.com\/en\/wp-json\/wp\/v3\/product\/13834","targetHints":{"allow":["GET"]}}],"collection":[{"href":"https:\/\/starlediluminacion.com\/en\/wp-json\/wp\/v3\/product"}],"about":[{"href":"https:\/\/starlediluminacion.com\/en\/wp-json\/wp\/v2\/types\/product"}],"wp:featuredmedia":[{"embeddable":true,"href":"https:\/\/starlediluminacion.com\/en\/wp-json\/wp\/v2\/media\/13843"}],"wp:attachment":[{"href":"https:\/\/starlediluminacion.com\/en\/wp-json\/wp\/v2\/media?parent=13834"}],"wp:term":[{"taxonomy":"product_cat","embeddable":true,"href":"https:\/\/starlediluminacion.com\/en\/wp-json\/wp\/v2\/product_cat?post=13834"},{"taxonomy":"product_tag","embeddable":true,"href":"https:\/\/starlediluminacion.com\/en\/wp-json\/wp\/v2\/product_tag?post=13834"}],"curies":[{"name":"wp","href":"https:\/\/api.w.org\/{rel}","templated":true}]}}