{"id":13570,"date":"2024-07-07T11:52:58","date_gmt":"2024-07-07T11:52:58","guid":{"rendered":"https:\/\/starlediluminacion.com\/?post_type=product&#038;p=13570"},"modified":"2024-10-27T10:24:37","modified_gmt":"2024-10-27T10:24:37","slug":"foco-proyector-led-100w-action-pro-osram-chip-duris-e2835","status":"publish","type":"product","link":"https:\/\/starlediluminacion.com\/en\/product\/foco-proyector-led-100w-action-pro-osram-chip-duris-e2835\/","title":{"rendered":"<p>Foco Proyector LED 100W &ndash; ACTION PRO &ndash; OSRAM CHIP DURIS E2835<\/p>"},"content":{"rendered":"<h1>100W LED Floodlight - ACTION PRO - OSRAM CHIP DURIS E2835<p>The&nbsp;<strong>LED Floodlight<\/strong>&nbsp;-&nbsp;<b>ACTION PRO&nbsp;<\/b>-&nbsp;<strong>OSRAM CHIP DURIS E2835<\/strong>- is an impressive lighting device manufactured with high quality materials, such as aluminum and glass, which guarantee durability and resistance. With its 100W power&nbsp;<strong>,<\/strong>&nbsp;this LED floodlight offers powerful and efficient illumination, perfect for a wide range of applications.<\/p><p>One of the outstanding features of this spotlight is its high quality SMD2835 Osram Duris diode, which ensures optimum performance and accurate color rendering with a color rendering index (CRI) of over 80. This means that colors are rendered vibrantly and true to life, providing an exceptional visual experience.<\/p><p>In addition to its light output, the&nbsp;<strong>100W LED Floodlight<\/strong>&nbsp; - ACTION PRO also stands out for its versatility in terms of location of use. Thanks to its classification&nbsp;<strong>IP65<\/strong>With a waterproof and dustproof design, this floodlight is an ideal choice for both indoor and outdoor applications. Whether illuminating a garden, facade, storefront or any other space, this floodlight is ready to meet the challenges of the outdoor environment without compromising performance.<\/p><p>The high-strength baked-on epoxy paint coating of this floodlight not only provides an elegant appearance, but also provides additional protection against corrosion and atmospheric agents, ensuring a long service life and a flawless appearance even in adverse environmental conditions.<\/p><p>&nbsp;<\/p><p>The 100W LED Spotlight - ACTION PRO - OSRAM CHIP DURIS E2835- IP65 features easy installation, making it a convenient choice for users of all experience levels.  Thanks to its well thought-out design and compact structure, this LED floodlight can be installed quickly and easily in different environments. It comes with all necessary components, such as cables and brackets, to facilitate the installation process.<\/p><p>&nbsp;<\/p><p>The&nbsp;<strong>LED Floodlight<\/strong>&nbsp;-&nbsp;<b>ACTION PRO&nbsp;<\/b>-&nbsp;<strong>OSRAM CHIP DURIS E2835-<\/strong>&nbsp;<strong>IP65<\/strong>&nbsp;has a wide range of uses due to its power, durability and resistance to the elements. Some of the most frequent uses of this projector include:<\/p><ul>\n<li>Outdoor lighting: Thanks to its IP65 rating, this floodlight is perfect for illuminating outdoor areas such as gardens, patios, building facades, parks, parking lots, among others. It provides bright and uniform illumination that enhances safety, aesthetics and visibility in outdoor environments.<\/li>\n<li>Security lighting: The 100W LED floodlight is ideal for increasing security in high-risk areas, such as entrances, dark corridors or garages. Its powerful light effectively illuminates spaces, deterring intruders and providing peace of mind.<\/li>\n<li>Event and performance lighting: Due to its ability to create intense and focused illumination, this floodlight is commonly used in outdoor events, concerts, festivals, exhibitions and stage performances. It provides striking illumination that highlights specific elements and creates a dynamic ambiance.<\/li>\n<li>Shop window and display lighting: The 100W LED Spotlight is a popular choice for highlighting products, displays and showcases in stores, museums and galleries. Its bright, focused light highlights details and creates visual impact to capture the attention of viewers.<\/li>\n<li>Indoor lighting: Although specially designed for outdoor use, this floodlight can also be used indoors to illuminate specific areas, such as showrooms, corridors, event halls and more.<\/li>\n<\/ul><h3 class=\"h6\">Product Data Sheet<\/h3><dl class=\"data-sheet\">\n<dt class=\"name\"><img loading=\"lazy\" decoding=\"async\" src=\"https:\/\/www.factorled.com\/modules\/oa_features\/img\/2-default.jpg\" width=\"32\" height=\"32\">&nbsp;REFERENCE<\/dt>\n<dd class=\"value\">FLACT100W<\/dd>\n<dt class=\"name\"><img loading=\"lazy\" decoding=\"async\" src=\"https:\/\/www.factorled.com\/modules\/oa_features\/img\/3-default.jpg\" width=\"32\" height=\"32\">&nbsp;Nominal Power<\/dt>\n<dd class=\"value\">100w<\/dd>\n<dt class=\"name\"><img loading=\"lazy\" decoding=\"async\" src=\"https:\/\/www.factorled.com\/modules\/oa_features\/img\/4-default.jpg\" width=\"32\" height=\"32\">&nbsp;Nominal Voltage<\/dt>\n<dd class=\"value\">220-240V<\/dd>\n<dt class=\"name\"><img loading=\"lazy\" decoding=\"async\" src=\"https:\/\/www.factorled.com\/modules\/oa_features\/img\/5-default.jpg\" width=\"32\" height=\"32\">&nbsp;Light Temperature<\/dt>\n<dd class=\"value\">4000K - 5700K<\/dd>\n<dt class=\"name\"><img loading=\"lazy\" decoding=\"async\" src=\"https:\/\/www.factorled.com\/modules\/oa_features\/img\/6-default.jpg\" width=\"32\" height=\"32\">&nbsp;CRI -Cromatic Reproduction Index<\/dt>\n<dd class=\"value\">80<\/dd>\n<dt class=\"name\"><img loading=\"lazy\" decoding=\"async\" src=\"https:\/\/www.factorled.com\/modules\/oa_features\/img\/25-default.jpg\" width=\"32\" height=\"32\">&nbsp;Building Material<\/dt>\n<dd class=\"value\">Aluminum + Glass<\/dd>\n<dt class=\"name\"><img loading=\"lazy\" decoding=\"async\" src=\"https:\/\/www.factorled.com\/modules\/oa_features\/img\/8-default.jpg\" width=\"32\" height=\"32\">&nbsp;Luminosity-Lm<\/dt>\n<dd class=\"value\">11000<\/dd>\n<dt class=\"name\"><img loading=\"lazy\" decoding=\"async\" src=\"https:\/\/www.factorled.com\/modules\/oa_features\/img\/9-default.jpg\" width=\"32\" height=\"32\">&nbsp;LED Type<\/dt>\n<dd class=\"value\">SMD 2835 OSRAM CHIP<\/dd>\n<dt class=\"name\"><img loading=\"lazy\" decoding=\"async\" src=\"https:\/\/www.factorled.com\/modules\/oa_features\/img\/10-default.jpg\" width=\"32\" height=\"32\">&nbsp;Opening Angle (\u00ba)<\/dt>\n<dd class=\"value\">120\u00ba<\/dd>\n<dt class=\"name\"><img loading=\"lazy\" decoding=\"async\" src=\"https:\/\/www.factorled.com\/modules\/oa_features\/img\/12-default.jpg\" width=\"32\" height=\"32\">&nbsp;LED Diode Efficiency (Lm\/W)<\/dt>\n<dd class=\"value\">140 Lm\/W<\/dd>\n<dt class=\"name\"><img loading=\"lazy\" decoding=\"async\" src=\"https:\/\/www.factorled.com\/modules\/oa_features\/img\/13-default.jpg\" width=\"32\" height=\"32\">&nbsp;Luminous Efficacy (Lm\/W)<\/dt>\n<dd class=\"value\">110 Lm\/W<\/dd>\n<dt class=\"name\"><img loading=\"lazy\" decoding=\"async\" src=\"https:\/\/www.factorled.com\/modules\/oa_features\/img\/15-default.jpg\" width=\"32\" height=\"32\">&nbsp;Certificates<\/dt>\n<dd class=\"value\">CE - ROHS<\/dd>\n<dt class=\"name\"><img loading=\"lazy\" decoding=\"async\" src=\"https:\/\/www.factorled.com\/modules\/oa_features\/img\/16-default.jpg\" width=\"32\" height=\"32\">&nbsp;IP Rating<\/dt>\n<dd class=\"value\">IP65-Outdoor<\/dd>\n<dt class=\"name\"><img loading=\"lazy\" decoding=\"async\" src=\"https:\/\/www.factorled.com\/modules\/oa_features\/img\/17-default.jpg\" width=\"32\" height=\"32\">&nbsp;Estimated Life LED Diode (H)<\/dt>\n<dd class=\"value\">25000h<\/dd>\n<dt class=\"name\"><img loading=\"lazy\" decoding=\"async\" src=\"https:\/\/www.factorled.com\/modules\/oa_features\/img\/18-default.jpg\" width=\"32\" height=\"32\">&nbsp;Measurements (Mm)<\/dt>\n<dd class=\"value\">243x203x34mm<\/dd>\n<dt class=\"name\"><img loading=\"lazy\" decoding=\"async\" src=\"https:\/\/www.factorled.com\/modules\/oa_features\/img\/20-default.jpg\" width=\"32\" height=\"32\">&nbsp;Power Factor (PF)<\/dt>\n<dd class=\"value\">0.98<\/dd>\n<dt class=\"name\"><img loading=\"lazy\" decoding=\"async\" src=\"https:\/\/www.factorled.com\/modules\/oa_features\/img\/21-default.jpg\" width=\"32\" height=\"32\">&nbsp;Working Frequency (Hz)<\/dt>\n<dd class=\"value\">50\/60Hz<\/dd>\n<dt class=\"name\"><img loading=\"lazy\" decoding=\"async\" src=\"https:\/\/www.factorled.com\/modules\/oa_features\/img\/22-default.jpg\" width=\"32\" height=\"32\">&nbsp;Temperature Range (\u00baC)<\/dt>\n<dd class=\"value\">-20\u00b0C ~ +55\u00b0C<\/dd>\n<dt class=\"name\"><img loading=\"lazy\" decoding=\"async\" src=\"https:\/\/www.factorled.com\/modules\/oa_features\/img\/23-default.jpg\" width=\"32\" height=\"32\">&nbsp;Ignition Cycles<\/dt>\n<dd class=\"value\">100.000<\/dd>\n<dt class=\"name\"><img loading=\"lazy\" decoding=\"async\" src=\"https:\/\/www.factorled.com\/modules\/oa_features\/img\/24-default.jpg\" width=\"32\" height=\"32\">&nbsp;Start-up time (S)<\/dt>\n<dd class=\"value\">0,2s<\/dd>\n<dt class=\"name\"><img loading=\"lazy\" decoding=\"async\" src=\"https:\/\/www.factorled.com\/modules\/oa_features\/img\/26-default.jpg\" width=\"32\" height=\"32\">&nbsp;Additional Information<\/dt>\n<dd class=\"value\">Surge protector 2K<\/dd>\n<dt class=\"name\"><img loading=\"lazy\" decoding=\"async\" src=\"https:\/\/www.factorled.com\/modules\/oa_features\/img\/73-default.jpg\" width=\"32\" height=\"32\">&nbsp;Impact Protection (IK)<\/dt>\n<dd class=\"value\">IK07<\/dd>\n<dt class=\"name\"><img loading=\"lazy\" decoding=\"async\" src=\"https:\/\/www.factorled.com\/modules\/oa_features\/img\/7-default.jpg\" width=\"32\" height=\"32\">&nbsp;Energy Class (2021-UE-2019\/2015)<\/dt>\n<dd class=\"value\">A+<\/dd>\n<dt class=\"name\"><img loading=\"lazy\" decoding=\"async\" src=\"https:\/\/www.factorled.com\/modules\/oa_features\/img\/101-default.jpg\" width=\"32\" height=\"32\">&nbsp;Energy Class (2023 - EU-2019\/2015)<\/dt>\n<dd class=\"value\">E<\/dd>\n<dt class=\"name\"><img loading=\"lazy\" decoding=\"async\" src=\"https:\/\/www.factorled.com\/modules\/oa_features\/img\/75-default.jpg\" width=\"32\" height=\"32\">&nbsp;Warranty Years<\/dt>\n<dd class=\"value\">3<\/dd>\n<\/dl><\/h1>","protected":false},"excerpt":{"rendered":"<div class=\"product-reference\"><strong><label class=\"label\">Reference:<\/label> SLFLACT100W-CW-91922<\/strong>\n<div><\/div>\n<div class=\"product-description-short\">\n<div id=\"product-description-short-3448\">\n<p><strong>100W LED Floodlight<\/strong>&nbsp;<b>- ACTION PRO - OSRAM CHIP DURIS E2835- IP65<\/b>The perfect choice for powerful and long-lasting illumination. This 100W LED floodlight, equipped with OSRAM's cutting-edge CHIP DURIS E2835 technology, delivers bright and efficient illumination. With its IP65 rating, it is water and dust resistant, making it ideal for both indoor and outdoor use. Experience the exceptional quality and performance of this class-leading floodlight!<\/p>\n<p><strong>Color Temperature: 4000K\/5700K<\/strong><\/p>\n<\/div>\n<\/div><\/div>","protected":false},"featured_media":13576,"template":"","meta":{"site-sidebar-layout":"default","site-content-layout":"default","ast-global-header-display":"","ast-main-header-display":"","ast-hfb-above-header-display":"","ast-hfb-below-header-display":"","ast-hfb-mobile-header-display":"","site-post-title":"","ast-breadcrumbs-content":"","ast-featured-img":"","footer-sml-layout":"","theme-transparent-header-meta":"default","adv-header-id-meta":"","stick-header-meta":"","header-above-stick-meta":"","header-main-stick-meta":"","header-below-stick-meta":""},"product_cat":[109,28],"product_tag":[],"class_list":["post-13570","product","type-product","status-publish","has-post-thumbnail","hentry","product_cat-foco-proyector-led-action","product_cat-proyectores-led-exterior-y-jardin"],"yoast_head":"<!-- This site is optimized with the Yoast SEO plugin v27.4 - https:\/\/yoast.com\/product\/yoast-seo-wordpress\/ -->\n<title>Foco Proyector LED 100W - ACTION PRO - OSRAM CHIP DURIS E2835 - STARLED Iluminacion<\/title>\n<meta name=\"robots\" content=\"index, follow, max-snippet:-1, max-image-preview:large, max-video-preview:-1\" \/>\n<link rel=\"canonical\" href=\"https:\/\/starlediluminacion.com\/en\/product\/foco-proyector-led-100w-action-pro-osram-chip-duris-e2835\/\" \/>\n<meta property=\"og:locale\" content=\"en_US\" \/>\n<meta property=\"og:type\" content=\"article\" \/>\n<meta property=\"og:title\" content=\"Foco Proyector LED 100W - ACTION PRO - OSRAM CHIP DURIS E2835 - STARLED Iluminacion\" \/>\n<meta property=\"og:description\" content=\"Referencia: SLFLACT100W-CW-91922      Foco Proyector LED 100W\u00a0- ACTION PRO - OSRAM CHIP DURIS E2835- IP65: La elecci\u00f3n perfecta para iluminaci\u00f3n potente y duradera. Este proyector LED de 100W\u00a0, equipado con la tecnolog\u00eda de vanguardia de OSRAM CHIP DURIS E2835, ofrece una iluminaci\u00f3n brillante y eficiente. Con su clasificaci\u00f3n IP65, es resistente al agua y al polvo, lo que lo hace ideal tanto para uso interior como exterior.\u00a0\u00a1Experimenta la calidad y rendimiento excepcionales de este foco proyector l\u00edder en su categor\u00eda!  Temperatura de Color: 4000K\/5700K\" \/>\n<meta property=\"og:url\" content=\"https:\/\/starlediluminacion.com\/en\/product\/foco-proyector-led-100w-action-pro-osram-chip-duris-e2835\/\" \/>\n<meta property=\"og:site_name\" content=\"STARLED Iluminacion\" \/>\n<meta property=\"article:modified_time\" content=\"2024-10-27T10:24:37+00:00\" \/>\n<meta property=\"og:image\" content=\"https:\/\/starlediluminacion.com\/wp-content\/uploads\/2024\/07\/foco-proyector-led-10w-infinity-osram-chip-duris-e2835.jpg\" \/>\n\t<meta property=\"og:image:width\" content=\"744\" \/>\n\t<meta property=\"og:image:height\" content=\"800\" \/>\n\t<meta property=\"og:image:type\" content=\"image\/jpeg\" \/>\n<meta name=\"twitter:card\" content=\"summary_large_image\" \/>\n<meta name=\"twitter:label1\" content=\"Est. reading time\" \/>\n\t<meta name=\"twitter:data1\" content=\"4 minutes\" \/>\n<script type=\"application\/ld+json\" class=\"yoast-schema-graph\">{\"@context\":\"https:\\\/\\\/schema.org\",\"@graph\":[{\"@type\":\"WebPage\",\"@id\":\"https:\\\/\\\/starlediluminacion.com\\\/producto\\\/foco-proyector-led-100w-action-pro-osram-chip-duris-e2835\\\/\",\"url\":\"https:\\\/\\\/starlediluminacion.com\\\/producto\\\/foco-proyector-led-100w-action-pro-osram-chip-duris-e2835\\\/\",\"name\":\"Foco Proyector LED 100W - ACTION PRO - OSRAM CHIP DURIS E2835 - STARLED Iluminacion\",\"isPartOf\":{\"@id\":\"https:\\\/\\\/starlediluminacion.com\\\/#website\"},\"primaryImageOfPage\":{\"@id\":\"https:\\\/\\\/starlediluminacion.com\\\/producto\\\/foco-proyector-led-100w-action-pro-osram-chip-duris-e2835\\\/#primaryimage\"},\"image\":{\"@id\":\"https:\\\/\\\/starlediluminacion.com\\\/producto\\\/foco-proyector-led-100w-action-pro-osram-chip-duris-e2835\\\/#primaryimage\"},\"thumbnailUrl\":\"https:\\\/\\\/starlediluminacion.com\\\/wp-content\\\/uploads\\\/2024\\\/07\\\/foco-proyector-led-10w-infinity-osram-chip-duris-e2835.jpg\",\"datePublished\":\"2024-07-07T11:52:58+00:00\",\"dateModified\":\"2024-10-27T10:24:37+00:00\",\"breadcrumb\":{\"@id\":\"https:\\\/\\\/starlediluminacion.com\\\/producto\\\/foco-proyector-led-100w-action-pro-osram-chip-duris-e2835\\\/#breadcrumb\"},\"inLanguage\":\"en-US\",\"potentialAction\":[{\"@type\":\"ReadAction\",\"target\":[\"https:\\\/\\\/starlediluminacion.com\\\/producto\\\/foco-proyector-led-100w-action-pro-osram-chip-duris-e2835\\\/\"]}]},{\"@type\":\"ImageObject\",\"inLanguage\":\"en-US\",\"@id\":\"https:\\\/\\\/starlediluminacion.com\\\/producto\\\/foco-proyector-led-100w-action-pro-osram-chip-duris-e2835\\\/#primaryimage\",\"url\":\"https:\\\/\\\/starlediluminacion.com\\\/wp-content\\\/uploads\\\/2024\\\/07\\\/foco-proyector-led-10w-infinity-osram-chip-duris-e2835.jpg\",\"contentUrl\":\"https:\\\/\\\/starlediluminacion.com\\\/wp-content\\\/uploads\\\/2024\\\/07\\\/foco-proyector-led-10w-infinity-osram-chip-duris-e2835.jpg\",\"width\":744,\"height\":800},{\"@type\":\"BreadcrumbList\",\"@id\":\"https:\\\/\\\/starlediluminacion.com\\\/producto\\\/foco-proyector-led-100w-action-pro-osram-chip-duris-e2835\\\/#breadcrumb\",\"itemListElement\":[{\"@type\":\"ListItem\",\"position\":1,\"name\":\"Portada\",\"item\":\"https:\\\/\\\/starlediluminacion.com\\\/\"},{\"@type\":\"ListItem\",\"position\":2,\"name\":\"Shop\",\"item\":\"https:\\\/\\\/starlediluminacion.com\\\/shop-2\\\/\"},{\"@type\":\"ListItem\",\"position\":3,\"name\":\"Foco Proyector LED 100W &#8211; ACTION PRO &#8211; OSRAM CHIP DURIS E2835\"}]},{\"@type\":\"WebSite\",\"@id\":\"https:\\\/\\\/starlediluminacion.com\\\/#website\",\"url\":\"https:\\\/\\\/starlediluminacion.com\\\/\",\"name\":\"STARLED Iluminacion\",\"description\":\"\",\"potentialAction\":[{\"@type\":\"SearchAction\",\"target\":{\"@type\":\"EntryPoint\",\"urlTemplate\":\"https:\\\/\\\/starlediluminacion.com\\\/?s={search_term_string}\"},\"query-input\":{\"@type\":\"PropertyValueSpecification\",\"valueRequired\":true,\"valueName\":\"search_term_string\"}}],\"inLanguage\":\"en-US\"}]}<\/script>\n<!-- \/ Yoast SEO plugin. -->","yoast_head_json":{"title":"Foco Proyector LED 100W - ACTION PRO - OSRAM CHIP DURIS E2835 - STARLED Iluminacion","robots":{"index":"index","follow":"follow","max-snippet":"max-snippet:-1","max-image-preview":"max-image-preview:large","max-video-preview":"max-video-preview:-1"},"canonical":"https:\/\/starlediluminacion.com\/en\/product\/foco-proyector-led-100w-action-pro-osram-chip-duris-e2835\/","og_locale":"en_US","og_type":"article","og_title":"Foco Proyector LED 100W - ACTION PRO - OSRAM CHIP DURIS E2835 - STARLED Iluminacion","og_description":"Referencia: SLFLACT100W-CW-91922      Foco Proyector LED 100W\u00a0- ACTION PRO - OSRAM CHIP DURIS E2835- IP65: La elecci\u00f3n perfecta para iluminaci\u00f3n potente y duradera. Este proyector LED de 100W\u00a0, equipado con la tecnolog\u00eda de vanguardia de OSRAM CHIP DURIS E2835, ofrece una iluminaci\u00f3n brillante y eficiente. Con su clasificaci\u00f3n IP65, es resistente al agua y al polvo, lo que lo hace ideal tanto para uso interior como exterior.\u00a0\u00a1Experimenta la calidad y rendimiento excepcionales de este foco proyector l\u00edder en su categor\u00eda!  Temperatura de Color: 4000K\/5700K","og_url":"https:\/\/starlediluminacion.com\/en\/product\/foco-proyector-led-100w-action-pro-osram-chip-duris-e2835\/","og_site_name":"STARLED Iluminacion","article_modified_time":"2024-10-27T10:24:37+00:00","og_image":[{"width":744,"height":800,"url":"https:\/\/starlediluminacion.com\/wp-content\/uploads\/2024\/07\/foco-proyector-led-10w-infinity-osram-chip-duris-e2835.jpg","type":"image\/jpeg"}],"twitter_card":"summary_large_image","twitter_misc":{"Est. reading time":"4 minutes"},"schema":{"@context":"https:\/\/schema.org","@graph":[{"@type":"WebPage","@id":"https:\/\/starlediluminacion.com\/producto\/foco-proyector-led-100w-action-pro-osram-chip-duris-e2835\/","url":"https:\/\/starlediluminacion.com\/producto\/foco-proyector-led-100w-action-pro-osram-chip-duris-e2835\/","name":"Foco Proyector LED 100W - ACTION PRO - OSRAM CHIP DURIS E2835 - STARLED Iluminacion","isPartOf":{"@id":"https:\/\/starlediluminacion.com\/#website"},"primaryImageOfPage":{"@id":"https:\/\/starlediluminacion.com\/producto\/foco-proyector-led-100w-action-pro-osram-chip-duris-e2835\/#primaryimage"},"image":{"@id":"https:\/\/starlediluminacion.com\/producto\/foco-proyector-led-100w-action-pro-osram-chip-duris-e2835\/#primaryimage"},"thumbnailUrl":"https:\/\/starlediluminacion.com\/wp-content\/uploads\/2024\/07\/foco-proyector-led-10w-infinity-osram-chip-duris-e2835.jpg","datePublished":"2024-07-07T11:52:58+00:00","dateModified":"2024-10-27T10:24:37+00:00","breadcrumb":{"@id":"https:\/\/starlediluminacion.com\/producto\/foco-proyector-led-100w-action-pro-osram-chip-duris-e2835\/#breadcrumb"},"inLanguage":"en-US","potentialAction":[{"@type":"ReadAction","target":["https:\/\/starlediluminacion.com\/producto\/foco-proyector-led-100w-action-pro-osram-chip-duris-e2835\/"]}]},{"@type":"ImageObject","inLanguage":"en-US","@id":"https:\/\/starlediluminacion.com\/producto\/foco-proyector-led-100w-action-pro-osram-chip-duris-e2835\/#primaryimage","url":"https:\/\/starlediluminacion.com\/wp-content\/uploads\/2024\/07\/foco-proyector-led-10w-infinity-osram-chip-duris-e2835.jpg","contentUrl":"https:\/\/starlediluminacion.com\/wp-content\/uploads\/2024\/07\/foco-proyector-led-10w-infinity-osram-chip-duris-e2835.jpg","width":744,"height":800},{"@type":"BreadcrumbList","@id":"https:\/\/starlediluminacion.com\/producto\/foco-proyector-led-100w-action-pro-osram-chip-duris-e2835\/#breadcrumb","itemListElement":[{"@type":"ListItem","position":1,"name":"Portada","item":"https:\/\/starlediluminacion.com\/"},{"@type":"ListItem","position":2,"name":"Shop","item":"https:\/\/starlediluminacion.com\/shop-2\/"},{"@type":"ListItem","position":3,"name":"Foco Proyector LED 100W &#8211; ACTION PRO &#8211; OSRAM CHIP DURIS E2835"}]},{"@type":"WebSite","@id":"https:\/\/starlediluminacion.com\/#website","url":"https:\/\/starlediluminacion.com\/","name":"STARLED Iluminacion","description":"","potentialAction":[{"@type":"SearchAction","target":{"@type":"EntryPoint","urlTemplate":"https:\/\/starlediluminacion.com\/?s={search_term_string}"},"query-input":{"@type":"PropertyValueSpecification","valueRequired":true,"valueName":"search_term_string"}}],"inLanguage":"en-US"}]}},"_links":{"self":[{"href":"https:\/\/starlediluminacion.com\/en\/wp-json\/wp\/v3\/product\/13570","targetHints":{"allow":["GET"]}}],"collection":[{"href":"https:\/\/starlediluminacion.com\/en\/wp-json\/wp\/v3\/product"}],"about":[{"href":"https:\/\/starlediluminacion.com\/en\/wp-json\/wp\/v2\/types\/product"}],"wp:featuredmedia":[{"embeddable":true,"href":"https:\/\/starlediluminacion.com\/en\/wp-json\/wp\/v2\/media\/13576"}],"wp:attachment":[{"href":"https:\/\/starlediluminacion.com\/en\/wp-json\/wp\/v2\/media?parent=13570"}],"wp:term":[{"taxonomy":"product_cat","embeddable":true,"href":"https:\/\/starlediluminacion.com\/en\/wp-json\/wp\/v2\/product_cat?post=13570"},{"taxonomy":"product_tag","embeddable":true,"href":"https:\/\/starlediluminacion.com\/en\/wp-json\/wp\/v2\/product_tag?post=13570"}],"curies":[{"name":"wp","href":"https:\/\/api.w.org\/{rel}","templated":true}]}}