{"id":12894,"date":"2024-05-05T09:51:09","date_gmt":"2024-05-05T09:51:09","guid":{"rendered":"https:\/\/starlediluminacion.com\/?post_type=product&#038;p=12894"},"modified":"2024-05-05T09:54:26","modified_gmt":"2024-05-05T09:54:26","slug":"empotrable-led-7w-circular-negro-orientable-ugr19-cct-color-seleccionable","status":"publish","type":"product","link":"https:\/\/starlediluminacion.com\/en\/product\/recessed-led-7w-circular-black-black-orientable-ugr19-cct-color-selectable-2\/","title":{"rendered":"<p>Recessed LED 7W Circular Black - Adjustable - UGR19 - CCT Selectable Color<\/p>"},"content":{"rendered":"<h1>Recessed LED 7W Circular Black - Adjustable - UGR19 - CCT<p>Imagine perfection in lighting: the&nbsp;<strong>Recessed LED 7W Circular Black<\/strong>&nbsp;is much more than just a luminaire; it is a masterpiece of lighting technology. Once you discover it, you'll never want to go back to conventional lighting again.<\/p><p>&nbsp;<\/p><p>Low glare: Low UGR.<\/p><p>A luminaire with&nbsp;<strong>UGR<\/strong>&nbsp;(Unified Glare Rating) of&nbsp;<strong>19<\/strong>&nbsp;or lower offers a number of advantages in environments where adequate illumination and&nbsp;<strong>glare reduction<\/strong>. The UGR is a parameter that evaluates the visual discomfort caused by glare in a lighting environment.<\/p><p>This means that the lighting is softer and less disturbing for people working, studying or in the illuminated space. An environment with less glare improves visual comfort and reduces eye fatigue. This means that the lighting is softer and less obtrusive for people working, studying or in the illuminated space. An environment with less glare improves visual comfort and reduces eye fatigue. By reducing glare, more efficient lighting can be achieved, as less general or accent lighting can be used to achieve the same level of visibility. This can contribute to reduced energy consumption and, therefore, energy cost savings.<\/p><p>Low UGR lighting creates a more pleasant and inviting environment, which can have a positive impact on the well-being and productivity of the people in that space. A more comfortable and inviting environment can increase user satisfaction.<\/p><p>&nbsp;<\/p><p>Adaptive Brightness:<\/p><p>One of the most amazing features of this LED downlight is its ability to change the color of the light to your liking. Thanks to its innovative switch on the back of the fixture, you can select between<strong>&nbsp;three color options: warm white, neutral or cool white<\/strong>Want to create a cozy atmosphere in your living room? Opt for warm white. Need bright, focused light in your workspace? Choose cool white. Maybe something in between for a versatile room? Neutral white is the perfect choice - you're in total control!<\/p><p>Outstanding Energy Efficiency:<\/p><p>With a&nbsp;<strong>power<\/strong>&nbsp;of only&nbsp;<strong>7W<\/strong>this&nbsp;<strong>recessed LED<\/strong>&nbsp;is an energy-efficient powerhouse. Despite its low energy consumption, it provides bright, crisp illumination with a&nbsp;<strong>60 degree light angle<\/strong>. Goodbye to high electricity costs and hello to a more environmentally friendly energy bill.<\/p><p>Adjustable:<\/p><p>Our LED downlight is not just another one in the market. Its design<strong>&nbsp;addressable<\/strong>&nbsp;allows you to direct the light exactly where you need it,&nbsp;<strong>360\u00ba rotation<\/strong>&nbsp;and has a&nbsp;<strong>24\u00ba rotation<\/strong>&nbsp;to adjust according to the needs of each space. No more uncomfortable shadows or poorly lit areas - create the perfect atmosphere by simply adjusting the light direction!<\/p><p>Unmatched durability:<\/p><p>Made of polycarbonate (PC), this LED downlight is tough and durable. Its high quality construction ensures that it will last for years without losing its splendor. No more worries about replacing bulbs or fixtures frequently.<\/p><p>Simple installation:<\/p><p>Installation of this LED downlight is child's play. It comes with all the necessary instructions and parts, so you can have it up and running in minutes, no need to hire an electrician.<\/p><p>&nbsp;<\/p><h2>Uses of the Recessed LED 7W Circular Black - Adjustable - UGR19 - CCT<\/h2><p>The&nbsp;<strong>Recessed LED 7W Circular Black<\/strong>&nbsp;is as versatile as it is powerful. You can use it in a variety of environments:<\/p><ul>\n<li>In your home: Beautify your living room, kitchen, bedroom or any other space with this stylish and functional light fixture. Adjust the color of the light to create the perfect atmosphere at any time.<\/li>\n<li>In your office: Increase your productivity and create an optimal working environment with a bright white light on your desk or work area.<\/li>\n<li>In stores and stores: Highlight your products and attract customers with clear and attractive lighting.<\/li>\n<li>In restaurants and bars: Create a cozy or lively atmosphere depending on the occasion, all with a single LED downlight.<\/li>\n<li>In commercial spaces: Whether it's a showroom, an art gallery or anywhere else, this luminaire will add a special touch to your space.<\/li>\n<\/ul><p>In summary, the&nbsp;<strong>Recessed LED 7W<\/strong>&nbsp;<strong>Circular Black<\/strong>&nbsp;with&nbsp;<strong>CCT<\/strong>&nbsp;is the perfect lighting companion that gives you control, efficiency and durability. Add a touch of style to your environment and experience next-generation lighting - don't wait any longer to make this marvel of lighting technology yours! Transform your spaces and create the perfect ambiance with a single click.<\/p><h3 class=\"h6\">Product Data Sheet<\/h3><dl class=\"data-sheet\">\n<dt class=\"name\"><img loading=\"lazy\" decoding=\"async\" src=\"https:\/\/www.factorled.com\/modules\/oa_features\/img\/2-default.jpg\" width=\"32\" height=\"32\">&nbsp;REFERENCE<\/dt>\n<dd class=\"value\">LSPL7W-CCT-91270<\/dd>\n<dt class=\"name\"><img loading=\"lazy\" decoding=\"async\" src=\"https:\/\/www.factorled.com\/modules\/oa_features\/img\/3-default.jpg\" width=\"32\" height=\"32\">&nbsp;Nominal Power<\/dt>\n<dd class=\"value\">7W<\/dd>\n<dt class=\"name\"><img loading=\"lazy\" decoding=\"async\" src=\"https:\/\/www.factorled.com\/modules\/oa_features\/img\/4-default.jpg\" width=\"32\" height=\"32\">&nbsp;Nominal Voltage<\/dt>\n<dd class=\"value\">220-240V<\/dd>\n<dt class=\"name\"><img loading=\"lazy\" decoding=\"async\" src=\"https:\/\/www.factorled.com\/modules\/oa_features\/img\/5-default.jpg\" width=\"32\" height=\"32\">&nbsp;Light Temperature<\/dt>\n<dd class=\"value\">3000K - 4200K - 6500K<\/dd>\n<dt class=\"name\"><img loading=\"lazy\" decoding=\"async\" src=\"https:\/\/www.factorled.com\/modules\/oa_features\/img\/6-default.jpg\" width=\"32\" height=\"32\">&nbsp;CRI -Cromatic Reproduction Index<\/dt>\n<dd class=\"value\">80<\/dd>\n<dt class=\"name\"><img loading=\"lazy\" decoding=\"async\" src=\"https:\/\/www.factorled.com\/modules\/oa_features\/img\/25-default.jpg\" width=\"32\" height=\"32\">&nbsp;Building Material<\/dt>\n<dd class=\"value\">Thermoplastic<\/dd>\n<dt class=\"name\"><img loading=\"lazy\" decoding=\"async\" src=\"https:\/\/www.factorled.com\/modules\/oa_features\/img\/8-default.jpg\" width=\"32\" height=\"32\">&nbsp;Luminosity-Lm<\/dt>\n<dd class=\"value\">700<\/dd>\n<dt class=\"name\"><img loading=\"lazy\" decoding=\"async\" src=\"https:\/\/www.factorled.com\/modules\/oa_features\/img\/9-default.jpg\" width=\"32\" height=\"32\">&nbsp;LED Type<\/dt>\n<dd class=\"value\">SMD 4014<\/dd>\n<dt class=\"name\"><img loading=\"lazy\" decoding=\"async\" src=\"https:\/\/www.factorled.com\/modules\/oa_features\/img\/10-default.jpg\" width=\"32\" height=\"32\">&nbsp;Opening Angle (\u00ba)<\/dt>\n<dd class=\"value\">60\u00ba<\/dd>\n<dt class=\"name\"><img loading=\"lazy\" decoding=\"async\" src=\"https:\/\/www.factorled.com\/modules\/oa_features\/img\/11-default.jpg\" width=\"32\" height=\"32\">&nbsp;Dimable<\/dt>\n<dd class=\"value\">No<\/dd>\n<dt class=\"name\"><img loading=\"lazy\" decoding=\"async\" src=\"https:\/\/www.factorled.com\/modules\/oa_features\/img\/11-default.jpg\" width=\"32\" height=\"32\">&nbsp;Dimable<\/dt>\n<dd class=\"value\">No<\/dd>\n<dt class=\"name\"><img loading=\"lazy\" decoding=\"async\" src=\"https:\/\/www.factorled.com\/modules\/oa_features\/img\/15-default.jpg\" width=\"32\" height=\"32\">&nbsp;Certificates<\/dt>\n<dd class=\"value\">CE - ROHS<\/dd>\n<dt class=\"name\"><img loading=\"lazy\" decoding=\"async\" src=\"https:\/\/www.factorled.com\/modules\/oa_features\/img\/16-default.jpg\" width=\"32\" height=\"32\">&nbsp;IP Rating<\/dt>\n<dd class=\"value\">IP40<\/dd>\n<dt class=\"name\"><img loading=\"lazy\" decoding=\"async\" src=\"https:\/\/www.factorled.com\/modules\/oa_features\/img\/17-default.jpg\" width=\"32\" height=\"32\">&nbsp;Estimated Life LED Diode (H)<\/dt>\n<dd class=\"value\">25000<\/dd>\n<dt class=\"name\"><img loading=\"lazy\" decoding=\"async\" src=\"https:\/\/www.factorled.com\/modules\/oa_features\/img\/18-default.jpg\" width=\"32\" height=\"32\">&nbsp;Measurements (Mm)<\/dt>\n<dd class=\"value\">\u00d890xH44.5mm<\/dd>\n<dt class=\"name\"><img loading=\"lazy\" decoding=\"async\" src=\"https:\/\/www.factorled.com\/modules\/oa_features\/img\/21-default.jpg\" width=\"32\" height=\"32\">&nbsp;Working Frequency (Hz)<\/dt>\n<dd class=\"value\">50\/60Hz<\/dd>\n<dt class=\"name\"><img loading=\"lazy\" decoding=\"async\" src=\"https:\/\/www.factorled.com\/modules\/oa_features\/img\/22-default.jpg\" width=\"32\" height=\"32\">&nbsp;Temperature Range (\u00baC)<\/dt>\n<dd class=\"value\">-25\u00baC ~ +45\u00baC<\/dd>\n<dt class=\"name\"><img loading=\"lazy\" decoding=\"async\" src=\"https:\/\/www.factorled.com\/modules\/oa_features\/img\/23-default.jpg\" width=\"32\" height=\"32\">&nbsp;Ignition Cycles<\/dt>\n<dd class=\"value\">100.000<\/dd>\n<dt class=\"name\"><img loading=\"lazy\" decoding=\"async\" src=\"https:\/\/www.factorled.com\/modules\/oa_features\/img\/24-default.jpg\" width=\"32\" height=\"32\">&nbsp;Start-up time (S)<\/dt>\n<dd class=\"value\">0,2s<\/dd>\n<dt class=\"name\"><img loading=\"lazy\" decoding=\"async\" src=\"https:\/\/www.factorled.com\/modules\/oa_features\/img\/27-default.jpg\" width=\"32\" height=\"32\">&nbsp;Ceiling Cut (Mm)<\/dt>\n<dd class=\"value\">\u00d8 70mm<\/dd>\n<dt class=\"name\"><img loading=\"lazy\" decoding=\"async\" src=\"https:\/\/www.factorled.com\/modules\/oa_features\/img\/72-default.jpg\" width=\"32\" height=\"32\">&nbsp;Glare Index (UGR)<\/dt>\n<dd class=\"value\">19<\/dd>\n<dt class=\"name\"><img loading=\"lazy\" decoding=\"async\" src=\"https:\/\/www.factorled.com\/modules\/oa_features\/img\/74-default.jpg\" width=\"32\" height=\"32\">&nbsp;Driver Included<\/dt>\n<dd class=\"value\">YES<\/dd>\n<dt class=\"name\"><img loading=\"lazy\" decoding=\"async\" src=\"https:\/\/www.factorled.com\/modules\/oa_features\/img\/7-default.jpg\" width=\"32\" height=\"32\">&nbsp;Energy Class (2021-UE-2019\/2015)<\/dt>\n<dd class=\"value\">A+<\/dd>\n<dt class=\"name\"><img loading=\"lazy\" decoding=\"async\" src=\"https:\/\/www.factorled.com\/modules\/oa_features\/img\/101-default.jpg\" width=\"32\" height=\"32\">&nbsp;Energy Class (2023 - EU-2019\/2015)<\/dt>\n<dd class=\"value\">G<\/dd>\n<dt class=\"name\"><img loading=\"lazy\" decoding=\"async\" src=\"https:\/\/www.factorled.com\/modules\/oa_features\/img\/75-default.jpg\" width=\"32\" height=\"32\">&nbsp;Warranty Years<\/dt>\n<dd class=\"value\">3<\/dd>\n<\/dl><\/h1>","protected":false},"excerpt":{"rendered":"<div class=\"product-reference\"><label class=\"label\">Reference:<\/label> SLLSPL7W-CCT-91270\n<div><\/div>\n<div class=\"product-description-short\">\n<div id=\"product-description-short-3020\">\n<p><strong>Black Recessed Spotlight - UGR19 - LED Circular<\/strong>&nbsp;<strong>orientable&nbsp;<\/strong>with&nbsp;<strong>7W&nbsp;<\/strong>power. With an opening angle of<strong>&nbsp;60\u00ba<\/strong>The lighting is more direct to focus the light on specific points. It stands out because it can<strong>&nbsp;rotate 360\u00ba and rotate 24\u00ba.<\/strong>&nbsp;lighting to any space of interest.<\/p>\n<p>Technology&nbsp;<strong>CCT<\/strong>the&nbsp;<strong>light<\/strong>&nbsp;white can be selected in&nbsp;<strong>3000K, 4000K and 6000K<\/strong>. Easy assembly and installation.<\/p>\n<p><i class=\"fa fa-truck\"><\/i>&nbsp;<span class=\"text-muted textprop\">Delivery in 24\/48 hours<\/span><\/p>\n<\/div>\n<\/div><\/div>","protected":false},"featured_media":12899,"template":"","meta":{"site-sidebar-layout":"default","site-content-layout":"default","ast-global-header-display":"","ast-main-header-display":"","ast-hfb-above-header-display":"","ast-hfb-below-header-display":"","ast-hfb-mobile-header-display":"","site-post-title":"","ast-breadcrumbs-content":"","ast-featured-img":"","footer-sml-layout":"","theme-transparent-header-meta":"default","adv-header-id-meta":"","stick-header-meta":"","header-above-stick-meta":"","header-main-stick-meta":"","header-below-stick-meta":""},"product_cat":[27,70],"product_tag":[],"class_list":["post-12894","product","type-product","status-publish","has-post-thumbnail","hentry","product_cat-downlight-plafones-y-placas-led","product_cat-focos-downlight-led"],"yoast_head":"<!-- This site is optimized with the Yoast SEO plugin v27.4 - https:\/\/yoast.com\/product\/yoast-seo-wordpress\/ -->\n<title>Empotrable LED 7W Circular Negro - Orientable - UGR19 - CCT Color Seleccionable - STARLED Iluminacion<\/title>\n<meta name=\"robots\" content=\"index, follow, max-snippet:-1, max-image-preview:large, max-video-preview:-1\" \/>\n<link rel=\"canonical\" href=\"https:\/\/starlediluminacion.com\/en\/product\/recessed-led-7w-circular-black-black-orientable-ugr19-cct-color-selectable-2\/\" \/>\n<meta property=\"og:locale\" content=\"en_US\" \/>\n<meta property=\"og:type\" content=\"article\" \/>\n<meta property=\"og:title\" content=\"Empotrable LED 7W Circular Negro - Orientable - UGR19 - CCT Color Seleccionable - STARLED Iluminacion\" \/>\n<meta property=\"og:description\" content=\"Referencia: SLLSPL7W-CCT-91270      Foco Negro empotrable\u00a0- UGR19 - LED Circular\u00a0orientable\u00a0con\u00a07W\u00a0de potencia. Con un \u00e1ngulo de apertura de\u00a060\u00ba, por lo que la iluminaci\u00f3n es m\u00e1s directa para centrar la luz un puntos espec\u00edficos. Destaca por que puede\u00a0girar 360\u00ba y rotar 24\u00ba\u00a0consiguiendo dar una iluminaci\u00f3n a cualquier espacio que interese.  Tecnolog\u00eda\u00a0CCT, la\u00a0luz\u00a0blanca se puede seleccionar en\u00a03000K, 4000K y 6000K. F\u00e1cil montaje e instalaci\u00f3n.  \u00a0Entrega en 24\/48 horas\" \/>\n<meta property=\"og:url\" content=\"https:\/\/starlediluminacion.com\/en\/product\/recessed-led-7w-circular-black-black-orientable-ugr19-cct-color-selectable-2\/\" \/>\n<meta property=\"og:site_name\" content=\"STARLED Iluminacion\" \/>\n<meta property=\"article:modified_time\" content=\"2024-05-05T09:54:26+00:00\" \/>\n<meta property=\"og:image\" content=\"https:\/\/starlediluminacion.com\/wp-content\/uploads\/2024\/05\/empotrable-led-7w-circular-negro-orientable-ugr19-cct-color-seleccionable.jpg\" \/>\n\t<meta property=\"og:image:width\" content=\"744\" \/>\n\t<meta property=\"og:image:height\" content=\"800\" \/>\n\t<meta property=\"og:image:type\" content=\"image\/jpeg\" \/>\n<meta name=\"twitter:card\" content=\"summary_large_image\" \/>\n<meta name=\"twitter:label1\" content=\"Est. reading time\" \/>\n\t<meta name=\"twitter:data1\" content=\"5 minutes\" \/>\n<script type=\"application\/ld+json\" class=\"yoast-schema-graph\">{\"@context\":\"https:\\\/\\\/schema.org\",\"@graph\":[{\"@type\":\"WebPage\",\"@id\":\"https:\\\/\\\/starlediluminacion.com\\\/producto\\\/empotrable-led-7w-circular-negro-orientable-ugr19-cct-color-seleccionable\\\/\",\"url\":\"https:\\\/\\\/starlediluminacion.com\\\/producto\\\/empotrable-led-7w-circular-negro-orientable-ugr19-cct-color-seleccionable\\\/\",\"name\":\"Empotrable LED 7W Circular Negro - Orientable - UGR19 - CCT Color Seleccionable - STARLED Iluminacion\",\"isPartOf\":{\"@id\":\"https:\\\/\\\/starlediluminacion.com\\\/#website\"},\"primaryImageOfPage\":{\"@id\":\"https:\\\/\\\/starlediluminacion.com\\\/producto\\\/empotrable-led-7w-circular-negro-orientable-ugr19-cct-color-seleccionable\\\/#primaryimage\"},\"image\":{\"@id\":\"https:\\\/\\\/starlediluminacion.com\\\/producto\\\/empotrable-led-7w-circular-negro-orientable-ugr19-cct-color-seleccionable\\\/#primaryimage\"},\"thumbnailUrl\":\"https:\\\/\\\/starlediluminacion.com\\\/wp-content\\\/uploads\\\/2024\\\/05\\\/empotrable-led-7w-circular-negro-orientable-ugr19-cct-color-seleccionable.jpg\",\"datePublished\":\"2024-05-05T09:51:09+00:00\",\"dateModified\":\"2024-05-05T09:54:26+00:00\",\"breadcrumb\":{\"@id\":\"https:\\\/\\\/starlediluminacion.com\\\/producto\\\/empotrable-led-7w-circular-negro-orientable-ugr19-cct-color-seleccionable\\\/#breadcrumb\"},\"inLanguage\":\"en-US\",\"potentialAction\":[{\"@type\":\"ReadAction\",\"target\":[\"https:\\\/\\\/starlediluminacion.com\\\/producto\\\/empotrable-led-7w-circular-negro-orientable-ugr19-cct-color-seleccionable\\\/\"]}]},{\"@type\":\"ImageObject\",\"inLanguage\":\"en-US\",\"@id\":\"https:\\\/\\\/starlediluminacion.com\\\/producto\\\/empotrable-led-7w-circular-negro-orientable-ugr19-cct-color-seleccionable\\\/#primaryimage\",\"url\":\"https:\\\/\\\/starlediluminacion.com\\\/wp-content\\\/uploads\\\/2024\\\/05\\\/empotrable-led-7w-circular-negro-orientable-ugr19-cct-color-seleccionable.jpg\",\"contentUrl\":\"https:\\\/\\\/starlediluminacion.com\\\/wp-content\\\/uploads\\\/2024\\\/05\\\/empotrable-led-7w-circular-negro-orientable-ugr19-cct-color-seleccionable.jpg\",\"width\":744,\"height\":800},{\"@type\":\"BreadcrumbList\",\"@id\":\"https:\\\/\\\/starlediluminacion.com\\\/producto\\\/empotrable-led-7w-circular-negro-orientable-ugr19-cct-color-seleccionable\\\/#breadcrumb\",\"itemListElement\":[{\"@type\":\"ListItem\",\"position\":1,\"name\":\"Portada\",\"item\":\"https:\\\/\\\/starlediluminacion.com\\\/\"},{\"@type\":\"ListItem\",\"position\":2,\"name\":\"Shop\",\"item\":\"https:\\\/\\\/starlediluminacion.com\\\/shop-2\\\/\"},{\"@type\":\"ListItem\",\"position\":3,\"name\":\"Empotrable LED 7W Circular Negro &#8211; Orientable &#8211; UGR19 &#8211; CCT Color Seleccionable\"}]},{\"@type\":\"WebSite\",\"@id\":\"https:\\\/\\\/starlediluminacion.com\\\/#website\",\"url\":\"https:\\\/\\\/starlediluminacion.com\\\/\",\"name\":\"STARLED Iluminacion\",\"description\":\"\",\"potentialAction\":[{\"@type\":\"SearchAction\",\"target\":{\"@type\":\"EntryPoint\",\"urlTemplate\":\"https:\\\/\\\/starlediluminacion.com\\\/?s={search_term_string}\"},\"query-input\":{\"@type\":\"PropertyValueSpecification\",\"valueRequired\":true,\"valueName\":\"search_term_string\"}}],\"inLanguage\":\"en-US\"}]}<\/script>\n<!-- \/ Yoast SEO plugin. -->","yoast_head_json":{"title":"Empotrable LED 7W Circular Negro - Orientable - UGR19 - CCT Color Seleccionable - STARLED Iluminacion","robots":{"index":"index","follow":"follow","max-snippet":"max-snippet:-1","max-image-preview":"max-image-preview:large","max-video-preview":"max-video-preview:-1"},"canonical":"https:\/\/starlediluminacion.com\/en\/product\/recessed-led-7w-circular-black-black-orientable-ugr19-cct-color-selectable-2\/","og_locale":"en_US","og_type":"article","og_title":"Empotrable LED 7W Circular Negro - Orientable - UGR19 - CCT Color Seleccionable - STARLED Iluminacion","og_description":"Referencia: SLLSPL7W-CCT-91270      Foco Negro empotrable\u00a0- UGR19 - LED Circular\u00a0orientable\u00a0con\u00a07W\u00a0de potencia. Con un \u00e1ngulo de apertura de\u00a060\u00ba, por lo que la iluminaci\u00f3n es m\u00e1s directa para centrar la luz un puntos espec\u00edficos. Destaca por que puede\u00a0girar 360\u00ba y rotar 24\u00ba\u00a0consiguiendo dar una iluminaci\u00f3n a cualquier espacio que interese.  Tecnolog\u00eda\u00a0CCT, la\u00a0luz\u00a0blanca se puede seleccionar en\u00a03000K, 4000K y 6000K. F\u00e1cil montaje e instalaci\u00f3n.  \u00a0Entrega en 24\/48 horas","og_url":"https:\/\/starlediluminacion.com\/en\/product\/recessed-led-7w-circular-black-black-orientable-ugr19-cct-color-selectable-2\/","og_site_name":"STARLED Iluminacion","article_modified_time":"2024-05-05T09:54:26+00:00","og_image":[{"width":744,"height":800,"url":"https:\/\/starlediluminacion.com\/wp-content\/uploads\/2024\/05\/empotrable-led-7w-circular-negro-orientable-ugr19-cct-color-seleccionable.jpg","type":"image\/jpeg"}],"twitter_card":"summary_large_image","twitter_misc":{"Est. reading time":"5 minutes"},"schema":{"@context":"https:\/\/schema.org","@graph":[{"@type":"WebPage","@id":"https:\/\/starlediluminacion.com\/producto\/empotrable-led-7w-circular-negro-orientable-ugr19-cct-color-seleccionable\/","url":"https:\/\/starlediluminacion.com\/producto\/empotrable-led-7w-circular-negro-orientable-ugr19-cct-color-seleccionable\/","name":"Empotrable LED 7W Circular Negro - Orientable - UGR19 - CCT Color Seleccionable - STARLED Iluminacion","isPartOf":{"@id":"https:\/\/starlediluminacion.com\/#website"},"primaryImageOfPage":{"@id":"https:\/\/starlediluminacion.com\/producto\/empotrable-led-7w-circular-negro-orientable-ugr19-cct-color-seleccionable\/#primaryimage"},"image":{"@id":"https:\/\/starlediluminacion.com\/producto\/empotrable-led-7w-circular-negro-orientable-ugr19-cct-color-seleccionable\/#primaryimage"},"thumbnailUrl":"https:\/\/starlediluminacion.com\/wp-content\/uploads\/2024\/05\/empotrable-led-7w-circular-negro-orientable-ugr19-cct-color-seleccionable.jpg","datePublished":"2024-05-05T09:51:09+00:00","dateModified":"2024-05-05T09:54:26+00:00","breadcrumb":{"@id":"https:\/\/starlediluminacion.com\/producto\/empotrable-led-7w-circular-negro-orientable-ugr19-cct-color-seleccionable\/#breadcrumb"},"inLanguage":"en-US","potentialAction":[{"@type":"ReadAction","target":["https:\/\/starlediluminacion.com\/producto\/empotrable-led-7w-circular-negro-orientable-ugr19-cct-color-seleccionable\/"]}]},{"@type":"ImageObject","inLanguage":"en-US","@id":"https:\/\/starlediluminacion.com\/producto\/empotrable-led-7w-circular-negro-orientable-ugr19-cct-color-seleccionable\/#primaryimage","url":"https:\/\/starlediluminacion.com\/wp-content\/uploads\/2024\/05\/empotrable-led-7w-circular-negro-orientable-ugr19-cct-color-seleccionable.jpg","contentUrl":"https:\/\/starlediluminacion.com\/wp-content\/uploads\/2024\/05\/empotrable-led-7w-circular-negro-orientable-ugr19-cct-color-seleccionable.jpg","width":744,"height":800},{"@type":"BreadcrumbList","@id":"https:\/\/starlediluminacion.com\/producto\/empotrable-led-7w-circular-negro-orientable-ugr19-cct-color-seleccionable\/#breadcrumb","itemListElement":[{"@type":"ListItem","position":1,"name":"Portada","item":"https:\/\/starlediluminacion.com\/"},{"@type":"ListItem","position":2,"name":"Shop","item":"https:\/\/starlediluminacion.com\/shop-2\/"},{"@type":"ListItem","position":3,"name":"Empotrable LED 7W Circular Negro &#8211; Orientable &#8211; UGR19 &#8211; CCT Color Seleccionable"}]},{"@type":"WebSite","@id":"https:\/\/starlediluminacion.com\/#website","url":"https:\/\/starlediluminacion.com\/","name":"STARLED Iluminacion","description":"","potentialAction":[{"@type":"SearchAction","target":{"@type":"EntryPoint","urlTemplate":"https:\/\/starlediluminacion.com\/?s={search_term_string}"},"query-input":{"@type":"PropertyValueSpecification","valueRequired":true,"valueName":"search_term_string"}}],"inLanguage":"en-US"}]}},"_links":{"self":[{"href":"https:\/\/starlediluminacion.com\/en\/wp-json\/wp\/v3\/product\/12894","targetHints":{"allow":["GET"]}}],"collection":[{"href":"https:\/\/starlediluminacion.com\/en\/wp-json\/wp\/v3\/product"}],"about":[{"href":"https:\/\/starlediluminacion.com\/en\/wp-json\/wp\/v2\/types\/product"}],"wp:featuredmedia":[{"embeddable":true,"href":"https:\/\/starlediluminacion.com\/en\/wp-json\/wp\/v2\/media\/12899"}],"wp:attachment":[{"href":"https:\/\/starlediluminacion.com\/en\/wp-json\/wp\/v2\/media?parent=12894"}],"wp:term":[{"taxonomy":"product_cat","embeddable":true,"href":"https:\/\/starlediluminacion.com\/en\/wp-json\/wp\/v2\/product_cat?post=12894"},{"taxonomy":"product_tag","embeddable":true,"href":"https:\/\/starlediluminacion.com\/en\/wp-json\/wp\/v2\/product_tag?post=12894"}],"curies":[{"name":"wp","href":"https:\/\/api.w.org\/{rel}","templated":true}]}}