{"id":12305,"date":"2024-01-04T15:06:47","date_gmt":"2024-01-04T15:06:47","guid":{"rendered":"https:\/\/starlediluminacion.com\/?post_type=product&#038;p=12305"},"modified":"2024-06-16T14:49:18","modified_gmt":"2024-06-16T14:49:18","slug":"tira-led-220v-120xled-m-20m-smd2835-1540lm-m-14w-m-ip67-corte-cada-10cm-2","status":"publish","type":"product","link":"https:\/\/starlediluminacion.com\/en\/product\/tira-led-220v-120xled-m-20m-smd2835-1540lm-m-14w-m-ip67-corte-cada-10cm-2\/","title":{"rendered":"<p>LED Strip 220V | 120xLED\/M | 20m | SMD2835 | 1540Lm\/M | 14W\/M | IP67 | Cut Every 10cm | Cut Every 10cm<\/p>"},"content":{"rendered":"<h1>LED Strip 220V | 120xLED\/m | 20m | SMD2835 | 1450Lm\/M | 14W\/M | IP67 | Cut every 10cm | Cut every 10cm<p>This&nbsp;<strong>LED Strip 220V<\/strong>&nbsp;DC 120LED\/m<strong>&nbsp;IP67<\/strong>&nbsp;has a length of&nbsp;<strong>20 meters<\/strong>&nbsp;and integrates&nbsp;<b>120&nbsp;<\/b><strong>LED<\/strong>&nbsp;technology&nbsp;<strong>SMD2835<\/strong>&nbsp;that only consume a small amount of energy.&nbsp;<strong>14w&nbsp;<\/strong>per meter. The bright, colorful light it emits is spread over an angle of 120\u00ba.<\/p><p>Our LED strip is self-adhesive for easy installation. It can be&nbsp;<strong>regular<\/strong>&nbsp;the intensity of the LED strips<\/p><p>This SMD2835 LED Strip has the following features&nbsp;<strong>120 chips per meter<\/strong>with its&nbsp;<b>CRI &gt;82<\/b>&nbsp;we get the colors look very real. This makes this LED strip perfect for illuminating spaces where we want the colors to look perfect.<\/p><p>The&nbsp;<strong>LED strip<\/strong>&nbsp;can be cut and joined by the spaces indicated on the strip (copper junction area), always following the relevant instructions (be careful that the soldering iron maintains a brief contact with the strip when soldering, since excessive heat will damage the conductor).<\/p><p>In order to increase the life of the LED strip, the following should be considered when installing it&nbsp;<strong>recommended<\/strong>&nbsp;use the double-sided heatsink tape, as well as place it on top of the&nbsp;<strong>aluminum profile<\/strong>for proper heat management of the LED strip itself.<\/p><p>LED strips are ideal for lighting any kind of corner or element of your business and home, thanks to their flexibility. It can be said that one of its main advantages is the great&nbsp;<strong>versatility of use<\/strong>&nbsp;They can be installed in any area and adapt to any corner, so they can be placed in any position, due to their&nbsp;<strong>linear adaptable design.<\/strong><\/p><h2>\n<strong>Uses of LED Strip 220V | 120xLED\/m | 20m | SMD2835 | 1450Lm\/M | 14W\/M | IP67 | Cutting every 10cm | SMD2835 | 1450Lm\/M | 14W\/M | IP67 | Cutting every 10cm<\/strong><\/h2><ul>\n<li>&nbsp;&nbsp;&nbsp; In libraries<\/li>\n<li>&nbsp;&nbsp;&nbsp; Bars<\/li>\n<li>&nbsp;&nbsp;&nbsp; Home<\/li>\n<li>&nbsp;&nbsp;&nbsp; Restaurants<\/li>\n<li>&nbsp;&nbsp;&nbsp; Covers<\/li>\n<\/ul><h3 class=\"h6\">Product Data Sheet<\/h3><dl class=\"data-sheet\">\n<dt class=\"name\"><img loading=\"lazy\" decoding=\"async\" src=\"https:\/\/www.factorled.com\/modules\/oa_features\/img\/2-default.jpg\" width=\"32\" height=\"32\">&nbsp;REFERENCE<\/dt>\n<dd class=\"value\">SP120D14W<\/dd>\n<dt class=\"name\"><img loading=\"lazy\" decoding=\"async\" src=\"https:\/\/www.factorled.com\/modules\/oa_features\/img\/3-default.jpg\" width=\"32\" height=\"32\">&nbsp;Nominal Power<\/dt>\n<dd class=\"value\">14W<\/dd>\n<dt class=\"name\"><img loading=\"lazy\" decoding=\"async\" src=\"https:\/\/www.factorled.com\/modules\/oa_features\/img\/4-default.jpg\" width=\"32\" height=\"32\">&nbsp;Nominal Voltage<\/dt>\n<dd class=\"value\">220-240 V AC<\/dd>\n<dt class=\"name\"><img loading=\"lazy\" decoding=\"async\" src=\"https:\/\/www.factorled.com\/modules\/oa_features\/img\/5-default.jpg\" width=\"32\" height=\"32\">&nbsp;Light Temperature<\/dt>\n<dd class=\"value\">2300K - 2700K - 4000K - 6000K<\/dd>\n<dt class=\"name\"><img loading=\"lazy\" decoding=\"async\" src=\"https:\/\/www.factorled.com\/modules\/oa_features\/img\/6-default.jpg\" width=\"32\" height=\"32\">&nbsp;CRI -Cromatic Reproduction Index<\/dt>\n<dd class=\"value\">82<\/dd>\n<dt class=\"name\"><img loading=\"lazy\" decoding=\"async\" src=\"https:\/\/www.factorled.com\/modules\/oa_features\/img\/25-default.jpg\" width=\"32\" height=\"32\">&nbsp;Building Material<\/dt>\n<dd class=\"value\">Silicone<\/dd>\n<dt class=\"name\"><img loading=\"lazy\" decoding=\"async\" src=\"https:\/\/www.factorled.com\/modules\/oa_features\/img\/8-default.jpg\" width=\"32\" height=\"32\">&nbsp;Luminosity-Lm<\/dt>\n<dd class=\"value\">1M: 1540Lm -10M: 15400 Lm - 20M: 30800Lm<\/dd>\n<dt class=\"name\"><img loading=\"lazy\" decoding=\"async\" src=\"https:\/\/www.factorled.com\/modules\/oa_features\/img\/9-default.jpg\" width=\"32\" height=\"32\">&nbsp;LED Type<\/dt>\n<dd class=\"value\">140 LEDs\/M - SMD2835 BRIDGELUX CHIP<\/dd>\n<dt class=\"name\"><img loading=\"lazy\" decoding=\"async\" src=\"https:\/\/www.factorled.com\/modules\/oa_features\/img\/10-default.jpg\" width=\"32\" height=\"32\">&nbsp;Opening Angle (\u00ba)<\/dt>\n<dd class=\"value\">120\u00ba<\/dd>\n<dt class=\"name\"><img loading=\"lazy\" decoding=\"async\" src=\"https:\/\/www.factorled.com\/modules\/oa_features\/img\/12-default.jpg\" width=\"32\" height=\"32\">&nbsp;LED Diode Efficiency (Lm\/W)<\/dt>\n<dd class=\"value\">155 Lm\/W<\/dd>\n<dt class=\"name\"><img loading=\"lazy\" decoding=\"async\" src=\"https:\/\/www.factorled.com\/modules\/oa_features\/img\/13-default.jpg\" width=\"32\" height=\"32\">&nbsp;Luminous Efficacy (Lm\/W)<\/dt>\n<dd class=\"value\">135 Lm\/W<\/dd>\n<dt class=\"name\"><img loading=\"lazy\" decoding=\"async\" src=\"https:\/\/www.factorled.com\/modules\/oa_features\/img\/11-default.jpg\" width=\"32\" height=\"32\">&nbsp;Dimable<\/dt>\n<dd class=\"value\">TRIAC<\/dd>\n<dt class=\"name\"><img loading=\"lazy\" decoding=\"async\" src=\"https:\/\/www.factorled.com\/modules\/oa_features\/img\/15-default.jpg\" width=\"32\" height=\"32\">&nbsp;Certificates<\/dt>\n<dd class=\"value\">CE - ROHS<\/dd>\n<dt class=\"name\"><img loading=\"lazy\" decoding=\"async\" src=\"https:\/\/www.factorled.com\/modules\/oa_features\/img\/16-default.jpg\" width=\"32\" height=\"32\">&nbsp;IP Rating<\/dt>\n<dd class=\"value\">IP67-Outdoor<\/dd>\n<dt class=\"name\"><img loading=\"lazy\" decoding=\"async\" src=\"https:\/\/www.factorled.com\/modules\/oa_features\/img\/17-default.jpg\" width=\"32\" height=\"32\">&nbsp;Estimated Life LED Diode (H)<\/dt>\n<dd class=\"value\">100.000<\/dd>\n<dt class=\"name\"><img loading=\"lazy\" decoding=\"async\" src=\"https:\/\/www.factorled.com\/modules\/oa_features\/img\/18-default.jpg\" width=\"32\" height=\"32\">&nbsp;Measurements (Mm)<\/dt>\n<dd class=\"value\">L20m x 12mm x H4,2mm<\/dd>\n<dt class=\"name\"><img loading=\"lazy\" decoding=\"async\" src=\"https:\/\/www.factorled.com\/modules\/oa_features\/img\/20-default.jpg\" width=\"32\" height=\"32\">&nbsp;Power Factor (PF)<\/dt>\n<dd class=\"value\">0,91<\/dd>\n<dt class=\"name\"><img loading=\"lazy\" decoding=\"async\" src=\"https:\/\/www.factorled.com\/modules\/oa_features\/img\/21-default.jpg\" width=\"32\" height=\"32\">&nbsp;Working Frequency (Hz)<\/dt>\n<dd class=\"value\">50\/60Hz<\/dd>\n<dt class=\"name\"><img loading=\"lazy\" decoding=\"async\" src=\"https:\/\/www.factorled.com\/modules\/oa_features\/img\/22-default.jpg\" width=\"32\" height=\"32\">&nbsp;Temperature Range (\u00baC)<\/dt>\n<dd class=\"value\">-20\u00b0C ~ +55\u00b0C<\/dd>\n<dt class=\"name\"><img loading=\"lazy\" decoding=\"async\" src=\"https:\/\/www.factorled.com\/modules\/oa_features\/img\/23-default.jpg\" width=\"32\" height=\"32\">&nbsp;Ignition Cycles<\/dt>\n<dd class=\"value\">100.000<\/dd>\n<dt class=\"name\"><img loading=\"lazy\" decoding=\"async\" src=\"https:\/\/www.factorled.com\/modules\/oa_features\/img\/7-default.jpg\" width=\"32\" height=\"32\">&nbsp;Energy Class (2021-UE-2019\/2015)<\/dt>\n<dd class=\"value\">A+<\/dd>\n<dt class=\"name\"><img loading=\"lazy\" decoding=\"async\" src=\"https:\/\/www.factorled.com\/modules\/oa_features\/img\/75-default.jpg\" width=\"32\" height=\"32\">&nbsp;Warranty Years<\/dt>\n<dd class=\"value\">3<\/dd>\n<\/dl><\/h1>","protected":false},"excerpt":{"rendered":"<div class=\"product-reference\"><strong><label class=\"label\">Reference:<\/label> SLSP120D14W-91833<\/strong>\n<div><\/div>\n<div class=\"product-description-short\">\n<div id=\"product-description-short-3226\">\n<p><strong>LED strip<\/strong>&nbsp;<strong>PROFESSIONAL<\/strong>&nbsp;<strong>14W<\/strong>&nbsp;per meter<strong>,&nbsp;<\/strong>from&nbsp;<strong>220V<\/strong>&nbsp;with a length of&nbsp;<strong>20<\/strong>&nbsp;<strong>meters<\/strong>. Designed for indoor installation. Perfect for LIGHTING all types of spaces. It does NOT require a power supply and it is convenient to install it on an aluminum profile for good heat dissipation.<b>&nbsp;10mm<\/b><\/p>\n<p><b>120 Leds\/meter SMD2835 CHIP high power.<\/b><\/p>\n<p><strong>Color Temperature: 2300K\/2<span style=\"font-size: 16px; font-style: normal;\">700K<\/span><span style=\"font-size: 16px;\">\/4000K\/5700K<\/span><\/strong><\/p>\n<\/div>\n<\/div><\/div>","protected":false},"featured_media":12317,"template":"","meta":{"site-sidebar-layout":"default","site-content-layout":"default","ast-global-header-display":"","ast-main-header-display":"","ast-hfb-above-header-display":"","ast-hfb-below-header-display":"","ast-hfb-mobile-header-display":"","site-post-title":"","ast-breadcrumbs-content":"","ast-featured-img":"","footer-sml-layout":"","theme-transparent-header-meta":"default","adv-header-id-meta":"","stick-header-meta":"","header-above-stick-meta":"","header-main-stick-meta":"","header-below-stick-meta":""},"product_cat":[90,45],"product_tag":[],"class_list":["post-12305","product","type-product","status-publish","has-post-thumbnail","hentry","product_cat-tiras-led-220v-240v-ac","product_cat-tiras-led-y-neon-flexible"],"yoast_head":"<!-- This site is optimized with the Yoast SEO plugin v27.4 - https:\/\/yoast.com\/product\/yoast-seo-wordpress\/ -->\n<title>Tira LED 220V | 120xLED\/M | 20m | SMD2835 | 1540Lm\/M | 14W\/M | IP67 | Corte Cada 10cm - STARLED Iluminacion<\/title>\n<meta name=\"robots\" content=\"index, follow, max-snippet:-1, max-image-preview:large, max-video-preview:-1\" \/>\n<link rel=\"canonical\" href=\"https:\/\/starlediluminacion.com\/en\/product\/tira-led-220v-120xled-m-20m-smd2835-1540lm-m-14w-m-ip67-corte-cada-10cm-2\/\" \/>\n<meta property=\"og:locale\" content=\"en_US\" \/>\n<meta property=\"og:type\" content=\"article\" \/>\n<meta property=\"og:title\" content=\"Tira LED 220V | 120xLED\/M | 20m | SMD2835 | 1540Lm\/M | 14W\/M | IP67 | Corte Cada 10cm - STARLED Iluminacion\" \/>\n<meta property=\"og:description\" content=\"Referencia: SLSP120D14W-91833      Tira led\u00a0PROFESIONAL\u00a014W\u00a0por metro,\u00a0de\u00a0220V\u00a0con una longitud\u00a020\u00a0metros.\u00a0Dise\u00f1ada para su colocaci\u00f3n en interior. Perfecta para ILUMINAR todo tipo de espacios. NO requiere de fuente de alimentaci\u00f3n y es conveniente instalarla sobre un perfil de aluminio para conseguir una buena disipaci\u00f3n del calor.\u00a010mm  120 Leds\/metro SMD2835 CHIP de alta potencia.  Temperatura de Color: 2300K\/2700K\/4000K\/5700K\" \/>\n<meta property=\"og:url\" content=\"https:\/\/starlediluminacion.com\/en\/product\/tira-led-220v-120xled-m-20m-smd2835-1540lm-m-14w-m-ip67-corte-cada-10cm-2\/\" \/>\n<meta property=\"og:site_name\" content=\"STARLED Iluminacion\" \/>\n<meta property=\"article:modified_time\" content=\"2024-06-16T14:49:18+00:00\" \/>\n<meta property=\"og:image\" content=\"https:\/\/starlediluminacion.com\/wp-content\/uploads\/2024\/01\/tira-led-220v-20m-smd2835-1540lmm-14wm-ip67-corte-cada-10cm.jpg\" \/>\n\t<meta property=\"og:image:width\" content=\"744\" \/>\n\t<meta property=\"og:image:height\" content=\"800\" \/>\n\t<meta property=\"og:image:type\" content=\"image\/jpeg\" \/>\n<meta name=\"twitter:card\" content=\"summary_large_image\" \/>\n<meta name=\"twitter:label1\" content=\"Est. reading time\" \/>\n\t<meta name=\"twitter:data1\" content=\"2 minutes\" \/>\n<script type=\"application\/ld+json\" class=\"yoast-schema-graph\">{\"@context\":\"https:\\\/\\\/schema.org\",\"@graph\":[{\"@type\":\"WebPage\",\"@id\":\"https:\\\/\\\/starlediluminacion.com\\\/pt\\\/product\\\/tira-led-220v-120xled-m-20m-smd2835-1540lm-m-14w-m-ip67-corte-cada-10cm-2\\\/\",\"url\":\"https:\\\/\\\/starlediluminacion.com\\\/pt\\\/product\\\/tira-led-220v-120xled-m-20m-smd2835-1540lm-m-14w-m-ip67-corte-cada-10cm-2\\\/\",\"name\":\"Tira LED 220V | 120xLED\\\/M | 20m | SMD2835 | 1540Lm\\\/M | 14W\\\/M | IP67 | Corte Cada 10cm - STARLED Iluminacion\",\"isPartOf\":{\"@id\":\"https:\\\/\\\/starlediluminacion.com\\\/#website\"},\"primaryImageOfPage\":{\"@id\":\"https:\\\/\\\/starlediluminacion.com\\\/pt\\\/product\\\/tira-led-220v-120xled-m-20m-smd2835-1540lm-m-14w-m-ip67-corte-cada-10cm-2\\\/#primaryimage\"},\"image\":{\"@id\":\"https:\\\/\\\/starlediluminacion.com\\\/pt\\\/product\\\/tira-led-220v-120xled-m-20m-smd2835-1540lm-m-14w-m-ip67-corte-cada-10cm-2\\\/#primaryimage\"},\"thumbnailUrl\":\"https:\\\/\\\/starlediluminacion.com\\\/wp-content\\\/uploads\\\/2024\\\/01\\\/tira-led-220v-20m-smd2835-1540lmm-14wm-ip67-corte-cada-10cm.jpg\",\"datePublished\":\"2024-01-04T15:06:47+00:00\",\"dateModified\":\"2024-06-16T14:49:18+00:00\",\"breadcrumb\":{\"@id\":\"https:\\\/\\\/starlediluminacion.com\\\/pt\\\/product\\\/tira-led-220v-120xled-m-20m-smd2835-1540lm-m-14w-m-ip67-corte-cada-10cm-2\\\/#breadcrumb\"},\"inLanguage\":\"en-US\",\"potentialAction\":[{\"@type\":\"ReadAction\",\"target\":[\"https:\\\/\\\/starlediluminacion.com\\\/pt\\\/product\\\/tira-led-220v-120xled-m-20m-smd2835-1540lm-m-14w-m-ip67-corte-cada-10cm-2\\\/\"]}]},{\"@type\":\"ImageObject\",\"inLanguage\":\"en-US\",\"@id\":\"https:\\\/\\\/starlediluminacion.com\\\/pt\\\/product\\\/tira-led-220v-120xled-m-20m-smd2835-1540lm-m-14w-m-ip67-corte-cada-10cm-2\\\/#primaryimage\",\"url\":\"https:\\\/\\\/starlediluminacion.com\\\/wp-content\\\/uploads\\\/2024\\\/01\\\/tira-led-220v-20m-smd2835-1540lmm-14wm-ip67-corte-cada-10cm.jpg\",\"contentUrl\":\"https:\\\/\\\/starlediluminacion.com\\\/wp-content\\\/uploads\\\/2024\\\/01\\\/tira-led-220v-20m-smd2835-1540lmm-14wm-ip67-corte-cada-10cm.jpg\",\"width\":744,\"height\":800},{\"@type\":\"BreadcrumbList\",\"@id\":\"https:\\\/\\\/starlediluminacion.com\\\/pt\\\/product\\\/tira-led-220v-120xled-m-20m-smd2835-1540lm-m-14w-m-ip67-corte-cada-10cm-2\\\/#breadcrumb\",\"itemListElement\":[{\"@type\":\"ListItem\",\"position\":1,\"name\":\"Portada\",\"item\":\"https:\\\/\\\/starlediluminacion.com\\\/\"},{\"@type\":\"ListItem\",\"position\":2,\"name\":\"Shop\",\"item\":\"https:\\\/\\\/starlediluminacion.com\\\/shop-2\\\/\"},{\"@type\":\"ListItem\",\"position\":3,\"name\":\"Tira LED 220V | 120xLED\\\/M | 20m | SMD2835 | 1540Lm\\\/M | 14W\\\/M | IP67 | Corte Cada 10cm\"}]},{\"@type\":\"WebSite\",\"@id\":\"https:\\\/\\\/starlediluminacion.com\\\/#website\",\"url\":\"https:\\\/\\\/starlediluminacion.com\\\/\",\"name\":\"STARLED Iluminacion\",\"description\":\"\",\"potentialAction\":[{\"@type\":\"SearchAction\",\"target\":{\"@type\":\"EntryPoint\",\"urlTemplate\":\"https:\\\/\\\/starlediluminacion.com\\\/?s={search_term_string}\"},\"query-input\":{\"@type\":\"PropertyValueSpecification\",\"valueRequired\":true,\"valueName\":\"search_term_string\"}}],\"inLanguage\":\"en-US\"}]}<\/script>\n<!-- \/ Yoast SEO plugin. -->","yoast_head_json":{"title":"Tira LED 220V | 120xLED\/M | 20m | SMD2835 | 1540Lm\/M | 14W\/M | IP67 | Corte Cada 10cm - STARLED Iluminacion","robots":{"index":"index","follow":"follow","max-snippet":"max-snippet:-1","max-image-preview":"max-image-preview:large","max-video-preview":"max-video-preview:-1"},"canonical":"https:\/\/starlediluminacion.com\/en\/product\/tira-led-220v-120xled-m-20m-smd2835-1540lm-m-14w-m-ip67-corte-cada-10cm-2\/","og_locale":"en_US","og_type":"article","og_title":"Tira LED 220V | 120xLED\/M | 20m | SMD2835 | 1540Lm\/M | 14W\/M | IP67 | Corte Cada 10cm - STARLED Iluminacion","og_description":"Referencia: SLSP120D14W-91833      Tira led\u00a0PROFESIONAL\u00a014W\u00a0por metro,\u00a0de\u00a0220V\u00a0con una longitud\u00a020\u00a0metros.\u00a0Dise\u00f1ada para su colocaci\u00f3n en interior. Perfecta para ILUMINAR todo tipo de espacios. NO requiere de fuente de alimentaci\u00f3n y es conveniente instalarla sobre un perfil de aluminio para conseguir una buena disipaci\u00f3n del calor.\u00a010mm  120 Leds\/metro SMD2835 CHIP de alta potencia.  Temperatura de Color: 2300K\/2700K\/4000K\/5700K","og_url":"https:\/\/starlediluminacion.com\/en\/product\/tira-led-220v-120xled-m-20m-smd2835-1540lm-m-14w-m-ip67-corte-cada-10cm-2\/","og_site_name":"STARLED Iluminacion","article_modified_time":"2024-06-16T14:49:18+00:00","og_image":[{"width":744,"height":800,"url":"https:\/\/starlediluminacion.com\/wp-content\/uploads\/2024\/01\/tira-led-220v-20m-smd2835-1540lmm-14wm-ip67-corte-cada-10cm.jpg","type":"image\/jpeg"}],"twitter_card":"summary_large_image","twitter_misc":{"Est. reading time":"2 minutes"},"schema":{"@context":"https:\/\/schema.org","@graph":[{"@type":"WebPage","@id":"https:\/\/starlediluminacion.com\/pt\/product\/tira-led-220v-120xled-m-20m-smd2835-1540lm-m-14w-m-ip67-corte-cada-10cm-2\/","url":"https:\/\/starlediluminacion.com\/pt\/product\/tira-led-220v-120xled-m-20m-smd2835-1540lm-m-14w-m-ip67-corte-cada-10cm-2\/","name":"Tira LED 220V | 120xLED\/M | 20m | SMD2835 | 1540Lm\/M | 14W\/M | IP67 | Corte Cada 10cm - STARLED Iluminacion","isPartOf":{"@id":"https:\/\/starlediluminacion.com\/#website"},"primaryImageOfPage":{"@id":"https:\/\/starlediluminacion.com\/pt\/product\/tira-led-220v-120xled-m-20m-smd2835-1540lm-m-14w-m-ip67-corte-cada-10cm-2\/#primaryimage"},"image":{"@id":"https:\/\/starlediluminacion.com\/pt\/product\/tira-led-220v-120xled-m-20m-smd2835-1540lm-m-14w-m-ip67-corte-cada-10cm-2\/#primaryimage"},"thumbnailUrl":"https:\/\/starlediluminacion.com\/wp-content\/uploads\/2024\/01\/tira-led-220v-20m-smd2835-1540lmm-14wm-ip67-corte-cada-10cm.jpg","datePublished":"2024-01-04T15:06:47+00:00","dateModified":"2024-06-16T14:49:18+00:00","breadcrumb":{"@id":"https:\/\/starlediluminacion.com\/pt\/product\/tira-led-220v-120xled-m-20m-smd2835-1540lm-m-14w-m-ip67-corte-cada-10cm-2\/#breadcrumb"},"inLanguage":"en-US","potentialAction":[{"@type":"ReadAction","target":["https:\/\/starlediluminacion.com\/pt\/product\/tira-led-220v-120xled-m-20m-smd2835-1540lm-m-14w-m-ip67-corte-cada-10cm-2\/"]}]},{"@type":"ImageObject","inLanguage":"en-US","@id":"https:\/\/starlediluminacion.com\/pt\/product\/tira-led-220v-120xled-m-20m-smd2835-1540lm-m-14w-m-ip67-corte-cada-10cm-2\/#primaryimage","url":"https:\/\/starlediluminacion.com\/wp-content\/uploads\/2024\/01\/tira-led-220v-20m-smd2835-1540lmm-14wm-ip67-corte-cada-10cm.jpg","contentUrl":"https:\/\/starlediluminacion.com\/wp-content\/uploads\/2024\/01\/tira-led-220v-20m-smd2835-1540lmm-14wm-ip67-corte-cada-10cm.jpg","width":744,"height":800},{"@type":"BreadcrumbList","@id":"https:\/\/starlediluminacion.com\/pt\/product\/tira-led-220v-120xled-m-20m-smd2835-1540lm-m-14w-m-ip67-corte-cada-10cm-2\/#breadcrumb","itemListElement":[{"@type":"ListItem","position":1,"name":"Portada","item":"https:\/\/starlediluminacion.com\/"},{"@type":"ListItem","position":2,"name":"Shop","item":"https:\/\/starlediluminacion.com\/shop-2\/"},{"@type":"ListItem","position":3,"name":"Tira LED 220V | 120xLED\/M | 20m | SMD2835 | 1540Lm\/M | 14W\/M | IP67 | Corte Cada 10cm"}]},{"@type":"WebSite","@id":"https:\/\/starlediluminacion.com\/#website","url":"https:\/\/starlediluminacion.com\/","name":"STARLED Iluminacion","description":"","potentialAction":[{"@type":"SearchAction","target":{"@type":"EntryPoint","urlTemplate":"https:\/\/starlediluminacion.com\/?s={search_term_string}"},"query-input":{"@type":"PropertyValueSpecification","valueRequired":true,"valueName":"search_term_string"}}],"inLanguage":"en-US"}]}},"_links":{"self":[{"href":"https:\/\/starlediluminacion.com\/en\/wp-json\/wp\/v3\/product\/12305","targetHints":{"allow":["GET"]}}],"collection":[{"href":"https:\/\/starlediluminacion.com\/en\/wp-json\/wp\/v3\/product"}],"about":[{"href":"https:\/\/starlediluminacion.com\/en\/wp-json\/wp\/v2\/types\/product"}],"wp:featuredmedia":[{"embeddable":true,"href":"https:\/\/starlediluminacion.com\/en\/wp-json\/wp\/v2\/media\/12317"}],"wp:attachment":[{"href":"https:\/\/starlediluminacion.com\/en\/wp-json\/wp\/v2\/media?parent=12305"}],"wp:term":[{"taxonomy":"product_cat","embeddable":true,"href":"https:\/\/starlediluminacion.com\/en\/wp-json\/wp\/v2\/product_cat?post=12305"},{"taxonomy":"product_tag","embeddable":true,"href":"https:\/\/starlediluminacion.com\/en\/wp-json\/wp\/v2\/product_tag?post=12305"}],"curies":[{"name":"wp","href":"https:\/\/api.w.org\/{rel}","templated":true}]}}