{"id":12283,"date":"2024-01-04T14:50:40","date_gmt":"2024-01-04T14:50:40","guid":{"rendered":"https:\/\/starlediluminacion.com\/?post_type=product&#038;p=12283"},"modified":"2024-03-28T12:45:23","modified_gmt":"2024-03-28T12:45:23","slug":"farola-led-solar-3x1-500lm-con-sensor-de-movimiento","status":"publish","type":"product","link":"https:\/\/starlediluminacion.com\/en\/product\/street-lamppost-led-solar-3x1-500lm-with-motion-sensor\/","title":{"rendered":"<p>Solar LED Streetlight 3X1 - 500Lm - With Motion Sensor<\/p>"},"content":{"rendered":"<h1>Solar LED Street Light 3X1 - 500Lm - with Motion Sensor<p>The 3\u00d71 Solar LED street light is an innovative and sustainable solution that provides efficient and environmentally friendly lighting. Designed to adapt to various installations, this versatile luminaire can be mounted in three different ways: on the wall, on an LED street light column or on an LED street light bracket with motion detector.<\/p><p>Its power source comes from integrated solar panels, making it an eco-friendly option by harnessing solar energy to power its high-efficiency LEDs. This not only contributes to resource conservation, but also significantly reduces energy costs over time.<\/p><p>The modular and rugged design of the Solar LED street light ensures easy installation and long-term durability. Its ability to adapt to different locations makes it a versatile choice for lighting streets, parks, gardens and residential areas.<\/p><p>The built-in motion detector adds an extra level of efficiency by activating lighting only when motion is detected, which not only saves energy, but also provides added security by automatically illuminating areas when needed.<\/p><p>With modern and attractive styling, this Solar LED street light not only meets energy efficiency standards, but also adds an aesthetic touch to any environment. Discover the perfect combination of functionality, sustainability and design with the Solar LED street light adaptable to your lighting needs.<\/p><p>In addition, take advantage of the benefits of this&nbsp;<strong>Streetlight 3X1<\/strong>&nbsp;because some of its advantages are that thanks to its advanced LED technology you will get a great light output.<\/p><ol>\n<li>Savings in maintenance costs.<\/li>\n<li>Ideal to replace the old street lamps.<\/li>\n<li>It has a protection&nbsp;<strong>IP65.<\/strong><\/li>\n<li>No external power supply is required.<\/li>\n<li>No wiring installation is required.<\/li>\n<\/ol><p>Make use of a&nbsp;<strong>energy<\/strong>&nbsp;clean and&nbsp;<strong>renewable<\/strong>&nbsp;because this panel captures the heat produced by the sun during the day and converts it into energy, thus charging its battery, and at night the LED module lights up using the stored energy.<\/p><p>Installation is very simple.<\/p><p>The versatility of installation allows the lantern to fit perfectly into any environment. It can be mounted on the wall to illuminate specific areas, on a column for wider, more focused illumination, or on an LED lantern bracket to highlight pathways and outdoor areas.<\/p><p>Once installed, you only have to wait for the sun to charge its batteries and at night it will turn on automatically, in order to offer you the light you need in the place where you have installed it. It will also turn off automatically when it detects the sunrise.<\/p><p>Get it now in our online store, don't miss it and start to&nbsp;<strong>SAVE!<\/strong><\/p><h3><strong>Operation of the solar street light:<\/strong><\/h3><ul>\n<li>Normal operation at 20% and when presence is detected it operates at 100% for approximately 15 seconds.<\/li>\n<\/ul><h2>Uses of the product<\/h2><ul>\n<li>Gardens<\/li>\n<li>Public parks<\/li>\n<li>Roads<\/li>\n<li>Streets<\/li>\n<li>Places?<\/li>\n<\/ul><h3 class=\"h6\">Product Data Sheet<\/h3><dl class=\"data-sheet\">\n<dt class=\"name\"><img loading=\"lazy\" decoding=\"async\" src=\"https:\/\/www.factorled.com\/modules\/oa_features\/img\/2-default.jpg\" width=\"32\" height=\"32\">&nbsp;REFERENCE<\/dt>\n<dd class=\"value\">SL-CW-91798<\/dd>\n<dt class=\"name\"><img loading=\"lazy\" decoding=\"async\" src=\"https:\/\/www.factorled.com\/modules\/oa_features\/img\/3-default.jpg\" width=\"32\" height=\"32\">&nbsp;Nominal Power<\/dt>\n<dd class=\"value\">4W<\/dd>\n<dt class=\"name\"><img loading=\"lazy\" decoding=\"async\" src=\"https:\/\/www.factorled.com\/modules\/oa_features\/img\/4-default.jpg\" width=\"32\" height=\"32\">&nbsp;Nominal Voltage<\/dt>\n<dd class=\"value\">3.7V 6A Li-ion<\/dd>\n<dt class=\"name\"><img loading=\"lazy\" decoding=\"async\" src=\"https:\/\/www.factorled.com\/modules\/oa_features\/img\/5-default.jpg\" width=\"32\" height=\"32\">&nbsp;Light Temperature<\/dt>\n<dd class=\"value\">6000K<\/dd>\n<dt class=\"name\"><img loading=\"lazy\" decoding=\"async\" src=\"https:\/\/www.factorled.com\/modules\/oa_features\/img\/6-default.jpg\" width=\"32\" height=\"32\">&nbsp;CRI -Cromatic Reproduction Index<\/dt>\n<dd class=\"value\">72<\/dd>\n<dt class=\"name\"><img loading=\"lazy\" decoding=\"async\" src=\"https:\/\/www.factorled.com\/modules\/oa_features\/img\/25-default.jpg\" width=\"32\" height=\"32\">&nbsp;Building Material<\/dt>\n<dd class=\"value\">Aluminum +PC<\/dd>\n<dt class=\"name\"><img loading=\"lazy\" decoding=\"async\" src=\"https:\/\/www.factorled.com\/modules\/oa_features\/img\/8-default.jpg\" width=\"32\" height=\"32\">&nbsp;Luminosity-Lm<\/dt>\n<dd class=\"value\">520Lm<\/dd>\n<dt class=\"name\"><img loading=\"lazy\" decoding=\"async\" src=\"https:\/\/www.factorled.com\/modules\/oa_features\/img\/9-default.jpg\" width=\"32\" height=\"32\">&nbsp;LED Type<\/dt>\n<dd class=\"value\">SMD 2835<\/dd>\n<dt class=\"name\"><img loading=\"lazy\" decoding=\"async\" src=\"https:\/\/www.factorled.com\/modules\/oa_features\/img\/10-default.jpg\" width=\"32\" height=\"32\">&nbsp;Opening Angle (\u00ba)<\/dt>\n<dd class=\"value\">90\u00ba x 110\u00ba.<\/dd>\n<dt class=\"name\"><img loading=\"lazy\" decoding=\"async\" src=\"https:\/\/www.factorled.com\/modules\/oa_features\/img\/15-default.jpg\" width=\"32\" height=\"32\">&nbsp;Certificates<\/dt>\n<dd class=\"value\">CE - ROHS<\/dd>\n<dt class=\"name\"><img loading=\"lazy\" decoding=\"async\" src=\"https:\/\/www.factorled.com\/modules\/oa_features\/img\/16-default.jpg\" width=\"32\" height=\"32\">&nbsp;IP Rating<\/dt>\n<dd class=\"value\">IP65-Outdoor<\/dd>\n<dt class=\"name\"><img loading=\"lazy\" decoding=\"async\" src=\"https:\/\/www.factorled.com\/modules\/oa_features\/img\/17-default.jpg\" width=\"32\" height=\"32\">&nbsp;Estimated Life LED Diode (H)<\/dt>\n<dd class=\"value\">100.000<\/dd>\n<dt class=\"name\"><img loading=\"lazy\" decoding=\"async\" src=\"https:\/\/www.factorled.com\/modules\/oa_features\/img\/18-default.jpg\" width=\"32\" height=\"32\">&nbsp;Measurements (Mm)<\/dt>\n<dd class=\"value\">430x195x70mm<\/dd>\n<dt class=\"name\"><img loading=\"lazy\" decoding=\"async\" src=\"https:\/\/www.factorled.com\/modules\/oa_features\/img\/22-default.jpg\" width=\"32\" height=\"32\">&nbsp;Temperature Range (\u00baC)<\/dt>\n<dd class=\"value\">-20\u00baC - +40\u00baC<\/dd>\n<dt class=\"name\"><img loading=\"lazy\" decoding=\"async\" src=\"https:\/\/www.factorled.com\/modules\/oa_features\/img\/24-default.jpg\" width=\"32\" height=\"32\">&nbsp;Start-up time (S)<\/dt>\n<dd class=\"value\">0,2s<\/dd>\n<dt class=\"name\"><img loading=\"lazy\" decoding=\"async\" src=\"https:\/\/www.factorled.com\/modules\/oa_features\/img\/26-default.jpg\" width=\"32\" height=\"32\">&nbsp;Additional Information<\/dt>\n<dd class=\"value\">Solar Panel: Monocrystalline Class: A - 9V 20W<\/dd>\n<dt class=\"name\"><img loading=\"lazy\" decoding=\"async\" src=\"https:\/\/www.factorled.com\/modules\/oa_features\/img\/28-default.jpg\" width=\"32\" height=\"32\">&nbsp;Battery Material<\/dt>\n<dd class=\"value\">LiFePO4 - Lithium-Ferrophosphate -LPF 16AH 6.4V<\/dd>\n<dt class=\"name\"><img loading=\"lazy\" decoding=\"async\" src=\"https:\/\/www.factorled.com\/modules\/oa_features\/img\/29-default.jpg\" width=\"32\" height=\"32\">&nbsp;Discharge Time (H)<\/dt>\n<dd class=\"value\">24h. (2 days)<\/dd>\n<dt class=\"name\"><img loading=\"lazy\" decoding=\"async\" src=\"https:\/\/www.factorled.com\/modules\/oa_features\/img\/37-default.jpg\" width=\"32\" height=\"32\">&nbsp;Control Modes<\/dt>\n<dd class=\"value\">RADAR<\/dd>\n<dt class=\"name\"><img loading=\"lazy\" decoding=\"async\" src=\"https:\/\/www.factorled.com\/modules\/oa_features\/img\/73-default.jpg\" width=\"32\" height=\"32\">&nbsp;Impact Protection (IK)<\/dt>\n<dd class=\"value\">IK10<\/dd>\n<dt class=\"name\"><img loading=\"lazy\" decoding=\"async\" src=\"https:\/\/www.factorled.com\/modules\/oa_features\/img\/101-default.jpg\" width=\"32\" height=\"32\">&nbsp;Energy Class (2023 - EU-2019\/2015)<\/dt>\n<dd class=\"value\">A<\/dd>\n<dt class=\"name\"><img loading=\"lazy\" decoding=\"async\" src=\"https:\/\/www.factorled.com\/modules\/oa_features\/img\/75-default.jpg\" width=\"32\" height=\"32\">&nbsp;Warranty Years<\/dt>\n<dd class=\"value\">3Years<\/dd>\n<dt class=\"name\"><img loading=\"lazy\" decoding=\"async\" src=\"https:\/\/www.factorled.com\/modules\/oa_features\/img\/78-default.jpg\" width=\"32\" height=\"32\">&nbsp;Power On Time<\/dt>\n<dd class=\"value\">Detector Normal : 20% - With people: 100% 15s.<\/dd>\n<\/dl><\/h1>","protected":false},"excerpt":{"rendered":"<div class=\"product-reference\"><strong><label class=\"label\">Reference:<\/label> SLSL-CW-91798<\/strong>\n<div><\/div>\n<div class=\"product-description-short\">\n<div id=\"product-description-short-3220\">\n<p>Our&nbsp;<strong>3X1 Solar Streetlight<\/strong>&nbsp;has installation versatility allows the lantern to fit perfectly into any environment. It can be mounted on the wall to illuminate specific areas, on a column for wider, more focused illumination, or on an LED streetlight bracket to highlight pathways and outdoor areas. Made from weather-resistant materials, this lantern features a sleek design that combines functionality and aesthetics. Its robust construction ensures a long service life and resistance to adverse weather conditions.<\/p>\n<\/div>\n<\/div><\/div>","protected":false},"featured_media":12289,"template":"","meta":{"site-sidebar-layout":"default","site-content-layout":"default","ast-global-header-display":"","ast-main-header-display":"","ast-hfb-above-header-display":"","ast-hfb-below-header-display":"","ast-hfb-mobile-header-display":"","site-post-title":"","ast-breadcrumbs-content":"","ast-featured-img":"","footer-sml-layout":"","theme-transparent-header-meta":"default","adv-header-id-meta":"","stick-header-meta":"","header-above-stick-meta":"","header-main-stick-meta":"","header-below-stick-meta":""},"product_cat":[97,30],"product_tag":[],"class_list":["post-12283","product","type-product","status-publish","has-post-thumbnail","hentry","product_cat-farolas-led-solares","product_cat-iluminacion-publica-y-vial"],"yoast_head":"<!-- This site is optimized with the Yoast SEO plugin v27.4 - https:\/\/yoast.com\/product\/yoast-seo-wordpress\/ -->\n<title>Farola LED Solar 3X1 - 500Lm - Con Sensor De Movimiento - STARLED Iluminacion<\/title>\n<meta name=\"robots\" content=\"index, follow, max-snippet:-1, max-image-preview:large, max-video-preview:-1\" \/>\n<link rel=\"canonical\" href=\"https:\/\/starlediluminacion.com\/en\/product\/street-lamppost-led-solar-3x1-500lm-with-motion-sensor\/\" \/>\n<meta property=\"og:locale\" content=\"en_US\" \/>\n<meta property=\"og:type\" content=\"article\" \/>\n<meta property=\"og:title\" content=\"Farola LED Solar 3X1 - 500Lm - Con Sensor De Movimiento - STARLED Iluminacion\" \/>\n<meta property=\"og:description\" content=\"Referencia: SLSL-CW-91798      Nuestra\u00a0Farola Solar 3X1\u00a0tiene la versatilidad de instalaci\u00f3n permite que la farola se adapte perfectamente a cualquier entorno. Puede ser montada en la pared para iluminar \u00e1reas espec\u00edficas, en una columna para una iluminaci\u00f3n m\u00e1s amplia y focalizada, o en un soporte para farola LED para destacar caminos y \u00e1reas al aire libre.\u00a0Fabricada con materiales resistentes a la intemperie, esta farola presenta un dise\u00f1o estilizado que combina funcionalidad y est\u00e9tica. Su construcci\u00f3n robusta garantiza una larga vida \u00fatil y resistencia a las condiciones clim\u00e1ticas adversas.\" \/>\n<meta property=\"og:url\" content=\"https:\/\/starlediluminacion.com\/en\/product\/street-lamppost-led-solar-3x1-500lm-with-motion-sensor\/\" \/>\n<meta property=\"og:site_name\" content=\"STARLED Iluminacion\" \/>\n<meta property=\"article:modified_time\" content=\"2024-03-28T12:45:23+00:00\" \/>\n<meta property=\"og:image\" content=\"https:\/\/starlediluminacion.com\/wp-content\/uploads\/2024\/01\/farola-led-4w-solar-3x1-con-sensor-de-movimiento.jpg\" \/>\n\t<meta property=\"og:image:width\" content=\"744\" \/>\n\t<meta property=\"og:image:height\" content=\"800\" \/>\n\t<meta property=\"og:image:type\" content=\"image\/jpeg\" \/>\n<meta name=\"twitter:card\" content=\"summary_large_image\" \/>\n<meta name=\"twitter:label1\" content=\"Est. reading time\" \/>\n\t<meta name=\"twitter:data1\" content=\"3 minutes\" \/>\n<script type=\"application\/ld+json\" class=\"yoast-schema-graph\">{\"@context\":\"https:\\\/\\\/schema.org\",\"@graph\":[{\"@type\":\"WebPage\",\"@id\":\"https:\\\/\\\/starlediluminacion.com\\\/producto\\\/farola-led-solar-3x1-500lm-con-sensor-de-movimiento\\\/\",\"url\":\"https:\\\/\\\/starlediluminacion.com\\\/producto\\\/farola-led-solar-3x1-500lm-con-sensor-de-movimiento\\\/\",\"name\":\"Farola LED Solar 3X1 - 500Lm - Con Sensor De Movimiento - STARLED Iluminacion\",\"isPartOf\":{\"@id\":\"https:\\\/\\\/starlediluminacion.com\\\/#website\"},\"primaryImageOfPage\":{\"@id\":\"https:\\\/\\\/starlediluminacion.com\\\/producto\\\/farola-led-solar-3x1-500lm-con-sensor-de-movimiento\\\/#primaryimage\"},\"image\":{\"@id\":\"https:\\\/\\\/starlediluminacion.com\\\/producto\\\/farola-led-solar-3x1-500lm-con-sensor-de-movimiento\\\/#primaryimage\"},\"thumbnailUrl\":\"https:\\\/\\\/starlediluminacion.com\\\/wp-content\\\/uploads\\\/2024\\\/01\\\/farola-led-4w-solar-3x1-con-sensor-de-movimiento.jpg\",\"datePublished\":\"2024-01-04T14:50:40+00:00\",\"dateModified\":\"2024-03-28T12:45:23+00:00\",\"breadcrumb\":{\"@id\":\"https:\\\/\\\/starlediluminacion.com\\\/producto\\\/farola-led-solar-3x1-500lm-con-sensor-de-movimiento\\\/#breadcrumb\"},\"inLanguage\":\"en-US\",\"potentialAction\":[{\"@type\":\"ReadAction\",\"target\":[\"https:\\\/\\\/starlediluminacion.com\\\/producto\\\/farola-led-solar-3x1-500lm-con-sensor-de-movimiento\\\/\"]}]},{\"@type\":\"ImageObject\",\"inLanguage\":\"en-US\",\"@id\":\"https:\\\/\\\/starlediluminacion.com\\\/producto\\\/farola-led-solar-3x1-500lm-con-sensor-de-movimiento\\\/#primaryimage\",\"url\":\"https:\\\/\\\/starlediluminacion.com\\\/wp-content\\\/uploads\\\/2024\\\/01\\\/farola-led-4w-solar-3x1-con-sensor-de-movimiento.jpg\",\"contentUrl\":\"https:\\\/\\\/starlediluminacion.com\\\/wp-content\\\/uploads\\\/2024\\\/01\\\/farola-led-4w-solar-3x1-con-sensor-de-movimiento.jpg\",\"width\":744,\"height\":800},{\"@type\":\"BreadcrumbList\",\"@id\":\"https:\\\/\\\/starlediluminacion.com\\\/producto\\\/farola-led-solar-3x1-500lm-con-sensor-de-movimiento\\\/#breadcrumb\",\"itemListElement\":[{\"@type\":\"ListItem\",\"position\":1,\"name\":\"Portada\",\"item\":\"https:\\\/\\\/starlediluminacion.com\\\/\"},{\"@type\":\"ListItem\",\"position\":2,\"name\":\"Shop\",\"item\":\"https:\\\/\\\/starlediluminacion.com\\\/shop-2\\\/\"},{\"@type\":\"ListItem\",\"position\":3,\"name\":\"Farola LED Solar 3X1 &#8211; 500Lm &#8211; Con Sensor De Movimiento\"}]},{\"@type\":\"WebSite\",\"@id\":\"https:\\\/\\\/starlediluminacion.com\\\/#website\",\"url\":\"https:\\\/\\\/starlediluminacion.com\\\/\",\"name\":\"STARLED Iluminacion\",\"description\":\"\",\"potentialAction\":[{\"@type\":\"SearchAction\",\"target\":{\"@type\":\"EntryPoint\",\"urlTemplate\":\"https:\\\/\\\/starlediluminacion.com\\\/?s={search_term_string}\"},\"query-input\":{\"@type\":\"PropertyValueSpecification\",\"valueRequired\":true,\"valueName\":\"search_term_string\"}}],\"inLanguage\":\"en-US\"}]}<\/script>\n<!-- \/ Yoast SEO plugin. -->","yoast_head_json":{"title":"Farola LED Solar 3X1 - 500Lm - Con Sensor De Movimiento - STARLED Iluminacion","robots":{"index":"index","follow":"follow","max-snippet":"max-snippet:-1","max-image-preview":"max-image-preview:large","max-video-preview":"max-video-preview:-1"},"canonical":"https:\/\/starlediluminacion.com\/en\/product\/street-lamppost-led-solar-3x1-500lm-with-motion-sensor\/","og_locale":"en_US","og_type":"article","og_title":"Farola LED Solar 3X1 - 500Lm - Con Sensor De Movimiento - STARLED Iluminacion","og_description":"Referencia: SLSL-CW-91798      Nuestra\u00a0Farola Solar 3X1\u00a0tiene la versatilidad de instalaci\u00f3n permite que la farola se adapte perfectamente a cualquier entorno. Puede ser montada en la pared para iluminar \u00e1reas espec\u00edficas, en una columna para una iluminaci\u00f3n m\u00e1s amplia y focalizada, o en un soporte para farola LED para destacar caminos y \u00e1reas al aire libre.\u00a0Fabricada con materiales resistentes a la intemperie, esta farola presenta un dise\u00f1o estilizado que combina funcionalidad y est\u00e9tica. Su construcci\u00f3n robusta garantiza una larga vida \u00fatil y resistencia a las condiciones clim\u00e1ticas adversas.","og_url":"https:\/\/starlediluminacion.com\/en\/product\/street-lamppost-led-solar-3x1-500lm-with-motion-sensor\/","og_site_name":"STARLED Iluminacion","article_modified_time":"2024-03-28T12:45:23+00:00","og_image":[{"width":744,"height":800,"url":"https:\/\/starlediluminacion.com\/wp-content\/uploads\/2024\/01\/farola-led-4w-solar-3x1-con-sensor-de-movimiento.jpg","type":"image\/jpeg"}],"twitter_card":"summary_large_image","twitter_misc":{"Est. reading time":"3 minutes"},"schema":{"@context":"https:\/\/schema.org","@graph":[{"@type":"WebPage","@id":"https:\/\/starlediluminacion.com\/producto\/farola-led-solar-3x1-500lm-con-sensor-de-movimiento\/","url":"https:\/\/starlediluminacion.com\/producto\/farola-led-solar-3x1-500lm-con-sensor-de-movimiento\/","name":"Farola LED Solar 3X1 - 500Lm - Con Sensor De Movimiento - STARLED Iluminacion","isPartOf":{"@id":"https:\/\/starlediluminacion.com\/#website"},"primaryImageOfPage":{"@id":"https:\/\/starlediluminacion.com\/producto\/farola-led-solar-3x1-500lm-con-sensor-de-movimiento\/#primaryimage"},"image":{"@id":"https:\/\/starlediluminacion.com\/producto\/farola-led-solar-3x1-500lm-con-sensor-de-movimiento\/#primaryimage"},"thumbnailUrl":"https:\/\/starlediluminacion.com\/wp-content\/uploads\/2024\/01\/farola-led-4w-solar-3x1-con-sensor-de-movimiento.jpg","datePublished":"2024-01-04T14:50:40+00:00","dateModified":"2024-03-28T12:45:23+00:00","breadcrumb":{"@id":"https:\/\/starlediluminacion.com\/producto\/farola-led-solar-3x1-500lm-con-sensor-de-movimiento\/#breadcrumb"},"inLanguage":"en-US","potentialAction":[{"@type":"ReadAction","target":["https:\/\/starlediluminacion.com\/producto\/farola-led-solar-3x1-500lm-con-sensor-de-movimiento\/"]}]},{"@type":"ImageObject","inLanguage":"en-US","@id":"https:\/\/starlediluminacion.com\/producto\/farola-led-solar-3x1-500lm-con-sensor-de-movimiento\/#primaryimage","url":"https:\/\/starlediluminacion.com\/wp-content\/uploads\/2024\/01\/farola-led-4w-solar-3x1-con-sensor-de-movimiento.jpg","contentUrl":"https:\/\/starlediluminacion.com\/wp-content\/uploads\/2024\/01\/farola-led-4w-solar-3x1-con-sensor-de-movimiento.jpg","width":744,"height":800},{"@type":"BreadcrumbList","@id":"https:\/\/starlediluminacion.com\/producto\/farola-led-solar-3x1-500lm-con-sensor-de-movimiento\/#breadcrumb","itemListElement":[{"@type":"ListItem","position":1,"name":"Portada","item":"https:\/\/starlediluminacion.com\/"},{"@type":"ListItem","position":2,"name":"Shop","item":"https:\/\/starlediluminacion.com\/shop-2\/"},{"@type":"ListItem","position":3,"name":"Farola LED Solar 3X1 &#8211; 500Lm &#8211; Con Sensor De Movimiento"}]},{"@type":"WebSite","@id":"https:\/\/starlediluminacion.com\/#website","url":"https:\/\/starlediluminacion.com\/","name":"STARLED Iluminacion","description":"","potentialAction":[{"@type":"SearchAction","target":{"@type":"EntryPoint","urlTemplate":"https:\/\/starlediluminacion.com\/?s={search_term_string}"},"query-input":{"@type":"PropertyValueSpecification","valueRequired":true,"valueName":"search_term_string"}}],"inLanguage":"en-US"}]}},"_links":{"self":[{"href":"https:\/\/starlediluminacion.com\/en\/wp-json\/wp\/v3\/product\/12283","targetHints":{"allow":["GET"]}}],"collection":[{"href":"https:\/\/starlediluminacion.com\/en\/wp-json\/wp\/v3\/product"}],"about":[{"href":"https:\/\/starlediluminacion.com\/en\/wp-json\/wp\/v2\/types\/product"}],"wp:featuredmedia":[{"embeddable":true,"href":"https:\/\/starlediluminacion.com\/en\/wp-json\/wp\/v2\/media\/12289"}],"wp:attachment":[{"href":"https:\/\/starlediluminacion.com\/en\/wp-json\/wp\/v2\/media?parent=12283"}],"wp:term":[{"taxonomy":"product_cat","embeddable":true,"href":"https:\/\/starlediluminacion.com\/en\/wp-json\/wp\/v2\/product_cat?post=12283"},{"taxonomy":"product_tag","embeddable":true,"href":"https:\/\/starlediluminacion.com\/en\/wp-json\/wp\/v2\/product_tag?post=12283"}],"curies":[{"name":"wp","href":"https:\/\/api.w.org\/{rel}","templated":true}]}}