{"id":11577,"date":"2023-12-04T17:21:09","date_gmt":"2023-12-04T17:21:09","guid":{"rendered":"https:\/\/starlediluminacion.com\/?post_type=product&#038;p=11577"},"modified":"2024-01-29T12:28:54","modified_gmt":"2024-01-29T12:28:54","slug":"lampara-de-suelo-horsens-para-e27","status":"publish","type":"product","link":"https:\/\/starlediluminacion.com\/en\/product\/floor-lamp-horsens-for-e27-2\/","title":{"rendered":"<p>Floor Lamp - HORSENS - For E27<\/p>"},"content":{"rendered":"<h1>Floor Lamp - HORSENS - for E27 LED<p>The<strong>&nbsp;LED floor lamp&nbsp;<\/strong>has a simple design which gives a touch of distinction to the place.<\/p><p>Advantages of our floor lamp:<\/p><ul>\n<li><strong>Efficient and Ecological Lighting:<\/strong>&nbsp;Our floor lamp has been designed to take full advantage of LED technology, which not only consumes less energy, but also has a longer lifespan. This means that not only will you be saving money on your electricity bill, but you will also be helping to care for the planet.<\/li>\n<li><strong>Avant-garde design:<\/strong>&nbsp;The design of our floor lamp is a masterpiece of design and sophistication. Its minimalist structure adapts perfectly to any style of decoration, from contemporary to classic. The quality of its materials and solid construction ensure that this lamp is not only a source of light, but also a piece of art that enhances the aesthetics of your home.<\/li>\n<li><strong>Versatile Functionality:<\/strong>&nbsp;This lamp is much more than a lighting fixture. Use it on your floor at night for comfortable reading, on your desk to increase your productivity or in the living room as a unique conversation piece. It's also ideal for highlighting artwork, plants or any decorative element you wish to highlight.<\/li>\n<li><strong>Where You Can Use It:<\/strong>&nbsp;Imagine the<strong>&nbsp;living room lamp&nbsp;<\/strong>for LED&nbsp;<strong>E27<\/strong>&nbsp;in your bedroom, creating a relaxing and cozy atmosphere for your reading nights. Think of how it will brighten up your workspace, improving your concentration and increasing your productivity. Plus, it's perfect for adding a touch of style to your living room or dining room. This lamp is the versatile solution you've been looking for to illuminate and beautify any corner of your home.<\/li>\n<\/ul><h3 class=\"h6\">Product Data Sheet<\/h3><dl class=\"data-sheet\">\n<dt class=\"name\"><img loading=\"lazy\" decoding=\"async\" src=\"https:\/\/www.factorled.com\/modules\/oa_features\/img\/2-default.jpg\" width=\"32\" height=\"32\">&nbsp;REFERENCE<\/dt>\n<dd class=\"value\">DL-91196<\/dd>\n<dt class=\"name\"><img loading=\"lazy\" decoding=\"async\" src=\"https:\/\/www.factorled.com\/modules\/oa_features\/img\/4-default.jpg\" width=\"32\" height=\"32\">&nbsp;Nominal Voltage<\/dt>\n<dd class=\"value\">85V-265V<\/dd>\n<dt class=\"name\"><img loading=\"lazy\" decoding=\"async\" src=\"https:\/\/www.factorled.com\/modules\/oa_features\/img\/25-default.jpg\" width=\"32\" height=\"32\">&nbsp;Building Material<\/dt>\n<dd class=\"value\">Metal + Wood<\/dd>\n<dt class=\"name\"><img loading=\"lazy\" decoding=\"async\" src=\"https:\/\/www.factorled.com\/modules\/oa_features\/img\/14-default.jpg\" width=\"32\" height=\"32\">&nbsp;Cap<\/dt>\n<dd class=\"value\">E27<\/dd>\n<dt class=\"name\"><img loading=\"lazy\" decoding=\"async\" src=\"https:\/\/www.factorled.com\/modules\/oa_features\/img\/15-default.jpg\" width=\"32\" height=\"32\">&nbsp;Certificates<\/dt>\n<dd class=\"value\">CE<\/dd>\n<dt class=\"name\"><img loading=\"lazy\" decoding=\"async\" src=\"https:\/\/www.factorled.com\/modules\/oa_features\/img\/16-default.jpg\" width=\"32\" height=\"32\">&nbsp;IP Rating<\/dt>\n<dd class=\"value\">IP20<\/dd>\n<dt class=\"name\"><img loading=\"lazy\" decoding=\"async\" src=\"https:\/\/www.factorled.com\/modules\/oa_features\/img\/18-default.jpg\" width=\"32\" height=\"32\">&nbsp;Measurements (Mm)<\/dt>\n<dd class=\"value\">H1560mm B250mm - ?1: 20cm - ?2: 35cm<\/dd>\n<dt class=\"name\"><img loading=\"lazy\" decoding=\"async\" src=\"https:\/\/www.factorled.com\/modules\/oa_features\/img\/75-default.jpg\" width=\"32\" height=\"32\">&nbsp;Warranty Years<\/dt>\n<dd class=\"value\">3<\/dd>\n<\/dl><\/h1>","protected":false},"excerpt":{"rendered":"<div class=\"product-reference\"><label class=\"label\">Reference:<\/label> <strong>SLDL-91196<\/strong><div><\/div><div class=\"product-description-short\">\n<div id=\"product-description-short-3106\">\n<p>Discover our<strong>&nbsp;floor lamp<\/strong>&nbsp;the ultimate solution to illuminate your home or business in an efficient and durable way. Made with cutting-edge and environmentally friendly materials, this floor lamp elegantly adapts to any environment and decorating style, making it the ideal choice for any space. Reduce your expenses, save energy and contribute to the conservation of the environment and your surroundings!<\/p>\n<p>The&nbsp;<strong>living room lamp<\/strong> Bulb NOT included.<\/p>\n<div class=\"col-md-12\"><i class=\"fa fa-truck\"><\/i>&nbsp;<span class=\"text-muted textprop\">Delivery in 24\/48 hours<\/span><\/div>\n<div class=\"col-md-12\"><i class=\"fa fa-exchange\"><\/i>&nbsp;<span class=\"text-muted textprop\">Product warranty<\/span><\/div>\n<div class=\"col-md-12 certificados\">\n<hr>\n<p><img decoding=\"async\" class=\"cert\" title=\"Energy Class A++\" src=\"https:\/\/www.factorled.com\/img\/icono-sello-ce.jpg\" alt=\"CE Certified\"><\/p><\/div>\n<\/div>\n<\/div><\/div>","protected":false},"featured_media":11587,"template":"","meta":{"site-sidebar-layout":"default","site-content-layout":"default","ast-global-header-display":"","ast-main-header-display":"","ast-hfb-above-header-display":"","ast-hfb-below-header-display":"","ast-hfb-mobile-header-display":"","site-post-title":"","ast-breadcrumbs-content":"","ast-featured-img":"","footer-sml-layout":"","theme-transparent-header-meta":"default","adv-header-id-meta":"","stick-header-meta":"","header-above-stick-meta":"","header-main-stick-meta":"","header-below-stick-meta":""},"product_cat":[36,65],"product_tag":[],"class_list":["post-11577","product","type-product","status-publish","has-post-thumbnail","hentry","product_cat-apliques-led-y-decoracion","product_cat-decoracion-led"],"yoast_head":"<!-- This site is optimized with the Yoast SEO plugin v27.4 - https:\/\/yoast.com\/product\/yoast-seo-wordpress\/ -->\n<title>L\u00e1mpara De Suelo - HORSENS - Para E27 - STARLED Iluminacion<\/title>\n<meta name=\"robots\" content=\"index, follow, max-snippet:-1, max-image-preview:large, max-video-preview:-1\" \/>\n<link rel=\"canonical\" href=\"https:\/\/starlediluminacion.com\/en\/product\/floor-lamp-horsens-for-e27-2\/\" \/>\n<meta property=\"og:locale\" content=\"en_US\" \/>\n<meta property=\"og:type\" content=\"article\" \/>\n<meta property=\"og:title\" content=\"L\u00e1mpara De Suelo - HORSENS - Para E27 - STARLED Iluminacion\" \/>\n<meta property=\"og:description\" content=\"Referencia: SLDL-91196     Descubre nuestra\u00a0l\u00e1mpara de suelo\u00a0la soluci\u00f3n definitiva para iluminar tu hogar o negocio de manera eficiente y duradera.\u00a0Fabricada con materiales vanguardistas y respetuosos con el medio ambiente, esta l\u00e1mpara de suelo se adapta con elegancia a cualquier entorno y estilo de decoraci\u00f3n, convirti\u00e9ndola en la elecci\u00f3n ideal para cualquier espacio. \u00a1Reduce tus gastos, ahorra energ\u00eda y contribuye a la conservaci\u00f3n del medioambiente y tu entorno!  La\u00a0l\u00e1mpara para sal\u00f3n NO incluye bombilla. \u00a0Entrega en 24\/48 horas \u00a0Garant\u00eda de producto asegurada\" \/>\n<meta property=\"og:url\" content=\"https:\/\/starlediluminacion.com\/en\/product\/floor-lamp-horsens-for-e27-2\/\" \/>\n<meta property=\"og:site_name\" content=\"STARLED Iluminacion\" \/>\n<meta property=\"article:modified_time\" content=\"2024-01-29T12:28:54+00:00\" \/>\n<meta property=\"og:image\" content=\"https:\/\/starlediluminacion.com\/wp-content\/uploads\/2023\/12\/lampara-de-suelo-horsens-para-e27.jpg\" \/>\n\t<meta property=\"og:image:width\" content=\"744\" \/>\n\t<meta property=\"og:image:height\" content=\"800\" \/>\n\t<meta property=\"og:image:type\" content=\"image\/jpeg\" \/>\n<meta name=\"twitter:card\" content=\"summary_large_image\" \/>\n<meta name=\"twitter:label1\" content=\"Est. reading time\" \/>\n\t<meta name=\"twitter:data1\" content=\"2 minutes\" \/>\n<script type=\"application\/ld+json\" class=\"yoast-schema-graph\">{\"@context\":\"https:\\\/\\\/schema.org\",\"@graph\":[{\"@type\":\"WebPage\",\"@id\":\"https:\\\/\\\/starlediluminacion.com\\\/producto\\\/lampara-de-suelo-horsens-para-e27\\\/\",\"url\":\"https:\\\/\\\/starlediluminacion.com\\\/producto\\\/lampara-de-suelo-horsens-para-e27\\\/\",\"name\":\"L\u00e1mpara De Suelo - HORSENS - Para E27 - STARLED Iluminacion\",\"isPartOf\":{\"@id\":\"https:\\\/\\\/starlediluminacion.com\\\/#website\"},\"primaryImageOfPage\":{\"@id\":\"https:\\\/\\\/starlediluminacion.com\\\/producto\\\/lampara-de-suelo-horsens-para-e27\\\/#primaryimage\"},\"image\":{\"@id\":\"https:\\\/\\\/starlediluminacion.com\\\/producto\\\/lampara-de-suelo-horsens-para-e27\\\/#primaryimage\"},\"thumbnailUrl\":\"https:\\\/\\\/starlediluminacion.com\\\/wp-content\\\/uploads\\\/2023\\\/12\\\/lampara-de-suelo-horsens-para-e27.jpg\",\"datePublished\":\"2023-12-04T17:21:09+00:00\",\"dateModified\":\"2024-01-29T12:28:54+00:00\",\"breadcrumb\":{\"@id\":\"https:\\\/\\\/starlediluminacion.com\\\/producto\\\/lampara-de-suelo-horsens-para-e27\\\/#breadcrumb\"},\"inLanguage\":\"en-US\",\"potentialAction\":[{\"@type\":\"ReadAction\",\"target\":[\"https:\\\/\\\/starlediluminacion.com\\\/producto\\\/lampara-de-suelo-horsens-para-e27\\\/\"]}]},{\"@type\":\"ImageObject\",\"inLanguage\":\"en-US\",\"@id\":\"https:\\\/\\\/starlediluminacion.com\\\/producto\\\/lampara-de-suelo-horsens-para-e27\\\/#primaryimage\",\"url\":\"https:\\\/\\\/starlediluminacion.com\\\/wp-content\\\/uploads\\\/2023\\\/12\\\/lampara-de-suelo-horsens-para-e27.jpg\",\"contentUrl\":\"https:\\\/\\\/starlediluminacion.com\\\/wp-content\\\/uploads\\\/2023\\\/12\\\/lampara-de-suelo-horsens-para-e27.jpg\",\"width\":744,\"height\":800},{\"@type\":\"BreadcrumbList\",\"@id\":\"https:\\\/\\\/starlediluminacion.com\\\/producto\\\/lampara-de-suelo-horsens-para-e27\\\/#breadcrumb\",\"itemListElement\":[{\"@type\":\"ListItem\",\"position\":1,\"name\":\"Portada\",\"item\":\"https:\\\/\\\/starlediluminacion.com\\\/\"},{\"@type\":\"ListItem\",\"position\":2,\"name\":\"Shop\",\"item\":\"https:\\\/\\\/starlediluminacion.com\\\/shop-2\\\/\"},{\"@type\":\"ListItem\",\"position\":3,\"name\":\"L\u00e1mpara De Suelo &#8211; HORSENS &#8211; Para E27\"}]},{\"@type\":\"WebSite\",\"@id\":\"https:\\\/\\\/starlediluminacion.com\\\/#website\",\"url\":\"https:\\\/\\\/starlediluminacion.com\\\/\",\"name\":\"STARLED Iluminacion\",\"description\":\"\",\"potentialAction\":[{\"@type\":\"SearchAction\",\"target\":{\"@type\":\"EntryPoint\",\"urlTemplate\":\"https:\\\/\\\/starlediluminacion.com\\\/?s={search_term_string}\"},\"query-input\":{\"@type\":\"PropertyValueSpecification\",\"valueRequired\":true,\"valueName\":\"search_term_string\"}}],\"inLanguage\":\"en-US\"}]}<\/script>\n<!-- \/ Yoast SEO plugin. -->","yoast_head_json":{"title":"L\u00e1mpara De Suelo - HORSENS - Para E27 - STARLED Iluminacion","robots":{"index":"index","follow":"follow","max-snippet":"max-snippet:-1","max-image-preview":"max-image-preview:large","max-video-preview":"max-video-preview:-1"},"canonical":"https:\/\/starlediluminacion.com\/en\/product\/floor-lamp-horsens-for-e27-2\/","og_locale":"en_US","og_type":"article","og_title":"L\u00e1mpara De Suelo - HORSENS - Para E27 - STARLED Iluminacion","og_description":"Referencia: SLDL-91196     Descubre nuestra\u00a0l\u00e1mpara de suelo\u00a0la soluci\u00f3n definitiva para iluminar tu hogar o negocio de manera eficiente y duradera.\u00a0Fabricada con materiales vanguardistas y respetuosos con el medio ambiente, esta l\u00e1mpara de suelo se adapta con elegancia a cualquier entorno y estilo de decoraci\u00f3n, convirti\u00e9ndola en la elecci\u00f3n ideal para cualquier espacio. \u00a1Reduce tus gastos, ahorra energ\u00eda y contribuye a la conservaci\u00f3n del medioambiente y tu entorno!  La\u00a0l\u00e1mpara para sal\u00f3n NO incluye bombilla. \u00a0Entrega en 24\/48 horas \u00a0Garant\u00eda de producto asegurada","og_url":"https:\/\/starlediluminacion.com\/en\/product\/floor-lamp-horsens-for-e27-2\/","og_site_name":"STARLED Iluminacion","article_modified_time":"2024-01-29T12:28:54+00:00","og_image":[{"width":744,"height":800,"url":"https:\/\/starlediluminacion.com\/wp-content\/uploads\/2023\/12\/lampara-de-suelo-horsens-para-e27.jpg","type":"image\/jpeg"}],"twitter_card":"summary_large_image","twitter_misc":{"Est. reading time":"2 minutes"},"schema":{"@context":"https:\/\/schema.org","@graph":[{"@type":"WebPage","@id":"https:\/\/starlediluminacion.com\/producto\/lampara-de-suelo-horsens-para-e27\/","url":"https:\/\/starlediluminacion.com\/producto\/lampara-de-suelo-horsens-para-e27\/","name":"L\u00e1mpara De Suelo - HORSENS - Para E27 - STARLED Iluminacion","isPartOf":{"@id":"https:\/\/starlediluminacion.com\/#website"},"primaryImageOfPage":{"@id":"https:\/\/starlediluminacion.com\/producto\/lampara-de-suelo-horsens-para-e27\/#primaryimage"},"image":{"@id":"https:\/\/starlediluminacion.com\/producto\/lampara-de-suelo-horsens-para-e27\/#primaryimage"},"thumbnailUrl":"https:\/\/starlediluminacion.com\/wp-content\/uploads\/2023\/12\/lampara-de-suelo-horsens-para-e27.jpg","datePublished":"2023-12-04T17:21:09+00:00","dateModified":"2024-01-29T12:28:54+00:00","breadcrumb":{"@id":"https:\/\/starlediluminacion.com\/producto\/lampara-de-suelo-horsens-para-e27\/#breadcrumb"},"inLanguage":"en-US","potentialAction":[{"@type":"ReadAction","target":["https:\/\/starlediluminacion.com\/producto\/lampara-de-suelo-horsens-para-e27\/"]}]},{"@type":"ImageObject","inLanguage":"en-US","@id":"https:\/\/starlediluminacion.com\/producto\/lampara-de-suelo-horsens-para-e27\/#primaryimage","url":"https:\/\/starlediluminacion.com\/wp-content\/uploads\/2023\/12\/lampara-de-suelo-horsens-para-e27.jpg","contentUrl":"https:\/\/starlediluminacion.com\/wp-content\/uploads\/2023\/12\/lampara-de-suelo-horsens-para-e27.jpg","width":744,"height":800},{"@type":"BreadcrumbList","@id":"https:\/\/starlediluminacion.com\/producto\/lampara-de-suelo-horsens-para-e27\/#breadcrumb","itemListElement":[{"@type":"ListItem","position":1,"name":"Portada","item":"https:\/\/starlediluminacion.com\/"},{"@type":"ListItem","position":2,"name":"Shop","item":"https:\/\/starlediluminacion.com\/shop-2\/"},{"@type":"ListItem","position":3,"name":"L\u00e1mpara De Suelo &#8211; HORSENS &#8211; Para E27"}]},{"@type":"WebSite","@id":"https:\/\/starlediluminacion.com\/#website","url":"https:\/\/starlediluminacion.com\/","name":"STARLED Iluminacion","description":"","potentialAction":[{"@type":"SearchAction","target":{"@type":"EntryPoint","urlTemplate":"https:\/\/starlediluminacion.com\/?s={search_term_string}"},"query-input":{"@type":"PropertyValueSpecification","valueRequired":true,"valueName":"search_term_string"}}],"inLanguage":"en-US"}]}},"_links":{"self":[{"href":"https:\/\/starlediluminacion.com\/en\/wp-json\/wp\/v3\/product\/11577","targetHints":{"allow":["GET"]}}],"collection":[{"href":"https:\/\/starlediluminacion.com\/en\/wp-json\/wp\/v3\/product"}],"about":[{"href":"https:\/\/starlediluminacion.com\/en\/wp-json\/wp\/v2\/types\/product"}],"wp:featuredmedia":[{"embeddable":true,"href":"https:\/\/starlediluminacion.com\/en\/wp-json\/wp\/v2\/media\/11587"}],"wp:attachment":[{"href":"https:\/\/starlediluminacion.com\/en\/wp-json\/wp\/v2\/media?parent=11577"}],"wp:term":[{"taxonomy":"product_cat","embeddable":true,"href":"https:\/\/starlediluminacion.com\/en\/wp-json\/wp\/v2\/product_cat?post=11577"},{"taxonomy":"product_tag","embeddable":true,"href":"https:\/\/starlediluminacion.com\/en\/wp-json\/wp\/v2\/product_tag?post=11577"}],"curies":[{"name":"wp","href":"https:\/\/api.w.org\/{rel}","templated":true}]}}