{"id":10235,"date":"2023-07-27T16:31:51","date_gmt":"2023-07-27T16:31:51","guid":{"rendered":"https:\/\/starlediluminacion.com\/?post_type=product&#038;p=10235"},"modified":"2023-09-14T09:04:16","modified_gmt":"2023-09-14T09:04:16","slug":"tira-led-cob-24v-480-led-m-30m-flip-chip-1200lm-12w-m-cri90-ip67","status":"publish","type":"product","link":"https:\/\/starlediluminacion.com\/en\/product\/tira-led-cob-24v-480-led-m-30m-flip-chip-1200lm-12w-m-cri90-ip67\/","title":{"rendered":"<p>COB LED Strip 24V | 480 LED\/m | 30m | FLIP CHIP | 1200Lm | 12W\/M | CRI90 | IP67<\/p>"},"content":{"rendered":"<h1>COB LED Strip 24V | 480 LED\/m | 30m | FLIP CHIP | 1200Lm | 12W\/M | CRI90 | IP67<p>Our&nbsp;<strong>LED strip COB 24 Volt 12W<\/strong>&nbsp;is self-adhesive for easy installation. The LED strip requires a constant current direct current (DC) power supply to power it.  The LED strips can be dimmable (-<strong>Dimmables<\/strong>-).<\/p><p>This COB LED strip has 480 FLIPCHIP chips per meter, so we get a uniform light throughout the strip, in addition to having higher Lm\/W performance than traditional SMD LEDs.<\/p><p>With its&nbsp;<strong>CRI &gt;90<\/strong>&nbsp;we get the colors look very real. This makes this LED strip perfect for illuminating spaces where we want the colors to look perfect.<\/p><p>The LED strip can be cut and joined by the spaces indicated on the strip (copper junction area), always following the relevant instructions (be careful that the soldering iron maintains a brief contact with the strip when soldering, as excessive heat will damage the driver).<br>\nIt is recommended that any type of installation of this type does not exceed 10 meters to avoid voltage drops of the direct current that feeds the LED strips, although you also have the option of feeding the strip at both ends, a more advisable option if you are going to place 20 continuous meters.  For the installation of more continuous meters, you will need the installation of signal amplifiers for the LED strip.<\/p><p>In order to increase the life of the LED strip, the following should be considered when installing it&nbsp;<strong>recommended<\/strong>&nbsp;use the&nbsp;<strong>heat sink tape<\/strong>&nbsp;double-sided, as well as to place it on&nbsp;<strong>aluminum profile<\/strong>for proper heat management of the LED strip itself.<\/p><p>You can find on our website signal amplifiers, dissipative tape, bonding accessories, 12-24v power supplies, as well as aluminum profiles.<\/p><p>The&nbsp;<strong>LED strips<\/strong>&nbsp;are ideal for lighting any type of corner or element of your business and your home, thanks to its flexibility. It can be said that one of its main advantages is the great versatility of uses that can be given, since they can be installed in any area and adapt to any corner, and thus be placed in any position, for its adaptable linear design.<\/p><p>&nbsp;<\/p><h2 dir=\"ltr\">Uses of COB LED Strip 24V | 480 LED\/m | 30m | FLIP CHIP | 1200Lm |12W\/M | CRI90 | IP67<\/h2><ul>\n<li>In libraries<\/li>\n<li>Bars<\/li>\n<li>Home<\/li>\n<li>Restaurants<\/li>\n<li>Covers<\/li>\n<li>Retailers<\/li>\n<\/ul><h3 class=\"page-product-heading\">TECHNICAL DATA SHEET<\/h3><div class=\"col-xs-12 col-md-6\">\n<table class=\"table table-data-sheet 1\">\n<tbody>\n<tr class=\"odd\">\n<td valign=\"middle\" width=\"32\"><\/td>\n<td valign=\"middle\">REFERENCE :<\/td>\n<td valign=\"middle\">SLSP480D12W30M<\/td>\n<\/tr>\n<tr class=\"even\">\n<td valign=\"middle\" width=\"32\"><\/td>\n<td valign=\"middle\">Rated power :<\/td>\n<td valign=\"middle\">12w*30m<\/td>\n<\/tr>\n<tr class=\"odd\">\n<td valign=\"middle\" width=\"32\"><\/td>\n<td valign=\"middle\">Nominal voltage:<\/td>\n<td valign=\"middle\">24V DC<\/td>\n<\/tr>\n<tr class=\"even\">\n<td valign=\"middle\" width=\"32\"><\/td>\n<td valign=\"middle\">Light temperature:<\/td>\n<td valign=\"middle\">2700K - 4000K - 5700K<\/td>\n<\/tr>\n<tr class=\"odd\">\n<td valign=\"middle\" width=\"32\"><\/td>\n<td valign=\"middle\">CRI - Color Rendering Index:<\/td>\n<td valign=\"middle\">90<\/td>\n<\/tr>\n<tr class=\"even\">\n<td valign=\"middle\" width=\"32\"><\/td>\n<td valign=\"middle\">Luminosity-Lm:<\/td>\n<td valign=\"middle\">1 Meter: 1200Lm\/W - 30 Meter: 36000Lm<\/td>\n<\/tr>\n<tr class=\"odd\">\n<td valign=\"middle\" width=\"32\"><\/td>\n<td valign=\"middle\">Type of LEDs:<\/td>\n<td valign=\"middle\">COB<\/td>\n<\/tr>\n<tr class=\"even\">\n<td valign=\"middle\" width=\"32\"><\/td>\n<td valign=\"middle\">Opening Angle (\u00ba):<\/td>\n<td valign=\"middle\">180\u00ba<\/td>\n<\/tr>\n<tr class=\"odd\">\n<td valign=\"middle\" width=\"32\"><\/td>\n<td valign=\"middle\">LED Diode Efficiency (Lm\/W):<\/td>\n<td valign=\"middle\">240 Lm\/W<\/td>\n<\/tr>\n<tr class=\"even\">\n<td valign=\"middle\" width=\"32\"><\/td>\n<td valign=\"middle\">Luminous efficacy (Lm\/W):<\/td>\n<td valign=\"middle\">200<\/td>\n<\/tr>\n<tr class=\"odd\">\n<td valign=\"middle\" width=\"32\"><\/td>\n<td valign=\"middle\">Dimmable:<\/td>\n<td valign=\"middle\">YES<\/td>\n<\/tr>\n<\/tbody>\n<\/table>\n<\/div><div class=\"col-xs-12 col-md-6 2\">\n<table class=\"table table-data-sheet 2\">\n<tbody>\n<tr class=\"odd\">\n<td valign=\"middle\" width=\"32\"><\/td>\n<td valign=\"middle\">Certificates:<\/td>\n<td valign=\"middle\">CE - ROHS<\/td>\n<\/tr>\n<tr class=\"even\">\n<td valign=\"middle\" width=\"32\"><\/td>\n<td valign=\"middle\">IP rating:<\/td>\n<td valign=\"middle\">IP67-Outdoor<\/td>\n<\/tr>\n<tr class=\"odd\">\n<td valign=\"middle\" width=\"32\"><\/td>\n<td valign=\"middle\">Estimated Life LED Diode (H):<\/td>\n<td valign=\"middle\">100.000<\/td>\n<\/tr>\n<tr class=\"even\">\n<td valign=\"middle\" width=\"32\"><\/td>\n<td valign=\"middle\">Dimensions (mm):<\/td>\n<td valign=\"middle\">5m. x 8mm<\/td>\n<\/tr>\n<tr class=\"odd\">\n<td valign=\"middle\" width=\"32\"><\/td>\n<td valign=\"middle\">Temperature range (\u00baC):<\/td>\n<td valign=\"middle\">-20\u00b0C ~ +55\u00b0C<\/td>\n<\/tr>\n<tr class=\"even\">\n<td valign=\"middle\" width=\"32\"><\/td>\n<td valign=\"middle\">Ignition Cycles:<\/td>\n<td valign=\"middle\">100.000<\/td>\n<\/tr>\n<tr class=\"odd\">\n<td valign=\"middle\" width=\"32\"><\/td>\n<td valign=\"middle\">Additional Information:<\/td>\n<td valign=\"middle\">Cut: 50mm<\/td>\n<\/tr>\n<tr class=\"even\">\n<td valign=\"middle\" width=\"32\"><\/td>\n<td valign=\"middle\">Energy Class (2021-EU-2019\/2015):<\/td>\n<td valign=\"middle\">A+<\/td>\n<\/tr>\n<tr class=\"odd\">\n<td valign=\"middle\" width=\"32\"><\/td>\n<td valign=\"middle\">Energy Class (2023 - EU-2019\/2015):<\/td>\n<td valign=\"middle\">F<\/td>\n<\/tr>\n<tr class=\"even\">\n<td valign=\"middle\" width=\"32\"><\/td>\n<td valign=\"middle\">Warranty years:<\/td>\n<td valign=\"middle\">3<\/td>\n<\/tr>\n<\/tbody>\n<\/table>\n<p>&nbsp;<\/p>\n<\/div><\/h1>","protected":false},"excerpt":{"rendered":"<p><strong><label>REFERENCE:<\/label>&nbsp;SL<span class=\"editable\">SP480D12W30M-91021-4K<\/span><\/strong><p><strong>30 meter coil of COB LED strips<\/strong>&nbsp;from&nbsp;<strong>12W&nbsp;<\/strong>a&nbsp;<strong>24V<\/strong><strong>&nbsp;<\/strong>with adhesive tape for easy installation. Designed for indoor installation. Perfect for LIGHTING all types of spaces. Requires power supply and it is convenient to install it on an aluminum profile for good heat dissipation.<strong>&nbsp;<\/strong><\/p><p><strong>480 Leds\/meter high power FLIP CHIP.<\/strong><\/p><p>COLOR TEMPERATURE: <strong>2700K\/4000K\/5700K<\/strong><\/p><div class=\"col-md-12\"><i class=\"fa fa-truck\"><\/i>&nbsp;<span class=\"text-muted textprop\">Delivery in 24\/48 hours<\/span><\/div><div class=\"col-md-12\"><i class=\"fa fa-exchange\"><\/i>&nbsp;<span class=\"text-muted textprop\">Insured warranty<\/span><\/div><div class=\"col-md-12\"><i class=\"fa fa-box\"><\/i>&nbsp;<span class=\"text-muted textprop\">50 unit(s) per Masterbox<\/span><\/div><\/p>","protected":false},"featured_media":10248,"template":"","meta":{"site-sidebar-layout":"default","site-content-layout":"default","ast-global-header-display":"","ast-main-header-display":"","ast-hfb-above-header-display":"","ast-hfb-below-header-display":"","ast-hfb-mobile-header-display":"","site-post-title":"","ast-breadcrumbs-content":"","ast-featured-img":"","footer-sml-layout":"","theme-transparent-header-meta":"default","adv-header-id-meta":"","stick-header-meta":"","header-above-stick-meta":"","header-main-stick-meta":"","header-below-stick-meta":""},"product_cat":[89,45],"product_tag":[],"class_list":["post-10235","product","type-product","status-publish","has-post-thumbnail","hentry","product_cat-tiras-led-24v-dc","product_cat-tiras-led-y-neon-flexible"],"yoast_head":"<!-- This site is optimized with the Yoast SEO plugin v27.4 - https:\/\/yoast.com\/product\/yoast-seo-wordpress\/ -->\n<title>Tira LED COB 24V | 480 LED\/m | 30m | FLIP CHIP | 1200Lm |12W\/M | CRI90 | IP67 - STARLED Iluminacion<\/title>\n<meta name=\"robots\" content=\"index, follow, max-snippet:-1, max-image-preview:large, max-video-preview:-1\" \/>\n<link rel=\"canonical\" href=\"https:\/\/starlediluminacion.com\/en\/product\/tira-led-cob-24v-480-led-m-30m-flip-chip-1200lm-12w-m-cri90-ip67\/\" \/>\n<meta property=\"og:locale\" content=\"en_US\" \/>\n<meta property=\"og:type\" content=\"article\" \/>\n<meta property=\"og:title\" content=\"Tira LED COB 24V | 480 LED\/m | 30m | FLIP CHIP | 1200Lm |12W\/M | CRI90 | IP67 - STARLED Iluminacion\" \/>\n<meta property=\"og:description\" content=\"REFERENCIA:\u00a0SLSP480D12W30M-91021-4K  Bobina de 30 metros de Tira led COB\u00a0de\u00a012W\u00a0a\u00a024V\u00a0con cinta adhesiva para facilitar su instalaci\u00f3n. Dise\u00f1ada para su colocaci\u00f3n en interior. Perfecta para\u00a0ILUMINAR\u00a0todo tipo de espacios. Requiere de fuente de alimentaci\u00f3n y es conveniente instalarla sobre un perfil de aluminio para conseguir una buena disipaci\u00f3n del calor.\u00a0  480\u00a0Leds\/metro FLIP CHIP de alta potencia.  TEMPERATURA DE COLOR: 2700K\/4000K\/5700K \u00a0Entrega en 24\/48 horas \u00a0Garant\u00eda asegurada \u00a050 unidad(es) por Masterbox\" \/>\n<meta property=\"og:url\" content=\"https:\/\/starlediluminacion.com\/en\/product\/tira-led-cob-24v-480-led-m-30m-flip-chip-1200lm-12w-m-cri90-ip67\/\" \/>\n<meta property=\"og:site_name\" content=\"STARLED Iluminacion\" \/>\n<meta property=\"article:modified_time\" content=\"2023-09-14T09:04:16+00:00\" \/>\n<meta property=\"og:image\" content=\"https:\/\/starlediluminacion.com\/wp-content\/uploads\/2023\/07\/tira-led-cob-24v-480-ledm-30m-flip-chip-1200lm-12wm-cri90-ip20-factorled.jpg\" \/>\n\t<meta property=\"og:image:width\" content=\"1000\" \/>\n\t<meta property=\"og:image:height\" content=\"1000\" \/>\n\t<meta property=\"og:image:type\" content=\"image\/jpeg\" \/>\n<meta name=\"twitter:card\" content=\"summary_large_image\" \/>\n<meta name=\"twitter:label1\" content=\"Est. reading time\" \/>\n\t<meta name=\"twitter:data1\" content=\"3 minutes\" \/>\n<script type=\"application\/ld+json\" class=\"yoast-schema-graph\">{\"@context\":\"https:\\\/\\\/schema.org\",\"@graph\":[{\"@type\":\"WebPage\",\"@id\":\"https:\\\/\\\/starlediluminacion.com\\\/producto\\\/tira-led-cob-24v-480-led-m-30m-flip-chip-1200lm-12w-m-cri90-ip67\\\/\",\"url\":\"https:\\\/\\\/starlediluminacion.com\\\/producto\\\/tira-led-cob-24v-480-led-m-30m-flip-chip-1200lm-12w-m-cri90-ip67\\\/\",\"name\":\"Tira LED COB 24V | 480 LED\\\/m | 30m | FLIP CHIP | 1200Lm |12W\\\/M | CRI90 | IP67 - STARLED Iluminacion\",\"isPartOf\":{\"@id\":\"https:\\\/\\\/starlediluminacion.com\\\/#website\"},\"primaryImageOfPage\":{\"@id\":\"https:\\\/\\\/starlediluminacion.com\\\/producto\\\/tira-led-cob-24v-480-led-m-30m-flip-chip-1200lm-12w-m-cri90-ip67\\\/#primaryimage\"},\"image\":{\"@id\":\"https:\\\/\\\/starlediluminacion.com\\\/producto\\\/tira-led-cob-24v-480-led-m-30m-flip-chip-1200lm-12w-m-cri90-ip67\\\/#primaryimage\"},\"thumbnailUrl\":\"https:\\\/\\\/starlediluminacion.com\\\/wp-content\\\/uploads\\\/2023\\\/07\\\/tira-led-cob-24v-480-ledm-30m-flip-chip-1200lm-12wm-cri90-ip20-factorled.jpg\",\"datePublished\":\"2023-07-27T16:31:51+00:00\",\"dateModified\":\"2023-09-14T09:04:16+00:00\",\"breadcrumb\":{\"@id\":\"https:\\\/\\\/starlediluminacion.com\\\/producto\\\/tira-led-cob-24v-480-led-m-30m-flip-chip-1200lm-12w-m-cri90-ip67\\\/#breadcrumb\"},\"inLanguage\":\"en-US\",\"potentialAction\":[{\"@type\":\"ReadAction\",\"target\":[\"https:\\\/\\\/starlediluminacion.com\\\/producto\\\/tira-led-cob-24v-480-led-m-30m-flip-chip-1200lm-12w-m-cri90-ip67\\\/\"]}]},{\"@type\":\"ImageObject\",\"inLanguage\":\"en-US\",\"@id\":\"https:\\\/\\\/starlediluminacion.com\\\/producto\\\/tira-led-cob-24v-480-led-m-30m-flip-chip-1200lm-12w-m-cri90-ip67\\\/#primaryimage\",\"url\":\"https:\\\/\\\/starlediluminacion.com\\\/wp-content\\\/uploads\\\/2023\\\/07\\\/tira-led-cob-24v-480-ledm-30m-flip-chip-1200lm-12wm-cri90-ip20-factorled.jpg\",\"contentUrl\":\"https:\\\/\\\/starlediluminacion.com\\\/wp-content\\\/uploads\\\/2023\\\/07\\\/tira-led-cob-24v-480-ledm-30m-flip-chip-1200lm-12wm-cri90-ip20-factorled.jpg\",\"width\":1000,\"height\":1000},{\"@type\":\"BreadcrumbList\",\"@id\":\"https:\\\/\\\/starlediluminacion.com\\\/producto\\\/tira-led-cob-24v-480-led-m-30m-flip-chip-1200lm-12w-m-cri90-ip67\\\/#breadcrumb\",\"itemListElement\":[{\"@type\":\"ListItem\",\"position\":1,\"name\":\"Portada\",\"item\":\"https:\\\/\\\/starlediluminacion.com\\\/\"},{\"@type\":\"ListItem\",\"position\":2,\"name\":\"Shop\",\"item\":\"https:\\\/\\\/starlediluminacion.com\\\/shop-2\\\/\"},{\"@type\":\"ListItem\",\"position\":3,\"name\":\"Tira LED COB 24V | 480 LED\\\/m | 30m | FLIP CHIP | 1200Lm |12W\\\/M | CRI90 | IP67\"}]},{\"@type\":\"WebSite\",\"@id\":\"https:\\\/\\\/starlediluminacion.com\\\/#website\",\"url\":\"https:\\\/\\\/starlediluminacion.com\\\/\",\"name\":\"STARLED Iluminacion\",\"description\":\"\",\"potentialAction\":[{\"@type\":\"SearchAction\",\"target\":{\"@type\":\"EntryPoint\",\"urlTemplate\":\"https:\\\/\\\/starlediluminacion.com\\\/?s={search_term_string}\"},\"query-input\":{\"@type\":\"PropertyValueSpecification\",\"valueRequired\":true,\"valueName\":\"search_term_string\"}}],\"inLanguage\":\"en-US\"}]}<\/script>\n<!-- \/ Yoast SEO plugin. -->","yoast_head_json":{"title":"Tira LED COB 24V | 480 LED\/m | 30m | FLIP CHIP | 1200Lm |12W\/M | CRI90 | IP67 - STARLED Iluminacion","robots":{"index":"index","follow":"follow","max-snippet":"max-snippet:-1","max-image-preview":"max-image-preview:large","max-video-preview":"max-video-preview:-1"},"canonical":"https:\/\/starlediluminacion.com\/en\/product\/tira-led-cob-24v-480-led-m-30m-flip-chip-1200lm-12w-m-cri90-ip67\/","og_locale":"en_US","og_type":"article","og_title":"Tira LED COB 24V | 480 LED\/m | 30m | FLIP CHIP | 1200Lm |12W\/M | CRI90 | IP67 - STARLED Iluminacion","og_description":"REFERENCIA:\u00a0SLSP480D12W30M-91021-4K  Bobina de 30 metros de Tira led COB\u00a0de\u00a012W\u00a0a\u00a024V\u00a0con cinta adhesiva para facilitar su instalaci\u00f3n. Dise\u00f1ada para su colocaci\u00f3n en interior. Perfecta para\u00a0ILUMINAR\u00a0todo tipo de espacios. Requiere de fuente de alimentaci\u00f3n y es conveniente instalarla sobre un perfil de aluminio para conseguir una buena disipaci\u00f3n del calor.\u00a0  480\u00a0Leds\/metro FLIP CHIP de alta potencia.  TEMPERATURA DE COLOR: 2700K\/4000K\/5700K \u00a0Entrega en 24\/48 horas \u00a0Garant\u00eda asegurada \u00a050 unidad(es) por Masterbox","og_url":"https:\/\/starlediluminacion.com\/en\/product\/tira-led-cob-24v-480-led-m-30m-flip-chip-1200lm-12w-m-cri90-ip67\/","og_site_name":"STARLED Iluminacion","article_modified_time":"2023-09-14T09:04:16+00:00","og_image":[{"width":1000,"height":1000,"url":"https:\/\/starlediluminacion.com\/wp-content\/uploads\/2023\/07\/tira-led-cob-24v-480-ledm-30m-flip-chip-1200lm-12wm-cri90-ip20-factorled.jpg","type":"image\/jpeg"}],"twitter_card":"summary_large_image","twitter_misc":{"Est. reading time":"3 minutes"},"schema":{"@context":"https:\/\/schema.org","@graph":[{"@type":"WebPage","@id":"https:\/\/starlediluminacion.com\/producto\/tira-led-cob-24v-480-led-m-30m-flip-chip-1200lm-12w-m-cri90-ip67\/","url":"https:\/\/starlediluminacion.com\/producto\/tira-led-cob-24v-480-led-m-30m-flip-chip-1200lm-12w-m-cri90-ip67\/","name":"Tira LED COB 24V | 480 LED\/m | 30m | FLIP CHIP | 1200Lm |12W\/M | CRI90 | IP67 - STARLED Iluminacion","isPartOf":{"@id":"https:\/\/starlediluminacion.com\/#website"},"primaryImageOfPage":{"@id":"https:\/\/starlediluminacion.com\/producto\/tira-led-cob-24v-480-led-m-30m-flip-chip-1200lm-12w-m-cri90-ip67\/#primaryimage"},"image":{"@id":"https:\/\/starlediluminacion.com\/producto\/tira-led-cob-24v-480-led-m-30m-flip-chip-1200lm-12w-m-cri90-ip67\/#primaryimage"},"thumbnailUrl":"https:\/\/starlediluminacion.com\/wp-content\/uploads\/2023\/07\/tira-led-cob-24v-480-ledm-30m-flip-chip-1200lm-12wm-cri90-ip20-factorled.jpg","datePublished":"2023-07-27T16:31:51+00:00","dateModified":"2023-09-14T09:04:16+00:00","breadcrumb":{"@id":"https:\/\/starlediluminacion.com\/producto\/tira-led-cob-24v-480-led-m-30m-flip-chip-1200lm-12w-m-cri90-ip67\/#breadcrumb"},"inLanguage":"en-US","potentialAction":[{"@type":"ReadAction","target":["https:\/\/starlediluminacion.com\/producto\/tira-led-cob-24v-480-led-m-30m-flip-chip-1200lm-12w-m-cri90-ip67\/"]}]},{"@type":"ImageObject","inLanguage":"en-US","@id":"https:\/\/starlediluminacion.com\/producto\/tira-led-cob-24v-480-led-m-30m-flip-chip-1200lm-12w-m-cri90-ip67\/#primaryimage","url":"https:\/\/starlediluminacion.com\/wp-content\/uploads\/2023\/07\/tira-led-cob-24v-480-ledm-30m-flip-chip-1200lm-12wm-cri90-ip20-factorled.jpg","contentUrl":"https:\/\/starlediluminacion.com\/wp-content\/uploads\/2023\/07\/tira-led-cob-24v-480-ledm-30m-flip-chip-1200lm-12wm-cri90-ip20-factorled.jpg","width":1000,"height":1000},{"@type":"BreadcrumbList","@id":"https:\/\/starlediluminacion.com\/producto\/tira-led-cob-24v-480-led-m-30m-flip-chip-1200lm-12w-m-cri90-ip67\/#breadcrumb","itemListElement":[{"@type":"ListItem","position":1,"name":"Portada","item":"https:\/\/starlediluminacion.com\/"},{"@type":"ListItem","position":2,"name":"Shop","item":"https:\/\/starlediluminacion.com\/shop-2\/"},{"@type":"ListItem","position":3,"name":"Tira LED COB 24V | 480 LED\/m | 30m | FLIP CHIP | 1200Lm |12W\/M | CRI90 | IP67"}]},{"@type":"WebSite","@id":"https:\/\/starlediluminacion.com\/#website","url":"https:\/\/starlediluminacion.com\/","name":"STARLED Iluminacion","description":"","potentialAction":[{"@type":"SearchAction","target":{"@type":"EntryPoint","urlTemplate":"https:\/\/starlediluminacion.com\/?s={search_term_string}"},"query-input":{"@type":"PropertyValueSpecification","valueRequired":true,"valueName":"search_term_string"}}],"inLanguage":"en-US"}]}},"_links":{"self":[{"href":"https:\/\/starlediluminacion.com\/en\/wp-json\/wp\/v3\/product\/10235","targetHints":{"allow":["GET"]}}],"collection":[{"href":"https:\/\/starlediluminacion.com\/en\/wp-json\/wp\/v3\/product"}],"about":[{"href":"https:\/\/starlediluminacion.com\/en\/wp-json\/wp\/v2\/types\/product"}],"wp:featuredmedia":[{"embeddable":true,"href":"https:\/\/starlediluminacion.com\/en\/wp-json\/wp\/v2\/media\/10248"}],"wp:attachment":[{"href":"https:\/\/starlediluminacion.com\/en\/wp-json\/wp\/v2\/media?parent=10235"}],"wp:term":[{"taxonomy":"product_cat","embeddable":true,"href":"https:\/\/starlediluminacion.com\/en\/wp-json\/wp\/v2\/product_cat?post=10235"},{"taxonomy":"product_tag","embeddable":true,"href":"https:\/\/starlediluminacion.com\/en\/wp-json\/wp\/v2\/product_tag?post=10235"}],"curies":[{"name":"wp","href":"https:\/\/api.w.org\/{rel}","templated":true}]}}