{"id":9990,"date":"2023-05-23T15:54:04","date_gmt":"2023-05-23T15:54:04","guid":{"rendered":"https:\/\/starlediluminacion.com\/?post_type=product&#038;p=9990"},"modified":"2023-09-14T09:39:51","modified_gmt":"2023-09-14T09:39:51","slug":"farola-solar-led-garden-abs-4000k-mando-de-control","status":"publish","type":"product","link":"https:\/\/starlediluminacion.com\/de\/product\/strasenlaterne-solar-led-garten-abs-4000k-steuerung-steuerung\/","title":{"rendered":"<p>Solar LED-Stra\u00dfenleuchte - GARDEN - ABS- 4000K+ Regler<\/p>"},"content":{"rendered":"<h1>Solar LED-Stra\u00dfenleuchte - GARDEN - ABS- 4000K+ Regler<p>&nbsp;<\/p><p>Die Solar-Gartenlaterne ist ein innovatives Beleuchtungsger\u00e4t, das tags\u00fcber aufgeladen wird und sich bei D\u00e4mmerung automatisch einschaltet. Mit einem 15W\/3,2V-Solarpanel und einer 15AH-Batterie ist diese Solarlaterne in der Lage, die ganze Nacht \u00fcber zuverl\u00e4ssige Beleuchtung zu bieten, ohne dass Stecker oder Kabel ben\u00f6tigt werden. Das robuste und langlebige Design aus ABS und PC-Linsen mit der Schutzart IP54 macht die Laterne wetterfest und garantiert den Einsatz in jedem Klima.<\/p><p>Die Solar-Gartenleuchte ist mit 16 SMD3030 best\u00fcckt, die ein neutralwei\u00dfes Licht mit 4000 K erzeugen und einen Lichtring bilden, der eine gleichm\u00e4\u00dfige Ausleuchtung des gesamten Bereichs gew\u00e4hrleistet. Diese Art von Licht ist f\u00fcr die Beleuchtung von G\u00e4rten und Au\u00dfenbereichen geeignet, da es ein helles, klares Licht liefert, das nicht zu intensiv f\u00fcr die Augen ist.<\/p><p>Die Gr\u00f6\u00dfe des Solarpanels betr\u00e4gt ?4134mm, was eine gro\u00dfe Oberfl\u00e4che f\u00fcr die Aufnahme von Sonnenenergie gew\u00e4hrleistet. Dar\u00fcber hinaus betr\u00e4gt die Gr\u00f6\u00dfe der Lampe 43092 mm, wodurch sie leicht in jedem Au\u00dfenbereich installiert werden kann. Die Laufzeit der Solar-Stra\u00dfenlaterne betr\u00e4gt 13 Stunden, was bedeutet, dass sie die ganze Nacht \u00fcber eine zuverl\u00e4ssige Beleuchtung bieten kann.<\/p><p>Die Ladezeit der Solarlaterne betr\u00e4gt 6-8 Stunden, abh\u00e4ngig von der Intensit\u00e4t des verf\u00fcgbaren Sonnenlichts. Die Laterne verf\u00fcgt \u00fcber eine Fernbedienung, mit der der Benutzer das Licht jederzeit ein- und ausschalten sowie die Helligkeit und Intensit\u00e4t des Lichts einstellen kann. Dar\u00fcber hinaus verf\u00fcgt sie \u00fcber einen PIR-Anwesenheitssensor, der daf\u00fcr sorgt, dass sich das Licht automatisch einschaltet, wenn es eine Bewegung in der Umgebung feststellt, und sich nach einer bestimmten Zeit ohne Bewegung wieder ausschaltet, um Energie zu sparen.<\/p><p>Kurz gesagt, die Solar-Gartenlaterne ist eine ausgezeichnete Wahl f\u00fcr alle, die eine autarke, sichere und effiziente L\u00f6sung f\u00fcr die Au\u00dfenbeleuchtung suchen. Ihr robustes und langlebiges Design, die schnelle Aufladefunktion und die Fernbedienung machen sie ideal f\u00fcr G\u00e4rten, Terrassen, Stra\u00dfen, Parks und jeden anderen Au\u00dfenbereich, in dem eine zuverl\u00e4ssige Beleuchtung ben\u00f6tigt wird.<\/p><p>&nbsp;<\/p><p>Profitieren Sie auch von den Vorteilen dieser Solar-Stra\u00dfenleuchte - GARDEN l, denn dank der fortschrittlichen LED-Technologie erhalten Sie eine gro\u00dfe Lichtleistung.<\/p><ul>\n<li>Einsparungen bei den Wartungskosten.<\/li>\n<li>Ideal als Ersatz f\u00fcr alte Stra\u00dfenlaternen.<\/li>\n<li>Sie hat einen Schutz von&nbsp;<strong>IP54.<\/strong><\/li>\n<li>Keine externe Stromversorgung erforderlich.<\/li>\n<li>Keine Installation von Kabeln erforderlich.<\/li>\n<li>Sie schaltet sich bei Einbruch der Dunkelheit automatisch ein.<\/li>\n<li>Es nutzt saubere, erneuerbare Energie, denn dieses Panel f\u00e4ngt tags\u00fcber die von der Sonne erzeugte W\u00e4rme ein und wandelt sie in Energie um, wodurch die Batterie aufgeladen wird, und nachts leuchtet das LED-Modul mit der gespeicherten Energie.<\/li>\n<li>Die Installation ist sehr einfach.<\/li>\n<li>Sie k\u00f6nnen die Leuchte mit ihrer Fernbedienung steuern<\/li>\n<\/ul><p>Einmal installiert, m\u00fcssen Sie nur noch warten, bis die Sonne die Batterien aufl\u00e4dt, und nachts schaltet sich die Lampe automatisch ein, um Ihnen das Licht zu geben, das Sie an dem Ort ben\u00f6tigen, an dem Sie sie installiert haben.<\/p><p>Solar-Batterie-Laderegler: Die Solarlaterne verf\u00fcgt \u00fcber einen eingebauten Batteriestandsregler. Selbst wenn Sie sie mit der Fernbedienung programmieren, wird die Programmierung ge\u00e4ndert, wenn der Regler erkennt, dass der Batteriestand niedrig ist. Mit anderen Worten, der Controller hilft, die Lebensdauer der Batterie zu verl\u00e4ngern, indem er sie vor Missbrauch, niedrigem Batteriestand, \u00dcberladung und Kurzschlussschutz sch\u00fctzt.<\/p><p>&nbsp;<\/p><h2>Anwendungen der Solar-LED-Stra\u00dfenleuchte - GARDEN - ABS- 4000K+ Controller:<\/h2><ul>\n<li>Diese Solar-LED-Stra\u00dfenlampen sind ideal f\u00fcr den Einsatz in l\u00e4ndlichen Gebieten, Parks, Stra\u00dfen, Gehwegen, Parkpl\u00e4tzen, G\u00e4rten und st\u00e4dtischen Gebieten mit schlechter Beleuchtung.<\/li>\n<li>Solarstra\u00dfenleuchten sind auch eine ausgezeichnete Wahl f\u00fcr nachhaltige und umweltfreundliche Beleuchtungsprojekte, da sie erneuerbare Energien nutzen und keine Treibhausgase aussto\u00dfen. Dar\u00fcber hinaus sind Solarstra\u00dfenleuchten einfach zu installieren und erfordern im Vergleich zu konventionellen Stra\u00dfenlaternen nur wenig Wartung.<\/li>\n<li>In Gebieten, in denen die Stromversorgung instabil ist oder nicht zur Verf\u00fcgung steht, sind Solarstra\u00dfenleuchten eine zuverl\u00e4ssige und kosteng\u00fcnstige Alternative f\u00fcr die \u00f6ffentliche Beleuchtung.<\/li>\n<li>Auch bei Veranstaltungen im Freien, wie Konzerten, Festivals und Nachtm\u00e4rkten, wo die Beleuchtung f\u00fcr die Sicherheit und den Komfort des Publikums unerl\u00e4sslich ist, werden sie eingesetzt...<\/li>\n<\/ul><p>&nbsp;<\/p><p>In unserem Online-Shop stellen wir sicher, dass unsere Produkte von garantierter QUALIT\u00c4T sind und bieten alle notwendigen Elemente f\u00fcr den VERTRIEB, den IMPORT oder den GESCH\u00c4FTSVERKEHR an, einschlie\u00dflich des technischen Datenblatts f\u00fcr jedes LED-Produkt.<\/p><h3 class=\"page-product-heading\">TECHNISCHE DATEN<\/h3><div class=\"col-xs-12 col-md-6\">\n<table class=\"table table-data-sheet 1\">\n<tbody>\n<tr class=\"odd\">\n<td valign=\"middle\" width=\"32\"><\/td>\n<td valign=\"middle\">REFERENZEN :<\/td>\n<td valign=\"middle\">SL91106<\/td>\n<\/tr>\n<tr class=\"even\">\n<td valign=\"middle\" width=\"32\"><\/td>\n<td valign=\"middle\">Nennleistung :<\/td>\n<td valign=\"middle\">15W Chip-Solarmodul: Monokristallin Klasse: A 16.2V<\/td>\n<\/tr>\n<tr class=\"odd\">\n<td valign=\"middle\" width=\"32\"><\/td>\n<td valign=\"middle\">Lichttemperatur:<\/td>\n<td valign=\"middle\">4000K<\/td>\n<\/tr>\n<tr class=\"even\">\n<td valign=\"middle\" width=\"32\"><\/td>\n<td valign=\"middle\">CRI - Farbwiedergabeindex:<\/td>\n<td valign=\"middle\">70<\/td>\n<\/tr>\n<tr class=\"odd\">\n<td valign=\"middle\" width=\"32\"><\/td>\n<td valign=\"middle\">Baumaterial:<\/td>\n<td valign=\"middle\">ABS +PC<\/td>\n<\/tr>\n<tr class=\"even\">\n<td valign=\"middle\" width=\"32\"><\/td>\n<td valign=\"middle\">Leuchtkraft-Lm:<\/td>\n<td valign=\"middle\">2000 Lm<\/td>\n<\/tr>\n<tr class=\"odd\">\n<td valign=\"middle\" width=\"32\"><\/td>\n<td valign=\"middle\">Art der LEDs:<\/td>\n<td valign=\"middle\">16 SMD3030-Dioden<\/td>\n<\/tr>\n<tr class=\"even\">\n<td valign=\"middle\" width=\"32\"><\/td>\n<td valign=\"middle\">\u00d6ffnungswinkel (\u00ba):<\/td>\n<td valign=\"middle\">90\u00b0<\/td>\n<\/tr>\n<tr class=\"odd\">\n<td valign=\"middle\" width=\"32\"><\/td>\n<td valign=\"middle\">Effizienz der LED-Diode (Lm\/W):<\/td>\n<td valign=\"middle\">170Lm\/W<\/td>\n<\/tr>\n<tr class=\"even\">\n<td valign=\"middle\" width=\"32\"><\/td>\n<td valign=\"middle\">Dimmbar:<\/td>\n<td valign=\"middle\">YES<\/td>\n<\/tr>\n<tr class=\"odd\">\n<td valign=\"middle\" width=\"32\"><\/td>\n<td valign=\"middle\">Bescheinigungen:<\/td>\n<td valign=\"middle\">CE - ROHS<\/td>\n<\/tr>\n<\/tbody>\n<\/table>\n<\/div><div class=\"col-xs-12 col-md-6 2\">\n<table class=\"table table-data-sheet 2\">\n<tbody>\n<tr class=\"odd\">\n<td valign=\"middle\" width=\"32\"><\/td>\n<td valign=\"middle\">IP-Bewertung:<\/td>\n<td valign=\"middle\">IP54<\/td>\n<\/tr>\n<tr class=\"even\">\n<td valign=\"middle\" width=\"32\"><\/td>\n<td valign=\"middle\">Gesch\u00e4tzte Lebensdauer der LED-Diode (H):<\/td>\n<td valign=\"middle\">50.000<\/td>\n<\/tr>\n<tr class=\"odd\">\n<td valign=\"middle\" width=\"32\"><\/td>\n<td valign=\"middle\">Abmessungen (mm):<\/td>\n<td valign=\"middle\">433xH156mm<\/td>\n<\/tr>\n<tr class=\"even\">\n<td valign=\"middle\" width=\"32\"><\/td>\n<td valign=\"middle\">Temperaturbereich (\u00baC):<\/td>\n<td valign=\"middle\">-10\u00ba +60\u00ba -10\u00ba +60\u00ba -10\u00ba +60\u00ba -10\u00ba +60\u00ba -10\u00ba +60\u00ba -10\u00ba +60\u00ba<\/td>\n<\/tr>\n<tr class=\"odd\">\n<td valign=\"middle\" width=\"32\"><\/td>\n<td valign=\"middle\">Zus\u00e4tzliche Informationen:<\/td>\n<td valign=\"middle\">PIR-SENSOR<\/td>\n<\/tr>\n<tr class=\"even\">\n<td valign=\"middle\" width=\"32\"><\/td>\n<td valign=\"middle\">Material der Batterie:<\/td>\n<td valign=\"middle\">LiFePO4 - Lithium-Phosphat -LPF 3,2V. 15AH<\/td>\n<\/tr>\n<tr class=\"odd\">\n<td valign=\"middle\" width=\"32\"><\/td>\n<td valign=\"middle\">Entladezeit (h):<\/td>\n<td valign=\"middle\">Ladezeit: 8 Stunden - Downloadzeit: 7 Stunden<\/td>\n<\/tr>\n<tr class=\"even\">\n<td valign=\"middle\" width=\"32\"><\/td>\n<td valign=\"middle\">Kontrollmodi:<\/td>\n<td valign=\"middle\">Fernbedienung<\/td>\n<\/tr>\n<tr class=\"odd\">\n<td valign=\"middle\" width=\"32\"><\/td>\n<td valign=\"middle\">Energieklasse (2021-EU-2019\/2015):<\/td>\n<td valign=\"middle\">A++<\/td>\n<\/tr>\n<tr class=\"even\">\n<td valign=\"middle\" width=\"32\"><\/td>\n<td valign=\"middle\">Energieklasse (2023 - EU-2019\/2015):<\/td>\n<td valign=\"middle\">A++<\/td>\n<\/tr>\n<tr class=\"odd\">\n<td valign=\"middle\" width=\"32\"><\/td>\n<td valign=\"middle\">Einschaltzeit :<\/td>\n<td valign=\"middle\">48h<\/td>\n<\/tr>\n<\/tbody>\n<\/table>\n<p>&nbsp;<\/p>\n<\/div><\/h1>","protected":false},"excerpt":{"rendered":"<div class=\"product-info-line\">\n<p id=\"product_reference\"><label>REFERENZ: SL91106<br>\n<\/label><\/p>\n<p>Solar-Gartenlaterne mit 15W-Panel, 15AH-Batterie und 16 SMS 3030 LEDs. Sie verf\u00fcgt \u00fcber ein robustes ABS- und PC-Design mit IP54-Schutzklasse und l\u00e4sst sich in 6-8 Stunden aufladen und hat eine Lebensdauer von 13 Stunden. Sie verf\u00fcgt \u00fcber eine Zeitschaltuhr und einen PIR-Sensor, um Energie zu sparen.<strong>&nbsp;Die Spalte mit den Produktbildern ist nicht enthalten.&nbsp;<\/strong><\/p><div class=\"col-md-12\"><i class=\"fa fa-truck\"><\/i>&nbsp;<span class=\"text-muted textprop\">Lieferung innerhalb von 24\/48 Stunden<\/span><\/div><div class=\"col-md-12\"><i class=\"fa fa-exchange\"><\/i>&nbsp;<span class=\"text-muted textprop\">Versicherte Garantie<\/span><\/div><div class=\"col-md-12\"><i class=\"fa fa-box\"><\/i>&nbsp;<span class=\"text-muted textprop\">5 Einheit(en) pro Masterbox<\/span><\/div><\/div>","protected":false},"featured_media":9999,"template":"","meta":{"site-sidebar-layout":"default","site-content-layout":"default","ast-global-header-display":"","ast-main-header-display":"","ast-hfb-above-header-display":"","ast-hfb-below-header-display":"","ast-hfb-mobile-header-display":"","site-post-title":"","ast-breadcrumbs-content":"","ast-featured-img":"","footer-sml-layout":"","theme-transparent-header-meta":"default","adv-header-id-meta":"","stick-header-meta":"","header-above-stick-meta":"","header-main-stick-meta":"","header-below-stick-meta":""},"product_cat":[97,30],"product_tag":[],"class_list":["post-9990","product","type-product","status-publish","has-post-thumbnail","hentry","product_cat-farolas-led-solares","product_cat-iluminacion-publica-y-vial"],"yoast_head":"<!-- This site is optimized with the Yoast SEO plugin v27.4 - https:\/\/yoast.com\/product\/yoast-seo-wordpress\/ -->\n<title>Farola Solar LED - GARDEN - ABS- 4000K+ Mando de Control - STARLED Iluminacion<\/title>\n<meta name=\"robots\" content=\"index, follow, max-snippet:-1, max-image-preview:large, max-video-preview:-1\" \/>\n<link rel=\"canonical\" href=\"https:\/\/starlediluminacion.com\/de\/product\/strasenlaterne-solar-led-garten-abs-4000k-steuerung-steuerung\/\" \/>\n<meta property=\"og:locale\" content=\"de_DE\" \/>\n<meta property=\"og:type\" content=\"article\" \/>\n<meta property=\"og:title\" content=\"Farola Solar LED - GARDEN - ABS- 4000K+ Mando de Control - STARLED Iluminacion\" \/>\n<meta property=\"og:description\" content=\"REFERENCIA: SL91106    Farola de jard\u00edn solar con panel de 15W, bater\u00eda de 15AH y 16 LEDs SMS 3030. Tiene un dise\u00f1o duradero de ABS y PC con \u00edndice de protecci\u00f3n IP54, y su carga se completa en\u00a06-8 horas con una duraci\u00f3n de 13 horas. Cuenta con un modelo de temporizador y sensor PIR para ahorrar energ\u00eda.\u00a0No incluye la columna de imagen del producto.\u00a0 \u00a0Entrega en 24\/48 horas \u00a0Garant\u00eda asegurada \u00a05 unidad(es) por Masterbox\" \/>\n<meta property=\"og:url\" content=\"https:\/\/starlediluminacion.com\/de\/product\/strasenlaterne-solar-led-garten-abs-4000k-steuerung-steuerung\/\" \/>\n<meta property=\"og:site_name\" content=\"STARLED Iluminacion\" \/>\n<meta property=\"article:modified_time\" content=\"2023-09-14T09:39:51+00:00\" \/>\n<meta property=\"og:image\" content=\"https:\/\/starlediluminacion.com\/wp-content\/uploads\/2023\/05\/farola-solar-led-garden-abs-4000k-mando-de-control-factorled.jpg\" \/>\n\t<meta property=\"og:image:width\" content=\"1000\" \/>\n\t<meta property=\"og:image:height\" content=\"1000\" \/>\n\t<meta property=\"og:image:type\" content=\"image\/jpeg\" \/>\n<meta name=\"twitter:card\" content=\"summary_large_image\" \/>\n<meta name=\"twitter:label1\" content=\"Gesch\u00e4tzte Lesezeit\" \/>\n\t<meta name=\"twitter:data1\" content=\"5\u00a0Minuten\" \/>\n<script type=\"application\/ld+json\" class=\"yoast-schema-graph\">{\"@context\":\"https:\\\/\\\/schema.org\",\"@graph\":[{\"@type\":\"WebPage\",\"@id\":\"https:\\\/\\\/starlediluminacion.com\\\/producto\\\/farola-solar-led-garden-abs-4000k-mando-de-control\\\/\",\"url\":\"https:\\\/\\\/starlediluminacion.com\\\/producto\\\/farola-solar-led-garden-abs-4000k-mando-de-control\\\/\",\"name\":\"Farola Solar LED - GARDEN - ABS- 4000K+ Mando de Control - STARLED Iluminacion\",\"isPartOf\":{\"@id\":\"https:\\\/\\\/starlediluminacion.com\\\/#website\"},\"primaryImageOfPage\":{\"@id\":\"https:\\\/\\\/starlediluminacion.com\\\/producto\\\/farola-solar-led-garden-abs-4000k-mando-de-control\\\/#primaryimage\"},\"image\":{\"@id\":\"https:\\\/\\\/starlediluminacion.com\\\/producto\\\/farola-solar-led-garden-abs-4000k-mando-de-control\\\/#primaryimage\"},\"thumbnailUrl\":\"https:\\\/\\\/starlediluminacion.com\\\/wp-content\\\/uploads\\\/2023\\\/05\\\/farola-solar-led-garden-abs-4000k-mando-de-control-factorled.jpg\",\"datePublished\":\"2023-05-23T15:54:04+00:00\",\"dateModified\":\"2023-09-14T09:39:51+00:00\",\"breadcrumb\":{\"@id\":\"https:\\\/\\\/starlediluminacion.com\\\/producto\\\/farola-solar-led-garden-abs-4000k-mando-de-control\\\/#breadcrumb\"},\"inLanguage\":\"de\",\"potentialAction\":[{\"@type\":\"ReadAction\",\"target\":[\"https:\\\/\\\/starlediluminacion.com\\\/producto\\\/farola-solar-led-garden-abs-4000k-mando-de-control\\\/\"]}]},{\"@type\":\"ImageObject\",\"inLanguage\":\"de\",\"@id\":\"https:\\\/\\\/starlediluminacion.com\\\/producto\\\/farola-solar-led-garden-abs-4000k-mando-de-control\\\/#primaryimage\",\"url\":\"https:\\\/\\\/starlediluminacion.com\\\/wp-content\\\/uploads\\\/2023\\\/05\\\/farola-solar-led-garden-abs-4000k-mando-de-control-factorled.jpg\",\"contentUrl\":\"https:\\\/\\\/starlediluminacion.com\\\/wp-content\\\/uploads\\\/2023\\\/05\\\/farola-solar-led-garden-abs-4000k-mando-de-control-factorled.jpg\",\"width\":1000,\"height\":1000},{\"@type\":\"BreadcrumbList\",\"@id\":\"https:\\\/\\\/starlediluminacion.com\\\/producto\\\/farola-solar-led-garden-abs-4000k-mando-de-control\\\/#breadcrumb\",\"itemListElement\":[{\"@type\":\"ListItem\",\"position\":1,\"name\":\"Portada\",\"item\":\"https:\\\/\\\/starlediluminacion.com\\\/\"},{\"@type\":\"ListItem\",\"position\":2,\"name\":\"Shop\",\"item\":\"https:\\\/\\\/starlediluminacion.com\\\/shop-2\\\/\"},{\"@type\":\"ListItem\",\"position\":3,\"name\":\"Farola Solar LED &#8211; GARDEN &#8211; ABS- 4000K+ Mando de Control\"}]},{\"@type\":\"WebSite\",\"@id\":\"https:\\\/\\\/starlediluminacion.com\\\/#website\",\"url\":\"https:\\\/\\\/starlediluminacion.com\\\/\",\"name\":\"STARLED Iluminacion\",\"description\":\"\",\"potentialAction\":[{\"@type\":\"SearchAction\",\"target\":{\"@type\":\"EntryPoint\",\"urlTemplate\":\"https:\\\/\\\/starlediluminacion.com\\\/?s={search_term_string}\"},\"query-input\":{\"@type\":\"PropertyValueSpecification\",\"valueRequired\":true,\"valueName\":\"search_term_string\"}}],\"inLanguage\":\"de\"}]}<\/script>\n<!-- \/ Yoast SEO plugin. -->","yoast_head_json":{"title":"Farola Solar LED - GARDEN - ABS- 4000K+ Mando de Control - STARLED Iluminacion","robots":{"index":"index","follow":"follow","max-snippet":"max-snippet:-1","max-image-preview":"max-image-preview:large","max-video-preview":"max-video-preview:-1"},"canonical":"https:\/\/starlediluminacion.com\/de\/product\/strasenlaterne-solar-led-garten-abs-4000k-steuerung-steuerung\/","og_locale":"de_DE","og_type":"article","og_title":"Farola Solar LED - GARDEN - ABS- 4000K+ Mando de Control - STARLED Iluminacion","og_description":"REFERENCIA: SL91106    Farola de jard\u00edn solar con panel de 15W, bater\u00eda de 15AH y 16 LEDs SMS 3030. Tiene un dise\u00f1o duradero de ABS y PC con \u00edndice de protecci\u00f3n IP54, y su carga se completa en\u00a06-8 horas con una duraci\u00f3n de 13 horas. Cuenta con un modelo de temporizador y sensor PIR para ahorrar energ\u00eda.\u00a0No incluye la columna de imagen del producto.\u00a0 \u00a0Entrega en 24\/48 horas \u00a0Garant\u00eda asegurada \u00a05 unidad(es) por Masterbox","og_url":"https:\/\/starlediluminacion.com\/de\/product\/strasenlaterne-solar-led-garten-abs-4000k-steuerung-steuerung\/","og_site_name":"STARLED Iluminacion","article_modified_time":"2023-09-14T09:39:51+00:00","og_image":[{"width":1000,"height":1000,"url":"https:\/\/starlediluminacion.com\/wp-content\/uploads\/2023\/05\/farola-solar-led-garden-abs-4000k-mando-de-control-factorled.jpg","type":"image\/jpeg"}],"twitter_card":"summary_large_image","twitter_misc":{"Gesch\u00e4tzte Lesezeit":"5\u00a0Minuten"},"schema":{"@context":"https:\/\/schema.org","@graph":[{"@type":"WebPage","@id":"https:\/\/starlediluminacion.com\/producto\/farola-solar-led-garden-abs-4000k-mando-de-control\/","url":"https:\/\/starlediluminacion.com\/producto\/farola-solar-led-garden-abs-4000k-mando-de-control\/","name":"Farola Solar LED - GARDEN - ABS- 4000K+ Mando de Control - STARLED Iluminacion","isPartOf":{"@id":"https:\/\/starlediluminacion.com\/#website"},"primaryImageOfPage":{"@id":"https:\/\/starlediluminacion.com\/producto\/farola-solar-led-garden-abs-4000k-mando-de-control\/#primaryimage"},"image":{"@id":"https:\/\/starlediluminacion.com\/producto\/farola-solar-led-garden-abs-4000k-mando-de-control\/#primaryimage"},"thumbnailUrl":"https:\/\/starlediluminacion.com\/wp-content\/uploads\/2023\/05\/farola-solar-led-garden-abs-4000k-mando-de-control-factorled.jpg","datePublished":"2023-05-23T15:54:04+00:00","dateModified":"2023-09-14T09:39:51+00:00","breadcrumb":{"@id":"https:\/\/starlediluminacion.com\/producto\/farola-solar-led-garden-abs-4000k-mando-de-control\/#breadcrumb"},"inLanguage":"de","potentialAction":[{"@type":"ReadAction","target":["https:\/\/starlediluminacion.com\/producto\/farola-solar-led-garden-abs-4000k-mando-de-control\/"]}]},{"@type":"ImageObject","inLanguage":"de","@id":"https:\/\/starlediluminacion.com\/producto\/farola-solar-led-garden-abs-4000k-mando-de-control\/#primaryimage","url":"https:\/\/starlediluminacion.com\/wp-content\/uploads\/2023\/05\/farola-solar-led-garden-abs-4000k-mando-de-control-factorled.jpg","contentUrl":"https:\/\/starlediluminacion.com\/wp-content\/uploads\/2023\/05\/farola-solar-led-garden-abs-4000k-mando-de-control-factorled.jpg","width":1000,"height":1000},{"@type":"BreadcrumbList","@id":"https:\/\/starlediluminacion.com\/producto\/farola-solar-led-garden-abs-4000k-mando-de-control\/#breadcrumb","itemListElement":[{"@type":"ListItem","position":1,"name":"Portada","item":"https:\/\/starlediluminacion.com\/"},{"@type":"ListItem","position":2,"name":"Shop","item":"https:\/\/starlediluminacion.com\/shop-2\/"},{"@type":"ListItem","position":3,"name":"Farola Solar LED &#8211; GARDEN &#8211; ABS- 4000K+ Mando de Control"}]},{"@type":"WebSite","@id":"https:\/\/starlediluminacion.com\/#website","url":"https:\/\/starlediluminacion.com\/","name":"STARLED Iluminacion","description":"","potentialAction":[{"@type":"SearchAction","target":{"@type":"EntryPoint","urlTemplate":"https:\/\/starlediluminacion.com\/?s={search_term_string}"},"query-input":{"@type":"PropertyValueSpecification","valueRequired":true,"valueName":"search_term_string"}}],"inLanguage":"de"}]}},"_links":{"self":[{"href":"https:\/\/starlediluminacion.com\/de\/wp-json\/wp\/v3\/product\/9990","targetHints":{"allow":["GET"]}}],"collection":[{"href":"https:\/\/starlediluminacion.com\/de\/wp-json\/wp\/v3\/product"}],"about":[{"href":"https:\/\/starlediluminacion.com\/de\/wp-json\/wp\/v2\/types\/product"}],"wp:featuredmedia":[{"embeddable":true,"href":"https:\/\/starlediluminacion.com\/de\/wp-json\/wp\/v2\/media\/9999"}],"wp:attachment":[{"href":"https:\/\/starlediluminacion.com\/de\/wp-json\/wp\/v2\/media?parent=9990"}],"wp:term":[{"taxonomy":"product_cat","embeddable":true,"href":"https:\/\/starlediluminacion.com\/de\/wp-json\/wp\/v2\/product_cat?post=9990"},{"taxonomy":"product_tag","embeddable":true,"href":"https:\/\/starlediluminacion.com\/de\/wp-json\/wp\/v2\/product_tag?post=9990"}],"curies":[{"name":"wp","href":"https:\/\/api.w.org\/{rel}","templated":true}]}}