{"id":9902,"date":"2023-05-23T14:09:10","date_gmt":"2023-05-23T14:09:10","guid":{"rendered":"https:\/\/starlediluminacion.com\/?post_type=product&#038;p=9902"},"modified":"2023-09-14T09:51:50","modified_gmt":"2023-09-14T09:51:50","slug":"bombilla-led-modern-cristal-humo-suave-4w-e27-g125","status":"publish","type":"product","link":"https:\/\/starlediluminacion.com\/de\/product\/gluhbirne-led-modern-kristall-rauch-weich-4w-e27-g125\/","title":{"rendered":"<p>Moderne Crystal Smoke Soft Smoke LED-Gl\u00fchbirne 4W- E27 -G125<\/p>"},"content":{"rendered":"<h1>Moderne Kristall-LED-Gl\u00fchbirne - Soft Smoke - 4W- E27 -G125<p>Die moderne LED-Design-Gl\u00fchbirne mit Kristallglas&nbsp;<strong>Farbe Smooth Smoke<\/strong>&nbsp;ist eine stilvolle und effiziente Beleuchtungsoption f\u00fcr jeden Raum. Mit ihrem modernen und anspruchsvollen Design ist diese Gl\u00fchbirne perfekt f\u00fcr alle, die ihrem Zuhause oder Arbeitsplatz einen Hauch von Stil verleihen m\u00f6chten.<\/p><p>Der weiche, rauchige Farbton des Glases verleiht der Beleuchtung einen Hauch von Geheimnis und Raffinesse, w\u00e4hrend die 3W-Wattleistung f\u00fcr Energieeffizienz sorgt, die den Stromverbrauch senkt und die Umwelt schont.<\/p><p>Dar\u00fcber hinaus hat diese LED-Gl\u00fchbirne ein E27 G125-Gewinde, wodurch sie mit den meisten auf dem Markt erh\u00e4ltlichen Halterungen und Lampen kompatibel ist. Ihre einfache Installation und Verwendung machen sie zu einer ausgezeichneten Wahl f\u00fcr diejenigen, die ihre Beleuchtung schnell und einfach aufr\u00fcsten m\u00f6chten.<\/p><p>Sie ist nicht nur energieeffizient, sondern hat auch eine lange Lebensdauer, was bedeutet, dass Sie sich keine Gedanken \u00fcber einen h\u00e4ufigen Austausch machen m\u00fcssen. Und das Beste daran ist, dass diese moderne LED-Gl\u00fchbirne zum besten Preis in unserem Online-Shop erh\u00e4ltlich ist und mit schnellem Versand, damit Sie sie in k\u00fcrzester Zeit genie\u00dfen k\u00f6nnen. Werten Sie Ihre Beleuchtung mit der modernen LED-Gl\u00fchbirne mit Smooth Smoke farbigem Glasdesign auf!<\/p><p>&nbsp;<\/p><h2><strong>Die Modern Crystal LED Bulb - Soft Smoke - 4W - E27 -G125, ist f\u00fcr eine Vielzahl von Anwendungen geeignet, einige der h\u00e4ufigsten Anwendungen sind:<\/strong><\/h2><p>&nbsp;<\/p><ul>\n<li>Allgemeine Beleuchtung in Wohnungen, B\u00fcros und Gewerbebetrieben.<\/li>\n<li>Dekorative Beleuchtung in Wohn-, Schlaf- und Esszimmern und anderen Gemeinschaftsbereichen der Wohnung.<\/li>\n<li>Akzentbeleuchtung in Fluren, Treppenh\u00e4usern, Garderoben und anderen Durchgangsbereichen in der Wohnung.<\/li>\n<li>Arbeitsbeleuchtung in B\u00fcrobereichen, an Schreibtischen und anderen Arbeitspl\u00e4tzen.<\/li>\n<li>Beleuchtung in Lesebereichen, sei es in Wohnungen oder Bibliotheken.<\/li>\n<li>Laden- und Ausstellungsbeleuchtung in Gesch\u00e4ften und Ausstellungsr\u00e4umen.<\/li>\n<\/ul><h3 class=\"page-product-heading\">TECHNISCHE DATEN<\/h3><div class=\"col-xs-12 col-md-6\">\n<table class=\"table table-data-sheet 1\">\n<tbody>\n<tr class=\"odd\">\n<td valign=\"middle\" width=\"32\"><\/td>\n<td valign=\"middle\">REFERENZEN :<\/td>\n<td valign=\"middle\">SL91066<\/td>\n<\/tr>\n<tr class=\"even\">\n<td valign=\"middle\" width=\"32\"><\/td>\n<td valign=\"middle\">Nennleistung :<\/td>\n<td valign=\"middle\">4W<\/td>\n<\/tr>\n<tr class=\"odd\">\n<td valign=\"middle\" width=\"32\"><\/td>\n<td valign=\"middle\">Nennspannung:<\/td>\n<td valign=\"middle\">220-240 V AC<\/td>\n<\/tr>\n<tr class=\"even\">\n<td valign=\"middle\" width=\"32\"><\/td>\n<td valign=\"middle\">Lichttemperatur:<\/td>\n<td valign=\"middle\">3000K<\/td>\n<\/tr>\n<tr class=\"odd\">\n<td valign=\"middle\" width=\"32\"><\/td>\n<td valign=\"middle\">CRI - Farbwiedergabeindex:<\/td>\n<td valign=\"middle\">80<\/td>\n<\/tr>\n<tr class=\"even\">\n<td valign=\"middle\" width=\"32\"><\/td>\n<td valign=\"middle\">Baumaterial:<\/td>\n<td valign=\"middle\">PMMA + Stahl<\/td>\n<\/tr>\n<tr class=\"odd\">\n<td valign=\"middle\" width=\"32\"><\/td>\n<td valign=\"middle\">Leuchtkraft-Lm:<\/td>\n<td valign=\"middle\">5<\/td>\n<\/tr>\n<tr class=\"even\">\n<td valign=\"middle\" width=\"32\"><\/td>\n<td valign=\"middle\">\u00d6ffnungswinkel (\u00ba):<\/td>\n<td valign=\"middle\">360\u00ba<\/td>\n<\/tr>\n<tr class=\"odd\">\n<td valign=\"middle\" width=\"32\"><\/td>\n<td valign=\"middle\">Dimmbar:<\/td>\n<td valign=\"middle\">TRIAC<\/td>\n<\/tr>\n<tr class=\"even\">\n<td valign=\"middle\" width=\"32\"><\/td>\n<td valign=\"middle\">Buchse:<\/td>\n<td valign=\"middle\">E27<\/td>\n<\/tr>\n<tr class=\"odd\">\n<td valign=\"middle\" width=\"32\"><\/td>\n<td valign=\"middle\">Bescheinigungen:<\/td>\n<td valign=\"middle\">CE - ROHS<\/td>\n<\/tr>\n<\/tbody>\n<\/table>\n<\/div><div class=\"col-xs-12 col-md-6 2\">\n<table class=\"table table-data-sheet 2\">\n<tbody>\n<tr class=\"odd\">\n<td valign=\"middle\" width=\"32\"><\/td>\n<td valign=\"middle\">IP-Bewertung:<\/td>\n<td valign=\"middle\">IP20<\/td>\n<\/tr>\n<tr class=\"even\">\n<td valign=\"middle\" width=\"32\"><\/td>\n<td valign=\"middle\">Abmessungen (mm):<\/td>\n<td valign=\"middle\">\u00d8125x150mm<\/td>\n<\/tr>\n<tr class=\"odd\">\n<td valign=\"middle\" width=\"32\"><\/td>\n<td valign=\"middle\">Arbeitsfrequenz (Hz):<\/td>\n<td valign=\"middle\">50\/60Hz<\/td>\n<\/tr>\n<tr class=\"even\">\n<td valign=\"middle\" width=\"32\"><\/td>\n<td valign=\"middle\">Temperaturbereich (\u00baC):<\/td>\n<td valign=\"middle\">-20?C ~ +55?C<\/td>\n<\/tr>\n<tr class=\"odd\">\n<td valign=\"middle\" width=\"32\"><\/td>\n<td valign=\"middle\">Z\u00fcndungszyklen:<\/td>\n<td valign=\"middle\">100.000<\/td>\n<\/tr>\n<tr class=\"even\">\n<td valign=\"middle\" width=\"32\"><\/td>\n<td valign=\"middle\">Einschaltzeit (s):<\/td>\n<td valign=\"middle\">0,2s<\/td>\n<\/tr>\n<tr class=\"odd\">\n<td valign=\"middle\" width=\"32\"><\/td>\n<td valign=\"middle\">Zus\u00e4tzliche Informationen:<\/td>\n<td valign=\"middle\">KEIN FLICK<\/td>\n<\/tr>\n<tr class=\"even\">\n<td valign=\"middle\" width=\"32\"><\/td>\n<td valign=\"middle\">Energieklasse (2021-EU-2019\/2015):<\/td>\n<td valign=\"middle\">A+<\/td>\n<\/tr>\n<tr class=\"odd\">\n<td valign=\"middle\" width=\"32\"><\/td>\n<td valign=\"middle\">Energieklasse (2023 - EU-2019\/2015):<\/td>\n<td valign=\"middle\">F<\/td>\n<\/tr>\n<tr class=\"even\">\n<td valign=\"middle\" width=\"32\"><\/td>\n<td valign=\"middle\">Gew\u00e4hrleistungsjahre:<\/td>\n<td valign=\"middle\">3<\/td>\n<\/tr>\n<\/tbody>\n<\/table>\n<p>&nbsp;<\/p>\n<\/div><\/h1>","protected":false},"excerpt":{"rendered":"<p>AKTENZEICHEN: SL91066<p>Diese&nbsp;<strong>Gl\u00fchbirne<\/strong>&nbsp;<strong>G125<\/strong>&nbsp;durchgef\u00fchrt in&nbsp;<strong>Glas und PMMA,<\/strong>&nbsp;hat einen Basistyp&nbsp;<strong>E27<\/strong>&nbsp;und tr\u00e4gt durch ihre Energieeinsparung zum Schutz unseres Planeten bei. Die Gl\u00fchbirne hat ein modernes und elegantes Design mit einem schwarzen Metallgeh\u00e4use, das sich perfekt in jede Inneneinrichtung einf\u00fcgt und eine gem\u00fctliche und entspannende Atmosph\u00e4re schafft.<\/p><p><strong>FARBTEMPERATUR: 2200K<\/strong><\/p><div class=\"col-md-12\"><i class=\"fa fa-truck\"><\/i>&nbsp;<span class=\"text-muted textprop\">Lieferung innerhalb von 24\/48 Stunden<\/span><\/div><div class=\"col-md-12\"><i class=\"fa fa-exchange\"><\/i>&nbsp;<span class=\"text-muted textprop\">Versicherte Garantie<\/span><\/div><div class=\"col-md-12\"><i class=\"fa fa-box\"><\/i>&nbsp;<span class=\"text-muted textprop\">20 Einheit(en) pro Masterbox<\/span><\/div><p>&nbsp;<\/p><\/p>","protected":false},"featured_media":9910,"template":"","meta":{"site-sidebar-layout":"default","site-content-layout":"default","ast-global-header-display":"","ast-main-header-display":"","ast-hfb-above-header-display":"","ast-hfb-below-header-display":"","ast-hfb-mobile-header-display":"","site-post-title":"","ast-breadcrumbs-content":"","ast-featured-img":"","footer-sml-layout":"","theme-transparent-header-meta":"default","adv-header-id-meta":"","stick-header-meta":"","header-above-stick-meta":"","header-main-stick-meta":"","header-below-stick-meta":""},"product_cat":[46,23],"product_tag":[],"class_list":["post-9902","product","type-product","status-publish","has-post-thumbnail","hentry","product_cat-bombillas-led-e27","product_cat-bombillas-y-lamparas-led"],"_links":{"self":[{"href":"https:\/\/starlediluminacion.com\/de\/wp-json\/wp\/v3\/product\/9902","targetHints":{"allow":["GET"]}}],"collection":[{"href":"https:\/\/starlediluminacion.com\/de\/wp-json\/wp\/v3\/product"}],"about":[{"href":"https:\/\/starlediluminacion.com\/de\/wp-json\/wp\/v2\/types\/product"}],"wp:featuredmedia":[{"embeddable":true,"href":"https:\/\/starlediluminacion.com\/de\/wp-json\/wp\/v2\/media\/9910"}],"wp:attachment":[{"href":"https:\/\/starlediluminacion.com\/de\/wp-json\/wp\/v2\/media?parent=9902"}],"wp:term":[{"taxonomy":"product_cat","embeddable":true,"href":"https:\/\/starlediluminacion.com\/de\/wp-json\/wp\/v2\/product_cat?post=9902"},{"taxonomy":"product_tag","embeddable":true,"href":"https:\/\/starlediluminacion.com\/de\/wp-json\/wp\/v2\/product_tag?post=9902"}],"curies":[{"name":"wp","href":"https:\/\/api.w.org\/{rel}","templated":true}]}}