{"id":9892,"date":"2023-05-23T14:01:56","date_gmt":"2023-05-23T14:01:56","guid":{"rendered":"https:\/\/starlediluminacion.com\/?post_type=product&#038;p=9892"},"modified":"2023-09-14T09:50:43","modified_gmt":"2023-09-14T09:50:43","slug":"bombilla-led-modern-metal-negro-4w-e27-g125-dimable","status":"publish","type":"product","link":"https:\/\/starlediluminacion.com\/de\/product\/bombilla-led-modern-metal-negro-4w-e27-g125-dimable\/","title":{"rendered":"<p>Bombilla LED Modern Metal Negro 4W E27 G125 &ndash; Dimable<\/p>"},"content":{"rendered":"<h1>Bombilla LED Modern Metal Negro 4W E27 G125 &ndash; Dimable<p>El dise&ntilde;o de esta bombilla&nbsp;de metal negro de 4W E27 G125 es una excelente opci&oacute;n para aquellos que buscan una alternativa eficiente en t&eacute;rminos de energ&iacute;a para decorar tu comercio o tu hogar.<\/p><p>La bombilla tiene un dise&ntilde;o moderno y elegante, con una carcasa de metal negro que se adapta perfectamente a cualquier decoraci&oacute;n de interiores. Adem&aacute;s, es compatible con el regulador de intensidad -TRIAC-, lo que permite ajustar la intensidad de la luz para crear un ambiente m&aacute;s acogedor y relajante.<\/p><p>Mit dimmbaren Gl\u00fchbirnen werden Sie Vorteile haben:<\/p><ol>\n<li>Bessere Beleuchtungssteuerung: Durch die M\u00f6glichkeit, die Lichtintensit\u00e4t einzustellen, k\u00f6nnen Sie die gew\u00fcnschte Atmosph\u00e4re f\u00fcr verschiedene Situationen oder Aktivit\u00e4ten schaffen, wie z. B. ein romantisches Abendessen, ein Treffen mit Freunden, das Lesen eines Buches und vieles mehr.<\/li>\n<li>Energieeinsparung: Durch die Verringerung der Lichtintensit\u00e4t wird der Energieverbrauch der Gl\u00fchbirne reduziert, was zu einer niedrigeren Stromrechnung f\u00fchrt.<\/li>\n<li>L\u00e4ngere Lebensdauer der Gl\u00fchbirne: Durch das Dimmen der Lichtintensit\u00e4t wird die thermische Belastung der Gl\u00fchbirne verringert, was ihre Lebensdauer verl\u00e4ngern kann.<\/li>\n<li>Mehr Komfort: Da die Beleuchtung nicht \u00fcber Ein-\/Aus-Schalter eingestellt werden muss, l\u00e4sst sich die Lichtabgabe bequemer steuern.<\/li>\n<li>Personalisierung: Mit dimmbaren Gl\u00fchbirnen k\u00f6nnen verschiedene Stimmungen und Umgebungen personalisiert werden, was die Erfahrung der Menschen, die zu Hause wohnen oder im B\u00fcro arbeiten, verbessern kann.<\/li>\n<\/ol><p>&nbsp;<\/p><p>Die Verwendung ist vielf\u00e4ltig, von der Gl\u00fchbirne als Hauptverwendung, bis hin zur Hauslampe, um eine besondere und authentisch nostalgische Kombination zu schaffen. Nur unser Online-Shop bietet Ihnen eine 3-Jahres-Garantie auf dieses Produkt.<\/p><p>&nbsp;<\/p><h2>Usos de la Bombilla LED Modern Metal Negro 4W E27 G125 &ndash; Dimable<\/h2><ul>\n<li>Dekorative Beleuchtung<\/li>\n<li>H\u00e4ngelampen<\/li>\n<li>Industrielle Wandleuchten<\/li>\n<li>Schreibtischlampen oder Nachttischlampen<\/li>\n<\/ul><h3 class=\"page-product-heading\">TECHNISCHE DATEN<\/h3><div class=\"col-xs-12 col-md-6\">\n<table class=\"table table-data-sheet 1\">\n<tbody>\n<tr class=\"odd\">\n<td valign=\"middle\" width=\"32\"><\/td>\n<td valign=\"middle\">REFERENZEN :<\/td>\n<td valign=\"middle\">SL91064<\/td>\n<\/tr>\n<tr class=\"even\">\n<td valign=\"middle\" width=\"32\"><\/td>\n<td valign=\"middle\">Nennleistung :<\/td>\n<td valign=\"middle\">4W<\/td>\n<\/tr>\n<tr class=\"odd\">\n<td valign=\"middle\" width=\"32\"><\/td>\n<td valign=\"middle\">Nennspannung:<\/td>\n<td valign=\"middle\">220-240V<\/td>\n<\/tr>\n<tr class=\"even\">\n<td valign=\"middle\" width=\"32\"><\/td>\n<td valign=\"middle\">Lichttemperatur:<\/td>\n<td valign=\"middle\">1800K<\/td>\n<\/tr>\n<tr class=\"odd\">\n<td valign=\"middle\" width=\"32\"><\/td>\n<td valign=\"middle\">CRI - Farbwiedergabeindex:<\/td>\n<td valign=\"middle\">80<\/td>\n<\/tr>\n<tr class=\"even\">\n<td valign=\"middle\" width=\"32\"><\/td>\n<td valign=\"middle\">Baumaterial:<\/td>\n<td valign=\"middle\">PMMA + Stahl<\/td>\n<\/tr>\n<tr class=\"odd\">\n<td valign=\"middle\" width=\"32\"><\/td>\n<td valign=\"middle\">Leuchtkraft-Lm:<\/td>\n<td valign=\"middle\">70<\/td>\n<\/tr>\n<tr class=\"even\">\n<td valign=\"middle\" width=\"32\"><\/td>\n<td valign=\"middle\">\u00d6ffnungswinkel (\u00ba):<\/td>\n<td valign=\"middle\">360\u00ba<\/td>\n<\/tr>\n<tr class=\"odd\">\n<td valign=\"middle\" width=\"32\"><\/td>\n<td valign=\"middle\">Dimmbar:<\/td>\n<td valign=\"middle\">TRIAC<\/td>\n<\/tr>\n<tr class=\"even\">\n<td valign=\"middle\" width=\"32\"><\/td>\n<td valign=\"middle\">Buchse:<\/td>\n<td valign=\"middle\">E27<\/td>\n<\/tr>\n<tr class=\"odd\">\n<td valign=\"middle\" width=\"32\"><\/td>\n<td valign=\"middle\">Bescheinigungen:<\/td>\n<td valign=\"middle\">CE - ROHS<\/td>\n<\/tr>\n<\/tbody>\n<\/table>\n<\/div><div class=\"col-xs-12 col-md-6 2\">\n<table class=\"table table-data-sheet 2\">\n<tbody>\n<tr class=\"odd\">\n<td valign=\"middle\" width=\"32\"><\/td>\n<td valign=\"middle\">IP-Bewertung:<\/td>\n<td valign=\"middle\">IP20<\/td>\n<\/tr>\n<tr class=\"even\">\n<td valign=\"middle\" width=\"32\"><\/td>\n<td valign=\"middle\">Abmessungen (mm):<\/td>\n<td valign=\"middle\">\u00d8125x150mm<\/td>\n<\/tr>\n<tr class=\"odd\">\n<td valign=\"middle\" width=\"32\"><\/td>\n<td valign=\"middle\">Arbeitsfrequenz (Hz):<\/td>\n<td valign=\"middle\">50\/60Hz<\/td>\n<\/tr>\n<tr class=\"even\">\n<td valign=\"middle\" width=\"32\"><\/td>\n<td valign=\"middle\">Temperaturbereich (\u00baC):<\/td>\n<td valign=\"middle\">-20?C ~ +55?C<\/td>\n<\/tr>\n<tr class=\"odd\">\n<td valign=\"middle\" width=\"32\"><\/td>\n<td valign=\"middle\">Z\u00fcndungszyklen:<\/td>\n<td valign=\"middle\">100.000<\/td>\n<\/tr>\n<tr class=\"even\">\n<td valign=\"middle\" width=\"32\"><\/td>\n<td valign=\"middle\">Einschaltzeit (s):<\/td>\n<td valign=\"middle\">0,2s<\/td>\n<\/tr>\n<tr class=\"odd\">\n<td valign=\"middle\" width=\"32\"><\/td>\n<td valign=\"middle\">Zus\u00e4tzliche Informationen:<\/td>\n<td valign=\"middle\">KEIN FLICK<\/td>\n<\/tr>\n<tr class=\"even\">\n<td valign=\"middle\" width=\"32\"><\/td>\n<td valign=\"middle\">Energieklasse (2021-EU-2019\/2015):<\/td>\n<td valign=\"middle\">A+<\/td>\n<\/tr>\n<tr class=\"odd\">\n<td valign=\"middle\" width=\"32\"><\/td>\n<td valign=\"middle\">Energieklasse (2023 - EU-2019\/2015):<\/td>\n<td valign=\"middle\">F<\/td>\n<\/tr>\n<tr class=\"even\">\n<td valign=\"middle\" width=\"32\"><\/td>\n<td valign=\"middle\">Gew\u00e4hrleistungsjahre:<\/td>\n<td valign=\"middle\">3<\/td>\n<\/tr>\n<\/tbody>\n<\/table>\n<p>&nbsp;<\/p>\n<\/div><\/h1>","protected":false},"excerpt":{"rendered":"<p>REFERENCIA: SL91064<p>Diese&nbsp;<strong>Gl\u00fchbirne<\/strong>&nbsp;<strong>dimmabl<\/strong>e G125 realizada en Metacrilato y rejilla m&eacute;talica y casquillo tipo&nbsp;<strong>E27<\/strong>&nbsp;hilft, den Planeten zu respektieren, indem sie Energie spart. Die Gl\u00fchbirne hat ein modernes und elegantes Design mit einem schwarzen Metallgeh\u00e4use, das sich perfekt in jede Inneneinrichtung einf\u00fcgt. Au\u00dferdem ist sie dimmbar, sodass Sie die Lichtintensit\u00e4t anpassen k\u00f6nnen, um eine gem\u00fctlichere und entspanntere Atmosph\u00e4re zu schaffen.<\/p><p>Die Gl\u00fchbirne ist&nbsp;<strong>einstellbar<\/strong>&nbsp;von&nbsp;<strong>TRIAC<\/strong><\/p><p><strong>FARBTEMPERATUR: 2200K<\/strong><\/p><div class=\"col-md-12\"><i class=\"fa fa-truck\"><\/i>&nbsp;<span class=\"text-muted textprop\">Lieferung innerhalb von 24\/48 Stunden<\/span><\/div><div class=\"col-md-12\"><i class=\"fa fa-exchange\"><\/i>&nbsp;<span class=\"text-muted textprop\">Versicherte Garantie<\/span><\/div><div class=\"col-md-12\"><i class=\"fa fa-box\"><\/i>&nbsp;<span class=\"text-muted textprop\">20 Einheit(en) pro Masterbox<\/span><\/div><\/p>","protected":false},"featured_media":9900,"template":"","meta":{"site-sidebar-layout":"default","site-content-layout":"default","ast-global-header-display":"","ast-main-header-display":"","ast-hfb-above-header-display":"","ast-hfb-below-header-display":"","ast-hfb-mobile-header-display":"","site-post-title":"","ast-breadcrumbs-content":"","ast-featured-img":"","footer-sml-layout":"","theme-transparent-header-meta":"default","adv-header-id-meta":"","stick-header-meta":"","header-above-stick-meta":"","header-main-stick-meta":"","header-below-stick-meta":""},"product_cat":[46,23],"product_tag":[],"class_list":["post-9892","product","type-product","status-publish","has-post-thumbnail","hentry","product_cat-bombillas-led-e27","product_cat-bombillas-y-lamparas-led"],"yoast_head":"<!-- This site is optimized with the Yoast SEO plugin v27.4 - https:\/\/yoast.com\/product\/yoast-seo-wordpress\/ -->\n<title>Bombilla LED Modern Metal Negro 4W E27 G125 - Dimable - STARLED Iluminacion<\/title>\n<meta name=\"robots\" content=\"index, follow, max-snippet:-1, max-image-preview:large, max-video-preview:-1\" \/>\n<link rel=\"canonical\" href=\"https:\/\/starlediluminacion.com\/de\/product\/bombilla-led-modern-metal-negro-4w-e27-g125-dimable\/\" \/>\n<meta property=\"og:locale\" content=\"de_DE\" \/>\n<meta property=\"og:type\" content=\"article\" \/>\n<meta property=\"og:title\" content=\"Bombilla LED Modern Metal Negro 4W E27 G125 - Dimable - STARLED Iluminacion\" \/>\n<meta property=\"og:description\" content=\"REFERENCIA: SL91064  Esta\u00a0Bombilla\u00a0dimmable G125 realizada en Metacrilato y rejilla m\u00e9talica y casquillo tipo\u00a0E27\u00a0ayuda a respetar el planeta debido a su ahorro energ\u00e9tico.\u00a0La bombilla tiene un dise\u00f1o moderno y elegante, con una carcasa de metal negro que se adapta perfectamente a cualquier decoraci\u00f3n de interiores.\u00a0Adem\u00e1s, es compatible con el regulador de intensidad, lo que permite ajustar la intensidad de la luz para crear un ambiente m\u00e1s acogedor y relajante.  La bombilla es\u00a0regulable\u00a0por\u00a0TRIAC  TEMPERATURA DE COLOR: 2200K \u00a0Entrega en 24\/48 horas \u00a0Garant\u00eda asegurada \u00a020 unidad(es) por Masterbox\" \/>\n<meta property=\"og:url\" content=\"https:\/\/starlediluminacion.com\/de\/product\/bombilla-led-modern-metal-negro-4w-e27-g125-dimable\/\" \/>\n<meta property=\"og:site_name\" content=\"STARLED Iluminacion\" \/>\n<meta property=\"article:modified_time\" content=\"2023-09-14T09:50:43+00:00\" \/>\n<meta property=\"og:image\" content=\"https:\/\/starlediluminacion.com\/wp-content\/uploads\/2023\/05\/bombilla-led-modern-metal-negro-4w-e27-g125-dimable-factorled-7.jpg\" \/>\n\t<meta property=\"og:image:width\" content=\"1000\" \/>\n\t<meta property=\"og:image:height\" content=\"1000\" \/>\n\t<meta property=\"og:image:type\" content=\"image\/jpeg\" \/>\n<meta name=\"twitter:card\" content=\"summary_large_image\" \/>\n<meta name=\"twitter:label1\" content=\"Gesch\u00e4tzte Lesezeit\" \/>\n\t<meta name=\"twitter:data1\" content=\"2\u00a0Minuten\" \/>\n<script type=\"application\/ld+json\" class=\"yoast-schema-graph\">{\"@context\":\"https:\\\/\\\/schema.org\",\"@graph\":[{\"@type\":\"WebPage\",\"@id\":\"https:\\\/\\\/starlediluminacion.com\\\/producto\\\/bombilla-led-modern-metal-negro-4w-e27-g125-dimable\\\/\",\"url\":\"https:\\\/\\\/starlediluminacion.com\\\/producto\\\/bombilla-led-modern-metal-negro-4w-e27-g125-dimable\\\/\",\"name\":\"Bombilla LED Modern Metal Negro 4W E27 G125 - Dimable - STARLED Iluminacion\",\"isPartOf\":{\"@id\":\"https:\\\/\\\/starlediluminacion.com\\\/#website\"},\"primaryImageOfPage\":{\"@id\":\"https:\\\/\\\/starlediluminacion.com\\\/producto\\\/bombilla-led-modern-metal-negro-4w-e27-g125-dimable\\\/#primaryimage\"},\"image\":{\"@id\":\"https:\\\/\\\/starlediluminacion.com\\\/producto\\\/bombilla-led-modern-metal-negro-4w-e27-g125-dimable\\\/#primaryimage\"},\"thumbnailUrl\":\"https:\\\/\\\/starlediluminacion.com\\\/wp-content\\\/uploads\\\/2023\\\/05\\\/bombilla-led-modern-metal-negro-4w-e27-g125-dimable-factorled-7.jpg\",\"datePublished\":\"2023-05-23T14:01:56+00:00\",\"dateModified\":\"2023-09-14T09:50:43+00:00\",\"breadcrumb\":{\"@id\":\"https:\\\/\\\/starlediluminacion.com\\\/producto\\\/bombilla-led-modern-metal-negro-4w-e27-g125-dimable\\\/#breadcrumb\"},\"inLanguage\":\"de\",\"potentialAction\":[{\"@type\":\"ReadAction\",\"target\":[\"https:\\\/\\\/starlediluminacion.com\\\/producto\\\/bombilla-led-modern-metal-negro-4w-e27-g125-dimable\\\/\"]}]},{\"@type\":\"ImageObject\",\"inLanguage\":\"de\",\"@id\":\"https:\\\/\\\/starlediluminacion.com\\\/producto\\\/bombilla-led-modern-metal-negro-4w-e27-g125-dimable\\\/#primaryimage\",\"url\":\"https:\\\/\\\/starlediluminacion.com\\\/wp-content\\\/uploads\\\/2023\\\/05\\\/bombilla-led-modern-metal-negro-4w-e27-g125-dimable-factorled-7.jpg\",\"contentUrl\":\"https:\\\/\\\/starlediluminacion.com\\\/wp-content\\\/uploads\\\/2023\\\/05\\\/bombilla-led-modern-metal-negro-4w-e27-g125-dimable-factorled-7.jpg\",\"width\":1000,\"height\":1000},{\"@type\":\"BreadcrumbList\",\"@id\":\"https:\\\/\\\/starlediluminacion.com\\\/producto\\\/bombilla-led-modern-metal-negro-4w-e27-g125-dimable\\\/#breadcrumb\",\"itemListElement\":[{\"@type\":\"ListItem\",\"position\":1,\"name\":\"Portada\",\"item\":\"https:\\\/\\\/starlediluminacion.com\\\/\"},{\"@type\":\"ListItem\",\"position\":2,\"name\":\"Shop\",\"item\":\"https:\\\/\\\/starlediluminacion.com\\\/shop-2\\\/\"},{\"@type\":\"ListItem\",\"position\":3,\"name\":\"Bombilla LED Modern Metal Negro 4W E27 G125 &#8211; Dimable\"}]},{\"@type\":\"WebSite\",\"@id\":\"https:\\\/\\\/starlediluminacion.com\\\/#website\",\"url\":\"https:\\\/\\\/starlediluminacion.com\\\/\",\"name\":\"STARLED Iluminacion\",\"description\":\"\",\"potentialAction\":[{\"@type\":\"SearchAction\",\"target\":{\"@type\":\"EntryPoint\",\"urlTemplate\":\"https:\\\/\\\/starlediluminacion.com\\\/?s={search_term_string}\"},\"query-input\":{\"@type\":\"PropertyValueSpecification\",\"valueRequired\":true,\"valueName\":\"search_term_string\"}}],\"inLanguage\":\"de\"}]}<\/script>\n<!-- \/ Yoast SEO plugin. -->","yoast_head_json":{"title":"Bombilla LED Modern Metal Negro 4W E27 G125 - Dimable - STARLED Iluminacion","robots":{"index":"index","follow":"follow","max-snippet":"max-snippet:-1","max-image-preview":"max-image-preview:large","max-video-preview":"max-video-preview:-1"},"canonical":"https:\/\/starlediluminacion.com\/de\/product\/bombilla-led-modern-metal-negro-4w-e27-g125-dimable\/","og_locale":"de_DE","og_type":"article","og_title":"Bombilla LED Modern Metal Negro 4W E27 G125 - Dimable - STARLED Iluminacion","og_description":"REFERENCIA: SL91064  Esta\u00a0Bombilla\u00a0dimmable G125 realizada en Metacrilato y rejilla m\u00e9talica y casquillo tipo\u00a0E27\u00a0ayuda a respetar el planeta debido a su ahorro energ\u00e9tico.\u00a0La bombilla tiene un dise\u00f1o moderno y elegante, con una carcasa de metal negro que se adapta perfectamente a cualquier decoraci\u00f3n de interiores.\u00a0Adem\u00e1s, es compatible con el regulador de intensidad, lo que permite ajustar la intensidad de la luz para crear un ambiente m\u00e1s acogedor y relajante.  La bombilla es\u00a0regulable\u00a0por\u00a0TRIAC  TEMPERATURA DE COLOR: 2200K \u00a0Entrega en 24\/48 horas \u00a0Garant\u00eda asegurada \u00a020 unidad(es) por Masterbox","og_url":"https:\/\/starlediluminacion.com\/de\/product\/bombilla-led-modern-metal-negro-4w-e27-g125-dimable\/","og_site_name":"STARLED Iluminacion","article_modified_time":"2023-09-14T09:50:43+00:00","og_image":[{"width":1000,"height":1000,"url":"https:\/\/starlediluminacion.com\/wp-content\/uploads\/2023\/05\/bombilla-led-modern-metal-negro-4w-e27-g125-dimable-factorled-7.jpg","type":"image\/jpeg"}],"twitter_card":"summary_large_image","twitter_misc":{"Gesch\u00e4tzte Lesezeit":"2\u00a0Minuten"},"schema":{"@context":"https:\/\/schema.org","@graph":[{"@type":"WebPage","@id":"https:\/\/starlediluminacion.com\/producto\/bombilla-led-modern-metal-negro-4w-e27-g125-dimable\/","url":"https:\/\/starlediluminacion.com\/producto\/bombilla-led-modern-metal-negro-4w-e27-g125-dimable\/","name":"Bombilla LED Modern Metal Negro 4W E27 G125 - Dimable - STARLED Iluminacion","isPartOf":{"@id":"https:\/\/starlediluminacion.com\/#website"},"primaryImageOfPage":{"@id":"https:\/\/starlediluminacion.com\/producto\/bombilla-led-modern-metal-negro-4w-e27-g125-dimable\/#primaryimage"},"image":{"@id":"https:\/\/starlediluminacion.com\/producto\/bombilla-led-modern-metal-negro-4w-e27-g125-dimable\/#primaryimage"},"thumbnailUrl":"https:\/\/starlediluminacion.com\/wp-content\/uploads\/2023\/05\/bombilla-led-modern-metal-negro-4w-e27-g125-dimable-factorled-7.jpg","datePublished":"2023-05-23T14:01:56+00:00","dateModified":"2023-09-14T09:50:43+00:00","breadcrumb":{"@id":"https:\/\/starlediluminacion.com\/producto\/bombilla-led-modern-metal-negro-4w-e27-g125-dimable\/#breadcrumb"},"inLanguage":"de","potentialAction":[{"@type":"ReadAction","target":["https:\/\/starlediluminacion.com\/producto\/bombilla-led-modern-metal-negro-4w-e27-g125-dimable\/"]}]},{"@type":"ImageObject","inLanguage":"de","@id":"https:\/\/starlediluminacion.com\/producto\/bombilla-led-modern-metal-negro-4w-e27-g125-dimable\/#primaryimage","url":"https:\/\/starlediluminacion.com\/wp-content\/uploads\/2023\/05\/bombilla-led-modern-metal-negro-4w-e27-g125-dimable-factorled-7.jpg","contentUrl":"https:\/\/starlediluminacion.com\/wp-content\/uploads\/2023\/05\/bombilla-led-modern-metal-negro-4w-e27-g125-dimable-factorled-7.jpg","width":1000,"height":1000},{"@type":"BreadcrumbList","@id":"https:\/\/starlediluminacion.com\/producto\/bombilla-led-modern-metal-negro-4w-e27-g125-dimable\/#breadcrumb","itemListElement":[{"@type":"ListItem","position":1,"name":"Portada","item":"https:\/\/starlediluminacion.com\/"},{"@type":"ListItem","position":2,"name":"Shop","item":"https:\/\/starlediluminacion.com\/shop-2\/"},{"@type":"ListItem","position":3,"name":"Bombilla LED Modern Metal Negro 4W E27 G125 &#8211; Dimable"}]},{"@type":"WebSite","@id":"https:\/\/starlediluminacion.com\/#website","url":"https:\/\/starlediluminacion.com\/","name":"STARLED Iluminacion","description":"","potentialAction":[{"@type":"SearchAction","target":{"@type":"EntryPoint","urlTemplate":"https:\/\/starlediluminacion.com\/?s={search_term_string}"},"query-input":{"@type":"PropertyValueSpecification","valueRequired":true,"valueName":"search_term_string"}}],"inLanguage":"de"}]}},"_links":{"self":[{"href":"https:\/\/starlediluminacion.com\/de\/wp-json\/wp\/v3\/product\/9892","targetHints":{"allow":["GET"]}}],"collection":[{"href":"https:\/\/starlediluminacion.com\/de\/wp-json\/wp\/v3\/product"}],"about":[{"href":"https:\/\/starlediluminacion.com\/de\/wp-json\/wp\/v2\/types\/product"}],"wp:featuredmedia":[{"embeddable":true,"href":"https:\/\/starlediluminacion.com\/de\/wp-json\/wp\/v2\/media\/9900"}],"wp:attachment":[{"href":"https:\/\/starlediluminacion.com\/de\/wp-json\/wp\/v2\/media?parent=9892"}],"wp:term":[{"taxonomy":"product_cat","embeddable":true,"href":"https:\/\/starlediluminacion.com\/de\/wp-json\/wp\/v2\/product_cat?post=9892"},{"taxonomy":"product_tag","embeddable":true,"href":"https:\/\/starlediluminacion.com\/de\/wp-json\/wp\/v2\/product_tag?post=9892"}],"curies":[{"name":"wp","href":"https:\/\/api.w.org\/{rel}","templated":true}]}}