{"id":9883,"date":"2023-05-23T13:58:32","date_gmt":"2023-05-23T13:58:32","guid":{"rendered":"https:\/\/starlediluminacion.com\/?post_type=product&#038;p=9883"},"modified":"2023-09-14T09:51:15","modified_gmt":"2023-09-14T09:51:15","slug":"bombilla-led-modern-metal-gold-4w-e27-dimable","status":"publish","type":"product","link":"https:\/\/starlediluminacion.com\/de\/product\/bombilla-led-modern-metal-gold-4w-e27-dimable\/","title":{"rendered":"<p>Bombilla LED Modern Metal GOLD 4W E27 &ndash; Dimable<\/p>"},"content":{"rendered":"<h1>Bombilla LED Modern Metal GOLD 4W E27 &ndash; Dimmable<p>Das Design dieser Gl\u00fchbirne&nbsp;<strong>metal dorado<\/strong>&nbsp;de 4W, con base E27&nbsp; es una excelente opci&oacute;n para aquellos que buscan una alternativa eficiente en t&eacute;rminos de energ&iacute;a para decorar tu comercio o tu hogar.<\/p><p>Die Gl\u00fchbirne hat ein modernes und elegantes Design, mit einem Geh\u00e4use aus&nbsp;<strong>metal dorado<\/strong>&nbsp; que se adapta perfectamente a cualquier decoraci&oacute;n de interiores. Adem&aacute;s, es compatible con el regulador de intensidad -TRIAC-, lo que permite ajustar la intensidad de la luz para crear un ambiente m&aacute;s acogedor y relajante.<\/p><p>Mit dimmbaren Gl\u00fchbirnen werden Sie Vorteile haben:<\/p><ol>\n<li>Bessere Beleuchtungssteuerung: Durch die M\u00f6glichkeit, die Lichtintensit\u00e4t einzustellen, k\u00f6nnen Sie die gew\u00fcnschte Atmosph\u00e4re f\u00fcr verschiedene Situationen oder Aktivit\u00e4ten schaffen, wie z. B. ein romantisches Abendessen, ein Treffen mit Freunden, das Lesen eines Buches und vieles mehr.<\/li>\n<li>Energieeinsparung: Durch die Verringerung der Lichtintensit\u00e4t wird der Energieverbrauch der Gl\u00fchbirne reduziert, was zu einer niedrigeren Stromrechnung f\u00fchrt.<\/li>\n<li>L\u00e4ngere Lebensdauer der Gl\u00fchbirne: Durch das Dimmen der Lichtintensit\u00e4t wird die thermische Belastung der Gl\u00fchbirne verringert, was ihre Lebensdauer verl\u00e4ngern kann.<\/li>\n<li>Mehr Komfort: Da die Beleuchtung nicht \u00fcber Ein-\/Aus-Schalter eingestellt werden muss, l\u00e4sst sich die Lichtabgabe bequemer steuern.<\/li>\n<li>Personalisierung: Mit dimmbaren Gl\u00fchbirnen k\u00f6nnen verschiedene Stimmungen und Umgebungen personalisiert werden, was die Erfahrung der Menschen, die zu Hause wohnen oder im B\u00fcro arbeiten, verbessern kann.<\/li>\n<\/ol><p>&nbsp;<\/p><p>El uso que puede tener&nbsp;es m&uacute;ltiple, desde bombilla como su uso principal, hasta como l&aacute;mpara de hogar para dar una combinaci&oacute;n especial y aut&eacute;nticamente moderna y acogedora. S&oacute;lo&nbsp;nuestra tienda online te ofrece una garant&iacute;a de&nbsp;3 a&ntilde;os para este producto.<\/p><p>&nbsp;<\/p><h2>Usos de la&nbsp;Bombilla LED Modern Metal GOLD 4W E27 &ndash; Dimmable<\/h2><ul>\n<li>Dekorative Beleuchtung<\/li>\n<li>H\u00e4ngelampen<\/li>\n<li>Industrielle Wandleuchten<\/li>\n<li>Schreibtischlampen oder Nachttischlampen<\/li>\n<\/ul><h3 class=\"page-product-heading\">TECHNISCHE DATEN<\/h3><div class=\"col-xs-12 col-md-6\">\n<table class=\"table table-data-sheet 1\">\n<tbody>\n<tr class=\"odd\">\n<td valign=\"middle\" width=\"32\"><\/td>\n<td valign=\"middle\">REFERENZEN :<\/td>\n<td valign=\"middle\">SL91065<\/td>\n<\/tr>\n<tr class=\"even\">\n<td valign=\"middle\" width=\"32\"><\/td>\n<td valign=\"middle\">Nennleistung :<\/td>\n<td valign=\"middle\">4W<\/td>\n<\/tr>\n<tr class=\"odd\">\n<td valign=\"middle\" width=\"32\"><\/td>\n<td valign=\"middle\">Nennspannung:<\/td>\n<td valign=\"middle\">220V-240V<\/td>\n<\/tr>\n<tr class=\"even\">\n<td valign=\"middle\" width=\"32\"><\/td>\n<td valign=\"middle\">Lichttemperatur:<\/td>\n<td valign=\"middle\">1800K<\/td>\n<\/tr>\n<tr class=\"odd\">\n<td valign=\"middle\" width=\"32\"><\/td>\n<td valign=\"middle\">CRI - Farbwiedergabeindex:<\/td>\n<td valign=\"middle\">80<\/td>\n<\/tr>\n<tr class=\"even\">\n<td valign=\"middle\" width=\"32\"><\/td>\n<td valign=\"middle\">Baumaterial:<\/td>\n<td valign=\"middle\">PMMA + Stahl<\/td>\n<\/tr>\n<tr class=\"odd\">\n<td valign=\"middle\" width=\"32\"><\/td>\n<td valign=\"middle\">Leuchtkraft-Lm:<\/td>\n<td valign=\"middle\">85<\/td>\n<\/tr>\n<tr class=\"even\">\n<td valign=\"middle\" width=\"32\"><\/td>\n<td valign=\"middle\">\u00d6ffnungswinkel (\u00ba):<\/td>\n<td valign=\"middle\">360\u00ba<\/td>\n<\/tr>\n<tr class=\"odd\">\n<td valign=\"middle\" width=\"32\"><\/td>\n<td valign=\"middle\">Dimmbar:<\/td>\n<td valign=\"middle\">TRIAC<\/td>\n<\/tr>\n<tr class=\"even\">\n<td valign=\"middle\" width=\"32\"><\/td>\n<td valign=\"middle\">Buchse:<\/td>\n<td valign=\"middle\">E27<\/td>\n<\/tr>\n<tr class=\"odd\">\n<td valign=\"middle\" width=\"32\"><\/td>\n<td valign=\"middle\">Bescheinigungen:<\/td>\n<td valign=\"middle\">CE - ROHS<\/td>\n<\/tr>\n<\/tbody>\n<\/table>\n<\/div><div class=\"col-xs-12 col-md-6 2\">\n<table class=\"table table-data-sheet 2\">\n<tbody>\n<tr class=\"odd\">\n<td valign=\"middle\" width=\"32\"><\/td>\n<td valign=\"middle\">IP-Bewertung:<\/td>\n<td valign=\"middle\">IP20<\/td>\n<\/tr>\n<tr class=\"even\">\n<td valign=\"middle\" width=\"32\"><\/td>\n<td valign=\"middle\">Abmessungen (mm):<\/td>\n<td valign=\"middle\">&Oslash;105x160mm<\/td>\n<\/tr>\n<tr class=\"odd\">\n<td valign=\"middle\" width=\"32\"><\/td>\n<td valign=\"middle\">Arbeitsfrequenz (Hz):<\/td>\n<td valign=\"middle\">50\/60Hz<\/td>\n<\/tr>\n<tr class=\"even\">\n<td valign=\"middle\" width=\"32\"><\/td>\n<td valign=\"middle\">Temperaturbereich (\u00baC):<\/td>\n<td valign=\"middle\">-20?C ~ +55?C<\/td>\n<\/tr>\n<tr class=\"odd\">\n<td valign=\"middle\" width=\"32\"><\/td>\n<td valign=\"middle\">Z\u00fcndungszyklen:<\/td>\n<td valign=\"middle\">100.000<\/td>\n<\/tr>\n<tr class=\"even\">\n<td valign=\"middle\" width=\"32\"><\/td>\n<td valign=\"middle\">Einschaltzeit (s):<\/td>\n<td valign=\"middle\">0,2s<\/td>\n<\/tr>\n<tr class=\"odd\">\n<td valign=\"middle\" width=\"32\"><\/td>\n<td valign=\"middle\">Zus\u00e4tzliche Informationen:<\/td>\n<td valign=\"middle\">KEIN FLICK<\/td>\n<\/tr>\n<tr class=\"even\">\n<td valign=\"middle\" width=\"32\"><\/td>\n<td valign=\"middle\">Energieklasse (2021-EU-2019\/2015):<\/td>\n<td valign=\"middle\">A+<\/td>\n<\/tr>\n<tr class=\"odd\">\n<td valign=\"middle\" width=\"32\"><\/td>\n<td valign=\"middle\">Energieklasse (2023 - EU-2019\/2015):<\/td>\n<td valign=\"middle\">F<\/td>\n<\/tr>\n<tr class=\"even\">\n<td valign=\"middle\" width=\"32\"><\/td>\n<td valign=\"middle\">Gew\u00e4hrleistungsjahre:<\/td>\n<td valign=\"middle\">3<\/td>\n<\/tr>\n<\/tbody>\n<\/table>\n<p>&nbsp;<\/p>\n<\/div><\/h1>","protected":false},"excerpt":{"rendered":"<p>REFERENCIA: SL91065<p>Diese&nbsp;<strong>Gl\u00fchbirne<\/strong>&nbsp;<strong>dimmabl<\/strong>e realizada en Metacrilato y rejilla m&eacute;talica,&nbsp;y casquillo tipo&nbsp;<strong>E27<\/strong>&nbsp;ayuda a respetar el planeta debido a su ahorro energ&eacute;tico.&nbsp;La bombilla tiene un dise&ntilde;o moderno y elegante, con una carcasa de metal Orto que se adapta perfectamente a cualquier decoraci&oacute;n de interiores.&nbsp;Adem&aacute;s, es compatible con el regulador de intensidad, lo que permite ajustar la intensidad de la luz para crear un ambiente m&aacute;s acogedor y relajante.<\/p><p>Die Gl\u00fchbirne ist&nbsp;<strong>einstellbar<\/strong>&nbsp;von&nbsp;<strong>TRIAC<\/strong><\/p><p><strong>FARBTEMPERATUR: 2200K<\/strong><\/p><div class=\"col-md-12\"><i class=\"fa fa-truck\"><\/i>&nbsp;<span class=\"text-muted textprop\">Lieferung innerhalb von 24\/48 Stunden<\/span><\/div><div class=\"col-md-12\"><i class=\"fa fa-exchange\"><\/i>&nbsp;<span class=\"text-muted textprop\">Versicherte Garantie<\/span><\/div><div class=\"col-md-12\"><i class=\"fa fa-box\"><\/i>&nbsp;<span class=\"text-muted textprop\">20 Einheit(en) pro Masterbox<\/span><\/div><\/p>","protected":false},"featured_media":9901,"template":"","meta":{"site-sidebar-layout":"default","site-content-layout":"default","ast-global-header-display":"","ast-main-header-display":"","ast-hfb-above-header-display":"","ast-hfb-below-header-display":"","ast-hfb-mobile-header-display":"","site-post-title":"","ast-breadcrumbs-content":"","ast-featured-img":"","footer-sml-layout":"","theme-transparent-header-meta":"default","adv-header-id-meta":"","stick-header-meta":"","header-above-stick-meta":"","header-main-stick-meta":"","header-below-stick-meta":""},"product_cat":[46,23],"product_tag":[],"class_list":["post-9883","product","type-product","status-publish","has-post-thumbnail","hentry","product_cat-bombillas-led-e27","product_cat-bombillas-y-lamparas-led"],"_links":{"self":[{"href":"https:\/\/starlediluminacion.com\/de\/wp-json\/wp\/v3\/product\/9883","targetHints":{"allow":["GET"]}}],"collection":[{"href":"https:\/\/starlediluminacion.com\/de\/wp-json\/wp\/v3\/product"}],"about":[{"href":"https:\/\/starlediluminacion.com\/de\/wp-json\/wp\/v2\/types\/product"}],"wp:featuredmedia":[{"embeddable":true,"href":"https:\/\/starlediluminacion.com\/de\/wp-json\/wp\/v2\/media\/9901"}],"wp:attachment":[{"href":"https:\/\/starlediluminacion.com\/de\/wp-json\/wp\/v2\/media?parent=9883"}],"wp:term":[{"taxonomy":"product_cat","embeddable":true,"href":"https:\/\/starlediluminacion.com\/de\/wp-json\/wp\/v2\/product_cat?post=9883"},{"taxonomy":"product_tag","embeddable":true,"href":"https:\/\/starlediluminacion.com\/de\/wp-json\/wp\/v2\/product_tag?post=9883"}],"curies":[{"name":"wp","href":"https:\/\/api.w.org\/{rel}","templated":true}]}}