{"id":9666,"date":"2023-05-22T11:12:18","date_gmt":"2023-05-22T11:12:18","guid":{"rendered":"https:\/\/starlediluminacion.com\/?post_type=product&#038;p=9666"},"modified":"2023-07-27T14:12:51","modified_gmt":"2023-07-27T14:12:51","slug":"aro-marco-negro-orientable-para-gu10","status":"publish","type":"product","link":"https:\/\/starlediluminacion.com\/de\/product\/aro-marco-negro-orientable-para-gu10\/","title":{"rendered":"<p>Aro Marco NEGRO orientable para GU10<\/p>"},"content":{"rendered":"<h1>Aro NEGRO&nbsp;orientable para GU10<p>El aro NEGRO&nbsp;orientable para GU10&nbsp; es un accesorio de iluminaci&oacute;n elegante y funcional, dise&ntilde;ado para ofrecer una soluci&oacute;n de iluminaci&oacute;n flexible y precisa en interiores.<\/p><p>El aro NEGRO&nbsp;orientable para GU10 y m&oacute;dulos LED tipo dicroicos,&nbsp; un acabado en elegante que se integra perfectamente en cualquier decoraci&oacute;n de interiores y aporta un toque de sofisticaci&oacute;n. Adem&aacute;s, su tama&ntilde;o compacto y peso ligero facilitan su instalaci&oacute;n y manejo.<\/p><p>El Aro Marco NEGRO&nbsp;orientable para GU10 fabricado en PC (Policarbonato) presenta varias ventajas en su uso en zonas h&uacute;medas o costeras:<\/p><ol>\n<li>Feuchtigkeitsbest\u00e4ndigkeit: Das f\u00fcr die Herstellung der Felge verwendete PC-Material hat feuchtigkeitsbest\u00e4ndige Eigenschaften. Das bedeutet, dass es hoher Luftfeuchtigkeit ohne Besch\u00e4digung oder Korrosion standhalten kann, wodurch es f\u00fcr den Einsatz in Gebieten mit hoher Luftfeuchtigkeit geeignet ist.<\/li>\n<li>Korrosionsschutz: Da er aus PC besteht, ist der BLACK-Rahmenring resistent gegen Korrosion, die durch Salzwasser in K\u00fcstengebieten verursacht wird. Dadurch beh\u00e4lt er sein Aussehen und seine Funktionalit\u00e4t auch in rauen Meeresumgebungen bei.<\/li>\n<li>Langlebigkeit: Das f\u00fcr die Herstellung verwendete PC-Material ist f\u00fcr seine Langlebigkeit und Sto\u00dffestigkeit bekannt. Dadurch ist die Felge in der Lage, widrigen Bedingungen wie starkem Wind, Spritzwasser oder Sand, wie sie in K\u00fcstengebieten typisch sind, zu widerstehen.<\/li>\n<\/ol><p>&nbsp;<\/p><p>Este marco est&aacute; dise&ntilde;ado espec&iacute;ficamente para alojar bombillas GU10 &nbsp;y m&oacute;dulos LED tipo dicroicos, que se pueden instalar y reemplazar f&aacute;cilmente gracias a su mecanismo de sujeci&oacute;n sencillo y seguro.<\/p><h3 class=\"page-product-heading\">TECHNISCHE DATEN<\/h3><div class=\"col-xs-12 col-md-6\">\n<table class=\"table table-data-sheet 1\">\n<tbody>\n<tr class=\"odd\">\n<td valign=\"middle\" width=\"32\"><\/td>\n<td valign=\"middle\">REFERENZEN :<\/td>\n<td valign=\"middle\">SLAROB892C-N<\/td>\n<\/tr>\n<tr class=\"even\">\n<td valign=\"middle\" width=\"32\"><\/td>\n<td valign=\"middle\">Baumaterial:<\/td>\n<td valign=\"middle\">Polycarbonat<\/td>\n<\/tr>\n<tr class=\"odd\">\n<td valign=\"middle\" width=\"32\"><\/td>\n<td valign=\"middle\">Bescheinigungen:<\/td>\n<td valign=\"middle\">EC<\/td>\n<\/tr>\n<\/tbody>\n<\/table>\n<\/div><div class=\"col-xs-12 col-md-6 2\">\n<table class=\"table table-data-sheet 2\">\n<tbody>\n<tr class=\"odd\">\n<td valign=\"middle\" width=\"32\"><\/td>\n<td valign=\"middle\">Abmessungen (mm):<\/td>\n<td valign=\"middle\">93x93xH29mm<\/td>\n<\/tr>\n<tr class=\"even\">\n<td valign=\"middle\" width=\"32\"><\/td>\n<td valign=\"middle\">Deckenausschnitt (mm):<\/td>\n<td valign=\"middle\">\u00d875 mm<\/td>\n<\/tr>\n<tr class=\"odd\">\n<td valign=\"middle\" width=\"32\"><\/td>\n<td valign=\"middle\">Gew\u00e4hrleistungsjahre:<\/td>\n<td valign=\"middle\">3<\/td>\n<\/tr>\n<\/tbody>\n<\/table>\n<p>&nbsp;<\/p>\n<\/div><\/h1>","protected":false},"excerpt":{"rendered":"<div class=\"hidden-xs parrafo\">\n<div class=\"product-info-line\">\n<p id=\"product_reference\"><label>REFERENCIA: SLAROB892C-N<br>\n<\/label><\/p>\n<\/div>\n<p>Der quadratische Ring&nbsp;<strong>SCHWARZ<\/strong>&nbsp;<strong>einstellbar f\u00fcr GU10 in Polycarbonat,&nbsp;<\/strong>ist eine elegante und funktionelle L\u00f6sung f\u00fcr die Innenbeleuchtung, die auch in Gegenden mit hoher Luftfeuchtigkeit und in salzhaltigen K\u00fcstenregionen eingesetzt werden kann, da sie nicht wie Metalle verrottet.  Das Design erm\u00f6glicht die Einstellung der Lichtrichtung und ist somit ideal, um bestimmte Elemente eines Raums hervorzuheben oder ein angenehmes Ambiente in jedem Raum zu schaffen. Super einfache Installation. H\u00e4lt K\u00fcstengebieten und Gebieten mit hoher Luftfeuchtigkeit stand, ohne sich zu verschlechtern, da sie aus PC hergestellt ist.<\/p>\n<div class=\"col-md-12\"><i class=\"fa fa-truck\"><\/i>&nbsp;<span class=\"text-muted textprop\">Lieferung innerhalb von 24\/48 Stunden<\/span><\/div>\n<div class=\"col-md-12\"><i class=\"fa fa-exchange\"><\/i>&nbsp;<span class=\"text-muted textprop\">Versicherte Garantie<\/span><\/div>\n<div class=\"col-md-12\"><i class=\"fa fa-box\"><\/i>&nbsp;<span class=\"text-muted textprop\">100 Einheit(en) pro Masterbox<\/span><\/div>\n<\/div>","protected":false},"featured_media":9672,"template":"","meta":{"site-sidebar-layout":"default","site-content-layout":"default","ast-global-header-display":"","ast-main-header-display":"","ast-hfb-above-header-display":"","ast-hfb-below-header-display":"","ast-hfb-mobile-header-display":"","site-post-title":"","ast-breadcrumbs-content":"","ast-featured-img":"","footer-sml-layout":"","theme-transparent-header-meta":"default","adv-header-id-meta":"","stick-header-meta":"","header-above-stick-meta":"","header-main-stick-meta":"","header-below-stick-meta":""},"product_cat":[62,23],"product_tag":[],"class_list":["post-9666","product","type-product","status-publish","has-post-thumbnail","hentry","product_cat-accesorios-lamparas-led","product_cat-bombillas-y-lamparas-led"],"_links":{"self":[{"href":"https:\/\/starlediluminacion.com\/de\/wp-json\/wp\/v3\/product\/9666","targetHints":{"allow":["GET"]}}],"collection":[{"href":"https:\/\/starlediluminacion.com\/de\/wp-json\/wp\/v3\/product"}],"about":[{"href":"https:\/\/starlediluminacion.com\/de\/wp-json\/wp\/v2\/types\/product"}],"wp:featuredmedia":[{"embeddable":true,"href":"https:\/\/starlediluminacion.com\/de\/wp-json\/wp\/v2\/media\/9672"}],"wp:attachment":[{"href":"https:\/\/starlediluminacion.com\/de\/wp-json\/wp\/v2\/media?parent=9666"}],"wp:term":[{"taxonomy":"product_cat","embeddable":true,"href":"https:\/\/starlediluminacion.com\/de\/wp-json\/wp\/v2\/product_cat?post=9666"},{"taxonomy":"product_tag","embeddable":true,"href":"https:\/\/starlediluminacion.com\/de\/wp-json\/wp\/v2\/product_tag?post=9666"}],"curies":[{"name":"wp","href":"https:\/\/api.w.org\/{rel}","templated":true}]}}