{"id":9635,"date":"2023-05-22T10:54:07","date_gmt":"2023-05-22T10:54:07","guid":{"rendered":"https:\/\/starlediluminacion.com\/?post_type=product&#038;p=9635"},"modified":"2023-09-14T09:21:04","modified_gmt":"2023-09-14T09:21:04","slug":"pica-solar-jardin-led-ip65-4000k","status":"publish","type":"product","link":"https:\/\/starlediluminacion.com\/de\/product\/pica-solar-jardin-led-ip65-4000k\/","title":{"rendered":"<p>Pica Solar jard&iacute;n LED &ndash; IP65 &ndash; 4000K<\/p>"},"content":{"rendered":"<h1>Pica solar jard&iacute;n IP65 &ndash; 36&ordm; &ndash;&nbsp; 4000K<p><strong>Pica Solar<\/strong>&nbsp;de jard&iacute;n con bater&iacute;a integrada ideal para ambientar tus jardines aprovechando la energ&iacute;a solar de manera eficiente y duradera.&nbsp;La l&aacute;mpara viene con una pica que se puede clavar en el suelo para fijarla en el jard&iacute;n. Es una soluci&oacute;n de iluminaci&oacute;n sencilla y ecol&oacute;gica que no requiere electricidad ni cableado.<\/p><p>Diese&nbsp;<strong>Pica&nbsp;solar&nbsp;<\/strong>4000k&nbsp;cuenta con 4 modos de trabajo.<\/p><ol>\n<li><strong>Modo 1: Iluminaci&oacute;n fuerte.&nbsp;<\/strong>Este modo de trabajo enciende la l&aacute;mpara LED solar con la m&aacute;xima intensidad de luz disponible, proporcionando una iluminaci&oacute;n brillante y agradable.<\/li>\n<li><b>Modo 2: Iluminaci&oacute;n leve.&nbsp;<\/b>En este modo de trabajo, la l&aacute;mpara LED solar se enciende con una intensidad de luz m&aacute;s baja que la del modo de iluminaci&oacute;n fuerte, lo que proporciona una iluminaci&oacute;n m&aacute;s suave y tenue.<\/li>\n<li><b>Modo 3: Modo de respiraci&oacute;n.&nbsp;<\/b>se refiere a una funci&oacute;n que permite que la l&aacute;mpara LED emita luz en un patr&oacute;n de atenuaci&oacute;n y encendido gradual, imitando el efecto de la respiraci&oacute;n.&nbsp;Esta funci&oacute;n de respiraci&oacute;n tambi&eacute;n puede ayudar a prolongar la vida &uacute;til de la bater&iacute;a<\/li>\n<li><b>Modo 4:&nbsp;<\/b><strong>Apagado<\/strong>.&nbsp;Este modo de trabajo simplemente apaga la l&aacute;mpara LED solar, lo que significa que no emite luz y consume muy poca energ&iacute;a mientras est&aacute; en reposo.<\/li>\n<\/ol><p>Die&nbsp;<strong>Solar-LED-Mast<\/strong>&nbsp;ist ideal, um an einem Ort aufgestellt zu werden, an dem er tags\u00fcber Sonnenlicht erh\u00e4lt, um bei Sonnenuntergang eine dekorative Atmosph\u00e4re zu schaffen.<\/p><p>Las l&aacute;mparas solares LED son una soluci&oacute;n eficiente y sostenible para la iluminaci&oacute;n exterior, ya que no requieren conexi&oacute;n a la red el&eacute;ctrica y no emiten emisiones de di&oacute;xido de carbono. Adem&aacute;s, su vida &uacute;til es larga y no necesitan mantenimiento frecuente.<\/p><h2>Einsatzm\u00f6glichkeiten der 4500K Solar-Gartenleuchte mit Bewegungssensor<\/h2><ul>\n<li>G\u00e4rten<\/li>\n<li>Grundst\u00fccke<\/li>\n<li>Campingpl\u00e4tze<\/li>\n<li>Quellen<\/li>\n<li>H\u00f6fe<\/li>\n<li>Wege<\/li>\n<li>Spazierg\u00e4nge<\/li>\n<\/ul><h3 class=\"page-product-heading\">TECHNISCHE DATEN<\/h3><div class=\"col-xs-12 col-md-6\">\n<table class=\"table table-data-sheet 1\">\n<tbody>\n<tr class=\"odd\">\n<td valign=\"middle\" width=\"32\"><\/td>\n<td valign=\"middle\">REFERENZEN :<\/td>\n<td valign=\"middle\">91107<\/td>\n<\/tr>\n<tr class=\"even\">\n<td valign=\"middle\" width=\"32\"><\/td>\n<td valign=\"middle\">Nennleistung :<\/td>\n<td valign=\"middle\">1.5W<\/td>\n<\/tr>\n<tr class=\"odd\">\n<td valign=\"middle\" width=\"32\"><\/td>\n<td valign=\"middle\">Nennspannung:<\/td>\n<td valign=\"middle\">3.2V DC 1200mAH<\/td>\n<\/tr>\n<tr class=\"even\">\n<td valign=\"middle\" width=\"32\"><\/td>\n<td valign=\"middle\">Lichttemperatur:<\/td>\n<td valign=\"middle\">4000K<\/td>\n<\/tr>\n<tr class=\"odd\">\n<td valign=\"middle\" width=\"32\"><\/td>\n<td valign=\"middle\">Baumaterial:<\/td>\n<td valign=\"middle\">ABS+PC<\/td>\n<\/tr>\n<tr class=\"even\">\n<td valign=\"middle\" width=\"32\"><\/td>\n<td valign=\"middle\">Leuchtkraft-Lm:<\/td>\n<td valign=\"middle\">150<\/td>\n<\/tr>\n<tr class=\"odd\">\n<td valign=\"middle\" width=\"32\"><\/td>\n<td valign=\"middle\">Art der LEDs:<\/td>\n<td valign=\"middle\">3030 2PCS<\/td>\n<\/tr>\n<tr class=\"even\">\n<td valign=\"middle\" width=\"32\"><\/td>\n<td valign=\"middle\">\u00d6ffnungswinkel (\u00ba):<\/td>\n<td valign=\"middle\">36\u00ba<\/td>\n<\/tr>\n<tr class=\"odd\">\n<td valign=\"middle\" width=\"32\"><\/td>\n<td valign=\"middle\">Bescheinigungen:<\/td>\n<td valign=\"middle\">CE - ROHS<\/td>\n<\/tr>\n<tr class=\"even\">\n<td valign=\"middle\" width=\"32\"><\/td>\n<td valign=\"middle\">IP-Bewertung:<\/td>\n<td valign=\"middle\">IP65-Au\u00dfenbereich<\/td>\n<\/tr>\n<\/tbody>\n<\/table>\n<\/div><div class=\"col-xs-12 col-md-6 2\">\n<table class=\"table table-data-sheet 2\">\n<tbody>\n<tr class=\"odd\">\n<td valign=\"middle\" width=\"32\"><\/td>\n<td valign=\"middle\">Gesch\u00e4tzte Lebensdauer der LED-Diode (H):<\/td>\n<td valign=\"middle\">50.000<\/td>\n<\/tr>\n<tr class=\"even\">\n<td valign=\"middle\" width=\"32\"><\/td>\n<td valign=\"middle\">Abmessungen (mm):<\/td>\n<td valign=\"middle\">104x61x169mm Solar Panel : 138x82mm<\/td>\n<\/tr>\n<tr class=\"odd\">\n<td valign=\"middle\" width=\"32\"><\/td>\n<td valign=\"middle\">Temperaturbereich (\u00baC):<\/td>\n<td valign=\"middle\">-20\u00baC ~ +40\u00baC<\/td>\n<\/tr>\n<tr class=\"even\">\n<td valign=\"middle\" width=\"32\"><\/td>\n<td valign=\"middle\">Zus\u00e4tzliche Informationen:<\/td>\n<td valign=\"middle\">Solar Panel Monocrystal Silicon 5.5V\/1.5W<\/td>\n<\/tr>\n<tr class=\"odd\">\n<td valign=\"middle\" width=\"32\"><\/td>\n<td valign=\"middle\">Material der Batterie:<\/td>\n<td valign=\"middle\">Lithium LiFeO4?3.2V 1200mAH<\/td>\n<\/tr>\n<tr class=\"even\">\n<td valign=\"middle\" width=\"32\"><\/td>\n<td valign=\"middle\">Entladezeit (h):<\/td>\n<td valign=\"middle\">High Mode: 6H &ndash; Semi Mode:12H &ndash; Breating Mode: 6H<\/td>\n<\/tr>\n<tr class=\"odd\">\n<td valign=\"middle\" width=\"32\"><\/td>\n<td valign=\"middle\">Energieklasse (2021-EU-2019\/2015):<\/td>\n<td valign=\"middle\">A++<\/td>\n<\/tr>\n<tr class=\"even\">\n<td valign=\"middle\" width=\"32\"><\/td>\n<td valign=\"middle\">Gew\u00e4hrleistungsjahre:<\/td>\n<td valign=\"middle\">3<\/td>\n<\/tr>\n<tr class=\"odd\">\n<td valign=\"middle\" width=\"32\"><\/td>\n<td valign=\"middle\">Einschaltzeit :<\/td>\n<td valign=\"middle\">6-8h<\/td>\n<\/tr>\n<\/tbody>\n<\/table>\n<p>&nbsp;<\/p>\n<\/div><\/h1>","protected":false},"excerpt":{"rendered":"<p>REFERENCIA: SL91107<div class=\"hidden-xs parrafo\">\n<p><strong>Pica Solar<\/strong>&nbsp;de jard&iacute;n con bater&iacute;a integrada ideal para ambientar tus jardines aprovechando la energ&iacute;a solar de manera eficiente y duradera.&nbsp;La l&aacute;mpara viene con una pica que se puede clavar en el suelo para fijarla en el jard&iacute;n. Se compone de dos elegantes lentes de 36&ordm;. Es una soluci&oacute;n de iluminaci&oacute;n sencilla y ecol&oacute;gica que no requiere electricidad ni cableado.<\/p>\n<\/div><div id=\"views_block-1\" class=\"clearfix\">\n<div id=\"thumbs_list\">\n<div class=\"col-md-12\"><i class=\"fa fa-truck\"><\/i>&nbsp;<span class=\"text-muted textprop\">Lieferung innerhalb von 24\/48 Stunden<\/span><\/div>\n<div class=\"col-md-12\"><i class=\"fa fa-exchange\"><\/i>&nbsp;<span class=\"text-muted textprop\">Versicherte Garantie<\/span><\/div>\n<div class=\"col-md-12\"><i class=\"fa fa-box\"><\/i>&nbsp;<span class=\"text-muted textprop\">20 Einheit(en) pro Masterbox<\/span><\/div>\n<\/div>\n<\/div><\/p>","protected":false},"featured_media":10270,"template":"","meta":{"site-sidebar-layout":"default","site-content-layout":"default","ast-global-header-display":"","ast-main-header-display":"","ast-hfb-above-header-display":"","ast-hfb-below-header-display":"","ast-hfb-mobile-header-display":"","site-post-title":"","ast-breadcrumbs-content":"","ast-featured-img":"","footer-sml-layout":"","theme-transparent-header-meta":"default","adv-header-id-meta":"","stick-header-meta":"","header-above-stick-meta":"","header-main-stick-meta":"","header-below-stick-meta":""},"product_cat":[64,36],"product_tag":[],"class_list":["post-9635","product","type-product","status-publish","has-post-thumbnail","hentry","product_cat-apliques-led","product_cat-apliques-led-y-decoracion"],"_links":{"self":[{"href":"https:\/\/starlediluminacion.com\/de\/wp-json\/wp\/v3\/product\/9635","targetHints":{"allow":["GET"]}}],"collection":[{"href":"https:\/\/starlediluminacion.com\/de\/wp-json\/wp\/v3\/product"}],"about":[{"href":"https:\/\/starlediluminacion.com\/de\/wp-json\/wp\/v2\/types\/product"}],"wp:featuredmedia":[{"embeddable":true,"href":"https:\/\/starlediluminacion.com\/de\/wp-json\/wp\/v2\/media\/10270"}],"wp:attachment":[{"href":"https:\/\/starlediluminacion.com\/de\/wp-json\/wp\/v2\/media?parent=9635"}],"wp:term":[{"taxonomy":"product_cat","embeddable":true,"href":"https:\/\/starlediluminacion.com\/de\/wp-json\/wp\/v2\/product_cat?post=9635"},{"taxonomy":"product_tag","embeddable":true,"href":"https:\/\/starlediluminacion.com\/de\/wp-json\/wp\/v2\/product_tag?post=9635"}],"curies":[{"name":"wp","href":"https:\/\/api.w.org\/{rel}","templated":true}]}}